{"id":91909,"date":"2023-04-18T10:37:11","date_gmt":"2023-04-18T10:37:11","guid":{"rendered":"https:\/\/www.granapadano.it\/momenti-di-consumo\/abbinamenti\/con-quali-mieli-abbinare-il-grana-padano\/come-abbinare-mieli-e-formaggi-copy\/"},"modified":"2026-03-18T17:54:40","modified_gmt":"2026-03-18T17:54:40","slug":"il-mondo-delle-birre","status":"publish","type":"page","link":"https:\/\/www.granapadano.it\/it-it\/ricette\/abbinamenti\/con-quali-birre-abbinare-il-grana-padano\/il-mondo-delle-birre\/","title":{"rendered":"Il mondo delle birre"},"content":{"rendered":"<p>[et_pb_section fb_built=&#8221;1&#8243; fullwidth=&#8221;on&#8221; _builder_version=&#8221;4.19.0&#8243; _module_preset=&#8221;default&#8221; global_colors_info=&#8221;{}&#8221;][et_pb_fullwidth_image src=&#8221;https:\/\/www.granapadano.it\/wp-content\/uploads\/2023\/02\/GRANAPADANOItalianGrape-43759-h.jpg&#8221; title_text=&#8221;GRANAPADANOItalianGrape-43759-m&#8221; src_tablet=&#8221;https:\/\/www.granapadano.it\/wp-content\/uploads\/2023\/02\/GRANAPADANOItalianGrape-43759-h.jpg&#8221; src_phone=&#8221;https:\/\/www.granapadano.it\/wp-content\/uploads\/2023\/02\/GRANAPADANOItalianGrape-43759-m.jpg&#8221; src_last_edited=&#8221;on|desktop&#8221; _builder_version=&#8221;4.20.4&#8243; _module_preset=&#8221;default&#8221; global_colors_info=&#8221;{}&#8221;][\/et_pb_fullwidth_image][\/et_pb_section][et_pb_section fb_built=&#8221;1&#8243; module_class=&#8221;production_sub_hub_main_wrapper&#8221; _builder_version=&#8221;4.19.4&#8243; _module_preset=&#8221;default&#8221; custom_padding=&#8221;13px||0px|||&#8221; locked=&#8221;off&#8221; global_colors_info=&#8221;{}&#8221;][et_pb_row module_class=&#8221;recipe_filter_section&#8221; _builder_version=&#8221;4.19.2&#8243; _module_preset=&#8221;default&#8221; max_width=&#8221;90%&#8221; custom_padding=&#8221;||7px|||&#8221; global_colors_info=&#8221;{}&#8221;][et_pb_column type=&#8221;4_4&#8243; _builder_version=&#8221;4.19.2&#8243; _module_preset=&#8221;default&#8221; global_colors_info=&#8221;{}&#8221;][et_pb_code _builder_version=&#8221;4.19.2&#8243; _module_preset=&#8221;default&#8221; custom_margin=&#8221;||16px|||&#8221; global_colors_info=&#8221;{}&#8221;]<div class=\"breadcrumb\"><a href=\"https:\/\/www.granapadano.it\/it-it\/\">Home<\/a>  <  <\/div>[\/et_pb_code][\/et_pb_column][\/et_pb_row][\/et_pb_section][et_pb_section fb_built=&#8221;1&#8243; module_class=&#8221;giovani_sub_hub_title&#8221; _builder_version=&#8221;4.19.5&#8243; _module_preset=&#8221;default&#8221; custom_padding=&#8221;0px||0px||false|false&#8221; locked=&#8221;off&#8221; global_colors_info=&#8221;{}&#8221;][et_pb_row module_class=&#8221;gp_producion_heading_wrapper&#8221; _builder_version=&#8221;4.19.5&#8243; _module_preset=&#8221;default&#8221; max_width=&#8221;90%&#8221; module_alignment=&#8221;center&#8221; custom_padding=&#8221;||||false|false&#8221; global_colors_info=&#8221;{}&#8221;][et_pb_column type=&#8221;4_4&#8243; _builder_version=&#8221;4.19.4&#8243; _module_preset=&#8221;default&#8221; global_colors_info=&#8221;{}&#8221;][et_pb_text _builder_version=&#8221;4.20.4&#8243; _module_preset=&#8221;default&#8221; text_font=&#8221;Merriweather|700|||||||&#8221; text_text_color=&#8221;#0f0f0f&#8221; text_font_size=&#8221;44px&#8221; text_line_height=&#8221;52px&#8221; header_text_color=&#8221;gcid-8696fd7e-29dd-4028-9d4d-981b208a53a9&#8243; header_font_size=&#8221;38px&#8221; header_line_height=&#8221;46px&#8221; text_orientation=&#8221;center&#8221; custom_margin=&#8221;-12px||7px|||&#8221; custom_padding=&#8221;25px|||||&#8221; locked=&#8221;off&#8221; global_colors_info=&#8221;{%22gcid-8696fd7e-29dd-4028-9d4d-981b208a53a9%22:%91%22header_text_color%22%93}&#8221;]<\/p>\n<h1>Il mondo delle birre<\/h1>\n<p>[\/et_pb_text][\/et_pb_column][\/et_pb_row][et_pb_row column_structure=&#8221;3_5,2_5&#8243; module_class=&#8221;giovani_sub_hub_video_bottom_text grana_e_solo_text_para&#8221; _builder_version=&#8221;4.19.5&#8243; _module_preset=&#8221;default&#8221; max_width=&#8221;90%&#8221; module_alignment=&#8221;center&#8221; min_height=&#8221;90px&#8221; custom_margin=&#8221;-2px||||false|false&#8221; custom_padding=&#8221;0px||2px||false|false&#8221; global_colors_info=&#8221;{}&#8221;][et_pb_column type=&#8221;3_5&#8243; _builder_version=&#8221;4.19.4&#8243; _module_preset=&#8221;default&#8221; global_colors_info=&#8221;{}&#8221;][et_pb_text _builder_version=&#8221;4.20.4&#8243; _module_preset=&#8221;default&#8221; text_font=&#8221;FontPadano-Bold|300|||||||&#8221; text_text_color=&#8221;#0f0f0f&#8221; text_font_size=&#8221;26px&#8221; text_line_height=&#8221;27px&#8221; background_color=&#8221;gcid-26f0371c-74dd-4e63-bbf8-f8ec94f09a6d&#8221; text_orientation=&#8221;center&#8221; width=&#8221;44%&#8221; module_alignment=&#8221;left&#8221; custom_margin=&#8221;||30px||false|false&#8221; custom_padding=&#8221;10px||10px||false|false&#8221; border_radii=&#8221;on|30px|30px|30px|30px&#8221; global_colors_info=&#8221;{%22gcid-26f0371c-74dd-4e63-bbf8-f8ec94f09a6d%22:%91%22background_color%22%93}&#8221;]<\/p>\n<p>Birre e formaggi<\/p>\n<p>[\/et_pb_text][\/et_pb_column][et_pb_column type=&#8221;2_5&#8243; _builder_version=&#8221;4.19.5&#8243; _module_preset=&#8221;default&#8221; global_colors_info=&#8221;{}&#8221;][\/et_pb_column][\/et_pb_row][et_pb_row _builder_version=&#8221;4.19.5&#8243; _module_preset=&#8221;default&#8221; max_width=&#8221;90%&#8221; module_alignment=&#8221;center&#8221; custom_margin=&#8221;-2px||||false|false&#8221; custom_padding=&#8221;0px||60px||false|false&#8221; global_colors_info=&#8221;{}&#8221;][et_pb_column type=&#8221;4_4&#8243; _builder_version=&#8221;4.19.5&#8243; _module_preset=&#8221;default&#8221; global_colors_info=&#8221;{}&#8221;][et_pb_text _builder_version=&#8221;4.20.4&#8243; _module_preset=&#8221;default&#8221; text_text_color=&#8221;#0f0f0f&#8221; text_font_size=&#8221;18px&#8221; text_line_height=&#8221;26px&#8221; width=&#8221;100%&#8221; custom_padding=&#8221;|33px||||&#8221; global_colors_info=&#8221;{}&#8221;]<\/p>\n<p>Costituita (mediamente) per il 95% d\u2019acqua, ricca di sali minerali, disponibile in gradazioni molteplici e variegate (fino a livelli propriamente analcolici), la birra rappresenta in qualche modo un nuovo classico nel paniere alimentare italiano oltre ad essere un elemento di rilevante importanza nelle abitudini acquisite dai consumatori del Paese. Perch\u00e9 un nuovo classico? Perch\u00e9, sebbene la Penisola abbia conosciuto assai presto la bevanda figlia dei cereali, il suo costume non ha attecchito con radici solide (nonostante esperienze medievali anche importanti in ambito religioso e monastico), salvo trovare poi nuovo impulso grazie a operazioni imprenditoriali nell\u2019Ottocento ed a progetti di investitori di provenienza mitteleuropea. Da l\u00ec in avanti, il segmento birrario ha seguito la parabola generale della manifattura nazionale, arrivando a sviluppare un profilo sostanzialmente industriale nel XX secolo.<\/p>\n<p>A fine Novecento si registra per\u00f2 lo spartiacque epocale costituito dalla rinascita di quel movimento artigianale, il cui avvio si considera avvenuto proprio nel cruciale biennio 1995-96. In precedenza si era vista qualche iniziativa rilevante ma isolata. Dal 1996 il numero delle attivit\u00e0 piccole e piccolissime \u00e8 cresciuto a ritmi serrati, portandosi oggi a circa 1500 unit\u00e0: un esercito che affianca due compagnie di maggiori dimensioni rimaste indipendenti, oltre a un nutrito gruppo di marchi storici appartenenti per\u00f2 a grandi gruppi multinazionali. Un esercito la cui offerta vira su un ampio assortimento di tipologie produttive oltre che sulla scelta di non pastorizzazione. E che ha gradualmente, ma alquanto velocemente, modificato la nozione stessa della birra presso il pubblico tricolore e l\u2019approccio al consumo da parte di quest\u2019ultimo. Oggi i litri sorseggiati in un anno ammontano a una trentina pro capite; il settore d\u00e0 lavoro a oltre 92mila dipendenti e crea un valore condiviso pari a circa 9,2 miliardi di Euro con una quota pari allo 0,52% sul Pil. Tra gli aspetti pi\u00f9 interessanti vi \u00e8 il crescente peso specifico via via acquisito appunto dal segmento artigianale: non solo e non tanto in termini dimensionali (il dato si attesta attorno al 3.5% del mercato), quanto nella capacit\u00e0 di indirizzare le attitudini e i comportamenti all\u2019atto dell\u2019acquisto.<\/p>\n<p>Gli italiani hanno imparato a conoscere le tipologie tipiche dei repertori storici facenti capo ai Paesi e alle regioni di radicata tradizione brassicola (Belgio, Germania e Mitteleuropa, Gran Bretagna, Stati Uniti), cos\u00ec come a farsi incuriosire dalle novit\u00e0 proposte dai pi\u00f9 disparati angoli dello scenario internazionale (interessato nella sua interezza dalla cosiddetta craft revolution); inoltre hanno apprezzato la capacit\u00e0, da parte dei produttori della Penisola, di intrecciare la classicit\u00e0 all\u2019impiego di tante e tante specialit\u00e0 alimentari territoriali (spezie, agrumi, cereali, mieli, castagne) di cui \u00e8 ricco lo Stivale. E nel 2015 il Paese si \u00e8 visto riconoscere la prima tipologia birraria formalmente codificata come frutto originale ed esclusivo della propria creativit\u00e0: la Italian Grape Ale, nella cui ricetta si prevede l\u2019utilizzo di uva o mosto d\u2019uva, a sigillo di una felice sintesi con il Dna vitivinicolo nostrano. E chiss\u00e0 che altro riserver\u00e0 il futuro\u2026<\/p>\n<p>[\/et_pb_text][\/et_pb_column][\/et_pb_row][\/et_pb_section]<\/p>\n","protected":false},"excerpt":{"rendered":"<p><div class=\"breadcrumb\"><a href=\"https:\/\/www.granapadano.it\/it-it\/\">Home<\/a>  <  <\/div>Il mondo delle birreBirre e formaggiCostituita (mediamente) per il 95% d\u2019acqua, ricca di sali minerali, disponibile in gradazioni molteplici e variegate (fino a livelli propriamente analcolici), la birra rappresenta in qualche modo un nuovo classico nel paniere alimentare italiano oltre ad essere un elemento di rilevante importanza nelle abitudini acquisite dai consumatori del Paese. Perch\u00e9 [&hellip;]<\/p>\n","protected":false},"author":13,"featured_media":0,"parent":30707,"menu_order":276,"comment_status":"closed","ping_status":"closed","template":"","meta":{"_acf_changed":false,"_et_pb_use_builder":"on","_et_pb_old_content":"","_et_gb_content_width":"","footnotes":""},"class_list":["post-91909","page","type-page","status-publish","hentry"],"acf":[],"yoast_head":"<!-- This site is optimized with the Yoast SEO plugin v27.3 - https:\/\/yoast.com\/product\/yoast-seo-wordpress\/ -->\n<title>Il mondo delle birre - Grana Padano<\/title>\n<meta name=\"robots\" content=\"index, follow, max-snippet:-1, max-image-preview:large, max-video-preview:-1\" \/>\n<link rel=\"canonical\" href=\"https:\/\/www.granapadano.it\/it-it\/ricette\/abbinamenti\/con-quali-birre-abbinare-il-grana-padano\/il-mondo-delle-birre\/\" \/>\n<meta property=\"og:locale\" content=\"it_IT\" \/>\n<meta property=\"og:type\" content=\"article\" \/>\n<meta property=\"og:title\" content=\"Il mondo delle birre - Grana Padano\" \/>\n<meta property=\"og:description\" content=\"Il mondo delle birreBirre e formaggiCostituita (mediamente) per il 95% d\u2019acqua, ricca di sali minerali, disponibile in gradazioni molteplici e variegate (fino a livelli propriamente analcolici), la birra rappresenta in qualche modo un nuovo classico nel paniere alimentare italiano oltre ad essere un elemento di rilevante importanza nelle abitudini acquisite dai consumatori del Paese. Perch\u00e9 [&hellip;]\" \/>\n<meta property=\"og:url\" content=\"https:\/\/www.granapadano.it\/it-it\/ricette\/abbinamenti\/con-quali-birre-abbinare-il-grana-padano\/il-mondo-delle-birre\/\" \/>\n<meta property=\"og:site_name\" content=\"Grana Padano\" \/>\n<meta property=\"article:modified_time\" content=\"2026-03-18T17:54:40+00:00\" \/>\n<meta name=\"twitter:card\" content=\"summary_large_image\" \/>\n<meta name=\"twitter:label1\" content=\"Est. reading time\" \/>\n\t<meta name=\"twitter:data1\" content=\"4 minutes\" \/>\n<script type=\"application\/ld+json\" class=\"yoast-schema-graph\">{\"@context\":\"https:\\\/\\\/schema.org\",\"@graph\":[{\"@type\":\"WebPage\",\"@id\":\"https:\\\/\\\/www.granapadano.it\\\/it-it\\\/ricette\\\/abbinamenti\\\/con-quali-birre-abbinare-il-grana-padano\\\/il-mondo-delle-birre\\\/\",\"url\":\"https:\\\/\\\/www.granapadano.it\\\/it-it\\\/ricette\\\/abbinamenti\\\/con-quali-birre-abbinare-il-grana-padano\\\/il-mondo-delle-birre\\\/\",\"name\":\"Il mondo delle birre - Grana Padano\",\"isPartOf\":{\"@id\":\"https:\\\/\\\/www.granapadano.it\\\/it-it\\\/#website\"},\"datePublished\":\"2023-04-18T10:37:11+00:00\",\"dateModified\":\"2026-03-18T17:54:40+00:00\",\"breadcrumb\":{\"@id\":\"https:\\\/\\\/www.granapadano.it\\\/it-it\\\/ricette\\\/abbinamenti\\\/con-quali-birre-abbinare-il-grana-padano\\\/il-mondo-delle-birre\\\/#breadcrumb\"},\"inLanguage\":\"it-it\",\"potentialAction\":[{\"@type\":\"ReadAction\",\"target\":[\"https:\\\/\\\/www.granapadano.it\\\/it-it\\\/ricette\\\/abbinamenti\\\/con-quali-birre-abbinare-il-grana-padano\\\/il-mondo-delle-birre\\\/\"]}]},{\"@type\":\"BreadcrumbList\",\"@id\":\"https:\\\/\\\/www.granapadano.it\\\/it-it\\\/ricette\\\/abbinamenti\\\/con-quali-birre-abbinare-il-grana-padano\\\/il-mondo-delle-birre\\\/#breadcrumb\",\"itemListElement\":[{\"@type\":\"ListItem\",\"position\":1,\"name\":\"Home\",\"item\":\"https:\\\/\\\/www.granapadano.it\\\/it-it\\\/\"},{\"@type\":\"ListItem\",\"position\":2,\"name\":\"Ricette\",\"item\":\"https:\\\/\\\/www.granapadano.it\\\/it-it\\\/ricette\\\/\"},{\"@type\":\"ListItem\",\"position\":3,\"name\":\"Abbinamenti\",\"item\":\"https:\\\/\\\/www.granapadano.it\\\/it-it\\\/ricette\\\/abbinamenti\\\/\"},{\"@type\":\"ListItem\",\"position\":4,\"name\":\"Con quali birre abbinare il grana padano?\",\"item\":\"https:\\\/\\\/www.granapadano.it\\\/it-it\\\/ricette\\\/abbinamenti\\\/con-quali-birre-abbinare-il-grana-padano\\\/\"},{\"@type\":\"ListItem\",\"position\":5,\"name\":\"Il mondo delle birre\"}]},{\"@type\":\"WebSite\",\"@id\":\"https:\\\/\\\/www.granapadano.it\\\/it-it\\\/#website\",\"url\":\"https:\\\/\\\/www.granapadano.it\\\/it-it\\\/\",\"name\":\"Grana Padano\",\"description\":\"\",\"potentialAction\":[{\"@type\":\"SearchAction\",\"target\":{\"@type\":\"EntryPoint\",\"urlTemplate\":\"https:\\\/\\\/www.granapadano.it\\\/it-it\\\/?s={search_term_string}\"},\"query-input\":{\"@type\":\"PropertyValueSpecification\",\"valueRequired\":true,\"valueName\":\"search_term_string\"}}],\"inLanguage\":\"it-it\"}]}<\/script>\n<!-- \/ Yoast SEO plugin. -->","yoast_head_json":{"title":"Il mondo delle birre - Grana Padano","robots":{"index":"index","follow":"follow","max-snippet":"max-snippet:-1","max-image-preview":"max-image-preview:large","max-video-preview":"max-video-preview:-1"},"canonical":"https:\/\/www.granapadano.it\/it-it\/ricette\/abbinamenti\/con-quali-birre-abbinare-il-grana-padano\/il-mondo-delle-birre\/","og_locale":"it_IT","og_type":"article","og_title":"Il mondo delle birre - Grana Padano","og_description":"Il mondo delle birreBirre e formaggiCostituita (mediamente) per il 95% d\u2019acqua, ricca di sali minerali, disponibile in gradazioni molteplici e variegate (fino a livelli propriamente analcolici), la birra rappresenta in qualche modo un nuovo classico nel paniere alimentare italiano oltre ad essere un elemento di rilevante importanza nelle abitudini acquisite dai consumatori del Paese. Perch\u00e9 [&hellip;]","og_url":"https:\/\/www.granapadano.it\/it-it\/ricette\/abbinamenti\/con-quali-birre-abbinare-il-grana-padano\/il-mondo-delle-birre\/","og_site_name":"Grana Padano","article_modified_time":"2026-03-18T17:54:40+00:00","twitter_card":"summary_large_image","twitter_misc":{"Est. reading time":"4 minutes"},"schema":{"@context":"https:\/\/schema.org","@graph":[{"@type":"WebPage","@id":"https:\/\/www.granapadano.it\/it-it\/ricette\/abbinamenti\/con-quali-birre-abbinare-il-grana-padano\/il-mondo-delle-birre\/","url":"https:\/\/www.granapadano.it\/it-it\/ricette\/abbinamenti\/con-quali-birre-abbinare-il-grana-padano\/il-mondo-delle-birre\/","name":"Il mondo delle birre - Grana Padano","isPartOf":{"@id":"https:\/\/www.granapadano.it\/it-it\/#website"},"datePublished":"2023-04-18T10:37:11+00:00","dateModified":"2026-03-18T17:54:40+00:00","breadcrumb":{"@id":"https:\/\/www.granapadano.it\/it-it\/ricette\/abbinamenti\/con-quali-birre-abbinare-il-grana-padano\/il-mondo-delle-birre\/#breadcrumb"},"inLanguage":"it-it","potentialAction":[{"@type":"ReadAction","target":["https:\/\/www.granapadano.it\/it-it\/ricette\/abbinamenti\/con-quali-birre-abbinare-il-grana-padano\/il-mondo-delle-birre\/"]}]},{"@type":"BreadcrumbList","@id":"https:\/\/www.granapadano.it\/it-it\/ricette\/abbinamenti\/con-quali-birre-abbinare-il-grana-padano\/il-mondo-delle-birre\/#breadcrumb","itemListElement":[{"@type":"ListItem","position":1,"name":"Home","item":"https:\/\/www.granapadano.it\/it-it\/"},{"@type":"ListItem","position":2,"name":"Ricette","item":"https:\/\/www.granapadano.it\/it-it\/ricette\/"},{"@type":"ListItem","position":3,"name":"Abbinamenti","item":"https:\/\/www.granapadano.it\/it-it\/ricette\/abbinamenti\/"},{"@type":"ListItem","position":4,"name":"Con quali birre abbinare il grana padano?","item":"https:\/\/www.granapadano.it\/it-it\/ricette\/abbinamenti\/con-quali-birre-abbinare-il-grana-padano\/"},{"@type":"ListItem","position":5,"name":"Il mondo delle birre"}]},{"@type":"WebSite","@id":"https:\/\/www.granapadano.it\/it-it\/#website","url":"https:\/\/www.granapadano.it\/it-it\/","name":"Grana Padano","description":"","potentialAction":[{"@type":"SearchAction","target":{"@type":"EntryPoint","urlTemplate":"https:\/\/www.granapadano.it\/it-it\/?s={search_term_string}"},"query-input":{"@type":"PropertyValueSpecification","valueRequired":true,"valueName":"search_term_string"}}],"inLanguage":"it-it"}]}},"_links":{"self":[{"href":"https:\/\/www.granapadano.it\/it-it\/wp-json\/wp\/v2\/pages\/91909","targetHints":{"allow":["GET"]}}],"collection":[{"href":"https:\/\/www.granapadano.it\/it-it\/wp-json\/wp\/v2\/pages"}],"about":[{"href":"https:\/\/www.granapadano.it\/it-it\/wp-json\/wp\/v2\/types\/page"}],"author":[{"embeddable":true,"href":"https:\/\/www.granapadano.it\/it-it\/wp-json\/wp\/v2\/users\/13"}],"replies":[{"embeddable":true,"href":"https:\/\/www.granapadano.it\/it-it\/wp-json\/wp\/v2\/comments?post=91909"}],"version-history":[{"count":4,"href":"https:\/\/www.granapadano.it\/it-it\/wp-json\/wp\/v2\/pages\/91909\/revisions"}],"predecessor-version":[{"id":91917,"href":"https:\/\/www.granapadano.it\/it-it\/wp-json\/wp\/v2\/pages\/91909\/revisions\/91917"}],"up":[{"embeddable":true,"href":"https:\/\/www.granapadano.it\/it-it\/wp-json\/wp\/v2\/pages\/30707"}],"wp:attachment":[{"href":"https:\/\/www.granapadano.it\/it-it\/wp-json\/wp\/v2\/media?parent=91909"}],"curies":[{"name":"wp","href":"https:\/\/api.w.org\/{rel}","templated":true}]}}