{"id":77403,"date":"2023-03-28T13:08:20","date_gmt":"2023-03-28T13:08:20","guid":{"rendered":"https:\/\/www.granapadano.it\/larte-della-produzione\/il-prodotto-iconico\/le-proprieta\/grana-padano-naturalmente-privo-di-lattosio-copy\/"},"modified":"2026-03-27T09:14:30","modified_gmt":"2026-03-27T09:14:30","slug":"differenze-tra-grana-padano-e-parmigiano-reggiano","status":"publish","type":"page","link":"https:\/\/www.granapadano.it\/it-it\/larte-del-saper-fare\/il-prodotto-iconico\/differenze-tra-grana-padano-e-parmigiano-reggiano\/","title":{"rendered":"Differenze tra Grana Padano e Parmigiano Reggiano"},"content":{"rendered":"<p>[et_pb_section fb_built=&#8221;1&#8243; fullwidth=&#8221;on&#8221; _builder_version=&#8221;4.19.0&#8243; _module_preset=&#8221;default&#8221; global_colors_info=&#8221;{}&#8221;][et_pb_fullwidth_image src=&#8221;https:\/\/www.granapadano.it\/wp-content\/uploads\/2023\/03\/Differenze-GP-PR-h.jpg&#8221; title_text=&#8221;Differenze GP-PR-m&#8221; src_tablet=&#8221;https:\/\/www.granapadano.it\/wp-content\/uploads\/2023\/03\/Differenze-GP-PR-h.jpg&#8221; src_phone=&#8221;https:\/\/www.granapadano.it\/wp-content\/uploads\/2023\/03\/Differenze-GP-PR-m.jpg&#8221; src_last_edited=&#8221;on|phone&#8221; _builder_version=&#8221;4.20.2&#8243; _module_preset=&#8221;default&#8221; global_colors_info=&#8221;{}&#8221;][\/et_pb_fullwidth_image][\/et_pb_section][et_pb_section fb_built=&#8221;1&#8243; module_class=&#8221;production_sub_hub_main_wrapper&#8221; _builder_version=&#8221;4.19.3&#8243; _module_preset=&#8221;default&#8221; custom_padding=&#8221;13px||0px|||&#8221; global_colors_info=&#8221;{}&#8221;][et_pb_row module_class=&#8221;recipe_filter_section&#8221; _builder_version=&#8221;4.19.4&#8243; _module_preset=&#8221;default&#8221; max_width=&#8221;90%&#8221; custom_padding=&#8221;||7px|||&#8221; global_colors_info=&#8221;{}&#8221;][et_pb_column type=&#8221;4_4&#8243; _builder_version=&#8221;4.19.4&#8243; _module_preset=&#8221;default&#8221; global_colors_info=&#8221;{}&#8221;][et_pb_code _builder_version=&#8221;4.19.4&#8243; _module_preset=&#8221;default&#8221; global_colors_info=&#8221;{}&#8221;]<div class=\"breadcrumb\"><a href=\"https:\/\/www.granapadano.it\/it-it\/\">Home<\/a>  <  <\/div>[\/et_pb_code][\/et_pb_column][\/et_pb_row][\/et_pb_section][et_pb_section fb_built=&#8221;1&#8243; _builder_version=&#8221;4.20.2&#8243; _module_preset=&#8221;default&#8221; custom_padding=&#8221;0px||||false|false&#8221; global_colors_info=&#8221;{}&#8221;][et_pb_row module_class=&#8221;gp_inner_txt&#8221; _builder_version=&#8221;4.20.2&#8243; _module_preset=&#8221;default&#8221; max_width=&#8221;90%&#8221; min_height=&#8221;55.9px&#8221; custom_padding=&#8221;7px||0px|||&#8221; global_colors_info=&#8221;{}&#8221;][et_pb_column type=&#8221;4_4&#8243; _builder_version=&#8221;4.19.4&#8243; _module_preset=&#8221;default&#8221; global_colors_info=&#8221;{}&#8221;][et_pb_text module_class=&#8221;eventi_ambascitori_top_sec_title&#8221; _builder_version=&#8221;4.20.2&#8243; _module_preset=&#8221;default&#8221; text_font=&#8221;Merriweather|700|||||||&#8221; text_text_color=&#8221;#0f0f0f&#8221; text_font_size=&#8221;44px&#8221; text_line_height=&#8221;62px&#8221; header_text_color=&#8221;gcid-8696fd7e-29dd-4028-9d4d-981b208a53a9&#8243; header_font_size=&#8221;44px&#8221; header_line_height=&#8221;52px&#8221; text_orientation=&#8221;center&#8221; custom_margin=&#8221;15px||40px||false|false&#8221; global_colors_info=&#8221;{%22gcid-8696fd7e-29dd-4028-9d4d-981b208a53a9%22:%91%22header_text_color%22%93}&#8221;]<\/p>\n<h1>Differenze tra Grana Padano e Parmigiano Reggiano<\/h1>\n<p>[\/et_pb_text][et_pb_text _builder_version=&#8221;4.27.6&#8243; _module_preset=&#8221;default&#8221; text_font=&#8221;|700|||||||&#8221; text_text_color=&#8221;#000000&#8243; text_font_size=&#8221;18px&#8221; background_color=&#8221;gcid-26f0371c-74dd-4e63-bbf8-f8ec94f09a6d&#8221; text_orientation=&#8221;center&#8221; width=&#8221;26%&#8221; width_tablet=&#8221;49.9%&#8221; width_phone=&#8221;80.1%&#8221; width_last_edited=&#8221;on|phone&#8221; module_alignment=&#8221;left&#8221; custom_margin=&#8221;0px|136px|20px|0px|false|false&#8221; custom_padding=&#8221;10px|0px|10px|0px|false|false&#8221; border_style_all=&#8221;none&#8221; locked=&#8221;off&#8221; global_colors_info=&#8221;{%22gcid-26f0371c-74dd-4e63-bbf8-f8ec94f09a6d%22:%91%22background_color%22,%22background_color%22,%22background_color%22,%22background_color%22%93}&#8221;]<\/p>\n<p>Peculiarit\u00e0 e specifiche<\/p>\n<p>[\/et_pb_text][et_pb_text _builder_version=&#8221;4.27.6&#8243; _module_preset=&#8221;default&#8221; text_font=&#8221;|300|||||||&#8221; text_text_color=&#8221;#000000&#8243; text_font_size=&#8221;16px&#8221; text_line_height=&#8221;26px&#8221; text_orientation=&#8221;center&#8221; hover_enabled=&#8221;0&#8243; global_colors_info=&#8221;{}&#8221; sticky_enabled=&#8221;0&#8243;]<\/p>\n<p style=\"text-align: left;\">La stragrande maggioranza dei consumatori conosce i due formaggi Grana Padano e Parmigiano Reggiano.<br \/>Molti sanno anche che si tratta di due formaggi a Denominazione di Origine Protetta e sanno identificare cosa ci\u00f2 significhi in termini di caratteristiche del prodotto rispetto a prodotti similari generici.<br \/>Grana Padano e Parmigiano Reggiano presentano una serie di caratteristiche che li accomunano e una serie di elementi che invece li differenziano e li distinguono nettamente, tanto che entrambi i formaggi si sono affermati come denominazione di origine e tipica, dapprima a livello italiano e successivamente a livello europeo, con il riconoscimento della Denominazione di Origine Protetta.<br \/>E\u2019 dunque legittimo e, per cos\u00ec dire, naturale che si abbia la curiosit\u00e0 di capire esattamente in cosa si differenzino esattamente i due formaggi, all\u2019apparenza cos\u00ec simili ed in realt\u00e0 tanto diversi da essersi meritati ciascuno una propria DOP.<br \/>Sono quindi molti i contesti che mettono a confronto le caratteristiche fondamentali dei due formaggi in questione.<br \/>Poich\u00e9 tuttavia non di rado e sempre pi\u00f9 spesso abbiamo dovuto constatare che circolano comparazioni che attribuiscono al formaggio Grana Padano DOP caratteristiche del tutto errate ed estranee a quanto previsto dal disciplinare di produzione, si ritiene utile e doveroso far presenti e chiarire definitivamente quali sono le reali differenze fra il formaggio Grana Padano DOP e il formaggio Parmigiano Reggiano DOP.<\/p>\n<p style=\"text-align: left;\">Gli elementi che accomunano i due formaggi in questione sono sostanzialmente:<\/p>\n<ul>\n<li style=\"text-align: left;\"><strong>L\u2019origine storico-geografica<\/strong>: le origini di entrambi i formaggi si perdono nei secoli e risalgono a quasi mille anni fa; l\u2019area di origine \u00e8 la Pianura Padana.<br \/>Per quanto riguarda il Grana Padano, l\u2019origine si fa risalire al 1135 ad opera dei monaci benedettini dell\u2019Abbazia di Chiaravalle, che misero appunto la ricetta come geniale espediente per conservare nel tempo le eccedenze di latte.<\/li>\n<li style=\"text-align: left;\"><strong>Le caratteristiche esteriori<\/strong>: i due formaggi sono del tutto simili per quanto riguarda, geometria della forma, dimensioni e peso.<\/li>\n<li style=\"text-align: left;\"><strong>Il numero di mungiture delle vacche<\/strong>: i disciplinari di entrambi i formaggi prevedono che le vacche siano munte due volte al giorno. Anche se da ottobre 2019, nell&#8217;ambito del Grana Padano \u00e8 stata introdotta la possibilit\u00e0 di utilizzare il robot di mungitura in cui le vacche spontaneamente entrano per farsi mungere anche pi\u00f9 di due volte al giorno secondo il loro bisogno.<\/li>\n<li style=\"text-align: left;\"><strong>L\u2019impiego di medesime o analoghe attrezzature<\/strong>: considerata l\u2019origine comune, e la tradizionalit\u00e0 del procedimento di produzione, gli strumenti impiegati, dalla caldaia ai vari strumenti utilizzati, sono analoghi se non addirittura i medesimi.<\/li>\n<li style=\"text-align: left;\"><strong>L\u2019utilizzo di caglio solo ed esclusivamente di origine animale, ed in particolare caglio di vitello<\/strong>: al riguardo va sottolineato che \u00e8 assolutamente falso che il caglio impiegato per produrre il Grana Padano sia o possa essere vegetale o batterico, come invece capita di leggere in taluni contesti. Si tratta di affermazioni prive di qualsiasi fondamento, come si pu\u00f2 agevolmente constatare dalla lettura del disciplinare di produzione<\/li>\n<li style=\"text-align: left;\"><strong>La struttura della pasta<\/strong>: i disciplinari di entrambi i formaggi prevedono che la stessa sia finemente granulosa con frattura a scaglie.<\/li>\n<li style=\"text-align: left;\"><strong>Una stagionatura prolungata<\/strong> e che pu\u00f2 protrarsi per un periodo pi\u00f9 o meno lungo, anche se il Parmigiano Reggiano normalmente stagiona per periodi superiori rispetto al Grana Padano.<\/li>\n<\/ul>\n<p style=\"text-align: left;\">Le specificit\u00e0 che hanno consentito ad entrambi i formaggi in questione di ottenere la DOP sono sostanzialmente:<\/p>\n<ul>\n<li style=\"text-align: left;\"><strong>La zona di produzione<\/strong>: che per quanto riguarda il Grana Padano DOP comprende 34 province in cinque Regioni: Piemonte, Lombardia, Veneto, Emilia Romagna, Trentino Alto Adige (per l\u2019elenco completo, consulta il disciplinare di produzione).<br \/>Ricordiamo che fa parte della DOP Grana Padano anche la tipologia Trentingrana, che \u00e8 sostanzialmente un Grana Padano prodotto nella provincia autonoma di Trento e che si caratterizza per alcune specifiche, sia per quanto riguarda l\u2019alimentazione delle bovine, che per alcuni aspetti della lavorazione.<br \/>Per il Parmigiano Reggiano DOP, la zona di produzione comprende i territori delle province di Bologna alla sinistra del fiume Reno, Mantova a destra del fiume Po, Modena, Parma e Reggio nell&#8217;Emilia.<\/li>\n<li style=\"text-align: left;\"><strong>Alimentazione delle bovine da latte<\/strong>: per il Grana Padano DOP, oltre a foraggi freschi o affienati, \u00e8 possibile l\u2019impiego di foraggi insilati (principalmente insilato di mais). L\u2019utilizzo di insilati rende necessario l\u2019impiego in lavorazione del lisozima, una proteina naturale estratta dall\u2019albume dell\u2019uovo di gallina che la normativa classifica per i formaggi come conservante. Il lisozima &#8211; ammesso per un massimo di 2,5 grammi per 100 chili di latte &#8211; ha la funzione di prevenire fermentazioni anomale da parte del \u201cClostridium tyrobutyricum\u201d nella maturazione del formaggio che potrebbero verificarsi a causa dell\u2019utilizzo di insilati. Il lisozima \u00e8 presente in tracce nel latte di vacca, nonch\u00e9 in grande quantit\u00e0 nelle lacrime, nella saliva, nel latte materno, nelle uova.<br \/>Per la tipologia Trentingrana, l\u2019utilizzo di insilati \u00e8 espressamente vietato ed \u00e8 dunque escluso anche l\u2019utilizzo del lisozima nella lavorazione. Ci\u00f2 vale anche per il Parmigiano Reggiano DOP.<br \/>In ogni caso, per quanto riguarda il Grana Padano DOP (compresa la tipologia Trentingrana), il rapporto con il territorio \u00e8 assicurato dalla prevalente utilizzazione di alimenti ottenuti dalle coltivazioni effettuate nell\u2019ambito del rispettivo territorio di produzione con particolare rilevanza per gli alimenti di origine aziendale e nel Grana Padano questo rapporto, proprio grazie agli insilati di derivazione aziendale, \u00e8 il pi\u00f9 alto in assoluto.<br \/>\u00c8 pertanto scorretta e del tutto priva di fondamento l\u2019affermazione che talvolta si riscontra secondo la quale nel Grana Padano, sarebbero genericamente ammessi \u00abconservanti\u00bb, con ci\u00f2 lasciando ragionevolmente &#8211; ma del tutto scorrettamente &#8211; presumere che nel Grana Padano ci possano essere anche altri conservanti, mentre come detto \u00e8 ammesso solo l\u2019utilizzo del lisozima, che \u00e8 una proteina naturale con attivit\u00e0 enzimatica estratta dall\u2019uovo e che in particolare nel Grana Padano DOP non svolge la funzione di conservante bens\u00ec di adiuvante tecnologico (nota n. 19.335 dell\u20198\/5\/2018 del Ministero della Salute).<\/li>\n<li style=\"text-align: left;\"><strong>Munte<\/strong>: per quanto riguarda il Grana Padano DOP entrambe le munte utilizzate &#8211; siano esse impiegate separate o miscelate &#8211; sono sottoposte a scrematura mediante affioramento naturale della crema.<br \/>Per il Parmigiano Reggiano DOP solo una munta (generalmente quella della sera) viene sottoposta a affioramento, mentre quella del mattino viene usata intera, miscelata a quella della sera.<br \/>Ci\u00f2 comporta che il latte destinato alla produzione del Grana Padano DOP abbia un tenore di grasso inferiore (indicativamente, circa 2,6% per il Grana Padano DOP, mentre per il Parmigiano Reggiano DOP \u00e8 circa 2,8%).<br \/>Inoltre, il Grana Padano DOP, a differenza di quanto previsto per il Parmigiano Reggiano DOP e per la tipologia Trentingrana, ha nel disciplinare il parametro secondo il quale il rapporto grasso\/caseina in caldaia deve essere compreso tra 0,80 e 1,05.<br \/>Per effetto di quanto sopra, il Grana Padano DOP ha un tenore medio di grasso inferiore rispetto al Parmigiano Reggiano e quindi matura in tempi pi\u00f9 brevi.<\/li>\n<li style=\"text-align: left;\"><strong>Espertizzazione e stagionatura<\/strong>: il Grana Padano DOP viene sottoposto ad espertizzazione, per essere poi marchiato a fuoco col contrassegno della DOP, al compimento del nono mese di stagionatura. Per il Parmigiano Reggiano DOP l\u2019espertizzazione ha luogo al compimento del dodicesimo mese di stagionatura.<br \/>Per il Grana Padano DOP la stagionatura pi\u00f9 lunga prevista espressamente dal Disciplinare \u00e8 quella per la tipologia \u201cGrana Padano RISERVA &#8211; Oltre 24 mesi\u201d. Per il Parmigiano Reggiano DOP la stagionatura pi\u00f9 lunga prevista espressamente dal Disciplinare \u00e8 quella per il formaggio oltre 30 mesi. Per entrambi i formaggi \u00e8 tuttavia possibile trovare anche stagionature superiori.<\/li>\n<\/ul>\n<p style=\"text-align: left;\">Cos\u00ec sinteticamente riassunte le principali caratteristiche dei formaggi a Denominazione di Origine Protetta Grana Padano e Parmigiano Reggiano, \u00e8 opportuno ricordare in sintesi i principali elementi che contraddistinguono i due prodotti DOP dagli altri formaggi duri similari generici.<br \/>Al riguardo, occorre tenere ben presente che, a differenza dei prodotti generici, per i prodotti DOP:<\/p>\n<ul>\n<li style=\"text-align: left;\">Il latte utilizzato proviene esclusivamente dalla zona di origine codificata nel disciplinare di produzione; per i generici pu\u00f2 invece ovviamente provenire anche dall\u2019estero.<\/li>\n<li style=\"text-align: left;\">I prodotti DOP devono rispettare un disciplinare di produzione che chiunque pu\u00f2 liberamente consultare; i prodotti generici non sono tenuti a rendere pubblica la loro \u201cricetta\u201d e le modalit\u00e0 con le quali sono ottenuti.<\/li>\n<li style=\"text-align: left;\">I prodotti DOP sono certificati da un Organismo di controllo terzo, autorizzato allo scopo dal Ministero delle politiche agricole alimentari e forestali, che attesta e sancisce la conformit\u00e0 dei prodotti DOP al rispettivo disciplinare di produzione. Le eventuali certificazioni che i prodotti generici dovessero vantare non offrono le stesse garanzie di terziet\u00e0 ed imparzialit\u00e0 e spesso la garanzia che questi prodotti possono offrire deriva solo dal prestigio e dall\u2019affidabilit\u00e0 che il marchio commerciale di chi li produce si \u00e8 saputo conquistare.<\/li>\n<\/ul>\n<p>[\/et_pb_text][\/et_pb_column][\/et_pb_row][\/et_pb_section]<\/p>\n","protected":false},"excerpt":{"rendered":"<p><div class=\"breadcrumb\"><a href=\"https:\/\/www.granapadano.it\/it-it\/\">Home<\/a>  <  <\/div>Differenze tra Grana Padano e Parmigiano Reggiano Peculiarit\u00e0 e specificheLa stragrande maggioranza dei consumatori conosce i due formaggi Grana Padano e Parmigiano Reggiano.Molti sanno anche che si tratta di due formaggi a Denominazione di Origine Protetta e sanno identificare cosa ci\u00f2 significhi in termini di caratteristiche del prodotto rispetto a prodotti similari generici.Grana Padano e [&hellip;]<\/p>\n","protected":false},"author":3,"featured_media":0,"parent":27977,"menu_order":863,"comment_status":"closed","ping_status":"closed","template":"","meta":{"_acf_changed":false,"_et_pb_use_builder":"on","_et_pb_old_content":"","_et_gb_content_width":"","footnotes":""},"class_list":["post-77403","page","type-page","status-publish","hentry"],"acf":[],"yoast_head":"<!-- This site is optimized with the Yoast SEO plugin v27.3 - https:\/\/yoast.com\/product\/yoast-seo-wordpress\/ -->\n<title>Differenze tra Grana Padano e Parmigiano Reggiano - Grana Padano<\/title>\n<meta name=\"robots\" content=\"index, follow, max-snippet:-1, max-image-preview:large, max-video-preview:-1\" \/>\n<link rel=\"canonical\" href=\"https:\/\/www.granapadano.it\/it-it\/larte-del-saper-fare\/il-prodotto-iconico\/differenze-tra-grana-padano-e-parmigiano-reggiano\/\" \/>\n<meta property=\"og:locale\" content=\"it_IT\" \/>\n<meta property=\"og:type\" content=\"article\" \/>\n<meta property=\"og:title\" content=\"Differenze tra Grana Padano e Parmigiano Reggiano - Grana Padano\" \/>\n<meta property=\"og:description\" content=\"Differenze tra Grana Padano e Parmigiano Reggiano Peculiarit\u00e0 e specificheLa stragrande maggioranza dei consumatori conosce i due formaggi Grana Padano e Parmigiano Reggiano.Molti sanno anche che si tratta di due formaggi a Denominazione di Origine Protetta e sanno identificare cosa ci\u00f2 significhi in termini di caratteristiche del prodotto rispetto a prodotti similari generici.Grana Padano e [&hellip;]\" \/>\n<meta property=\"og:url\" content=\"https:\/\/www.granapadano.it\/it-it\/larte-del-saper-fare\/il-prodotto-iconico\/differenze-tra-grana-padano-e-parmigiano-reggiano\/\" \/>\n<meta property=\"og:site_name\" content=\"Grana Padano\" \/>\n<meta property=\"article:modified_time\" content=\"2026-03-27T09:14:30+00:00\" \/>\n<meta name=\"twitter:card\" content=\"summary_large_image\" \/>\n<meta name=\"twitter:label1\" content=\"Est. reading time\" \/>\n\t<meta name=\"twitter:data1\" content=\"8 minutes\" \/>\n<script type=\"application\/ld+json\" class=\"yoast-schema-graph\">{\"@context\":\"https:\\\/\\\/schema.org\",\"@graph\":[{\"@type\":\"WebPage\",\"@id\":\"https:\\\/\\\/www.granapadano.it\\\/it-it\\\/larte-del-saper-fare\\\/il-prodotto-iconico\\\/differenze-tra-grana-padano-e-parmigiano-reggiano\\\/\",\"url\":\"https:\\\/\\\/www.granapadano.it\\\/it-it\\\/larte-del-saper-fare\\\/il-prodotto-iconico\\\/differenze-tra-grana-padano-e-parmigiano-reggiano\\\/\",\"name\":\"Differenze tra Grana Padano e Parmigiano Reggiano - Grana Padano\",\"isPartOf\":{\"@id\":\"https:\\\/\\\/www.granapadano.it\\\/it-it\\\/#website\"},\"datePublished\":\"2023-03-28T13:08:20+00:00\",\"dateModified\":\"2026-03-27T09:14:30+00:00\",\"breadcrumb\":{\"@id\":\"https:\\\/\\\/www.granapadano.it\\\/it-it\\\/larte-del-saper-fare\\\/il-prodotto-iconico\\\/differenze-tra-grana-padano-e-parmigiano-reggiano\\\/#breadcrumb\"},\"inLanguage\":\"it-it\",\"potentialAction\":[{\"@type\":\"ReadAction\",\"target\":[\"https:\\\/\\\/www.granapadano.it\\\/it-it\\\/larte-del-saper-fare\\\/il-prodotto-iconico\\\/differenze-tra-grana-padano-e-parmigiano-reggiano\\\/\"]}]},{\"@type\":\"BreadcrumbList\",\"@id\":\"https:\\\/\\\/www.granapadano.it\\\/it-it\\\/larte-del-saper-fare\\\/il-prodotto-iconico\\\/differenze-tra-grana-padano-e-parmigiano-reggiano\\\/#breadcrumb\",\"itemListElement\":[{\"@type\":\"ListItem\",\"position\":1,\"name\":\"Home\",\"item\":\"https:\\\/\\\/www.granapadano.it\\\/it-it\\\/\"},{\"@type\":\"ListItem\",\"position\":2,\"name\":\"Curiosit\u00e0 ed Eventi\",\"item\":\"https:\\\/\\\/www.granapadano.it\\\/it-it\\\/curiosita-ed-eventi\\\/\"},{\"@type\":\"ListItem\",\"position\":3,\"name\":\"Curiosit\u00e0 sul prodotto\",\"item\":\"https:\\\/\\\/www.granapadano.it\\\/it-it\\\/curiosita-ed-eventi\\\/curiosita-sul-prodotto\\\/\"},{\"@type\":\"ListItem\",\"position\":4,\"name\":\"Differenze tra Grana Padano e Parmigiano Reggiano\"}]},{\"@type\":\"WebSite\",\"@id\":\"https:\\\/\\\/www.granapadano.it\\\/it-it\\\/#website\",\"url\":\"https:\\\/\\\/www.granapadano.it\\\/it-it\\\/\",\"name\":\"Grana Padano\",\"description\":\"\",\"potentialAction\":[{\"@type\":\"SearchAction\",\"target\":{\"@type\":\"EntryPoint\",\"urlTemplate\":\"https:\\\/\\\/www.granapadano.it\\\/it-it\\\/?s={search_term_string}\"},\"query-input\":{\"@type\":\"PropertyValueSpecification\",\"valueRequired\":true,\"valueName\":\"search_term_string\"}}],\"inLanguage\":\"it-it\"}]}<\/script>\n<!-- \/ Yoast SEO plugin. -->","yoast_head_json":{"title":"Differenze tra Grana Padano e Parmigiano Reggiano - Grana Padano","robots":{"index":"index","follow":"follow","max-snippet":"max-snippet:-1","max-image-preview":"max-image-preview:large","max-video-preview":"max-video-preview:-1"},"canonical":"https:\/\/www.granapadano.it\/it-it\/larte-del-saper-fare\/il-prodotto-iconico\/differenze-tra-grana-padano-e-parmigiano-reggiano\/","og_locale":"it_IT","og_type":"article","og_title":"Differenze tra Grana Padano e Parmigiano Reggiano - Grana Padano","og_description":"Differenze tra Grana Padano e Parmigiano Reggiano Peculiarit\u00e0 e specificheLa stragrande maggioranza dei consumatori conosce i due formaggi Grana Padano e Parmigiano Reggiano.Molti sanno anche che si tratta di due formaggi a Denominazione di Origine Protetta e sanno identificare cosa ci\u00f2 significhi in termini di caratteristiche del prodotto rispetto a prodotti similari generici.Grana Padano e [&hellip;]","og_url":"https:\/\/www.granapadano.it\/it-it\/larte-del-saper-fare\/il-prodotto-iconico\/differenze-tra-grana-padano-e-parmigiano-reggiano\/","og_site_name":"Grana Padano","article_modified_time":"2026-03-27T09:14:30+00:00","twitter_card":"summary_large_image","twitter_misc":{"Est. reading time":"8 minutes"},"schema":{"@context":"https:\/\/schema.org","@graph":[{"@type":"WebPage","@id":"https:\/\/www.granapadano.it\/it-it\/larte-del-saper-fare\/il-prodotto-iconico\/differenze-tra-grana-padano-e-parmigiano-reggiano\/","url":"https:\/\/www.granapadano.it\/it-it\/larte-del-saper-fare\/il-prodotto-iconico\/differenze-tra-grana-padano-e-parmigiano-reggiano\/","name":"Differenze tra Grana Padano e Parmigiano Reggiano - Grana Padano","isPartOf":{"@id":"https:\/\/www.granapadano.it\/it-it\/#website"},"datePublished":"2023-03-28T13:08:20+00:00","dateModified":"2026-03-27T09:14:30+00:00","breadcrumb":{"@id":"https:\/\/www.granapadano.it\/it-it\/larte-del-saper-fare\/il-prodotto-iconico\/differenze-tra-grana-padano-e-parmigiano-reggiano\/#breadcrumb"},"inLanguage":"it-it","potentialAction":[{"@type":"ReadAction","target":["https:\/\/www.granapadano.it\/it-it\/larte-del-saper-fare\/il-prodotto-iconico\/differenze-tra-grana-padano-e-parmigiano-reggiano\/"]}]},{"@type":"BreadcrumbList","@id":"https:\/\/www.granapadano.it\/it-it\/larte-del-saper-fare\/il-prodotto-iconico\/differenze-tra-grana-padano-e-parmigiano-reggiano\/#breadcrumb","itemListElement":[{"@type":"ListItem","position":1,"name":"Home","item":"https:\/\/www.granapadano.it\/it-it\/"},{"@type":"ListItem","position":2,"name":"Curiosit\u00e0 ed Eventi","item":"https:\/\/www.granapadano.it\/it-it\/curiosita-ed-eventi\/"},{"@type":"ListItem","position":3,"name":"Curiosit\u00e0 sul prodotto","item":"https:\/\/www.granapadano.it\/it-it\/curiosita-ed-eventi\/curiosita-sul-prodotto\/"},{"@type":"ListItem","position":4,"name":"Differenze tra Grana Padano e Parmigiano Reggiano"}]},{"@type":"WebSite","@id":"https:\/\/www.granapadano.it\/it-it\/#website","url":"https:\/\/www.granapadano.it\/it-it\/","name":"Grana Padano","description":"","potentialAction":[{"@type":"SearchAction","target":{"@type":"EntryPoint","urlTemplate":"https:\/\/www.granapadano.it\/it-it\/?s={search_term_string}"},"query-input":{"@type":"PropertyValueSpecification","valueRequired":true,"valueName":"search_term_string"}}],"inLanguage":"it-it"}]}},"_links":{"self":[{"href":"https:\/\/www.granapadano.it\/it-it\/wp-json\/wp\/v2\/pages\/77403","targetHints":{"allow":["GET"]}}],"collection":[{"href":"https:\/\/www.granapadano.it\/it-it\/wp-json\/wp\/v2\/pages"}],"about":[{"href":"https:\/\/www.granapadano.it\/it-it\/wp-json\/wp\/v2\/types\/page"}],"author":[{"embeddable":true,"href":"https:\/\/www.granapadano.it\/it-it\/wp-json\/wp\/v2\/users\/3"}],"replies":[{"embeddable":true,"href":"https:\/\/www.granapadano.it\/it-it\/wp-json\/wp\/v2\/comments?post=77403"}],"version-history":[{"count":4,"href":"https:\/\/www.granapadano.it\/it-it\/wp-json\/wp\/v2\/pages\/77403\/revisions"}],"predecessor-version":[{"id":152769,"href":"https:\/\/www.granapadano.it\/it-it\/wp-json\/wp\/v2\/pages\/77403\/revisions\/152769"}],"up":[{"embeddable":true,"href":"https:\/\/www.granapadano.it\/it-it\/wp-json\/wp\/v2\/pages\/27977"}],"wp:attachment":[{"href":"https:\/\/www.granapadano.it\/it-it\/wp-json\/wp\/v2\/media?parent=77403"}],"curies":[{"name":"wp","href":"https:\/\/api.w.org\/{rel}","templated":true}]}}