{"id":64108,"date":"2023-03-10T15:37:27","date_gmt":"2023-03-10T15:37:27","guid":{"rendered":"https:\/\/www.granapadano.it\/larte-della-produzione\/il-prodotto-iconico\/le-proprieta\/valori-nutrizionali-e-calorie-del-grana-padano-copy\/"},"modified":"2026-03-31T10:02:06","modified_gmt":"2026-03-31T10:02:06","slug":"la-forma-del-benessere-proprieta-nutrizionali-grana-padano-naturalmente-privo-di-lattosio","status":"publish","type":"page","link":"https:\/\/www.granapadano.it\/it-it\/la-forma-del-benessere\/proprieta-nutrizionali\/grana-padano-naturalmente-privo-di-lattosio\/","title":{"rendered":"Grana Padano naturalmente privo di lattosio"},"content":{"rendered":"<p>[et_pb_section fb_built=&#8221;1&#8243; fullwidth=&#8221;on&#8221; _builder_version=&#8221;4.19.0&#8243; _module_preset=&#8221;default&#8221; global_colors_info=&#8221;{}&#8221;][et_pb_fullwidth_image src=&#8221;https:\/\/www.granapadano.it\/wp-content\/uploads\/2023\/03\/header.jpg&#8221; title_text=&#8221;mobile&#8221; src_tablet=&#8221;https:\/\/www.granapadano.it\/wp-content\/uploads\/2023\/03\/header.jpg&#8221; src_phone=&#8221;https:\/\/www.granapadano.it\/wp-content\/uploads\/2023\/03\/mobile.jpg&#8221; src_last_edited=&#8221;on|phone&#8221; _builder_version=&#8221;4.20.2&#8243; _module_preset=&#8221;default&#8221; global_colors_info=&#8221;{}&#8221;][\/et_pb_fullwidth_image][\/et_pb_section][et_pb_section fb_built=&#8221;1&#8243; module_class=&#8221;production_sub_hub_main_wrapper&#8221; _builder_version=&#8221;4.19.3&#8243; _module_preset=&#8221;default&#8221; custom_padding=&#8221;13px||0px|||&#8221; global_colors_info=&#8221;{}&#8221;][et_pb_row module_class=&#8221;recipe_filter_section&#8221; _builder_version=&#8221;4.19.4&#8243; _module_preset=&#8221;default&#8221; max_width=&#8221;90%&#8221; custom_padding=&#8221;||7px|||&#8221; global_colors_info=&#8221;{}&#8221;][et_pb_column type=&#8221;4_4&#8243; _builder_version=&#8221;4.19.4&#8243; _module_preset=&#8221;default&#8221; global_colors_info=&#8221;{}&#8221;][et_pb_code _builder_version=&#8221;4.19.4&#8243; _module_preset=&#8221;default&#8221; global_colors_info=&#8221;{}&#8221;]<div class=\"breadcrumb\"><a href=\"https:\/\/www.granapadano.it\/it-it\/\">Home<\/a>  <  <\/div>[\/et_pb_code][\/et_pb_column][\/et_pb_row][\/et_pb_section][et_pb_section fb_built=&#8221;1&#8243; _builder_version=&#8221;4.19.5&#8243; _module_preset=&#8221;default&#8221; custom_padding=&#8221;50px|||||&#8221; global_colors_info=&#8221;{}&#8221;][et_pb_row _builder_version=&#8221;4.19.4&#8243; _module_preset=&#8221;default&#8221; max_width=&#8221;90%&#8221; min_height=&#8221;55.9px&#8221; custom_padding=&#8221;7px||0px|||&#8221; global_colors_info=&#8221;{}&#8221;][et_pb_column type=&#8221;4_4&#8243; _builder_version=&#8221;4.19.4&#8243; _module_preset=&#8221;default&#8221; global_colors_info=&#8221;{}&#8221;][et_pb_text module_class=&#8221;eventi_ambascitori_top_sec_title&#8221; _builder_version=&#8221;4.27.6&#8243; _module_preset=&#8221;default&#8221; text_font=&#8221;Merriweather|700|||||||&#8221; text_text_color=&#8221;#0f0f0f&#8221; text_font_size=&#8221;44px&#8221; text_line_height=&#8221;62px&#8221; header_text_color=&#8221;gcid-8696fd7e-29dd-4028-9d4d-981b208a53a9&#8243; header_font_size=&#8221;45px&#8221; header_line_height=&#8221;52px&#8221; text_orientation=&#8221;center&#8221; custom_margin=&#8221;-12px||7px|||&#8221; custom_padding=&#8221;0px||25px||false|false&#8221; global_colors_info=&#8221;{%22gcid-8696fd7e-29dd-4028-9d4d-981b208a53a9%22:%91%22header_text_color%22%93}&#8221;]<\/p>\n<h1 style=\"text-align: left;\">Grana Padano naturalmente privo di lattosio<\/h1>\n<p>[\/et_pb_text][et_pb_text _builder_version=&#8221;4.27.6&#8243; _module_preset=&#8221;default&#8221; text_font=&#8221;|300|||||||&#8221; text_text_color=&#8221;#000000&#8243; text_font_size=&#8221;16px&#8221; text_line_height=&#8221;26px&#8221; text_orientation=&#8221;center&#8221; global_colors_info=&#8221;{}&#8221;]<\/p>\n<p style=\"text-align: left;\">Molte persone credono che il soggetto intollerante al lattosio sia costretto ad eliminare dalla sua dieta tutti i derivati del latte. Esistono, tuttavia, dei formaggi naturalmente privi di lattosio, come il Grana Padano DOP. Prima di tutto chiariamo: cosa si intende per \u201cintolleranza al lattosio\u201d?<\/p>\n<p style=\"text-align: left;\">Prima di tutto chiariamo: <strong>cosa si intende per \u201cintolleranza al lattosio\u201d?<\/strong><\/p>\n<p style=\"text-align: left;\">L\u2019intolleranza al lattosio, il principale zucchero del latte presente anche in altri prodotti caseari o derivati del latte, si manifesta nelle persone che hanno una carenza, parziale o totale, di produzione dell\u2019enzima lattasi, responsabile della scissione del lattosio in glucosio e galattosio (zuccheri semplici che vengono metabolizzati dall\u2019organismo). Pertanto il lattosio non viene digerito e rimane nell\u2019intestino venendo cos\u00ec fermentato dalla flora batterica, generando la comparsa di sintomi caratteristici di questa intolleranza.<\/p>\n<p style=\"text-align: left;\">Se il latte \u00e8 l\u2019ingrediente principale di ogni formaggio,<strong> come fa il Grana Padano DOP a non contenere lattosio?<\/strong><\/p>\n<p style=\"text-align: left;\"><strong>Il tradizionale processo di produzione<\/strong> del Grana Padano DOP, rigorosamente definito dal Disciplinare di produzione, permette di ottenere un formaggio naturalmente privo di lattosio, che \u00e8 quindi tranquillamente consumabile anche da chi ne \u00e8 intollerante.<\/p>\n<p style=\"text-align: left;\">Il processo di produzione del Grana Padano DOP fa in modo che <strong>il lattosio venga gradualmente eliminato<\/strong> nel corso del processo di caseificazione naturale del formaggio. La maggior parte del lattosio residua nel siero che al momento della caseificazione si separa dalla cagliata. Nella cagliata residua ancora una frazione limitata di siero e di componenti solubili del latte, incluso il lattosio. In seguito, gi\u00e0 durante la fase di formatura, della durata di 48 ore, si ha fermentazione lattica ed i batteri scindono quasi tutto il lattosio residuo trasformandolo prima in glucosio e galattosio e poi in acido lattico.<\/p>\n<p style=\"text-align: left;\"><strong>\u00c8 durante la prima fase di stagionatura che avviene la degradazione del lattosio rimasto<\/strong>. Dopo 9 mesi, il periodo minimo di stagionatura previsto dal Disciplinare per il Grana Padano DOP, il lattosio residuo \u00e8 molto inferiore a 0,1 g\/100 g (valore limite indicato dalla Circ. Min. Salute DGISAN 16.06.2016).<\/p>\n<p style=\"text-align: left;\">Il Grana Padano DOP quindi pu\u00f2 essere consumato anche da adulti e bambini intolleranti al lattosio, che cos\u00ec possono godere degli straordinari nutrienti apportati dal latte vaccino crudo e delle sue propriet\u00e0 bioattive, senza compromettere la salute.<\/p>\n<p style=\"text-align: left;\">Inoltre, il Grana Padano DOP ha un valore residuo di galattosio inferiore a 10mg\/100g. Questa caratteristica rende il Grana Padano DOP un prodotto indicato anche nelle diete a basso livello di FODMAP\u201d (Fermentable Oligo-di and Mono-saccharides, and Polyols), come indicano le ricerche scientifiche di svolte da P.R. Gibson &amp; S.J. Shepherd nel (2005).<\/p>\n<p>[\/et_pb_text][et_pb_text _builder_version=&#8221;4.24.3&#8243; _module_preset=&#8221;default&#8221; global_colors_info=&#8221;{}&#8221;]<!--lattosio -->[\/et_pb_text][\/et_pb_column][\/et_pb_row][\/et_pb_section][et_pb_section fb_built=&#8221;1&#8243; _builder_version=&#8221;4.19.5&#8243; _module_preset=&#8221;default&#8221; custom_padding=&#8221;0px||5px|||&#8221; locked=&#8221;off&#8221; global_colors_info=&#8221;{}&#8221;][et_pb_row _builder_version=&#8221;4.19.5&#8243; _module_preset=&#8221;default&#8221; custom_padding=&#8221;||2px|||&#8221; global_colors_info=&#8221;{}&#8221; locked=&#8221;off&#8221;][et_pb_column type=&#8221;4_4&#8243; _builder_version=&#8221;4.19.5&#8243; _module_preset=&#8221;default&#8221; global_colors_info=&#8221;{}&#8221;][et_pb_text module_class=&#8221;prodotto_scopri_heading&#8221; _builder_version=&#8221;4.20.0&#8243; _module_preset=&#8221;default&#8221; text_font=&#8221;Merriweather|700|||||||&#8221; text_text_color=&#8221;#0f0f0f&#8221; text_font_size=&#8221;44px&#8221; text_line_height=&#8221;62px&#8221; header_font=&#8221;Merriweather||||||||&#8221; header_text_color=&#8221;gcid-8696fd7e-29dd-4028-9d4d-981b208a53a9&#8243; header_font_size=&#8221;38px&#8221; header_line_height=&#8221;46px&#8221; text_orientation=&#8221;center&#8221; custom_margin=&#8221;-12px||7px|||&#8221; custom_padding=&#8221;0px|||||&#8221; global_colors_info=&#8221;{%22gcid-8696fd7e-29dd-4028-9d4d-981b208a53a9%22:%91%22header_text_color%22%93}&#8221;]<\/p>\n<h1>Scopri anche:<\/h1>\n<p>[\/et_pb_text][\/et_pb_column][\/et_pb_row][et_pb_row column_structure=&#8221;1_2,1_2&#8243; use_custom_gutter=&#8221;on&#8221; gutter_width=&#8221;3&#8243; module_class=&#8221;consorzio_saprate_section consorzio_vini_abbinare_page&#8221; _builder_version=&#8221;4.27.6&#8243; _module_preset=&#8221;default&#8221; transform_scale=&#8221;94%|94%&#8221; max_width=&#8221;90%&#8221; custom_padding=&#8221;0px||50px|||&#8221; hover_enabled=&#8221;0&#8243; global_colors_info=&#8221;{}&#8221; sticky_enabled=&#8221;0&#8243;][et_pb_column type=&#8221;1_2&#8243; _builder_version=&#8221;4.27.6&#8243; _module_preset=&#8221;default&#8221; link_option_url=&#8221;\/it-it\/larte-della-produzione\/il-prodotto-iconico\/le-proprieta\/valori-nutrizionali-e-calorie-del-grana-padano\/&#8221; hover_enabled=&#8221;0&#8243; custom_css_free_form=&#8221;    .et_pb_gutters3 .et_pb_column_1_2, .et_pb_gutters3.et_pb_row .et_pb_column_1_2 {||    border-radius: 0px 0px 0px 0px !important; background-color: #F9F1E4 !important;||}&#8221; global_colors_info=&#8221;{}&#8221; sticky_enabled=&#8221;0&#8243;][et_pb_image title_text=&#8221;A Cow grazing in a field&#8221; align=&#8221;center&#8221; _builder_version=&#8221;4.20.2&#8243; _module_preset=&#8221;default&#8221; background_color=&#8221;RGBA(255,255,255,0)&#8221; background_image=&#8221;https:\/\/www.granapadano.it\/wp-content\/uploads\/2023\/03\/Valori-nutrizionali.jpg&#8221; min_height=&#8221;89px&#8221; custom_padding=&#8221;209px|0px||2px|false|false&#8221; global_colors_info=&#8221;{}&#8221;][\/et_pb_image][et_pb_text _builder_version=&#8221;4.19.5&#8243; _module_preset=&#8221;default&#8221; header_3_font=&#8221;Merriweather|700|||||||&#8221; header_3_text_color=&#8221;#0f0f0f&#8221; header_3_font_size=&#8221;23px&#8221; header_3_line_height=&#8221;31px&#8221; global_colors_info=&#8221;{}&#8221;]<\/p>\n<h3>Valori nutrizionali e calorie del Grana Padano<\/h3>\n<p>[\/et_pb_text][et_pb_text _builder_version=&#8221;4.19.5&#8243; _module_preset=&#8221;default&#8221; text_text_color=&#8221;#0f0f0f&#8221; text_font_size=&#8221;18px&#8221; text_line_height=&#8221;26px&#8221; global_colors_info=&#8221;{}&#8221;]Il Grana Padano DOP \u00e8 un concentrato di latte perch\u00e9 per farne 100 grammi occorrono 1,5 litri di latte fresco. Scopri i valori nutrizionali[\/et_pb_text][et_pb_image src=&#8221;https:\/\/www.granapadano.it\/wp-content\/uploads\/2022\/11\/Path-20171.png&#8221; title_text=&#8221;Path 20171&#8243; url=&#8221;https:\/\/www.granapadano.it\/la-forma-del-benessere\/proprieta-nutrizionali\/valori-nutrizionali-e-calorie-del-grana-padano\/%20&#8243; align=&#8221;right&#8221; _builder_version=&#8221;4.27.6&#8243; _module_preset=&#8221;default&#8221; global_colors_info=&#8221;{}&#8221;][\/et_pb_image][\/et_pb_column][et_pb_column type=&#8221;1_2&#8243; _builder_version=&#8221;4.20.2&#8243; _module_preset=&#8221;default&#8221; link_option_url=&#8221;\/it-it\/larte-della-produzione\/il-prodotto-iconico\/le-proprieta\/tabella-valori-nutrizionali-del-grana-padano\/&#8221; global_colors_info=&#8221;{}&#8221;][et_pb_image title_text=&#8221;A Cow grazing in a field&#8221; align=&#8221;center&#8221; _builder_version=&#8221;4.20.2&#8243; _module_preset=&#8221;default&#8221; background_color=&#8221;RGBA(255,255,255,0)&#8221; background_image=&#8221;https:\/\/www.granapadano.it\/wp-content\/uploads\/2023\/03\/Tabella-nutrizionale.jpg&#8221; min_height=&#8221;89px&#8221; custom_padding=&#8221;209px|0px||2px|false|false&#8221; global_colors_info=&#8221;{}&#8221;][\/et_pb_image][et_pb_text _builder_version=&#8221;4.20.2&#8243; _module_preset=&#8221;default&#8221; header_3_font=&#8221;Merriweather|700|||||||&#8221; header_3_text_color=&#8221;#0f0f0f&#8221; header_3_font_size=&#8221;23px&#8221; header_3_line_height=&#8221;31px&#8221; locked=&#8221;off&#8221; global_colors_info=&#8221;{}&#8221;]<\/p>\n<h3>Tabella nutrizionale del Grana Padano<\/h3>\n<p>[\/et_pb_text][et_pb_text _builder_version=&#8221;4.20.2&#8243; _module_preset=&#8221;default&#8221; text_text_color=&#8221;#0f0f0f&#8221; text_font_size=&#8221;18px&#8221; text_line_height=&#8221;26px&#8221; locked=&#8221;off&#8221; global_colors_info=&#8221;{}&#8221;]100 grammi di Grana Padano hanno un valore nutrizionale di 398 calorie&#8230;.[\/et_pb_text][et_pb_image src=&#8221;https:\/\/www.granapadano.it\/wp-content\/uploads\/2022\/11\/Path-20171.png&#8221; title_text=&#8221;Path 20171&#8243; url=&#8221;https:\/\/www.granapadano.it\/la-forma-del-benessere\/proprieta-nutrizionali\/tabella-valori-nutrizionali-del-grana-padano\/%20&#8243; align=&#8221;right&#8221; _builder_version=&#8221;4.27.6&#8243; _module_preset=&#8221;default&#8221; locked=&#8221;off&#8221; global_colors_info=&#8221;{}&#8221;][\/et_pb_image][\/et_pb_column][\/et_pb_row][\/et_pb_section]<\/p>\n","protected":false},"excerpt":{"rendered":"<p><div class=\"breadcrumb\"><a href=\"https:\/\/www.granapadano.it\/it-it\/\">Home<\/a>  <  <\/div>Grana Padano naturalmente privo di lattosioMolte persone credono che il soggetto intollerante al lattosio sia costretto ad eliminare dalla sua dieta tutti i derivati del latte. Esistono, tuttavia, dei formaggi naturalmente privi di lattosio, come il Grana Padano DOP. Prima di tutto chiariamo: cosa si intende per \u201cintolleranza al lattosio\u201d? Prima di tutto chiariamo: cosa [&hellip;]<\/p>\n","protected":false},"author":6,"featured_media":0,"parent":7804,"menu_order":868,"comment_status":"closed","ping_status":"closed","template":"","meta":{"_acf_changed":false,"_et_pb_use_builder":"on","_et_pb_old_content":"","_et_gb_content_width":"","footnotes":""},"class_list":["post-64108","page","type-page","status-publish","hentry"],"acf":[],"yoast_head":"<!-- This site is optimized with the Yoast SEO plugin v27.3 - https:\/\/yoast.com\/product\/yoast-seo-wordpress\/ -->\n<title>Grana Padano naturalmente privo di lattosio - Grana Padano<\/title>\n<meta name=\"robots\" content=\"index, follow, max-snippet:-1, max-image-preview:large, max-video-preview:-1\" \/>\n<link rel=\"canonical\" href=\"https:\/\/www.granapadano.it\/it-it\/la-forma-del-benessere\/proprieta-nutrizionali\/grana-padano-naturalmente-privo-di-lattosio\/\" \/>\n<meta property=\"og:locale\" content=\"it_IT\" \/>\n<meta property=\"og:type\" content=\"article\" \/>\n<meta property=\"og:title\" content=\"Grana Padano naturalmente privo di lattosio - Grana Padano\" \/>\n<meta property=\"og:description\" content=\"Grana Padano naturalmente privo di lattosioMolte persone credono che il soggetto intollerante al lattosio sia costretto ad eliminare dalla sua dieta tutti i derivati del latte. Esistono, tuttavia, dei formaggi naturalmente privi di lattosio, come il Grana Padano DOP. Prima di tutto chiariamo: cosa si intende per \u201cintolleranza al lattosio\u201d? Prima di tutto chiariamo: cosa [&hellip;]\" \/>\n<meta property=\"og:url\" content=\"https:\/\/www.granapadano.it\/it-it\/la-forma-del-benessere\/proprieta-nutrizionali\/grana-padano-naturalmente-privo-di-lattosio\/\" \/>\n<meta property=\"og:site_name\" content=\"Grana Padano\" \/>\n<meta property=\"article:modified_time\" content=\"2026-03-31T10:02:06+00:00\" \/>\n<meta name=\"twitter:card\" content=\"summary_large_image\" \/>\n<meta name=\"twitter:label1\" content=\"Est. reading time\" \/>\n\t<meta name=\"twitter:data1\" content=\"3 minutes\" \/>\n<script type=\"application\/ld+json\" class=\"yoast-schema-graph\">{\"@context\":\"https:\\\/\\\/schema.org\",\"@graph\":[{\"@type\":\"WebPage\",\"@id\":\"https:\\\/\\\/www.granapadano.it\\\/it-it\\\/la-forma-del-benessere\\\/proprieta-nutrizionali\\\/grana-padano-naturalmente-privo-di-lattosio\\\/\",\"url\":\"https:\\\/\\\/www.granapadano.it\\\/it-it\\\/la-forma-del-benessere\\\/proprieta-nutrizionali\\\/grana-padano-naturalmente-privo-di-lattosio\\\/\",\"name\":\"Grana Padano naturalmente privo di lattosio - Grana Padano\",\"isPartOf\":{\"@id\":\"https:\\\/\\\/www.granapadano.it\\\/it-it\\\/#website\"},\"datePublished\":\"2023-03-10T15:37:27+00:00\",\"dateModified\":\"2026-03-31T10:02:06+00:00\",\"breadcrumb\":{\"@id\":\"https:\\\/\\\/www.granapadano.it\\\/it-it\\\/la-forma-del-benessere\\\/proprieta-nutrizionali\\\/grana-padano-naturalmente-privo-di-lattosio\\\/#breadcrumb\"},\"inLanguage\":\"it-it\",\"potentialAction\":[{\"@type\":\"ReadAction\",\"target\":[\"https:\\\/\\\/www.granapadano.it\\\/it-it\\\/la-forma-del-benessere\\\/proprieta-nutrizionali\\\/grana-padano-naturalmente-privo-di-lattosio\\\/\"]}]},{\"@type\":\"BreadcrumbList\",\"@id\":\"https:\\\/\\\/www.granapadano.it\\\/it-it\\\/la-forma-del-benessere\\\/proprieta-nutrizionali\\\/grana-padano-naturalmente-privo-di-lattosio\\\/#breadcrumb\",\"itemListElement\":[{\"@type\":\"ListItem\",\"position\":1,\"name\":\"Home\",\"item\":\"https:\\\/\\\/www.granapadano.it\\\/it-it\\\/\"},{\"@type\":\"ListItem\",\"position\":2,\"name\":\"La forma del benessere\",\"item\":\"https:\\\/\\\/www.granapadano.it\\\/it-it\\\/la-forma-del-benessere\\\/\"},{\"@type\":\"ListItem\",\"position\":3,\"name\":\"Propriet\u00e0 nutrizionali\",\"item\":\"https:\\\/\\\/www.granapadano.it\\\/it-it\\\/la-forma-del-benessere\\\/proprieta-nutrizionali\\\/\"},{\"@type\":\"ListItem\",\"position\":4,\"name\":\"Grana Padano naturalmente privo di lattosio\"}]},{\"@type\":\"WebSite\",\"@id\":\"https:\\\/\\\/www.granapadano.it\\\/it-it\\\/#website\",\"url\":\"https:\\\/\\\/www.granapadano.it\\\/it-it\\\/\",\"name\":\"Grana Padano\",\"description\":\"\",\"potentialAction\":[{\"@type\":\"SearchAction\",\"target\":{\"@type\":\"EntryPoint\",\"urlTemplate\":\"https:\\\/\\\/www.granapadano.it\\\/it-it\\\/?s={search_term_string}\"},\"query-input\":{\"@type\":\"PropertyValueSpecification\",\"valueRequired\":true,\"valueName\":\"search_term_string\"}}],\"inLanguage\":\"it-it\"}]}<\/script>\n<!-- \/ Yoast SEO plugin. -->","yoast_head_json":{"title":"Grana Padano naturalmente privo di lattosio - Grana Padano","robots":{"index":"index","follow":"follow","max-snippet":"max-snippet:-1","max-image-preview":"max-image-preview:large","max-video-preview":"max-video-preview:-1"},"canonical":"https:\/\/www.granapadano.it\/it-it\/la-forma-del-benessere\/proprieta-nutrizionali\/grana-padano-naturalmente-privo-di-lattosio\/","og_locale":"it_IT","og_type":"article","og_title":"Grana Padano naturalmente privo di lattosio - Grana Padano","og_description":"Grana Padano naturalmente privo di lattosioMolte persone credono che il soggetto intollerante al lattosio sia costretto ad eliminare dalla sua dieta tutti i derivati del latte. Esistono, tuttavia, dei formaggi naturalmente privi di lattosio, come il Grana Padano DOP. Prima di tutto chiariamo: cosa si intende per \u201cintolleranza al lattosio\u201d? Prima di tutto chiariamo: cosa [&hellip;]","og_url":"https:\/\/www.granapadano.it\/it-it\/la-forma-del-benessere\/proprieta-nutrizionali\/grana-padano-naturalmente-privo-di-lattosio\/","og_site_name":"Grana Padano","article_modified_time":"2026-03-31T10:02:06+00:00","twitter_card":"summary_large_image","twitter_misc":{"Est. reading time":"3 minutes"},"schema":{"@context":"https:\/\/schema.org","@graph":[{"@type":"WebPage","@id":"https:\/\/www.granapadano.it\/it-it\/la-forma-del-benessere\/proprieta-nutrizionali\/grana-padano-naturalmente-privo-di-lattosio\/","url":"https:\/\/www.granapadano.it\/it-it\/la-forma-del-benessere\/proprieta-nutrizionali\/grana-padano-naturalmente-privo-di-lattosio\/","name":"Grana Padano naturalmente privo di lattosio - Grana Padano","isPartOf":{"@id":"https:\/\/www.granapadano.it\/it-it\/#website"},"datePublished":"2023-03-10T15:37:27+00:00","dateModified":"2026-03-31T10:02:06+00:00","breadcrumb":{"@id":"https:\/\/www.granapadano.it\/it-it\/la-forma-del-benessere\/proprieta-nutrizionali\/grana-padano-naturalmente-privo-di-lattosio\/#breadcrumb"},"inLanguage":"it-it","potentialAction":[{"@type":"ReadAction","target":["https:\/\/www.granapadano.it\/it-it\/la-forma-del-benessere\/proprieta-nutrizionali\/grana-padano-naturalmente-privo-di-lattosio\/"]}]},{"@type":"BreadcrumbList","@id":"https:\/\/www.granapadano.it\/it-it\/la-forma-del-benessere\/proprieta-nutrizionali\/grana-padano-naturalmente-privo-di-lattosio\/#breadcrumb","itemListElement":[{"@type":"ListItem","position":1,"name":"Home","item":"https:\/\/www.granapadano.it\/it-it\/"},{"@type":"ListItem","position":2,"name":"La forma del benessere","item":"https:\/\/www.granapadano.it\/it-it\/la-forma-del-benessere\/"},{"@type":"ListItem","position":3,"name":"Propriet\u00e0 nutrizionali","item":"https:\/\/www.granapadano.it\/it-it\/la-forma-del-benessere\/proprieta-nutrizionali\/"},{"@type":"ListItem","position":4,"name":"Grana Padano naturalmente privo di lattosio"}]},{"@type":"WebSite","@id":"https:\/\/www.granapadano.it\/it-it\/#website","url":"https:\/\/www.granapadano.it\/it-it\/","name":"Grana Padano","description":"","potentialAction":[{"@type":"SearchAction","target":{"@type":"EntryPoint","urlTemplate":"https:\/\/www.granapadano.it\/it-it\/?s={search_term_string}"},"query-input":{"@type":"PropertyValueSpecification","valueRequired":true,"valueName":"search_term_string"}}],"inLanguage":"it-it"}]}},"_links":{"self":[{"href":"https:\/\/www.granapadano.it\/it-it\/wp-json\/wp\/v2\/pages\/64108","targetHints":{"allow":["GET"]}}],"collection":[{"href":"https:\/\/www.granapadano.it\/it-it\/wp-json\/wp\/v2\/pages"}],"about":[{"href":"https:\/\/www.granapadano.it\/it-it\/wp-json\/wp\/v2\/types\/page"}],"author":[{"embeddable":true,"href":"https:\/\/www.granapadano.it\/it-it\/wp-json\/wp\/v2\/users\/6"}],"replies":[{"embeddable":true,"href":"https:\/\/www.granapadano.it\/it-it\/wp-json\/wp\/v2\/comments?post=64108"}],"version-history":[{"count":7,"href":"https:\/\/www.granapadano.it\/it-it\/wp-json\/wp\/v2\/pages\/64108\/revisions"}],"predecessor-version":[{"id":153503,"href":"https:\/\/www.granapadano.it\/it-it\/wp-json\/wp\/v2\/pages\/64108\/revisions\/153503"}],"up":[{"embeddable":true,"href":"https:\/\/www.granapadano.it\/it-it\/wp-json\/wp\/v2\/pages\/7804"}],"wp:attachment":[{"href":"https:\/\/www.granapadano.it\/it-it\/wp-json\/wp\/v2\/media?parent=64108"}],"curies":[{"name":"wp","href":"https:\/\/api.w.org\/{rel}","templated":true}]}}