{"id":5850,"date":"2023-01-23T16:05:32","date_gmt":"2023-01-23T16:05:32","guid":{"rendered":"https:\/\/www.granapadano.it\/larte-della-produzione\/il-prodotto-iconico\/la-stagionatura-copy\/"},"modified":"2023-05-30T08:51:55","modified_gmt":"2023-05-30T08:51:55","slug":"piano-produttivo-2022-2024","status":"publish","type":"page","link":"https:\/\/www.granapadano.it\/it-it\/larte-della-produzione\/la-dop\/piano-produttivo-2022-2024\/","title":{"rendered":"Piano produttivo 2022 &#8211; 2024"},"content":{"rendered":"<p>[et_pb_section fb_built=&#8221;1&#8243; fullwidth=&#8221;on&#8221; _builder_version=&#8221;4.19.0&#8243; _module_preset=&#8221;default&#8221; global_colors_info=&#8221;{}&#8221;][et_pb_fullwidth_image src=&#8221;https:\/\/www.granapadano.it\/wp-content\/uploads\/2023\/02\/Piano-Produttivo-2022-2024_h.jpg&#8221; title_text=&#8221;Piano Produttivo 2022-2024_m&#8221; src_tablet=&#8221;https:\/\/www.granapadano.it\/wp-content\/uploads\/2023\/02\/Piano-Produttivo-2022-2024_h.jpg&#8221; src_phone=&#8221;https:\/\/www.granapadano.it\/wp-content\/uploads\/2023\/02\/Piano-Produttivo-2022-2024_m.jpg&#8221; src_last_edited=&#8221;on|phone&#8221; _builder_version=&#8221;4.19.5&#8243; _module_preset=&#8221;default&#8221; global_colors_info=&#8221;{}&#8221;][\/et_pb_fullwidth_image][\/et_pb_section][et_pb_section fb_built=&#8221;1&#8243; module_class=&#8221;production_sub_hub_main_wrapper&#8221; _builder_version=&#8221;4.19.3&#8243; _module_preset=&#8221;default&#8221; custom_margin=&#8221;0px||||false|false&#8221; custom_padding=&#8221;20px||0px||false|false&#8221; global_colors_info=&#8221;{}&#8221;][et_pb_row module_class=&#8221;recipe_filter_section&#8221; _builder_version=&#8221;4.19.4&#8243; _module_preset=&#8221;default&#8221; max_width=&#8221;90%&#8221; custom_padding=&#8221;||7px|||&#8221; global_colors_info=&#8221;{}&#8221;][et_pb_column type=&#8221;4_4&#8243; _builder_version=&#8221;4.19.4&#8243; _module_preset=&#8221;default&#8221; global_colors_info=&#8221;{}&#8221;][et_pb_code _builder_version=&#8221;4.19.4&#8243; _module_preset=&#8221;default&#8221; global_colors_info=&#8221;{}&#8221;]<div class=\"breadcrumb\"><a href=\"https:\/\/www.granapadano.it\/it-it\/\">Home<\/a>  <  <\/div>[\/et_pb_code][\/et_pb_column][\/et_pb_row][\/et_pb_section][et_pb_section fb_built=&#8221;1&#8243; _builder_version=&#8221;4.19.4&#8243; _module_preset=&#8221;default&#8221; min_height=&#8221;200px&#8221; custom_padding=&#8221;26px||60px|||&#8221; global_colors_info=&#8221;{}&#8221;][et_pb_row _builder_version=&#8221;4.19.4&#8243; _module_preset=&#8221;default&#8221; max_width=&#8221;90%&#8221; min_height=&#8221;12.9px&#8221; custom_padding=&#8221;||21px|||&#8221; global_colors_info=&#8221;{}&#8221;][et_pb_column type=&#8221;4_4&#8243; _builder_version=&#8221;4.19.4&#8243; _module_preset=&#8221;default&#8221; global_colors_info=&#8221;{}&#8221;][et_pb_text _builder_version=&#8221;4.21.0&#8243; _module_preset=&#8221;default&#8221; text_font=&#8221;Merriweather|700|||||||&#8221; text_text_color=&#8221;#0f0f0f&#8221; text_font_size=&#8221;44px&#8221; text_line_height=&#8221;52px&#8221; text_orientation=&#8221;center&#8221; min_height=&#8221;81px&#8221; custom_margin=&#8221;-12px||7px|||&#8221; hover_enabled=&#8221;0&#8243; global_colors_info=&#8221;{}&#8221; sticky_enabled=&#8221;0&#8243;]<\/p>\n<p><h1>Piano Produttivo 2022 &#8211; 2024<\/h1>\n<\/p>\n<p>[\/et_pb_text][et_pb_text _builder_version=&#8221;4.20.2&#8243; _module_preset=&#8221;default&#8221; text_text_color=&#8221;#0f0f0f&#8221; text_font_size=&#8221;18px&#8221; text_line_height=&#8221;26px&#8221; min_height=&#8221;358px&#8221; custom_margin=&#8221;14px|||||&#8221; custom_padding=&#8221;||27px|||&#8221; global_colors_info=&#8221;{}&#8221;]<\/p>\n<p style=\"text-align: left;\"><span>Il Piano di regolazione dell\u2019offerta del Grana Padano DOP ha l\u2019obiettivo di disciplinare la gestione dell\u2019offerta del formaggio al fine di adeguare l\u2019offerta alla domanda attraverso:<\/span><span><\/span><span><\/span><\/p>\n<ul>\n<li><span>Consolidamento della presenza del prodotto sui principali mercati e acquisizione di nuovi spazi di mercato. All\u2019uopo \u00e8 stato assegnato un incarico specifico a KPMG finalizzato al riposizionamento dell\u2019immagine del prodotto e alla rivalutazione delle strategie di investimenti promozionali, soprattutto esteri ma anche italiani. Ci\u00f2 con il duplice obiettivo di consolidare l\u2019immagine ed ampliare le vendite di Grana Padano;<\/span><span><\/span><\/li>\n<li><span>Promozione tutela e miglioramento qualit\u00e0.<\/span><\/li>\n<\/ul>\n<p><span>Pertanto, la conquista di nuovi spazi di mercato e il consolidamento degli attuali devono essere sostenuti da un\u2019adeguata promozione e valorizzazione del prodotto, in relazione all\u2019andamento dei consumi su scala nazionale e internazionale. Saranno quindi i caseifici a farsi carico delle risorse necessarie che avranno uno sviluppo pi\u00f9 che proporzionale a seconda dei quantitativi da immettere sui mercati nazionali e mondiali, alla gradualit\u00e0 e progressivit\u00e0 degli aumenti produttivi, alle crescenti difficolt\u00e0 di promuovere il prodotto sia sui mercati maturi che sui mercati emergenti.<\/span><\/p>\n<p>[\/et_pb_text][\/et_pb_column][\/et_pb_row][et_pb_row use_custom_gutter=&#8221;on&#8221; module_class=&#8221;article_button_text&#8221; _builder_version=&#8221;4.19.4&#8243; _module_preset=&#8221;default&#8221; max_width=&#8221;90%&#8221; custom_margin=&#8221;-26px|auto||auto||&#8221; custom_padding=&#8221;0px||0px||false|false&#8221; global_colors_info=&#8221;{}&#8221;][et_pb_column type=&#8221;4_4&#8243; _builder_version=&#8221;4.19.4&#8243; _module_preset=&#8221;default&#8221; global_colors_info=&#8221;{}&#8221;][et_pb_cta button_url=&#8221;https:\/\/www.granapadano.it\/wp-content\/uploads\/2023\/01\/PianoProduttivo2022-2024-49182.pdf&#8221; button_text=&#8221;Piano Produttivo 2022-2024&#8243; module_class=&#8221;download_article&#8221; _builder_version=&#8221;4.20.4&#8243; _module_preset=&#8221;default&#8221; background_color=&#8221;RGBA(255,255,255,0)&#8221; custom_button=&#8221;on&#8221; button_text_size=&#8221;22px&#8221; button_text_color=&#8221;#000000&#8243; button_border_width=&#8221;0px&#8221; button_font=&#8221;Merriweather|300|||||||&#8221; button_icon=&#8221;&#xe092;||divi||400&#8243; button_icon_color=&#8221;gcid-26f0371c-74dd-4e63-bbf8-f8ec94f09a6d&#8221; button_icon_placement=&#8221;left&#8221; button_on_hover=&#8221;off&#8221; button_alignment=&#8221;left&#8221; min_height=&#8221;57.3px&#8221; custom_margin=&#8221;0px|0px|0px|0px|false|false&#8221; custom_padding=&#8221;0px|0px|0px|0px|false|false&#8221; global_colors_info=&#8221;{%22gcid-26f0371c-74dd-4e63-bbf8-f8ec94f09a6d%22:%91%22button_icon_color%22%93}&#8221;][\/et_pb_cta][et_pb_cta button_url=&#8221;https:\/\/www.granapadano.it\/wp-content\/uploads\/2023\/01\/EquaCorrelazione-49197.pdf&#8221; button_text=&#8221;Equa correlazione&#8221; module_class=&#8221;download_article&#8221; _builder_version=&#8221;4.20.4&#8243; _module_preset=&#8221;default&#8221; background_color=&#8221;RGBA(255,255,255,0)&#8221; custom_button=&#8221;on&#8221; button_text_size=&#8221;22px&#8221; button_text_color=&#8221;#000000&#8243; button_border_width=&#8221;0px&#8221; button_font=&#8221;Merriweather|300|||||||&#8221; button_icon=&#8221;&#xe092;||divi||400&#8243; button_icon_color=&#8221;gcid-26f0371c-74dd-4e63-bbf8-f8ec94f09a6d&#8221; button_icon_placement=&#8221;left&#8221; button_on_hover=&#8221;off&#8221; button_alignment=&#8221;left&#8221; min_height=&#8221;53.3px&#8221; custom_margin=&#8221;0px|0px|0px|0px|false|false&#8221; custom_padding=&#8221;0px|0px|0px|0px|false|false&#8221; global_colors_info=&#8221;{%22gcid-26f0371c-74dd-4e63-bbf8-f8ec94f09a6d%22:%91%22button_icon_color%22%93}&#8221;][\/et_pb_cta][\/et_pb_column][\/et_pb_row][\/et_pb_section]<\/p>\n","protected":false},"excerpt":{"rendered":"<p><div class=\"breadcrumb\"><a href=\"https:\/\/www.granapadano.it\/it-it\/\">Home<\/a>  <  <\/div>Piano Produttivo 2022 &#8211; 2024Il Piano di regolazione dell\u2019offerta del Grana Padano DOP ha l\u2019obiettivo di disciplinare la gestione dell\u2019offerta del formaggio al fine di adeguare l\u2019offerta alla domanda attraverso: Consolidamento della presenza del prodotto sui principali mercati e acquisizione di nuovi spazi di mercato. All\u2019uopo \u00e8 stato assegnato un incarico specifico a KPMG finalizzato [&hellip;]<\/p>\n","protected":false},"author":6,"featured_media":0,"parent":5901,"menu_order":854,"comment_status":"closed","ping_status":"closed","template":"","meta":{"_acf_changed":false,"_et_pb_use_builder":"on","_et_pb_old_content":"","_et_gb_content_width":"","footnotes":""},"class_list":["post-5850","page","type-page","status-publish","hentry"],"acf":[],"yoast_head":"<!-- This site is optimized with the Yoast SEO plugin v27.2 - https:\/\/yoast.com\/product\/yoast-seo-wordpress\/ -->\n<title>Piano produttivo 2022 - 2024 - Grana Padano<\/title>\n<meta name=\"robots\" content=\"index, follow, max-snippet:-1, max-image-preview:large, max-video-preview:-1\" \/>\n<link rel=\"canonical\" href=\"https:\/\/www.granapadano.it\/it-it\/larte-della-produzione\/la-dop\/piano-produttivo-2022-2024\/\" \/>\n<meta property=\"og:locale\" content=\"it_IT\" \/>\n<meta property=\"og:type\" content=\"article\" \/>\n<meta property=\"og:title\" content=\"Piano produttivo 2022 - 2024 - Grana Padano\" \/>\n<meta property=\"og:description\" content=\"Piano Produttivo 2022 - 2024Il Piano di regolazione dell\u2019offerta del Grana Padano DOP ha l\u2019obiettivo di disciplinare la gestione dell\u2019offerta del formaggio al fine di adeguare l\u2019offerta alla domanda attraverso: Consolidamento della presenza del prodotto sui principali mercati e acquisizione di nuovi spazi di mercato. All\u2019uopo \u00e8 stato assegnato un incarico specifico a KPMG finalizzato [&hellip;]\" \/>\n<meta property=\"og:url\" content=\"https:\/\/www.granapadano.it\/it-it\/larte-della-produzione\/la-dop\/piano-produttivo-2022-2024\/\" \/>\n<meta property=\"og:site_name\" content=\"Grana Padano\" \/>\n<meta property=\"article:modified_time\" content=\"2023-05-30T08:51:55+00:00\" \/>\n<meta name=\"twitter:card\" content=\"summary_large_image\" \/>\n<meta name=\"twitter:label1\" content=\"Est. reading time\" \/>\n\t<meta name=\"twitter:data1\" content=\"2 minutes\" \/>\n<script type=\"application\/ld+json\" class=\"yoast-schema-graph\">{\"@context\":\"https:\/\/schema.org\",\"@graph\":[{\"@type\":\"WebPage\",\"@id\":\"https:\/\/www.granapadano.it\/it-it\/larte-della-produzione\/la-dop\/piano-produttivo-2022-2024\/\",\"url\":\"https:\/\/www.granapadano.it\/it-it\/larte-della-produzione\/la-dop\/piano-produttivo-2022-2024\/\",\"name\":\"Piano produttivo 2022 - 2024 - Grana Padano\",\"isPartOf\":{\"@id\":\"https:\/\/www.granapadano.it\/it-it\/#website\"},\"datePublished\":\"2023-01-23T16:05:32+00:00\",\"dateModified\":\"2023-05-30T08:51:55+00:00\",\"breadcrumb\":{\"@id\":\"https:\/\/www.granapadano.it\/it-it\/larte-della-produzione\/la-dop\/piano-produttivo-2022-2024\/#breadcrumb\"},\"inLanguage\":\"it-it\",\"potentialAction\":[{\"@type\":\"ReadAction\",\"target\":[\"https:\/\/www.granapadano.it\/it-it\/larte-della-produzione\/la-dop\/piano-produttivo-2022-2024\/\"]}]},{\"@type\":\"BreadcrumbList\",\"@id\":\"https:\/\/www.granapadano.it\/it-it\/larte-della-produzione\/la-dop\/piano-produttivo-2022-2024\/#breadcrumb\",\"itemListElement\":[{\"@type\":\"ListItem\",\"position\":1,\"name\":\"Home\",\"item\":\"https:\/\/www.granapadano.it\/it-it\/\"},{\"@type\":\"ListItem\",\"position\":2,\"name\":\"L&#8217;arte della produzione old\",\"item\":\"https:\/\/www.granapadano.it\/it-it\/larte-del-saper-fare-old\/\"},{\"@type\":\"ListItem\",\"position\":3,\"name\":\"La DOP old\",\"item\":\"https:\/\/www.granapadano.it\/it-it\/?page_id=5901\"},{\"@type\":\"ListItem\",\"position\":4,\"name\":\"Piano produttivo 2022 &#8211; 2024\"}]},{\"@type\":\"WebSite\",\"@id\":\"https:\/\/www.granapadano.it\/it-it\/#website\",\"url\":\"https:\/\/www.granapadano.it\/it-it\/\",\"name\":\"Grana Padano\",\"description\":\"\",\"potentialAction\":[{\"@type\":\"SearchAction\",\"target\":{\"@type\":\"EntryPoint\",\"urlTemplate\":\"https:\/\/www.granapadano.it\/it-it\/?s={search_term_string}\"},\"query-input\":{\"@type\":\"PropertyValueSpecification\",\"valueRequired\":true,\"valueName\":\"search_term_string\"}}],\"inLanguage\":\"it-it\"}]}<\/script>\n<!-- \/ Yoast SEO plugin. -->","yoast_head_json":{"title":"Piano produttivo 2022 - 2024 - Grana Padano","robots":{"index":"index","follow":"follow","max-snippet":"max-snippet:-1","max-image-preview":"max-image-preview:large","max-video-preview":"max-video-preview:-1"},"canonical":"https:\/\/www.granapadano.it\/it-it\/larte-della-produzione\/la-dop\/piano-produttivo-2022-2024\/","og_locale":"it_IT","og_type":"article","og_title":"Piano produttivo 2022 - 2024 - Grana Padano","og_description":"Piano Produttivo 2022 - 2024Il Piano di regolazione dell\u2019offerta del Grana Padano DOP ha l\u2019obiettivo di disciplinare la gestione dell\u2019offerta del formaggio al fine di adeguare l\u2019offerta alla domanda attraverso: Consolidamento della presenza del prodotto sui principali mercati e acquisizione di nuovi spazi di mercato. All\u2019uopo \u00e8 stato assegnato un incarico specifico a KPMG finalizzato [&hellip;]","og_url":"https:\/\/www.granapadano.it\/it-it\/larte-della-produzione\/la-dop\/piano-produttivo-2022-2024\/","og_site_name":"Grana Padano","article_modified_time":"2023-05-30T08:51:55+00:00","twitter_card":"summary_large_image","twitter_misc":{"Est. reading time":"2 minutes"},"schema":{"@context":"https:\/\/schema.org","@graph":[{"@type":"WebPage","@id":"https:\/\/www.granapadano.it\/it-it\/larte-della-produzione\/la-dop\/piano-produttivo-2022-2024\/","url":"https:\/\/www.granapadano.it\/it-it\/larte-della-produzione\/la-dop\/piano-produttivo-2022-2024\/","name":"Piano produttivo 2022 - 2024 - Grana Padano","isPartOf":{"@id":"https:\/\/www.granapadano.it\/it-it\/#website"},"datePublished":"2023-01-23T16:05:32+00:00","dateModified":"2023-05-30T08:51:55+00:00","breadcrumb":{"@id":"https:\/\/www.granapadano.it\/it-it\/larte-della-produzione\/la-dop\/piano-produttivo-2022-2024\/#breadcrumb"},"inLanguage":"it-it","potentialAction":[{"@type":"ReadAction","target":["https:\/\/www.granapadano.it\/it-it\/larte-della-produzione\/la-dop\/piano-produttivo-2022-2024\/"]}]},{"@type":"BreadcrumbList","@id":"https:\/\/www.granapadano.it\/it-it\/larte-della-produzione\/la-dop\/piano-produttivo-2022-2024\/#breadcrumb","itemListElement":[{"@type":"ListItem","position":1,"name":"Home","item":"https:\/\/www.granapadano.it\/it-it\/"},{"@type":"ListItem","position":2,"name":"L&#8217;arte della produzione old","item":"https:\/\/www.granapadano.it\/it-it\/larte-del-saper-fare-old\/"},{"@type":"ListItem","position":3,"name":"La DOP old","item":"https:\/\/www.granapadano.it\/it-it\/?page_id=5901"},{"@type":"ListItem","position":4,"name":"Piano produttivo 2022 &#8211; 2024"}]},{"@type":"WebSite","@id":"https:\/\/www.granapadano.it\/it-it\/#website","url":"https:\/\/www.granapadano.it\/it-it\/","name":"Grana Padano","description":"","potentialAction":[{"@type":"SearchAction","target":{"@type":"EntryPoint","urlTemplate":"https:\/\/www.granapadano.it\/it-it\/?s={search_term_string}"},"query-input":{"@type":"PropertyValueSpecification","valueRequired":true,"valueName":"search_term_string"}}],"inLanguage":"it-it"}]}},"_links":{"self":[{"href":"https:\/\/www.granapadano.it\/it-it\/wp-json\/wp\/v2\/pages\/5850","targetHints":{"allow":["GET"]}}],"collection":[{"href":"https:\/\/www.granapadano.it\/it-it\/wp-json\/wp\/v2\/pages"}],"about":[{"href":"https:\/\/www.granapadano.it\/it-it\/wp-json\/wp\/v2\/types\/page"}],"author":[{"embeddable":true,"href":"https:\/\/www.granapadano.it\/it-it\/wp-json\/wp\/v2\/users\/6"}],"replies":[{"embeddable":true,"href":"https:\/\/www.granapadano.it\/it-it\/wp-json\/wp\/v2\/comments?post=5850"}],"version-history":[{"count":3,"href":"https:\/\/www.granapadano.it\/it-it\/wp-json\/wp\/v2\/pages\/5850\/revisions"}],"predecessor-version":[{"id":102824,"href":"https:\/\/www.granapadano.it\/it-it\/wp-json\/wp\/v2\/pages\/5850\/revisions\/102824"}],"up":[{"embeddable":true,"href":"https:\/\/www.granapadano.it\/it-it\/wp-json\/wp\/v2\/pages\/5901"}],"wp:attachment":[{"href":"https:\/\/www.granapadano.it\/it-it\/wp-json\/wp\/v2\/media?parent=5850"}],"curies":[{"name":"wp","href":"https:\/\/api.w.org\/{rel}","templated":true}]}}