{"id":4453,"date":"2023-01-16T21:46:47","date_gmt":"2023-01-16T21:46:47","guid":{"rendered":"https:\/\/www.granapadano.it\/legal-disclaimer-copy\/"},"modified":"2025-07-29T16:13:46","modified_gmt":"2025-07-29T16:13:46","slug":"privacy-policy","status":"publish","type":"page","link":"https:\/\/www.granapadano.it\/it-it\/privacy-policy\/","title":{"rendered":"Privacy Policy"},"content":{"rendered":"<p>[et_pb_section fb_built=&#8221;1&#8243; fullwidth=&#8221;on&#8221; _builder_version=&#8221;4.19.0&#8243; _module_preset=&#8221;default&#8221; global_colors_info=&#8221;{}&#8221;][et_pb_fullwidth_image src=&#8221;https:\/\/www.granapadano.it\/wp-content\/uploads\/2022\/11\/002_img.png&#8221; title_text=&#8221;002_img&#8221; _builder_version=&#8221;4.19.0&#8243; _module_preset=&#8221;default&#8221; global_colors_info=&#8221;{}&#8221;][\/et_pb_fullwidth_image][\/et_pb_section][et_pb_section fb_built=&#8221;1&#8243; _builder_version=&#8221;4.19.3&#8243; _module_preset=&#8221;default&#8221; custom_padding=&#8221;||0px||false|false&#8221; global_colors_info=&#8221;{}&#8221;][et_pb_row _builder_version=&#8221;4.19.4&#8243; _module_preset=&#8221;default&#8221; min_height=&#8221;66.8px&#8221; custom_padding=&#8221;0px||0px||false|false&#8221; global_colors_info=&#8221;{}&#8221;][et_pb_column type=&#8221;4_4&#8243; _builder_version=&#8221;4.19.4&#8243; _module_preset=&#8221;default&#8221; global_colors_info=&#8221;{}&#8221;][et_pb_code _builder_version=&#8221;4.19.4&#8243; _module_preset=&#8221;default&#8221; global_colors_info=&#8221;{}&#8221;]<div class=\"breadcrumb\"><a href=\"https:\/\/www.granapadano.it\/it-it\/\">Home<\/a>  <  <\/div>[\/et_pb_code][\/et_pb_column][\/et_pb_row][\/et_pb_section][et_pb_section fb_built=&#8221;1&#8243; _builder_version=&#8221;4.19.4&#8243; _module_preset=&#8221;default&#8221; custom_padding=&#8221;1px|||||&#8221; global_colors_info=&#8221;{}&#8221;][et_pb_row _builder_version=&#8221;4.19.4&#8243; _module_preset=&#8221;default&#8221; min_height=&#8221;139.4px&#8221; global_colors_info=&#8221;{}&#8221;][et_pb_column type=&#8221;4_4&#8243; _builder_version=&#8221;4.19.4&#8243; _module_preset=&#8221;default&#8221; global_colors_info=&#8221;{}&#8221;][et_pb_text module_class=&#8221;privacy_title&#8221; _builder_version=&#8221;4.20.0&#8243; _module_preset=&#8221;default&#8221; text_font=&#8221;Merriweather|700|||||||&#8221; text_text_color=&#8221;#0f0f0f&#8221; text_font_size=&#8221;56px&#8221; text_line_height=&#8221;62px&#8221; header_text_color=&#8221;gcid-8696fd7e-29dd-4028-9d4d-981b208a53a9&#8243; header_font_size=&#8221;56px&#8221; text_orientation=&#8221;center&#8221; min_height=&#8221;25px&#8221; custom_margin=&#8221;-12px||7px|||&#8221; global_colors_info=&#8221;{%22gcid-8696fd7e-29dd-4028-9d4d-981b208a53a9%22:%91%22header_text_color%22%93}&#8221;]<\/p>\n<h1 style=\"text-align: center;\">Informativa per il trattamento dei dati personali<\/h1>\n<p>[\/et_pb_text][\/et_pb_column][\/et_pb_row][et_pb_row _builder_version=&#8221;4.19.4&#8243; _module_preset=&#8221;default&#8221; min_height=&#8221;12.2px&#8221; custom_margin=&#8221;-54px|auto|-19px|auto||&#8221; custom_padding=&#8221;||3px|||&#8221; global_colors_info=&#8221;{}&#8221;][et_pb_column type=&#8221;4_4&#8243; _builder_version=&#8221;4.19.4&#8243; _module_preset=&#8221;default&#8221; global_colors_info=&#8221;{}&#8221;][et_pb_text _builder_version=&#8221;4.19.4&#8243; _module_preset=&#8221;default&#8221; text_font=&#8221;Merriweather|700|||||||&#8221; text_text_color=&#8221;#0f0f0f&#8221; text_font_size=&#8221;25px&#8221; text_line_height=&#8221;31px&#8221; text_orientation=&#8221;center&#8221; custom_padding=&#8221;10px||10px||false|false&#8221; global_colors_info=&#8221;{}&#8221;]<\/p>\n<p style=\"text-align: left;\">Resa ai sensi e per gli effetti del Regolamento UE 2016\/679 o GDPR<\/p>\n<p>[\/et_pb_text][\/et_pb_column][\/et_pb_row][et_pb_row _builder_version=&#8221;4.19.4&#8243; _module_preset=&#8221;default&#8221; min_height=&#8221;269.5px&#8221; global_colors_info=&#8221;{}&#8221;][et_pb_column type=&#8221;4_4&#8243; _builder_version=&#8221;4.19.4&#8243; _module_preset=&#8221;default&#8221; global_colors_info=&#8221;{}&#8221;][et_pb_text _builder_version=&#8221;4.27.4&#8243; _module_preset=&#8221;default&#8221; text_text_color=&#8221;#0f0f0f&#8221; text_font_size=&#8221;18px&#8221; text_line_height=&#8221;26px&#8221; min_height=&#8221;374px&#8221; custom_padding=&#8221;||86px||false|false&#8221; hover_enabled=&#8221;0&#8243; global_colors_info=&#8221;{}&#8221; sticky_enabled=&#8221;0&#8243;]<\/p>\n<p><strong>FINALITA&#8217; DEL PRESENTE DOCUMENTO<\/strong><br \/>Vengono di seguito comunicate le modalit\u00e0 di trattamento dei dati personali degli utenti del Sito <strong><span style=\"text-decoration: underline;\"><span style=\"color: #000000;\"><a style=\"color: #000000; text-decoration: underline;\" href=\"https:\/\/www.granapadano.it\/\" target=\"_blank\" rel=\"noopener\">www.granapadano.it<\/a> <\/span><\/span><\/strong>eventualmente raccolti durante la consultazione dello stesso.<br \/>L&#8217;informativa viene resa ai sensi dell&#8217;art.13 del Regolamento UE 2016\/679 e della normativa nazionale in materia di protezione dei dati personali a coloro che interagiscono con i servizi web accessibili per via telematica a partire dall\u2019indirizzo: <strong><span style=\"color: #000000;\"><a style=\"color: #000000; text-decoration: underline;\" href=\"https:\/\/www.granapadano.it\/\" target=\"_blank\" rel=\"noopener\">www.granapadano.it<\/a>.<\/span><\/strong><br \/>Le indicazioni fornite di seguito si ispirano anche a quanto previsto dalla Direttiva 2002\/58\/CE nonch\u00e9 a quanto previsto dal Provvedimento dell\u2019Autorit\u00e0 Garante per la protezione dei dati personali in materia di cookies.<br \/>A parte quanto specificato per i dati di navigazione, l&#8217;Utente \u00e8 libero di fornire i dati personali. Il mancato conferimento dei dati personali comporta, per alcuni servizi, l&#8217;impossibilit\u00e0 di fruire dei servizi offerti dal Titolare del trattamento.<\/p>\n<p><strong>IL TITOLARE DEL TRATTAMENTO<\/strong><br \/>Il Titolare del trattamento \u00e8 il <strong>Consorzio Tutela Grana Padano<\/strong> con sede legale in Via XXIV Giugno, 8 CAP 25015 San Martino della Battaglia &#8211; Desenzano del Garda (BS) che pu\u00f2 essere contattato ai seguenti dati di contatto: <strong>tel. 030\/9109811, fax 030\/9910487<\/strong>, e-mail: <span style=\"text-decoration: underline; color: #000000;\"><strong><a style=\"color: #000000; text-decoration: underline;\" href=\"mailto:info@granapadano.it\" target=\"_blank\" rel=\"noopener\">info@granapadano.it<\/a><\/strong><\/span>.<\/p>\n<p><strong>AMBITO<\/strong><br \/>L&#8217;informativa \u00e8 resa solo per il Sito in oggetto e non anche per altri siti web esterni eventualmente consultabili tramite i link presenti sulle pagine del Sito che collegano a domini diversi, dei quali il Titolare del trattamento non \u00e8 responsabile.<\/p>\n<p><strong>LUOGO DI TRATTAMENTO DEI DATI<\/strong><br \/>I trattamenti connessi ai servizi web sul Sito (fisicamente residenti su server collegati alla rete) sono effettuati presso la sede del Titolare del trattamento e sono curati solo da dipendenti, collaboratori o incaricati al trattamento oppure da eventuali incaricati di occasionali operazioni di manutenzione.<\/p>\n<p><strong>TIPI DI DATI TRATTATI<\/strong><\/p>\n<p><strong>DATI DI NAVIGAZIONE<\/strong><br \/>I sistemi informatici e le procedure software preposte al funzionamento del Sito acquisiscono, nel corso del loro normale esercizio, alcuni dati personali la cui trasmissione \u00e8 implicita nell&#8217;uso dei protocolli di comunicazione di Internet. Si tratta di informazioni che non sono raccolte per essere associate ad interessati identificati, ma che per loro stessa natura potrebbero, attraverso elaborazioni ed associazioni con dati detenuti da terzi, permettere di identificare gli utenti. In questa categoria di dati rientrano, a mero titolo esemplificativo, gli indirizzi IP o i nomi a dominio dei computer utilizzati dagli utenti che si connettono al Sito, gli indirizzi in notazione URI (Uniform Resource Identifier) delle risorse richieste, l&#8217;orario della richiesta, il metodo utilizzato nel sottoporre la richiesta al server, la dimensione del file ottenuto in risposta, il codice numerico indicante lo stato della risposta data dal server (buon fine, errore, ecc.) ed altri parametri relativi al sistema operativo e all&#8217;ambiente informatico dell&#8217;utente. Questi dati sono utilizzati al solo fine di ricavare informazioni statistiche anonime sull&#8217;uso del Sito e per controllarne il corretto funzionamento. I dati potrebbero essere resi disponibili dal Titolare del trattamento per l&#8217;accertamento di responsabilit\u00e0 in caso di ipotetici reati informatici o altre richieste autorizzate dall&#8217;autorit\u00e0 giudiziaria.<\/p>\n<p><strong>DATI CONFERITI VOLONTARIAMENTE DAGLI UTENTI DEL SITO<\/strong><br \/>L&#8217;invio facoltativo, esplicito e volontario di messaggi di posta elettronica agli indirizzi indicati sul Sito, o tramite la compilazione di moduli di richiesta o altre procedure guidate presenti sul Sito stesso, comporta la successiva acquisizione dell&#8217;indirizzo del mittente, necessario per rispondere alle richieste nonch\u00e9 degli eventuali altri dati personali inseriti.<br \/>L&#8217;utente \u00e8 libero di fornire i dati personali riportati nei moduli di richiesta o comunque indicati in contatti per sollecitare l&#8217;invio di materiale informativo o di altre comunicazioni. Il loro mancato conferimento pu\u00f2 comportare l&#8217;impossibilit\u00e0 di ottenere quanto richiesto.<br \/>Specifiche informative di sintesi verranno riportate o visualizzate nelle pagine del Sito predisposte per particolari servizi a richiesta.<\/p>\n<p><strong>USERNAME E PASSWORD<\/strong><br \/>Nel caso in cui per l&#8217;accesso a sezioni riservate del Sito venga richiesto all&#8217;utente di scegliere uno &#8216;username&#8217; e\/o una &#8216;password&#8217;, sar\u00e0 responsabilit\u00e0 dell&#8217;utente mantenere tali dati riservati e comunicare immediatamente al Titolare del trattamento il loro utilizzo da parte di persone non autorizzate.<\/p>\n<p><strong>COOKIE<\/strong><br \/>I cookie sono brevi file di testo che vengono scaricati sul dispositivo dell&#8217;Utente quando si visita un Sito web e consentono al Sito di riconoscere il dispositivo dell\u2019Utente. Essi hanno diverse finalit\u00e0 come, per esempio, consentire di navigare efficientemente tra le pagine, ricordare i siti preferiti e, in generale, migliorare l&#8217;esperienza di navigazione.<br \/>In base alla funzione e alla finalit\u00e0 di utilizzo, i cookie possono suddividersi in cookie tecnici, cookie di profilazione, cookie di terze parti.<br \/>Per un approfondimento sui Cookie utilizzati dal Sito vedi l&#8217;apposita sezione.<\/p>\n<p><strong>MODALITA&#8217; DEL TRATTAMENTO<\/strong><br \/>I dati personali sono trattati con e senza strumenti elettronici o comunque automatizzati, informatici o telematici. In ottemperanza agli obblighi di adeguamento previsti dalla normativa europea e nazionale, specifiche misure di sicurezza sono osservate per prevenire la perdita dei dati, usi illeciti o non corretti ed accessi non autorizzati.<br \/>Per fornire un servizio completo, il Sito pu\u00f2 contenere link ad altri siti web non gestiti dal presente Titolare del trattamento il quale non pu\u00f2 essere ritenuto responsabile di errori, contenuti, cookie, pubblicazioni di contenuto morale illecito, pubblicit\u00e0, banner o file non conformi alle disposizioni normative vigenti e del rispetto della normativa Privacy da parte dei siti suddetti.<\/p>\n<p><strong>FINALITA\u2019 DEL TRATTAMENTO E BASE GIURIDICA<\/strong><br \/>I dati personali raccolti saranno trattati da CONSORZIO DEL FORMAGGIO GRANA PADANO nel rispetto delle condizioni di liceit\u00e0 ex art. 6 Reg. UE 2016\/679, per le seguenti finalit\u00e0:<\/p>\n<p>a) i dati acquisiti durante la navigazione sono trattati per permettere il funzionamento del sito;<br \/>b) i dati personali forniti dagli utenti che inoltrano richieste sono utilizzati al solo fine di dare esecuzione alla richiesta di volta in volta inoltrata;<br \/>c) previo consenso dell\u2019interessato, facoltativo e revocabile in qualunque momento i dati personali forniti dagli utenti per la registrazione a specifici servizi (es. newsletter) sono utilizzati al solo fine di fornire il servizio richiesto.<br \/>d) con la registrazione al servizio gli utenti esprimono il proprio consenso al trattamento dei loro dati personali secondo quanto descritto nelle informative specifiche del servizio.<br \/>e) i dati personali forniti per eventuali finalit\u00e0 amministrativo-contabili sono utilizzati per adempiere ad obblighi contrattuali.<\/p>\n<p><strong>DESTINATARI O CATEGORIE DI DESTINATARI DEI DATI<\/strong><br \/>Per le finalit\u00e0 sopra elencate i dati personali raccolti potranno essere comunicati ai seguenti destinatari che tratteranno i dati in qualit\u00e0 di Responsabili e\/o in qualit\u00e0 di persone fisiche che agiscono sotto l\u2019autorit\u00e0 del Titolare e del Responsabile:<\/p>\n<p>\u2022 soggetti che forniscono servizi per la gestione del Sito web, del sistema informativo e delle reti di comunicazione;<br \/>\u2022 studi professionali e\/o societ\u00e0 nell\u2019ambito di rapporti di assistenza e consulenza al Titolare.<\/p>\n<p>In ogni caso i dati potranno essere trasmessi a soggetti ai quali la facolt\u00e0 di accedere ai dati sia riconosciuta da disposizioni di legge o normative regolamentari, nazionali o comunitarie (ad esempio, Autorit\u00e0 preposte al controllo e alla vigilanza della Pubblica Sicurezza, Autorit\u00e0 Giudiziaria e di Polizia Giudiziaria).<\/p>\n<p><strong>TRASFERIMENTO DEI DATI A PAESI TERZI E GARANZIE<\/strong><br \/>Per il perseguimento delle finalit\u00e0 sopra descritte i dati personali raccolti potranno essere trasferiti a sistemi informatici situati in Paesi appartenenti all\u2019Unione europea o in Paesi Extra UE conformemente con quanto previsto dal Regolamento, all\u2019articolo 44 &#8211; Principio generale per il trasferimento, all\u2019articolo 45 &#8211; Trasferimento sulla base di una decisione di adeguatezza e all\u2019articolo 46 &#8211; Trasferimento soggetto a garanzie adeguate.<\/p>\n<p><strong>PERIODO DI CONSERVAZIONE<\/strong><br \/>I dati personali raccolti verranno conservati in una forma che consenta l\u2019identificazione degli interessati per il tempo strettamente necessario a conseguire le finalit\u00e0 di trattamento per cui sono stati raccolti e altri scopi consentiti e correlati o in base a quanto previsto dalla normativa.<br \/>Decorsi i termini di conservazione sopra indicati, i dati saranno distrutti o resi anonimi, compatibilmente con le procedure tecniche di cancellazione e backup.<\/p>\n<p><strong>DIRITTI DEGLI INTERESSATI<\/strong><br \/>Gli interessati possono chiedere al Titolare del trattamento l\u2019accesso ai dati che li riguardano, la rettifica dei dati inesatti o l\u2019integrazione dei dati incompleti. Laddove applicabili, gli interessati potranno esercitare il diritto alla cancellazione, alla limitazione del trattamento, all\u2019opposizione al trattamento e alla portabilit\u00e0 dei dati (ex artt. da 15 a 22 del GDPR). Qualora il trattamento sia basato sul consenso, gli interessati hanno il diritto di revocare il consenso in qualsiasi momento.<br \/>Tali diritti possono essere esercitati rivolgendosi al Titolare del trattamento tramite i dati di contatto sopra riportati.<\/p>\n<p><strong>DIRITTO DI RECLAMO<\/strong><br \/>Gli interessati che ritengono che il trattamento dei dati personali a loro riferiti effettuato attraverso questo Sito avvenga in violazione di quanto previsto dal Regolamento e della normativa nazionale hanno il diritto di proporre reclamo all\u2019Autorit\u00e0 Garante per la protezione dei dati personali o di proporre ricorso giurisdizionale.<\/p>\n<p><strong>MODIFICHE ALLA PRESENTE PRIVACY POLICY<\/strong><br \/>Il Titolare del trattamento si riserva il diritto di aggiornare la presente Privacy Policy in ogni momento per adeguarla al diritto sopravveniente e di migliorarla tenendo conto anche dei suggerimenti trasmessi da clienti, collaboratori ed utenti.<\/p>\n<p><strong>COOKIE<\/strong><\/p>\n<p>[\/et_pb_text][et_pb_code _builder_version=&#8221;4.20.4&#8243; _module_preset=&#8221;default&#8221; global_colors_info=&#8221;{}&#8221;]<script id=\"CookieDeclaration\" src=\"https:\/\/consent.cookiebot.com\/2f25e4ca-b580-40fa-9afb-ac6deef4bb83\/cd.js\" type=\"text\/javascript\" async><\/script>[\/et_pb_code][\/et_pb_column][\/et_pb_row][\/et_pb_section]<\/p>\n","protected":false},"excerpt":{"rendered":"<p><div class=\"breadcrumb\"><a href=\"https:\/\/www.granapadano.it\/it-it\/\">Home<\/a>  <  <\/div>Informativa per il trattamento dei dati personaliResa ai sensi e per gli effetti del Regolamento UE 2016\/679 o GDPRFINALITA&#8217; DEL PRESENTE DOCUMENTOVengono di seguito comunicate le modalit\u00e0 di trattamento dei dati personali degli utenti del Sito www.granapadano.it eventualmente raccolti durante la consultazione dello stesso.L&#8217;informativa viene resa ai sensi dell&#8217;art.13 del Regolamento UE 2016\/679 e della [&hellip;]<\/p>\n","protected":false},"author":6,"featured_media":0,"parent":0,"menu_order":841,"comment_status":"closed","ping_status":"closed","template":"","meta":{"_acf_changed":false,"_et_pb_use_builder":"on","_et_pb_old_content":"","_et_gb_content_width":"","footnotes":""},"class_list":["post-4453","page","type-page","status-publish","hentry"],"acf":[],"yoast_head":"<!-- This site is optimized with the Yoast SEO plugin v27.3 - https:\/\/yoast.com\/product\/yoast-seo-wordpress\/ -->\n<title>Privacy Policy - Grana Padano<\/title>\n<meta name=\"robots\" content=\"index, follow, max-snippet:-1, max-image-preview:large, max-video-preview:-1\" \/>\n<link rel=\"canonical\" href=\"https:\/\/www.granapadano.it\/it-it\/privacy-policy\/\" \/>\n<meta property=\"og:locale\" content=\"it_IT\" \/>\n<meta property=\"og:type\" content=\"article\" \/>\n<meta property=\"og:title\" content=\"Privacy Policy - Grana Padano\" \/>\n<meta property=\"og:description\" content=\"Informativa per il trattamento dei dati personaliResa ai sensi e per gli effetti del Regolamento UE 2016\/679 o GDPRFINALITA&#039; DEL PRESENTE DOCUMENTOVengono di seguito comunicate le modalit\u00e0 di trattamento dei dati personali degli utenti del Sito www.granapadano.it eventualmente raccolti durante la consultazione dello stesso.L&#039;informativa viene resa ai sensi dell&#039;art.13 del Regolamento UE 2016\/679 e della [&hellip;]\" \/>\n<meta property=\"og:url\" content=\"https:\/\/www.granapadano.it\/it-it\/privacy-policy\/\" \/>\n<meta property=\"og:site_name\" content=\"Grana Padano\" \/>\n<meta property=\"article:modified_time\" content=\"2025-07-29T16:13:46+00:00\" \/>\n<meta name=\"twitter:card\" content=\"summary_large_image\" \/>\n<meta name=\"twitter:label1\" content=\"Est. reading time\" \/>\n\t<meta name=\"twitter:data1\" content=\"8 minutes\" \/>\n<script type=\"application\/ld+json\" class=\"yoast-schema-graph\">{\"@context\":\"https:\\\/\\\/schema.org\",\"@graph\":[{\"@type\":\"WebPage\",\"@id\":\"https:\\\/\\\/www.granapadano.it\\\/it-it\\\/privacy-policy\\\/\",\"url\":\"https:\\\/\\\/www.granapadano.it\\\/it-it\\\/privacy-policy\\\/\",\"name\":\"Privacy Policy - Grana Padano\",\"isPartOf\":{\"@id\":\"https:\\\/\\\/www.granapadano.it\\\/it-it\\\/#website\"},\"datePublished\":\"2023-01-16T21:46:47+00:00\",\"dateModified\":\"2025-07-29T16:13:46+00:00\",\"breadcrumb\":{\"@id\":\"https:\\\/\\\/www.granapadano.it\\\/it-it\\\/privacy-policy\\\/#breadcrumb\"},\"inLanguage\":\"it-it\",\"potentialAction\":[{\"@type\":\"ReadAction\",\"target\":[\"https:\\\/\\\/www.granapadano.it\\\/it-it\\\/privacy-policy\\\/\"]}]},{\"@type\":\"BreadcrumbList\",\"@id\":\"https:\\\/\\\/www.granapadano.it\\\/it-it\\\/privacy-policy\\\/#breadcrumb\",\"itemListElement\":[{\"@type\":\"ListItem\",\"position\":1,\"name\":\"Home\",\"item\":\"https:\\\/\\\/www.granapadano.it\\\/it-it\\\/\"},{\"@type\":\"ListItem\",\"position\":2,\"name\":\"Privacy Policy\"}]},{\"@type\":\"WebSite\",\"@id\":\"https:\\\/\\\/www.granapadano.it\\\/it-it\\\/#website\",\"url\":\"https:\\\/\\\/www.granapadano.it\\\/it-it\\\/\",\"name\":\"Grana Padano\",\"description\":\"\",\"potentialAction\":[{\"@type\":\"SearchAction\",\"target\":{\"@type\":\"EntryPoint\",\"urlTemplate\":\"https:\\\/\\\/www.granapadano.it\\\/it-it\\\/?s={search_term_string}\"},\"query-input\":{\"@type\":\"PropertyValueSpecification\",\"valueRequired\":true,\"valueName\":\"search_term_string\"}}],\"inLanguage\":\"it-it\"}]}<\/script>\n<!-- \/ Yoast SEO plugin. -->","yoast_head_json":{"title":"Privacy Policy - Grana Padano","robots":{"index":"index","follow":"follow","max-snippet":"max-snippet:-1","max-image-preview":"max-image-preview:large","max-video-preview":"max-video-preview:-1"},"canonical":"https:\/\/www.granapadano.it\/it-it\/privacy-policy\/","og_locale":"it_IT","og_type":"article","og_title":"Privacy Policy - Grana Padano","og_description":"Informativa per il trattamento dei dati personaliResa ai sensi e per gli effetti del Regolamento UE 2016\/679 o GDPRFINALITA' DEL PRESENTE DOCUMENTOVengono di seguito comunicate le modalit\u00e0 di trattamento dei dati personali degli utenti del Sito www.granapadano.it eventualmente raccolti durante la consultazione dello stesso.L'informativa viene resa ai sensi dell'art.13 del Regolamento UE 2016\/679 e della [&hellip;]","og_url":"https:\/\/www.granapadano.it\/it-it\/privacy-policy\/","og_site_name":"Grana Padano","article_modified_time":"2025-07-29T16:13:46+00:00","twitter_card":"summary_large_image","twitter_misc":{"Est. reading time":"8 minutes"},"schema":{"@context":"https:\/\/schema.org","@graph":[{"@type":"WebPage","@id":"https:\/\/www.granapadano.it\/it-it\/privacy-policy\/","url":"https:\/\/www.granapadano.it\/it-it\/privacy-policy\/","name":"Privacy Policy - Grana Padano","isPartOf":{"@id":"https:\/\/www.granapadano.it\/it-it\/#website"},"datePublished":"2023-01-16T21:46:47+00:00","dateModified":"2025-07-29T16:13:46+00:00","breadcrumb":{"@id":"https:\/\/www.granapadano.it\/it-it\/privacy-policy\/#breadcrumb"},"inLanguage":"it-it","potentialAction":[{"@type":"ReadAction","target":["https:\/\/www.granapadano.it\/it-it\/privacy-policy\/"]}]},{"@type":"BreadcrumbList","@id":"https:\/\/www.granapadano.it\/it-it\/privacy-policy\/#breadcrumb","itemListElement":[{"@type":"ListItem","position":1,"name":"Home","item":"https:\/\/www.granapadano.it\/it-it\/"},{"@type":"ListItem","position":2,"name":"Privacy Policy"}]},{"@type":"WebSite","@id":"https:\/\/www.granapadano.it\/it-it\/#website","url":"https:\/\/www.granapadano.it\/it-it\/","name":"Grana Padano","description":"","potentialAction":[{"@type":"SearchAction","target":{"@type":"EntryPoint","urlTemplate":"https:\/\/www.granapadano.it\/it-it\/?s={search_term_string}"},"query-input":{"@type":"PropertyValueSpecification","valueRequired":true,"valueName":"search_term_string"}}],"inLanguage":"it-it"}]}},"_links":{"self":[{"href":"https:\/\/www.granapadano.it\/it-it\/wp-json\/wp\/v2\/pages\/4453","targetHints":{"allow":["GET"]}}],"collection":[{"href":"https:\/\/www.granapadano.it\/it-it\/wp-json\/wp\/v2\/pages"}],"about":[{"href":"https:\/\/www.granapadano.it\/it-it\/wp-json\/wp\/v2\/types\/page"}],"author":[{"embeddable":true,"href":"https:\/\/www.granapadano.it\/it-it\/wp-json\/wp\/v2\/users\/6"}],"replies":[{"embeddable":true,"href":"https:\/\/www.granapadano.it\/it-it\/wp-json\/wp\/v2\/comments?post=4453"}],"version-history":[{"count":6,"href":"https:\/\/www.granapadano.it\/it-it\/wp-json\/wp\/v2\/pages\/4453\/revisions"}],"predecessor-version":[{"id":140833,"href":"https:\/\/www.granapadano.it\/it-it\/wp-json\/wp\/v2\/pages\/4453\/revisions\/140833"}],"wp:attachment":[{"href":"https:\/\/www.granapadano.it\/it-it\/wp-json\/wp\/v2\/media?parent=4453"}],"curies":[{"name":"wp","href":"https:\/\/api.w.org\/{rel}","templated":true}]}}