{"id":34078,"date":"2023-02-16T16:49:30","date_gmt":"2023-02-16T16:49:30","guid":{"rendered":"https:\/\/www.granapadano.it\/momenti-di-consumo\/abbinamenti\/con-quali-birre-abbinare-il-grana-padano\/miele-di-tiglio-copy\/"},"modified":"2026-03-19T14:20:57","modified_gmt":"2026-03-19T14:20:57","slug":"il-mondo-dei-mieli","status":"publish","type":"page","link":"https:\/\/www.granapadano.it\/it-it\/ricette\/abbinamenti\/con-quali-mieli-abbinare-il-grana-padano\/il-mondo-dei-mieli\/","title":{"rendered":"il mondo dei mieli"},"content":{"rendered":"<p>[et_pb_section fb_built=&#8221;1&#8243; fullwidth=&#8221;on&#8221; _builder_version=&#8221;4.19.5&#8243; _module_preset=&#8221;default&#8221; global_colors_info=&#8221;{}&#8221;][et_pb_fullwidth_code _builder_version=&#8221;4.20.0&#8243; _module_preset=&#8221;default&#8221; global_colors_info=&#8221;{}&#8221;][et_pb_section global_module=\"41912 \"][\/et_pb_section][\/et_pb_fullwidth_code][\/et_pb_section][et_pb_section fb_built=&#8221;1&#8243; module_class=&#8221;production_sub_hub_main_wrapper&#8221; _builder_version=&#8221;4.19.4&#8243; _module_preset=&#8221;default&#8221; custom_padding=&#8221;13px||0px|||&#8221; locked=&#8221;off&#8221; global_colors_info=&#8221;{}&#8221;][et_pb_row module_class=&#8221;recipe_filter_section&#8221; _builder_version=&#8221;4.19.2&#8243; _module_preset=&#8221;default&#8221; max_width=&#8221;90%&#8221; custom_padding=&#8221;||7px|||&#8221; global_colors_info=&#8221;{}&#8221;][et_pb_column type=&#8221;4_4&#8243; _builder_version=&#8221;4.19.2&#8243; _module_preset=&#8221;default&#8221; global_colors_info=&#8221;{}&#8221;][et_pb_code _builder_version=&#8221;4.19.2&#8243; _module_preset=&#8221;default&#8221; custom_margin=&#8221;||16px|||&#8221; global_colors_info=&#8221;{}&#8221;]<div class=\"breadcrumb\"><a href=\"https:\/\/www.granapadano.it\/it-it\/\">Home<\/a>  <  <\/div>[\/et_pb_code][\/et_pb_column][\/et_pb_row][\/et_pb_section][et_pb_section fb_built=&#8221;1&#8243; module_class=&#8221;giovani_sub_hub_title&#8221; _builder_version=&#8221;4.19.5&#8243; _module_preset=&#8221;default&#8221; custom_padding=&#8221;0px||0px||false|false&#8221; locked=&#8221;off&#8221; global_colors_info=&#8221;{}&#8221;][et_pb_row module_class=&#8221;gp_producion_heading_wrapper&#8221; _builder_version=&#8221;4.19.5&#8243; _module_preset=&#8221;default&#8221; max_width=&#8221;90%&#8221; module_alignment=&#8221;center&#8221; custom_padding=&#8221;||||false|false&#8221; global_colors_info=&#8221;{}&#8221;][et_pb_column type=&#8221;4_4&#8243; _builder_version=&#8221;4.19.4&#8243; _module_preset=&#8221;default&#8221; global_colors_info=&#8221;{}&#8221;][et_pb_text _builder_version=&#8221;4.21.0&#8243; _module_preset=&#8221;default&#8221; text_font=&#8221;Merriweather|700|||||||&#8221; text_text_color=&#8221;#000000&#8243; text_font_size=&#8221;44px&#8221; text_line_height=&#8221;52px&#8221; hover_enabled=&#8221;0&#8243; global_colors_info=&#8221;{}&#8221; sticky_enabled=&#8221;0&#8243;]<\/p>\n<p style=\"text-align: center;\">\n<h1 style=\"text-align: center;\">Il mondo dei mieli<\/h1>\n<\/p>\n<p>[\/et_pb_text][\/et_pb_column][\/et_pb_row][et_pb_row column_structure=&#8221;3_5,2_5&#8243; module_class=&#8221;giovani_sub_hub_video_bottom_text grana_e_solo_text_para&#8221; _builder_version=&#8221;4.19.5&#8243; _module_preset=&#8221;default&#8221; max_width=&#8221;90%&#8221; module_alignment=&#8221;center&#8221; min_height=&#8221;90px&#8221; custom_margin=&#8221;-2px||||false|false&#8221; custom_padding=&#8221;0px||2px||false|false&#8221; global_colors_info=&#8221;{}&#8221;][et_pb_column type=&#8221;3_5&#8243; _builder_version=&#8221;4.19.4&#8243; _module_preset=&#8221;default&#8221; global_colors_info=&#8221;{}&#8221;][et_pb_text _builder_version=&#8221;4.19.5&#8243; _module_preset=&#8221;default&#8221; text_font=&#8221;FontPadano-Bold|300|||||||&#8221; text_text_color=&#8221;#0f0f0f&#8221; text_font_size=&#8221;26px&#8221; text_line_height=&#8221;27px&#8221; background_color=&#8221;gcid-26f0371c-74dd-4e63-bbf8-f8ec94f09a6d&#8221; text_orientation=&#8221;center&#8221; width=&#8221;15%&#8221; module_alignment=&#8221;left&#8221; custom_margin=&#8221;||30px||false|false&#8221; custom_padding=&#8221;10px||10px||false|false&#8221; border_radii=&#8221;on|30px|30px|30px|30px&#8221; global_colors_info=&#8221;{%22gcid-26f0371c-74dd-4e63-bbf8-f8ec94f09a6d%22:%91%22background_color%22%93}&#8221;]<\/p>\n<p>Miele<\/p>\n<p>[\/et_pb_text][\/et_pb_column][et_pb_column type=&#8221;2_5&#8243; _builder_version=&#8221;4.19.5&#8243; _module_preset=&#8221;default&#8221; global_colors_info=&#8221;{}&#8221;][\/et_pb_column][\/et_pb_row][et_pb_row _builder_version=&#8221;4.19.5&#8243; _module_preset=&#8221;default&#8221; max_width=&#8221;90%&#8221; module_alignment=&#8221;center&#8221; custom_margin=&#8221;-2px||||false|false&#8221; custom_padding=&#8221;0px||60px||false|false&#8221; global_colors_info=&#8221;{}&#8221;][et_pb_column type=&#8221;4_4&#8243; _builder_version=&#8221;4.19.5&#8243; _module_preset=&#8221;default&#8221; global_colors_info=&#8221;{}&#8221;][et_pb_text _builder_version=&#8221;4.19.5&#8243; _module_preset=&#8221;default&#8221; text_text_color=&#8221;#0f0f0f&#8221; text_font_size=&#8221;18px&#8221; text_line_height=&#8221;26px&#8221; width=&#8221;100%&#8221; custom_padding=&#8221;|33px||||&#8221; global_colors_info=&#8221;{}&#8221;]Il miele \u00e8 un alimento antichissimo, il primo dolce altamente energetico presente nell\u2019alimentazione umana. Utilizzato nei riti sacri e nella conservazione degli alimenti, il miele, assieme agli altri prodotti dell\u2019alveare come cera e propoli, accompagna la vita quotidiana dell\u2019essere umano da secoli.<br \/>\nNel corso del tempo la tecnologia di estrazione del miele dai favi \u00e8 mutata, per\u00f2 solo in relazione all\u2019invenzione di nuove attrezzature per svolgere pi\u00f9 comodamente operazioni di base, rimaste semplici e invariate nel tempo: ritiro dei favi dall\u2019alveare, estrazione del miele, filtrazione, decantazione, confezionamento e conservazione. Si \u00e8 passati dall\u2019asportare e torchiare i favi, ad estrarlo per centrifugazione, lasciando i favi praticamente intatti, pronti per essere ridati alle api. Dopo l\u2019estrazione il miele viene filtrato per asportare le eventuali impurit\u00e0, costituite principalmente da pezzetti di cera. Successivamente viene fatto decantare in contenitori cilindrici verticali chiamati maturatori, utili a far andare in superficie nel giro di qualche giorno le particelle pi\u00f9 sottili di impurit\u00e0 e l\u2019aria inglobata durante la centrifugazione. Ultima fase \u00e8 il confezionamento, in contenitori di varia dimensione.  Il miele non teme il freddo, al contrario la conservazione a temperature elevate accelera i processi di invecchiamento che lo portano a perdere attivit\u00e0 enzimatica e profumi. La conservazione ideale del miele \u00e8 al fresco, al buio, lontano da fonti di calore e umidit\u00e0.<br \/>\nIl miele contiene circa l\u201980% di zuccheri semplici (glucosio e fruttosio), circa il 17% di acqua e il restante 3% diviso fra sali minerali, vitamine, proteine, aminoacidi, enzimi, sostanze aromatiche, ecc.<br \/>\nGli zuccheri disciolti in cos\u00ec poca acqua, soprattutto il glucosio che \u00e8 poco solubile, tornano presto nella loro forma solida, iniziando cos\u00ec il processo di cristallizzazione. Tutti i mieli, col passare del tempo, possono cristallizzare, pi\u00f9 il processo avverr\u00e0 velocemente pi\u00f9 i cristalli che si formeranno saranno numerosi e sottili. Alcuni apicoltori conoscono i \u201csegreti\u201d che presiedono al processo di cristallizzazione e, semplicemente miscelando il miele a temperatura controllata, riescono ad ottenere mieli cremosi o dalle cristallizzazioni particolarmente sottili ed accattivanti.<br \/>\nL\u2019 Italia \u00e8 un giardino botanico ricco di biodiversit\u00e0 grazie anche alla sua conformazione orografica, che va dai territori alpini di alta montagna alla macchia mediterranea. Ogni anno si producono quasi una cinquantina di mieli uniflorali, cio\u00e8 derivati principalmente da un\u2019unica origine botanica. A questi si aggiungono una miriade di mieli millefiori, veri specchi del territorio, che racchiudono i nettari di tutte le specie botaniche presenti in un dato areale in un preciso periodo di raccolta.<br \/>\nAlcuni mieli vengono prodotti con relativa costanza come i mieli di acacia, sulla, girasole, agrumi, eucalipto, castagno, millefiori. Altri sono prodotti a seconda delle annate, in base all\u2019andamento meteorologico o alle coltivazioni: tarassaco, erica, asfodelo, rododendro, rosmarino, tiglio, melata, melata d\u2019abete, trifoglio, erba medica, coriandolo, melo, ciliegio. Alcune sono specialit\u00e0 territoriali uniche: miele di corbezzolo, miele di barena della laguna veneta, miele di timo dei Monti Iblei.<br \/>\nCome scegliere un buon miele? Un solo consiglio, cercate la provenienza sull\u2019etichetta, cercate MIELE ITALIANO.[\/et_pb_text][\/et_pb_column][\/et_pb_row][\/et_pb_section]<\/p>\n","protected":false},"excerpt":{"rendered":"<p><div class=\"et_pb_module et_pb_fullwidth_image et_pb_fullwidth_image_0\">\n\t\t\t\t\n\t\t\t\t\n\t\t\t\t\n\t\t\t\t\n\t\t\t\t<img decoding=\"async\" width=\"1920\" height=\"380\" src=\"https:\/\/granapadano.kleecks-cdn.com\/wp-content\/uploads\/2023\/02\/testata-miele-43669-h.jpg\" alt=\"\" title=\"testata-miele-43669-m\" srcset=\"https:\/\/granapadano.kleecks-cdn.com\/wp-content\/uploads\/2023\/02\/testata-miele-43669-h.jpg%201920w,%20https:\/granapadano.kleecks-cdn.com\/wp-content\/uploads\/2023\/02\/testata-miele-43669-h-1280x253.jpg%201280w,%20https:\/granapadano.kleecks-cdn.com\/wp-content\/uploads\/2023\/02\/testata-miele-43669-h-980x194.jpg%20980w,%20https:\/granapadano.kleecks-cdn.com\/wp-content\/uploads\/2023\/02\/testata-miele-43669-h-480x95.jpg%20480w\" sizes=\"(min-width: 0px) and (max-width: 480px) 480px, (min-width: 481px) and (max-width: 980px) 980px, (min-width: 981px) and (max-width: 1280px) 1280px, (min-width: 1281px) 1920px, 100vw\" class=\"wp-image-41844\" data-et-multi-view=\"{&quot;schema&quot;:{&quot;attrs&quot;:{&quot;desktop&quot;:{&quot;src&quot;:&quot;https:\\\/\\\/www.granapadano.it\\\/wp-content\\\/uploads\\\/2023\\\/02\\\/testata-miele-43669-h.jpg&quot;,&quot;alt&quot;:&quot;&quot;,&quot;title&quot;:&quot;testata-miele-43669-m&quot;,&quot;class&quot;:&quot;wp-image-41844&quot;,&quot;srcset&quot;:&quot;https:\\\/\\\/www.granapadano.it\\\/wp-content\\\/uploads\\\/2023\\\/02\\\/testata-miele-43669-h.jpg 1920w, https:\\\/\\\/www.granapadano.it\\\/wp-content\\\/uploads\\\/2023\\\/02\\\/testata-miele-43669-h-1280x253.jpg 1280w, https:\\\/\\\/www.granapadano.it\\\/wp-content\\\/uploads\\\/2023\\\/02\\\/testata-miele-43669-h-980x194.jpg 980w, https:\\\/\\\/www.granapadano.it\\\/wp-content\\\/uploads\\\/2023\\\/02\\\/testata-miele-43669-h-480x95.jpg 480w&quot;,&quot;sizes&quot;:&quot;(min-width: 0px) and (max-width: 480px) 480px, (min-width: 481px) and (max-width: 980px) 980px, (min-width: 981px) and (max-width: 1280px) 1280px, (min-width: 1281px) 1920px, 100vw&quot;},&quot;phone&quot;:{&quot;src&quot;:&quot;https:\\\/\\\/www.granapadano.it\\\/wp-content\\\/uploads\\\/2023\\\/02\\\/testata-miele-43669-m.jpg&quot;,&quot;srcset&quot;:&quot;https:\\\/\\\/www.granapadano.it\\\/wp-content\\\/uploads\\\/2023\\\/02\\\/testata-miele-43669-m.jpg 450w, https:\\\/\\\/www.granapadano.it\\\/wp-content\\\/uploads\\\/2023\\\/02\\\/testata-miele-43669-m-300x133.jpg 300w&quot;,&quot;sizes&quot;:&quot;(max-width: 450px) 100vw, 450px&quot;}}},&quot;slug&quot;:&quot;et_pb_fullwidth_image&quot;}\" \/>\n\t\t\t\n\t\t\t<\/div><div class=\"breadcrumb\"><a href=\"https:\/\/www.granapadano.it\/it-it\/\">Home<\/a>  <  <\/div>Il mondo dei mieli MieleIl miele \u00e8 un alimento antichissimo, il primo dolce altamente energetico presente nell\u2019alimentazione umana. Utilizzato nei riti sacri e nella conservazione degli alimenti, il miele, assieme agli altri prodotti dell\u2019alveare come cera e propoli, accompagna la vita quotidiana dell\u2019essere umano da secoli. Nel corso del tempo la tecnologia di estrazione [&hellip;]<\/p>\n","protected":false},"author":6,"featured_media":0,"parent":31195,"menu_order":295,"comment_status":"closed","ping_status":"closed","template":"","meta":{"_acf_changed":false,"_et_pb_use_builder":"on","_et_pb_old_content":"","_et_gb_content_width":"","footnotes":""},"class_list":["post-34078","page","type-page","status-publish","hentry"],"acf":[],"yoast_head":"<!-- This site is optimized with the Yoast SEO plugin v27.3 - https:\/\/yoast.com\/product\/yoast-seo-wordpress\/ -->\n<title>il mondo dei mieli - Grana Padano<\/title>\n<meta name=\"robots\" content=\"index, follow, max-snippet:-1, max-image-preview:large, max-video-preview:-1\" \/>\n<link rel=\"canonical\" href=\"https:\/\/www.granapadano.it\/it-it\/ricette\/abbinamenti\/con-quali-mieli-abbinare-il-grana-padano\/il-mondo-dei-mieli\/\" \/>\n<meta property=\"og:locale\" content=\"it_IT\" \/>\n<meta property=\"og:type\" content=\"article\" \/>\n<meta property=\"og:title\" content=\"il mondo dei mieli - Grana Padano\" \/>\n<meta property=\"og:description\" content=\"Il mondo dei mieli MieleIl miele \u00e8 un alimento antichissimo, il primo dolce altamente energetico presente nell\u2019alimentazione umana. Utilizzato nei riti sacri e nella conservazione degli alimenti, il miele, assieme agli altri prodotti dell\u2019alveare come cera e propoli, accompagna la vita quotidiana dell\u2019essere umano da secoli. Nel corso del tempo la tecnologia di estrazione [&hellip;]\" \/>\n<meta property=\"og:url\" content=\"https:\/\/www.granapadano.it\/it-it\/ricette\/abbinamenti\/con-quali-mieli-abbinare-il-grana-padano\/il-mondo-dei-mieli\/\" \/>\n<meta property=\"og:site_name\" content=\"Grana Padano\" \/>\n<meta property=\"article:modified_time\" content=\"2026-03-19T14:20:57+00:00\" \/>\n<meta name=\"twitter:card\" content=\"summary_large_image\" \/>\n<meta name=\"twitter:label1\" content=\"Est. reading time\" \/>\n\t<meta name=\"twitter:data1\" content=\"4 minutes\" \/>\n<script type=\"application\/ld+json\" class=\"yoast-schema-graph\">{\"@context\":\"https:\\\/\\\/schema.org\",\"@graph\":[{\"@type\":\"WebPage\",\"@id\":\"https:\\\/\\\/www.granapadano.it\\\/it-it\\\/ricette\\\/abbinamenti\\\/con-quali-mieli-abbinare-il-grana-padano\\\/il-mondo-dei-mieli\\\/\",\"url\":\"https:\\\/\\\/www.granapadano.it\\\/it-it\\\/ricette\\\/abbinamenti\\\/con-quali-mieli-abbinare-il-grana-padano\\\/il-mondo-dei-mieli\\\/\",\"name\":\"il mondo dei mieli - Grana Padano\",\"isPartOf\":{\"@id\":\"https:\\\/\\\/www.granapadano.it\\\/it-it\\\/#website\"},\"datePublished\":\"2023-02-16T16:49:30+00:00\",\"dateModified\":\"2026-03-19T14:20:57+00:00\",\"breadcrumb\":{\"@id\":\"https:\\\/\\\/www.granapadano.it\\\/it-it\\\/ricette\\\/abbinamenti\\\/con-quali-mieli-abbinare-il-grana-padano\\\/il-mondo-dei-mieli\\\/#breadcrumb\"},\"inLanguage\":\"it-it\",\"potentialAction\":[{\"@type\":\"ReadAction\",\"target\":[\"https:\\\/\\\/www.granapadano.it\\\/it-it\\\/ricette\\\/abbinamenti\\\/con-quali-mieli-abbinare-il-grana-padano\\\/il-mondo-dei-mieli\\\/\"]}]},{\"@type\":\"BreadcrumbList\",\"@id\":\"https:\\\/\\\/www.granapadano.it\\\/it-it\\\/ricette\\\/abbinamenti\\\/con-quali-mieli-abbinare-il-grana-padano\\\/il-mondo-dei-mieli\\\/#breadcrumb\",\"itemListElement\":[{\"@type\":\"ListItem\",\"position\":1,\"name\":\"Home\",\"item\":\"https:\\\/\\\/www.granapadano.it\\\/it-it\\\/\"},{\"@type\":\"ListItem\",\"position\":2,\"name\":\"Ricette\",\"item\":\"https:\\\/\\\/www.granapadano.it\\\/it-it\\\/ricette\\\/\"},{\"@type\":\"ListItem\",\"position\":3,\"name\":\"Con quali mieli abbinare il grana padano?\",\"item\":\"https:\\\/\\\/www.granapadano.it\\\/it-it\\\/ricette\\\/abbinamenti\\\/con-quali-mieli-abbinare-il-grana-padano\\\/\"},{\"@type\":\"ListItem\",\"position\":4,\"name\":\"il mondo dei mieli\"}]},{\"@type\":\"WebSite\",\"@id\":\"https:\\\/\\\/www.granapadano.it\\\/it-it\\\/#website\",\"url\":\"https:\\\/\\\/www.granapadano.it\\\/it-it\\\/\",\"name\":\"Grana Padano\",\"description\":\"\",\"potentialAction\":[{\"@type\":\"SearchAction\",\"target\":{\"@type\":\"EntryPoint\",\"urlTemplate\":\"https:\\\/\\\/www.granapadano.it\\\/it-it\\\/?s={search_term_string}\"},\"query-input\":{\"@type\":\"PropertyValueSpecification\",\"valueRequired\":true,\"valueName\":\"search_term_string\"}}],\"inLanguage\":\"it-it\"}]}<\/script>\n<!-- \/ Yoast SEO plugin. -->","yoast_head_json":{"title":"il mondo dei mieli - Grana Padano","robots":{"index":"index","follow":"follow","max-snippet":"max-snippet:-1","max-image-preview":"max-image-preview:large","max-video-preview":"max-video-preview:-1"},"canonical":"https:\/\/www.granapadano.it\/it-it\/ricette\/abbinamenti\/con-quali-mieli-abbinare-il-grana-padano\/il-mondo-dei-mieli\/","og_locale":"it_IT","og_type":"article","og_title":"il mondo dei mieli - Grana Padano","og_description":"Il mondo dei mieli MieleIl miele \u00e8 un alimento antichissimo, il primo dolce altamente energetico presente nell\u2019alimentazione umana. Utilizzato nei riti sacri e nella conservazione degli alimenti, il miele, assieme agli altri prodotti dell\u2019alveare come cera e propoli, accompagna la vita quotidiana dell\u2019essere umano da secoli. Nel corso del tempo la tecnologia di estrazione [&hellip;]","og_url":"https:\/\/www.granapadano.it\/it-it\/ricette\/abbinamenti\/con-quali-mieli-abbinare-il-grana-padano\/il-mondo-dei-mieli\/","og_site_name":"Grana Padano","article_modified_time":"2026-03-19T14:20:57+00:00","twitter_card":"summary_large_image","twitter_misc":{"Est. reading time":"4 minutes"},"schema":{"@context":"https:\/\/schema.org","@graph":[{"@type":"WebPage","@id":"https:\/\/www.granapadano.it\/it-it\/ricette\/abbinamenti\/con-quali-mieli-abbinare-il-grana-padano\/il-mondo-dei-mieli\/","url":"https:\/\/www.granapadano.it\/it-it\/ricette\/abbinamenti\/con-quali-mieli-abbinare-il-grana-padano\/il-mondo-dei-mieli\/","name":"il mondo dei mieli - Grana Padano","isPartOf":{"@id":"https:\/\/www.granapadano.it\/it-it\/#website"},"datePublished":"2023-02-16T16:49:30+00:00","dateModified":"2026-03-19T14:20:57+00:00","breadcrumb":{"@id":"https:\/\/www.granapadano.it\/it-it\/ricette\/abbinamenti\/con-quali-mieli-abbinare-il-grana-padano\/il-mondo-dei-mieli\/#breadcrumb"},"inLanguage":"it-it","potentialAction":[{"@type":"ReadAction","target":["https:\/\/www.granapadano.it\/it-it\/ricette\/abbinamenti\/con-quali-mieli-abbinare-il-grana-padano\/il-mondo-dei-mieli\/"]}]},{"@type":"BreadcrumbList","@id":"https:\/\/www.granapadano.it\/it-it\/ricette\/abbinamenti\/con-quali-mieli-abbinare-il-grana-padano\/il-mondo-dei-mieli\/#breadcrumb","itemListElement":[{"@type":"ListItem","position":1,"name":"Home","item":"https:\/\/www.granapadano.it\/it-it\/"},{"@type":"ListItem","position":2,"name":"Ricette","item":"https:\/\/www.granapadano.it\/it-it\/ricette\/"},{"@type":"ListItem","position":3,"name":"Con quali mieli abbinare il grana padano?","item":"https:\/\/www.granapadano.it\/it-it\/ricette\/abbinamenti\/con-quali-mieli-abbinare-il-grana-padano\/"},{"@type":"ListItem","position":4,"name":"il mondo dei mieli"}]},{"@type":"WebSite","@id":"https:\/\/www.granapadano.it\/it-it\/#website","url":"https:\/\/www.granapadano.it\/it-it\/","name":"Grana Padano","description":"","potentialAction":[{"@type":"SearchAction","target":{"@type":"EntryPoint","urlTemplate":"https:\/\/www.granapadano.it\/it-it\/?s={search_term_string}"},"query-input":{"@type":"PropertyValueSpecification","valueRequired":true,"valueName":"search_term_string"}}],"inLanguage":"it-it"}]}},"_links":{"self":[{"href":"https:\/\/www.granapadano.it\/it-it\/wp-json\/wp\/v2\/pages\/34078","targetHints":{"allow":["GET"]}}],"collection":[{"href":"https:\/\/www.granapadano.it\/it-it\/wp-json\/wp\/v2\/pages"}],"about":[{"href":"https:\/\/www.granapadano.it\/it-it\/wp-json\/wp\/v2\/types\/page"}],"author":[{"embeddable":true,"href":"https:\/\/www.granapadano.it\/it-it\/wp-json\/wp\/v2\/users\/6"}],"replies":[{"embeddable":true,"href":"https:\/\/www.granapadano.it\/it-it\/wp-json\/wp\/v2\/comments?post=34078"}],"version-history":[{"count":1,"href":"https:\/\/www.granapadano.it\/it-it\/wp-json\/wp\/v2\/pages\/34078\/revisions"}],"predecessor-version":[{"id":102669,"href":"https:\/\/www.granapadano.it\/it-it\/wp-json\/wp\/v2\/pages\/34078\/revisions\/102669"}],"up":[{"embeddable":true,"href":"https:\/\/www.granapadano.it\/it-it\/wp-json\/wp\/v2\/pages\/31195"}],"wp:attachment":[{"href":"https:\/\/www.granapadano.it\/it-it\/wp-json\/wp\/v2\/media?parent=34078"}],"curies":[{"name":"wp","href":"https:\/\/api.w.org\/{rel}","templated":true}]}}