{"id":33869,"date":"2023-02-16T16:12:50","date_gmt":"2023-02-16T16:12:50","guid":{"rendered":"https:\/\/www.granapadano.it\/il-consorzio-di-tutela\/il-ruolo-tutela-e-promozione\/tutela-copy\/"},"modified":"2023-03-17T06:40:10","modified_gmt":"2023-03-17T06:40:10","slug":"promozione","status":"publish","type":"page","link":"https:\/\/www.granapadano.it\/it-it\/il-consorzio-di-tutela\/il-ruolo-tutela-e-promozione\/promozione\/","title":{"rendered":"Promozione"},"content":{"rendered":"<p>[et_pb_section fb_built=&#8221;1&#8243; fullwidth=&#8221;on&#8221; _builder_version=&#8221;4.19.0&#8243; _module_preset=&#8221;default&#8221; locked=&#8221;off&#8221; global_colors_info=&#8221;{}&#8221;][et_pb_fullwidth_image src=&#8221;https:\/\/www.granapadano.it\/wp-content\/uploads\/2023\/01\/Sostenibilita-ambientale-1h.jpg&#8221; title_text=&#8221;Sostenibilita-ambientale-1m&#8221; src_tablet=&#8221;https:\/\/www.granapadano.it\/wp-content\/uploads\/2023\/01\/Sostenibilita-ambientale-1h.jpg&#8221; src_phone=&#8221;https:\/\/www.granapadano.it\/wp-content\/uploads\/2023\/01\/Sostenibilita-ambientale-1m.jpg&#8221; src_last_edited=&#8221;on|phone&#8221; _builder_version=&#8221;4.19.5&#8243; _module_preset=&#8221;default&#8221; global_colors_info=&#8221;{}&#8221;][\/et_pb_fullwidth_image][\/et_pb_section][et_pb_section fb_built=&#8221;1&#8243; module_class=&#8221;production_sub_hub_main_wrapper promizone_top_breadcrumb_wrap&#8221; _builder_version=&#8221;4.20.2&#8243; _module_preset=&#8221;default&#8221; custom_padding=&#8221;13px||||false|false&#8221; hover_enabled=&#8221;0&#8243; locked=&#8221;off&#8221; global_colors_info=&#8221;{}&#8221; sticky_enabled=&#8221;0&#8243;][et_pb_row module_class=&#8221;recipe_filter_section&#8221; _builder_version=&#8221;4.19.2&#8243; _module_preset=&#8221;default&#8221; max_width=&#8221;90%&#8221; custom_padding=&#8221;||7px|||&#8221; hover_enabled=&#8221;0&#8243; global_colors_info=&#8221;{}&#8221; sticky_enabled=&#8221;0&#8243;][et_pb_column type=&#8221;4_4&#8243; _builder_version=&#8221;4.19.2&#8243; _module_preset=&#8221;default&#8221; global_colors_info=&#8221;{}&#8221;][et_pb_code _builder_version=&#8221;4.19.2&#8243; _module_preset=&#8221;default&#8221; custom_margin=&#8221;||16px|||&#8221; global_colors_info=&#8221;{}&#8221;]<div class=\"breadcrumb\"><a href=\"https:\/\/www.granapadano.it\/it-it\/\">Home<\/a>  <  <\/div>[\/et_pb_code][\/et_pb_column][\/et_pb_row][\/et_pb_section][et_pb_section fb_built=&#8221;1&#8243; module_class=&#8221;gp_production_sub_hub_main&#8221; _builder_version=&#8221;4.19.5&#8243; _module_preset=&#8221;default&#8221; custom_padding=&#8221;0px||4px||false|false&#8221; locked=&#8221;off&#8221; global_colors_info=&#8221;{}&#8221;][et_pb_row _builder_version=&#8221;4.19.4&#8243; _module_preset=&#8221;default&#8221; max_width=&#8221;90%&#8221; module_alignment=&#8221;center&#8221; custom_padding=&#8221;1px||0px|||&#8221; global_colors_info=&#8221;{}&#8221;][et_pb_column type=&#8221;4_4&#8243; _builder_version=&#8221;4.19.1&#8243; _module_preset=&#8221;default&#8221; global_colors_info=&#8221;{}&#8221;][et_pb_text _builder_version=&#8221;4.19.5&#8243; _module_preset=&#8221;default&#8221; header_font=&#8221;Merriweather||||||||&#8221; header_font_size=&#8221;44px&#8221; header_line_height=&#8221;52px&#8221; custom_margin=&#8221;0px||||false|false&#8221; custom_padding=&#8221;0px||||false|false&#8221; global_colors_info=&#8221;{}&#8221;]<\/p>\n<h1 style=\"text-align: center;\">Promozione<\/h1>\n<p>[\/et_pb_text][et_pb_text _builder_version=&#8221;4.20.2&#8243; _module_preset=&#8221;default&#8221; text_text_color=&#8221;#0f0f0f&#8221; text_font_size=&#8221;18px&#8221; text_line_height=&#8221;26px&#8221; width=&#8221;99.9%&#8221; min_height=&#8221;612.9px&#8221; custom_padding=&#8221;14px|1px|46px|||&#8221; global_colors_info=&#8221;{}&#8221;]<em>&#8220;Il Consorzio \u00e8 detentore dei marchi del Grana Padano DOP e di quelli collaterali o corrispondenti, nonch\u00e9 dei contrassegni depositati a norma di legge e li concede in uso a chi ne abbia il diritto.&#8221;<\/em><\/p>\n<p><em>&#8220;Il Consorzio provvede in esclusiva all\u2019apposizione del logo distintivo di Grana Padano DOP sulle forme di formaggio prodotte dai Consorziati e dagli aventi diritto&#8221;.<\/em><br \/>\n<strong style=\"display:block;\">(Statuto del Consorzio Tutela Grana Padano)<\/strong><\/p>\n<p>La funzione di promozione e informazione corretta e approfondita riguardo Grana Padano e la sua natura di prodotto DOP comprende la valorizzazione della sua immagine, anche al fine di favorirne e ampliarne il consumo.<\/p>\n<p><strong style=\"display:block;\">PROMOZIONE SIGNIFICA:<\/strong><\/p>\n<p><strong style=\"display:block;\">Divulgazione di informazioni precise<\/strong><br \/>\nTra gli scopi prioritari del Consorzio spicca il compito di verificare che le informazioni circolanti su Grana Padano &#8211; nella societ\u00e0, nei mercati, nei settori di specifico interesse o in generale &#8211; siano corrette e dettagliate.<\/p>\n<p><strong style=\"display:block;\">La diffusione della denominazione corretta<\/strong><br \/>\nA fronte dell&#8217;allargamento progressivo dei mercati, del fenomeno dell&#8217;imitazione del &#8220;made in Italy&#8221; e, non ultimo, della crisi economica che presta il fianco alle speculazioni su qualit\u00e0 e prezzi, il Consorzio pone particolare attenzione nel verificare in modo puntuale il modo in cui Grana Padano viene citato, diffondendo l&#8217;unica dicitura corretta, ovvero quella che riporta il suo nome per intero: &#8220;Grana Padano&#8221;.<\/p>\n<p><strong style=\"display:block;\">Pubblicit\u00e0, iniziative ed eventi<\/strong><br \/>\nIl Consorzio di Tutela Grana Padano crede da sempre nell&#8217;importanza di una promozione che passi attraverso tutte le forme di comunicazione oggi pi\u00f9 diffuse: dalle campagne stampa, radio e TV, alle campagne &#8220;digital&#8221;, dalle attivit\u00e0 &#8220;social&#8221; agli eventi. Inoltre, il Consorzio \u00e8 spesso coinvolto, in qualit\u00e0 di sponsor, in iniziative di sostegno alla cultura del &#8220;Made in Italy&#8221; all&#8217;estero. Infine, il Consorzio si \u00e8 fatto anche promotore di progetti educativi, scientifici e di ricerca di ampio respiro e ben oltre la stretta pertinenza del proprio prodotto.<\/p>\n<p><strong style=\"display:block;\">Marketing e distribuzione<\/strong><br \/>\nII Consorzio di tutela Grana Padano attua anche iniziative volte al supporto dei propri Consorziati nelle loro finalit\u00e0 di vendita, commercializzazione e distribuzione del prodotto, offrendo sia contenuti informativi, che servizi specifici e operativit\u00e0 concreta.[\/et_pb_text][\/et_pb_column][\/et_pb_row][\/et_pb_section]<\/p>\n","protected":false},"excerpt":{"rendered":"<p><div class=\"breadcrumb\"><a href=\"https:\/\/www.granapadano.it\/it-it\/\">Home<\/a>  <  <\/div>Promozione&#8221;Il Consorzio \u00e8 detentore dei marchi del Grana Padano DOP e di quelli collaterali o corrispondenti, nonch\u00e9 dei contrassegni depositati a norma di legge e li concede in uso a chi ne abbia il diritto.&#8221; &#8220;Il Consorzio provvede in esclusiva all\u2019apposizione del logo distintivo di Grana Padano DOP sulle forme di formaggio prodotte dai Consorziati [&hellip;]<\/p>\n","protected":false},"author":3,"featured_media":0,"parent":15717,"menu_order":614,"comment_status":"closed","ping_status":"closed","template":"","meta":{"_acf_changed":false,"_et_pb_use_builder":"on","_et_pb_old_content":"","_et_gb_content_width":"","footnotes":""},"class_list":["post-33869","page","type-page","status-publish","hentry"],"acf":[],"yoast_head":"<!-- This site is optimized with the Yoast SEO plugin v27.3 - https:\/\/yoast.com\/product\/yoast-seo-wordpress\/ -->\n<title>Promozione - Grana Padano<\/title>\n<meta name=\"robots\" content=\"index, follow, max-snippet:-1, max-image-preview:large, max-video-preview:-1\" \/>\n<link rel=\"canonical\" href=\"https:\/\/www.granapadano.it\/it-it\/il-consorzio-di-tutela\/il-ruolo-tutela-e-promozione\/promozione\/\" \/>\n<meta property=\"og:locale\" content=\"it_IT\" \/>\n<meta property=\"og:type\" content=\"article\" \/>\n<meta property=\"og:title\" content=\"Promozione - Grana Padano\" \/>\n<meta property=\"og:description\" content=\"Promozione&quot;Il Consorzio \u00e8 detentore dei marchi del Grana Padano DOP e di quelli collaterali o corrispondenti, nonch\u00e9 dei contrassegni depositati a norma di legge e li concede in uso a chi ne abbia il diritto.&quot; &quot;Il Consorzio provvede in esclusiva all\u2019apposizione del logo distintivo di Grana Padano DOP sulle forme di formaggio prodotte dai Consorziati [&hellip;]\" \/>\n<meta property=\"og:url\" content=\"https:\/\/www.granapadano.it\/it-it\/il-consorzio-di-tutela\/il-ruolo-tutela-e-promozione\/promozione\/\" \/>\n<meta property=\"og:site_name\" content=\"Grana Padano\" \/>\n<meta property=\"article:modified_time\" content=\"2023-03-17T06:40:10+00:00\" \/>\n<meta name=\"twitter:card\" content=\"summary_large_image\" \/>\n<meta name=\"twitter:label1\" content=\"Est. reading time\" \/>\n\t<meta name=\"twitter:data1\" content=\"8 minutes\" \/>\n<script type=\"application\/ld+json\" class=\"yoast-schema-graph\">{\"@context\":\"https:\\\/\\\/schema.org\",\"@graph\":[{\"@type\":\"WebPage\",\"@id\":\"https:\\\/\\\/www.granapadano.it\\\/it-it\\\/il-consorzio-di-tutela\\\/il-ruolo-tutela-e-promozione\\\/promozione\\\/\",\"url\":\"https:\\\/\\\/www.granapadano.it\\\/it-it\\\/il-consorzio-di-tutela\\\/il-ruolo-tutela-e-promozione\\\/promozione\\\/\",\"name\":\"Promozione - Grana Padano\",\"isPartOf\":{\"@id\":\"https:\\\/\\\/www.granapadano.it\\\/it-it\\\/#website\"},\"datePublished\":\"2023-02-16T16:12:50+00:00\",\"dateModified\":\"2023-03-17T06:40:10+00:00\",\"breadcrumb\":{\"@id\":\"https:\\\/\\\/www.granapadano.it\\\/it-it\\\/il-consorzio-di-tutela\\\/il-ruolo-tutela-e-promozione\\\/promozione\\\/#breadcrumb\"},\"inLanguage\":\"it-it\",\"potentialAction\":[{\"@type\":\"ReadAction\",\"target\":[\"https:\\\/\\\/www.granapadano.it\\\/it-it\\\/il-consorzio-di-tutela\\\/il-ruolo-tutela-e-promozione\\\/promozione\\\/\"]}]},{\"@type\":\"BreadcrumbList\",\"@id\":\"https:\\\/\\\/www.granapadano.it\\\/it-it\\\/il-consorzio-di-tutela\\\/il-ruolo-tutela-e-promozione\\\/promozione\\\/#breadcrumb\",\"itemListElement\":[{\"@type\":\"ListItem\",\"position\":1,\"name\":\"Home\",\"item\":\"https:\\\/\\\/www.granapadano.it\\\/it-it\\\/\"},{\"@type\":\"ListItem\",\"position\":2,\"name\":\"Il Ruolo: Tutela e Promozione\",\"item\":\"https:\\\/\\\/www.granapadano.it\\\/it-it\\\/il-consorzio-di-tutela\\\/il-ruolo-tutela-e-promozione\\\/\"},{\"@type\":\"ListItem\",\"position\":3,\"name\":\"Promozione\"}]},{\"@type\":\"WebSite\",\"@id\":\"https:\\\/\\\/www.granapadano.it\\\/it-it\\\/#website\",\"url\":\"https:\\\/\\\/www.granapadano.it\\\/it-it\\\/\",\"name\":\"Grana Padano\",\"description\":\"\",\"potentialAction\":[{\"@type\":\"SearchAction\",\"target\":{\"@type\":\"EntryPoint\",\"urlTemplate\":\"https:\\\/\\\/www.granapadano.it\\\/it-it\\\/?s={search_term_string}\"},\"query-input\":{\"@type\":\"PropertyValueSpecification\",\"valueRequired\":true,\"valueName\":\"search_term_string\"}}],\"inLanguage\":\"it-it\"}]}<\/script>\n<!-- \/ Yoast SEO plugin. -->","yoast_head_json":{"title":"Promozione - Grana Padano","robots":{"index":"index","follow":"follow","max-snippet":"max-snippet:-1","max-image-preview":"max-image-preview:large","max-video-preview":"max-video-preview:-1"},"canonical":"https:\/\/www.granapadano.it\/it-it\/il-consorzio-di-tutela\/il-ruolo-tutela-e-promozione\/promozione\/","og_locale":"it_IT","og_type":"article","og_title":"Promozione - Grana Padano","og_description":"Promozione\"Il Consorzio \u00e8 detentore dei marchi del Grana Padano DOP e di quelli collaterali o corrispondenti, nonch\u00e9 dei contrassegni depositati a norma di legge e li concede in uso a chi ne abbia il diritto.\" \"Il Consorzio provvede in esclusiva all\u2019apposizione del logo distintivo di Grana Padano DOP sulle forme di formaggio prodotte dai Consorziati [&hellip;]","og_url":"https:\/\/www.granapadano.it\/it-it\/il-consorzio-di-tutela\/il-ruolo-tutela-e-promozione\/promozione\/","og_site_name":"Grana Padano","article_modified_time":"2023-03-17T06:40:10+00:00","twitter_card":"summary_large_image","twitter_misc":{"Est. reading time":"8 minutes"},"schema":{"@context":"https:\/\/schema.org","@graph":[{"@type":"WebPage","@id":"https:\/\/www.granapadano.it\/it-it\/il-consorzio-di-tutela\/il-ruolo-tutela-e-promozione\/promozione\/","url":"https:\/\/www.granapadano.it\/it-it\/il-consorzio-di-tutela\/il-ruolo-tutela-e-promozione\/promozione\/","name":"Promozione - Grana Padano","isPartOf":{"@id":"https:\/\/www.granapadano.it\/it-it\/#website"},"datePublished":"2023-02-16T16:12:50+00:00","dateModified":"2023-03-17T06:40:10+00:00","breadcrumb":{"@id":"https:\/\/www.granapadano.it\/it-it\/il-consorzio-di-tutela\/il-ruolo-tutela-e-promozione\/promozione\/#breadcrumb"},"inLanguage":"it-it","potentialAction":[{"@type":"ReadAction","target":["https:\/\/www.granapadano.it\/it-it\/il-consorzio-di-tutela\/il-ruolo-tutela-e-promozione\/promozione\/"]}]},{"@type":"BreadcrumbList","@id":"https:\/\/www.granapadano.it\/it-it\/il-consorzio-di-tutela\/il-ruolo-tutela-e-promozione\/promozione\/#breadcrumb","itemListElement":[{"@type":"ListItem","position":1,"name":"Home","item":"https:\/\/www.granapadano.it\/it-it\/"},{"@type":"ListItem","position":2,"name":"Il Ruolo: Tutela e Promozione","item":"https:\/\/www.granapadano.it\/it-it\/il-consorzio-di-tutela\/il-ruolo-tutela-e-promozione\/"},{"@type":"ListItem","position":3,"name":"Promozione"}]},{"@type":"WebSite","@id":"https:\/\/www.granapadano.it\/it-it\/#website","url":"https:\/\/www.granapadano.it\/it-it\/","name":"Grana Padano","description":"","potentialAction":[{"@type":"SearchAction","target":{"@type":"EntryPoint","urlTemplate":"https:\/\/www.granapadano.it\/it-it\/?s={search_term_string}"},"query-input":{"@type":"PropertyValueSpecification","valueRequired":true,"valueName":"search_term_string"}}],"inLanguage":"it-it"}]}},"_links":{"self":[{"href":"https:\/\/www.granapadano.it\/it-it\/wp-json\/wp\/v2\/pages\/33869","targetHints":{"allow":["GET"]}}],"collection":[{"href":"https:\/\/www.granapadano.it\/it-it\/wp-json\/wp\/v2\/pages"}],"about":[{"href":"https:\/\/www.granapadano.it\/it-it\/wp-json\/wp\/v2\/types\/page"}],"author":[{"embeddable":true,"href":"https:\/\/www.granapadano.it\/it-it\/wp-json\/wp\/v2\/users\/3"}],"replies":[{"embeddable":true,"href":"https:\/\/www.granapadano.it\/it-it\/wp-json\/wp\/v2\/comments?post=33869"}],"version-history":[{"count":0,"href":"https:\/\/www.granapadano.it\/it-it\/wp-json\/wp\/v2\/pages\/33869\/revisions"}],"up":[{"embeddable":true,"href":"https:\/\/www.granapadano.it\/it-it\/wp-json\/wp\/v2\/pages\/15717"}],"wp:attachment":[{"href":"https:\/\/www.granapadano.it\/it-it\/wp-json\/wp\/v2\/media?parent=33869"}],"curies":[{"name":"wp","href":"https:\/\/api.w.org\/{rel}","templated":true}]}}