{"id":32840,"date":"2023-02-16T09:52:54","date_gmt":"2023-02-16T09:52:54","guid":{"rendered":"https:\/\/www.granapadano.it\/momenti-di-consumo\/abbinamenti\/con-quali-vini-abbinare-il-grana-padano\/ramandolo-copy-2\/"},"modified":"2026-03-18T17:55:08","modified_gmt":"2026-03-18T17:55:08","slug":"best-bitter","status":"publish","type":"page","link":"https:\/\/www.granapadano.it\/it-it\/ricette\/abbinamenti\/con-quali-birre-abbinare-il-grana-padano\/best-bitter\/","title":{"rendered":"Best Bitter"},"content":{"rendered":"<p>[et_pb_section fb_built=&#8221;1&#8243; fullwidth=&#8221;on&#8221; _builder_version=&#8221;4.19.5&#8243; _module_preset=&#8221;default&#8221; global_colors_info=&#8221;{}&#8221;][et_pb_fullwidth_code _builder_version=&#8221;4.20.0&#8243; _module_preset=&#8221;default&#8221; global_colors_info=&#8221;{}&#8221;][et_pb_section global_module=\"41908 \"][\/et_pb_section][\/et_pb_fullwidth_code][\/et_pb_section][et_pb_section fb_built=&#8221;1&#8243; module_class=&#8221;production_sub_hub_main_wrapper&#8221; _builder_version=&#8221;4.19.4&#8243; _module_preset=&#8221;default&#8221; custom_padding=&#8221;13px||0px|||&#8221; locked=&#8221;off&#8221; global_colors_info=&#8221;{}&#8221;][et_pb_row module_class=&#8221;recipe_filter_section&#8221; _builder_version=&#8221;4.19.2&#8243; _module_preset=&#8221;default&#8221; max_width=&#8221;90%&#8221; custom_padding=&#8221;||7px|||&#8221; global_colors_info=&#8221;{}&#8221;][et_pb_column type=&#8221;4_4&#8243; _builder_version=&#8221;4.19.2&#8243; _module_preset=&#8221;default&#8221; global_colors_info=&#8221;{}&#8221;][et_pb_code _builder_version=&#8221;4.19.2&#8243; _module_preset=&#8221;default&#8221; custom_margin=&#8221;||16px|||&#8221; global_colors_info=&#8221;{}&#8221;]<div class=\"breadcrumb\"><a href=\"https:\/\/www.granapadano.it\/it-it\/\">Home<\/a>  <  <\/div>[\/et_pb_code][\/et_pb_column][\/et_pb_row][\/et_pb_section][et_pb_section fb_built=&#8221;1&#8243; module_class=&#8221;giovani_sub_hub_title&#8221; _builder_version=&#8221;4.19.5&#8243; _module_preset=&#8221;default&#8221; width=&#8221;99.8%&#8221; custom_padding=&#8221;0px||0px||false|false&#8221; locked=&#8221;off&#8221; global_colors_info=&#8221;{}&#8221;][et_pb_row module_class=&#8221;gp_producion_heading_wrapper&#8221; _builder_version=&#8221;4.19.5&#8243; _module_preset=&#8221;default&#8221; max_width=&#8221;90%&#8221; module_alignment=&#8221;center&#8221; custom_padding=&#8221;||||false|false&#8221; global_colors_info=&#8221;{}&#8221;][et_pb_column type=&#8221;4_4&#8243; _builder_version=&#8221;4.19.4&#8243; _module_preset=&#8221;default&#8221; global_colors_info=&#8221;{}&#8221;][et_pb_text module_class=&#8221;giovani_sub_hub_title_text&#8221; _builder_version=&#8221;4.19.5&#8243; _module_preset=&#8221;default&#8221; text_font=&#8221;Merriweather|700|||||||&#8221; text_text_color=&#8221;#0f0f0f&#8221; text_font_size=&#8221;80px&#8221; text_line_height=&#8221;70px&#8221; header_font=&#8221;Merriweather||||||||&#8221; header_text_color=&#8221;gcid-8696fd7e-29dd-4028-9d4d-981b208a53a9&#8243; header_font_size=&#8221;44px&#8221; header_line_height=&#8221;52px&#8221; text_orientation=&#8221;center&#8221; min_height=&#8221;83px&#8221; custom_margin=&#8221;||0px||false|false&#8221; custom_padding=&#8221;||0px||false|false&#8221; global_colors_info=&#8221;{%22gcid-8696fd7e-29dd-4028-9d4d-981b208a53a9%22:%91%22header_text_color%22%93}&#8221;]<\/p>\n<h1>Best Bitter<\/h1>\n<p>[\/et_pb_text][\/et_pb_column][\/et_pb_row][et_pb_row column_structure=&#8221;1_4,3_4&#8243; module_class=&#8221;article_dates&#8221; _builder_version=&#8221;4.19.4&#8243; _module_preset=&#8221;default&#8221; max_width=&#8221;90%&#8221; custom_padding=&#8221;2px||6px||false|false&#8221; global_colors_info=&#8221;{}&#8221; theme_builder_area=&#8221;post_content&#8221;][et_pb_column type=&#8221;1_4&#8243; _builder_version=&#8221;4.19.3&#8243; _module_preset=&#8221;default&#8221; global_colors_info=&#8221;{}&#8221; theme_builder_area=&#8221;post_content&#8221;][et_pb_text module_class=&#8221;button_look&#8221; _builder_version=&#8221;4.20.2&#8243; _module_preset=&#8221;default&#8221; text_font=&#8221;FontPadano-Bold||||||||&#8221; text_text_color=&#8221;#000000&#8243; text_font_size=&#8221;26px&#8221; background_color=&#8221;RGBA(255,255,255,0)&#8221; hover_enabled=&#8221;0&#8243; global_colors_info=&#8221;{}&#8221; theme_builder_area=&#8221;post_content&#8221; sticky_enabled=&#8221;0&#8243;]<\/p>\n<p>Birra<\/p>\n<p>[\/et_pb_text][\/et_pb_column][et_pb_column type=&#8221;3_4&#8243; _builder_version=&#8221;4.19.4&#8243; _module_preset=&#8221;default&#8221; global_colors_info=&#8221;{}&#8221; theme_builder_area=&#8221;post_content&#8221;][\/et_pb_column][\/et_pb_row][et_pb_row column_structure=&#8221;2_5,3_5&#8243; module_class=&#8221;article_sub_img_text_content&#8221; _builder_version=&#8221;4.20.2&#8243; _module_preset=&#8221;default&#8221; max_width=&#8221;90%&#8221; module_alignment=&#8221;center&#8221; custom_margin=&#8221;-2px||||false|false&#8221; custom_padding=&#8221;0px||40px||false|false&#8221; hover_enabled=&#8221;0&#8243; global_colors_info=&#8221;{}&#8221; sticky_enabled=&#8221;0&#8243;][et_pb_column type=&#8221;2_5&#8243; _builder_version=&#8221;4.20.2&#8243; _module_preset=&#8221;default&#8221; hover_enabled=&#8221;0&#8243; global_colors_info=&#8221;{}&#8221; module_class=&#8221;article_sub_img_wrap&#8221; sticky_enabled=&#8221;0&#8243;][et_pb_image src=&#8221;https:\/\/www.granapadano.it\/wp-content\/uploads\/2023\/02\/GRANAPADANOBirraBestBitter-43793.jpg&#8221; title_text=&#8221;GRANAPADANOBirraBestBitter-43793&#8243; align=&#8221;center&#8221; _builder_version=&#8221;4.20.2&#8243; _module_preset=&#8221;default&#8221; positioning=&#8221;relative&#8221; vertical_offset=&#8221;63px&#8221; module_alignment=&#8221;center&#8221; custom_padding=&#8221;||10px||false|false&#8221; border_radii=&#8221;on|20px|20px|20px|20px&#8221; global_colors_info=&#8221;{}&#8221;][\/et_pb_image][\/et_pb_column][et_pb_column type=&#8221;3_5&#8243; _builder_version=&#8221;4.20.2&#8243; _module_preset=&#8221;default&#8221; hover_enabled=&#8221;0&#8243; global_colors_info=&#8221;{}&#8221; module_class=&#8221;article_sub_text_wrap&#8221; sticky_enabled=&#8221;0&#8243;][et_pb_text _builder_version=&#8221;4.20.2&#8243; _module_preset=&#8221;default&#8221; text_text_color=&#8221;#0f0f0f&#8221; text_font_size=&#8221;18px&#8221; text_line_height=&#8221;26px&#8221; width=&#8221;100%&#8221; custom_padding=&#8221;|13px||||&#8221; hover_enabled=&#8221;0&#8243; global_colors_info=&#8221;{}&#8221; sticky_enabled=&#8221;0&#8243;]<\/p>\n<p>Stile di nascita inglese e che si identifica con le atmosfere anglosassoni di pub di lunga storia e tradizione, ma che ha estimatori in tutto il mondo e si trova spesso nella gamma produttiva dei produttori artigianali e non. A seconda della gradazione alcolica crescente si parla di Ordinary, Best, Strong Bitter.<\/p>\n<p><strong>&#8211; Conservazione:<\/strong> trattandosi di uno stile ad alta fermentazione non ha necessit\u00e0 di essere conservato mantenendo la catena del freddo; \u00e8 importante per\u00f2 che la temperatura non superi i 18-20\u00b0 C. Oltre quelle temperature e nelle versioni non pastorizzate, potrebbe avere inizio una nuova fermentazione in bottiglia con risultati sgraditi.<\/p>\n<p><strong>&#8211; Temperatura di servizio:<\/strong> come da tradizione britannica, questa tipologia trova la migliore espressione nella spillatura \u201call\u2019inglese\u201d, ovvero con una leggera inclinazione del bicchiere che dovr\u00e0 poi essere raddrizzato e tenuto sempre vicino al beccuccio o al collo della bottiglia. Il bicchiere sar\u00e0 la classica pinta inglese, con la birra che va servita ad una temperatura di 10-12\u00b0C.<br \/><strong>&#8211; Titolo alcolometrico:<\/strong> 3,8-4,6% alc.<\/p>\n<p><strong>Caratteristiche (visive, olfattive, gusto-olfattive):<\/strong><br \/>Di colore ambrato chiaro, con alcuni esempi che arrivano anche a tonalit\u00e0 che guardano al ramato, con schiuma di colore bianco o crema, poco presente e di breve persistenza. Note olfattive di media intensit\u00e0 e di discreta complessit\u00e0, che portano alla mente note di biscotto, pane, caramello assieme ad un lieve fruttato che pu\u00f2 rimandare ad esempio alla mela e ad un floreale delicato, assieme a delle sottili sensazioni terrose. A livello gustativo tornano le caratteristiche evidenziate a livello olfattivo in un gioco di equilibrio che vira sulle sensazioni amare, pur con un finale secco. Birra di corpo medio-basso, si caratterizza per essere una birra dalla grande beva anche in virt\u00f9 di una carbonazione bassa, soprattutto nelle versioni alla spina. Le caratteristiche di questa tipologia ben si adattano con il Grana Padano a stagionatura giovane, fino ai 16 mesi. La componente maltata, talvolta lievemente burrosa, ben accompagna le note tipiche lattiche che si ritrovano in queste stagionature, cos\u00ec come di contrasto l\u2019amaro e la secchezza fungono da contraltare alle note prettamente dolci, erbacee e vegetali del formaggio. E\u2019 un abbinamento che pu\u00f2 regalare soddisfazione anche in sede di aperitivo, data la bassa componente alcolica e la facilit\u00e0 di beva delle birre di questo stile.<\/p>\n<p><strong>Curiosit\u00e0<\/strong><br \/>La nascita si deve alle sorelle Pale Ale anglosassoni, a fine Ottocento. Quasi scomparse all\u2019inizio degli anni Settanta, la rinascita di questo e di altri stili di matrice anglosassone si deve ad una combattiva associazione di consumatori inglese.<\/p>\n<p>[\/et_pb_text][\/et_pb_column][\/et_pb_row][\/et_pb_section]<\/p>\n","protected":false},"excerpt":{"rendered":"<p><div class=\"et_pb_module et_pb_fullwidth_image et_pb_fullwidth_image_0\">\n\t\t\t\t\n\t\t\t\t\n\t\t\t\t\n\t\t\t\t\n\t\t\t\t<img decoding=\"async\" width=\"1920\" height=\"380\" src=\"https:\/\/granapadano.kleecks-cdn.com\/wp-content\/uploads\/2023\/02\/GRANAPADANOItalianGrape-43759-h.jpg\" alt=\"\" title=\"GRANAPADANOItalianGrape-43759-m\" srcset=\"https:\/\/granapadano.kleecks-cdn.com\/wp-content\/uploads\/2023\/02\/GRANAPADANOItalianGrape-43759-h.jpg%201920w,%20https:\/granapadano.kleecks-cdn.com\/wp-content\/uploads\/2023\/02\/GRANAPADANOItalianGrape-43759-h-1280x253.jpg%201280w,%20https:\/granapadano.kleecks-cdn.com\/wp-content\/uploads\/2023\/02\/GRANAPADANOItalianGrape-43759-h-980x194.jpg%20980w,%20https:\/granapadano.kleecks-cdn.com\/wp-content\/uploads\/2023\/02\/GRANAPADANOItalianGrape-43759-h-480x95.jpg%20480w\" sizes=\"(min-width: 0px) and (max-width: 480px) 480px, (min-width: 481px) and (max-width: 980px) 980px, (min-width: 981px) and (max-width: 1280px) 1280px, (min-width: 1281px) 1920px, 100vw\" class=\"wp-image-41771\" data-et-multi-view=\"{&quot;schema&quot;:{&quot;attrs&quot;:{&quot;desktop&quot;:{&quot;src&quot;:&quot;https:\\\/\\\/www.granapadano.it\\\/wp-content\\\/uploads\\\/2023\\\/02\\\/GRANAPADANOItalianGrape-43759-h.jpg&quot;,&quot;alt&quot;:&quot;&quot;,&quot;title&quot;:&quot;GRANAPADANOItalianGrape-43759-m&quot;,&quot;class&quot;:&quot;wp-image-41771&quot;,&quot;srcset&quot;:&quot;https:\\\/\\\/www.granapadano.it\\\/wp-content\\\/uploads\\\/2023\\\/02\\\/GRANAPADANOItalianGrape-43759-h.jpg 1920w, https:\\\/\\\/www.granapadano.it\\\/wp-content\\\/uploads\\\/2023\\\/02\\\/GRANAPADANOItalianGrape-43759-h-1280x253.jpg 1280w, https:\\\/\\\/www.granapadano.it\\\/wp-content\\\/uploads\\\/2023\\\/02\\\/GRANAPADANOItalianGrape-43759-h-980x194.jpg 980w, https:\\\/\\\/www.granapadano.it\\\/wp-content\\\/uploads\\\/2023\\\/02\\\/GRANAPADANOItalianGrape-43759-h-480x95.jpg 480w&quot;,&quot;sizes&quot;:&quot;(min-width: 0px) and (max-width: 480px) 480px, (min-width: 481px) and (max-width: 980px) 980px, (min-width: 981px) and (max-width: 1280px) 1280px, (min-width: 1281px) 1920px, 100vw&quot;},&quot;phone&quot;:{&quot;src&quot;:&quot;https:\\\/\\\/www.granapadano.it\\\/wp-content\\\/uploads\\\/2023\\\/02\\\/GRANAPADANOItalianGrape-43759-m.jpg&quot;,&quot;srcset&quot;:&quot;https:\\\/\\\/www.granapadano.it\\\/wp-content\\\/uploads\\\/2023\\\/02\\\/GRANAPADANOItalianGrape-43759-m.jpg 450w, https:\\\/\\\/www.granapadano.it\\\/wp-content\\\/uploads\\\/2023\\\/02\\\/GRANAPADANOItalianGrape-43759-m-300x133.jpg 300w&quot;,&quot;sizes&quot;:&quot;(max-width: 450px) 100vw, 450px&quot;}}},&quot;slug&quot;:&quot;et_pb_fullwidth_image&quot;}\" \/>\n\t\t\t\n\t\t\t<\/div><div class=\"breadcrumb\"><a href=\"https:\/\/www.granapadano.it\/it-it\/\">Home<\/a>  <  <\/div>Best BitterBirraStile di nascita inglese e che si identifica con le atmosfere anglosassoni di pub di lunga storia e tradizione, ma che ha estimatori in tutto il mondo e si trova spesso nella gamma produttiva dei produttori artigianali e non. A seconda della gradazione alcolica crescente si parla di Ordinary, Best, Strong Bitter. &#8211; [&hellip;]<\/p>\n","protected":false},"author":6,"featured_media":0,"parent":30707,"menu_order":242,"comment_status":"closed","ping_status":"closed","template":"","meta":{"_acf_changed":false,"_et_pb_use_builder":"on","_et_pb_old_content":"","_et_gb_content_width":"","footnotes":""},"class_list":["post-32840","page","type-page","status-publish","hentry"],"acf":[],"yoast_head":"<!-- This site is optimized with the Yoast SEO plugin v27.3 - https:\/\/yoast.com\/product\/yoast-seo-wordpress\/ -->\n<title>Best Bitter - Grana Padano<\/title>\n<meta name=\"robots\" content=\"index, follow, max-snippet:-1, max-image-preview:large, max-video-preview:-1\" \/>\n<link rel=\"canonical\" href=\"https:\/\/www.granapadano.it\/it-it\/ricette\/abbinamenti\/con-quali-birre-abbinare-il-grana-padano\/best-bitter\/\" \/>\n<meta property=\"og:locale\" content=\"it_IT\" \/>\n<meta property=\"og:type\" content=\"article\" \/>\n<meta property=\"og:title\" content=\"Best Bitter - Grana Padano\" \/>\n<meta property=\"og:description\" content=\"Best BitterBirraStile di nascita inglese e che si identifica con le atmosfere anglosassoni di pub di lunga storia e tradizione, ma che ha estimatori in tutto il mondo e si trova spesso nella gamma produttiva dei produttori artigianali e non. A seconda della gradazione alcolica crescente si parla di Ordinary, Best, Strong Bitter. - [&hellip;]\" \/>\n<meta property=\"og:url\" content=\"https:\/\/www.granapadano.it\/it-it\/ricette\/abbinamenti\/con-quali-birre-abbinare-il-grana-padano\/best-bitter\/\" \/>\n<meta property=\"og:site_name\" content=\"Grana Padano\" \/>\n<meta property=\"article:modified_time\" content=\"2026-03-18T17:55:08+00:00\" \/>\n<meta name=\"twitter:card\" content=\"summary_large_image\" \/>\n<meta name=\"twitter:label1\" content=\"Est. reading time\" \/>\n\t<meta name=\"twitter:data1\" content=\"5 minutes\" \/>\n<script type=\"application\/ld+json\" class=\"yoast-schema-graph\">{\"@context\":\"https:\\\/\\\/schema.org\",\"@graph\":[{\"@type\":\"WebPage\",\"@id\":\"https:\\\/\\\/www.granapadano.it\\\/it-it\\\/ricette\\\/abbinamenti\\\/con-quali-birre-abbinare-il-grana-padano\\\/best-bitter\\\/\",\"url\":\"https:\\\/\\\/www.granapadano.it\\\/it-it\\\/ricette\\\/abbinamenti\\\/con-quali-birre-abbinare-il-grana-padano\\\/best-bitter\\\/\",\"name\":\"Best Bitter - Grana Padano\",\"isPartOf\":{\"@id\":\"https:\\\/\\\/www.granapadano.it\\\/it-it\\\/#website\"},\"datePublished\":\"2023-02-16T09:52:54+00:00\",\"dateModified\":\"2026-03-18T17:55:08+00:00\",\"breadcrumb\":{\"@id\":\"https:\\\/\\\/www.granapadano.it\\\/it-it\\\/ricette\\\/abbinamenti\\\/con-quali-birre-abbinare-il-grana-padano\\\/best-bitter#breadcrumb\"},\"inLanguage\":\"it-it\",\"potentialAction\":[{\"@type\":\"ReadAction\",\"target\":[\"https:\\\/\\\/www.granapadano.it\\\/it-it\\\/ricette\\\/abbinamenti\\\/con-quali-birre-abbinare-il-grana-padano\\\/best-bitter\\\/\"]}]},{\"@type\":\"BreadcrumbList\",\"@id\":\"https:\\\/\\\/www.granapadano.it\\\/it-it\\\/ricette\\\/abbinamenti\\\/con-quali-birre-abbinare-il-grana-padano\\\/best-bitter#breadcrumb\",\"itemListElement\":[{\"@type\":\"ListItem\",\"position\":1,\"name\":\"Home\",\"item\":\"https:\\\/\\\/www.granapadano.it\\\/it-it\\\/\"},{\"@type\":\"ListItem\",\"position\":2,\"name\":\"Ricette\",\"item\":\"https:\\\/\\\/www.granapadano.it\\\/it-it\\\/ricette\\\/\"},{\"@type\":\"ListItem\",\"position\":3,\"name\":\"Abbinamenti\",\"item\":\"https:\\\/\\\/www.granapadano.it\\\/it-it\\\/ricette\\\/abbinamenti\\\/\"},{\"@type\":\"ListItem\",\"position\":4,\"name\":\"Con quali birre abbinare il grana padano?\",\"item\":\"https:\\\/\\\/www.granapadano.it\\\/it-it\\\/ricette\\\/abbinamenti\\\/con-quali-birre-abbinare-il-grana-padano\\\/\"},{\"@type\":\"ListItem\",\"position\":5,\"name\":\"Best Bitter\"}]},{\"@type\":\"WebSite\",\"@id\":\"https:\\\/\\\/www.granapadano.it\\\/it-it\\\/#website\",\"url\":\"https:\\\/\\\/www.granapadano.it\\\/it-it\\\/\",\"name\":\"Grana Padano\",\"description\":\"\",\"potentialAction\":[{\"@type\":\"SearchAction\",\"target\":{\"@type\":\"EntryPoint\",\"urlTemplate\":\"https:\\\/\\\/www.granapadano.it\\\/it-it\\\/?s={search_term_string}\"},\"query-input\":{\"@type\":\"PropertyValueSpecification\",\"valueRequired\":true,\"valueName\":\"search_term_string\"}}],\"inLanguage\":\"it-it\"}]}<\/script>\n<!-- \/ Yoast SEO plugin. -->","yoast_head_json":{"title":"Best Bitter - Grana Padano","robots":{"index":"index","follow":"follow","max-snippet":"max-snippet:-1","max-image-preview":"max-image-preview:large","max-video-preview":"max-video-preview:-1"},"canonical":"https:\/\/www.granapadano.it\/it-it\/ricette\/abbinamenti\/con-quali-birre-abbinare-il-grana-padano\/best-bitter\/","og_locale":"it_IT","og_type":"article","og_title":"Best Bitter - Grana Padano","og_description":"Best BitterBirraStile di nascita inglese e che si identifica con le atmosfere anglosassoni di pub di lunga storia e tradizione, ma che ha estimatori in tutto il mondo e si trova spesso nella gamma produttiva dei produttori artigianali e non. A seconda della gradazione alcolica crescente si parla di Ordinary, Best, Strong Bitter. - [&hellip;]","og_url":"https:\/\/www.granapadano.it\/it-it\/ricette\/abbinamenti\/con-quali-birre-abbinare-il-grana-padano\/best-bitter\/","og_site_name":"Grana Padano","article_modified_time":"2026-03-18T17:55:08+00:00","twitter_card":"summary_large_image","twitter_misc":{"Est. reading time":"5 minutes"},"schema":{"@context":"https:\/\/schema.org","@graph":[{"@type":"WebPage","@id":"https:\/\/www.granapadano.it\/it-it\/ricette\/abbinamenti\/con-quali-birre-abbinare-il-grana-padano\/best-bitter\/","url":"https:\/\/www.granapadano.it\/it-it\/ricette\/abbinamenti\/con-quali-birre-abbinare-il-grana-padano\/best-bitter\/","name":"Best Bitter - Grana Padano","isPartOf":{"@id":"https:\/\/www.granapadano.it\/it-it\/#website"},"datePublished":"2023-02-16T09:52:54+00:00","dateModified":"2026-03-18T17:55:08+00:00","breadcrumb":{"@id":"https:\/\/www.granapadano.it\/it-it\/ricette\/abbinamenti\/con-quali-birre-abbinare-il-grana-padano\/best-bitter#breadcrumb"},"inLanguage":"it-it","potentialAction":[{"@type":"ReadAction","target":["https:\/\/www.granapadano.it\/it-it\/ricette\/abbinamenti\/con-quali-birre-abbinare-il-grana-padano\/best-bitter\/"]}]},{"@type":"BreadcrumbList","@id":"https:\/\/www.granapadano.it\/it-it\/ricette\/abbinamenti\/con-quali-birre-abbinare-il-grana-padano\/best-bitter#breadcrumb","itemListElement":[{"@type":"ListItem","position":1,"name":"Home","item":"https:\/\/www.granapadano.it\/it-it\/"},{"@type":"ListItem","position":2,"name":"Ricette","item":"https:\/\/www.granapadano.it\/it-it\/ricette\/"},{"@type":"ListItem","position":3,"name":"Abbinamenti","item":"https:\/\/www.granapadano.it\/it-it\/ricette\/abbinamenti\/"},{"@type":"ListItem","position":4,"name":"Con quali birre abbinare il grana padano?","item":"https:\/\/www.granapadano.it\/it-it\/ricette\/abbinamenti\/con-quali-birre-abbinare-il-grana-padano\/"},{"@type":"ListItem","position":5,"name":"Best Bitter"}]},{"@type":"WebSite","@id":"https:\/\/www.granapadano.it\/it-it\/#website","url":"https:\/\/www.granapadano.it\/it-it\/","name":"Grana Padano","description":"","potentialAction":[{"@type":"SearchAction","target":{"@type":"EntryPoint","urlTemplate":"https:\/\/www.granapadano.it\/it-it\/?s={search_term_string}"},"query-input":{"@type":"PropertyValueSpecification","valueRequired":true,"valueName":"search_term_string"}}],"inLanguage":"it-it"}]}},"_links":{"self":[{"href":"https:\/\/www.granapadano.it\/it-it\/wp-json\/wp\/v2\/pages\/32840","targetHints":{"allow":["GET"]}}],"collection":[{"href":"https:\/\/www.granapadano.it\/it-it\/wp-json\/wp\/v2\/pages"}],"about":[{"href":"https:\/\/www.granapadano.it\/it-it\/wp-json\/wp\/v2\/types\/page"}],"author":[{"embeddable":true,"href":"https:\/\/www.granapadano.it\/it-it\/wp-json\/wp\/v2\/users\/6"}],"replies":[{"embeddable":true,"href":"https:\/\/www.granapadano.it\/it-it\/wp-json\/wp\/v2\/comments?post=32840"}],"version-history":[{"count":1,"href":"https:\/\/www.granapadano.it\/it-it\/wp-json\/wp\/v2\/pages\/32840\/revisions"}],"predecessor-version":[{"id":148387,"href":"https:\/\/www.granapadano.it\/it-it\/wp-json\/wp\/v2\/pages\/32840\/revisions\/148387"}],"up":[{"embeddable":true,"href":"https:\/\/www.granapadano.it\/it-it\/wp-json\/wp\/v2\/pages\/30707"}],"wp:attachment":[{"href":"https:\/\/www.granapadano.it\/it-it\/wp-json\/wp\/v2\/media?parent=32840"}],"curies":[{"name":"wp","href":"https:\/\/api.w.org\/{rel}","templated":true}]}}