{"id":32716,"date":"2023-02-16T09:03:00","date_gmt":"2023-02-16T09:03:00","guid":{"rendered":"https:\/\/www.granapadano.it\/larte-della-produzione\/la-dop-copy\/"},"modified":"2026-03-18T22:19:07","modified_gmt":"2026-03-18T22:19:07","slug":"forme-sostenibili-innovazione-e-rispetto-dellambiente","status":"publish","type":"page","link":"https:\/\/www.granapadano.it\/it-it\/sostenibilita\/sostenibilita-ambientale\/forme-sostenibili-innovazione-e-rispetto-dellambiente\/","title":{"rendered":"Forme sostenibili: innovazione e rispetto dell&#8217;ambiente."},"content":{"rendered":"<p>[et_pb_section fb_built=&#8221;1&#8243; fullwidth=&#8221;on&#8221; _builder_version=&#8221;4.19.0&#8243; _module_preset=&#8221;default&#8221; global_colors_info=&#8221;{}&#8221;][et_pb_fullwidth_image src=&#8221;https:\/\/www.granapadano.it\/wp-content\/uploads\/2023\/02\/La-DOP-1.jpg&#8221; title_text=&#8221;La DOP&#8221; src_tablet=&#8221;https:\/\/www.granapadano.it\/wp-content\/uploads\/2023\/02\/La-DOP-1.jpg&#8221; src_phone=&#8221;https:\/\/www.granapadano.it\/wp-content\/uploads\/2023\/02\/La-DOP.jpg&#8221; src_last_edited=&#8221;on|phone&#8221; _builder_version=&#8221;4.19.5&#8243; _module_preset=&#8221;default&#8221; global_colors_info=&#8221;{}&#8221;][\/et_pb_fullwidth_image][\/et_pb_section][et_pb_section fb_built=&#8221;1&#8243; module_class=&#8221;production_sub_hub_main_wrapper&#8221; _builder_version=&#8221;4.19.5&#8243; _module_preset=&#8221;default&#8221; custom_margin=&#8221;0px||||false|false&#8221; custom_padding=&#8221;20px||0px||false|false&#8221; global_colors_info=&#8221;{}&#8221;][et_pb_row module_class=&#8221;recipe_filter_section&#8221; _builder_version=&#8221;4.19.4&#8243; _module_preset=&#8221;default&#8221; max_width=&#8221;90%&#8221; custom_padding=&#8221;||7px|||&#8221; global_colors_info=&#8221;{}&#8221;][et_pb_column type=&#8221;4_4&#8243; _builder_version=&#8221;4.19.4&#8243; _module_preset=&#8221;default&#8221; global_colors_info=&#8221;{}&#8221;][et_pb_code _builder_version=&#8221;4.19.4&#8243; _module_preset=&#8221;default&#8221; global_colors_info=&#8221;{}&#8221;]<div class=\"breadcrumb\"><a href=\"https:\/\/www.granapadano.it\/it-it\/\">Home<\/a>  <  <\/div>[\/et_pb_code][\/et_pb_column][\/et_pb_row][\/et_pb_section][et_pb_section fb_built=&#8221;1&#8243; module_class=&#8221;gp_produzione_video_sec&#8221; _builder_version=&#8221;4.19.5&#8243; _module_preset=&#8221;default&#8221; custom_margin=&#8221;||-40px||false|false&#8221; custom_padding=&#8221;0px||109px||false|false&#8221; global_colors_info=&#8221;{}&#8221;][et_pb_row _builder_version=&#8221;4.19.5&#8243; _module_preset=&#8221;default&#8221; min_height=&#8221;396.5px&#8221; custom_margin=&#8221;|auto|-6px|auto|false|false&#8221; custom_padding=&#8221;||0px|||&#8221; global_colors_info=&#8221;{}&#8221;][et_pb_column type=&#8221;4_4&#8243; _builder_version=&#8221;4.19.4&#8243; _module_preset=&#8221;default&#8221; global_colors_info=&#8221;{}&#8221;][et_pb_text _builder_version=&#8221;4.20.4&#8243; _module_preset=&#8221;default&#8221; text_font=&#8221;|700|||||||&#8221; text_text_color=&#8221;#0f0f0f&#8221; text_font_size=&#8221;44px&#8221; text_line_height=&#8221;52px&#8221; header_font_size=&#8221;44px&#8221; header_line_height=&#8221;52px&#8221; text_orientation=&#8221;center&#8221; custom_margin=&#8221;-12px||7px|||&#8221; global_colors_info=&#8221;{}&#8221;]<\/p>\n<h1>Forme sostenibili: innovazione e rispetto dell&#8217;ambiente.<\/h1>\n<p>[\/et_pb_text][et_pb_text _builder_version=&#8221;4.19.5&#8243; _module_preset=&#8221;default&#8221; text_font=&#8221;Merriweather|300|||||||&#8221; text_text_color=&#8221;#0f0f0f&#8221; text_font_size=&#8221;18px&#8221; text_line_height=&#8221;26px&#8221; text_orientation=&#8221;center&#8221; custom_padding=&#8221;10px||17px||false|false&#8221; global_colors_info=&#8221;{}&#8221;]<\/p>\n<p style=\"text-align: left;\">Che cos\u2019\u00e8 la sostenibilit\u00e0 e come possiamo metterla in pratica nella vita di tutti i giorni?<br \/>Questo video \u00e8 nato per raccontare l\u2019impegno di Grana Padano ma anche per dare uno stimolo ad ognuno di noi perch\u00e9 cercare di essere sempre un po\u2019 pi\u00f9 sostenibili \u00e8 possibile.<\/p>\n<p style=\"text-align: left;\">Con Green&amp;Blue abbiamo voluto approfondire, insieme a diversi attori della filiera tutto il nostro percorso.<\/p>\n<p>[\/et_pb_text][et_pb_video src=&#8221;https:\/\/www.youtube.com\/embed\/1ifuJTDFnR8&#8243; font_icon=&#8221;&#xf144;||fa||900&#8243; thumbnail_overlay_color=&#8221;#000000&#8243; _builder_version=&#8221;4.27.6&#8243; _module_preset=&#8221;default&#8221; transform_scale=&#8221;90%|90%&#8221; width=&#8221;100%&#8221; module_alignment=&#8221;right&#8221; custom_margin=&#8221;|||0px|false|false&#8221; custom_padding=&#8221;|||0px||&#8221; hover_enabled=&#8221;0&#8243; global_colors_info=&#8221;{}&#8221; sticky_enabled=&#8221;0&#8243;][\/et_pb_video][et_pb_button button_url=&#8221;https:\/\/www.greenandblue.it\/dossier\/forme-sostenibili\/2020\/10\/30\/news\/il_grana_padano_abbraccia_la_sostenibilita_-271785953\/&#8221; url_new_window=&#8221;on&#8221; button_text=&#8221;Leggi l&#8217;articolo originale &#8221; button_alignment=&#8221;center&#8221; module_class=&#8221;Brown-btn&#8221; _builder_version=&#8221;4.27.6&#8243; _module_preset=&#8221;default&#8221; custom_button=&#8221;on&#8221; button_text_size=&#8221;12px&#8221; button_text_color=&#8221;#f9f1e4&#8243; button_bg_color=&#8221;#876346&#8243; button_border_width=&#8221;0px&#8221; button_border_color=&#8221;RGBA(255,255,255,0)&#8221; button_border_radius=&#8221;0px&#8221; button_font=&#8221;&#8211;et_global_heading_font||||||||&#8221; button_icon=&#8221;&#x24;||divi||400&#8243; button_on_hover=&#8221;off&#8221; transform_scale=&#8221;86%|86%&#8221; custom_margin=&#8221;||||false|false&#8221; custom_padding=&#8221;16px|30px|16px|16px|true|false&#8221; hover_enabled=&#8221;0&#8243; locked=&#8221;off&#8221; global_colors_info=&#8221;{%22gcid-26f0371c-74dd-4e63-bbf8-f8ec94f09a6d%22:%91%22button_bg_color%22%93,%22gcid-46a7fd9b-e7e5-4c0a-b621-f5f3bcee3ed6%22:%91%22button_bg_color%22%93}&#8221; button_text_color__hover_enabled=&#8221;on|desktop&#8221; button_bg_color__hover_enabled=&#8221;on|hover&#8221; button_bg_enable_color__hover=&#8221;on&#8221; button_text_color__hover=&#8221;#f9f1e4&#8243; button_bg_color__hover=&#8221;#876346&#8243; sticky_enabled=&#8221;0&#8243;][\/et_pb_button][\/et_pb_column][\/et_pb_row][\/et_pb_section]<\/p>\n","protected":false},"excerpt":{"rendered":"<p><div class=\"breadcrumb\"><a href=\"https:\/\/www.granapadano.it\/it-it\/\">Home<\/a>  <  <\/div>Forme sostenibili: innovazione e rispetto dell&#8217;ambiente.Che cos\u2019\u00e8 la sostenibilit\u00e0 e come possiamo metterla in pratica nella vita di tutti i giorni?Questo video \u00e8 nato per raccontare l\u2019impegno di Grana Padano ma anche per dare uno stimolo ad ognuno di noi perch\u00e9 cercare di essere sempre un po\u2019 pi\u00f9 sostenibili \u00e8 possibile. Con Green&amp;Blue abbiamo voluto [&hellip;]<\/p>\n","protected":false},"author":3,"featured_media":0,"parent":68,"menu_order":439,"comment_status":"closed","ping_status":"closed","template":"","meta":{"_acf_changed":false,"_et_pb_use_builder":"on","_et_pb_old_content":"","_et_gb_content_width":"","footnotes":""},"class_list":["post-32716","page","type-page","status-publish","hentry"],"acf":[],"yoast_head":"<!-- This site is optimized with the Yoast SEO plugin v27.3 - https:\/\/yoast.com\/product\/yoast-seo-wordpress\/ -->\n<title>Forme sostenibili: innovazione e rispetto dell&#039;ambiente. - Grana Padano<\/title>\n<meta name=\"robots\" content=\"index, follow, max-snippet:-1, max-image-preview:large, max-video-preview:-1\" \/>\n<link rel=\"canonical\" href=\"https:\/\/www.granapadano.it\/it-it\/sostenibilita\/sostenibilita-ambientale\/forme-sostenibili-innovazione-e-rispetto-dellambiente\/\" \/>\n<meta property=\"og:locale\" content=\"it_IT\" \/>\n<meta property=\"og:type\" content=\"article\" \/>\n<meta property=\"og:title\" content=\"Forme sostenibili: innovazione e rispetto dell&#039;ambiente. - Grana Padano\" \/>\n<meta property=\"og:description\" content=\"Forme sostenibili: innovazione e rispetto dell&#039;ambiente.Che cos\u2019\u00e8 la sostenibilit\u00e0 e come possiamo metterla in pratica nella vita di tutti i giorni?Questo video \u00e8 nato per raccontare l\u2019impegno di Grana Padano ma anche per dare uno stimolo ad ognuno di noi perch\u00e9 cercare di essere sempre un po\u2019 pi\u00f9 sostenibili \u00e8 possibile. Con Green&amp;Blue abbiamo voluto [&hellip;]\" \/>\n<meta property=\"og:url\" content=\"https:\/\/www.granapadano.it\/it-it\/sostenibilita\/sostenibilita-ambientale\/forme-sostenibili-innovazione-e-rispetto-dellambiente\/\" \/>\n<meta property=\"og:site_name\" content=\"Grana Padano\" \/>\n<meta property=\"article:modified_time\" content=\"2026-03-18T22:19:07+00:00\" \/>\n<meta name=\"twitter:card\" content=\"summary_large_image\" \/>\n<meta name=\"twitter:label1\" content=\"Est. reading time\" \/>\n\t<meta name=\"twitter:data1\" content=\"1 minute\" \/>\n<script type=\"application\/ld+json\" class=\"yoast-schema-graph\">{\"@context\":\"https:\\\/\\\/schema.org\",\"@graph\":[{\"@type\":\"WebPage\",\"@id\":\"https:\\\/\\\/www.granapadano.it\\\/it-it\\\/sostenibilita\\\/sostenibilita-ambientale\\\/forme-sostenibili-innovazione-e-rispetto-dellambiente\\\/\",\"url\":\"https:\\\/\\\/www.granapadano.it\\\/it-it\\\/sostenibilita\\\/sostenibilita-ambientale\\\/forme-sostenibili-innovazione-e-rispetto-dellambiente\\\/\",\"name\":\"Forme sostenibili: innovazione e rispetto dell'ambiente. - Grana Padano\",\"isPartOf\":{\"@id\":\"https:\\\/\\\/www.granapadano.it\\\/it-it\\\/#website\"},\"datePublished\":\"2023-02-16T09:03:00+00:00\",\"dateModified\":\"2026-03-18T22:19:07+00:00\",\"breadcrumb\":{\"@id\":\"https:\\\/\\\/www.granapadano.it\\\/it-it\\\/sostenibilita\\\/sostenibilita-ambientale\\\/forme-sostenibili-innovazione-e-rispetto-dellambiente\\\/#breadcrumb\"},\"inLanguage\":\"it-it\",\"potentialAction\":[{\"@type\":\"ReadAction\",\"target\":[\"https:\\\/\\\/www.granapadano.it\\\/it-it\\\/sostenibilita\\\/sostenibilita-ambientale\\\/forme-sostenibili-innovazione-e-rispetto-dellambiente\\\/\"]}]},{\"@type\":\"BreadcrumbList\",\"@id\":\"https:\\\/\\\/www.granapadano.it\\\/it-it\\\/sostenibilita\\\/sostenibilita-ambientale\\\/forme-sostenibili-innovazione-e-rispetto-dellambiente\\\/#breadcrumb\",\"itemListElement\":[{\"@type\":\"ListItem\",\"position\":1,\"name\":\"Home\",\"item\":\"https:\\\/\\\/www.granapadano.it\\\/it-it\\\/\"},{\"@type\":\"ListItem\",\"position\":2,\"name\":\"Sostenibilit\u00e0\",\"item\":\"https:\\\/\\\/www.granapadano.it\\\/it-it\\\/sostenibilita\\\/\"},{\"@type\":\"ListItem\",\"position\":3,\"name\":\"Sostenibilit\u00e0 Ambientale\",\"item\":\"https:\\\/\\\/www.granapadano.it\\\/it-it\\\/sostenibilita\\\/sostenibilita-ambientale\\\/\"},{\"@type\":\"ListItem\",\"position\":4,\"name\":\"Forme sostenibili: innovazione e rispetto dell&#8217;ambiente.\"}]},{\"@type\":\"WebSite\",\"@id\":\"https:\\\/\\\/www.granapadano.it\\\/it-it\\\/#website\",\"url\":\"https:\\\/\\\/www.granapadano.it\\\/it-it\\\/\",\"name\":\"Grana Padano\",\"description\":\"\",\"potentialAction\":[{\"@type\":\"SearchAction\",\"target\":{\"@type\":\"EntryPoint\",\"urlTemplate\":\"https:\\\/\\\/www.granapadano.it\\\/it-it\\\/?s={search_term_string}\"},\"query-input\":{\"@type\":\"PropertyValueSpecification\",\"valueRequired\":true,\"valueName\":\"search_term_string\"}}],\"inLanguage\":\"it-it\"}]}<\/script>\n<!-- \/ Yoast SEO plugin. -->","yoast_head_json":{"title":"Forme sostenibili: innovazione e rispetto dell'ambiente. - Grana Padano","robots":{"index":"index","follow":"follow","max-snippet":"max-snippet:-1","max-image-preview":"max-image-preview:large","max-video-preview":"max-video-preview:-1"},"canonical":"https:\/\/www.granapadano.it\/it-it\/sostenibilita\/sostenibilita-ambientale\/forme-sostenibili-innovazione-e-rispetto-dellambiente\/","og_locale":"it_IT","og_type":"article","og_title":"Forme sostenibili: innovazione e rispetto dell'ambiente. - Grana Padano","og_description":"Forme sostenibili: innovazione e rispetto dell'ambiente.Che cos\u2019\u00e8 la sostenibilit\u00e0 e come possiamo metterla in pratica nella vita di tutti i giorni?Questo video \u00e8 nato per raccontare l\u2019impegno di Grana Padano ma anche per dare uno stimolo ad ognuno di noi perch\u00e9 cercare di essere sempre un po\u2019 pi\u00f9 sostenibili \u00e8 possibile. Con Green&amp;Blue abbiamo voluto [&hellip;]","og_url":"https:\/\/www.granapadano.it\/it-it\/sostenibilita\/sostenibilita-ambientale\/forme-sostenibili-innovazione-e-rispetto-dellambiente\/","og_site_name":"Grana Padano","article_modified_time":"2026-03-18T22:19:07+00:00","twitter_card":"summary_large_image","twitter_misc":{"Est. reading time":"1 minute"},"schema":{"@context":"https:\/\/schema.org","@graph":[{"@type":"WebPage","@id":"https:\/\/www.granapadano.it\/it-it\/sostenibilita\/sostenibilita-ambientale\/forme-sostenibili-innovazione-e-rispetto-dellambiente\/","url":"https:\/\/www.granapadano.it\/it-it\/sostenibilita\/sostenibilita-ambientale\/forme-sostenibili-innovazione-e-rispetto-dellambiente\/","name":"Forme sostenibili: innovazione e rispetto dell'ambiente. - Grana Padano","isPartOf":{"@id":"https:\/\/www.granapadano.it\/it-it\/#website"},"datePublished":"2023-02-16T09:03:00+00:00","dateModified":"2026-03-18T22:19:07+00:00","breadcrumb":{"@id":"https:\/\/www.granapadano.it\/it-it\/sostenibilita\/sostenibilita-ambientale\/forme-sostenibili-innovazione-e-rispetto-dellambiente\/#breadcrumb"},"inLanguage":"it-it","potentialAction":[{"@type":"ReadAction","target":["https:\/\/www.granapadano.it\/it-it\/sostenibilita\/sostenibilita-ambientale\/forme-sostenibili-innovazione-e-rispetto-dellambiente\/"]}]},{"@type":"BreadcrumbList","@id":"https:\/\/www.granapadano.it\/it-it\/sostenibilita\/sostenibilita-ambientale\/forme-sostenibili-innovazione-e-rispetto-dellambiente\/#breadcrumb","itemListElement":[{"@type":"ListItem","position":1,"name":"Home","item":"https:\/\/www.granapadano.it\/it-it\/"},{"@type":"ListItem","position":2,"name":"Sostenibilit\u00e0","item":"https:\/\/www.granapadano.it\/it-it\/sostenibilita\/"},{"@type":"ListItem","position":3,"name":"Sostenibilit\u00e0 Ambientale","item":"https:\/\/www.granapadano.it\/it-it\/sostenibilita\/sostenibilita-ambientale\/"},{"@type":"ListItem","position":4,"name":"Forme sostenibili: innovazione e rispetto dell&#8217;ambiente."}]},{"@type":"WebSite","@id":"https:\/\/www.granapadano.it\/it-it\/#website","url":"https:\/\/www.granapadano.it\/it-it\/","name":"Grana Padano","description":"","potentialAction":[{"@type":"SearchAction","target":{"@type":"EntryPoint","urlTemplate":"https:\/\/www.granapadano.it\/it-it\/?s={search_term_string}"},"query-input":{"@type":"PropertyValueSpecification","valueRequired":true,"valueName":"search_term_string"}}],"inLanguage":"it-it"}]}},"_links":{"self":[{"href":"https:\/\/www.granapadano.it\/it-it\/wp-json\/wp\/v2\/pages\/32716","targetHints":{"allow":["GET"]}}],"collection":[{"href":"https:\/\/www.granapadano.it\/it-it\/wp-json\/wp\/v2\/pages"}],"about":[{"href":"https:\/\/www.granapadano.it\/it-it\/wp-json\/wp\/v2\/types\/page"}],"author":[{"embeddable":true,"href":"https:\/\/www.granapadano.it\/it-it\/wp-json\/wp\/v2\/users\/3"}],"replies":[{"embeddable":true,"href":"https:\/\/www.granapadano.it\/it-it\/wp-json\/wp\/v2\/comments?post=32716"}],"version-history":[{"count":5,"href":"https:\/\/www.granapadano.it\/it-it\/wp-json\/wp\/v2\/pages\/32716\/revisions"}],"predecessor-version":[{"id":148448,"href":"https:\/\/www.granapadano.it\/it-it\/wp-json\/wp\/v2\/pages\/32716\/revisions\/148448"}],"up":[{"embeddable":true,"href":"https:\/\/www.granapadano.it\/it-it\/wp-json\/wp\/v2\/pages\/68"}],"wp:attachment":[{"href":"https:\/\/www.granapadano.it\/it-it\/wp-json\/wp\/v2\/media?parent=32716"}],"curies":[{"name":"wp","href":"https:\/\/api.w.org\/{rel}","templated":true}]}}