{"id":30021,"date":"2023-02-15T08:03:47","date_gmt":"2023-02-15T08:03:47","guid":{"rendered":"https:\/\/www.granapadano.it\/momenti-di-consumo\/abbinamenti\/con-quali-vini-abbinare-il-grana-padano\/castelli-di-jesi-verdicchio-riserva-copy\/"},"modified":"2026-03-19T14:22:04","modified_gmt":"2026-03-19T14:22:04","slug":"trento-brut-rose-riserva","status":"publish","type":"page","link":"https:\/\/www.granapadano.it\/it-it\/ricette\/abbinamenti\/con-quali-vini-abbinare-il-grana-padano\/trento-brut-rose-riserva\/","title":{"rendered":"Trento Brut Ros\u00e8 Riserva"},"content":{"rendered":"<p>[et_pb_section fb_built=&#8221;1&#8243; fullwidth=&#8221;on&#8221; _builder_version=&#8221;4.19.5&#8243; _module_preset=&#8221;default&#8221; global_colors_info=&#8221;{}&#8221;][et_pb_fullwidth_code _builder_version=&#8221;4.19.5&#8243; _module_preset=&#8221;default&#8221; global_colors_info=&#8221;{}&#8221;][et_pb_section global_module=\"29631 \"][\/et_pb_section][\/et_pb_fullwidth_code][\/et_pb_section][et_pb_section fb_built=&#8221;1&#8243; module_class=&#8221;production_sub_hub_main_wrapper&#8221; _builder_version=&#8221;4.19.4&#8243; _module_preset=&#8221;default&#8221; custom_padding=&#8221;13px||0px|||&#8221; locked=&#8221;off&#8221; global_colors_info=&#8221;{}&#8221;][et_pb_row module_class=&#8221;recipe_filter_section&#8221; _builder_version=&#8221;4.19.2&#8243; _module_preset=&#8221;default&#8221; max_width=&#8221;90%&#8221; custom_padding=&#8221;||7px|||&#8221; global_colors_info=&#8221;{}&#8221;][et_pb_column type=&#8221;4_4&#8243; _builder_version=&#8221;4.19.2&#8243; _module_preset=&#8221;default&#8221; global_colors_info=&#8221;{}&#8221;][et_pb_code _builder_version=&#8221;4.21.0&#8243; _module_preset=&#8221;default&#8221; custom_margin=&#8221;||16px|||&#8221; hover_enabled=&#8221;0&#8243; global_colors_info=&#8221;{}&#8221; sticky_enabled=&#8221;0&#8243;]<div class=\"breadcrumb\"><a href=\"https:\/\/www.granapadano.it\/it-it\/\">Home<\/a>  <  <\/div> [\/et_pb_code][\/et_pb_column][\/et_pb_row][\/et_pb_section][et_pb_section fb_built=&#8221;1&#8243; module_class=&#8221;giovani_sub_hub_title&#8221; _builder_version=&#8221;4.20.2&#8243; _module_preset=&#8221;default&#8221; custom_padding=&#8221;0px||0px||false|false&#8221; locked=&#8221;off&#8221; global_colors_info=&#8221;{}&#8221;][et_pb_row module_class=&#8221;gp_producion_heading_wrapper&#8221; _builder_version=&#8221;4.19.5&#8243; _module_preset=&#8221;default&#8221; max_width=&#8221;90%&#8221; module_alignment=&#8221;center&#8221; custom_padding=&#8221;||||false|false&#8221; global_colors_info=&#8221;{}&#8221;][et_pb_column type=&#8221;4_4&#8243; _builder_version=&#8221;4.19.4&#8243; _module_preset=&#8221;default&#8221; global_colors_info=&#8221;{}&#8221;][et_pb_text module_class=&#8221;giovani_sub_hub_title_text&#8221; _builder_version=&#8221;4.19.5&#8243; _module_preset=&#8221;default&#8221; text_font=&#8221;Merriweather|700|||||||&#8221; text_text_color=&#8221;#0f0f0f&#8221; text_font_size=&#8221;80px&#8221; text_line_height=&#8221;70px&#8221; header_font=&#8221;Merriweather||||||||&#8221; header_text_color=&#8221;gcid-8696fd7e-29dd-4028-9d4d-981b208a53a9&#8243; header_font_size=&#8221;44px&#8221; header_line_height=&#8221;52px&#8221; text_orientation=&#8221;center&#8221; min_height=&#8221;83px&#8221; custom_margin=&#8221;||0px||false|false&#8221; custom_padding=&#8221;||0px||false|false&#8221; global_colors_info=&#8221;{%22gcid-8696fd7e-29dd-4028-9d4d-981b208a53a9%22:%91%22header_text_color%22%93}&#8221;]<\/p>\n<h1>Trento Brut Ros\u00e8 Riserva<\/h1>\n<p>[\/et_pb_text][\/et_pb_column][\/et_pb_row][et_pb_row column_structure=&#8221;1_4,3_4&#8243; module_class=&#8221;article_dates&#8221; _builder_version=&#8221;4.19.4&#8243; _module_preset=&#8221;default&#8221; max_width=&#8221;90%&#8221; custom_padding=&#8221;0px||6px||false|false&#8221; global_colors_info=&#8221;{}&#8221;][et_pb_column type=&#8221;1_4&#8243; _builder_version=&#8221;4.19.3&#8243; _module_preset=&#8221;default&#8221; global_colors_info=&#8221;{}&#8221;][et_pb_text module_class=&#8221;button_look&#8221; _builder_version=&#8221;4.20.2&#8243; _module_preset=&#8221;default&#8221; text_font=&#8221;FontPadano-Bold||||||||&#8221; text_text_color=&#8221;#000000&#8243; text_font_size=&#8221;26px&#8221; background_color=&#8221;RGBA(255,255,255,0)&#8221; global_colors_info=&#8221;{}&#8221;]<\/p>\n<p>Vino<\/p>\n<p>[\/et_pb_text][\/et_pb_column][et_pb_column type=&#8221;3_4&#8243; _builder_version=&#8221;4.19.4&#8243; _module_preset=&#8221;default&#8221; global_colors_info=&#8221;{}&#8221;][\/et_pb_column][\/et_pb_row][et_pb_row column_structure=&#8221;2_5,3_5&#8243; module_class=&#8221;article_sub_img_text_content&#8221; _builder_version=&#8221;4.20.2&#8243; _module_preset=&#8221;default&#8221; max_width=&#8221;90%&#8221; module_alignment=&#8221;center&#8221; custom_margin=&#8221;-2px||||false|false&#8221; custom_padding=&#8221;0px||40px||false|false&#8221; global_colors_info=&#8221;{}&#8221;][et_pb_column type=&#8221;2_5&#8243; module_class=&#8221;article_sub_img_wrap&#8221; _builder_version=&#8221;4.20.2&#8243; _module_preset=&#8221;default&#8221; global_colors_info=&#8221;{}&#8221;][et_pb_image src=&#8221;https:\/\/www.granapadano.it\/wp-content\/uploads\/2023\/02\/GRANAPADANOTrentoBrutRos-43791.jpg&#8221; title_text=&#8221;GRANAPADANOTrentoBrutRos-43791&#8243; align=&#8221;center&#8221; _builder_version=&#8221;4.19.5&#8243; _module_preset=&#8221;default&#8221; positioning=&#8221;relative&#8221; vertical_offset=&#8221;52px&#8221; module_alignment=&#8221;center&#8221; border_radii=&#8221;on|20px|20px|20px|20px&#8221; global_colors_info=&#8221;{}&#8221;][\/et_pb_image][\/et_pb_column][et_pb_column type=&#8221;3_5&#8243; module_class=&#8221;article_sub_text_wrap&#8221; _builder_version=&#8221;4.20.2&#8243; _module_preset=&#8221;default&#8221; global_colors_info=&#8221;{}&#8221;][et_pb_text _builder_version=&#8221;4.21.0&#8243; _module_preset=&#8221;default&#8221; text_text_color=&#8221;#0f0f0f&#8221; text_font_size=&#8221;18px&#8221; text_line_height=&#8221;26px&#8221; width=&#8221;100%&#8221; hover_enabled=&#8221;0&#8243; global_colors_info=&#8221;{}&#8221; sticky_enabled=&#8221;0&#8243;]<\/p>\n<p>\u00c8 un vino spumante rosato a Denominazione di Origine Controllata (DOC). Prodotto con uve Chardonnay e\/o Pinot bianco e\/o Pinot nero e\/o Meunier. Il vino base fermenta prevalentemente in acciaio e riposa sui lieviti in bottiglia per almeno 36 mesi.<\/p>\n<p>&#8211; Invecchiamento suggerito: da 2 a 4 anni dall\u2019uscita in commercio<br \/>&#8211; Titolo alcolometrico: 12,5% Vol.<br \/>&#8211; Prodotto in provincia di Trento, negli areali individuati dal disciplinare di produzione a un\u2019altitudine compresa tra 200 e 800 metri<br \/>&#8211; Conservare in cantina a temperatura costante tra 11 e 15 \u00b0C per alcuni anni; in ambiente domestico per poche settimane<br \/>&#8211; Servire a 8 \u00b0C in calici piuttosto slanciati, per evidenziare la progressione delle bollicine, con una lieve chiusura sul bordo, per concentrare la dotazione aromatica.<\/p>\n<p><strong>Caratteristiche (visive, olfattive, gusto-olfattive):<\/strong><br \/>Rosa tenue impreziosito da un vivido e finissimo corredo di bollicine. Profuma di rosa canina, mela fuji, succo di lampone e ribes rosso, con lievi accenni di fragoline di bosco. Al palato la solerte dotazione di freschezza \u00e8 accompagnata da una garbata sapidit\u00e0 e da una cremosa effervescenza.<br \/>La lunga persistenza aromatica del vino si trova in concordanza con le caratteristiche del Grana Padano di lunga stagionatura. Inoltre, la vivacit\u00e0 del perlage e la calibrata vena sapida del vino rifrescano la beva, senza interferire con la succulenza indotta dalla masticazione del formaggio.<\/p>\n<p><strong>Curiosit\u00e0<\/strong><br \/>La Denominazione di Origine Controllata, riconosciuta nel 1993, \u00e8 stata la prima in Italia riservata esclusivamente a uno spumante ottenuto con la rifermentazione in bottiglia secondo il Metodo Classico. Una ricerca scientifica condotta su ben 43 campioni di Trento Doc ha evidenziato la presenza di circa 1700 composti volatili, una quantit\u00e0 simile a quella dei grandi vini rossi.<br \/>\u00c8 abbastanza facile da reperire in enoteca o nella grande distribuzione.<\/p>\n<p><strong>Altri vini rosati spumanti di buona struttura consigliati con il Grana Padano a lunga stagionatura:<br \/><\/strong>&#8211; Franciacorta Brut Ros\u00e9 Riserva<br \/>&#8211; Alta Langa Brut Ros\u00e9 Riserva<\/p>\n<p>[\/et_pb_text][\/et_pb_column][\/et_pb_row][\/et_pb_section]<\/p>\n","protected":false},"excerpt":{"rendered":"<p><div class=\"et_pb_module et_pb_fullwidth_image et_pb_fullwidth_image_0\">\n\t\t\t\t\n\t\t\t\t\n\t\t\t\t\n\t\t\t\t\n\t\t\t\t<img decoding=\"async\" width=\"1920\" height=\"380\" src=\"https:\/\/granapadano.kleecks-cdn.com\/wp-content\/uploads\/2023\/02\/Abbinamenti-h-1.png\" alt=\"\" title=\"Abbinamenti-m\" srcset=\"https:\/\/granapadano.kleecks-cdn.com\/wp-content\/uploads\/2023\/02\/Abbinamenti-h-1.png%201920w,%20https:\/granapadano.kleecks-cdn.com\/wp-content\/uploads\/2023\/02\/Abbinamenti-h-1-1280x253.png%201280w,%20https:\/granapadano.kleecks-cdn.com\/wp-content\/uploads\/2023\/02\/Abbinamenti-h-1-980x194.png%20980w,%20https:\/granapadano.kleecks-cdn.com\/wp-content\/uploads\/2023\/02\/Abbinamenti-h-1-480x95.png%20480w\" sizes=\"(min-width: 0px) and (max-width: 480px) 480px, (min-width: 481px) and (max-width: 980px) 980px, (min-width: 981px) and (max-width: 1280px) 1280px, (min-width: 1281px) 1920px, 100vw\" class=\"wp-image-41915\" data-et-multi-view=\"{&quot;schema&quot;:{&quot;attrs&quot;:{&quot;desktop&quot;:{&quot;src&quot;:&quot;https:\\\/\\\/www.granapadano.it\\\/wp-content\\\/uploads\\\/2023\\\/02\\\/Abbinamenti-h-1.png&quot;,&quot;alt&quot;:&quot;&quot;,&quot;title&quot;:&quot;Abbinamenti-m&quot;,&quot;class&quot;:&quot;wp-image-41915&quot;,&quot;srcset&quot;:&quot;https:\\\/\\\/www.granapadano.it\\\/wp-content\\\/uploads\\\/2023\\\/02\\\/Abbinamenti-h-1.png 1920w, https:\\\/\\\/www.granapadano.it\\\/wp-content\\\/uploads\\\/2023\\\/02\\\/Abbinamenti-h-1-1280x253.png 1280w, https:\\\/\\\/www.granapadano.it\\\/wp-content\\\/uploads\\\/2023\\\/02\\\/Abbinamenti-h-1-980x194.png 980w, https:\\\/\\\/www.granapadano.it\\\/wp-content\\\/uploads\\\/2023\\\/02\\\/Abbinamenti-h-1-480x95.png 480w&quot;,&quot;sizes&quot;:&quot;(min-width: 0px) and (max-width: 480px) 480px, (min-width: 481px) and (max-width: 980px) 980px, (min-width: 981px) and (max-width: 1280px) 1280px, (min-width: 1281px) 1920px, 100vw&quot;},&quot;phone&quot;:{&quot;src&quot;:&quot;https:\\\/\\\/www.granapadano.it\\\/wp-content\\\/uploads\\\/2023\\\/02\\\/Abbinamenti-m-1.png&quot;,&quot;srcset&quot;:&quot;https:\\\/\\\/www.granapadano.it\\\/wp-content\\\/uploads\\\/2023\\\/02\\\/Abbinamenti-m-1.png 450w, https:\\\/\\\/www.granapadano.it\\\/wp-content\\\/uploads\\\/2023\\\/02\\\/Abbinamenti-m-1-300x133.png 300w&quot;,&quot;sizes&quot;:&quot;(max-width: 450px) 100vw, 450px&quot;}}},&quot;slug&quot;:&quot;et_pb_fullwidth_image&quot;}\" \/>\n\t\t\t\n\t\t\t<\/div><div class=\"breadcrumb\"><a href=\"https:\/\/www.granapadano.it\/it-it\/\">Home<\/a>  <  <\/div> Trento Brut Ros\u00e8 RiservaVino\u00c8 un vino spumante rosato a Denominazione di Origine Controllata (DOC). Prodotto con uve Chardonnay e\/o Pinot bianco e\/o Pinot nero e\/o Meunier. Il vino base fermenta prevalentemente in acciaio e riposa sui lieviti in bottiglia per almeno 36 mesi. &#8211; Invecchiamento suggerito: da 2 a 4 anni dall\u2019uscita in [&hellip;]<\/p>\n","protected":false},"author":6,"featured_media":0,"parent":28734,"menu_order":182,"comment_status":"closed","ping_status":"closed","template":"","meta":{"_acf_changed":false,"_et_pb_use_builder":"on","_et_pb_old_content":"","_et_gb_content_width":"","footnotes":""},"class_list":["post-30021","page","type-page","status-publish","hentry"],"acf":[],"yoast_head":"<!-- This site is optimized with the Yoast SEO plugin v27.4 - https:\/\/yoast.com\/product\/yoast-seo-wordpress\/ -->\n<title>Trento Brut Ros\u00e8 Riserva - Grana Padano<\/title>\n<meta name=\"robots\" content=\"index, follow, max-snippet:-1, max-image-preview:large, max-video-preview:-1\" \/>\n<link rel=\"canonical\" href=\"https:\/\/www.granapadano.it\/it-it\/ricette\/abbinamenti\/con-quali-vini-abbinare-il-grana-padano\/trento-brut-rose-riserva\/\" \/>\n<meta property=\"og:locale\" content=\"it_IT\" \/>\n<meta property=\"og:type\" content=\"article\" \/>\n<meta property=\"og:title\" content=\"Trento Brut Ros\u00e8 Riserva - Grana Padano\" \/>\n<meta property=\"og:description\" content=\"Trento Brut Ros\u00e8 RiservaVino\u00c8 un vino spumante rosato a Denominazione di Origine Controllata (DOC). Prodotto con uve Chardonnay e\/o Pinot bianco e\/o Pinot nero e\/o Meunier. Il vino base fermenta prevalentemente in acciaio e riposa sui lieviti in bottiglia per almeno 36 mesi. - Invecchiamento suggerito: da 2 a 4 anni dall\u2019uscita in [&hellip;]\" \/>\n<meta property=\"og:url\" content=\"https:\/\/www.granapadano.it\/it-it\/ricette\/abbinamenti\/con-quali-vini-abbinare-il-grana-padano\/trento-brut-rose-riserva\/\" \/>\n<meta property=\"og:site_name\" content=\"Grana Padano\" \/>\n<meta property=\"article:modified_time\" content=\"2026-03-19T14:22:04+00:00\" \/>\n<meta name=\"twitter:card\" content=\"summary_large_image\" \/>\n<meta name=\"twitter:label1\" content=\"Est. reading time\" \/>\n\t<meta name=\"twitter:data1\" content=\"3 minutes\" \/>\n<script type=\"application\/ld+json\" class=\"yoast-schema-graph\">{\"@context\":\"https:\\\/\\\/schema.org\",\"@graph\":[{\"@type\":\"WebPage\",\"@id\":\"https:\\\/\\\/www.granapadano.it\\\/it-it\\\/ricette\\\/abbinamenti\\\/con-quali-vini-abbinare-il-grana-padano\\\/trento-brut-rose-riserva\\\/\",\"url\":\"https:\\\/\\\/www.granapadano.it\\\/it-it\\\/ricette\\\/abbinamenti\\\/con-quali-vini-abbinare-il-grana-padano\\\/trento-brut-rose-riserva\\\/\",\"name\":\"Trento Brut Ros\u00e8 Riserva - Grana Padano\",\"isPartOf\":{\"@id\":\"https:\\\/\\\/www.granapadano.it\\\/it-it\\\/#website\"},\"datePublished\":\"2023-02-15T08:03:47+00:00\",\"dateModified\":\"2026-03-19T14:22:04+00:00\",\"breadcrumb\":{\"@id\":\"https:\\\/\\\/www.granapadano.it\\\/it-it\\\/ricette\\\/abbinamenti\\\/con-quali-vini-abbinare-il-grana-padano\\\/trento-brut-rose-riserva\\\/#breadcrumb\"},\"inLanguage\":\"it-it\",\"potentialAction\":[{\"@type\":\"ReadAction\",\"target\":[\"https:\\\/\\\/www.granapadano.it\\\/it-it\\\/ricette\\\/abbinamenti\\\/con-quali-vini-abbinare-il-grana-padano\\\/trento-brut-rose-riserva\\\/\"]}]},{\"@type\":\"BreadcrumbList\",\"@id\":\"https:\\\/\\\/www.granapadano.it\\\/it-it\\\/ricette\\\/abbinamenti\\\/con-quali-vini-abbinare-il-grana-padano\\\/trento-brut-rose-riserva\\\/#breadcrumb\",\"itemListElement\":[{\"@type\":\"ListItem\",\"position\":1,\"name\":\"Home\",\"item\":\"https:\\\/\\\/www.granapadano.it\\\/it-it\\\/\"},{\"@type\":\"ListItem\",\"position\":2,\"name\":\"Ricette\",\"item\":\"https:\\\/\\\/www.granapadano.it\\\/it-it\\\/ricette\\\/\"},{\"@type\":\"ListItem\",\"position\":3,\"name\":\"Con quali vini abbinare il grana padano?\",\"item\":\"https:\\\/\\\/www.granapadano.it\\\/it-it\\\/ricette\\\/abbinamenti\\\/con-quali-vini-abbinare-il-grana-padano\\\/\"},{\"@type\":\"ListItem\",\"position\":4,\"name\":\"Trento Brut Ros\u00e8 Riserva\"}]},{\"@type\":\"WebSite\",\"@id\":\"https:\\\/\\\/www.granapadano.it\\\/it-it\\\/#website\",\"url\":\"https:\\\/\\\/www.granapadano.it\\\/it-it\\\/\",\"name\":\"Grana Padano\",\"description\":\"\",\"potentialAction\":[{\"@type\":\"SearchAction\",\"target\":{\"@type\":\"EntryPoint\",\"urlTemplate\":\"https:\\\/\\\/www.granapadano.it\\\/it-it\\\/?s={search_term_string}\"},\"query-input\":{\"@type\":\"PropertyValueSpecification\",\"valueRequired\":true,\"valueName\":\"search_term_string\"}}],\"inLanguage\":\"it-it\"}]}<\/script>\n<!-- \/ Yoast SEO plugin. -->","yoast_head_json":{"title":"Trento Brut Ros\u00e8 Riserva - Grana Padano","robots":{"index":"index","follow":"follow","max-snippet":"max-snippet:-1","max-image-preview":"max-image-preview:large","max-video-preview":"max-video-preview:-1"},"canonical":"https:\/\/www.granapadano.it\/it-it\/ricette\/abbinamenti\/con-quali-vini-abbinare-il-grana-padano\/trento-brut-rose-riserva\/","og_locale":"it_IT","og_type":"article","og_title":"Trento Brut Ros\u00e8 Riserva - Grana Padano","og_description":"Trento Brut Ros\u00e8 RiservaVino\u00c8 un vino spumante rosato a Denominazione di Origine Controllata (DOC). Prodotto con uve Chardonnay e\/o Pinot bianco e\/o Pinot nero e\/o Meunier. Il vino base fermenta prevalentemente in acciaio e riposa sui lieviti in bottiglia per almeno 36 mesi. - Invecchiamento suggerito: da 2 a 4 anni dall\u2019uscita in [&hellip;]","og_url":"https:\/\/www.granapadano.it\/it-it\/ricette\/abbinamenti\/con-quali-vini-abbinare-il-grana-padano\/trento-brut-rose-riserva\/","og_site_name":"Grana Padano","article_modified_time":"2026-03-19T14:22:04+00:00","twitter_card":"summary_large_image","twitter_misc":{"Est. reading time":"3 minutes"},"schema":{"@context":"https:\/\/schema.org","@graph":[{"@type":"WebPage","@id":"https:\/\/www.granapadano.it\/it-it\/ricette\/abbinamenti\/con-quali-vini-abbinare-il-grana-padano\/trento-brut-rose-riserva\/","url":"https:\/\/www.granapadano.it\/it-it\/ricette\/abbinamenti\/con-quali-vini-abbinare-il-grana-padano\/trento-brut-rose-riserva\/","name":"Trento Brut Ros\u00e8 Riserva - Grana Padano","isPartOf":{"@id":"https:\/\/www.granapadano.it\/it-it\/#website"},"datePublished":"2023-02-15T08:03:47+00:00","dateModified":"2026-03-19T14:22:04+00:00","breadcrumb":{"@id":"https:\/\/www.granapadano.it\/it-it\/ricette\/abbinamenti\/con-quali-vini-abbinare-il-grana-padano\/trento-brut-rose-riserva\/#breadcrumb"},"inLanguage":"it-it","potentialAction":[{"@type":"ReadAction","target":["https:\/\/www.granapadano.it\/it-it\/ricette\/abbinamenti\/con-quali-vini-abbinare-il-grana-padano\/trento-brut-rose-riserva\/"]}]},{"@type":"BreadcrumbList","@id":"https:\/\/www.granapadano.it\/it-it\/ricette\/abbinamenti\/con-quali-vini-abbinare-il-grana-padano\/trento-brut-rose-riserva\/#breadcrumb","itemListElement":[{"@type":"ListItem","position":1,"name":"Home","item":"https:\/\/www.granapadano.it\/it-it\/"},{"@type":"ListItem","position":2,"name":"Ricette","item":"https:\/\/www.granapadano.it\/it-it\/ricette\/"},{"@type":"ListItem","position":3,"name":"Con quali vini abbinare il grana padano?","item":"https:\/\/www.granapadano.it\/it-it\/ricette\/abbinamenti\/con-quali-vini-abbinare-il-grana-padano\/"},{"@type":"ListItem","position":4,"name":"Trento Brut Ros\u00e8 Riserva"}]},{"@type":"WebSite","@id":"https:\/\/www.granapadano.it\/it-it\/#website","url":"https:\/\/www.granapadano.it\/it-it\/","name":"Grana Padano","description":"","potentialAction":[{"@type":"SearchAction","target":{"@type":"EntryPoint","urlTemplate":"https:\/\/www.granapadano.it\/it-it\/?s={search_term_string}"},"query-input":{"@type":"PropertyValueSpecification","valueRequired":true,"valueName":"search_term_string"}}],"inLanguage":"it-it"}]}},"_links":{"self":[{"href":"https:\/\/www.granapadano.it\/it-it\/wp-json\/wp\/v2\/pages\/30021","targetHints":{"allow":["GET"]}}],"collection":[{"href":"https:\/\/www.granapadano.it\/it-it\/wp-json\/wp\/v2\/pages"}],"about":[{"href":"https:\/\/www.granapadano.it\/it-it\/wp-json\/wp\/v2\/types\/page"}],"author":[{"embeddable":true,"href":"https:\/\/www.granapadano.it\/it-it\/wp-json\/wp\/v2\/users\/6"}],"replies":[{"embeddable":true,"href":"https:\/\/www.granapadano.it\/it-it\/wp-json\/wp\/v2\/comments?post=30021"}],"version-history":[{"count":1,"href":"https:\/\/www.granapadano.it\/it-it\/wp-json\/wp\/v2\/pages\/30021\/revisions"}],"predecessor-version":[{"id":97538,"href":"https:\/\/www.granapadano.it\/it-it\/wp-json\/wp\/v2\/pages\/30021\/revisions\/97538"}],"up":[{"embeddable":true,"href":"https:\/\/www.granapadano.it\/it-it\/wp-json\/wp\/v2\/pages\/28734"}],"wp:attachment":[{"href":"https:\/\/www.granapadano.it\/it-it\/wp-json\/wp\/v2\/media?parent=30021"}],"curies":[{"name":"wp","href":"https:\/\/api.w.org\/{rel}","templated":true}]}}