{"id":29758,"date":"2023-02-15T07:43:28","date_gmt":"2023-02-15T07:43:28","guid":{"rendered":"https:\/\/www.granapadano.it\/momenti-di-consumo\/abbinamenti\/con-quali-vini-abbinare-il-grana-padano\/dolcetto-dalba-copy\/"},"modified":"2026-03-19T14:22:33","modified_gmt":"2026-03-19T14:22:33","slug":"sicilia-nero-davola","status":"publish","type":"page","link":"https:\/\/www.granapadano.it\/it-it\/ricette\/abbinamenti\/con-quali-vini-abbinare-il-grana-padano\/sicilia-nero-davola\/","title":{"rendered":"Sicilia Nero D&#8217;Avola"},"content":{"rendered":"<p>[et_pb_section fb_built=&#8221;1&#8243; fullwidth=&#8221;on&#8221; _builder_version=&#8221;4.19.5&#8243; _module_preset=&#8221;default&#8221; global_colors_info=&#8221;{}&#8221;][et_pb_fullwidth_code _builder_version=&#8221;4.19.5&#8243; _module_preset=&#8221;default&#8221; global_colors_info=&#8221;{}&#8221;][et_pb_section global_module=\"29631 \"][\/et_pb_section][\/et_pb_fullwidth_code][\/et_pb_section][et_pb_section fb_built=&#8221;1&#8243; module_class=&#8221;production_sub_hub_main_wrapper&#8221; _builder_version=&#8221;4.19.4&#8243; _module_preset=&#8221;default&#8221; custom_padding=&#8221;13px||0px|||&#8221; locked=&#8221;off&#8221; global_colors_info=&#8221;{}&#8221;][et_pb_row module_class=&#8221;recipe_filter_section&#8221; _builder_version=&#8221;4.19.2&#8243; _module_preset=&#8221;default&#8221; max_width=&#8221;90%&#8221; custom_padding=&#8221;||7px|||&#8221; global_colors_info=&#8221;{}&#8221;][et_pb_column type=&#8221;4_4&#8243; _builder_version=&#8221;4.19.2&#8243; _module_preset=&#8221;default&#8221; global_colors_info=&#8221;{}&#8221;][et_pb_code _builder_version=&#8221;4.19.2&#8243; _module_preset=&#8221;default&#8221; custom_margin=&#8221;||16px|||&#8221; global_colors_info=&#8221;{}&#8221;]<div class=\"breadcrumb\"><a href=\"https:\/\/www.granapadano.it\/it-it\/\">Home<\/a>  <  <\/div>[\/et_pb_code][\/et_pb_column][\/et_pb_row][\/et_pb_section][et_pb_section fb_built=&#8221;1&#8243; module_class=&#8221;giovani_sub_hub_title&#8221; _builder_version=&#8221;4.19.5&#8243; _module_preset=&#8221;default&#8221; custom_padding=&#8221;0px||0px||false|false&#8221; locked=&#8221;off&#8221; global_colors_info=&#8221;{}&#8221;][et_pb_row module_class=&#8221;gp_producion_heading_wrapper&#8221; _builder_version=&#8221;4.19.5&#8243; _module_preset=&#8221;default&#8221; max_width=&#8221;90%&#8221; module_alignment=&#8221;center&#8221; custom_padding=&#8221;||||false|false&#8221; global_colors_info=&#8221;{}&#8221;][et_pb_column type=&#8221;4_4&#8243; _builder_version=&#8221;4.19.4&#8243; _module_preset=&#8221;default&#8221; global_colors_info=&#8221;{}&#8221;][et_pb_text module_class=&#8221;giovani_sub_hub_title_text&#8221; _builder_version=&#8221;4.19.5&#8243; _module_preset=&#8221;default&#8221; text_font=&#8221;Merriweather|700|||||||&#8221; text_text_color=&#8221;#0f0f0f&#8221; text_font_size=&#8221;80px&#8221; text_line_height=&#8221;70px&#8221; header_font=&#8221;Merriweather||||||||&#8221; header_text_color=&#8221;gcid-8696fd7e-29dd-4028-9d4d-981b208a53a9&#8243; header_font_size=&#8221;44px&#8221; header_line_height=&#8221;52px&#8221; text_orientation=&#8221;center&#8221; min_height=&#8221;83px&#8221; custom_margin=&#8221;||0px||false|false&#8221; custom_padding=&#8221;||0px||false|false&#8221; global_colors_info=&#8221;{%22gcid-8696fd7e-29dd-4028-9d4d-981b208a53a9%22:%91%22header_text_color%22%93}&#8221;]<\/p>\n<h1>Sicilia Nero D&#8217;Avola<\/h1>\n<p>[\/et_pb_text][\/et_pb_column][\/et_pb_row][et_pb_row column_structure=&#8221;1_4,3_4&#8243; module_class=&#8221;article_dates&#8221; _builder_version=&#8221;4.19.4&#8243; _module_preset=&#8221;default&#8221; max_width=&#8221;90%&#8221; custom_padding=&#8221;2px||6px||false|false&#8221; global_colors_info=&#8221;{}&#8221; theme_builder_area=&#8221;post_content&#8221;][et_pb_column type=&#8221;1_4&#8243; _builder_version=&#8221;4.19.3&#8243; _module_preset=&#8221;default&#8221; global_colors_info=&#8221;{}&#8221; theme_builder_area=&#8221;post_content&#8221;][et_pb_text module_class=&#8221;button_look&#8221; _builder_version=&#8221;4.20.2&#8243; _module_preset=&#8221;default&#8221; text_font=&#8221;FontPadano-Bold||||||||&#8221; text_text_color=&#8221;#000000&#8243; text_font_size=&#8221;26px&#8221; background_color=&#8221;RGBA(255,255,255,0)&#8221; hover_enabled=&#8221;0&#8243; global_colors_info=&#8221;{}&#8221; theme_builder_area=&#8221;post_content&#8221; sticky_enabled=&#8221;0&#8243;]<\/p>\n<p>Vino<\/p>\n<p>[\/et_pb_text][\/et_pb_column][et_pb_column type=&#8221;3_4&#8243; _builder_version=&#8221;4.19.4&#8243; _module_preset=&#8221;default&#8221; global_colors_info=&#8221;{}&#8221; theme_builder_area=&#8221;post_content&#8221;][\/et_pb_column][\/et_pb_row][et_pb_row column_structure=&#8221;2_5,3_5&#8243; module_class=&#8221;article_sub_img_text_content&#8221; _builder_version=&#8221;4.20.2&#8243; _module_preset=&#8221;default&#8221; max_width=&#8221;90%&#8221; module_alignment=&#8221;center&#8221; custom_margin=&#8221;-2px||||false|false&#8221; custom_padding=&#8221;0px||40px||false|false&#8221; hover_enabled=&#8221;0&#8243; global_colors_info=&#8221;{}&#8221; sticky_enabled=&#8221;0&#8243;][et_pb_column type=&#8221;2_5&#8243; _builder_version=&#8221;4.20.2&#8243; _module_preset=&#8221;default&#8221; hover_enabled=&#8221;0&#8243; global_colors_info=&#8221;{}&#8221; module_class=&#8221;article_sub_img_wrap&#8221; sticky_enabled=&#8221;0&#8243;][et_pb_image src=&#8221;https:\/\/www.granapadano.it\/wp-content\/uploads\/2023\/02\/GRANAPADANONeroDAvola-43783.jpg&#8221; title_text=&#8221;GRANAPADANONeroDAvola-43783&#8243; align=&#8221;center&#8221; _builder_version=&#8221;4.19.5&#8243; _module_preset=&#8221;default&#8221; positioning=&#8221;relative&#8221; vertical_offset=&#8221;52px&#8221; module_alignment=&#8221;center&#8221; border_radii=&#8221;on|20px|20px|20px|20px&#8221; global_colors_info=&#8221;{}&#8221;][\/et_pb_image][\/et_pb_column][et_pb_column type=&#8221;3_5&#8243; _builder_version=&#8221;4.20.2&#8243; _module_preset=&#8221;default&#8221; hover_enabled=&#8221;0&#8243; global_colors_info=&#8221;{}&#8221; module_class=&#8221;article_sub_text_wrap&#8221; sticky_enabled=&#8221;0&#8243;][et_pb_text _builder_version=&#8221;4.20.2&#8243; _module_preset=&#8221;default&#8221; text_text_color=&#8221;#0f0f0f&#8221; text_font_size=&#8221;18px&#8221; text_line_height=&#8221;26px&#8221; width=&#8221;100%&#8221; hover_enabled=&#8221;0&#8243; global_colors_info=&#8221;{}&#8221; sticky_enabled=&#8221;0&#8243;]<\/p>\n<p>\u00c8 un vino rosso a Denominazione di Origine Controllata (DOC). Prodotto con uve Nero d\u2019Avola per almeno l\u201985%, possono concorrere per la parte restante altre variet\u00e0 ritenute idonee per la regione Sicilia. Fermentazione in acciaio (molto raramente in legno) e maturazione condotta spesso tra acciaio e legno. Sebbene non sia previsto un periodo minimo per l\u2019immissione al consumo, normalmente la commercializzazione avviene non prima di 12 mesi dalla vendemmia.<\/p>\n<p>&#8211; Invecchiamento suggerito: da 2 a 5 anni a seconda dell\u2019annata<br \/>&#8211; Titolo alcolometrico: 13% Vol.<br \/>&#8211; Prodotto dell\u2019intero territorio della regione Sicilia.<br \/>&#8211; Conservare in cantina a temperatura costante tra 11 e 15 \u00b0C per diversi anni; in ambiente domestico per poche settimane.<br \/>&#8211; Servire a 18 \u00b0C in calici di accentuata ampiezza.<\/p>\n<p><strong>Caratteristiche (visive, olfattive, gusto-olfattive):<\/strong><br \/>Rosso rubino profondo con riflessi viola, di spiccata consistenza. Esordio floreale di rosa appassita e geranio, seguono note di arancia candita, rabarbaro, caff\u00e8 tostato e chiodi di garofano, per chiudere con una nuance di grafite. Al palato \u00e8 morbido e avvolgente, grazie a una solida matrice calorica perfettamente equilibrata da una rinfrescante sapidit\u00e0 e da una trama tannica ben disegnata.<br \/>La decisa struttura del vino si trova in concordanza con le caratteristiche di evoluzione e maturit\u00e0 del Grana Padano Riserva. Inoltre, la nota salata mediamente percettibile del formaggio \u00e8 adeguatamente equilibrata dalla componente morbida del vino.<\/p>\n<p><strong>Curiosit\u00e0<\/strong><br \/>Il Nero d\u2019Avola \u00e8 il vitigno principe della Sicilia ed \u00e8 anche quello con la maggior superficie coltivata. Noto anche con il nome di \u201cCalabrese\u201d, probabilmente a causa dell\u2019errata traduzione dal dialetto siciliano, poich\u00e9 \u201ccala\u201d significa uva e \u201caulisi\u201d sta per originario di Avola, una localit\u00e0 in provincia di Siracusa.<br \/>\u00c8 abbastanza facile da reperire in enoteca o nella grande distribuzione.<\/p>\n<p><strong>Altri vini rossi di grande struttura consigliati con il Grana Padano Riserva Oltre 20 mesi:<\/strong><br \/>&#8211; Chianti Classico<br \/>&#8211; Cannonau di Sardegna<br \/>&#8211; Castel del Monte Nero di Troia<br \/>&#8211; Langhe Nebbiolo<\/p>\n<p>[\/et_pb_text][\/et_pb_column][\/et_pb_row][\/et_pb_section]<\/p>\n","protected":false},"excerpt":{"rendered":"<p><div class=\"et_pb_module et_pb_fullwidth_image et_pb_fullwidth_image_0\">\n\t\t\t\t\n\t\t\t\t\n\t\t\t\t\n\t\t\t\t\n\t\t\t\t<img decoding=\"async\" width=\"1920\" height=\"380\" src=\"https:\/\/granapadano.kleecks-cdn.com\/wp-content\/uploads\/2023\/02\/Abbinamenti-h-1.png\" alt=\"\" title=\"Abbinamenti-m\" srcset=\"https:\/\/granapadano.kleecks-cdn.com\/wp-content\/uploads\/2023\/02\/Abbinamenti-h-1.png%201920w,%20https:\/granapadano.kleecks-cdn.com\/wp-content\/uploads\/2023\/02\/Abbinamenti-h-1-1280x253.png%201280w,%20https:\/granapadano.kleecks-cdn.com\/wp-content\/uploads\/2023\/02\/Abbinamenti-h-1-980x194.png%20980w,%20https:\/granapadano.kleecks-cdn.com\/wp-content\/uploads\/2023\/02\/Abbinamenti-h-1-480x95.png%20480w\" sizes=\"(min-width: 0px) and (max-width: 480px) 480px, (min-width: 481px) and (max-width: 980px) 980px, (min-width: 981px) and (max-width: 1280px) 1280px, (min-width: 1281px) 1920px, 100vw\" class=\"wp-image-41915\" data-et-multi-view=\"{&quot;schema&quot;:{&quot;attrs&quot;:{&quot;desktop&quot;:{&quot;src&quot;:&quot;https:\\\/\\\/www.granapadano.it\\\/wp-content\\\/uploads\\\/2023\\\/02\\\/Abbinamenti-h-1.png&quot;,&quot;alt&quot;:&quot;&quot;,&quot;title&quot;:&quot;Abbinamenti-m&quot;,&quot;class&quot;:&quot;wp-image-41915&quot;,&quot;srcset&quot;:&quot;https:\\\/\\\/www.granapadano.it\\\/wp-content\\\/uploads\\\/2023\\\/02\\\/Abbinamenti-h-1.png 1920w, https:\\\/\\\/www.granapadano.it\\\/wp-content\\\/uploads\\\/2023\\\/02\\\/Abbinamenti-h-1-1280x253.png 1280w, https:\\\/\\\/www.granapadano.it\\\/wp-content\\\/uploads\\\/2023\\\/02\\\/Abbinamenti-h-1-980x194.png 980w, https:\\\/\\\/www.granapadano.it\\\/wp-content\\\/uploads\\\/2023\\\/02\\\/Abbinamenti-h-1-480x95.png 480w&quot;,&quot;sizes&quot;:&quot;(min-width: 0px) and (max-width: 480px) 480px, (min-width: 481px) and (max-width: 980px) 980px, (min-width: 981px) and (max-width: 1280px) 1280px, (min-width: 1281px) 1920px, 100vw&quot;},&quot;phone&quot;:{&quot;src&quot;:&quot;https:\\\/\\\/www.granapadano.it\\\/wp-content\\\/uploads\\\/2023\\\/02\\\/Abbinamenti-m-1.png&quot;,&quot;srcset&quot;:&quot;https:\\\/\\\/www.granapadano.it\\\/wp-content\\\/uploads\\\/2023\\\/02\\\/Abbinamenti-m-1.png 450w, https:\\\/\\\/www.granapadano.it\\\/wp-content\\\/uploads\\\/2023\\\/02\\\/Abbinamenti-m-1-300x133.png 300w&quot;,&quot;sizes&quot;:&quot;(max-width: 450px) 100vw, 450px&quot;}}},&quot;slug&quot;:&quot;et_pb_fullwidth_image&quot;}\" \/>\n\t\t\t\n\t\t\t<\/div><div class=\"breadcrumb\"><a href=\"https:\/\/www.granapadano.it\/it-it\/\">Home<\/a>  <  <\/div>Sicilia Nero D&#8217;AvolaVino\u00c8 un vino rosso a Denominazione di Origine Controllata (DOC). Prodotto con uve Nero d\u2019Avola per almeno l\u201985%, possono concorrere per la parte restante altre variet\u00e0 ritenute idonee per la regione Sicilia. Fermentazione in acciaio (molto raramente in legno) e maturazione condotta spesso tra acciaio e legno. Sebbene non sia previsto un [&hellip;]<\/p>\n","protected":false},"author":6,"featured_media":0,"parent":28734,"menu_order":191,"comment_status":"closed","ping_status":"closed","template":"","meta":{"_acf_changed":false,"_et_pb_use_builder":"on","_et_pb_old_content":"","_et_gb_content_width":"","footnotes":""},"class_list":["post-29758","page","type-page","status-publish","hentry"],"acf":[],"yoast_head":"<!-- This site is optimized with the Yoast SEO plugin v27.4 - https:\/\/yoast.com\/product\/yoast-seo-wordpress\/ -->\n<title>Sicilia Nero D&#039;Avola - Grana Padano<\/title>\n<meta name=\"robots\" content=\"index, follow, max-snippet:-1, max-image-preview:large, max-video-preview:-1\" \/>\n<link rel=\"canonical\" href=\"https:\/\/www.granapadano.it\/it-it\/ricette\/abbinamenti\/con-quali-vini-abbinare-il-grana-padano\/sicilia-nero-davola\/\" \/>\n<meta property=\"og:locale\" content=\"it_IT\" \/>\n<meta property=\"og:type\" content=\"article\" \/>\n<meta property=\"og:title\" content=\"Sicilia Nero D&#039;Avola - Grana Padano\" \/>\n<meta property=\"og:description\" content=\"Sicilia Nero D&#039;AvolaVino\u00c8 un vino rosso a Denominazione di Origine Controllata (DOC). Prodotto con uve Nero d\u2019Avola per almeno l\u201985%, possono concorrere per la parte restante altre variet\u00e0 ritenute idonee per la regione Sicilia. Fermentazione in acciaio (molto raramente in legno) e maturazione condotta spesso tra acciaio e legno. Sebbene non sia previsto un [&hellip;]\" \/>\n<meta property=\"og:url\" content=\"https:\/\/www.granapadano.it\/it-it\/ricette\/abbinamenti\/con-quali-vini-abbinare-il-grana-padano\/sicilia-nero-davola\/\" \/>\n<meta property=\"og:site_name\" content=\"Grana Padano\" \/>\n<meta property=\"article:modified_time\" content=\"2026-03-19T14:22:33+00:00\" \/>\n<meta name=\"twitter:card\" content=\"summary_large_image\" \/>\n<meta name=\"twitter:label1\" content=\"Est. reading time\" \/>\n\t<meta name=\"twitter:data1\" content=\"4 minutes\" \/>\n<script type=\"application\/ld+json\" class=\"yoast-schema-graph\">{\"@context\":\"https:\\\/\\\/schema.org\",\"@graph\":[{\"@type\":\"WebPage\",\"@id\":\"https:\\\/\\\/www.granapadano.it\\\/it-it\\\/ricette\\\/abbinamenti\\\/con-quali-vini-abbinare-il-grana-padano\\\/sicilia-nero-davola\\\/\",\"url\":\"https:\\\/\\\/www.granapadano.it\\\/it-it\\\/ricette\\\/abbinamenti\\\/con-quali-vini-abbinare-il-grana-padano\\\/sicilia-nero-davola\\\/\",\"name\":\"Sicilia Nero D'Avola - Grana Padano\",\"isPartOf\":{\"@id\":\"https:\\\/\\\/www.granapadano.it\\\/it-it\\\/#website\"},\"datePublished\":\"2023-02-15T07:43:28+00:00\",\"dateModified\":\"2026-03-19T14:22:33+00:00\",\"breadcrumb\":{\"@id\":\"https:\\\/\\\/www.granapadano.it\\\/it-it\\\/ricette\\\/abbinamenti\\\/con-quali-vini-abbinare-il-grana-padano\\\/sicilia-nero-davola\\\/#breadcrumb\"},\"inLanguage\":\"it-it\",\"potentialAction\":[{\"@type\":\"ReadAction\",\"target\":[\"https:\\\/\\\/www.granapadano.it\\\/it-it\\\/ricette\\\/abbinamenti\\\/con-quali-vini-abbinare-il-grana-padano\\\/sicilia-nero-davola\\\/\"]}]},{\"@type\":\"BreadcrumbList\",\"@id\":\"https:\\\/\\\/www.granapadano.it\\\/it-it\\\/ricette\\\/abbinamenti\\\/con-quali-vini-abbinare-il-grana-padano\\\/sicilia-nero-davola\\\/#breadcrumb\",\"itemListElement\":[{\"@type\":\"ListItem\",\"position\":1,\"name\":\"Home\",\"item\":\"https:\\\/\\\/www.granapadano.it\\\/it-it\\\/\"},{\"@type\":\"ListItem\",\"position\":2,\"name\":\"Ricette\",\"item\":\"https:\\\/\\\/www.granapadano.it\\\/it-it\\\/ricette\\\/\"},{\"@type\":\"ListItem\",\"position\":3,\"name\":\"Con quali vini abbinare il grana padano?\",\"item\":\"https:\\\/\\\/www.granapadano.it\\\/it-it\\\/ricette\\\/abbinamenti\\\/con-quali-vini-abbinare-il-grana-padano\\\/\"},{\"@type\":\"ListItem\",\"position\":4,\"name\":\"Sicilia Nero D&#8217;Avola\"}]},{\"@type\":\"WebSite\",\"@id\":\"https:\\\/\\\/www.granapadano.it\\\/it-it\\\/#website\",\"url\":\"https:\\\/\\\/www.granapadano.it\\\/it-it\\\/\",\"name\":\"Grana Padano\",\"description\":\"\",\"potentialAction\":[{\"@type\":\"SearchAction\",\"target\":{\"@type\":\"EntryPoint\",\"urlTemplate\":\"https:\\\/\\\/www.granapadano.it\\\/it-it\\\/?s={search_term_string}\"},\"query-input\":{\"@type\":\"PropertyValueSpecification\",\"valueRequired\":true,\"valueName\":\"search_term_string\"}}],\"inLanguage\":\"it-it\"}]}<\/script>\n<!-- \/ Yoast SEO plugin. -->","yoast_head_json":{"title":"Sicilia Nero D'Avola - Grana Padano","robots":{"index":"index","follow":"follow","max-snippet":"max-snippet:-1","max-image-preview":"max-image-preview:large","max-video-preview":"max-video-preview:-1"},"canonical":"https:\/\/www.granapadano.it\/it-it\/ricette\/abbinamenti\/con-quali-vini-abbinare-il-grana-padano\/sicilia-nero-davola\/","og_locale":"it_IT","og_type":"article","og_title":"Sicilia Nero D'Avola - Grana Padano","og_description":"Sicilia Nero D'AvolaVino\u00c8 un vino rosso a Denominazione di Origine Controllata (DOC). Prodotto con uve Nero d\u2019Avola per almeno l\u201985%, possono concorrere per la parte restante altre variet\u00e0 ritenute idonee per la regione Sicilia. Fermentazione in acciaio (molto raramente in legno) e maturazione condotta spesso tra acciaio e legno. Sebbene non sia previsto un [&hellip;]","og_url":"https:\/\/www.granapadano.it\/it-it\/ricette\/abbinamenti\/con-quali-vini-abbinare-il-grana-padano\/sicilia-nero-davola\/","og_site_name":"Grana Padano","article_modified_time":"2026-03-19T14:22:33+00:00","twitter_card":"summary_large_image","twitter_misc":{"Est. reading time":"4 minutes"},"schema":{"@context":"https:\/\/schema.org","@graph":[{"@type":"WebPage","@id":"https:\/\/www.granapadano.it\/it-it\/ricette\/abbinamenti\/con-quali-vini-abbinare-il-grana-padano\/sicilia-nero-davola\/","url":"https:\/\/www.granapadano.it\/it-it\/ricette\/abbinamenti\/con-quali-vini-abbinare-il-grana-padano\/sicilia-nero-davola\/","name":"Sicilia Nero D'Avola - Grana Padano","isPartOf":{"@id":"https:\/\/www.granapadano.it\/it-it\/#website"},"datePublished":"2023-02-15T07:43:28+00:00","dateModified":"2026-03-19T14:22:33+00:00","breadcrumb":{"@id":"https:\/\/www.granapadano.it\/it-it\/ricette\/abbinamenti\/con-quali-vini-abbinare-il-grana-padano\/sicilia-nero-davola\/#breadcrumb"},"inLanguage":"it-it","potentialAction":[{"@type":"ReadAction","target":["https:\/\/www.granapadano.it\/it-it\/ricette\/abbinamenti\/con-quali-vini-abbinare-il-grana-padano\/sicilia-nero-davola\/"]}]},{"@type":"BreadcrumbList","@id":"https:\/\/www.granapadano.it\/it-it\/ricette\/abbinamenti\/con-quali-vini-abbinare-il-grana-padano\/sicilia-nero-davola\/#breadcrumb","itemListElement":[{"@type":"ListItem","position":1,"name":"Home","item":"https:\/\/www.granapadano.it\/it-it\/"},{"@type":"ListItem","position":2,"name":"Ricette","item":"https:\/\/www.granapadano.it\/it-it\/ricette\/"},{"@type":"ListItem","position":3,"name":"Con quali vini abbinare il grana padano?","item":"https:\/\/www.granapadano.it\/it-it\/ricette\/abbinamenti\/con-quali-vini-abbinare-il-grana-padano\/"},{"@type":"ListItem","position":4,"name":"Sicilia Nero D&#8217;Avola"}]},{"@type":"WebSite","@id":"https:\/\/www.granapadano.it\/it-it\/#website","url":"https:\/\/www.granapadano.it\/it-it\/","name":"Grana Padano","description":"","potentialAction":[{"@type":"SearchAction","target":{"@type":"EntryPoint","urlTemplate":"https:\/\/www.granapadano.it\/it-it\/?s={search_term_string}"},"query-input":{"@type":"PropertyValueSpecification","valueRequired":true,"valueName":"search_term_string"}}],"inLanguage":"it-it"}]}},"_links":{"self":[{"href":"https:\/\/www.granapadano.it\/it-it\/wp-json\/wp\/v2\/pages\/29758","targetHints":{"allow":["GET"]}}],"collection":[{"href":"https:\/\/www.granapadano.it\/it-it\/wp-json\/wp\/v2\/pages"}],"about":[{"href":"https:\/\/www.granapadano.it\/it-it\/wp-json\/wp\/v2\/types\/page"}],"author":[{"embeddable":true,"href":"https:\/\/www.granapadano.it\/it-it\/wp-json\/wp\/v2\/users\/6"}],"replies":[{"embeddable":true,"href":"https:\/\/www.granapadano.it\/it-it\/wp-json\/wp\/v2\/comments?post=29758"}],"version-history":[{"count":1,"href":"https:\/\/www.granapadano.it\/it-it\/wp-json\/wp\/v2\/pages\/29758\/revisions"}],"predecessor-version":[{"id":148357,"href":"https:\/\/www.granapadano.it\/it-it\/wp-json\/wp\/v2\/pages\/29758\/revisions\/148357"}],"up":[{"embeddable":true,"href":"https:\/\/www.granapadano.it\/it-it\/wp-json\/wp\/v2\/pages\/28734"}],"wp:attachment":[{"href":"https:\/\/www.granapadano.it\/it-it\/wp-json\/wp\/v2\/media?parent=29758"}],"curies":[{"name":"wp","href":"https:\/\/api.w.org\/{rel}","templated":true}]}}