{"id":29681,"date":"2023-02-14T23:48:57","date_gmt":"2023-02-14T23:48:57","guid":{"rendered":"https:\/\/www.granapadano.it\/momenti-di-consumo\/abbinamenti\/con-quali-vini-abbinare-il-grana-padano\/cerasuolo-dabruzzo-copy\/"},"modified":"2026-03-19T14:23:07","modified_gmt":"2026-03-19T14:23:07","slug":"greco-di-tufo","status":"publish","type":"page","link":"https:\/\/www.granapadano.it\/it-it\/ricette\/abbinamenti\/con-quali-vini-abbinare-il-grana-padano\/greco-di-tufo\/","title":{"rendered":"Greco di Tufo"},"content":{"rendered":"<p>[et_pb_section fb_built=&#8221;1&#8243; fullwidth=&#8221;on&#8221; _builder_version=&#8221;4.19.5&#8243; _module_preset=&#8221;default&#8221; global_colors_info=&#8221;{}&#8221;][et_pb_fullwidth_code _builder_version=&#8221;4.19.5&#8243; _module_preset=&#8221;default&#8221; global_colors_info=&#8221;{}&#8221;][et_pb_section global_module=\"29631 \"][\/et_pb_section][\/et_pb_fullwidth_code][\/et_pb_section][et_pb_section fb_built=&#8221;1&#8243; module_class=&#8221;production_sub_hub_main_wrapper&#8221; _builder_version=&#8221;4.19.4&#8243; _module_preset=&#8221;default&#8221; custom_padding=&#8221;13px||0px|||&#8221; locked=&#8221;off&#8221; global_colors_info=&#8221;{}&#8221;][et_pb_row module_class=&#8221;recipe_filter_section&#8221; _builder_version=&#8221;4.19.2&#8243; _module_preset=&#8221;default&#8221; max_width=&#8221;90%&#8221; custom_padding=&#8221;||7px|||&#8221; global_colors_info=&#8221;{}&#8221;][et_pb_column type=&#8221;4_4&#8243; _builder_version=&#8221;4.19.2&#8243; _module_preset=&#8221;default&#8221; global_colors_info=&#8221;{}&#8221;][et_pb_code _builder_version=&#8221;4.19.2&#8243; _module_preset=&#8221;default&#8221; custom_margin=&#8221;||16px|||&#8221; global_colors_info=&#8221;{}&#8221;]<div class=\"breadcrumb\"><a href=\"https:\/\/www.granapadano.it\/it-it\/\">Home<\/a>  <  <\/div>[\/et_pb_code][\/et_pb_column][\/et_pb_row][\/et_pb_section][et_pb_section fb_built=&#8221;1&#8243; module_class=&#8221;giovani_sub_hub_title&#8221; _builder_version=&#8221;4.19.5&#8243; _module_preset=&#8221;default&#8221; custom_padding=&#8221;0px||0px||false|false&#8221; locked=&#8221;off&#8221; global_colors_info=&#8221;{}&#8221;][et_pb_row module_class=&#8221;gp_producion_heading_wrapper&#8221; _builder_version=&#8221;4.19.5&#8243; _module_preset=&#8221;default&#8221; max_width=&#8221;90%&#8221; module_alignment=&#8221;center&#8221; custom_padding=&#8221;||||false|false&#8221; global_colors_info=&#8221;{}&#8221;][et_pb_column type=&#8221;4_4&#8243; _builder_version=&#8221;4.19.4&#8243; _module_preset=&#8221;default&#8221; global_colors_info=&#8221;{}&#8221;][et_pb_text module_class=&#8221;giovani_sub_hub_title_text&#8221; _builder_version=&#8221;4.19.5&#8243; _module_preset=&#8221;default&#8221; text_font=&#8221;Merriweather|700|||||||&#8221; text_text_color=&#8221;#0f0f0f&#8221; text_font_size=&#8221;80px&#8221; text_line_height=&#8221;70px&#8221; header_font=&#8221;Merriweather||||||||&#8221; header_text_color=&#8221;gcid-8696fd7e-29dd-4028-9d4d-981b208a53a9&#8243; header_font_size=&#8221;44px&#8221; header_line_height=&#8221;52px&#8221; text_orientation=&#8221;center&#8221; min_height=&#8221;83px&#8221; custom_margin=&#8221;||0px||false|false&#8221; custom_padding=&#8221;||0px||false|false&#8221; global_colors_info=&#8221;{%22gcid-8696fd7e-29dd-4028-9d4d-981b208a53a9%22:%91%22header_text_color%22%93}&#8221;]<\/p>\n<h1>Greco di Tufo<\/h1>\n<p>[\/et_pb_text][\/et_pb_column][\/et_pb_row][et_pb_row column_structure=&#8221;1_4,3_4&#8243; module_class=&#8221;article_dates&#8221; _builder_version=&#8221;4.19.4&#8243; _module_preset=&#8221;default&#8221; max_width=&#8221;90%&#8221; custom_padding=&#8221;0px||6px||false|false&#8221; global_colors_info=&#8221;{}&#8221; theme_builder_area=&#8221;post_content&#8221;][et_pb_column type=&#8221;1_4&#8243; _builder_version=&#8221;4.19.3&#8243; _module_preset=&#8221;default&#8221; global_colors_info=&#8221;{}&#8221; theme_builder_area=&#8221;post_content&#8221;][et_pb_text module_class=&#8221;button_look&#8221; _builder_version=&#8221;4.20.2&#8243; _module_preset=&#8221;default&#8221; text_font=&#8221;FontPadano-Bold||||||||&#8221; text_text_color=&#8221;#000000&#8243; text_font_size=&#8221;26px&#8221; background_color=&#8221;RGBA(255,255,255,0)&#8221; hover_enabled=&#8221;0&#8243; global_colors_info=&#8221;{}&#8221; theme_builder_area=&#8221;post_content&#8221; sticky_enabled=&#8221;0&#8243;]<\/p>\n<p>Vino<\/p>\n<p>[\/et_pb_text][\/et_pb_column][et_pb_column type=&#8221;3_4&#8243; _builder_version=&#8221;4.19.4&#8243; _module_preset=&#8221;default&#8221; global_colors_info=&#8221;{}&#8221; theme_builder_area=&#8221;post_content&#8221;][\/et_pb_column][\/et_pb_row][et_pb_row column_structure=&#8221;2_5,3_5&#8243; module_class=&#8221;article_sub_img_text_content&#8221; _builder_version=&#8221;4.20.2&#8243; _module_preset=&#8221;default&#8221; custom_padding=&#8221;0px||40px||false|false&#8221; hover_enabled=&#8221;0&#8243; global_colors_info=&#8221;{}&#8221; sticky_enabled=&#8221;0&#8243;][et_pb_column type=&#8221;2_5&#8243; _builder_version=&#8221;4.20.2&#8243; _module_preset=&#8221;default&#8221; hover_enabled=&#8221;0&#8243; global_colors_info=&#8221;{}&#8221; module_class=&#8221;article_sub_img_wrap&#8221; sticky_enabled=&#8221;0&#8243;][et_pb_image src=&#8221;https:\/\/www.granapadano.it\/wp-content\/uploads\/2023\/02\/GRANA-PADANO-Greco-di-Tufo-43781.jpg&#8221; title_text=&#8221;GRANA-PADANO-Greco-di-Tufo-43781&#8243; align=&#8221;center&#8221; _builder_version=&#8221;4.19.5&#8243; _module_preset=&#8221;default&#8221; positioning=&#8221;relative&#8221; vertical_offset=&#8221;45px&#8221; module_alignment=&#8221;center&#8221; border_radii=&#8221;on|20px|20px|20px|20px&#8221; global_colors_info=&#8221;{}&#8221;][\/et_pb_image][\/et_pb_column][et_pb_column type=&#8221;3_5&#8243; _builder_version=&#8221;4.20.2&#8243; _module_preset=&#8221;default&#8221; hover_enabled=&#8221;0&#8243; global_colors_info=&#8221;{}&#8221; module_class=&#8221;article_sub_text_wrap&#8221; sticky_enabled=&#8221;0&#8243;][et_pb_text _builder_version=&#8221;4.20.2&#8243; _module_preset=&#8221;default&#8221; text_text_color=&#8221;#0f0f0f&#8221; text_font_size=&#8221;18px&#8221; text_line_height=&#8221;26px&#8221; width=&#8221;100%&#8221; hover_enabled=&#8221;0&#8243; global_colors_info=&#8221;{}&#8221; sticky_enabled=&#8221;0&#8243;]<\/p>\n<p>\u00c8 un vino bianco a Denominazione di Origine Controllata e Garantita (DOCG). Prodotto con uve Greco per almeno l\u201985% e Coda di Volpe per non pi\u00f9 del 15%. La vinificazione \u00e8 condotta per lo pi\u00f9 in acciaio, pi\u00f9 raramente in legno. Sebbene non sia previsto un periodo minimo per l\u2019immissione al consumo, normalmente la commercializzazione avviene non prima di 7\/8 mesi dalla vendemmia.<\/p>\n<p>&#8211; Invecchiamento suggerito: da 2 a 3 anni a seconda dell\u2019annata<br \/>&#8211; Titolo alcolometrico: 13% Vol.<br \/>&#8211; Prodotto nell\u2019intero territorio dei comuni di Altavilla Irpina, Chianche, Montefusco, Prata di Principato Ultra, Petruro Irpino, Santa Paolina, Torrioni e Tufo, in provincia di Avellino<br \/>&#8211; Conservare in cantina a temperatura costante tra 11 e 15 \u00b0C per alcuni anni; in ambiente domestico per poche settimane<br \/>&#8211; Servire a 12 \u00b0C in calici di media ampiezza.<\/p>\n<p><strong>Caratteristiche (visive, olfattive, gusto-olfattive):<\/strong><br \/>Giallo paglierino intenso e luminoso con delicati riflessi dorati. L\u2019incipit olfattivo \u00e8 di fiori di acacia, pera abate e pesca bianca, poi emergono note di finocchietto selvatico e macchia mediterranea. Il sorso, pieno e avvolgente, \u00e8 dominato dalle morbidezze, che indirizzano la lunga espansione gustativa in un finale appena scalfito dalla traccia sapida.<br \/>La struttura del vino e la sua buona persistenza gusto-olfattiva si trovano in concordanza con le caratteristiche del Grana Padano di media stagionatura. Inoltre, la presenza mediamente bassa di note salate e la leggera acidit\u00e0 del formaggio sono equilibrate dall\u2019adeguata morbidezza del vino.<\/p>\n<p><strong>Curiosit\u00e0<\/strong><br \/>Insieme al Fiano di Avellino e al Taurasi, fa parte della triade di vini a Docg dell\u2019Irpinia. Il suo nome dichiara apertamente le origini geografiche e storiche; in principio era chiamato Aminea Gemina e Aristotele riteneva che il vitigno delle Aminee arrivasse dalla Tessaglia, terra di origine degli Aminei, popolo che colonizz\u00f2 la costa napoletana e impiant\u00f2 questo pregiato vitigno sui fertili pendii del Vesuvio. Come ulteriore conferma si pu\u00f2 citare un affresco ritrovato a Pompei, risalente al I secolo a.C., dove viene chiaramente nominato il vino Greco.<\/p>\n<p><strong>Altri vini bianchi di struttura consigliati con le stagionature di Grana Padano DOP tra i 16 e i 20 mesi:<br \/><\/strong>&#8211; Alto Adige Pinot Bianco<br \/>&#8211; Soave Superiore<br \/>&#8211; Orvieto Classico<br \/>&#8211; Vermentino di Gallura<\/p>\n<p>[\/et_pb_text][\/et_pb_column][\/et_pb_row][\/et_pb_section]<\/p>\n","protected":false},"excerpt":{"rendered":"<p><div class=\"et_pb_module et_pb_fullwidth_image et_pb_fullwidth_image_0\">\n\t\t\t\t\n\t\t\t\t\n\t\t\t\t\n\t\t\t\t\n\t\t\t\t<img decoding=\"async\" width=\"1920\" height=\"380\" src=\"https:\/\/granapadano.kleecks-cdn.com\/wp-content\/uploads\/2023\/02\/Abbinamenti-h-1.png\" alt=\"\" title=\"Abbinamenti-m\" srcset=\"https:\/\/granapadano.kleecks-cdn.com\/wp-content\/uploads\/2023\/02\/Abbinamenti-h-1.png%201920w,%20https:\/granapadano.kleecks-cdn.com\/wp-content\/uploads\/2023\/02\/Abbinamenti-h-1-1280x253.png%201280w,%20https:\/granapadano.kleecks-cdn.com\/wp-content\/uploads\/2023\/02\/Abbinamenti-h-1-980x194.png%20980w,%20https:\/granapadano.kleecks-cdn.com\/wp-content\/uploads\/2023\/02\/Abbinamenti-h-1-480x95.png%20480w\" sizes=\"(min-width: 0px) and (max-width: 480px) 480px, (min-width: 481px) and (max-width: 980px) 980px, (min-width: 981px) and (max-width: 1280px) 1280px, (min-width: 1281px) 1920px, 100vw\" class=\"wp-image-41915\" data-et-multi-view=\"{&quot;schema&quot;:{&quot;attrs&quot;:{&quot;desktop&quot;:{&quot;src&quot;:&quot;https:\\\/\\\/www.granapadano.it\\\/wp-content\\\/uploads\\\/2023\\\/02\\\/Abbinamenti-h-1.png&quot;,&quot;alt&quot;:&quot;&quot;,&quot;title&quot;:&quot;Abbinamenti-m&quot;,&quot;class&quot;:&quot;wp-image-41915&quot;,&quot;srcset&quot;:&quot;https:\\\/\\\/www.granapadano.it\\\/wp-content\\\/uploads\\\/2023\\\/02\\\/Abbinamenti-h-1.png 1920w, https:\\\/\\\/www.granapadano.it\\\/wp-content\\\/uploads\\\/2023\\\/02\\\/Abbinamenti-h-1-1280x253.png 1280w, https:\\\/\\\/www.granapadano.it\\\/wp-content\\\/uploads\\\/2023\\\/02\\\/Abbinamenti-h-1-980x194.png 980w, https:\\\/\\\/www.granapadano.it\\\/wp-content\\\/uploads\\\/2023\\\/02\\\/Abbinamenti-h-1-480x95.png 480w&quot;,&quot;sizes&quot;:&quot;(min-width: 0px) and (max-width: 480px) 480px, (min-width: 481px) and (max-width: 980px) 980px, (min-width: 981px) and (max-width: 1280px) 1280px, (min-width: 1281px) 1920px, 100vw&quot;},&quot;phone&quot;:{&quot;src&quot;:&quot;https:\\\/\\\/www.granapadano.it\\\/wp-content\\\/uploads\\\/2023\\\/02\\\/Abbinamenti-m-1.png&quot;,&quot;srcset&quot;:&quot;https:\\\/\\\/www.granapadano.it\\\/wp-content\\\/uploads\\\/2023\\\/02\\\/Abbinamenti-m-1.png 450w, https:\\\/\\\/www.granapadano.it\\\/wp-content\\\/uploads\\\/2023\\\/02\\\/Abbinamenti-m-1-300x133.png 300w&quot;,&quot;sizes&quot;:&quot;(max-width: 450px) 100vw, 450px&quot;}}},&quot;slug&quot;:&quot;et_pb_fullwidth_image&quot;}\" \/>\n\t\t\t\n\t\t\t<\/div><div class=\"breadcrumb\"><a href=\"https:\/\/www.granapadano.it\/it-it\/\">Home<\/a>  <  <\/div>Greco di TufoVino\u00c8 un vino bianco a Denominazione di Origine Controllata e Garantita (DOCG). Prodotto con uve Greco per almeno l\u201985% e Coda di Volpe per non pi\u00f9 del 15%. La vinificazione \u00e8 condotta per lo pi\u00f9 in acciaio, pi\u00f9 raramente in legno. Sebbene non sia previsto un periodo minimo per l\u2019immissione al consumo, [&hellip;]<\/p>\n","protected":false},"author":6,"featured_media":0,"parent":28734,"menu_order":200,"comment_status":"closed","ping_status":"closed","template":"","meta":{"_acf_changed":false,"_et_pb_use_builder":"on","_et_pb_old_content":"","_et_gb_content_width":"","footnotes":""},"class_list":["post-29681","page","type-page","status-publish","hentry"],"acf":[],"yoast_head":"<!-- This site is optimized with the Yoast SEO plugin v27.4 - https:\/\/yoast.com\/product\/yoast-seo-wordpress\/ -->\n<title>Greco di Tufo - Grana Padano<\/title>\n<meta name=\"robots\" content=\"index, follow, max-snippet:-1, max-image-preview:large, max-video-preview:-1\" \/>\n<link rel=\"canonical\" href=\"https:\/\/www.granapadano.it\/it-it\/ricette\/abbinamenti\/con-quali-vini-abbinare-il-grana-padano\/greco-di-tufo\/\" \/>\n<meta property=\"og:locale\" content=\"it_IT\" \/>\n<meta property=\"og:type\" content=\"article\" \/>\n<meta property=\"og:title\" content=\"Greco di Tufo - Grana Padano\" \/>\n<meta property=\"og:description\" content=\"Greco di TufoVino\u00c8 un vino bianco a Denominazione di Origine Controllata e Garantita (DOCG). Prodotto con uve Greco per almeno l\u201985% e Coda di Volpe per non pi\u00f9 del 15%. La vinificazione \u00e8 condotta per lo pi\u00f9 in acciaio, pi\u00f9 raramente in legno. Sebbene non sia previsto un periodo minimo per l\u2019immissione al consumo, [&hellip;]\" \/>\n<meta property=\"og:url\" content=\"https:\/\/www.granapadano.it\/it-it\/ricette\/abbinamenti\/con-quali-vini-abbinare-il-grana-padano\/greco-di-tufo\/\" \/>\n<meta property=\"og:site_name\" content=\"Grana Padano\" \/>\n<meta property=\"article:modified_time\" content=\"2026-03-19T14:23:07+00:00\" \/>\n<meta name=\"twitter:card\" content=\"summary_large_image\" \/>\n<meta name=\"twitter:label1\" content=\"Est. reading time\" \/>\n\t<meta name=\"twitter:data1\" content=\"5 minutes\" \/>\n<script type=\"application\/ld+json\" class=\"yoast-schema-graph\">{\"@context\":\"https:\\\/\\\/schema.org\",\"@graph\":[{\"@type\":\"WebPage\",\"@id\":\"https:\\\/\\\/www.granapadano.it\\\/it-it\\\/ricette\\\/abbinamenti\\\/con-quali-vini-abbinare-il-grana-padano\\\/greco-di-tufo\\\/\",\"url\":\"https:\\\/\\\/www.granapadano.it\\\/it-it\\\/ricette\\\/abbinamenti\\\/con-quali-vini-abbinare-il-grana-padano\\\/greco-di-tufo\\\/\",\"name\":\"Greco di Tufo - Grana Padano\",\"isPartOf\":{\"@id\":\"https:\\\/\\\/www.granapadano.it\\\/it-it\\\/#website\"},\"datePublished\":\"2023-02-14T23:48:57+00:00\",\"dateModified\":\"2026-03-19T14:23:07+00:00\",\"breadcrumb\":{\"@id\":\"https:\\\/\\\/www.granapadano.it\\\/it-it\\\/ricette\\\/abbinamenti\\\/con-quali-vini-abbinare-il-grana-padano\\\/greco-di-tufo\\\/#breadcrumb\"},\"inLanguage\":\"it-it\",\"potentialAction\":[{\"@type\":\"ReadAction\",\"target\":[\"https:\\\/\\\/www.granapadano.it\\\/it-it\\\/ricette\\\/abbinamenti\\\/con-quali-vini-abbinare-il-grana-padano\\\/greco-di-tufo\\\/\"]}]},{\"@type\":\"BreadcrumbList\",\"@id\":\"https:\\\/\\\/www.granapadano.it\\\/it-it\\\/ricette\\\/abbinamenti\\\/con-quali-vini-abbinare-il-grana-padano\\\/greco-di-tufo\\\/#breadcrumb\",\"itemListElement\":[{\"@type\":\"ListItem\",\"position\":1,\"name\":\"Home\",\"item\":\"https:\\\/\\\/www.granapadano.it\\\/it-it\\\/\"},{\"@type\":\"ListItem\",\"position\":2,\"name\":\"Ricette\",\"item\":\"https:\\\/\\\/www.granapadano.it\\\/it-it\\\/ricette\\\/\"},{\"@type\":\"ListItem\",\"position\":3,\"name\":\"Con quali vini abbinare il grana padano?\",\"item\":\"https:\\\/\\\/www.granapadano.it\\\/it-it\\\/ricette\\\/abbinamenti\\\/con-quali-vini-abbinare-il-grana-padano\\\/\"},{\"@type\":\"ListItem\",\"position\":4,\"name\":\"Greco di Tufo\"}]},{\"@type\":\"WebSite\",\"@id\":\"https:\\\/\\\/www.granapadano.it\\\/it-it\\\/#website\",\"url\":\"https:\\\/\\\/www.granapadano.it\\\/it-it\\\/\",\"name\":\"Grana Padano\",\"description\":\"\",\"potentialAction\":[{\"@type\":\"SearchAction\",\"target\":{\"@type\":\"EntryPoint\",\"urlTemplate\":\"https:\\\/\\\/www.granapadano.it\\\/it-it\\\/?s={search_term_string}\"},\"query-input\":{\"@type\":\"PropertyValueSpecification\",\"valueRequired\":true,\"valueName\":\"search_term_string\"}}],\"inLanguage\":\"it-it\"}]}<\/script>\n<!-- \/ Yoast SEO plugin. -->","yoast_head_json":{"title":"Greco di Tufo - Grana Padano","robots":{"index":"index","follow":"follow","max-snippet":"max-snippet:-1","max-image-preview":"max-image-preview:large","max-video-preview":"max-video-preview:-1"},"canonical":"https:\/\/www.granapadano.it\/it-it\/ricette\/abbinamenti\/con-quali-vini-abbinare-il-grana-padano\/greco-di-tufo\/","og_locale":"it_IT","og_type":"article","og_title":"Greco di Tufo - Grana Padano","og_description":"Greco di TufoVino\u00c8 un vino bianco a Denominazione di Origine Controllata e Garantita (DOCG). Prodotto con uve Greco per almeno l\u201985% e Coda di Volpe per non pi\u00f9 del 15%. La vinificazione \u00e8 condotta per lo pi\u00f9 in acciaio, pi\u00f9 raramente in legno. Sebbene non sia previsto un periodo minimo per l\u2019immissione al consumo, [&hellip;]","og_url":"https:\/\/www.granapadano.it\/it-it\/ricette\/abbinamenti\/con-quali-vini-abbinare-il-grana-padano\/greco-di-tufo\/","og_site_name":"Grana Padano","article_modified_time":"2026-03-19T14:23:07+00:00","twitter_card":"summary_large_image","twitter_misc":{"Est. reading time":"5 minutes"},"schema":{"@context":"https:\/\/schema.org","@graph":[{"@type":"WebPage","@id":"https:\/\/www.granapadano.it\/it-it\/ricette\/abbinamenti\/con-quali-vini-abbinare-il-grana-padano\/greco-di-tufo\/","url":"https:\/\/www.granapadano.it\/it-it\/ricette\/abbinamenti\/con-quali-vini-abbinare-il-grana-padano\/greco-di-tufo\/","name":"Greco di Tufo - Grana Padano","isPartOf":{"@id":"https:\/\/www.granapadano.it\/it-it\/#website"},"datePublished":"2023-02-14T23:48:57+00:00","dateModified":"2026-03-19T14:23:07+00:00","breadcrumb":{"@id":"https:\/\/www.granapadano.it\/it-it\/ricette\/abbinamenti\/con-quali-vini-abbinare-il-grana-padano\/greco-di-tufo\/#breadcrumb"},"inLanguage":"it-it","potentialAction":[{"@type":"ReadAction","target":["https:\/\/www.granapadano.it\/it-it\/ricette\/abbinamenti\/con-quali-vini-abbinare-il-grana-padano\/greco-di-tufo\/"]}]},{"@type":"BreadcrumbList","@id":"https:\/\/www.granapadano.it\/it-it\/ricette\/abbinamenti\/con-quali-vini-abbinare-il-grana-padano\/greco-di-tufo\/#breadcrumb","itemListElement":[{"@type":"ListItem","position":1,"name":"Home","item":"https:\/\/www.granapadano.it\/it-it\/"},{"@type":"ListItem","position":2,"name":"Ricette","item":"https:\/\/www.granapadano.it\/it-it\/ricette\/"},{"@type":"ListItem","position":3,"name":"Con quali vini abbinare il grana padano?","item":"https:\/\/www.granapadano.it\/it-it\/ricette\/abbinamenti\/con-quali-vini-abbinare-il-grana-padano\/"},{"@type":"ListItem","position":4,"name":"Greco di Tufo"}]},{"@type":"WebSite","@id":"https:\/\/www.granapadano.it\/it-it\/#website","url":"https:\/\/www.granapadano.it\/it-it\/","name":"Grana Padano","description":"","potentialAction":[{"@type":"SearchAction","target":{"@type":"EntryPoint","urlTemplate":"https:\/\/www.granapadano.it\/it-it\/?s={search_term_string}"},"query-input":{"@type":"PropertyValueSpecification","valueRequired":true,"valueName":"search_term_string"}}],"inLanguage":"it-it"}]}},"_links":{"self":[{"href":"https:\/\/www.granapadano.it\/it-it\/wp-json\/wp\/v2\/pages\/29681","targetHints":{"allow":["GET"]}}],"collection":[{"href":"https:\/\/www.granapadano.it\/it-it\/wp-json\/wp\/v2\/pages"}],"about":[{"href":"https:\/\/www.granapadano.it\/it-it\/wp-json\/wp\/v2\/types\/page"}],"author":[{"embeddable":true,"href":"https:\/\/www.granapadano.it\/it-it\/wp-json\/wp\/v2\/users\/6"}],"replies":[{"embeddable":true,"href":"https:\/\/www.granapadano.it\/it-it\/wp-json\/wp\/v2\/comments?post=29681"}],"version-history":[{"count":1,"href":"https:\/\/www.granapadano.it\/it-it\/wp-json\/wp\/v2\/pages\/29681\/revisions"}],"predecessor-version":[{"id":148360,"href":"https:\/\/www.granapadano.it\/it-it\/wp-json\/wp\/v2\/pages\/29681\/revisions\/148360"}],"up":[{"embeddable":true,"href":"https:\/\/www.granapadano.it\/it-it\/wp-json\/wp\/v2\/pages\/28734"}],"wp:attachment":[{"href":"https:\/\/www.granapadano.it\/it-it\/wp-json\/wp\/v2\/media?parent=29681"}],"curies":[{"name":"wp","href":"https:\/\/api.w.org\/{rel}","templated":true}]}}