{"id":16311,"date":"2023-02-02T16:41:58","date_gmt":"2023-02-02T16:41:58","guid":{"rendered":"https:\/\/www.granapadano.it\/giovani-filiera\/serena-copy\/"},"modified":"2026-04-09T09:23:44","modified_gmt":"2026-04-09T09:23:44","slug":"grana-e-solo-padano","status":"publish","type":"page","link":"https:\/\/www.granapadano.it\/it-it\/larte-del-saper-fare\/la-storia-e-lheritage\/grana-e-solo-padano\/","title":{"rendered":"Grana \u00e8 solo Padano"},"content":{"rendered":"<p>[et_pb_section fb_built=&#8221;1&#8243; fullwidth=&#8221;on&#8221; _builder_version=&#8221;4.19.0&#8243; _module_preset=&#8221;default&#8221; locked=&#8221;off&#8221; global_colors_info=&#8221;{}&#8221;][et_pb_fullwidth_image src=&#8221;https:\/\/www.granapadano.it\/wp-content\/uploads\/2023\/02\/Grana-e-solo-Padano-h.jpg&#8221; title_text=&#8221;Grana e\u0300 solo Padano-m&#8221; src_tablet=&#8221;https:\/\/www.granapadano.it\/wp-content\/uploads\/2023\/02\/Grana-e-solo-Padano-h.jpg&#8221; src_phone=&#8221;https:\/\/www.granapadano.it\/wp-content\/uploads\/2023\/02\/Grana-e-solo-Padano-m.jpg&#8221; src_last_edited=&#8221;on|phone&#8221; _builder_version=&#8221;4.20.0&#8243; _module_preset=&#8221;default&#8221; global_colors_info=&#8221;{}&#8221;][\/et_pb_fullwidth_image][\/et_pb_section][et_pb_section fb_built=&#8221;1&#8243; module_class=&#8221;production_sub_hub_main_wrapper&#8221; _builder_version=&#8221;4.19.4&#8243; _module_preset=&#8221;default&#8221; custom_padding=&#8221;13px||0px|||&#8221; locked=&#8221;off&#8221; global_colors_info=&#8221;{}&#8221;][et_pb_row module_class=&#8221;recipe_filter_section&#8221; _builder_version=&#8221;4.19.2&#8243; _module_preset=&#8221;default&#8221; max_width=&#8221;90%&#8221; custom_padding=&#8221;||7px|||&#8221; global_colors_info=&#8221;{}&#8221;][et_pb_column type=&#8221;4_4&#8243; _builder_version=&#8221;4.19.2&#8243; _module_preset=&#8221;default&#8221; global_colors_info=&#8221;{}&#8221;][et_pb_code _builder_version=&#8221;4.19.2&#8243; _module_preset=&#8221;default&#8221; custom_margin=&#8221;||16px|||&#8221; global_colors_info=&#8221;{}&#8221;]<div class=\"breadcrumb\"><a href=\"https:\/\/www.granapadano.it\/it-it\/\">Home<\/a>  <  <\/div>[\/et_pb_code][\/et_pb_column][\/et_pb_row][\/et_pb_section][et_pb_section fb_built=&#8221;1&#8243; _builder_version=&#8221;4.27.6&#8243; _module_preset=&#8221;default&#8221; min_height=&#8221;179.2px&#8221; locked=&#8221;off&#8221; global_colors_info=&#8221;{}&#8221;][et_pb_row column_structure=&#8221;2_5,3_5&#8243; custom_padding_last_edited=&#8221;on|tablet&#8221; _builder_version=&#8221;4.27.6&#8243; _module_preset=&#8221;default&#8221; custom_margin=&#8221;||0px||false|false&#8221; custom_padding=&#8221;0px||0px||false|false&#8221; custom_padding_tablet=&#8221;32px|32px|32px|32px|true|true&#8221; custom_padding_phone=&#8221;32px|0px|32px|0px|true|true&#8221; locked=&#8221;off&#8221; global_colors_info=&#8221;{}&#8221;][et_pb_column type=&#8221;2_5&#8243; _builder_version=&#8221;4.27.6&#8243; _module_preset=&#8221;default&#8221; global_colors_info=&#8221;{}&#8221;][et_pb_heading title=&#8221;Grana \u00e8 solo Padano&#8221; admin_label=&#8221;Heading&#8221; module_class=&#8221;new-gp-h1-heading&#8221; _builder_version=&#8221;4.27.6&#8243; _module_preset=&#8221;default&#8221; title_font=&#8221;&#8211;et_global_heading_font|600|||||||&#8221; title_text_color=&#8221;gcid-cdd0517b-cb7c-4f63-9e4c-4eaf7d046da3&#8243; title_font_size=&#8221;45px&#8221; title_line_height=&#8221;1.6em&#8221; max_width=&#8221;100%&#8221; module_alignment=&#8221;left&#8221; custom_margin=&#8221;|||0px|false|false&#8221; custom_padding=&#8221;|||0px|false|false&#8221; title_font_size_tablet=&#8221;32px&#8221; title_font_size_phone=&#8221;32px&#8221; title_font_size_last_edited=&#8221;on|phone&#8221; locked=&#8221;off&#8221; global_colors_info=&#8221;{%22gcid-cdd0517b-cb7c-4f63-9e4c-4eaf7d046da3%22:%91%22title_text_color%22%93}&#8221;][\/et_pb_heading][\/et_pb_column][et_pb_column type=&#8221;3_5&#8243; _builder_version=&#8221;4.27.6&#8243; _module_preset=&#8221;default&#8221; custom_padding=&#8221;||0px||false|false&#8221; global_colors_info=&#8221;{}&#8221;][et_pb_text _builder_version=&#8221;4.27.6&#8243; _module_preset=&#8221;default&#8221; text_font=&#8221;&#8211;et_global_body_font||||||||&#8221; text_text_color=&#8221;#876346&#8243; text_font_size=&#8221;16px&#8221; text_line_height=&#8221;1.6em&#8221; custom_margin=&#8221;20px||30px||false|false&#8221; custom_padding_tablet=&#8221;&#8221; custom_padding_phone=&#8221;||||false|false&#8221; custom_padding_last_edited=&#8221;on|phone&#8221; hover_enabled=&#8221;0&#8243; global_colors_info=&#8221;{}&#8221; sticky_enabled=&#8221;0&#8243;]<\/p>\n<p style=\"text-align: left;\"><span style=\"color: #000000;\">Il termine \u201c<strong><em>GRANA<\/em><\/strong>\u201d originariamente indicava un formaggio caratterizzato dalla struttura granulare della pasta prodotto nella Valle Padana fin dall\u2019undicesimo secolo.<\/span><\/p>\n<p>[\/et_pb_text][\/et_pb_column][\/et_pb_row][\/et_pb_section][et_pb_section fb_built=&#8221;1&#8243; _builder_version=&#8221;4.20.2&#8243; _module_preset=&#8221;default&#8221; custom_padding=&#8221;0px||4px||false|false&#8221; global_colors_info=&#8221;{}&#8221;][et_pb_row _builder_version=&#8221;4.20.2&#8243; _module_preset=&#8221;default&#8221; custom_margin=&#8221;0px||||false|false&#8221; custom_padding=&#8221;0px||90px||false|false&#8221; global_colors_info=&#8221;{}&#8221;][et_pb_column type=&#8221;4_4&#8243; _builder_version=&#8221;4.19.4&#8243; _module_preset=&#8221;default&#8221; global_colors_info=&#8221;{}&#8221;][et_pb_text module_class=&#8221;recipe_single_button  &#8221; _builder_version=&#8221;4.27.6&#8243; _module_preset=&#8221;default&#8221; text_font=&#8221;|700|||||||&#8221; text_text_color=&#8221;#0f0f0f&#8221; text_font_size=&#8221;18px&#8221; text_line_height=&#8221;27px&#8221; background_color=&#8221;gcid-26f0371c-74dd-4e63-bbf8-f8ec94f09a6d&#8221; text_orientation=&#8221;center&#8221; width=&#8221;19%&#8221; module_alignment=&#8221;left&#8221; custom_margin=&#8221;||20px||false|false&#8221; custom_padding=&#8221;10px||10px||false|false&#8221; global_colors_info=&#8221;{%22gcid-26f0371c-74dd-4e63-bbf8-f8ec94f09a6d%22:%91%22background_color%22%93}&#8221;]<\/p>\n<p>Grana Padano<\/p>\n<p>[\/et_pb_text][et_pb_text _builder_version=&#8221;4.27.6&#8243; _module_preset=&#8221;default&#8221; text_font=&#8221;||||||||&#8221; text_text_color=&#8221;#0f0f0f&#8221; text_font_size=&#8221;16px&#8221; text_line_height=&#8221;26px&#8221; width=&#8221;99.8%&#8221; global_colors_info=&#8221;{}&#8221;]<\/p>\n<p>Il progressivo diffondersi di tale apprezzato formaggio, caus\u00f2 l\u2019affermarsi di alcune variet\u00e0 di GRANA (Grana Lodigiano, Emiliano, Lombardo, Veneto ecc.). Tuttavia, quando con la legge italiana n\u00b0 125 del 10 aprile 1954 vennero istituite le denominazioni di origine dei formaggi, fu richiesto il riconoscimento della denominazione d\u2019origine GRANA PADANO, in quanto il termine \u201cPADANO\u201d venne ritenuto il pi\u00f9 idoneo a riunire sotto un\u2019unica indicazione geografica pi\u00f9 ampia, le diverse variet\u00e0 di formaggio GRANA, che allora si producevano in diverse localit\u00e0 della Valle Padana.<\/p>\n<p>Conseguentemente, a partire dal 1954, il genus GRANA, \u00e8 stato assorbito nelle species rappresentate dalle nuove denominazioni d\u2019origine e tipiche \u201cGRANA PADANO\u201d e \u201cPARMIGIANO REGGIANO\u201d, estinguendosi dunque come denominazione a s\u00e9 stante.<\/p>\n<p>Ci\u00f2 non ha impedito che, nella pratica, si continuasse impropriamente a utilizzare il termine \u201cGRANA\u201d in modo generico, in violazione di quanto previsto dalla normativa citata. Infatti, l\u2019uso del termine \u201cGRANA\u201d disgiuntamente dall\u2019aggettivo \u201cPADANO\u201d risultava vietato dal disposto degli artt. 9 e 10 della citata legge 125\/54, come confermato in diverse occasioni sia dalla giurisprudenza di merito (una sentenza in senso contrario della Cassazione penale del 1989 \u00e8 rimasta isolata), sia dal Ministero per le Politiche Agricole (in particolare nella nota 15.10.93 Prot. 61394 a proposito di formaggio denominato \u201cGRANA SVIZZERO\u201d, ma anche con altre prese di posizione nel senso dell\u2019impossibilit\u00e0 di utilizzare il termine \u201cGRANA\u201d per indicare sottoprodotti del Parmigiano Reggiano).<\/p>\n<p>La tutela del termine \u201cGRANA\u201d era inoltre stata estesa, mediante accordi bilaterali, a Germania, Austria, Francia e Spagna.<\/p>\n<p>In ogni caso, tale tutela \u00e8 stata espressamente richiesta all\u2019atto della presentazione in sede comunitaria della domanda per ottenere la Denominazione di Origine Protetta per il formaggio Grana Padano, occasione nella quale <strong>la protezione \u00e8 stata espressamente richiesta per entrambi i termini che compongono detta denominazione.<\/strong><\/p>\n<p>Ed infatti, nel Regolamento (CE) n. 1107\/96 della Commissione, che ha sancito il riconoscimento della DOP GRANA PADANO, diversamente da quanto avviene per altre denominazioni composte, con riferimento al GRANA PADANO non \u00e8 riportata alcuna dicitura tesa a circoscrivere all&#8217;intera denominazione composta la protezione accordata.<\/p>\n<p>Conseguentemente, anche la denominazione &#8220;GRANA&#8221; gode a pieno titolo della tutela accordata dal primo comma dell&#8217;art. 13 del Regolamento (CEE) n. 2081\/92 del Consiglio, ed in particolare dal punto b), (ora sostituito dal Regolamento 1151\/2012), secondo il quale le denominazioni registrate sono tutelate contro \u00abqualsiasi usurpazione, imitazione o evocazione, anche se l&#8217;origine vera del prodotto \u00e8 indicata o se la denominazione protetta \u00e8 una traduzione o \u00e8 accompagnata da espressioni quali &#8220;genere&#8221;, &#8220;tipo&#8221;, &#8220;metodo&#8221;, &#8220;alla maniera&#8221;, &#8220;imitazione&#8221; o simili\u00bb.<\/p>\n<p>In sostanza, il termine \u201cGRANA\u201d costituisce parte <span style=\"text-decoration: underline;\">integrante e caratterizzante<\/span> della Denominazione di Origine Protetta \u201cGRANA PADANO\u201d e, pertanto, esso non pu\u00f2 <span style=\"text-decoration: underline;\">in nessun caso<\/span> essere utilizzato disgiuntamente dall\u2019aggettivazione \u201cPADANO\u201d e con riferimento a formaggio diverso da quello che pu\u00f2 legittimamente fregiarsi della denominazione completa (ovvero quello avente le caratteristiche previste dal D.P.R. 30.10.1955 n. 1269, successivamente trasfuse nel Disciplinare recepito in sede comunitaria mediante il riconoscimento della D.O.P. \u201cGRANA PADANO\u201d).<\/p>\n<p>Ed infatti, a partire dal riconoscimento della DOP, una pluralit\u00e0 di organismi ed autorit\u00e0, di estrazione diversa, si sono via via conformate a tale principio, abbandonando o reprimendo, a seconda dei casi, l\u2019illecito ed illegittimo utilizzo del termine \u201cGRANA\u201d in termini generici e disgiuntamente dall\u2019aggettivo \u201cPADANO\u201d.<\/p>\n<p>L\u2019importante principio \u00e8 stato ribadito anche in una importante sentenza del tribunale di primo grado della Corte di Giustizia UE (sentenza 12 settembre 2007 nella causa T-291\/03), nella quale l\u2019autorevole organo giurisdizionale ha avuto modo di ribadire che il termine \u201cGRANA\u201d \u00e8 parte integrante e caratterizzante della Denominazione di Origine Protetta GRANA PADANO, ed \u00e8 pertanto utilizzabile unicamente in abbinamento con il termine \u201cPADANO\u201d e con riferimento a formaggio che abbia titolo di fregiarsi della D.O.P..<\/p>\n<p>Il Consorzio Grana Padano sta conseguentemente intervenendo nei confronti di tutti i soggetti che impropriamente ed indebitamente usurpano detta denominazione anche fuori dei confini dell\u2019UE, ed in particolare in tutti i Paesi nei quali viene esportato il GRANA PADANO DOP, incaricando legali residenti in detti Paesi affinch\u00e9 procedano nei confronti dell&#8217;uso del termine &#8220;GRANA&#8221;, oggi divenuto improprio se utilizzato disgiuntamente da &#8220;PADANO&#8221;.<\/p>\n<p>[\/et_pb_text][\/et_pb_column][\/et_pb_row][\/et_pb_section][et_pb_section fb_built=&#8221;1&#8243; custom_padding_last_edited=&#8221;on|tablet&#8221; _builder_version=&#8221;4.27.6&#8243; _module_preset=&#8221;default&#8221; custom_padding_tablet=&#8221;20px||20px||true|true&#8221; custom_padding_phone=&#8221;20px||20px||true|true&#8221; locked=&#8221;off&#8221; global_colors_info=&#8221;{}&#8221;][et_pb_row column_structure=&#8221;1_2,1_2&#8243; module_class=&#8221;new-la-dop-page&#8221; _builder_version=&#8221;4.27.6&#8243; _module_preset=&#8221;default&#8221; custom_margin=&#8221;||||false|false&#8221; custom_padding=&#8221;||||false|false&#8221; locked=&#8221;off&#8221; global_colors_info=&#8221;{}&#8221;][et_pb_column type=&#8221;1_2&#8243; module_class=&#8221;items&#8221; admin_label=&#8221;Column&#8221; _builder_version=&#8221;4.27.6&#8243; _module_preset=&#8221;default&#8221; background_image=&#8221;https:\/\/www.granapadano.it\/wp-content\/uploads\/2026\/03\/GP_IM_Box-grana-2.jpg&#8221; custom_padding=&#8221;||||false|false&#8221; global_colors_info=&#8221;{}&#8221;][et_pb_heading title=&#8221;Grana Padano \u00e8 unico&#8221; _builder_version=&#8221;4.27.6&#8243; _module_preset=&#8221;default&#8221; title_level=&#8221;h3&#8243; title_font=&#8221;&#8211;et_global_heading_font||||||||&#8221; title_text_align=&#8221;center&#8221; title_text_color=&#8221;#FFFFFF&#8221; title_font_size=&#8221;24px&#8221; title_line_height=&#8221;1.6em&#8221; custom_margin=&#8221;||40px||false|false&#8221; global_colors_info=&#8221;{}&#8221;][\/et_pb_heading][et_pb_button button_url=&#8221;https:\/\/www.granapadano.it\/larte-del-saper-fare\/il-prodotto-iconico\/#curiosita-sul-prodotto\/&#8221; button_text=&#8221;Scopri di pi\u00f9&#8221; button_alignment=&#8221;left&#8221; module_class=&#8221;yellow-btn&#8221; _builder_version=&#8221;4.27.6&#8243; _module_preset=&#8221;default&#8221; custom_button=&#8221;on&#8221; button_text_size=&#8221;12px&#8221; button_text_color=&#8221;gcid-cdd0517b-cb7c-4f63-9e4c-4eaf7d046da3&#8243; button_bg_color=&#8221;#ffdc00&#8243; button_border_width=&#8221;0px&#8221; button_border_radius=&#8221;0px&#8221; button_font=&#8221;&#8211;et_global_heading_font||||||||&#8221; button_icon=&#8221;&#x24;||divi||400&#8243; button_icon_color=&#8221;gcid-cdd0517b-cb7c-4f63-9e4c-4eaf7d046da3&#8243; button_on_hover=&#8221;off&#8221; custom_margin=&#8221;32px||||false|false&#8221; custom_padding=&#8221;13px|30px|13px|16px|true|false&#8221; hover_enabled=&#8221;0&#8243; global_colors_info=&#8221;{%22gcid-cdd0517b-cb7c-4f63-9e4c-4eaf7d046da3%22:%91%22button_text_color%22,%22button_icon_color%22,%22button_text_color%22,%22button_icon_color%22%93,%22gcid-46a7fd9b-e7e5-4c0a-b621-f5f3bcee3ed6%22:%91%22button_text_color%22,%22button_text_color%22%93}&#8221; sticky_enabled=&#8221;0&#8243;][\/et_pb_button][\/et_pb_column][et_pb_column type=&#8221;1_2&#8243; module_class=&#8221;items&#8221; admin_label=&#8221;Column&#8221; _builder_version=&#8221;4.27.6&#8243; _module_preset=&#8221;default&#8221; background_image=&#8221;https:\/\/www.granapadano.it\/wp-content\/uploads\/2026\/03\/GP_IM_Box-grana-1.jpg&#8221; custom_padding=&#8221;||||false|false&#8221; global_colors_info=&#8221;{}&#8221;][et_pb_heading title=&#8221;Differenze tra Grana Padano e  Parmigiano Reggiano&#8221; _builder_version=&#8221;4.27.6&#8243; _module_preset=&#8221;default&#8221; title_level=&#8221;h3&#8243; title_font=&#8221;&#8211;et_global_heading_font||||||||&#8221; title_text_align=&#8221;center&#8221; title_text_color=&#8221;#FFFFFF&#8221; title_font_size=&#8221;24px&#8221; title_line_height=&#8221;1.6em&#8221; custom_margin=&#8221;||40px||false|false&#8221; custom_padding=&#8221;|78px||70px||&#8221; global_colors_info=&#8221;{}&#8221;][\/et_pb_heading][et_pb_button button_url=&#8221;https:\/\/www.granapadano.it\/larte-del-saper-fare\/il-prodotto-iconico\/differenze-tra-grana-padano-e-parmigiano-reggiano\/&#8221; button_text=&#8221;Scopri di pi\u00f9&#8221; button_alignment=&#8221;left&#8221; module_class=&#8221;yellow-btn&#8221; _builder_version=&#8221;4.27.6&#8243; _module_preset=&#8221;default&#8221; custom_button=&#8221;on&#8221; button_text_size=&#8221;12px&#8221; button_text_color=&#8221;gcid-cdd0517b-cb7c-4f63-9e4c-4eaf7d046da3&#8243; button_bg_color=&#8221;#ffdc00&#8243; button_border_width=&#8221;0px&#8221; button_border_radius=&#8221;0px&#8221; button_font=&#8221;&#8211;et_global_heading_font||||||||&#8221; button_icon=&#8221;&#x24;||divi||400&#8243; button_icon_color=&#8221;gcid-cdd0517b-cb7c-4f63-9e4c-4eaf7d046da3&#8243; button_on_hover=&#8221;off&#8221; custom_margin=&#8221;32px||||false|false&#8221; custom_padding=&#8221;13px|30px|13px|16px|true|false&#8221; hover_enabled=&#8221;0&#8243; global_colors_info=&#8221;{%22gcid-cdd0517b-cb7c-4f63-9e4c-4eaf7d046da3%22:%91%22button_text_color%22,%22button_icon_color%22,%22button_text_color%22,%22button_icon_color%22%93,%22gcid-46a7fd9b-e7e5-4c0a-b621-f5f3bcee3ed6%22:%91%22button_text_color%22,%22button_text_color%22%93}&#8221; sticky_enabled=&#8221;0&#8243;][\/et_pb_button][\/et_pb_column][\/et_pb_row][\/et_pb_section]<\/p>\n","protected":false},"excerpt":{"rendered":"<p><div class=\"breadcrumb\"><a href=\"https:\/\/www.granapadano.it\/it-it\/\">Home<\/a>  <  <\/div>Il termine \u201cGRANA\u201d originariamente indicava un formaggio caratterizzato dalla struttura granulare della pasta prodotto nella Valle Padana fin dall\u2019undicesimo secolo.Grana PadanoIl progressivo diffondersi di tale apprezzato formaggio, caus\u00f2 l\u2019affermarsi di alcune variet\u00e0 di GRANA (Grana Lodigiano, Emiliano, Lombardo, Veneto ecc.). Tuttavia, quando con la legge italiana n\u00b0 125 del 10 aprile 1954 vennero istituite le [&hellip;]<\/p>\n","protected":false},"author":6,"featured_media":0,"parent":52864,"menu_order":107,"comment_status":"closed","ping_status":"closed","template":"","meta":{"_acf_changed":false,"_et_pb_use_builder":"on","_et_pb_old_content":"","_et_gb_content_width":"","footnotes":""},"class_list":["post-16311","page","type-page","status-publish","hentry"],"acf":[],"yoast_head":"<!-- This site is optimized with the Yoast SEO plugin v27.3 - https:\/\/yoast.com\/product\/yoast-seo-wordpress\/ -->\n<title>Grana \u00e8 solo Padano - Grana Padano<\/title>\n<meta name=\"robots\" content=\"index, follow, max-snippet:-1, max-image-preview:large, max-video-preview:-1\" \/>\n<link rel=\"canonical\" href=\"https:\/\/www.granapadano.it\/it-it\/larte-del-saper-fare\/la-storia-e-lheritage\/grana-e-solo-padano\/\" \/>\n<meta property=\"og:locale\" content=\"it_IT\" \/>\n<meta property=\"og:type\" content=\"article\" \/>\n<meta property=\"og:title\" content=\"Grana \u00e8 solo Padano - Grana Padano\" \/>\n<meta property=\"og:description\" content=\"Il termine \u201cGRANA\u201d originariamente indicava un formaggio caratterizzato dalla struttura granulare della pasta prodotto nella Valle Padana fin dall\u2019undicesimo secolo.Grana PadanoIl progressivo diffondersi di tale apprezzato formaggio, caus\u00f2 l\u2019affermarsi di alcune variet\u00e0 di GRANA (Grana Lodigiano, Emiliano, Lombardo, Veneto ecc.). Tuttavia, quando con la legge italiana n\u00b0 125 del 10 aprile 1954 vennero istituite le [&hellip;]\" \/>\n<meta property=\"og:url\" content=\"https:\/\/www.granapadano.it\/it-it\/larte-del-saper-fare\/la-storia-e-lheritage\/grana-e-solo-padano\/\" \/>\n<meta property=\"og:site_name\" content=\"Grana Padano\" \/>\n<meta property=\"article:modified_time\" content=\"2026-04-09T09:23:44+00:00\" \/>\n<meta name=\"twitter:card\" content=\"summary_large_image\" \/>\n<meta name=\"twitter:label1\" content=\"Est. reading time\" \/>\n\t<meta name=\"twitter:data1\" content=\"4 minutes\" \/>\n<script type=\"application\/ld+json\" class=\"yoast-schema-graph\">{\"@context\":\"https:\\\/\\\/schema.org\",\"@graph\":[{\"@type\":\"WebPage\",\"@id\":\"https:\\\/\\\/www.granapadano.it\\\/it-it\\\/larte-del-saper-fare\\\/la-storia-e-lheritage\\\/grana-e-solo-padano\\\/\",\"url\":\"https:\\\/\\\/www.granapadano.it\\\/it-it\\\/larte-del-saper-fare\\\/la-storia-e-lheritage\\\/grana-e-solo-padano\\\/\",\"name\":\"Grana \u00e8 solo Padano - Grana Padano\",\"isPartOf\":{\"@id\":\"https:\\\/\\\/www.granapadano.it\\\/it-it\\\/#website\"},\"datePublished\":\"2023-02-02T16:41:58+00:00\",\"dateModified\":\"2026-04-09T09:23:44+00:00\",\"breadcrumb\":{\"@id\":\"https:\\\/\\\/www.granapadano.it\\\/it-it\\\/larte-del-saper-fare\\\/la-storia-e-lheritage\\\/grana-e-solo-padano\\\/#breadcrumb\"},\"inLanguage\":\"it-it\",\"potentialAction\":[{\"@type\":\"ReadAction\",\"target\":[\"https:\\\/\\\/www.granapadano.it\\\/it-it\\\/larte-del-saper-fare\\\/la-storia-e-lheritage\\\/grana-e-solo-padano\\\/\"]}]},{\"@type\":\"BreadcrumbList\",\"@id\":\"https:\\\/\\\/www.granapadano.it\\\/it-it\\\/larte-del-saper-fare\\\/la-storia-e-lheritage\\\/grana-e-solo-padano\\\/#breadcrumb\",\"itemListElement\":[{\"@type\":\"ListItem\",\"position\":1,\"name\":\"Home\",\"item\":\"https:\\\/\\\/www.granapadano.it\\\/it-it\\\/\"},{\"@type\":\"ListItem\",\"position\":2,\"name\":\"L&#8217;arte del saper fare\",\"item\":\"https:\\\/\\\/www.granapadano.it\\\/it-it\\\/larte-del-saper-fare\\\/\"},{\"@type\":\"ListItem\",\"position\":3,\"name\":\"La Storia e l&#8217;Heritage\",\"item\":\"https:\\\/\\\/www.granapadano.it\\\/it-it\\\/larte-del-saper-fare\\\/la-storia-e-lheritage\\\/\"},{\"@type\":\"ListItem\",\"position\":4,\"name\":\"Grana \u00e8 solo Padano\"}]},{\"@type\":\"WebSite\",\"@id\":\"https:\\\/\\\/www.granapadano.it\\\/it-it\\\/#website\",\"url\":\"https:\\\/\\\/www.granapadano.it\\\/it-it\\\/\",\"name\":\"Grana Padano\",\"description\":\"\",\"potentialAction\":[{\"@type\":\"SearchAction\",\"target\":{\"@type\":\"EntryPoint\",\"urlTemplate\":\"https:\\\/\\\/www.granapadano.it\\\/it-it\\\/?s={search_term_string}\"},\"query-input\":{\"@type\":\"PropertyValueSpecification\",\"valueRequired\":true,\"valueName\":\"search_term_string\"}}],\"inLanguage\":\"it-it\"}]}<\/script>\n<!-- \/ Yoast SEO plugin. -->","yoast_head_json":{"title":"Grana \u00e8 solo Padano - Grana Padano","robots":{"index":"index","follow":"follow","max-snippet":"max-snippet:-1","max-image-preview":"max-image-preview:large","max-video-preview":"max-video-preview:-1"},"canonical":"https:\/\/www.granapadano.it\/it-it\/larte-del-saper-fare\/la-storia-e-lheritage\/grana-e-solo-padano\/","og_locale":"it_IT","og_type":"article","og_title":"Grana \u00e8 solo Padano - Grana Padano","og_description":"Il termine \u201cGRANA\u201d originariamente indicava un formaggio caratterizzato dalla struttura granulare della pasta prodotto nella Valle Padana fin dall\u2019undicesimo secolo.Grana PadanoIl progressivo diffondersi di tale apprezzato formaggio, caus\u00f2 l\u2019affermarsi di alcune variet\u00e0 di GRANA (Grana Lodigiano, Emiliano, Lombardo, Veneto ecc.). Tuttavia, quando con la legge italiana n\u00b0 125 del 10 aprile 1954 vennero istituite le [&hellip;]","og_url":"https:\/\/www.granapadano.it\/it-it\/larte-del-saper-fare\/la-storia-e-lheritage\/grana-e-solo-padano\/","og_site_name":"Grana Padano","article_modified_time":"2026-04-09T09:23:44+00:00","twitter_card":"summary_large_image","twitter_misc":{"Est. reading time":"4 minutes"},"schema":{"@context":"https:\/\/schema.org","@graph":[{"@type":"WebPage","@id":"https:\/\/www.granapadano.it\/it-it\/larte-del-saper-fare\/la-storia-e-lheritage\/grana-e-solo-padano\/","url":"https:\/\/www.granapadano.it\/it-it\/larte-del-saper-fare\/la-storia-e-lheritage\/grana-e-solo-padano\/","name":"Grana \u00e8 solo Padano - Grana Padano","isPartOf":{"@id":"https:\/\/www.granapadano.it\/it-it\/#website"},"datePublished":"2023-02-02T16:41:58+00:00","dateModified":"2026-04-09T09:23:44+00:00","breadcrumb":{"@id":"https:\/\/www.granapadano.it\/it-it\/larte-del-saper-fare\/la-storia-e-lheritage\/grana-e-solo-padano\/#breadcrumb"},"inLanguage":"it-it","potentialAction":[{"@type":"ReadAction","target":["https:\/\/www.granapadano.it\/it-it\/larte-del-saper-fare\/la-storia-e-lheritage\/grana-e-solo-padano\/"]}]},{"@type":"BreadcrumbList","@id":"https:\/\/www.granapadano.it\/it-it\/larte-del-saper-fare\/la-storia-e-lheritage\/grana-e-solo-padano\/#breadcrumb","itemListElement":[{"@type":"ListItem","position":1,"name":"Home","item":"https:\/\/www.granapadano.it\/it-it\/"},{"@type":"ListItem","position":2,"name":"L&#8217;arte del saper fare","item":"https:\/\/www.granapadano.it\/it-it\/larte-del-saper-fare\/"},{"@type":"ListItem","position":3,"name":"La Storia e l&#8217;Heritage","item":"https:\/\/www.granapadano.it\/it-it\/larte-del-saper-fare\/la-storia-e-lheritage\/"},{"@type":"ListItem","position":4,"name":"Grana \u00e8 solo Padano"}]},{"@type":"WebSite","@id":"https:\/\/www.granapadano.it\/it-it\/#website","url":"https:\/\/www.granapadano.it\/it-it\/","name":"Grana Padano","description":"","potentialAction":[{"@type":"SearchAction","target":{"@type":"EntryPoint","urlTemplate":"https:\/\/www.granapadano.it\/it-it\/?s={search_term_string}"},"query-input":{"@type":"PropertyValueSpecification","valueRequired":true,"valueName":"search_term_string"}}],"inLanguage":"it-it"}]}},"_links":{"self":[{"href":"https:\/\/www.granapadano.it\/it-it\/wp-json\/wp\/v2\/pages\/16311","targetHints":{"allow":["GET"]}}],"collection":[{"href":"https:\/\/www.granapadano.it\/it-it\/wp-json\/wp\/v2\/pages"}],"about":[{"href":"https:\/\/www.granapadano.it\/it-it\/wp-json\/wp\/v2\/types\/page"}],"author":[{"embeddable":true,"href":"https:\/\/www.granapadano.it\/it-it\/wp-json\/wp\/v2\/users\/6"}],"replies":[{"embeddable":true,"href":"https:\/\/www.granapadano.it\/it-it\/wp-json\/wp\/v2\/comments?post=16311"}],"version-history":[{"count":6,"href":"https:\/\/www.granapadano.it\/it-it\/wp-json\/wp\/v2\/pages\/16311\/revisions"}],"predecessor-version":[{"id":154891,"href":"https:\/\/www.granapadano.it\/it-it\/wp-json\/wp\/v2\/pages\/16311\/revisions\/154891"}],"up":[{"embeddable":true,"href":"https:\/\/www.granapadano.it\/it-it\/wp-json\/wp\/v2\/pages\/52864"}],"wp:attachment":[{"href":"https:\/\/www.granapadano.it\/it-it\/wp-json\/wp\/v2\/media?parent=16311"}],"curies":[{"name":"wp","href":"https:\/\/api.w.org\/{rel}","templated":true}]}}