{"id":15668,"date":"2023-02-02T13:12:31","date_gmt":"2023-02-02T13:12:31","guid":{"rendered":"https:\/\/www.granapadano.it\/sostenibilita-e-benessere\/sostenibilita-ambientale-copy\/"},"modified":"2026-03-27T13:36:15","modified_gmt":"2026-03-27T13:36:15","slug":"fondazione","status":"publish","type":"page","link":"https:\/\/www.granapadano.it\/it-it\/sostenibilita\/fondazione\/","title":{"rendered":"Fondazione"},"content":{"rendered":"<p>[et_pb_section fb_built=&#8221;1&#8243; fullwidth=&#8221;on&#8221; _builder_version=&#8221;4.19.4&#8243; _module_preset=&#8221;default&#8221; global_colors_info=&#8221;{}&#8221;][et_pb_fullwidth_image src=&#8221;https:\/\/www.granapadano.it\/wp-content\/uploads\/2023\/03\/Abazzia-h-.jpg&#8221; title_text=&#8221;Abazzia-h-&#8221; src_tablet=&#8221;https:\/\/www.granapadano.it\/wp-content\/uploads\/2023\/03\/Abazzia-h-.jpg&#8221; src_phone=&#8221;https:\/\/www.granapadano.it\/wp-content\/uploads\/2023\/03\/abazzia-m-1.jpg&#8221; src_last_edited=&#8221;on|tablet&#8221; _builder_version=&#8221;4.20.0&#8243; _module_preset=&#8221;default&#8221; global_colors_info=&#8221;{}&#8221;][\/et_pb_fullwidth_image][\/et_pb_section][et_pb_section fb_built=&#8221;1&#8243; module_class=&#8221;production_sub_hub_main_wrapper&#8221; _builder_version=&#8221;4.19.4&#8243; _module_preset=&#8221;default&#8221; custom_padding=&#8221;13px||0px|||&#8221; locked=&#8221;off&#8221; global_colors_info=&#8221;{}&#8221;][et_pb_row module_class=&#8221;recipe_filter_section&#8221; _builder_version=&#8221;4.19.2&#8243; _module_preset=&#8221;default&#8221; max_width=&#8221;90%&#8221; custom_padding=&#8221;||7px|||&#8221; global_colors_info=&#8221;{}&#8221;][et_pb_column type=&#8221;4_4&#8243; _builder_version=&#8221;4.19.2&#8243; _module_preset=&#8221;default&#8221; global_colors_info=&#8221;{}&#8221;][et_pb_code _builder_version=&#8221;4.19.2&#8243; _module_preset=&#8221;default&#8221; custom_margin=&#8221;||16px|||&#8221; global_colors_info=&#8221;{}&#8221;]<div class=\"breadcrumb\"><a href=\"https:\/\/www.granapadano.it\/it-it\/\">Home<\/a>  <  <\/div>[\/et_pb_code][\/et_pb_column][\/et_pb_row][\/et_pb_section][et_pb_section fb_built=&#8221;1&#8243; _builder_version=&#8221;4.27.6&#8243; _module_preset=&#8221;default&#8221; min_height=&#8221;179.2px&#8221; global_colors_info=&#8221;{}&#8221; locked=&#8221;off&#8221;][et_pb_row column_structure=&#8221;1_3,2_3&#8243; custom_padding_last_edited=&#8221;on|tablet&#8221; _builder_version=&#8221;4.27.6&#8243; _module_preset=&#8221;default&#8221; custom_margin=&#8221;||0px||false|false&#8221; custom_padding=&#8221;0px||0px||false|false&#8221; custom_padding_tablet=&#8221;32px|32px|32px|32px|true|true&#8221; custom_padding_phone=&#8221;32px|0px|32px|0px|true|true&#8221; locked=&#8221;off&#8221; global_colors_info=&#8221;{}&#8221;][et_pb_column type=&#8221;1_3&#8243; _builder_version=&#8221;4.27.6&#8243; _module_preset=&#8221;default&#8221; global_colors_info=&#8221;{}&#8221;][et_pb_heading title=&#8221;La nostra storia&#8221; admin_label=&#8221;Heading&#8221; module_class=&#8221;new-gp-h1-heading&#8221; _builder_version=&#8221;4.27.6&#8243; _module_preset=&#8221;default&#8221; title_font=&#8221;&#8211;et_global_heading_font|600|||||||&#8221; title_text_color=&#8221;gcid-cdd0517b-cb7c-4f63-9e4c-4eaf7d046da3&#8243; title_font_size=&#8221;45px&#8221; title_line_height=&#8221;1.6em&#8221; max_width=&#8221;100%&#8221; module_alignment=&#8221;left&#8221; custom_margin=&#8221;||0px|0px|false|false&#8221; custom_padding=&#8221;||0px|0px|false|false&#8221; hover_enabled=&#8221;0&#8243; title_font_size_tablet=&#8221;32px&#8221; title_font_size_phone=&#8221;32px&#8221; title_font_size_last_edited=&#8221;on|phone&#8221; locked=&#8221;off&#8221; global_colors_info=&#8221;{%22gcid-cdd0517b-cb7c-4f63-9e4c-4eaf7d046da3%22:%91%22title_text_color%22%93}&#8221; sticky_enabled=&#8221;0&#8243;][\/et_pb_heading][et_pb_text _builder_version=&#8221;4.27.6&#8243; _module_preset=&#8221;default&#8221; text_font=&#8221;&#8211;et_global_body_font||||||||&#8221; text_text_color=&#8221;#876346&#8243; text_line_height=&#8221;1.6em&#8221; custom_margin=&#8221;0px|65px|30px||false|false&#8221; custom_padding_tablet=&#8221;&#8221; custom_padding_phone=&#8221;||||false|false&#8221; custom_padding_last_edited=&#8221;on|phone&#8221; hover_enabled=&#8221;0&#8243; global_colors_info=&#8221;{}&#8221; sticky_enabled=&#8221;0&#8243;]<\/p>\n<p style=\"text-align: left;\">La bont\u00e0 di Grana Padano passa anche dall&#8217;impegno sociale e dalla responsabilit\u00e0 verso i pi\u00f9 bisognosi.<br \/>Scopri i progetti sostenuti dal Consorzio Tutela Grana Padano!<\/p>\n<p>[\/et_pb_text][\/et_pb_column][et_pb_column type=&#8221;2_3&#8243; _builder_version=&#8221;4.27.6&#8243; _module_preset=&#8221;default&#8221; custom_padding=&#8221;||0px||false|false&#8221; global_colors_info=&#8221;{}&#8221;][et_pb_text _builder_version=&#8221;4.27.6&#8243; _module_preset=&#8221;default&#8221; text_font=&#8221;&#8211;et_global_body_font||||||||&#8221; text_text_color=&#8221;#44392b&#8221; text_font_size=&#8221;16px&#8221; text_line_height=&#8221;1.6em&#8221; custom_margin=&#8221;20px||30px||false|false&#8221; custom_padding_tablet=&#8221;&#8221; custom_padding_phone=&#8221;||||false|false&#8221; custom_padding_last_edited=&#8221;on|phone&#8221; global_colors_info=&#8221;{}&#8221;]<\/p>\n<p style=\"text-align: left;\"><em>\u201cIl Consorzio Tutela Grana Padano ha scritto molte pagine della sua storia con le parole della solidariet\u00e0 e del sostegno forte e costante verso il mondo del volontariato per iniziative in tutto il mondo. Si tratta di un impegno di Responsabilit\u00e0 Sociale che la nostra comunit\u00e0 sente e che lo Statuto del Consorzio prevede. Produrre sempre meglio nell\u2019interesse del consumatore perseguendo la qualit\u00e0 come valore \u00e8 un modo di essere e di fare che si declina anche nel sostenere chi porta assistenza e sollievo a chi soffre\u201d.<\/em><\/p>\n<p>[\/et_pb_text][et_pb_button button_url=&#8221;https:\/\/fondazionegranapadano.org\/&#8221; button_text=&#8221;Scopri la Fondazione&#8221; button_alignment=&#8221;left&#8221; module_class=&#8221;Brown-btn&#8221; _builder_version=&#8221;4.27.6&#8243; _module_preset=&#8221;default&#8221; custom_button=&#8221;on&#8221; button_text_color=&#8221;#f9f1e4&#8243; button_bg_color=&#8221;#876346&#8243; button_border_width=&#8221;0px&#8221; button_border_color=&#8221;RGBA(255,255,255,0)&#8221; button_border_radius=&#8221;0px&#8221; button_font=&#8221;&#8211;et_global_heading_font||||||||&#8221; button_icon=&#8221;&#x24;||divi||400&#8243; button_on_hover=&#8221;off&#8221; custom_margin=&#8221;40px|||-2px|false|false&#8221; custom_margin_tablet=&#8221;32px|||0px|false|false&#8221; custom_margin_phone=&#8221;32px|||0px|false|false&#8221; custom_margin_last_edited=&#8221;on|tablet&#8221; custom_padding=&#8221;16px|30px|16px|16px|true|false&#8221; locked=&#8221;off&#8221; global_colors_info=&#8221;{}&#8221;][\/et_pb_button][\/et_pb_column][\/et_pb_row][\/et_pb_section][et_pb_section fb_built=&#8221;1&#8243; disabled_on=&#8221;on|on|on&#8221; module_class=&#8221;sostenibilita_main_section&#8221; _builder_version=&#8221;4.19.5&#8243; _module_preset=&#8221;default&#8221; background_color=&#8221;#f7f7f7&#8243; min_height=&#8221;1513.9px&#8221; custom_margin=&#8221;2px|||||&#8221; custom_padding=&#8221;||30px|||&#8221; disabled=&#8221;on&#8221; locked=&#8221;off&#8221; global_colors_info=&#8221;{}&#8221;][et_pb_row column_structure=&#8221;1_3,1_3,1_3&#8243; use_custom_gutter=&#8221;on&#8221; gutter_width=&#8221;3&#8243; module_class=&#8221;consorzio_saprate_section&#8221; _builder_version=&#8221;4.20.0&#8243; _module_preset=&#8221;default&#8221; transform_scale=&#8221;94%|94%&#8221; max_width=&#8221;90%&#8221; custom_margin=&#8221;|auto|29px|auto||&#8221; custom_padding=&#8221;0px|||||&#8221; global_colors_info=&#8221;{}&#8221;][et_pb_column type=&#8221;1_3&#8243; _builder_version=&#8221;4.20.0&#8243; _module_preset=&#8221;default&#8221; link_option_url=&#8221;\/it-it\/sostenibilita-e-benessere\/fondazione-csr\/il-consorzio-grana-padano-rinnova-la-collaborazione-con-la-croce-rossa-italiana\/&#8221; global_colors_info=&#8221;{}&#8221;][et_pb_image title_text=&#8221;box-46492&#8243; url=&#8221;\/it-it\/sostenibilita-e-benessere\/fondazione-csr\/il-consorzio-grana-padano-rinnova-la-collaborazione-con-la-croce-rossa-italiana\/&#8221; align=&#8221;center&#8221; _builder_version=&#8221;4.20.0&#8243; _module_preset=&#8221;default&#8221; background_color=&#8221;RGBA(255,255,255,0)&#8221; background_image=&#8221;https:\/\/www.granapadano.it\/wp-content\/uploads\/2023\/02\/box-46492.jpg&#8221; min_height=&#8221;89px&#8221; custom_padding=&#8221;209px|0px||2px|false|false&#8221; global_colors_info=&#8221;{}&#8221;][\/et_pb_image][et_pb_text _builder_version=&#8221;4.19.5&#8243; _module_preset=&#8221;default&#8221; header_3_font=&#8221;Merriweather|700|||||||&#8221; header_3_text_color=&#8221;#0f0f0f&#8221; header_3_font_size=&#8221;23px&#8221; header_3_line_height=&#8221;27px&#8221; global_colors_info=&#8221;{}&#8221;]<\/p>\n<h3>Il Consorzio Grana Padano rinnova la collaborazione con la Croce Rossa Italiana<\/h3>\n<p>[\/et_pb_text][et_pb_text _builder_version=&#8221;4.19.5&#8243; _module_preset=&#8221;default&#8221; text_text_color=&#8221;#0f0f0f&#8221; text_font_size=&#8221;18px&#8221; text_line_height=&#8221;26px&#8221; global_colors_info=&#8221;{}&#8221;]Dai caseifici consorziati arriva una donazione di 150mila confezioni di formaggio DOP che saranno distribuite su tutto il territorio nazionale dai Comitati regionali CRI[\/et_pb_text][et_pb_image src=&#8221;https:\/\/www.granapadano.it\/wp-content\/uploads\/2022\/11\/Path-20171.png&#8221; title_text=&#8221;Path 20171&#8243; url=&#8221;\/it-it\/sostenibilita-e-benessere\/fondazione-csr\/il-consorzio-grana-padano-rinnova-la-collaborazione-con-la-croce-rossa-italiana\/&#8221; align=&#8221;right&#8221; _builder_version=&#8221;4.20.0&#8243; _module_preset=&#8221;default&#8221; global_colors_info=&#8221;{}&#8221;][\/et_pb_image][\/et_pb_column][et_pb_column type=&#8221;1_3&#8243; _builder_version=&#8221;4.20.0&#8243; _module_preset=&#8221;default&#8221; link_option_url=&#8221;\/it-it\/sostenibilita-e-benessere\/fondazione-csr\/il-nostro-impegno-nella-lotta-al-covid-19\/&#8221; global_colors_info=&#8221;{}&#8221;][et_pb_image title_text=&#8221;thumb consorziati-4&#8243; url=&#8221;\/it-it\/sostenibilita-e-benessere\/fondazione-csr\/il-nostro-impegno-nella-lotta-al-covid-19\/&#8221; align=&#8221;center&#8221; _builder_version=&#8221;4.20.0&#8243; _module_preset=&#8221;default&#8221; background_color=&#8221;RGBA(255,255,255,0)&#8221; background_image=&#8221;https:\/\/www.granapadano.it\/wp-content\/uploads\/2023\/02\/thumb-consorziati-4-2.jpg&#8221; min_height=&#8221;89px&#8221; custom_padding=&#8221;209px|0px||2px|false|false&#8221; global_colors_info=&#8221;{}&#8221;][\/et_pb_image][et_pb_text _builder_version=&#8221;4.19.5&#8243; _module_preset=&#8221;default&#8221; header_3_font=&#8221;Merriweather|700|||||||&#8221; header_3_text_color=&#8221;#0f0f0f&#8221; header_3_font_size=&#8221;23px&#8221; header_3_line_height=&#8221;27px&#8221; locked=&#8221;off&#8221; global_colors_info=&#8221;{}&#8221;]<\/p>\n<h3>Il nostro impegno nella lotta al covid-19<\/h3>\n<p>[\/et_pb_text][et_pb_text _builder_version=&#8221;4.19.5&#8243; _module_preset=&#8221;default&#8221; text_text_color=&#8221;#0f0f0f&#8221; text_font_size=&#8221;18px&#8221; text_line_height=&#8221;26px&#8221; locked=&#8221;off&#8221; global_colors_info=&#8221;{}&#8221;]Il nostro impegno accanto a chi \u00e8 in prima linea per sconfiggere il covid non \u00e8 solo un atto di solidariet\u00e0, ma soprattutto una scelta doverosa per difendere le nostre comunit\u00e0 e tornare ad abbracciarci.[\/et_pb_text][et_pb_image src=&#8221;https:\/\/www.granapadano.it\/wp-content\/uploads\/2022\/11\/Path-20171.png&#8221; title_text=&#8221;Path 20171&#8243; url=&#8221;\/it-it\/sostenibilita-e-benessere\/fondazione-csr\/il-nostro-impegno-nella-lotta-al-covid-19\/&#8221; align=&#8221;right&#8221; _builder_version=&#8221;4.20.0&#8243; _module_preset=&#8221;default&#8221; locked=&#8221;off&#8221; global_colors_info=&#8221;{}&#8221;][\/et_pb_image][\/et_pb_column][et_pb_column type=&#8221;1_3&#8243; _builder_version=&#8221;4.20.0&#8243; _module_preset=&#8221;default&#8221; link_option_url=&#8221;\/it-it\/sostenibilita-e-benessere\/fondazione-csr\/consorzio-grana-padano-e-fondazione-rava\/&#8221; global_colors_info=&#8221;{}&#8221;][et_pb_image title_text=&#8221;fondazione-rava-30069-30382&#8243; url=&#8221;\/it-it\/sostenibilita-e-benessere\/fondazione-csr\/consorzio-grana-padano-e-fondazione-rava\/&#8221; align=&#8221;center&#8221; _builder_version=&#8221;4.20.0&#8243; _module_preset=&#8221;default&#8221; background_color=&#8221;RGBA(255,255,255,0)&#8221; background_image=&#8221;https:\/\/www.granapadano.it\/wp-content\/uploads\/2023\/02\/fondazione-rava-30069-30382.jpg&#8221; min_height=&#8221;89px&#8221; custom_padding=&#8221;209px|0px||2px|false|false&#8221; global_colors_info=&#8221;{}&#8221;][\/et_pb_image][et_pb_text _builder_version=&#8221;4.19.5&#8243; _module_preset=&#8221;default&#8221; header_3_font=&#8221;Merriweather|700|||||||&#8221; header_3_text_color=&#8221;#0f0f0f&#8221; header_3_font_size=&#8221;23px&#8221; header_3_line_height=&#8221;27px&#8221; locked=&#8221;off&#8221; global_colors_info=&#8221;{}&#8221;]<\/p>\n<h3>Consorzio Grana Padano e la Fondazione Rava<\/h3>\n<p>[\/et_pb_text][et_pb_text _builder_version=&#8221;4.19.5&#8243; _module_preset=&#8221;default&#8221; text_text_color=&#8221;#0f0f0f&#8221; text_font_size=&#8221;18px&#8221; text_line_height=&#8221;26px&#8221; locked=&#8221;off&#8221; global_colors_info=&#8221;{}&#8221;]Una storia di bont\u00e0 lega il Consorzio Grana Padano e la Fondazione Rava[\/et_pb_text][et_pb_image src=&#8221;https:\/\/www.granapadano.it\/wp-content\/uploads\/2022\/11\/Path-20171.png&#8221; title_text=&#8221;Path 20171&#8243; url=&#8221;\/it-it\/sostenibilita-e-benessere\/fondazione-csr\/consorzio-grana-padano-e-fondazione-rava\/&#8221; align=&#8221;right&#8221; _builder_version=&#8221;4.20.0&#8243; _module_preset=&#8221;default&#8221; locked=&#8221;off&#8221; global_colors_info=&#8221;{}&#8221;][\/et_pb_image][\/et_pb_column][\/et_pb_row][\/et_pb_section][et_pb_section fb_built=&#8221;1&#8243; disabled_on=&#8221;on|on|on&#8221; module_class=&#8221;sostenibilita_main_section&#8221; _builder_version=&#8221;4.19.5&#8243; _module_preset=&#8221;default&#8221; background_color=&#8221;RGBA(255,255,255,0)&#8221; min_height=&#8221;1513.9px&#8221; custom_margin=&#8221;2px|||||&#8221; disabled=&#8221;on&#8221; locked=&#8221;off&#8221; global_colors_info=&#8221;{}&#8221;][et_pb_row column_structure=&#8221;1_2,1_2&#8243; use_custom_gutter=&#8221;on&#8221; gutter_width=&#8221;3&#8243; module_class=&#8221;consorzio_saprate_section consorzio_vini_abbinare_page&#8221; _builder_version=&#8221;4.20.0&#8243; _module_preset=&#8221;default&#8221; transform_scale=&#8221;94%|94%&#8221; max_width=&#8221;90%&#8221; custom_padding=&#8221;0px|||||&#8221; locked=&#8221;off&#8221; global_colors_info=&#8221;{}&#8221;][et_pb_column type=&#8221;1_2&#8243; _builder_version=&#8221;4.20.0&#8243; _module_preset=&#8221;default&#8221; link_option_url=&#8221;\/it-it\/sostenibilita-e-benessere\/fondazione-csr\/il-consorzio-grana-padano-rinnova-limpegno-di-azienda-amica-ant\/&#8221; global_colors_info=&#8221;{}&#8221;][et_pb_image title_text=&#8221;box-ANT-34752&#8243; url=&#8221;\/it-it\/sostenibilita-e-benessere\/fondazione-csr\/il-consorzio-grana-padano-rinnova-limpegno-di-azienda-amica-ant\/&#8221; align=&#8221;center&#8221; _builder_version=&#8221;4.20.0&#8243; _module_preset=&#8221;default&#8221; background_color=&#8221;RGBA(255,255,255,0)&#8221; background_image=&#8221;https:\/\/www.granapadano.it\/wp-content\/uploads\/2023\/02\/box-ANT-34752.jpg&#8221; min_height=&#8221;89px&#8221; custom_padding=&#8221;209px|0px||2px|false|false&#8221; global_colors_info=&#8221;{}&#8221;][\/et_pb_image][et_pb_text _builder_version=&#8221;4.19.5&#8243; _module_preset=&#8221;default&#8221; header_3_font=&#8221;Merriweather|700|||||||&#8221; header_3_text_color=&#8221;#0f0f0f&#8221; header_3_font_size=&#8221;23px&#8221; header_3_line_height=&#8221;27px&#8221; global_colors_info=&#8221;{}&#8221;]<\/p>\n<h3>Il Consorzio Grana Padano rinnova l\u2019impegno di \u201cAzienda Amica Ant\u201d<\/h3>\n<p>[\/et_pb_text][et_pb_text _builder_version=&#8221;4.19.5&#8243; _module_preset=&#8221;default&#8221; text_text_color=&#8221;#0f0f0f&#8221; text_font_size=&#8221;18px&#8221; text_line_height=&#8221;26px&#8221; global_colors_info=&#8221;{}&#8221;]Il Consorzio Tutela Grana Padano \u00e8 &#8220;Azienda Amica ANT&#8221;.[\/et_pb_text][et_pb_image src=&#8221;https:\/\/www.granapadano.it\/wp-content\/uploads\/2022\/11\/Path-20171.png&#8221; title_text=&#8221;Path 20171&#8243; url=&#8221;\/it-it\/sostenibilita-e-benessere\/fondazione-csr\/il-consorzio-grana-padano-rinnova-limpegno-di-azienda-amica-ant\/&#8221; align=&#8221;right&#8221; _builder_version=&#8221;4.20.0&#8243; _module_preset=&#8221;default&#8221; global_colors_info=&#8221;{}&#8221;][\/et_pb_image][\/et_pb_column][et_pb_column type=&#8221;1_2&#8243; _builder_version=&#8221;4.20.0&#8243; _module_preset=&#8221;default&#8221; link_option_url=&#8221;\/it-it\/curiosita-ed-eventi\/la-bonta-del-grana-padano-alla-partita-del-cuore\/&#8221; global_colors_info=&#8221;{}&#8221;][et_pb_image title_text=&#8221;box-partita-del-cuore-34760&#8243; url=&#8221;\/it-it\/curiosita-ed-eventi\/la-bonta-del-grana-padano-alla-partita-del-cuore\/&#8221; align=&#8221;center&#8221; _builder_version=&#8221;4.20.0&#8243; _module_preset=&#8221;default&#8221; background_color=&#8221;RGBA(255,255,255,0)&#8221; background_image=&#8221;https:\/\/www.granapadano.it\/wp-content\/uploads\/2023\/02\/box-partita-del-cuore-34760.jpg&#8221; min_height=&#8221;89px&#8221; custom_padding=&#8221;209px|0px||2px|false|false&#8221; global_colors_info=&#8221;{}&#8221;][\/et_pb_image][et_pb_text _builder_version=&#8221;4.19.5&#8243; _module_preset=&#8221;default&#8221; header_3_font=&#8221;Merriweather|700|||||||&#8221; header_3_text_color=&#8221;#0f0f0f&#8221; header_3_font_size=&#8221;23px&#8221; header_3_line_height=&#8221;27px&#8221; locked=&#8221;off&#8221; global_colors_info=&#8221;{}&#8221;]<\/p>\n<h3>La bont\u00e0 del Grana Padano alla &#8220;Partita del Cuore&#8221;<\/h3>\n<p>[\/et_pb_text][et_pb_text _builder_version=&#8221;4.19.5&#8243; _module_preset=&#8221;default&#8221; text_text_color=&#8221;#0f0f0f&#8221; text_font_size=&#8221;18px&#8221; text_line_height=&#8221;26px&#8221; locked=&#8221;off&#8221; global_colors_info=&#8221;{}&#8221;]Il Consorzio Tutela Grana Padano scende in campo a sostengo di Fondazione Telethon e la Fondazione Piemontese per la ricerca sul cancro[\/et_pb_text][et_pb_image src=&#8221;https:\/\/www.granapadano.it\/wp-content\/uploads\/2022\/11\/Path-20171.png&#8221; title_text=&#8221;Path 20171&#8243; url=&#8221;\/it-it\/curiosita-ed-eventi\/la-bonta-del-grana-padano-alla-partita-del-cuore\/&#8221; align=&#8221;right&#8221; _builder_version=&#8221;4.20.0&#8243; _module_preset=&#8221;default&#8221; locked=&#8221;off&#8221; global_colors_info=&#8221;{}&#8221;][\/et_pb_image][\/et_pb_column][\/et_pb_row][\/et_pb_section]<\/p>\n","protected":false},"excerpt":{"rendered":"<p><div class=\"breadcrumb\"><a href=\"https:\/\/www.granapadano.it\/it-it\/\">Home<\/a>  <  <\/div>La bont\u00e0 di Grana Padano passa anche dall&#8217;impegno sociale e dalla responsabilit\u00e0 verso i pi\u00f9 bisognosi.Scopri i progetti sostenuti dal Consorzio Tutela Grana Padano!\u201cIl Consorzio Tutela Grana Padano ha scritto molte pagine della sua storia con le parole della solidariet\u00e0 e del sostegno forte e costante verso il mondo del volontariato per iniziative in tutto [&hellip;]<\/p>\n","protected":false},"author":3,"featured_media":0,"parent":147444,"menu_order":447,"comment_status":"closed","ping_status":"closed","template":"","meta":{"_acf_changed":false,"_et_pb_use_builder":"on","_et_pb_old_content":"","_et_gb_content_width":"","footnotes":""},"class_list":["post-15668","page","type-page","status-publish","hentry"],"acf":[],"yoast_head":"<!-- This site is optimized with the Yoast SEO plugin v27.3 - https:\/\/yoast.com\/product\/yoast-seo-wordpress\/ -->\n<title>Fondazione - Grana Padano<\/title>\n<meta name=\"robots\" content=\"index, follow, max-snippet:-1, max-image-preview:large, max-video-preview:-1\" \/>\n<link rel=\"canonical\" href=\"https:\/\/www.granapadano.it\/it-it\/sostenibilita\/fondazione\/\" \/>\n<meta property=\"og:locale\" content=\"it_IT\" \/>\n<meta property=\"og:type\" content=\"article\" \/>\n<meta property=\"og:title\" content=\"Fondazione - Grana Padano\" \/>\n<meta property=\"og:description\" content=\"La bont\u00e0 di Grana Padano passa anche dall&#039;impegno sociale e dalla responsabilit\u00e0 verso i pi\u00f9 bisognosi.Scopri i progetti sostenuti dal Consorzio Tutela Grana Padano!\u201cIl Consorzio Tutela Grana Padano ha scritto molte pagine della sua storia con le parole della solidariet\u00e0 e del sostegno forte e costante verso il mondo del volontariato per iniziative in tutto [&hellip;]\" \/>\n<meta property=\"og:url\" content=\"https:\/\/www.granapadano.it\/it-it\/sostenibilita\/fondazione\/\" \/>\n<meta property=\"og:site_name\" content=\"Grana Padano\" \/>\n<meta property=\"article:modified_time\" content=\"2026-03-27T13:36:15+00:00\" \/>\n<meta name=\"twitter:card\" content=\"summary_large_image\" \/>\n<meta name=\"twitter:label1\" content=\"Est. reading time\" \/>\n\t<meta name=\"twitter:data1\" content=\"1 minute\" \/>\n<script type=\"application\/ld+json\" class=\"yoast-schema-graph\">{\"@context\":\"https:\\\/\\\/schema.org\",\"@graph\":[{\"@type\":\"WebPage\",\"@id\":\"https:\\\/\\\/www.granapadano.it\\\/it-it\\\/sostenibilita\\\/fondazione\\\/\",\"url\":\"https:\\\/\\\/www.granapadano.it\\\/it-it\\\/sostenibilita\\\/fondazione\\\/\",\"name\":\"Fondazione - Grana Padano\",\"isPartOf\":{\"@id\":\"https:\\\/\\\/www.granapadano.it\\\/it-it\\\/#website\"},\"datePublished\":\"2023-02-02T13:12:31+00:00\",\"dateModified\":\"2026-03-27T13:36:15+00:00\",\"breadcrumb\":{\"@id\":\"https:\\\/\\\/www.granapadano.it\\\/it-it\\\/sostenibilita\\\/fondazione\\\/#breadcrumb\"},\"inLanguage\":\"it-it\",\"potentialAction\":[{\"@type\":\"ReadAction\",\"target\":[\"https:\\\/\\\/www.granapadano.it\\\/it-it\\\/sostenibilita\\\/fondazione\\\/\"]}]},{\"@type\":\"BreadcrumbList\",\"@id\":\"https:\\\/\\\/www.granapadano.it\\\/it-it\\\/sostenibilita\\\/fondazione\\\/#breadcrumb\",\"itemListElement\":[{\"@type\":\"ListItem\",\"position\":1,\"name\":\"Home\",\"item\":\"https:\\\/\\\/www.granapadano.it\\\/it-it\\\/\"},{\"@type\":\"ListItem\",\"position\":2,\"name\":\"Sostenibilit\u00e0\",\"item\":\"https:\\\/\\\/www.granapadano.it\\\/it-it\\\/sostenibilita\\\/\"},{\"@type\":\"ListItem\",\"position\":3,\"name\":\"Fondazione\"}]},{\"@type\":\"WebSite\",\"@id\":\"https:\\\/\\\/www.granapadano.it\\\/it-it\\\/#website\",\"url\":\"https:\\\/\\\/www.granapadano.it\\\/it-it\\\/\",\"name\":\"Grana Padano\",\"description\":\"\",\"potentialAction\":[{\"@type\":\"SearchAction\",\"target\":{\"@type\":\"EntryPoint\",\"urlTemplate\":\"https:\\\/\\\/www.granapadano.it\\\/it-it\\\/?s={search_term_string}\"},\"query-input\":{\"@type\":\"PropertyValueSpecification\",\"valueRequired\":true,\"valueName\":\"search_term_string\"}}],\"inLanguage\":\"it-it\"}]}<\/script>\n<!-- \/ Yoast SEO plugin. -->","yoast_head_json":{"title":"Fondazione - Grana Padano","robots":{"index":"index","follow":"follow","max-snippet":"max-snippet:-1","max-image-preview":"max-image-preview:large","max-video-preview":"max-video-preview:-1"},"canonical":"https:\/\/www.granapadano.it\/it-it\/sostenibilita\/fondazione\/","og_locale":"it_IT","og_type":"article","og_title":"Fondazione - Grana Padano","og_description":"La bont\u00e0 di Grana Padano passa anche dall'impegno sociale e dalla responsabilit\u00e0 verso i pi\u00f9 bisognosi.Scopri i progetti sostenuti dal Consorzio Tutela Grana Padano!\u201cIl Consorzio Tutela Grana Padano ha scritto molte pagine della sua storia con le parole della solidariet\u00e0 e del sostegno forte e costante verso il mondo del volontariato per iniziative in tutto [&hellip;]","og_url":"https:\/\/www.granapadano.it\/it-it\/sostenibilita\/fondazione\/","og_site_name":"Grana Padano","article_modified_time":"2026-03-27T13:36:15+00:00","twitter_card":"summary_large_image","twitter_misc":{"Est. reading time":"1 minute"},"schema":{"@context":"https:\/\/schema.org","@graph":[{"@type":"WebPage","@id":"https:\/\/www.granapadano.it\/it-it\/sostenibilita\/fondazione\/","url":"https:\/\/www.granapadano.it\/it-it\/sostenibilita\/fondazione\/","name":"Fondazione - Grana Padano","isPartOf":{"@id":"https:\/\/www.granapadano.it\/it-it\/#website"},"datePublished":"2023-02-02T13:12:31+00:00","dateModified":"2026-03-27T13:36:15+00:00","breadcrumb":{"@id":"https:\/\/www.granapadano.it\/it-it\/sostenibilita\/fondazione\/#breadcrumb"},"inLanguage":"it-it","potentialAction":[{"@type":"ReadAction","target":["https:\/\/www.granapadano.it\/it-it\/sostenibilita\/fondazione\/"]}]},{"@type":"BreadcrumbList","@id":"https:\/\/www.granapadano.it\/it-it\/sostenibilita\/fondazione\/#breadcrumb","itemListElement":[{"@type":"ListItem","position":1,"name":"Home","item":"https:\/\/www.granapadano.it\/it-it\/"},{"@type":"ListItem","position":2,"name":"Sostenibilit\u00e0","item":"https:\/\/www.granapadano.it\/it-it\/sostenibilita\/"},{"@type":"ListItem","position":3,"name":"Fondazione"}]},{"@type":"WebSite","@id":"https:\/\/www.granapadano.it\/it-it\/#website","url":"https:\/\/www.granapadano.it\/it-it\/","name":"Grana Padano","description":"","potentialAction":[{"@type":"SearchAction","target":{"@type":"EntryPoint","urlTemplate":"https:\/\/www.granapadano.it\/it-it\/?s={search_term_string}"},"query-input":{"@type":"PropertyValueSpecification","valueRequired":true,"valueName":"search_term_string"}}],"inLanguage":"it-it"}]}},"_links":{"self":[{"href":"https:\/\/www.granapadano.it\/it-it\/wp-json\/wp\/v2\/pages\/15668","targetHints":{"allow":["GET"]}}],"collection":[{"href":"https:\/\/www.granapadano.it\/it-it\/wp-json\/wp\/v2\/pages"}],"about":[{"href":"https:\/\/www.granapadano.it\/it-it\/wp-json\/wp\/v2\/types\/page"}],"author":[{"embeddable":true,"href":"https:\/\/www.granapadano.it\/it-it\/wp-json\/wp\/v2\/users\/3"}],"replies":[{"embeddable":true,"href":"https:\/\/www.granapadano.it\/it-it\/wp-json\/wp\/v2\/comments?post=15668"}],"version-history":[{"count":6,"href":"https:\/\/www.granapadano.it\/it-it\/wp-json\/wp\/v2\/pages\/15668\/revisions"}],"predecessor-version":[{"id":153002,"href":"https:\/\/www.granapadano.it\/it-it\/wp-json\/wp\/v2\/pages\/15668\/revisions\/153002"}],"up":[{"embeddable":true,"href":"https:\/\/www.granapadano.it\/it-it\/wp-json\/wp\/v2\/pages\/147444"}],"wp:attachment":[{"href":"https:\/\/www.granapadano.it\/it-it\/wp-json\/wp\/v2\/media?parent=15668"}],"curies":[{"name":"wp","href":"https:\/\/api.w.org\/{rel}","templated":true}]}}