{"id":117936,"date":"2024-04-16T16:13:24","date_gmt":"2024-04-16T16:13:24","guid":{"rendered":"https:\/\/www.granapadano.it\/?page_id=117936"},"modified":"2026-03-19T14:16:48","modified_gmt":"2026-03-19T14:16:48","slug":"come-abbinare-grana-padano-9-16-mesi-e-la-mostarda","status":"publish","type":"page","link":"https:\/\/www.granapadano.it\/it-it\/ricette\/abbinamenti\/con-quale-mostarda-abbinare-grana-padano\/come-abbinare-grana-padano-9-16-mesi-e-la-mostarda\/","title":{"rendered":"Come abbinare Grana Padano 9-16 mesi e la mostarda"},"content":{"rendered":"<p>[et_pb_section fb_built=&#8221;1&#8243; fullwidth=&#8221;on&#8221; _builder_version=&#8221;4.19.5&#8243; _module_preset=&#8221;default&#8221; global_colors_info=&#8221;{}&#8221;][et_pb_fullwidth_image src=&#8221;https:\/\/www.granapadano.it\/wp-content\/uploads\/2024\/04\/GP_Mostarda-h.jpg&#8221; title_text=&#8221;GP_Mostarda-m&#8221; src_tablet=&#8221;https:\/\/www.granapadano.it\/wp-content\/uploads\/2024\/04\/GP_Mostarda-h.jpg&#8221; src_phone=&#8221;https:\/\/www.granapadano.it\/wp-content\/uploads\/2024\/04\/GP_Mostarda-m.jpg&#8221; src_last_edited=&#8221;on|phone&#8221; _builder_version=&#8221;4.24.3&#8243; _module_preset=&#8221;default&#8221; locked=&#8221;off&#8221; global_colors_info=&#8221;{}&#8221;][\/et_pb_fullwidth_image][\/et_pb_section][et_pb_section fb_built=&#8221;1&#8243; module_class=&#8221;production_sub_hub_main_wrapper&#8221; _builder_version=&#8221;4.19.4&#8243; _module_preset=&#8221;default&#8221; custom_padding=&#8221;13px||0px|||&#8221; locked=&#8221;off&#8221; global_colors_info=&#8221;{}&#8221;][et_pb_row module_class=&#8221;recipe_filter_section&#8221; _builder_version=&#8221;4.19.2&#8243; _module_preset=&#8221;default&#8221; max_width=&#8221;90%&#8221; custom_padding=&#8221;||7px|||&#8221; global_colors_info=&#8221;{}&#8221;][et_pb_column type=&#8221;4_4&#8243; _builder_version=&#8221;4.19.2&#8243; _module_preset=&#8221;default&#8221; global_colors_info=&#8221;{}&#8221;][et_pb_code _builder_version=&#8221;4.19.2&#8243; _module_preset=&#8221;default&#8221; custom_margin=&#8221;||16px|||&#8221; global_colors_info=&#8221;{}&#8221;]<div class=\"breadcrumb\"><a href=\"https:\/\/www.granapadano.it\/it-it\/\">Home<\/a>  <  <\/div>[\/et_pb_code][\/et_pb_column][\/et_pb_row][\/et_pb_section][et_pb_section fb_built=&#8221;1&#8243; module_class=&#8221;giovani_sub_hub_title&#8221; _builder_version=&#8221;4.19.5&#8243; _module_preset=&#8221;default&#8221; custom_padding=&#8221;0px||35px||false|false&#8221; locked=&#8221;off&#8221; global_colors_info=&#8221;{}&#8221;][et_pb_row module_class=&#8221;gp_producion_heading_wrapper&#8221; _builder_version=&#8221;4.19.5&#8243; _module_preset=&#8221;default&#8221; max_width=&#8221;90%&#8221; module_alignment=&#8221;center&#8221; custom_padding=&#8221;||||false|false&#8221; global_colors_info=&#8221;{}&#8221;][et_pb_column type=&#8221;4_4&#8243; _builder_version=&#8221;4.19.4&#8243; _module_preset=&#8221;default&#8221; global_colors_info=&#8221;{}&#8221;][et_pb_text module_class=&#8221;giovani_sub_hub_title_text&#8221; _builder_version=&#8221;4.20.0&#8243; _module_preset=&#8221;default&#8221; text_font=&#8221;Merriweather|700|||||||&#8221; text_text_color=&#8221;#0f0f0f&#8221; text_font_size=&#8221;80px&#8221; text_line_height=&#8221;70px&#8221; header_font=&#8221;Merriweather||||||||&#8221; header_text_color=&#8221;gcid-8696fd7e-29dd-4028-9d4d-981b208a53a9&#8243; header_font_size=&#8221;44px&#8221; header_line_height=&#8221;52px&#8221; text_orientation=&#8221;center&#8221; min_height=&#8221;83px&#8221; custom_margin=&#8221;||0px||false|false&#8221; custom_padding=&#8221;||0px||false|false&#8221; global_colors_info=&#8221;{%22gcid-8696fd7e-29dd-4028-9d4d-981b208a53a9%22:%91%22header_text_color%22%93}&#8221;]<\/p>\n<h1>Grana Padano DOP 9-16 mesi<\/h1>\n<p>[\/et_pb_text][\/et_pb_column][\/et_pb_row][et_pb_row column_structure=&#8221;1_4,3_4&#8243; module_class=&#8221;article_dates&#8221; _builder_version=&#8221;4.19.4&#8243; _module_preset=&#8221;default&#8221; max_width=&#8221;90%&#8221; custom_padding=&#8221;2px||6px||false|false&#8221; global_colors_info=&#8221;{}&#8221;][et_pb_column type=&#8221;1_4&#8243; _builder_version=&#8221;4.19.3&#8243; _module_preset=&#8221;default&#8221; global_colors_info=&#8221;{}&#8221;][et_pb_text module_class=&#8221;button_look&#8221; _builder_version=&#8221;4.24.3&#8243; _module_preset=&#8221;default&#8221; text_font=&#8221;FontPadano-Bold||||||||&#8221; text_text_color=&#8221;#000000&#8243; text_font_size=&#8221;26px&#8221; background_color=&#8221;RGBA(255,255,255,0)&#8221; locked=&#8221;off&#8221; global_colors_info=&#8221;{}&#8221;]<\/p>\n<p>Mostarda<\/p>\n<p>[\/et_pb_text][\/et_pb_column][et_pb_column type=&#8221;3_4&#8243; _builder_version=&#8221;4.19.4&#8243; _module_preset=&#8221;default&#8221; global_colors_info=&#8221;{}&#8221;][\/et_pb_column][\/et_pb_row][et_pb_row _builder_version=&#8221;4.24.3&#8243; _module_preset=&#8221;default&#8221; global_colors_info=&#8221;{}&#8221;][et_pb_column type=&#8221;4_4&#8243; module_class=&#8221;article_sub_img_wrap&#8221; _builder_version=&#8221;4.20.2&#8243; _module_preset=&#8221;default&#8221; global_colors_info=&#8221;{}&#8221;][et_pb_text _builder_version=&#8221;4.24.3&#8243; _module_preset=&#8221;default&#8221; text_font=&#8221;||||||||&#8221; text_text_color=&#8221;#0f0f0f&#8221; text_font_size=&#8221;18px&#8221; text_line_height=&#8221;26px&#8221; width=&#8221;100%&#8221; custom_margin=&#8221;||0px||false|false&#8221; hover_enabled=&#8221;0&#8243; global_colors_info=&#8221;{}&#8221; sticky_enabled=&#8221;0&#8243;]<\/p>\n<h3><strong>Grana Padano DOP 9-16 mesi e Mostarda mantovana di Pera Abate e altre cultivar<\/strong><\/h3>\n<p>La mostarda di pera \u00e8 la pi\u00f9 <strong>classica<\/strong> delle mostarde mantovane; oggi la sua produzione avviene presso alcuni laboratori che ne preservano gelosamente le ricette antiche. Le pere coltivate, sia per uso alimentare che per mostarda, sono Abate Fetel, Conference, Decana del Comizio, Kaiser, Max Red Bartlett, William, Carmen e Santa Maria e la rarissima Passacrassana ereditata dalla signoria dei Gonzaga.<\/p>\n<p>La Mostarda di Pera, a seconda della cultivar usata, si presenta dal <strong>color caramello chiaro o quasi ambrato<\/strong>, leggermente croccante e profumata di pera cotta e croccante di mandorla, non di grande intensit\u00e0 e persistenza perci\u00f2 facilmente abbinabile con il formaggio Grana Padano DOP di stagionatura che va dai 9 ai 16 mesi.<\/p>\n<p>Di questo abbinamento abbiamo apprezzato la relativa delicatezza della mostarda che bene si abbina con il <strong>Grana Padano 9-16 mesi<\/strong>, il quale, in questa veste, presenta <strong>note dolci<\/strong>, di burro, di latte cotto e di panna. La leggera acidit\u00e0 e sapidit\u00e0 del formaggio fa da contraltare alla leggera piccantezza e dolcezza della mostarda. Dal punto di vista strutturale la mostarda di Pera Abate si presenta <strong>croccante<\/strong>, ma non coriacea e ha una certa granulosit\u00e0 che si \u201csente\u201d in bocca dando luogo ad un piacevole contrasto strutturale con questa tipologia di Grana Padano ancora relativamente giovane. Per concludere possiamo dire che l\u2019eleganza e la delicatezza sono gli elementi peculiari di questo abbinamento.<\/p>\n<p><strong>Curiosit\u00e0<\/strong><\/p>\n<p><span style=\"font-size: 18px;\">La coltivazione della pera soprattutto nella zona del viadanese e dell\u2019Oltrep\u00f2 mantovano vanta una <\/span><strong style=\"font-size: 18px;\">tradizione straordinariamente antica<\/strong><span style=\"font-size: 18px;\">. Nel 1475 era una coltura diffusissima ed importante sebbene fosse realizzata nei giardini dei monasteri e nei broli delle corti signorili dove venivano anche effettuati incroci di variet\u00e0 diverse per ottenere frutti dalle caratteristiche sempre pi\u00f9 pregiate.<\/span><\/p>\n<p><span style=\"font-size: 18px;\">Le prime testimonianze riguardanti la Pera Mantovana risalgono niente meno che a Plinio il Vecchio (il pi\u00f9 accreditato naturalista fino al Cinquecento) e Columella (agronomo di et\u00e0 romana). All\u2019epoca, per\u00f2, ed anche nel corso del Medioevo, era usanza diffusa consumare le pere dopo la cottura e aggiungere la senape o l\u2019agresto piccante prima servirle in tavola. Dopo l\u2019Unit\u00e0 d\u2019Italia e nel primo dopoguerra, con il conseguente riassetto produttivo volto a valorizzare le attivit\u00e0 esistenti, la coltivazione del pero conosce un periodo di particolare sviluppo, anche grazie alle innovazioni tecnologiche nel settore della conservazione e dei trasporti.<\/span><\/p>\n<p>[\/et_pb_text][\/et_pb_column][\/et_pb_row][et_pb_row column_structure=&#8221;2_5,3_5&#8243; module_class=&#8221;article_sub_img_text_content_left&#8221; _builder_version=&#8221;4.24.3&#8243; _module_preset=&#8221;default&#8221; max_width=&#8221;94%&#8221; custom_padding=&#8221;20px||30px||false|false&#8221; border_color_top=&#8221;RGBA(255,255,255,0)&#8221; locked=&#8221;off&#8221; global_colors_info=&#8221;{}&#8221;][et_pb_column type=&#8221;2_5&#8243; module_class=&#8221;article_sub_img_wrap_left&#8221; _builder_version=&#8221;4.20.2&#8243; _module_preset=&#8221;default&#8221; global_colors_info=&#8221;{}&#8221;][et_pb_image src=&#8221;https:\/\/www.granapadano.it\/wp-content\/uploads\/2024\/04\/GP_Thumb-mostarda.jpg&#8221; title_text=&#8221;GP_Thumb-mostarda&#8221; align=&#8221;center&#8221; show_bottom_space_tablet=&#8221;on&#8221; show_bottom_space_last_edited=&#8221;off|phone&#8221; _builder_version=&#8221;4.24.3&#8243; _module_preset=&#8221;default&#8221; custom_margin=&#8221;||0px||false|false&#8221; custom_margin_tablet=&#8221;30px||||false|false&#8221; custom_margin_phone=&#8221;30px||||false|false&#8221; custom_margin_last_edited=&#8221;on|desktop&#8221; custom_padding=&#8221;0px||0px||false|false&#8221; border_radii=&#8221;on|20px|20px|20px|20px&#8221; global_colors_info=&#8221;{}&#8221;][\/et_pb_image][\/et_pb_column][et_pb_column type=&#8221;3_5&#8243; module_class=&#8221;article_sub_text_wrap_left&#8221; _builder_version=&#8221;4.20.2&#8243; _module_preset=&#8221;default&#8221; global_colors_info=&#8221;{}&#8221;][et_pb_text _builder_version=&#8221;4.24.3&#8243; _module_preset=&#8221;default&#8221; text_font=&#8221;Merriweather|300|||||||&#8221; text_text_color=&#8221;#0f0f0f&#8221; text_font_size=&#8221;18px&#8221; text_line_height=&#8221;26px&#8221; width=&#8221;97.1%&#8221; custom_margin=&#8221;|||0px|false|false&#8221; hover_enabled=&#8221;0&#8243; global_colors_info=&#8221;{}&#8221; sticky_enabled=&#8221;0&#8243;]<\/p>\n<h3><strong> Grana Padano DOP 9-16 mesi e mostarda cremonese di frutta mista<\/strong><\/h3>\n<p>Questa tipologia di mostarda viene preparata con <strong>frutta intera candita<\/strong>, saccarosio e fruttosio.<br \/>Pu\u00f2 essere preparata con diversi tipi di frutta, spesso lasciata intera ma anche spezzettata, che pu\u00f2 variare in base alla stagionalit\u00e0 ed ai gusti. La si consuma riducendola a <strong>pezzettini<\/strong> evitando di annusarla per la forte presenza di senape che potrebbe creare una forte lacrimazione passeggera. Non va mai degustata da sola, ma sempre accompagnata con una parte di pietanza che ne smorza la piccantezza. La sua struttura, durante la masticazione, risulta leggermente coriacea, anche per la diversa dimensione della frutta usata e per la particolare lavorazione della canditura. In cucina ben si accompagna con il formaggio <strong>Grana Padano DOP 9 ai 16 mesi<\/strong>.<\/p>\n<p>L\u2019abbinamento suggerito mette in contrasto <strong>intensit\u00e0 e strutture<\/strong>: in questo caso la mostarda presenta una struttura variabile ma ben percepibile. Presenta un\u2019intensit\u00e0 molto elevata, per questo motivo suggeriamo di abbinare alla scaglia di Grana Padano <strong>un piccolo pezzetto di mostarda e di provare con i diversi frutti<\/strong>, ciascuno dei quali presenter\u00e0 una struttura peculiare. Anche dal punto di vista di piccantezza\/dolcezza si potr\u00e0 sperimentare una ampia variabilit\u00e0: le ciliegie, le pere, i fichi, le pesche e i cedri risulteranno pi\u00f9 dolci e meno piccanti mentre gli agrumi, e tipicamente il mandarino, presenteranno un \u201cbrio\u201d ed un\u2019intensit\u00e0 capace di far \u201cperdere piacevolmente i sensi\u201d; ci\u00f2 \u00e8 dovuto al fatto che gli olii essenziali contenuti negli agrumi esaltano e moltiplicano la piccantezza insita nell\u2019olio essenziale di senape.<\/p>\n<p>\u00c8 essenziale individuare la giusta proporzione tra la scaglia di Grana Padano 9-16 mesi, caratterizzato da note dolci, lattiche di burro fuso, latte cotto e la mostarda che si presenta intensa ed \u201cimportante\u201d.<\/p>\n<p>[\/et_pb_text][\/et_pb_column][\/et_pb_row][\/et_pb_section]<\/p>\n","protected":false},"excerpt":{"rendered":"<p><div class=\"breadcrumb\"><a href=\"https:\/\/www.granapadano.it\/it-it\/\">Home<\/a>  <  <\/div>Grana Padano DOP 9-16 mesiMostardaGrana Padano DOP 9-16 mesi e Mostarda mantovana di Pera Abate e altre cultivar La mostarda di pera \u00e8 la pi\u00f9 classica delle mostarde mantovane; oggi la sua produzione avviene presso alcuni laboratori che ne preservano gelosamente le ricette antiche. Le pere coltivate, sia per uso alimentare che per mostarda, sono [&hellip;]<\/p>\n","protected":false},"author":21,"featured_media":0,"parent":117895,"menu_order":353,"comment_status":"closed","ping_status":"closed","template":"","meta":{"_acf_changed":false,"_et_pb_use_builder":"on","_et_pb_old_content":"","_et_gb_content_width":"","footnotes":""},"class_list":["post-117936","page","type-page","status-publish","hentry"],"acf":[],"yoast_head":"<!-- This site is optimized with the Yoast SEO plugin v27.3 - https:\/\/yoast.com\/product\/yoast-seo-wordpress\/ -->\n<title>Come abbinare Grana Padano 9-16 mesi e la mostarda - Grana Padano<\/title>\n<meta name=\"robots\" content=\"index, follow, max-snippet:-1, max-image-preview:large, max-video-preview:-1\" \/>\n<link rel=\"canonical\" href=\"https:\/\/www.granapadano.it\/it-it\/ricette\/abbinamenti\/con-quale-mostarda-abbinare-grana-padano\/come-abbinare-grana-padano-9-16-mesi-e-la-mostarda\/\" \/>\n<meta property=\"og:locale\" content=\"it_IT\" \/>\n<meta property=\"og:type\" content=\"article\" \/>\n<meta property=\"og:title\" content=\"Come abbinare Grana Padano 9-16 mesi e la mostarda - Grana Padano\" \/>\n<meta property=\"og:description\" content=\"Grana Padano DOP 9-16 mesiMostardaGrana Padano DOP 9-16 mesi e Mostarda mantovana di Pera Abate e altre cultivar La mostarda di pera \u00e8 la pi\u00f9 classica delle mostarde mantovane; oggi la sua produzione avviene presso alcuni laboratori che ne preservano gelosamente le ricette antiche. Le pere coltivate, sia per uso alimentare che per mostarda, sono [&hellip;]\" \/>\n<meta property=\"og:url\" content=\"https:\/\/www.granapadano.it\/it-it\/ricette\/abbinamenti\/con-quale-mostarda-abbinare-grana-padano\/come-abbinare-grana-padano-9-16-mesi-e-la-mostarda\/\" \/>\n<meta property=\"og:site_name\" content=\"Grana Padano\" \/>\n<meta property=\"article:modified_time\" content=\"2026-03-19T14:16:48+00:00\" \/>\n<meta name=\"twitter:card\" content=\"summary_large_image\" \/>\n<meta name=\"twitter:label1\" content=\"Est. reading time\" \/>\n\t<meta name=\"twitter:data1\" content=\"5 minutes\" \/>\n<script type=\"application\/ld+json\" class=\"yoast-schema-graph\">{\"@context\":\"https:\\\/\\\/schema.org\",\"@graph\":[{\"@type\":\"WebPage\",\"@id\":\"https:\\\/\\\/www.granapadano.it\\\/it-it\\\/ricette\\\/abbinamenti\\\/con-quale-mostarda-abbinare-grana-padano\\\/come-abbinare-grana-padano-9-16-mesi-e-la-mostarda\\\/\",\"url\":\"https:\\\/\\\/www.granapadano.it\\\/it-it\\\/ricette\\\/abbinamenti\\\/con-quale-mostarda-abbinare-grana-padano\\\/come-abbinare-grana-padano-9-16-mesi-e-la-mostarda\\\/\",\"name\":\"Come abbinare Grana Padano 9-16 mesi e la mostarda - Grana Padano\",\"isPartOf\":{\"@id\":\"https:\\\/\\\/www.granapadano.it\\\/it-it\\\/#website\"},\"datePublished\":\"2024-04-16T16:13:24+00:00\",\"dateModified\":\"2026-03-19T14:16:48+00:00\",\"breadcrumb\":{\"@id\":\"https:\\\/\\\/www.granapadano.it\\\/it-it\\\/ricette\\\/abbinamenti\\\/con-quale-mostarda-abbinare-grana-padano\\\/come-abbinare-grana-padano-9-16-mesi-e-la-mostarda\\\/#breadcrumb\"},\"inLanguage\":\"it-it\",\"potentialAction\":[{\"@type\":\"ReadAction\",\"target\":[\"https:\\\/\\\/www.granapadano.it\\\/it-it\\\/ricette\\\/abbinamenti\\\/con-quale-mostarda-abbinare-grana-padano\\\/come-abbinare-grana-padano-9-16-mesi-e-la-mostarda\\\/\"]}]},{\"@type\":\"BreadcrumbList\",\"@id\":\"https:\\\/\\\/www.granapadano.it\\\/it-it\\\/ricette\\\/abbinamenti\\\/con-quale-mostarda-abbinare-grana-padano\\\/come-abbinare-grana-padano-9-16-mesi-e-la-mostarda\\\/#breadcrumb\",\"itemListElement\":[{\"@type\":\"ListItem\",\"position\":1,\"name\":\"Home\",\"item\":\"https:\\\/\\\/www.granapadano.it\\\/it-it\\\/\"},{\"@type\":\"ListItem\",\"position\":2,\"name\":\"Ricette\",\"item\":\"https:\\\/\\\/www.granapadano.it\\\/it-it\\\/ricette\\\/\"},{\"@type\":\"ListItem\",\"position\":3,\"name\":\"Con quale mostarda abbinare Grana Padano\",\"item\":\"https:\\\/\\\/www.granapadano.it\\\/it-it\\\/ricette\\\/abbinamenti\\\/con-quale-mostarda-abbinare-grana-padano\\\/\"},{\"@type\":\"ListItem\",\"position\":4,\"name\":\"Come abbinare Grana Padano 9-16 mesi e la mostarda\"}]},{\"@type\":\"WebSite\",\"@id\":\"https:\\\/\\\/www.granapadano.it\\\/it-it\\\/#website\",\"url\":\"https:\\\/\\\/www.granapadano.it\\\/it-it\\\/\",\"name\":\"Grana Padano\",\"description\":\"\",\"potentialAction\":[{\"@type\":\"SearchAction\",\"target\":{\"@type\":\"EntryPoint\",\"urlTemplate\":\"https:\\\/\\\/www.granapadano.it\\\/it-it\\\/?s={search_term_string}\"},\"query-input\":{\"@type\":\"PropertyValueSpecification\",\"valueRequired\":true,\"valueName\":\"search_term_string\"}}],\"inLanguage\":\"it-it\"}]}<\/script>\n<!-- \/ Yoast SEO plugin. -->","yoast_head_json":{"title":"Come abbinare Grana Padano 9-16 mesi e la mostarda - Grana Padano","robots":{"index":"index","follow":"follow","max-snippet":"max-snippet:-1","max-image-preview":"max-image-preview:large","max-video-preview":"max-video-preview:-1"},"canonical":"https:\/\/www.granapadano.it\/it-it\/ricette\/abbinamenti\/con-quale-mostarda-abbinare-grana-padano\/come-abbinare-grana-padano-9-16-mesi-e-la-mostarda\/","og_locale":"it_IT","og_type":"article","og_title":"Come abbinare Grana Padano 9-16 mesi e la mostarda - Grana Padano","og_description":"Grana Padano DOP 9-16 mesiMostardaGrana Padano DOP 9-16 mesi e Mostarda mantovana di Pera Abate e altre cultivar La mostarda di pera \u00e8 la pi\u00f9 classica delle mostarde mantovane; oggi la sua produzione avviene presso alcuni laboratori che ne preservano gelosamente le ricette antiche. Le pere coltivate, sia per uso alimentare che per mostarda, sono [&hellip;]","og_url":"https:\/\/www.granapadano.it\/it-it\/ricette\/abbinamenti\/con-quale-mostarda-abbinare-grana-padano\/come-abbinare-grana-padano-9-16-mesi-e-la-mostarda\/","og_site_name":"Grana Padano","article_modified_time":"2026-03-19T14:16:48+00:00","twitter_card":"summary_large_image","twitter_misc":{"Est. reading time":"5 minutes"},"schema":{"@context":"https:\/\/schema.org","@graph":[{"@type":"WebPage","@id":"https:\/\/www.granapadano.it\/it-it\/ricette\/abbinamenti\/con-quale-mostarda-abbinare-grana-padano\/come-abbinare-grana-padano-9-16-mesi-e-la-mostarda\/","url":"https:\/\/www.granapadano.it\/it-it\/ricette\/abbinamenti\/con-quale-mostarda-abbinare-grana-padano\/come-abbinare-grana-padano-9-16-mesi-e-la-mostarda\/","name":"Come abbinare Grana Padano 9-16 mesi e la mostarda - Grana Padano","isPartOf":{"@id":"https:\/\/www.granapadano.it\/it-it\/#website"},"datePublished":"2024-04-16T16:13:24+00:00","dateModified":"2026-03-19T14:16:48+00:00","breadcrumb":{"@id":"https:\/\/www.granapadano.it\/it-it\/ricette\/abbinamenti\/con-quale-mostarda-abbinare-grana-padano\/come-abbinare-grana-padano-9-16-mesi-e-la-mostarda\/#breadcrumb"},"inLanguage":"it-it","potentialAction":[{"@type":"ReadAction","target":["https:\/\/www.granapadano.it\/it-it\/ricette\/abbinamenti\/con-quale-mostarda-abbinare-grana-padano\/come-abbinare-grana-padano-9-16-mesi-e-la-mostarda\/"]}]},{"@type":"BreadcrumbList","@id":"https:\/\/www.granapadano.it\/it-it\/ricette\/abbinamenti\/con-quale-mostarda-abbinare-grana-padano\/come-abbinare-grana-padano-9-16-mesi-e-la-mostarda\/#breadcrumb","itemListElement":[{"@type":"ListItem","position":1,"name":"Home","item":"https:\/\/www.granapadano.it\/it-it\/"},{"@type":"ListItem","position":2,"name":"Ricette","item":"https:\/\/www.granapadano.it\/it-it\/ricette\/"},{"@type":"ListItem","position":3,"name":"Con quale mostarda abbinare Grana Padano","item":"https:\/\/www.granapadano.it\/it-it\/ricette\/abbinamenti\/con-quale-mostarda-abbinare-grana-padano\/"},{"@type":"ListItem","position":4,"name":"Come abbinare Grana Padano 9-16 mesi e la mostarda"}]},{"@type":"WebSite","@id":"https:\/\/www.granapadano.it\/it-it\/#website","url":"https:\/\/www.granapadano.it\/it-it\/","name":"Grana Padano","description":"","potentialAction":[{"@type":"SearchAction","target":{"@type":"EntryPoint","urlTemplate":"https:\/\/www.granapadano.it\/it-it\/?s={search_term_string}"},"query-input":{"@type":"PropertyValueSpecification","valueRequired":true,"valueName":"search_term_string"}}],"inLanguage":"it-it"}]}},"_links":{"self":[{"href":"https:\/\/www.granapadano.it\/it-it\/wp-json\/wp\/v2\/pages\/117936","targetHints":{"allow":["GET"]}}],"collection":[{"href":"https:\/\/www.granapadano.it\/it-it\/wp-json\/wp\/v2\/pages"}],"about":[{"href":"https:\/\/www.granapadano.it\/it-it\/wp-json\/wp\/v2\/types\/page"}],"author":[{"embeddable":true,"href":"https:\/\/www.granapadano.it\/it-it\/wp-json\/wp\/v2\/users\/21"}],"replies":[{"embeddable":true,"href":"https:\/\/www.granapadano.it\/it-it\/wp-json\/wp\/v2\/comments?post=117936"}],"version-history":[{"count":9,"href":"https:\/\/www.granapadano.it\/it-it\/wp-json\/wp\/v2\/pages\/117936\/revisions"}],"predecessor-version":[{"id":118841,"href":"https:\/\/www.granapadano.it\/it-it\/wp-json\/wp\/v2\/pages\/117936\/revisions\/118841"}],"up":[{"embeddable":true,"href":"https:\/\/www.granapadano.it\/it-it\/wp-json\/wp\/v2\/pages\/117895"}],"wp:attachment":[{"href":"https:\/\/www.granapadano.it\/it-it\/wp-json\/wp\/v2\/media?parent=117936"}],"curies":[{"name":"wp","href":"https:\/\/api.w.org\/{rel}","templated":true}]}}