{"id":117929,"date":"2024-04-16T16:05:39","date_gmt":"2024-04-16T16:05:39","guid":{"rendered":"https:\/\/www.granapadano.it\/?page_id=117929"},"modified":"2026-03-19T14:17:12","modified_gmt":"2026-03-19T14:17:12","slug":"come-abbinare-grana-padano-16-20-mesi-e-la-mostarda","status":"publish","type":"page","link":"https:\/\/www.granapadano.it\/it-it\/ricette\/abbinamenti\/con-quale-mostarda-abbinare-grana-padano\/come-abbinare-grana-padano-16-20-mesi-e-la-mostarda\/","title":{"rendered":"Come abbinare Grana Padano 16-20 mesi e la mostarda"},"content":{"rendered":"<p>[et_pb_section fb_built=&#8221;1&#8243; fullwidth=&#8221;on&#8221; _builder_version=&#8221;4.19.5&#8243; _module_preset=&#8221;default&#8221; global_colors_info=&#8221;{}&#8221;][et_pb_fullwidth_image src=&#8221;https:\/\/www.granapadano.it\/wp-content\/uploads\/2024\/04\/GP_Mostarda-h.jpg&#8221; title_text=&#8221;GP_Mostarda-m&#8221; src_tablet=&#8221;https:\/\/www.granapadano.it\/wp-content\/uploads\/2024\/04\/GP_Mostarda-h.jpg&#8221; src_phone=&#8221;https:\/\/www.granapadano.it\/wp-content\/uploads\/2024\/04\/GP_Mostarda-m.jpg&#8221; src_last_edited=&#8221;on|phone&#8221; _builder_version=&#8221;4.24.3&#8243; _module_preset=&#8221;default&#8221; locked=&#8221;off&#8221; global_colors_info=&#8221;{}&#8221;][\/et_pb_fullwidth_image][\/et_pb_section][et_pb_section fb_built=&#8221;1&#8243; module_class=&#8221;production_sub_hub_main_wrapper&#8221; _builder_version=&#8221;4.19.4&#8243; _module_preset=&#8221;default&#8221; custom_padding=&#8221;13px||0px|||&#8221; locked=&#8221;off&#8221; global_colors_info=&#8221;{}&#8221;][et_pb_row module_class=&#8221;recipe_filter_section&#8221; _builder_version=&#8221;4.19.2&#8243; _module_preset=&#8221;default&#8221; max_width=&#8221;90%&#8221; custom_padding=&#8221;||7px|||&#8221; global_colors_info=&#8221;{}&#8221;][et_pb_column type=&#8221;4_4&#8243; _builder_version=&#8221;4.19.2&#8243; _module_preset=&#8221;default&#8221; global_colors_info=&#8221;{}&#8221;][et_pb_code _builder_version=&#8221;4.19.2&#8243; _module_preset=&#8221;default&#8221; custom_margin=&#8221;||16px|||&#8221; global_colors_info=&#8221;{}&#8221;]<div class=\"breadcrumb\"><a href=\"https:\/\/www.granapadano.it\/it-it\/\">Home<\/a>  <  <\/div>[\/et_pb_code][\/et_pb_column][\/et_pb_row][\/et_pb_section][et_pb_section fb_built=&#8221;1&#8243; module_class=&#8221;giovani_sub_hub_title&#8221; _builder_version=&#8221;4.19.5&#8243; _module_preset=&#8221;default&#8221; custom_padding=&#8221;0px||35px||false|false&#8221; locked=&#8221;off&#8221; global_colors_info=&#8221;{}&#8221;][et_pb_row module_class=&#8221;gp_producion_heading_wrapper&#8221; _builder_version=&#8221;4.19.5&#8243; _module_preset=&#8221;default&#8221; max_width=&#8221;90%&#8221; module_alignment=&#8221;center&#8221; custom_padding=&#8221;||||false|false&#8221; global_colors_info=&#8221;{}&#8221;][et_pb_column type=&#8221;4_4&#8243; _builder_version=&#8221;4.19.4&#8243; _module_preset=&#8221;default&#8221; global_colors_info=&#8221;{}&#8221;][et_pb_text module_class=&#8221;giovani_sub_hub_title_text&#8221; _builder_version=&#8221;4.20.0&#8243; _module_preset=&#8221;default&#8221; text_font=&#8221;Merriweather|700|||||||&#8221; text_text_color=&#8221;#0f0f0f&#8221; text_font_size=&#8221;80px&#8221; text_line_height=&#8221;70px&#8221; header_font=&#8221;Merriweather||||||||&#8221; header_text_color=&#8221;gcid-8696fd7e-29dd-4028-9d4d-981b208a53a9&#8243; header_font_size=&#8221;44px&#8221; header_line_height=&#8221;52px&#8221; text_orientation=&#8221;center&#8221; min_height=&#8221;83px&#8221; custom_margin=&#8221;||0px||false|false&#8221; custom_padding=&#8221;||0px||false|false&#8221; global_colors_info=&#8221;{%22gcid-8696fd7e-29dd-4028-9d4d-981b208a53a9%22:%91%22header_text_color%22%93}&#8221;]<\/p>\n<h1>Grana Padano DOP 16-20 mesi<\/h1>\n<p>[\/et_pb_text][\/et_pb_column][\/et_pb_row][et_pb_row column_structure=&#8221;1_4,3_4&#8243; module_class=&#8221;article_dates&#8221; _builder_version=&#8221;4.19.4&#8243; _module_preset=&#8221;default&#8221; max_width=&#8221;90%&#8221; custom_padding=&#8221;2px||6px||false|false&#8221; global_colors_info=&#8221;{}&#8221;][et_pb_column type=&#8221;1_4&#8243; _builder_version=&#8221;4.19.3&#8243; _module_preset=&#8221;default&#8221; global_colors_info=&#8221;{}&#8221;][et_pb_text module_class=&#8221;button_look&#8221; _builder_version=&#8221;4.24.3&#8243; _module_preset=&#8221;default&#8221; text_font=&#8221;FontPadano-Bold||||||||&#8221; text_text_color=&#8221;#000000&#8243; text_font_size=&#8221;26px&#8221; background_color=&#8221;RGBA(255,255,255,0)&#8221; hover_enabled=&#8221;0&#8243; global_colors_info=&#8221;{}&#8221; sticky_enabled=&#8221;0&#8243;]<\/p>\n<p>Mostarda<\/p>\n<p>[\/et_pb_text][\/et_pb_column][et_pb_column type=&#8221;3_4&#8243; _builder_version=&#8221;4.19.4&#8243; _module_preset=&#8221;default&#8221; global_colors_info=&#8221;{}&#8221;][\/et_pb_column][\/et_pb_row][et_pb_row _builder_version=&#8221;4.24.3&#8243; _module_preset=&#8221;default&#8221; global_colors_info=&#8221;{}&#8221;][et_pb_column type=&#8221;4_4&#8243; module_class=&#8221;article_sub_img_wrap&#8221; _builder_version=&#8221;4.20.2&#8243; _module_preset=&#8221;default&#8221; global_colors_info=&#8221;{}&#8221;][et_pb_text _builder_version=&#8221;4.24.3&#8243; _module_preset=&#8221;default&#8221; text_text_color=&#8221;#0f0f0f&#8221; text_font_size=&#8221;18px&#8221; text_line_height=&#8221;26px&#8221; width=&#8221;100%&#8221; custom_margin=&#8221;||0px||false|false&#8221; hover_enabled=&#8221;0&#8243; global_colors_info=&#8221;{}&#8221; sticky_enabled=&#8221;0&#8243;]<\/p>\n<h3><strong>Grana Padano DOP 16-20 mesi e mostarda di Cotogna<\/strong><\/h3>\n<p>Questa si pu\u00f2 considerare la madre di tutte le mostarde, da sempre prodotta nelle famiglie mantovane. Si presenta con una struttura piuttosto croccante e di un sapore intenso; ha la capacit\u00e0 di assorbire molto gli oli essenziali di senape pertanto va servita aprendo la confezione una decina di minuti prima di portarla in tavola per farla respirare e ridurre l\u2019intensit\u00e0 al naso.<\/p>\n<p>Suggeriamo di abbinarla con il Grana Padano 16-20 mesi, ma ben si abbina anche con stagionature pi\u00f9 avanzate anche oltre i 24 mesi.<\/p>\n<p>Di questo abbinamento si apprezza la struttura croccante della cotogna che si adatta e regge la struttura pi\u00f9 dura e granulosa di questa tipologia di formaggio; la piccantezza della preparazione \u00e8 molto importante ma i due prodotti comunque si inseguono piacevolmente e l\u2019intensit\u00e0 gustativa di questo Grana Padano si alterna a quella della mostarda consentendo di apprezzarli entrambi.<\/p>\n<p><strong>Curiosit\u00e0<\/strong><\/p>\n<ul>\n<li>Il <strong>cotogno<\/strong> (Cydonia oblunga) non fa parte n\u00e9 dei meli n\u00e8 dei peri, ma \u00e8 una <strong>specie a s\u00e9 stante<\/strong>. In realt\u00e0 si tratta di specie molto affini: tutte appartengono alla famiglia delle Rosacee e rientrano nella sottofamiglia delle Pomoideae il cui frutto (pomo) prende origine dal ricettacolo (la parte terminale ingrossata del peduncolo fiorale). Si tratta quindi di un \u201cfalso frutto\u201d, una struttura, cio\u00e8 che non deriva dal pistillo (parte femminile del fiore). All\u2019interno della polpa sono presenti 5 logge cartilaginee contenenti i semi.La forma dei frutti delle diverse variet\u00e0 di cotogno ingenera spesso confusione, poich\u00e9 pu\u00f2 somigliare a quella del melo o del pero. Il cotogno pu\u00f2 entrare sicuramente di diritto nella categoria dei \u201cfrutti dimenticati\u201d: coltivato fin dall\u2019antichit\u00e0 &#8211; non a caso il nome botanico del genere deriva da quello di una citt\u00e0 della Grecia antica &#8211; non ha avuto una diffusione paragonabile ad altre specie da frutto. Ai giorni nostri \u00e8 infatti poco conosciuto, tanto che spesso viene confuso per una variet\u00e0 di melo o pero mentre, in realt\u00e0, appartiene ad una specie distinta ed \u00e8 classificato in un diverso genere.<\/li>\n<\/ul>\n<p>[\/et_pb_text][\/et_pb_column][\/et_pb_row][et_pb_row column_structure=&#8221;2_5,3_5&#8243; module_class=&#8221;article_sub_img_text_content_left&#8221; _builder_version=&#8221;4.24.3&#8243; _module_preset=&#8221;default&#8221; max_width=&#8221;94%&#8221; custom_padding=&#8221;20px||30px||false|false&#8221; border_color_top=&#8221;RGBA(255,255,255,0)&#8221; locked=&#8221;off&#8221; global_colors_info=&#8221;{}&#8221;][et_pb_column type=&#8221;2_5&#8243; module_class=&#8221;article_sub_img_wrap_left&#8221; _builder_version=&#8221;4.20.2&#8243; _module_preset=&#8221;default&#8221; global_colors_info=&#8221;{}&#8221;][et_pb_image src=&#8221;https:\/\/www.granapadano.it\/wp-content\/uploads\/2024\/04\/GP_Mostarda-di-zucca.jpg&#8221; title_text=&#8221;GP_Mostarda-di-zucca&#8221; align=&#8221;center&#8221; show_bottom_space_tablet=&#8221;on&#8221; show_bottom_space_last_edited=&#8221;off|phone&#8221; _builder_version=&#8221;4.24.3&#8243; _module_preset=&#8221;default&#8221; custom_margin=&#8221;||0px||false|false&#8221; custom_margin_tablet=&#8221;30px||||false|false&#8221; custom_margin_phone=&#8221;30px||||false|false&#8221; custom_margin_last_edited=&#8221;on|desktop&#8221; custom_padding=&#8221;0px||0px||false|false&#8221; border_radii=&#8221;on|20px|20px|20px|20px&#8221; global_colors_info=&#8221;{}&#8221;][\/et_pb_image][\/et_pb_column][et_pb_column type=&#8221;3_5&#8243; module_class=&#8221;article_sub_text_wrap_left&#8221; _builder_version=&#8221;4.20.2&#8243; _module_preset=&#8221;default&#8221; global_colors_info=&#8221;{}&#8221;][et_pb_text _builder_version=&#8221;4.24.3&#8243; _module_preset=&#8221;default&#8221; text_font=&#8221;Merriweather|300|||||||&#8221; text_text_color=&#8221;#0f0f0f&#8221; text_font_size=&#8221;18px&#8221; text_line_height=&#8221;26px&#8221; width=&#8221;97.1%&#8221; custom_margin=&#8221;|||0px|false|false&#8221; hover_enabled=&#8221;0&#8243; global_colors_info=&#8221;{}&#8221; sticky_enabled=&#8221;0&#8243;]<\/p>\n<h3><strong>Grana Padano DOP 16-20 mesi e mostarda di zucca<\/strong><\/h3>\n<p>La <strong>zucca \u00e8 uno dei simboli di Mantova<\/strong>, viene coltivata in grandi quantit\u00e0 nell\u2019area mantovana ed \u00e8 considerata il \u201cmaiale dell\u2019orto\u201d perch\u00e9 di essa non si butta via niente. Le cultivar principalmente coltivate sono la Violina, la marina di Chioggia o l\u2019americana nella versione nostrana dedicate al commercio fuori provincia.<br \/>La pi\u00f9 usata oggi nel mantovano \u00e8 la versione antica detta \u201cCappello del prete\u201d o quella nuova (della cultivar \u201cDelica\u201d) per la realizzazione in cucina di vellutate, altrimenti fritta o come ingrediente dei famosi \u201cTortelli di zucca alla mantovana\u201d, nonch\u00e9 per la lavorazione della mostarda di zucca senapata.<\/p>\n<p>L\u2019arte di mostardare le verdure richiede particolare destrezza e alcune famiglie mantovane, ancora depositarie di questa tecnica, sanno trattare la zucca con grande abilit\u00e0 ed eccellenza: si tratta di un esempio unico che da decenni si realizza nel mondo della mostarda solo a Mantova.<\/p>\n<p>La zucca, dopo la lavorazione a mostarda, si presenta di <strong>colore fortemente aranciato<\/strong>, a fette sottili o a dadini, leggermente croccante dal cuore tenero; in alcuni casi la si usa anche assemblata con quella di mele, ma prevalentemente la si trova in purezza.<\/p>\n<p>Si abbina con grande facilit\u00e0 con <strong>Grana Padano DOP<\/strong> di stagionatura che varia <strong>dai<\/strong> <strong>16 ai 20 mesi<\/strong>. In questo caso l\u2019abbinamento si gioca sul contrasto tra la <strong>sapidit\u00e0<\/strong> del formaggio e la <strong>dolcezza<\/strong> della zucca; inoltre la struttura della zucca, variabile in base al tipo di taglio, presenta sempre una parte esterna pi\u00f9 croccante accompagnata da una pi\u00f9 morbida; questa caratteristica d\u00e0 luogo, in bocca, ad un gioco intrigante con la struttura della scaglia di Grana Padano.<\/p>\n<p>[\/et_pb_text][\/et_pb_column][\/et_pb_row][\/et_pb_section]<\/p>\n","protected":false},"excerpt":{"rendered":"<p><div class=\"breadcrumb\"><a href=\"https:\/\/www.granapadano.it\/it-it\/\">Home<\/a>  <  <\/div>Grana Padano DOP 16-20 mesiMostardaGrana Padano DOP 16-20 mesi e mostarda di Cotogna Questa si pu\u00f2 considerare la madre di tutte le mostarde, da sempre prodotta nelle famiglie mantovane. Si presenta con una struttura piuttosto croccante e di un sapore intenso; ha la capacit\u00e0 di assorbire molto gli oli essenziali di senape pertanto va servita [&hellip;]<\/p>\n","protected":false},"author":21,"featured_media":0,"parent":117895,"menu_order":425,"comment_status":"closed","ping_status":"closed","template":"","meta":{"_acf_changed":false,"_et_pb_use_builder":"on","_et_pb_old_content":"","_et_gb_content_width":"","footnotes":""},"class_list":["post-117929","page","type-page","status-publish","hentry"],"acf":[],"yoast_head":"<!-- This site is optimized with the Yoast SEO plugin v27.3 - https:\/\/yoast.com\/product\/yoast-seo-wordpress\/ -->\n<title>Come abbinare Grana Padano 16-20 mesi e la mostarda - Grana Padano<\/title>\n<meta name=\"robots\" content=\"index, follow, max-snippet:-1, max-image-preview:large, max-video-preview:-1\" \/>\n<link rel=\"canonical\" href=\"https:\/\/www.granapadano.it\/it-it\/ricette\/abbinamenti\/con-quale-mostarda-abbinare-grana-padano\/come-abbinare-grana-padano-16-20-mesi-e-la-mostarda\/\" \/>\n<meta property=\"og:locale\" content=\"it_IT\" \/>\n<meta property=\"og:type\" content=\"article\" \/>\n<meta property=\"og:title\" content=\"Come abbinare Grana Padano 16-20 mesi e la mostarda - Grana Padano\" \/>\n<meta property=\"og:description\" content=\"Grana Padano DOP 16-20 mesiMostardaGrana Padano DOP 16-20 mesi e mostarda di Cotogna Questa si pu\u00f2 considerare la madre di tutte le mostarde, da sempre prodotta nelle famiglie mantovane. Si presenta con una struttura piuttosto croccante e di un sapore intenso; ha la capacit\u00e0 di assorbire molto gli oli essenziali di senape pertanto va servita [&hellip;]\" \/>\n<meta property=\"og:url\" content=\"https:\/\/www.granapadano.it\/it-it\/ricette\/abbinamenti\/con-quale-mostarda-abbinare-grana-padano\/come-abbinare-grana-padano-16-20-mesi-e-la-mostarda\/\" \/>\n<meta property=\"og:site_name\" content=\"Grana Padano\" \/>\n<meta property=\"article:modified_time\" content=\"2026-03-19T14:17:12+00:00\" \/>\n<meta name=\"twitter:card\" content=\"summary_large_image\" \/>\n<meta name=\"twitter:label1\" content=\"Est. reading time\" \/>\n\t<meta name=\"twitter:data1\" content=\"4 minutes\" \/>\n<script type=\"application\/ld+json\" class=\"yoast-schema-graph\">{\"@context\":\"https:\\\/\\\/schema.org\",\"@graph\":[{\"@type\":\"WebPage\",\"@id\":\"https:\\\/\\\/www.granapadano.it\\\/it-it\\\/ricette\\\/abbinamenti\\\/con-quale-mostarda-abbinare-grana-padano\\\/come-abbinare-grana-padano-16-20-mesi-e-la-mostarda\\\/\",\"url\":\"https:\\\/\\\/www.granapadano.it\\\/it-it\\\/ricette\\\/abbinamenti\\\/con-quale-mostarda-abbinare-grana-padano\\\/come-abbinare-grana-padano-16-20-mesi-e-la-mostarda\\\/\",\"name\":\"Come abbinare Grana Padano 16-20 mesi e la mostarda - Grana Padano\",\"isPartOf\":{\"@id\":\"https:\\\/\\\/www.granapadano.it\\\/it-it\\\/#website\"},\"datePublished\":\"2024-04-16T16:05:39+00:00\",\"dateModified\":\"2026-03-19T14:17:12+00:00\",\"breadcrumb\":{\"@id\":\"https:\\\/\\\/www.granapadano.it\\\/it-it\\\/ricette\\\/abbinamenti\\\/con-quale-mostarda-abbinare-grana-padano\\\/come-abbinare-grana-padano-16-20-mesi-e-la-mostarda\\\/#breadcrumb\"},\"inLanguage\":\"it-it\",\"potentialAction\":[{\"@type\":\"ReadAction\",\"target\":[\"https:\\\/\\\/www.granapadano.it\\\/it-it\\\/ricette\\\/abbinamenti\\\/con-quale-mostarda-abbinare-grana-padano\\\/come-abbinare-grana-padano-16-20-mesi-e-la-mostarda\\\/\"]}]},{\"@type\":\"BreadcrumbList\",\"@id\":\"https:\\\/\\\/www.granapadano.it\\\/it-it\\\/ricette\\\/abbinamenti\\\/con-quale-mostarda-abbinare-grana-padano\\\/come-abbinare-grana-padano-16-20-mesi-e-la-mostarda\\\/#breadcrumb\",\"itemListElement\":[{\"@type\":\"ListItem\",\"position\":1,\"name\":\"Home\",\"item\":\"https:\\\/\\\/www.granapadano.it\\\/it-it\\\/\"},{\"@type\":\"ListItem\",\"position\":2,\"name\":\"Ricette\",\"item\":\"https:\\\/\\\/www.granapadano.it\\\/it-it\\\/ricette\\\/\"},{\"@type\":\"ListItem\",\"position\":3,\"name\":\"Con quale mostarda abbinare Grana Padano\",\"item\":\"https:\\\/\\\/www.granapadano.it\\\/it-it\\\/ricette\\\/abbinamenti\\\/con-quale-mostarda-abbinare-grana-padano\\\/\"},{\"@type\":\"ListItem\",\"position\":4,\"name\":\"Come abbinare Grana Padano 16-20 mesi e la mostarda\"}]},{\"@type\":\"WebSite\",\"@id\":\"https:\\\/\\\/www.granapadano.it\\\/it-it\\\/#website\",\"url\":\"https:\\\/\\\/www.granapadano.it\\\/it-it\\\/\",\"name\":\"Grana Padano\",\"description\":\"\",\"potentialAction\":[{\"@type\":\"SearchAction\",\"target\":{\"@type\":\"EntryPoint\",\"urlTemplate\":\"https:\\\/\\\/www.granapadano.it\\\/it-it\\\/?s={search_term_string}\"},\"query-input\":{\"@type\":\"PropertyValueSpecification\",\"valueRequired\":true,\"valueName\":\"search_term_string\"}}],\"inLanguage\":\"it-it\"}]}<\/script>\n<!-- \/ Yoast SEO plugin. -->","yoast_head_json":{"title":"Come abbinare Grana Padano 16-20 mesi e la mostarda - Grana Padano","robots":{"index":"index","follow":"follow","max-snippet":"max-snippet:-1","max-image-preview":"max-image-preview:large","max-video-preview":"max-video-preview:-1"},"canonical":"https:\/\/www.granapadano.it\/it-it\/ricette\/abbinamenti\/con-quale-mostarda-abbinare-grana-padano\/come-abbinare-grana-padano-16-20-mesi-e-la-mostarda\/","og_locale":"it_IT","og_type":"article","og_title":"Come abbinare Grana Padano 16-20 mesi e la mostarda - Grana Padano","og_description":"Grana Padano DOP 16-20 mesiMostardaGrana Padano DOP 16-20 mesi e mostarda di Cotogna Questa si pu\u00f2 considerare la madre di tutte le mostarde, da sempre prodotta nelle famiglie mantovane. Si presenta con una struttura piuttosto croccante e di un sapore intenso; ha la capacit\u00e0 di assorbire molto gli oli essenziali di senape pertanto va servita [&hellip;]","og_url":"https:\/\/www.granapadano.it\/it-it\/ricette\/abbinamenti\/con-quale-mostarda-abbinare-grana-padano\/come-abbinare-grana-padano-16-20-mesi-e-la-mostarda\/","og_site_name":"Grana Padano","article_modified_time":"2026-03-19T14:17:12+00:00","twitter_card":"summary_large_image","twitter_misc":{"Est. reading time":"4 minutes"},"schema":{"@context":"https:\/\/schema.org","@graph":[{"@type":"WebPage","@id":"https:\/\/www.granapadano.it\/it-it\/ricette\/abbinamenti\/con-quale-mostarda-abbinare-grana-padano\/come-abbinare-grana-padano-16-20-mesi-e-la-mostarda\/","url":"https:\/\/www.granapadano.it\/it-it\/ricette\/abbinamenti\/con-quale-mostarda-abbinare-grana-padano\/come-abbinare-grana-padano-16-20-mesi-e-la-mostarda\/","name":"Come abbinare Grana Padano 16-20 mesi e la mostarda - Grana Padano","isPartOf":{"@id":"https:\/\/www.granapadano.it\/it-it\/#website"},"datePublished":"2024-04-16T16:05:39+00:00","dateModified":"2026-03-19T14:17:12+00:00","breadcrumb":{"@id":"https:\/\/www.granapadano.it\/it-it\/ricette\/abbinamenti\/con-quale-mostarda-abbinare-grana-padano\/come-abbinare-grana-padano-16-20-mesi-e-la-mostarda\/#breadcrumb"},"inLanguage":"it-it","potentialAction":[{"@type":"ReadAction","target":["https:\/\/www.granapadano.it\/it-it\/ricette\/abbinamenti\/con-quale-mostarda-abbinare-grana-padano\/come-abbinare-grana-padano-16-20-mesi-e-la-mostarda\/"]}]},{"@type":"BreadcrumbList","@id":"https:\/\/www.granapadano.it\/it-it\/ricette\/abbinamenti\/con-quale-mostarda-abbinare-grana-padano\/come-abbinare-grana-padano-16-20-mesi-e-la-mostarda\/#breadcrumb","itemListElement":[{"@type":"ListItem","position":1,"name":"Home","item":"https:\/\/www.granapadano.it\/it-it\/"},{"@type":"ListItem","position":2,"name":"Ricette","item":"https:\/\/www.granapadano.it\/it-it\/ricette\/"},{"@type":"ListItem","position":3,"name":"Con quale mostarda abbinare Grana Padano","item":"https:\/\/www.granapadano.it\/it-it\/ricette\/abbinamenti\/con-quale-mostarda-abbinare-grana-padano\/"},{"@type":"ListItem","position":4,"name":"Come abbinare Grana Padano 16-20 mesi e la mostarda"}]},{"@type":"WebSite","@id":"https:\/\/www.granapadano.it\/it-it\/#website","url":"https:\/\/www.granapadano.it\/it-it\/","name":"Grana Padano","description":"","potentialAction":[{"@type":"SearchAction","target":{"@type":"EntryPoint","urlTemplate":"https:\/\/www.granapadano.it\/it-it\/?s={search_term_string}"},"query-input":{"@type":"PropertyValueSpecification","valueRequired":true,"valueName":"search_term_string"}}],"inLanguage":"it-it"}]}},"_links":{"self":[{"href":"https:\/\/www.granapadano.it\/it-it\/wp-json\/wp\/v2\/pages\/117929","targetHints":{"allow":["GET"]}}],"collection":[{"href":"https:\/\/www.granapadano.it\/it-it\/wp-json\/wp\/v2\/pages"}],"about":[{"href":"https:\/\/www.granapadano.it\/it-it\/wp-json\/wp\/v2\/types\/page"}],"author":[{"embeddable":true,"href":"https:\/\/www.granapadano.it\/it-it\/wp-json\/wp\/v2\/users\/21"}],"replies":[{"embeddable":true,"href":"https:\/\/www.granapadano.it\/it-it\/wp-json\/wp\/v2\/comments?post=117929"}],"version-history":[{"count":14,"href":"https:\/\/www.granapadano.it\/it-it\/wp-json\/wp\/v2\/pages\/117929\/revisions"}],"predecessor-version":[{"id":119187,"href":"https:\/\/www.granapadano.it\/it-it\/wp-json\/wp\/v2\/pages\/117929\/revisions\/119187"}],"up":[{"embeddable":true,"href":"https:\/\/www.granapadano.it\/it-it\/wp-json\/wp\/v2\/pages\/117895"}],"wp:attachment":[{"href":"https:\/\/www.granapadano.it\/it-it\/wp-json\/wp\/v2\/media?parent=117929"}],"curies":[{"name":"wp","href":"https:\/\/api.w.org\/{rel}","templated":true}]}}