{"id":117884,"date":"2024-04-16T13:57:53","date_gmt":"2024-04-16T13:57:53","guid":{"rendered":"https:\/\/www.granapadano.it\/?page_id=117884"},"modified":"2026-03-19T14:13:18","modified_gmt":"2026-03-19T14:13:18","slug":"come-abbinare-grana-padano-riserva-oltre-24-mesi-con-il-cioccolato","status":"publish","type":"page","link":"https:\/\/www.granapadano.it\/it-it\/ricette\/abbinamenti\/con-quale-cioccolato-abbinare-grana-padano\/come-abbinare-grana-padano-riserva-oltre-24-mesi-con-il-cioccolato\/","title":{"rendered":"Come abbinare Grana Padano &#8220;Riserva&#8221; oltre 24 mesi con il cioccolato"},"content":{"rendered":"<p>[et_pb_section fb_built=&#8221;1&#8243; fullwidth=&#8221;on&#8221; _builder_version=&#8221;4.19.5&#8243; _module_preset=&#8221;default&#8221; hover_enabled=&#8221;0&#8243; global_colors_info=&#8221;{}&#8221; sticky_enabled=&#8221;0&#8243;][et_pb_fullwidth_image src=&#8221;https:\/\/www.granapadano.it\/wp-content\/uploads\/2024\/04\/Grana-Padano-e-Cioccolato-h.jpg&#8221; title_text=&#8221;Grana-Padano-e-Cioccolato-m&#8221; src_tablet=&#8221;https:\/\/www.granapadano.it\/wp-content\/uploads\/2024\/04\/Grana-Padano-e-Cioccolato-h.jpg&#8221; src_phone=&#8221;https:\/\/www.granapadano.it\/wp-content\/uploads\/2024\/04\/Grana-Padano-e-Cioccolato-m.jpg&#8221; src_last_edited=&#8221;on|phone&#8221; _builder_version=&#8221;4.24.3&#8243; _module_preset=&#8221;default&#8221; hover_enabled=&#8221;0&#8243; locked=&#8221;off&#8221; global_colors_info=&#8221;{}&#8221; sticky_enabled=&#8221;0&#8243;][\/et_pb_fullwidth_image][\/et_pb_section][et_pb_section fb_built=&#8221;1&#8243; module_class=&#8221;production_sub_hub_main_wrapper&#8221; _builder_version=&#8221;4.19.4&#8243; _module_preset=&#8221;default&#8221; custom_padding=&#8221;13px||0px|||&#8221; locked=&#8221;off&#8221; global_colors_info=&#8221;{}&#8221;][et_pb_row module_class=&#8221;recipe_filter_section&#8221; _builder_version=&#8221;4.19.2&#8243; _module_preset=&#8221;default&#8221; max_width=&#8221;90%&#8221; custom_padding=&#8221;||7px|||&#8221; global_colors_info=&#8221;{}&#8221;][et_pb_column type=&#8221;4_4&#8243; _builder_version=&#8221;4.19.2&#8243; _module_preset=&#8221;default&#8221; global_colors_info=&#8221;{}&#8221;][et_pb_code _builder_version=&#8221;4.19.2&#8243; _module_preset=&#8221;default&#8221; custom_margin=&#8221;||16px|||&#8221; global_colors_info=&#8221;{}&#8221;]<div class=\"breadcrumb\"><a href=\"https:\/\/www.granapadano.it\/it-it\/\">Home<\/a>  <  <\/div>[\/et_pb_code][\/et_pb_column][\/et_pb_row][\/et_pb_section][et_pb_section fb_built=&#8221;1&#8243; module_class=&#8221;giovani_sub_hub_title&#8221; _builder_version=&#8221;4.19.5&#8243; _module_preset=&#8221;default&#8221; custom_padding=&#8221;0px||35px||false|false&#8221; locked=&#8221;off&#8221; global_colors_info=&#8221;{}&#8221;][et_pb_row module_class=&#8221;gp_producion_heading_wrapper&#8221; _builder_version=&#8221;4.19.5&#8243; _module_preset=&#8221;default&#8221; max_width=&#8221;90%&#8221; module_alignment=&#8221;center&#8221; custom_padding=&#8221;||||false|false&#8221; global_colors_info=&#8221;{}&#8221;][et_pb_column type=&#8221;4_4&#8243; _builder_version=&#8221;4.19.4&#8243; _module_preset=&#8221;default&#8221; global_colors_info=&#8221;{}&#8221;][et_pb_text module_class=&#8221;giovani_sub_hub_title_text&#8221; _builder_version=&#8221;4.20.0&#8243; _module_preset=&#8221;default&#8221; text_font=&#8221;Merriweather|700|||||||&#8221; text_text_color=&#8221;#0f0f0f&#8221; text_font_size=&#8221;80px&#8221; text_line_height=&#8221;70px&#8221; header_font=&#8221;Merriweather||||||||&#8221; header_text_color=&#8221;gcid-8696fd7e-29dd-4028-9d4d-981b208a53a9&#8243; header_font_size=&#8221;44px&#8221; header_line_height=&#8221;52px&#8221; text_orientation=&#8221;center&#8221; min_height=&#8221;83px&#8221; custom_margin=&#8221;||0px||false|false&#8221; custom_padding=&#8221;||0px||false|false&#8221; global_colors_info=&#8221;{%22gcid-8696fd7e-29dd-4028-9d4d-981b208a53a9%22:%91%22header_text_color%22%93}&#8221;]<\/p>\n<h1>Grana Padano DOP &#8220;Riserva&#8221; oltre 24 mesi<\/h1>\n<p>[\/et_pb_text][\/et_pb_column][\/et_pb_row][et_pb_row column_structure=&#8221;1_4,3_4&#8243; module_class=&#8221;article_dates&#8221; _builder_version=&#8221;4.19.4&#8243; _module_preset=&#8221;default&#8221; max_width=&#8221;90%&#8221; custom_padding=&#8221;2px||6px||false|false&#8221; global_colors_info=&#8221;{}&#8221;][et_pb_column type=&#8221;1_4&#8243; _builder_version=&#8221;4.19.3&#8243; _module_preset=&#8221;default&#8221; global_colors_info=&#8221;{}&#8221;][et_pb_text module_class=&#8221;button_look&#8221; _builder_version=&#8221;4.24.3&#8243; _module_preset=&#8221;default&#8221; text_font=&#8221;FontPadano-Bold||||||||&#8221; text_text_color=&#8221;#000000&#8243; text_font_size=&#8221;26px&#8221; background_color=&#8221;RGBA(255,255,255,0)&#8221; locked=&#8221;off&#8221; global_colors_info=&#8221;{}&#8221;]<\/p>\n<p>Cacao<\/p>\n<p>[\/et_pb_text][\/et_pb_column][et_pb_column type=&#8221;3_4&#8243; _builder_version=&#8221;4.19.4&#8243; _module_preset=&#8221;default&#8221; global_colors_info=&#8221;{}&#8221;][\/et_pb_column][\/et_pb_row][et_pb_row column_structure=&#8221;2_5,3_5&#8243; module_class=&#8221;article_sub_img_text_content &#8221; _builder_version=&#8221;4.24.3&#8243; _module_preset=&#8221;default&#8221; max_width=&#8221;90%&#8221; module_alignment=&#8221;center&#8221; min_height=&#8221;791.9px&#8221; custom_margin=&#8221;0px|auto|0px|auto|false|false&#8221; custom_padding=&#8221;0px||40px||false|false&#8221; global_colors_info=&#8221;{}&#8221;][et_pb_column type=&#8221;2_5&#8243; module_class=&#8221;article_sub_img_wrap&#8221; _builder_version=&#8221;4.20.2&#8243; _module_preset=&#8221;default&#8221; global_colors_info=&#8221;{}&#8221;][et_pb_image src=&#8221;https:\/\/www.granapadano.it\/wp-content\/uploads\/2024\/04\/GP-ZENZERO.jpg&#8221; title_text=&#8221;GP-ZENZERO&#8221; align=&#8221;center&#8221; _builder_version=&#8221;4.24.3&#8243; _module_preset=&#8221;default&#8221; positioning=&#8221;relative&#8221; vertical_offset=&#8221;63px&#8221; module_alignment=&#8221;center&#8221; border_radii=&#8221;on|20px|20px|20px|20px&#8221; global_colors_info=&#8221;{}&#8221;][\/et_pb_image][\/et_pb_column][et_pb_column type=&#8221;3_5&#8243; module_class=&#8221;article_sub_text_wrap&#8221; _builder_version=&#8221;4.20.2&#8243; _module_preset=&#8221;default&#8221; global_colors_info=&#8221;{}&#8221;][et_pb_text _builder_version=&#8221;4.24.3&#8243; _module_preset=&#8221;default&#8221; text_text_color=&#8221;#0f0f0f&#8221; text_font_size=&#8221;18px&#8221; text_line_height=&#8221;26px&#8221; width=&#8221;100%&#8221; custom_margin=&#8221;||0px||false|false&#8221; global_colors_info=&#8221;{}&#8221;]<\/p>\n<h3>Grana Padano DOP \u201cRiserva\u201d oltre 24 mesi e Bocconcini di zenzero candito ricoperti di polvere di cacao<\/h3>\n<\/p>\n<p>Candire frutta e fiori \u00e8 un processo complesso e lungo ma di grande utilit\u00e0 perch\u00e9 consente di conservare e mantenere intatte le caratteristiche organolettiche del prodotto per lunghi periodi. Per la realizzazione dei<span>\u00a0<\/span><strong>canditi<\/strong><span>\u00a0<\/span>\u2013 oggi ampiamente impiegati in pasticceria e cioccolateria \u2013 si possono impiegare i frutti interi o la loro scorza (ad esempio la scorza degli agrumi \u00e8 molto diffusa) oppure, come nel nostro caso, pezzetti (\u201cbocconcini\u201d) della radice di<span>\u00a0<\/span><strong>zenzero<\/strong>. \u00c8 essenziale che il processo di lavorazione non alteri la componente aromatica originaria che deve essere ben distinguibile da frutto a frutto e deve comunque saper richiamare il sentore del<span>\u00a0<\/span><strong>frutto fresco<\/strong>.<\/p>\n<p>Il nostro suggerimento consiste nell\u2019abbinare il<span>\u00a0<\/span><strong>Grana Padano DOP \u201cRiserva\u201d oltre 24 mesi<\/strong><span>\u00a0<\/span>con dei bocconcini di zenzero ricoperti di polvere di cacao: questi ultimi offrono una esperienza sensoriale interessante in quanto la struttura del candito \u00e8 accompagnata dal cacao che sciogliendosi avvolge la bocca e contemporaneamente l\u2019aroma tipico dello zenzero incontra l\u2019amaro, appena percettibile, della polvere di cacao.<br \/>\nCrediamo che questo insieme regga la non facile \u201csfida\u201d di abbinarsi con il Grana Padano DOP \u201cRiserva\u201d oltre 24 mesi le cui caratteristiche organolettiche presentano<span>\u00a0<\/span><strong>intensit\u00e0 e complessit\u00e0 elevate<\/strong>; infatti la ricchezza aromatica di questa tipologia di Grana Padano DOP, che rimanda agli aromi di frutta secca, si accompagna perfettamente ai sentori tipici dello zenzero che a loro volta rimandano a quell\u2019accenno di piacevole, delicata piccantezza tipica del Grana Padano DOP \u201cRiserva\u201d oltre 24 mesi.<br \/>\nPer concludere possiamo affermare che si tratta di un abbinamento particolare che, grazie allo zenzero, trasmette \u201cfreschezza\u201d e che \u2013 dopo la deglutizione \u2013 consente di<span>\u00a0<\/span><strong>valorizzare<\/strong><span>\u00a0<\/span>il Grana Padano DOP \u201cRiserva\u201d oltre 24 mesi prolungandone i \u201c<strong>sentori<\/strong>\u201d e la persistenza in bocca.<\/p>\n<p><strong>Curiosit\u00e0<br \/>\n<\/strong><\/p>\n<ul>\n<li>La storia dei \u201c<strong>canditi<\/strong>\u201d inizia oltre mille anni fa: per secoli sono stati considerati esclusivamente un prezioso medicinale e solo lo successivamente in Oriente, in particolare in<span>\u00a0<\/span><strong>Mesopotamia e in Cina<\/strong>, si inizi\u00f2 ad utilizzare la \u201ccanditura\u201d allo scopo di conservare radici e piante. Il nome \u201ccanditi\u201d ha origine dal termine arabo \u201cqandi\u201d che indicava il succo della canna da zucchero. Con il tempo, la frutta candita acquis\u00ec due ruoli distinti: da una parte era l\u2019unico modo di conservare la frutta al lungo e pertanto divenne imprescindibile perch\u00e9 i<span>\u00a0<\/span><strong>marinai<\/strong>, impegnati in lunghe rotte, mantenessero una dieta equilibrata; dall\u2019altra, divenne una prelibatezza, un importante ingrediente della pasticceria ed una pura velleit\u00e0 scenografica per gli<span>\u00a0<\/span><strong>aristocratici<\/strong>, che amavano adornare le proprie tavole con magnifiche composizioni di varie forme di\u00a0frutta candita.<\/li>\n<li><span style=\"font-size: 18px;\">L\u2019introduzione dei canditi nella penisola italiana pass\u00f2 dapprima attraverso la Sicilia \u2013 allora \u201cfeudo arabo\u201d \u2013 che fece da ponte tra Oriente e Occidente; la prima apparizione documentata della frutta candita in Italia risale al periodo barocco quando comparvero, nel 1513, sulle ricche tavole del Campidoglio, dei vassoi di frutta candita siciliana per onorare la visita dei Medici. Purtroppo, per via della complessit\u00e0 del processo di canditura, oggi molte aziende hanno iniziato a produrre i canditi in maniera industriale e ci\u00f2 ha fatto s\u00ec che spesso il gusto originale, la tipicit\u00e0, ma soprattutto la qualit\u00e0 del prodotto candito, si perdesse.<\/span><\/li>\n<\/ul>\n<p>[\/et_pb_text][\/et_pb_column][\/et_pb_row][et_pb_row column_structure=&#8221;2_5,3_5&#8243; module_class=&#8221;article_sub_img_text_content_left&#8221; _builder_version=&#8221;4.24.3&#8243; _module_preset=&#8221;default&#8221; max_width=&#8221;94%&#8221; min_height=&#8221;624.9px&#8221; custom_padding=&#8221;20px||30px||false|false&#8221; border_color_top=&#8221;RGBA(255,255,255,0)&#8221; locked=&#8221;off&#8221; global_colors_info=&#8221;{}&#8221;][et_pb_column type=&#8221;2_5&#8243; module_class=&#8221;article_sub_img_wrap_left&#8221; _builder_version=&#8221;4.20.2&#8243; _module_preset=&#8221;default&#8221; global_colors_info=&#8221;{}&#8221;][et_pb_image src=&#8221;https:\/\/www.granapadano.it\/wp-content\/uploads\/2024\/04\/gp-dark-chocolate.jpg&#8221; title_text=&#8221;gp-dark-chocolate&#8221; align=&#8221;center&#8221; show_bottom_space_tablet=&#8221;on&#8221; show_bottom_space_last_edited=&#8221;off|phone&#8221; _builder_version=&#8221;4.24.3&#8243; _module_preset=&#8221;default&#8221; custom_margin=&#8221;||0px||false|false&#8221; custom_margin_tablet=&#8221;30px||||false|false&#8221; custom_margin_phone=&#8221;30px||||false|false&#8221; custom_margin_last_edited=&#8221;on|desktop&#8221; custom_padding=&#8221;0px||0px||false|false&#8221; border_radii=&#8221;on|20px|20px|20px|20px&#8221; global_colors_info=&#8221;{}&#8221;][\/et_pb_image][\/et_pb_column][et_pb_column type=&#8221;3_5&#8243; module_class=&#8221;article_sub_text_wrap_left&#8221; _builder_version=&#8221;4.20.2&#8243; _module_preset=&#8221;default&#8221; global_colors_info=&#8221;{}&#8221;][et_pb_text _builder_version=&#8221;4.24.3&#8243; _module_preset=&#8221;default&#8221; text_font=&#8221;Merriweather|300|||||||&#8221; text_text_color=&#8221;#0f0f0f&#8221; text_font_size=&#8221;18px&#8221; text_line_height=&#8221;26px&#8221; width=&#8221;97.1%&#8221; custom_margin=&#8221;|||0px|false|false&#8221; global_colors_info=&#8221;{}&#8221;]<\/p>\n<h3>Grana Padano DOP \u201cRiserva\u201d oltre 24 mesi e Cioccolato fondente 90%<\/h3>\n<\/p>\n<p>La tavoletta di<span>\u00a0<\/span><strong>cioccolato al 90%<\/strong><span>\u00a0<\/span>\u00e8 sicuramente destinata a chi ama i sapori decisi e forti, ma non necessariamente amari; va infatti ricordato che la presenza eccessiva di amaricante \u00e8, in realt\u00e0, sinonimo di bassa qualit\u00e0; il sentore di amaro, legato alla maggior percentuale di cacao, deve essere sempre e comunque piacevole e dipende dalla qualit\u00e0 delle fave di cacao e soprattutto alle fasi di lavorazione.<\/p>\n<p>Il<span>\u00a0<\/span><strong>Grana Padano DOP \u201cRiserva\u201d oltre 24 mesi<\/strong><span>\u00a0<\/span>e la tavoletta di cioccolato 90% sono due prodotti che hanno entrambi<span>\u00a0<\/span><strong>grande personalit\u00e0<\/strong>: pi\u00f9 che un incontro si tratta di un \u201ccombattimento sul ring\u201d dove gli avversari alternano le proprie qualit\u00e0 e il proprio carattere, dove si schivano a vicenda ma nessuno dei due domina sull\u2019altro fino ad arrivare a stringersi la mano in un turbine finale di emozioni. In questo abbinamento le<span>\u00a0<\/span><strong>intense componenti aromatiche di entrambi i prodotti si avvicendano<\/strong><span>\u00a0<\/span>in modo stimolante.<\/p>\n<p>Dopo la deglutizione il tannino, apportato dal cacao, svolge un ruolo importante nel \u201cpulire\u201d la bocca preparandola per un ulteriore assaggio che sar\u00e0 capace di offrire certamente \u2013 a chi avr\u00e0 la pazienza di \u201cascoltare\u201d \u2013 sensazioni sempre nuove e sorprendenti.<br \/>\nSicuramente l\u2019abbinamento suggerito rappresenta una<span>\u00a0<\/span><strong>proposta accattivante<\/strong><span>\u00a0<\/span>per chi \u00e8 alla ricerca di<span>\u00a0<\/span><strong>cose nuove, particolari e intriganti<\/strong>.<\/p>\n<p><strong>Curiosit\u00e0<br \/>\n<\/strong><\/p>\n<ul>\n<li>Non \u00e8 raro trovare tra gli ingredienti dei prodotti di bellezza una percentuale di cioccolato fondente. \u00c8 stato infatti scoperto che le sue propriet\u00e0 rendono la<span>\u00a0<\/span><strong>pelle pi\u00f9 morbida<\/strong><span>\u00a0<\/span>ed elastica, allontanando la comparsa delle prime rughe.<\/li>\n<\/ul>\n<p>[\/et_pb_text][\/et_pb_column][\/et_pb_row][\/et_pb_section]<\/p>\n","protected":false},"excerpt":{"rendered":"<p><div class=\"breadcrumb\"><a href=\"https:\/\/www.granapadano.it\/it-it\/\">Home<\/a>  <  <\/div>Grana Padano DOP &#8220;Riserva&#8221; oltre 24 mesiCacaoGrana Padano DOP \u201cRiserva\u201d oltre 24 mesi e Bocconcini di zenzero candito ricoperti di polvere di cacao Candire frutta e fiori \u00e8 un processo complesso e lungo ma di grande utilit\u00e0 perch\u00e9 consente di conservare e mantenere intatte le caratteristiche organolettiche del prodotto per lunghi periodi. Per la realizzazione [&hellip;]<\/p>\n","protected":false},"author":21,"featured_media":0,"parent":117748,"menu_order":328,"comment_status":"closed","ping_status":"closed","template":"","meta":{"_acf_changed":false,"_et_pb_use_builder":"on","_et_pb_old_content":"","_et_gb_content_width":"","footnotes":""},"class_list":["post-117884","page","type-page","status-publish","hentry"],"acf":[],"yoast_head":"<!-- This site is optimized with the Yoast SEO plugin v27.4 - https:\/\/yoast.com\/product\/yoast-seo-wordpress\/ -->\n<title>Come abbinare Grana Padano &quot;Riserva&quot; oltre 24 mesi con il cioccolato - Grana Padano<\/title>\n<meta name=\"robots\" content=\"index, follow, max-snippet:-1, max-image-preview:large, max-video-preview:-1\" \/>\n<link rel=\"canonical\" href=\"https:\/\/www.granapadano.it\/it-it\/ricette\/abbinamenti\/con-quale-cioccolato-abbinare-grana-padano\/come-abbinare-grana-padano-riserva-oltre-24-mesi-con-il-cioccolato\/\" \/>\n<meta property=\"og:locale\" content=\"it_IT\" \/>\n<meta property=\"og:type\" content=\"article\" \/>\n<meta property=\"og:title\" content=\"Come abbinare Grana Padano &quot;Riserva&quot; oltre 24 mesi con il cioccolato - Grana Padano\" \/>\n<meta property=\"og:description\" content=\"Grana Padano DOP &quot;Riserva&quot; oltre 24 mesiCacaoGrana Padano DOP \u201cRiserva\u201d oltre 24 mesi e Bocconcini di zenzero candito ricoperti di polvere di cacao Candire frutta e fiori \u00e8 un processo complesso e lungo ma di grande utilit\u00e0 perch\u00e9 consente di conservare e mantenere intatte le caratteristiche organolettiche del prodotto per lunghi periodi. Per la realizzazione [&hellip;]\" \/>\n<meta property=\"og:url\" content=\"https:\/\/www.granapadano.it\/it-it\/ricette\/abbinamenti\/con-quale-cioccolato-abbinare-grana-padano\/come-abbinare-grana-padano-riserva-oltre-24-mesi-con-il-cioccolato\/\" \/>\n<meta property=\"og:site_name\" content=\"Grana Padano\" \/>\n<meta property=\"article:modified_time\" content=\"2026-03-19T14:13:18+00:00\" \/>\n<meta name=\"twitter:card\" content=\"summary_large_image\" \/>\n<meta name=\"twitter:label1\" content=\"Est. reading time\" \/>\n\t<meta name=\"twitter:data1\" content=\"5 minutes\" \/>\n<script type=\"application\/ld+json\" class=\"yoast-schema-graph\">{\"@context\":\"https:\\\/\\\/schema.org\",\"@graph\":[{\"@type\":\"WebPage\",\"@id\":\"https:\\\/\\\/www.granapadano.it\\\/it-it\\\/ricette\\\/abbinamenti\\\/con-quale-cioccolato-abbinare-grana-padano\\\/come-abbinare-grana-padano-riserva-oltre-24-mesi-con-il-cioccolato\\\/\",\"url\":\"https:\\\/\\\/www.granapadano.it\\\/it-it\\\/ricette\\\/abbinamenti\\\/con-quale-cioccolato-abbinare-grana-padano\\\/come-abbinare-grana-padano-riserva-oltre-24-mesi-con-il-cioccolato\\\/\",\"name\":\"Come abbinare Grana Padano \\\"Riserva\\\" oltre 24 mesi con il cioccolato - Grana Padano\",\"isPartOf\":{\"@id\":\"https:\\\/\\\/www.granapadano.it\\\/it-it\\\/#website\"},\"datePublished\":\"2024-04-16T13:57:53+00:00\",\"dateModified\":\"2026-03-19T14:13:18+00:00\",\"breadcrumb\":{\"@id\":\"https:\\\/\\\/www.granapadano.it\\\/it-it\\\/ricette\\\/abbinamenti\\\/con-quale-cioccolato-abbinare-grana-padano\\\/come-abbinare-grana-padano-riserva-oltre-24-mesi-con-il-cioccolato\\\/#breadcrumb\"},\"inLanguage\":\"it-it\",\"potentialAction\":[{\"@type\":\"ReadAction\",\"target\":[\"https:\\\/\\\/www.granapadano.it\\\/it-it\\\/ricette\\\/abbinamenti\\\/con-quale-cioccolato-abbinare-grana-padano\\\/come-abbinare-grana-padano-riserva-oltre-24-mesi-con-il-cioccolato\\\/\"]}]},{\"@type\":\"BreadcrumbList\",\"@id\":\"https:\\\/\\\/www.granapadano.it\\\/it-it\\\/ricette\\\/abbinamenti\\\/con-quale-cioccolato-abbinare-grana-padano\\\/come-abbinare-grana-padano-riserva-oltre-24-mesi-con-il-cioccolato\\\/#breadcrumb\",\"itemListElement\":[{\"@type\":\"ListItem\",\"position\":1,\"name\":\"Home\",\"item\":\"https:\\\/\\\/www.granapadano.it\\\/it-it\\\/\"},{\"@type\":\"ListItem\",\"position\":2,\"name\":\"Ricette\",\"item\":\"https:\\\/\\\/www.granapadano.it\\\/it-it\\\/ricette\\\/\"},{\"@type\":\"ListItem\",\"position\":3,\"name\":\"Con quale cioccolato abbinare Grana Padano\",\"item\":\"https:\\\/\\\/www.granapadano.it\\\/it-it\\\/ricette\\\/abbinamenti\\\/con-quale-cioccolato-abbinare-grana-padano\\\/\"},{\"@type\":\"ListItem\",\"position\":4,\"name\":\"Come abbinare Grana Padano &#8220;Riserva&#8221; oltre 24 mesi con il cioccolato\"}]},{\"@type\":\"WebSite\",\"@id\":\"https:\\\/\\\/www.granapadano.it\\\/it-it\\\/#website\",\"url\":\"https:\\\/\\\/www.granapadano.it\\\/it-it\\\/\",\"name\":\"Grana Padano\",\"description\":\"\",\"potentialAction\":[{\"@type\":\"SearchAction\",\"target\":{\"@type\":\"EntryPoint\",\"urlTemplate\":\"https:\\\/\\\/www.granapadano.it\\\/it-it\\\/?s={search_term_string}\"},\"query-input\":{\"@type\":\"PropertyValueSpecification\",\"valueRequired\":true,\"valueName\":\"search_term_string\"}}],\"inLanguage\":\"it-it\"}]}<\/script>\n<!-- \/ Yoast SEO plugin. -->","yoast_head_json":{"title":"Come abbinare Grana Padano \"Riserva\" oltre 24 mesi con il cioccolato - Grana Padano","robots":{"index":"index","follow":"follow","max-snippet":"max-snippet:-1","max-image-preview":"max-image-preview:large","max-video-preview":"max-video-preview:-1"},"canonical":"https:\/\/www.granapadano.it\/it-it\/ricette\/abbinamenti\/con-quale-cioccolato-abbinare-grana-padano\/come-abbinare-grana-padano-riserva-oltre-24-mesi-con-il-cioccolato\/","og_locale":"it_IT","og_type":"article","og_title":"Come abbinare Grana Padano \"Riserva\" oltre 24 mesi con il cioccolato - Grana Padano","og_description":"Grana Padano DOP \"Riserva\" oltre 24 mesiCacaoGrana Padano DOP \u201cRiserva\u201d oltre 24 mesi e Bocconcini di zenzero candito ricoperti di polvere di cacao Candire frutta e fiori \u00e8 un processo complesso e lungo ma di grande utilit\u00e0 perch\u00e9 consente di conservare e mantenere intatte le caratteristiche organolettiche del prodotto per lunghi periodi. Per la realizzazione [&hellip;]","og_url":"https:\/\/www.granapadano.it\/it-it\/ricette\/abbinamenti\/con-quale-cioccolato-abbinare-grana-padano\/come-abbinare-grana-padano-riserva-oltre-24-mesi-con-il-cioccolato\/","og_site_name":"Grana Padano","article_modified_time":"2026-03-19T14:13:18+00:00","twitter_card":"summary_large_image","twitter_misc":{"Est. reading time":"5 minutes"},"schema":{"@context":"https:\/\/schema.org","@graph":[{"@type":"WebPage","@id":"https:\/\/www.granapadano.it\/it-it\/ricette\/abbinamenti\/con-quale-cioccolato-abbinare-grana-padano\/come-abbinare-grana-padano-riserva-oltre-24-mesi-con-il-cioccolato\/","url":"https:\/\/www.granapadano.it\/it-it\/ricette\/abbinamenti\/con-quale-cioccolato-abbinare-grana-padano\/come-abbinare-grana-padano-riserva-oltre-24-mesi-con-il-cioccolato\/","name":"Come abbinare Grana Padano \"Riserva\" oltre 24 mesi con il cioccolato - Grana Padano","isPartOf":{"@id":"https:\/\/www.granapadano.it\/it-it\/#website"},"datePublished":"2024-04-16T13:57:53+00:00","dateModified":"2026-03-19T14:13:18+00:00","breadcrumb":{"@id":"https:\/\/www.granapadano.it\/it-it\/ricette\/abbinamenti\/con-quale-cioccolato-abbinare-grana-padano\/come-abbinare-grana-padano-riserva-oltre-24-mesi-con-il-cioccolato\/#breadcrumb"},"inLanguage":"it-it","potentialAction":[{"@type":"ReadAction","target":["https:\/\/www.granapadano.it\/it-it\/ricette\/abbinamenti\/con-quale-cioccolato-abbinare-grana-padano\/come-abbinare-grana-padano-riserva-oltre-24-mesi-con-il-cioccolato\/"]}]},{"@type":"BreadcrumbList","@id":"https:\/\/www.granapadano.it\/it-it\/ricette\/abbinamenti\/con-quale-cioccolato-abbinare-grana-padano\/come-abbinare-grana-padano-riserva-oltre-24-mesi-con-il-cioccolato\/#breadcrumb","itemListElement":[{"@type":"ListItem","position":1,"name":"Home","item":"https:\/\/www.granapadano.it\/it-it\/"},{"@type":"ListItem","position":2,"name":"Ricette","item":"https:\/\/www.granapadano.it\/it-it\/ricette\/"},{"@type":"ListItem","position":3,"name":"Con quale cioccolato abbinare Grana Padano","item":"https:\/\/www.granapadano.it\/it-it\/ricette\/abbinamenti\/con-quale-cioccolato-abbinare-grana-padano\/"},{"@type":"ListItem","position":4,"name":"Come abbinare Grana Padano &#8220;Riserva&#8221; oltre 24 mesi con il cioccolato"}]},{"@type":"WebSite","@id":"https:\/\/www.granapadano.it\/it-it\/#website","url":"https:\/\/www.granapadano.it\/it-it\/","name":"Grana Padano","description":"","potentialAction":[{"@type":"SearchAction","target":{"@type":"EntryPoint","urlTemplate":"https:\/\/www.granapadano.it\/it-it\/?s={search_term_string}"},"query-input":{"@type":"PropertyValueSpecification","valueRequired":true,"valueName":"search_term_string"}}],"inLanguage":"it-it"}]}},"_links":{"self":[{"href":"https:\/\/www.granapadano.it\/it-it\/wp-json\/wp\/v2\/pages\/117884","targetHints":{"allow":["GET"]}}],"collection":[{"href":"https:\/\/www.granapadano.it\/it-it\/wp-json\/wp\/v2\/pages"}],"about":[{"href":"https:\/\/www.granapadano.it\/it-it\/wp-json\/wp\/v2\/types\/page"}],"author":[{"embeddable":true,"href":"https:\/\/www.granapadano.it\/it-it\/wp-json\/wp\/v2\/users\/21"}],"replies":[{"embeddable":true,"href":"https:\/\/www.granapadano.it\/it-it\/wp-json\/wp\/v2\/comments?post=117884"}],"version-history":[{"count":9,"href":"https:\/\/www.granapadano.it\/it-it\/wp-json\/wp\/v2\/pages\/117884\/revisions"}],"predecessor-version":[{"id":118133,"href":"https:\/\/www.granapadano.it\/it-it\/wp-json\/wp\/v2\/pages\/117884\/revisions\/118133"}],"up":[{"embeddable":true,"href":"https:\/\/www.granapadano.it\/it-it\/wp-json\/wp\/v2\/pages\/117748"}],"wp:attachment":[{"href":"https:\/\/www.granapadano.it\/it-it\/wp-json\/wp\/v2\/media?parent=117884"}],"curies":[{"name":"wp","href":"https:\/\/api.w.org\/{rel}","templated":true}]}}