{"id":117822,"date":"2024-04-16T10:27:28","date_gmt":"2024-04-16T10:27:28","guid":{"rendered":"https:\/\/www.granapadano.it\/momenti-di-consumo\/abbinamenti\/con-quali-mieli-abbinare-il-grana-padano\/miele-di-agrumi-copy\/"},"modified":"2026-03-19T14:11:24","modified_gmt":"2026-03-19T14:11:24","slug":"come-abbinare-grana-padano-9-16-mesi-e-il-cioccolato","status":"publish","type":"page","link":"https:\/\/www.granapadano.it\/it-it\/ricette\/abbinamenti\/con-quale-cioccolato-abbinare-grana-padano\/come-abbinare-grana-padano-9-16-mesi-e-il-cioccolato\/","title":{"rendered":"Come abbinare Grana Padano 9-16 mesi e il cioccolato"},"content":{"rendered":"<p>[et_pb_section fb_built=&#8221;1&#8243; fullwidth=&#8221;on&#8221; _builder_version=&#8221;4.19.5&#8243; _module_preset=&#8221;default&#8221; global_colors_info=&#8221;{}&#8221;][et_pb_fullwidth_image src=&#8221;https:\/\/www.granapadano.it\/wp-content\/uploads\/2024\/04\/Grana-Padano-e-Cioccolato-h.jpg&#8221; title_text=&#8221;Grana-Padano-e-Cioccolato-m&#8221; src_tablet=&#8221;https:\/\/www.granapadano.it\/wp-content\/uploads\/2024\/04\/Grana-Padano-e-Cioccolato-h.jpg&#8221; src_phone=&#8221;https:\/\/www.granapadano.it\/wp-content\/uploads\/2024\/04\/Grana-Padano-e-Cioccolato-m.jpg&#8221; src_last_edited=&#8221;on|phone&#8221; _builder_version=&#8221;4.24.3&#8243; _module_preset=&#8221;default&#8221; locked=&#8221;off&#8221; global_colors_info=&#8221;{}&#8221;][\/et_pb_fullwidth_image][\/et_pb_section][et_pb_section fb_built=&#8221;1&#8243; module_class=&#8221;production_sub_hub_main_wrapper&#8221; _builder_version=&#8221;4.19.4&#8243; _module_preset=&#8221;default&#8221; custom_padding=&#8221;13px||0px|||&#8221; locked=&#8221;off&#8221; global_colors_info=&#8221;{}&#8221;][et_pb_row module_class=&#8221;recipe_filter_section&#8221; _builder_version=&#8221;4.19.2&#8243; _module_preset=&#8221;default&#8221; max_width=&#8221;90%&#8221; custom_padding=&#8221;||7px|||&#8221; global_colors_info=&#8221;{}&#8221;][et_pb_column type=&#8221;4_4&#8243; _builder_version=&#8221;4.19.2&#8243; _module_preset=&#8221;default&#8221; global_colors_info=&#8221;{}&#8221;][et_pb_code _builder_version=&#8221;4.19.2&#8243; _module_preset=&#8221;default&#8221; custom_margin=&#8221;||16px|||&#8221; global_colors_info=&#8221;{}&#8221;]<div class=\"breadcrumb\"><a href=\"https:\/\/www.granapadano.it\/it-it\/\">Home<\/a>  <  <\/div>[\/et_pb_code][\/et_pb_column][\/et_pb_row][\/et_pb_section][et_pb_section fb_built=&#8221;1&#8243; module_class=&#8221;giovani_sub_hub_title&#8221; _builder_version=&#8221;4.19.5&#8243; _module_preset=&#8221;default&#8221; custom_padding=&#8221;0px||35px||false|false&#8221; locked=&#8221;off&#8221; global_colors_info=&#8221;{}&#8221;][et_pb_row module_class=&#8221;gp_producion_heading_wrapper&#8221; _builder_version=&#8221;4.19.5&#8243; _module_preset=&#8221;default&#8221; max_width=&#8221;90%&#8221; module_alignment=&#8221;center&#8221; custom_padding=&#8221;||||false|false&#8221; global_colors_info=&#8221;{}&#8221;][et_pb_column type=&#8221;4_4&#8243; _builder_version=&#8221;4.19.4&#8243; _module_preset=&#8221;default&#8221; global_colors_info=&#8221;{}&#8221;][et_pb_text module_class=&#8221;giovani_sub_hub_title_text&#8221; _builder_version=&#8221;4.24.3&#8243; _module_preset=&#8221;default&#8221; text_font=&#8221;Merriweather|700|||||||&#8221; text_text_color=&#8221;#0f0f0f&#8221; text_font_size=&#8221;80px&#8221; text_line_height=&#8221;70px&#8221; header_font=&#8221;Merriweather||||||||&#8221; header_text_color=&#8221;gcid-8696fd7e-29dd-4028-9d4d-981b208a53a9&#8243; header_font_size=&#8221;44px&#8221; header_line_height=&#8221;52px&#8221; text_orientation=&#8221;center&#8221; min_height=&#8221;83px&#8221; custom_margin=&#8221;||0px||false|false&#8221; custom_padding=&#8221;||0px||false|false&#8221; global_colors_info=&#8221;{%22gcid-8696fd7e-29dd-4028-9d4d-981b208a53a9%22:%91%22header_text_color%22%93}&#8221;]<\/p>\n<h1>Grana Padano DOP 9-16 mesi<\/h1>\n<p>[\/et_pb_text][\/et_pb_column][\/et_pb_row][et_pb_row column_structure=&#8221;1_4,3_4&#8243; module_class=&#8221;article_dates&#8221; _builder_version=&#8221;4.19.4&#8243; _module_preset=&#8221;default&#8221; max_width=&#8221;90%&#8221; custom_padding=&#8221;2px||6px||false|false&#8221; global_colors_info=&#8221;{}&#8221;][et_pb_column type=&#8221;1_4&#8243; _builder_version=&#8221;4.19.3&#8243; _module_preset=&#8221;default&#8221; global_colors_info=&#8221;{}&#8221;][et_pb_text module_class=&#8221;button_look&#8221; _builder_version=&#8221;4.24.3&#8243; _module_preset=&#8221;default&#8221; text_font=&#8221;FontPadano-Bold||||||||&#8221; text_text_color=&#8221;#000000&#8243; text_font_size=&#8221;26px&#8221; background_color=&#8221;RGBA(255,255,255,0)&#8221; locked=&#8221;off&#8221; global_colors_info=&#8221;{}&#8221;]<\/p>\n<p>Cacao<\/p>\n<p>[\/et_pb_text][\/et_pb_column][et_pb_column type=&#8221;3_4&#8243; _builder_version=&#8221;4.19.4&#8243; _module_preset=&#8221;default&#8221; global_colors_info=&#8221;{}&#8221;][\/et_pb_column][\/et_pb_row][et_pb_row column_structure=&#8221;2_5,3_5&#8243; module_class=&#8221;article_sub_img_text_content &#8221; _builder_version=&#8221;4.24.3&#8243; _module_preset=&#8221;default&#8221; max_width=&#8221;90%&#8221; module_alignment=&#8221;center&#8221; min_height=&#8221;817.9px&#8221; custom_margin=&#8221;0px||0px||false|false&#8221; custom_padding=&#8221;0px||1px||false|false&#8221; global_colors_info=&#8221;{}&#8221;][et_pb_column type=&#8221;2_5&#8243; module_class=&#8221;article_sub_img_wrap&#8221; _builder_version=&#8221;4.20.2&#8243; _module_preset=&#8221;default&#8221; global_colors_info=&#8221;{}&#8221;][et_pb_image src=&#8221;https:\/\/www.granapadano.it\/wp-content\/uploads\/2024\/04\/GP_CIOCCOLATO-BIANCO-9-16.jpg&#8221; title_text=&#8221;GP_CIOCCOLATO-BIANCO-9-16&#8243; align=&#8221;center&#8221; _builder_version=&#8221;4.24.3&#8243; _module_preset=&#8221;default&#8221; positioning=&#8221;relative&#8221; vertical_offset=&#8221;63px&#8221; module_alignment=&#8221;center&#8221; border_radii=&#8221;on|20px|20px|20px|20px&#8221; global_colors_info=&#8221;{}&#8221;][\/et_pb_image][\/et_pb_column][et_pb_column type=&#8221;3_5&#8243; module_class=&#8221;article_sub_text_wrap&#8221; _builder_version=&#8221;4.20.2&#8243; _module_preset=&#8221;default&#8221; global_colors_info=&#8221;{}&#8221;][et_pb_text _builder_version=&#8221;4.24.3&#8243; _module_preset=&#8221;default&#8221; text_text_color=&#8221;#0f0f0f&#8221; text_font_size=&#8221;18px&#8221; text_line_height=&#8221;26px&#8221; width=&#8221;100%&#8221; custom_margin=&#8221;||0px||false|false&#8221; global_colors_info=&#8221;{}&#8221;]<\/p>\n<h3><strong>Grana Padano DOP 9-16 mesi e Cioccolato bianco con cristalli di liquirizia (e micro cristalli di sale)<\/strong><\/h3>\n<p>Il cioccolato bianco si ottiene dall\u2019unione di tre semplici ingredienti: burro di cacao non inferiore al 20%, zucchero e latte per almeno il 14%.<\/p>\n<p>Il cioccolato suggerito presenta un <strong>odore delicato di latte e burro<\/strong> con una leggera sfumatura di <strong>liquirizia<\/strong>. Dal punto di vista aromatico e gustativo si percepisce un delicato sentore di crema di latte ed una dolcezza non invasiva che si amalgama perfettamente con l\u2019aroma quasi impercettibile della liquirizia; quest\u2019ultima ritorna al naso e in bocca come nota gusto-olfattiva con la deglutizione.<\/p>\n<p>Nel provare questo abbinamento il consiglio \u00e8 di assaggiare prima il cioccolato facendolo sciogliere delicatamente in bocca liberando cos\u00ec gli aromi di crema di latte e burro per poi masticare una scaglia di Grana Padano DOP 9-16 mesi che grazie alla tipica dolcezza che lo caratterizza si accompagna in modo armonico al cioccolato bianco.<br \/>Durante l\u2019assaggio si pu\u00f2 apprezzare la <strong>croccantezza e l\u2019aroma dei cristalli di liquirizia<\/strong> che spiccano e sorprendono donando \u201cbrio\u201d all\u2019insieme; inoltre gli aromi in bocca sono esaltati dai <strong>piccolissimi cristalli di sale<\/strong> la cui struttura richiama quella del <strong>Grana Padano DOP 9-16 mesi<\/strong> che, pur essendo una tipologia ancora giovane, \u00e8 gi\u00e0 caratterizzato da una certa granulosit\u00e0.<br \/>L\u2019abbinamento suggerito potrebbe apparire una sfida impossibile ma svela come il Grana Padano DOP di questa tipologia possa in realt\u00e0 entrare in simbiosi con il cioccolato bianco, creando un\u2019armonia di sentori delicati che variano dalle note di latte cotto, alla panna sino al burro leggermente fuso.<\/p>\n<p><strong>Curiosit\u00e0<br \/><\/strong><\/p>\n<ul>\n<li>La storia del\u00a0<strong>cioccolato bianco<\/strong>\u00a0inizia negli\u00a0<strong>anni \u201830 in Svizzera<\/strong>\u00a0subito dopo la Prima Guerra Mondiale. In quel periodo sorse il problema di smaltire il burro di cacao in eccesso frutto della lavorazione del cacao. Si ebbe pertanto l\u2019idea di mescolare al burro di cacao il latte in polvere e lo zucchero, \u201cinventando\u201d cos\u00ec quella che \u00e8 oggi la ricetta base del cioccolato bianco, la cui prima tavoletta venne messa in commercio nel 1967 (col nome di \u201cAlpin chocolate bar\u201d).<\/li>\n<li>La \u201c<strong>liquirizia<\/strong>\u201d, \u00e8 un ingrediente insolito, e pu\u00f2 essere considerato\u00a0<strong>l\u2019anima della costa ionica calabrese<\/strong>. La pianta, originaria dell\u2019area mediterranea, cresce spontanea lungo il litorale calabrese dove si concentra l\u201980% della produzione nazionale e dove acquista sapore e caratteristiche tutte particolari. Esistono diverse variet\u00e0 di liquirizia ma la pi\u00f9 apprezzata \u00e8 la \u201cglabra\u201d. Il riconoscimento \u201cLiquirizia di Calabria DOP\u201d \u00e8 arrivato nel 2011 ed \u00e8 riservato esclusivamente alla liquirizia fresca, disidratata e al suo estratto.<\/li>\n<\/ul>\n<p>[\/et_pb_text][\/et_pb_column][\/et_pb_row][et_pb_row column_structure=&#8221;2_5,3_5&#8243; module_class=&#8221;article_sub_img_text_content_left&#8221; _builder_version=&#8221;4.24.3&#8243; _module_preset=&#8221;default&#8221; max_width=&#8221;94%&#8221; custom_padding=&#8221;20px||30px||false|false&#8221; border_color_top=&#8221;RGBA(255,255,255,0)&#8221; locked=&#8221;off&#8221; global_colors_info=&#8221;{}&#8221;][et_pb_column type=&#8221;2_5&#8243; module_class=&#8221;article_sub_img_wrap_left&#8221; _builder_version=&#8221;4.20.2&#8243; _module_preset=&#8221;default&#8221; global_colors_info=&#8221;{}&#8221;][et_pb_image src=&#8221;https:\/\/www.granapadano.it\/wp-content\/uploads\/2024\/04\/GP_Cioccolato-menta-9-16.jpg&#8221; title_text=&#8221;GP_Cioccolato-menta-9-16&#8243; align=&#8221;center&#8221; show_bottom_space_tablet=&#8221;on&#8221; show_bottom_space_last_edited=&#8221;off|phone&#8221; _builder_version=&#8221;4.24.3&#8243; _module_preset=&#8221;default&#8221; custom_margin=&#8221;||0px||false|false&#8221; custom_margin_tablet=&#8221;30px||||false|false&#8221; custom_margin_phone=&#8221;30px||||false|false&#8221; custom_margin_last_edited=&#8221;on|desktop&#8221; custom_padding=&#8221;0px||0px||false|false&#8221; border_radii=&#8221;on|20px|20px|20px|20px&#8221; global_colors_info=&#8221;{}&#8221;][\/et_pb_image][\/et_pb_column][et_pb_column type=&#8221;3_5&#8243; module_class=&#8221;article_sub_text_wrap_left&#8221; _builder_version=&#8221;4.20.2&#8243; _module_preset=&#8221;default&#8221; global_colors_info=&#8221;{}&#8221;][et_pb_text _builder_version=&#8221;4.24.3&#8243; _module_preset=&#8221;default&#8221; text_font=&#8221;Merriweather|300|||||||&#8221; text_text_color=&#8221;#0f0f0f&#8221; text_font_size=&#8221;18px&#8221; text_line_height=&#8221;26px&#8221; width=&#8221;97.1%&#8221; custom_margin=&#8221;|||0px|false|false&#8221; global_colors_info=&#8221;{}&#8221;]<\/p>\n<h3><strong> Grana Padano DOP 9-16 mesi e Cioccolato fondente con ripieno di crema alla menta <\/strong><\/h3>\n<\/p>\n<p>Nero, amaro o fondente, sono tutti sinonimi per indicare un cioccolato che contiene una quantit\u00e0 di cacao <strong>almeno del 45%<\/strong>; se sulla confezione viene riportato la dicitura \u201cextra fondente\u201d o \u201cdark\u201d la percentuale cresce sicuramente sino al 70% e oltre, fino ad arrivare al 100%.<br \/>\nQuindi, al fine di soddisfare le proprie esigenze, quale cioccolato scegliere?<\/p>\n<p>Ovviamente, in primo luogo, il consumatore deve preferire un cioccolato di qualit\u00e0, ma la scelta finale dipende dal gusto personale: qualora una percentuale di cacao elevata possa risultare un po\u2019 troppo amara al palato, consigliamo di partire da una percentuale di cacao minima e magari orientarsi verso un cioccolato con un ingrediente \u201cinsolito\u201d capace di ammorbidire la nota amara.<\/p>\n<p>Proponiamo allora un freschissimo <strong>ripieno a base di menta<\/strong> avvolto in un croccante e finissimo strato di cioccolato fondente che porta sicuramente una \u201cventata\u201d di <strong>briosit\u00e0<\/strong> in bocca; al morso si sprigiona la morbidezza della ganache di menta capace di amalgamarsi al rivestimento sottile di cioccolato che, sgretolandosi delicatamente, crea un tutt\u2019uno di aromi nuovi lasciando in bocca una sensazione rinfrescante di menta piperita.Nel provare questo abbinamento il consiglio \u00e8 di assaggiare prima il cioccolato, mordendo un quadratino della tavoletta (detto \u201cscacco\u201d) per far uscire il ripieno e successivamente la scaglia di Grana Padano DOP: in questo modo si crea un binomio di sensazioni tra il cacao, molto delicato, per la sottigliezza del rivestimento, e la crema alla menta, che non risulta mai invadente, capace di esaltare le caratteristiche del <strong>Grana Padano DOP 9-16 mesi<\/strong>.<\/p>\n<p>Inoltre, la struttura iniziale del cioccolato, sostenuta dalla morbidezza del ripieno, avvolge e accompagna gradatamente il formaggio, i cui sentori di latte e burro fuso emergono lentamente, accompagnati, sul finale, dalle note vegetali che possono caratterizzare questa tipologia di Grana Padano DOP di breve stagionatura.[\/et_pb_text][\/et_pb_column][\/et_pb_row][et_pb_row _builder_version=&#8221;4.24.3&#8243; _module_preset=&#8221;default&#8221; max_width=&#8221;90%&#8221; module_alignment=&#8221;center&#8221; custom_margin=&#8221;0px||||false|false&#8221; custom_padding=&#8221;0px||0px||false|false&#8221; border_color_bottom=&#8221;RGBA(255,255,255,0)&#8221; locked=&#8221;off&#8221; global_colors_info=&#8221;{}&#8221;][et_pb_column type=&#8221;4_4&#8243; _builder_version=&#8221;4.19.5&#8243; _module_preset=&#8221;default&#8221; global_colors_info=&#8221;{}&#8221;][et_pb_text _builder_version=&#8221;4.24.3&#8243; _module_preset=&#8221;default&#8221; text_text_color=&#8221;#0f0f0f&#8221; text_font_size=&#8221;18px&#8221; text_line_height=&#8221;26px&#8221; width=&#8221;100%&#8221; custom_padding=&#8221;|33px||||&#8221; global_colors_info=&#8221;{}&#8221;]<strong>Curiosit\u00e0<\/strong><\/p>\n<ul>\n<li>La \u201c<strong>mentha piperita<\/strong>\u201d \u00e8 una piantina erbacea diffusa nelle regioni temperate, si trova sia in pianura che in montagna,<span>\u00a0<\/span><strong>vicino a corsi di fiumi o in zone umide<\/strong>. Si tratta di una pianta<span>\u00a0<\/span><strong>conosciuta sin dall\u2019antichit\u00e0<\/strong><span>\u00a0<\/span>nota per le sue propriet\u00e0 medicinali: in passato veniva infatti usata come rilassante a livello muscolare.<\/li>\n<li>Il principio attivo estratto \u00e8 denominato \u201c<strong>mentolo<\/strong>\u201d.<\/li>\n<\/ul>\n<p>&nbsp;<\/p>\n<p>&nbsp;[\/et_pb_text][\/et_pb_column][\/et_pb_row][\/et_pb_section]<\/p>\n","protected":false},"excerpt":{"rendered":"<p><div class=\"breadcrumb\"><a href=\"https:\/\/www.granapadano.it\/it-it\/\">Home<\/a>  <  <\/div>Grana Padano DOP 9-16 mesiCacaoGrana Padano DOP 9-16 mesi e Cioccolato bianco con cristalli di liquirizia (e micro cristalli di sale) Il cioccolato bianco si ottiene dall\u2019unione di tre semplici ingredienti: burro di cacao non inferiore al 20%, zucchero e latte per almeno il 14%. Il cioccolato suggerito presenta un odore delicato di latte e [&hellip;]<\/p>\n","protected":false},"author":21,"featured_media":0,"parent":117748,"menu_order":303,"comment_status":"closed","ping_status":"closed","template":"","meta":{"_acf_changed":false,"_et_pb_use_builder":"on","_et_pb_old_content":"","_et_gb_content_width":"","footnotes":""},"class_list":["post-117822","page","type-page","status-publish","hentry"],"acf":[],"yoast_head":"<!-- This site is optimized with the Yoast SEO plugin v27.4 - https:\/\/yoast.com\/product\/yoast-seo-wordpress\/ -->\n<title>Come abbinare Grana Padano 9-16 mesi e il cioccolato - Grana Padano<\/title>\n<meta name=\"robots\" content=\"index, follow, max-snippet:-1, max-image-preview:large, max-video-preview:-1\" \/>\n<link rel=\"canonical\" href=\"https:\/\/www.granapadano.it\/it-it\/ricette\/abbinamenti\/con-quale-cioccolato-abbinare-grana-padano\/come-abbinare-grana-padano-9-16-mesi-e-il-cioccolato\/\" \/>\n<meta property=\"og:locale\" content=\"it_IT\" \/>\n<meta property=\"og:type\" content=\"article\" \/>\n<meta property=\"og:title\" content=\"Come abbinare Grana Padano 9-16 mesi e il cioccolato - Grana Padano\" \/>\n<meta property=\"og:description\" content=\"Grana Padano DOP 9-16 mesiCacaoGrana Padano DOP 9-16 mesi e Cioccolato bianco con cristalli di liquirizia (e micro cristalli di sale) Il cioccolato bianco si ottiene dall\u2019unione di tre semplici ingredienti: burro di cacao non inferiore al 20%, zucchero e latte per almeno il 14%. Il cioccolato suggerito presenta un odore delicato di latte e [&hellip;]\" \/>\n<meta property=\"og:url\" content=\"https:\/\/www.granapadano.it\/it-it\/ricette\/abbinamenti\/con-quale-cioccolato-abbinare-grana-padano\/come-abbinare-grana-padano-9-16-mesi-e-il-cioccolato\/\" \/>\n<meta property=\"og:site_name\" content=\"Grana Padano\" \/>\n<meta property=\"article:modified_time\" content=\"2026-03-19T14:11:24+00:00\" \/>\n<meta name=\"twitter:card\" content=\"summary_large_image\" \/>\n<meta name=\"twitter:label1\" content=\"Est. reading time\" \/>\n\t<meta name=\"twitter:data1\" content=\"5 minutes\" \/>\n<script type=\"application\/ld+json\" class=\"yoast-schema-graph\">{\"@context\":\"https:\\\/\\\/schema.org\",\"@graph\":[{\"@type\":\"WebPage\",\"@id\":\"https:\\\/\\\/www.granapadano.it\\\/it-it\\\/ricette\\\/abbinamenti\\\/con-quale-cioccolato-abbinare-grana-padano\\\/come-abbinare-grana-padano-9-16-mesi-e-il-cioccolato\\\/\",\"url\":\"https:\\\/\\\/www.granapadano.it\\\/it-it\\\/ricette\\\/abbinamenti\\\/con-quale-cioccolato-abbinare-grana-padano\\\/come-abbinare-grana-padano-9-16-mesi-e-il-cioccolato\\\/\",\"name\":\"Come abbinare Grana Padano 9-16 mesi e il cioccolato - Grana Padano\",\"isPartOf\":{\"@id\":\"https:\\\/\\\/www.granapadano.it\\\/it-it\\\/#website\"},\"datePublished\":\"2024-04-16T10:27:28+00:00\",\"dateModified\":\"2026-03-19T14:11:24+00:00\",\"breadcrumb\":{\"@id\":\"https:\\\/\\\/www.granapadano.it\\\/it-it\\\/ricette\\\/abbinamenti\\\/con-quale-cioccolato-abbinare-grana-padano\\\/come-abbinare-grana-padano-9-16-mesi-e-il-cioccolato\\\/#breadcrumb\"},\"inLanguage\":\"it-it\",\"potentialAction\":[{\"@type\":\"ReadAction\",\"target\":[\"https:\\\/\\\/www.granapadano.it\\\/it-it\\\/ricette\\\/abbinamenti\\\/con-quale-cioccolato-abbinare-grana-padano\\\/come-abbinare-grana-padano-9-16-mesi-e-il-cioccolato\\\/\"]}]},{\"@type\":\"BreadcrumbList\",\"@id\":\"https:\\\/\\\/www.granapadano.it\\\/it-it\\\/ricette\\\/abbinamenti\\\/con-quale-cioccolato-abbinare-grana-padano\\\/come-abbinare-grana-padano-9-16-mesi-e-il-cioccolato\\\/#breadcrumb\",\"itemListElement\":[{\"@type\":\"ListItem\",\"position\":1,\"name\":\"Home\",\"item\":\"https:\\\/\\\/www.granapadano.it\\\/it-it\\\/\"},{\"@type\":\"ListItem\",\"position\":2,\"name\":\"Ricette\",\"item\":\"https:\\\/\\\/www.granapadano.it\\\/it-it\\\/ricette\\\/\"},{\"@type\":\"ListItem\",\"position\":3,\"name\":\"Con quale cioccolato abbinare Grana Padano\",\"item\":\"https:\\\/\\\/www.granapadano.it\\\/it-it\\\/ricette\\\/abbinamenti\\\/con-quale-cioccolato-abbinare-grana-padano\\\/\"},{\"@type\":\"ListItem\",\"position\":4,\"name\":\"Come abbinare Grana Padano 9-16 mesi e il cioccolato\"}]},{\"@type\":\"WebSite\",\"@id\":\"https:\\\/\\\/www.granapadano.it\\\/it-it\\\/#website\",\"url\":\"https:\\\/\\\/www.granapadano.it\\\/it-it\\\/\",\"name\":\"Grana Padano\",\"description\":\"\",\"potentialAction\":[{\"@type\":\"SearchAction\",\"target\":{\"@type\":\"EntryPoint\",\"urlTemplate\":\"https:\\\/\\\/www.granapadano.it\\\/it-it\\\/?s={search_term_string}\"},\"query-input\":{\"@type\":\"PropertyValueSpecification\",\"valueRequired\":true,\"valueName\":\"search_term_string\"}}],\"inLanguage\":\"it-it\"}]}<\/script>\n<!-- \/ Yoast SEO plugin. -->","yoast_head_json":{"title":"Come abbinare Grana Padano 9-16 mesi e il cioccolato - Grana Padano","robots":{"index":"index","follow":"follow","max-snippet":"max-snippet:-1","max-image-preview":"max-image-preview:large","max-video-preview":"max-video-preview:-1"},"canonical":"https:\/\/www.granapadano.it\/it-it\/ricette\/abbinamenti\/con-quale-cioccolato-abbinare-grana-padano\/come-abbinare-grana-padano-9-16-mesi-e-il-cioccolato\/","og_locale":"it_IT","og_type":"article","og_title":"Come abbinare Grana Padano 9-16 mesi e il cioccolato - Grana Padano","og_description":"Grana Padano DOP 9-16 mesiCacaoGrana Padano DOP 9-16 mesi e Cioccolato bianco con cristalli di liquirizia (e micro cristalli di sale) Il cioccolato bianco si ottiene dall\u2019unione di tre semplici ingredienti: burro di cacao non inferiore al 20%, zucchero e latte per almeno il 14%. Il cioccolato suggerito presenta un odore delicato di latte e [&hellip;]","og_url":"https:\/\/www.granapadano.it\/it-it\/ricette\/abbinamenti\/con-quale-cioccolato-abbinare-grana-padano\/come-abbinare-grana-padano-9-16-mesi-e-il-cioccolato\/","og_site_name":"Grana Padano","article_modified_time":"2026-03-19T14:11:24+00:00","twitter_card":"summary_large_image","twitter_misc":{"Est. reading time":"5 minutes"},"schema":{"@context":"https:\/\/schema.org","@graph":[{"@type":"WebPage","@id":"https:\/\/www.granapadano.it\/it-it\/ricette\/abbinamenti\/con-quale-cioccolato-abbinare-grana-padano\/come-abbinare-grana-padano-9-16-mesi-e-il-cioccolato\/","url":"https:\/\/www.granapadano.it\/it-it\/ricette\/abbinamenti\/con-quale-cioccolato-abbinare-grana-padano\/come-abbinare-grana-padano-9-16-mesi-e-il-cioccolato\/","name":"Come abbinare Grana Padano 9-16 mesi e il cioccolato - Grana Padano","isPartOf":{"@id":"https:\/\/www.granapadano.it\/it-it\/#website"},"datePublished":"2024-04-16T10:27:28+00:00","dateModified":"2026-03-19T14:11:24+00:00","breadcrumb":{"@id":"https:\/\/www.granapadano.it\/it-it\/ricette\/abbinamenti\/con-quale-cioccolato-abbinare-grana-padano\/come-abbinare-grana-padano-9-16-mesi-e-il-cioccolato\/#breadcrumb"},"inLanguage":"it-it","potentialAction":[{"@type":"ReadAction","target":["https:\/\/www.granapadano.it\/it-it\/ricette\/abbinamenti\/con-quale-cioccolato-abbinare-grana-padano\/come-abbinare-grana-padano-9-16-mesi-e-il-cioccolato\/"]}]},{"@type":"BreadcrumbList","@id":"https:\/\/www.granapadano.it\/it-it\/ricette\/abbinamenti\/con-quale-cioccolato-abbinare-grana-padano\/come-abbinare-grana-padano-9-16-mesi-e-il-cioccolato\/#breadcrumb","itemListElement":[{"@type":"ListItem","position":1,"name":"Home","item":"https:\/\/www.granapadano.it\/it-it\/"},{"@type":"ListItem","position":2,"name":"Ricette","item":"https:\/\/www.granapadano.it\/it-it\/ricette\/"},{"@type":"ListItem","position":3,"name":"Con quale cioccolato abbinare Grana Padano","item":"https:\/\/www.granapadano.it\/it-it\/ricette\/abbinamenti\/con-quale-cioccolato-abbinare-grana-padano\/"},{"@type":"ListItem","position":4,"name":"Come abbinare Grana Padano 9-16 mesi e il cioccolato"}]},{"@type":"WebSite","@id":"https:\/\/www.granapadano.it\/it-it\/#website","url":"https:\/\/www.granapadano.it\/it-it\/","name":"Grana Padano","description":"","potentialAction":[{"@type":"SearchAction","target":{"@type":"EntryPoint","urlTemplate":"https:\/\/www.granapadano.it\/it-it\/?s={search_term_string}"},"query-input":{"@type":"PropertyValueSpecification","valueRequired":true,"valueName":"search_term_string"}}],"inLanguage":"it-it"}]}},"_links":{"self":[{"href":"https:\/\/www.granapadano.it\/it-it\/wp-json\/wp\/v2\/pages\/117822","targetHints":{"allow":["GET"]}}],"collection":[{"href":"https:\/\/www.granapadano.it\/it-it\/wp-json\/wp\/v2\/pages"}],"about":[{"href":"https:\/\/www.granapadano.it\/it-it\/wp-json\/wp\/v2\/types\/page"}],"author":[{"embeddable":true,"href":"https:\/\/www.granapadano.it\/it-it\/wp-json\/wp\/v2\/users\/21"}],"replies":[{"embeddable":true,"href":"https:\/\/www.granapadano.it\/it-it\/wp-json\/wp\/v2\/comments?post=117822"}],"version-history":[{"count":20,"href":"https:\/\/www.granapadano.it\/it-it\/wp-json\/wp\/v2\/pages\/117822\/revisions"}],"predecessor-version":[{"id":119285,"href":"https:\/\/www.granapadano.it\/it-it\/wp-json\/wp\/v2\/pages\/117822\/revisions\/119285"}],"up":[{"embeddable":true,"href":"https:\/\/www.granapadano.it\/it-it\/wp-json\/wp\/v2\/pages\/117748"}],"wp:attachment":[{"href":"https:\/\/www.granapadano.it\/it-it\/wp-json\/wp\/v2\/media?parent=117822"}],"curies":[{"name":"wp","href":"https:\/\/api.w.org\/{rel}","templated":true}]}}