{"id":111227,"date":"2023-11-29T10:53:39","date_gmt":"2023-11-29T10:53:39","guid":{"rendered":"https:\/\/www.granapadano.it\/momenti-di-consumo\/ingredienti\/zucchina-trombetta-copy\/"},"modified":"2024-02-06T14:55:35","modified_gmt":"2024-02-06T14:55:35","slug":"capperi-di-pantelleria-igp","status":"publish","type":"page","link":"https:\/\/www.granapadano.it\/it-it\/ricette\/ingredienti\/capperi-di-pantelleria-igp\/","title":{"rendered":"Capperi di Pantelleria IGP"},"content":{"rendered":"<p>[et_pb_section fb_built=&#8221;1&#8243; fullwidth=&#8221;on&#8221; disabled_on=&#8221;on|on|on&#8221; admin_label=&#8221;Header&#8221; _builder_version=&#8221;4.21.0&#8243; _module_preset=&#8221;default&#8221; disabled=&#8221;on&#8221; locked=&#8221;off&#8221; global_colors_info=&#8221;{}&#8221;][et_pb_fullwidth_image src=&#8221;https:\/\/www.granapadano.it\/wp-content\/uploads\/2023\/05\/MI-cortina-h.jpg&#8221; title_text=&#8221;MI-cortina-h&#8221; src_tablet=&#8221;https:\/\/www.granapadano.it\/wp-content\/uploads\/2023\/05\/MI-cortina-h.jpg&#8221; src_phone=&#8221;https:\/\/www.granapadano.it\/wp-content\/uploads\/2023\/05\/mico-m.jpg&#8221; src_last_edited=&#8221;on|phone&#8221; _builder_version=&#8221;4.21.0&#8243; _module_preset=&#8221;default&#8221; global_colors_info=&#8221;{}&#8221;][\/et_pb_fullwidth_image][\/et_pb_section][et_pb_section fb_built=&#8221;1&#8243; module_class=&#8221;production_sub_hub_main_wrapper&#8221; _builder_version=&#8221;4.19.4&#8243; _module_preset=&#8221;default&#8221; custom_padding=&#8221;13px||0px|||&#8221; locked=&#8221;off&#8221; global_colors_info=&#8221;{}&#8221;][et_pb_row module_class=&#8221;recipe_filter_section&#8221; _builder_version=&#8221;4.21.0&#8243; _module_preset=&#8221;default&#8221; background_color=&#8221;RGBA(255,255,255,0)&#8221; max_width=&#8221;90%&#8221; custom_padding=&#8221;40px||7px|||&#8221; global_colors_info=&#8221;{}&#8221;][et_pb_column type=&#8221;4_4&#8243; _builder_version=&#8221;4.19.2&#8243; _module_preset=&#8221;default&#8221; global_colors_info=&#8221;{}&#8221;][et_pb_code _builder_version=&#8221;4.19.2&#8243; _module_preset=&#8221;default&#8221; custom_margin=&#8221;||16px|||&#8221; global_colors_info=&#8221;{}&#8221;]<div class=\"breadcrumb\"><a href=\"https:\/\/www.granapadano.it\/it-it\/\">Home<\/a>  <  <\/div>[\/et_pb_code][\/et_pb_column][\/et_pb_row][\/et_pb_section][et_pb_section fb_built=&#8221;1&#8243; module_class=&#8221;gp_nostro_sec&#8221; _builder_version=&#8221;4.23.1&#8243; _module_preset=&#8221;default&#8221; background_enable_image=&#8221;off&#8221; background_position=&#8221;bottom_center&#8221; custom_margin=&#8221;0px||||false|false&#8221; custom_padding=&#8221;1px||60px||false|false&#8221; background_color_tablet=&#8221;#FFFFFF&#8221; background_last_edited=&#8221;on|tablet&#8221; background_enable_color_tablet=&#8221;on&#8221; background_enable_image_tablet=&#8221;off&#8221; locked=&#8221;off&#8221; global_colors_info=&#8221;{}&#8221;][et_pb_row _builder_version=&#8221;4.23.1&#8243; _module_preset=&#8221;default&#8221; custom_padding=&#8221;1px||2px|||&#8221; global_colors_info=&#8221;{}&#8221;][et_pb_column type=&#8221;4_4&#8243; _builder_version=&#8221;4.23.1&#8243; _module_preset=&#8221;default&#8221; global_colors_info=&#8221;{}&#8221;][et_pb_text _builder_version=&#8221;4.23.1&#8243; _module_preset=&#8221;default&#8221; text_font=&#8221;|700|||||||&#8221; text_font_size=&#8221;60px&#8221; text_line_height=&#8221;60em&#8221; header_font_size=&#8221;38px&#8221; header_3_font=&#8221;|700|||||||&#8221; header_3_text_align=&#8221;center&#8221; header_3_text_color=&#8221;#000000&#8243; header_3_font_size=&#8221;60px&#8221; header_3_line_height=&#8221;60px&#8221; custom_margin=&#8221;10px||||false|false&#8221; header_3_font_size_tablet=&#8221;40px&#8221; header_3_font_size_phone=&#8221;40px&#8221; header_3_font_size_last_edited=&#8221;on|tablet&#8221; header_3_line_height_tablet=&#8221;40px&#8221; header_3_line_height_phone=&#8221;40px&#8221; header_3_line_height_last_edited=&#8221;on|desktop&#8221; global_colors_info=&#8221;{}&#8221;]<\/p>\n<h1 style=\"text-align: center\">Capperi di Pantelleria IGP<\/h1>\n<p>[\/et_pb_text][\/et_pb_column][\/et_pb_row][et_pb_row column_structure=&#8221;2_5,3_5&#8243; module_class=&#8221;article_sub_img_text_content&#8221; _builder_version=&#8221;4.23.1&#8243; _module_preset=&#8221;default&#8221; custom_margin=&#8221;0px||0px||false|false&#8221; custom_padding=&#8221;0px||0px||false|false&#8221; global_colors_info=&#8221;{}&#8221;][et_pb_column type=&#8221;2_5&#8243; module_class=&#8221;article_sub_img_wrap&#8221; _builder_version=&#8221;4.23.1&#8243; _module_preset=&#8221;default&#8221; global_colors_info=&#8221;{}&#8221;][et_pb_image src=&#8221;https:\/\/www.granapadano.it\/wp-content\/uploads\/2023\/11\/IM-1-CAPPERI.png&#8221; title_text=&#8221;IM 1 CAPPERI&#8221; align=&#8221;center&#8221; _builder_version=&#8221;4.23.1&#8243; _module_preset=&#8221;default&#8221; custom_margin=&#8221;0px||||false|false&#8221; border_radii=&#8221;on|20px|20px|20px|20px&#8221; locked=&#8221;off&#8221; global_colors_info=&#8221;{}&#8221;][\/et_pb_image][\/et_pb_column][et_pb_column type=&#8221;3_5&#8243; module_class=&#8221;article_sub_text_wrap_left&#8221; _builder_version=&#8221;4.21.0&#8243; _module_preset=&#8221;default&#8221; global_colors_info=&#8221;{}&#8221;][et_pb_text _builder_version=&#8221;4.23.1&#8243; _module_preset=&#8221;default&#8221; text_text_color=&#8221;#0f0f0f&#8221; text_font_size=&#8221;18px&#8221; text_line_height=&#8221;26px&#8221; width=&#8221;100%&#8221; custom_margin=&#8221;9px|||||&#8221; custom_padding=&#8221;||9px|||&#8221; global_colors_info=&#8221;{}&#8221;]<\/p>\n<h2 style=\"text-align: left\">Storia, caratteristiche e ricette<br \/>\n<\/h2>\n<p>I capperi di Pantelleria IGP sono famosi in tutto il mondo, e per un buon motivo: non solo sono qualitativamente superiori, ma sono anche l\u2019unico cappero ad aver ottenuto una certificazione IGP.<br \/>\nIl cappero Pantelleria \u00e8 un prodotto eccezionale, proveniente da questa meravigliosa isola siciliana in mezzo al Mediterraneo, habitat naturale per la crescita di questo frutto dal sapore inconfondibile.[\/et_pb_text][\/et_pb_column][\/et_pb_row][\/et_pb_section][et_pb_section fb_built=&#8221;1&#8243; module_class=&#8221;gp_nostro_sec&#8221; _builder_version=&#8221;4.23.1&#8243; _module_preset=&#8221;default&#8221; background_enable_image=&#8221;off&#8221; background_position=&#8221;bottom_center&#8221; custom_margin=&#8221;0px||||false|false&#8221; custom_padding=&#8221;1px||60px||false|false&#8221; background_color_tablet=&#8221;#FFFFFF&#8221; background_last_edited=&#8221;on|tablet&#8221; background_enable_color_tablet=&#8221;on&#8221; background_enable_image_tablet=&#8221;off&#8221; locked=&#8221;off&#8221; global_colors_info=&#8221;{}&#8221;][et_pb_row column_structure=&#8221;1_2,1_2&#8243; module_class=&#8221;article_sub_img_text_content_left &#8221; _builder_version=&#8221;4.23.1&#8243; _module_preset=&#8221;default&#8221; custom_margin=&#8221;0px||0px||false|false&#8221; custom_margin_tablet=&#8221;||0px||false|false&#8221; custom_margin_phone=&#8221;||||false|false&#8221; custom_margin_last_edited=&#8221;on|phone&#8221; custom_padding=&#8221;0px||0px||false|false&#8221; locked=&#8221;off&#8221; global_colors_info=&#8221;{}&#8221;][et_pb_column type=&#8221;1_2&#8243; module_class=&#8221;article_sub_img_wrap_left&#8221; _builder_version=&#8221;4.23.1&#8243; _module_preset=&#8221;default&#8221; global_colors_info=&#8221;{}&#8221;][et_pb_image src=&#8221;https:\/\/www.granapadano.it\/wp-content\/uploads\/2023\/11\/im-2-capperi.png&#8221; title_text=&#8221;im 2 capperi&#8221; src_tablet=&#8221;https:\/\/www.granapadano.it\/wp-content\/uploads\/2023\/11\/im-2-capperi.png&#8221; src_phone=&#8221;https:\/\/www.granapadano.it\/wp-content\/uploads\/2023\/11\/im-2-capperi.png&#8221; src_last_edited=&#8221;on|phone&#8221; module_class=&#8221;article_sub_img_wrap_left&#8221; _builder_version=&#8221;4.23.1&#8243; _module_preset=&#8221;default&#8221; width=&#8221;100%&#8221; width_tablet=&#8221;&#8221; width_phone=&#8221;100%&#8221; width_last_edited=&#8221;on|phone&#8221; min_height_tablet=&#8221;&#8221; min_height_phone=&#8221;&#8221; min_height_last_edited=&#8221;on|phone&#8221; custom_margin=&#8221;-20px|||0px|false|false&#8221; custom_margin_tablet=&#8221;&#8221; custom_margin_phone=&#8221;-30px||20px||false|false&#8221; custom_margin_last_edited=&#8221;on|tablet&#8221; custom_padding=&#8221;|20px|0px||false|false&#8221; custom_padding_tablet=&#8221;34px|20px|15px||false|false&#8221; custom_padding_phone=&#8221;|0px|||false|false&#8221; custom_padding_last_edited=&#8221;on|tablet&#8221; module_alignment_tablet=&#8221;&#8221; module_alignment_phone=&#8221;&#8221; module_alignment_last_edited=&#8221;on|phone&#8221; border_radii=&#8221;on|20px|20px|20px|20px&#8221; locked=&#8221;off&#8221; global_colors_info=&#8221;{}&#8221;][\/et_pb_image][\/et_pb_column][et_pb_column type=&#8221;1_2&#8243; module_class=&#8221;article_sub_text_wrap_left&#8221; _builder_version=&#8221;4.23.1&#8243; _module_preset=&#8221;default&#8221; global_colors_info=&#8221;{}&#8221;][et_pb_text _builder_version=&#8221;4.23.1&#8243; _module_preset=&#8221;default&#8221; text_text_color=&#8221;#0f0f0f&#8221; text_font_size=&#8221;18px&#8221; text_line_height=&#8221;26px&#8221; width=&#8221;100%&#8221; custom_margin=&#8221;||0px||false|false&#8221; custom_padding=&#8221;2px||0px||false|false&#8221; global_colors_info=&#8221;{}&#8221;]<\/p>\n<h2 style=\"text-align: left\"> Storia dei capperi di Pantelleria IGP <\/h2>\n<p>Le origini del cappero di Pantelleria sono antichissime, e risalgono infatti ai Greci e ai Romani. Queste popolazioni apprezzavano molto i capperi di Pantelleria sia per il loro gusto che per le propriet\u00e0 benefiche per l\u2019organismo, tra cui propriet\u00e0 afrodisiache citate addirittura nella Bibbia. La storia millenaria dei capperi testimonia la lunga tradizione che lega gli abitanti dell\u2019isola alla coltivazione di questo prodotto unico.[\/et_pb_text][et_pb_text _builder_version=&#8221;4.23.1&#8243; _module_preset=&#8221;default&#8221; text_text_color=&#8221;#0f0f0f&#8221; text_font_size=&#8221;18px&#8221; text_line_height=&#8221;26px&#8221; max_width_tablet=&#8221;&#8221; max_width_phone=&#8221;&#8221; max_width_last_edited=&#8221;on|desktop&#8221; custom_margin=&#8221;||0px||false|false&#8221; custom_padding=&#8221;29px||0px||false|false&#8221; global_colors_info=&#8221;{}&#8221;]<\/p>\n<h3 style=\"text-align: left\"> Produzione capperi di Pantelleria IGP <\/h3>\n<p>Il cappero \u00e8 il bocciolo dell\u2019omonima pianta, colto quando \u00e8 ancora chiuso prima che si trasformi in fiore e successivamente in frutto. La coltivazione dei capperi Pantelleria avviene su terreni terrazzati, riconoscibili grazie agli iconici muretti a secco che caratterizzano ormai l\u2019isola. La raccolta ha inizio il primo maggio e termina alla fine ottobre, e per tutto questo periodo la pianta continua a produrre nuovi boccioli al posto di quelli colti. Una volta raccolti, i preziosi capperi vengono conservati in salamoia secondo antiche tradizioni famigliari.\n<\/p>\n<p>[\/et_pb_text][\/et_pb_column][\/et_pb_row][\/et_pb_section][et_pb_section fb_built=&#8221;1&#8243; _builder_version=&#8221;4.23.1&#8243; _module_preset=&#8221;default&#8221; background_color=&#8221;#f7f7f7&#8243; custom_padding=&#8221;30px||30px|||&#8221; locked=&#8221;off&#8221; global_colors_info=&#8221;{}&#8221;][et_pb_row column_structure=&#8221;2_5,3_5&#8243; module_class=&#8221;article_sub_img_text_content&#8221; _builder_version=&#8221;4.23.1&#8243; _module_preset=&#8221;default&#8221; max_width=&#8221;94%&#8221; custom_margin=&#8221;0px||0px||false|false&#8221; custom_padding=&#8221;0px||30px||false|false&#8221; locked=&#8221;off&#8221; global_colors_info=&#8221;{}&#8221;][et_pb_column type=&#8221;2_5&#8243; module_class=&#8221;article_sub_img_wrap&#8221; _builder_version=&#8221;4.19.3&#8243; _module_preset=&#8221;default&#8221; global_colors_info=&#8221;{}&#8221;][et_pb_image src=&#8221;https:\/\/www.granapadano.it\/wp-content\/uploads\/2023\/11\/iM-3-CAPPERI.jpg&#8221; title_text=&#8221;iM-3-CAPPERI&#8221; align=&#8221;center&#8221; module_class=&#8221;article_sub_img_wrap&#8221; _builder_version=&#8221;4.23.1&#8243; _module_preset=&#8221;default&#8221; custom_margin=&#8221;0px||10px||false|false&#8221; border_radii=&#8221;on|20px|20px|20px|20px&#8221; locked=&#8221;off&#8221; global_colors_info=&#8221;{}&#8221;][\/et_pb_image][\/et_pb_column][et_pb_column type=&#8221;3_5&#8243; module_class=&#8221;article_sub_text_wrap&#8221; _builder_version=&#8221;4.20.2&#8243; _module_preset=&#8221;default&#8221; global_colors_info=&#8221;{}&#8221;][et_pb_text _builder_version=&#8221;4.23.1&#8243; _module_preset=&#8221;default&#8221; text_text_color=&#8221;#0f0f0f&#8221; text_font_size=&#8221;18px&#8221; text_line_height=&#8221;26px&#8221; width=&#8221;100%&#8221; custom_margin=&#8221;||0px||false|false&#8221; custom_padding=&#8221;2px||0px||false|false&#8221; global_colors_info=&#8221;{}&#8221;]<\/p>\n<h2 style=\"text-align: left\"> Caratteristiche dei capperi di Pantelleria IGP <\/h2>\n<p><span style=\"font-weight: 400\">Pantelleria capperi: come si riconoscono? Questo prodotto si contraddistingue per la forma tondeggiante e per il colore verde scuro, tendente al senape. L\u2019aroma \u00e8 intenso e penetrante, il gusto sapido, pungente, leggermente piccante e con una nota di freschezza che arricchisce ogni piatto.<\/span><\/p>\n<p><span style=\"font-weight: 400\">Al momento dell\u2019acquisto \u00e8 importante verificare la presenza del marchio IGP e che il prodotto sia conservato sotto sale.<br \/>\n<\/span><\/p>\n<p>[\/et_pb_text][et_pb_text _builder_version=&#8221;4.23.4&#8243; _module_preset=&#8221;default&#8221; text_text_color=&#8221;#0f0f0f&#8221; text_font_size=&#8221;18px&#8221; text_line_height=&#8221;26px&#8221; width=&#8221;100%&#8221; custom_margin=&#8221;||0px||false|false&#8221; custom_padding=&#8221;30px||0px||false|false&#8221; hover_enabled=&#8221;0&#8243; global_colors_info=&#8221;{}&#8221; sticky_enabled=&#8221;0&#8243;]<\/p>\n<h2 style=\"text-align: left;\"><a href=\"https:\/\/www.granapadano.it\/search\/capperi\" target=\"_blank\" rel=\"noopener\">Ricette con i capperi di Pantelleria IGP<\/a><\/h2>\n<p>I capperi di Pantelleria sono versatili, gustosi e perfetti per donare un tocco di gusto e originalit\u00e0 in pi\u00f9 alle tue ricette. Sono buonissimi sulla pizza, e infatti sono presenti sia nella pizza Siciliana che nella famosa pizza Napoli. Aggiungili come condimento alle tue pizze e pizzette fatte in casa per uno sfizioso aperitivo e vedrai che successo!<\/p>\n<p>I capperi possono essere usati anche per arricchire le insalate: prova quella di pane croccante con pomodori, cetrioli, cipolla rossa, Grana Padano e capperi. Altrimenti usali su crostini, bruschette e snack veloci. Infine, i capperi sono uno degli ingredienti per gli spaghetti alla puttanesca, un grande classico della cucina italiana.<\/p>\n<p>[\/et_pb_text][et_pb_text admin_label=&#8221;Text&#8221; _builder_version=&#8221;4.23.1&#8243; _module_preset=&#8221;default&#8221; text_text_color=&#8221;#0f0f0f&#8221; text_font_size=&#8221;18px&#8221; text_line_height=&#8221;26px&#8221; width=&#8221;100%&#8221; custom_margin=&#8221;||0px||false|false&#8221; custom_padding=&#8221;30px||0px||false|false&#8221; global_colors_info=&#8221;{}&#8221;]<\/p>\n<h2 style=\"text-align: left\"> Vendita capperi di Pantelleria IGP <\/h2>\n<p>Capperi di Pantelleria vendita: dove trovarli? Puoi trovare i capperi Pantelleria online, altrimenti si reperiscono facilmente nei migliori supermercati e negozi di alimentari di tutta Italia. L\u2019importante \u00e8 verificare sempre che sia presente il marchio IGP, per assicurarsi di stare acquistando un prodotto davvero di qualit\u00e0.<\/p>\n<p>Capperi di Pantelleria vendita e prezzi: questo tipo di cappero \u00e8 il pi\u00f9 pregiato al mondo e per questo ha un prezzo di vendita pi\u00f9 alto, ma ne vale davvero la pena per il gusto e l\u2019aroma inconfondibili e per la tradizione millenaria dell\u2019isola.[\/et_pb_text][et_pb_text _builder_version=&#8221;4.23.1&#8243; _module_preset=&#8221;default&#8221; text_text_color=&#8221;#0f0f0f&#8221; text_font_size=&#8221;18px&#8221; text_line_height=&#8221;26px&#8221; width=&#8221;100%&#8221; custom_margin=&#8221;||0px||false|false&#8221; custom_padding=&#8221;30px||0px||false|false&#8221; global_colors_info=&#8221;{}&#8221;]<\/p>\n<h2 style=\"text-align: left\">Consigli per l\u2019acquisto e la conservazione<\/h2>\n<p>La grande delicatezza delle zucchine di Albenga e il fatto che si conservino per pochi  giorni le rende poco adatte al trasporto e alla grande distribuzione, per cui si trovano quasi esclusivamente nei banchetti dei mercati locali. Altrimenti, se si ha la disponibilit\u00e0, \u00e8 possibile acquistare direttamente i semi e coltivarle! <\/p>\n<p>Per acquistare scegli gli ortaggi pi\u00f9 sodi al tatto, non danneggiati e dalla buccia di un bel verde chiaro lucido. A differenza delle zucchine normali, che durano molto di pi\u00f9, la zucchina ligure si pu\u00f2 conservare in frigorifero per un massimo di 3 giorni. [\/et_pb_text][\/et_pb_column][\/et_pb_row][\/et_pb_section]<\/p>\n","protected":false},"excerpt":{"rendered":"<p><div class=\"breadcrumb\"><a href=\"https:\/\/www.granapadano.it\/it-it\/\">Home<\/a>  <  <\/div>Capperi di Pantelleria IGPStoria, caratteristiche e ricette I capperi di Pantelleria IGP sono famosi in tutto il mondo, e per un buon motivo: non solo sono qualitativamente superiori, ma sono anche l\u2019unico cappero ad aver ottenuto una certificazione IGP. Il cappero Pantelleria \u00e8 un prodotto eccezionale, proveniente da questa meravigliosa isola siciliana in mezzo al [&hellip;]<\/p>\n","protected":false},"author":19,"featured_media":0,"parent":105829,"menu_order":72,"comment_status":"closed","ping_status":"closed","template":"","meta":{"_acf_changed":false,"_et_pb_use_builder":"on","_et_pb_old_content":"","_et_gb_content_width":"","footnotes":""},"class_list":["post-111227","page","type-page","status-publish","hentry"],"acf":[],"yoast_head":"<!-- This site is optimized with the Yoast SEO plugin v27.4 - https:\/\/yoast.com\/product\/yoast-seo-wordpress\/ -->\n<title>Capperi di Pantelleria IGP - Grana Padano<\/title>\n<meta name=\"description\" content=\"Capperi di Pantelleria IGP: scopri l\u2019origine, le caratteristiche e la produzione di questo prodotto tipico italiano apprezzato in tutto il mondo.\" \/>\n<meta name=\"robots\" content=\"index, follow, max-snippet:-1, max-image-preview:large, max-video-preview:-1\" \/>\n<link rel=\"canonical\" href=\"https:\/\/www.granapadano.it\/it-it\/ricette\/ingredienti\/capperi-di-pantelleria-igp\/\" \/>\n<meta property=\"og:locale\" content=\"it_IT\" \/>\n<meta property=\"og:type\" content=\"article\" \/>\n<meta property=\"og:title\" content=\"Capperi di Pantelleria IGP - Grana Padano\" \/>\n<meta property=\"og:description\" content=\"Capperi di Pantelleria IGP: scopri l\u2019origine, le caratteristiche e la produzione di questo prodotto tipico italiano apprezzato in tutto il mondo.\" \/>\n<meta property=\"og:url\" content=\"https:\/\/www.granapadano.it\/it-it\/ricette\/ingredienti\/capperi-di-pantelleria-igp\/\" \/>\n<meta property=\"og:site_name\" content=\"Grana Padano\" \/>\n<meta property=\"article:modified_time\" content=\"2024-02-06T14:55:35+00:00\" \/>\n<meta name=\"twitter:card\" content=\"summary_large_image\" \/>\n<meta name=\"twitter:label1\" content=\"Est. reading time\" \/>\n\t<meta name=\"twitter:data1\" content=\"4 minutes\" \/>\n<script type=\"application\/ld+json\" class=\"yoast-schema-graph\">{\"@context\":\"https:\\\/\\\/schema.org\",\"@graph\":[{\"@type\":\"WebPage\",\"@id\":\"https:\\\/\\\/www.granapadano.it\\\/it-it\\\/ricette\\\/ingredienti\\\/capperi-di-pantelleria-igp\\\/\",\"url\":\"https:\\\/\\\/www.granapadano.it\\\/it-it\\\/ricette\\\/ingredienti\\\/capperi-di-pantelleria-igp\\\/\",\"name\":\"Capperi di Pantelleria IGP - Grana Padano\",\"isPartOf\":{\"@id\":\"https:\\\/\\\/www.granapadano.it\\\/it-it\\\/#website\"},\"datePublished\":\"2023-11-29T10:53:39+00:00\",\"dateModified\":\"2024-02-06T14:55:35+00:00\",\"description\":\"Capperi di Pantelleria IGP: scopri l\u2019origine, le caratteristiche e la produzione di questo prodotto tipico italiano apprezzato in tutto il mondo.\",\"breadcrumb\":{\"@id\":\"https:\\\/\\\/www.granapadano.it\\\/it-it\\\/ricette\\\/ingredienti\\\/capperi-di-pantelleria-igp\\\/#breadcrumb\"},\"inLanguage\":\"it-it\",\"potentialAction\":[{\"@type\":\"ReadAction\",\"target\":[\"https:\\\/\\\/www.granapadano.it\\\/it-it\\\/ricette\\\/ingredienti\\\/capperi-di-pantelleria-igp\\\/\"]}]},{\"@type\":\"BreadcrumbList\",\"@id\":\"https:\\\/\\\/www.granapadano.it\\\/it-it\\\/ricette\\\/ingredienti\\\/capperi-di-pantelleria-igp\\\/#breadcrumb\",\"itemListElement\":[{\"@type\":\"ListItem\",\"position\":1,\"name\":\"Home\",\"item\":\"https:\\\/\\\/www.granapadano.it\\\/it-it\\\/\"},{\"@type\":\"ListItem\",\"position\":2,\"name\":\"Ricette\",\"item\":\"https:\\\/\\\/www.granapadano.it\\\/it-it\\\/ricette\\\/\"},{\"@type\":\"ListItem\",\"position\":3,\"name\":\"Ingredienti\",\"item\":\"https:\\\/\\\/www.granapadano.it\\\/it-it\\\/ricette\\\/ingredienti\\\/\"},{\"@type\":\"ListItem\",\"position\":4,\"name\":\"Capperi di Pantelleria IGP\"}]},{\"@type\":\"WebSite\",\"@id\":\"https:\\\/\\\/www.granapadano.it\\\/it-it\\\/#website\",\"url\":\"https:\\\/\\\/www.granapadano.it\\\/it-it\\\/\",\"name\":\"Grana Padano\",\"description\":\"\",\"potentialAction\":[{\"@type\":\"SearchAction\",\"target\":{\"@type\":\"EntryPoint\",\"urlTemplate\":\"https:\\\/\\\/www.granapadano.it\\\/it-it\\\/?s={search_term_string}\"},\"query-input\":{\"@type\":\"PropertyValueSpecification\",\"valueRequired\":true,\"valueName\":\"search_term_string\"}}],\"inLanguage\":\"it-it\"}]}<\/script>\n<!-- \/ Yoast SEO plugin. -->","yoast_head_json":{"title":"Capperi di Pantelleria IGP - Grana Padano","description":"Capperi di Pantelleria IGP: scopri l\u2019origine, le caratteristiche e la produzione di questo prodotto tipico italiano apprezzato in tutto il mondo.","robots":{"index":"index","follow":"follow","max-snippet":"max-snippet:-1","max-image-preview":"max-image-preview:large","max-video-preview":"max-video-preview:-1"},"canonical":"https:\/\/www.granapadano.it\/it-it\/ricette\/ingredienti\/capperi-di-pantelleria-igp\/","og_locale":"it_IT","og_type":"article","og_title":"Capperi di Pantelleria IGP - Grana Padano","og_description":"Capperi di Pantelleria IGP: scopri l\u2019origine, le caratteristiche e la produzione di questo prodotto tipico italiano apprezzato in tutto il mondo.","og_url":"https:\/\/www.granapadano.it\/it-it\/ricette\/ingredienti\/capperi-di-pantelleria-igp\/","og_site_name":"Grana Padano","article_modified_time":"2024-02-06T14:55:35+00:00","twitter_card":"summary_large_image","twitter_misc":{"Est. reading time":"4 minutes"},"schema":{"@context":"https:\/\/schema.org","@graph":[{"@type":"WebPage","@id":"https:\/\/www.granapadano.it\/it-it\/ricette\/ingredienti\/capperi-di-pantelleria-igp\/","url":"https:\/\/www.granapadano.it\/it-it\/ricette\/ingredienti\/capperi-di-pantelleria-igp\/","name":"Capperi di Pantelleria IGP - Grana Padano","isPartOf":{"@id":"https:\/\/www.granapadano.it\/it-it\/#website"},"datePublished":"2023-11-29T10:53:39+00:00","dateModified":"2024-02-06T14:55:35+00:00","description":"Capperi di Pantelleria IGP: scopri l\u2019origine, le caratteristiche e la produzione di questo prodotto tipico italiano apprezzato in tutto il mondo.","breadcrumb":{"@id":"https:\/\/www.granapadano.it\/it-it\/ricette\/ingredienti\/capperi-di-pantelleria-igp\/#breadcrumb"},"inLanguage":"it-it","potentialAction":[{"@type":"ReadAction","target":["https:\/\/www.granapadano.it\/it-it\/ricette\/ingredienti\/capperi-di-pantelleria-igp\/"]}]},{"@type":"BreadcrumbList","@id":"https:\/\/www.granapadano.it\/it-it\/ricette\/ingredienti\/capperi-di-pantelleria-igp\/#breadcrumb","itemListElement":[{"@type":"ListItem","position":1,"name":"Home","item":"https:\/\/www.granapadano.it\/it-it\/"},{"@type":"ListItem","position":2,"name":"Ricette","item":"https:\/\/www.granapadano.it\/it-it\/ricette\/"},{"@type":"ListItem","position":3,"name":"Ingredienti","item":"https:\/\/www.granapadano.it\/it-it\/ricette\/ingredienti\/"},{"@type":"ListItem","position":4,"name":"Capperi di Pantelleria IGP"}]},{"@type":"WebSite","@id":"https:\/\/www.granapadano.it\/it-it\/#website","url":"https:\/\/www.granapadano.it\/it-it\/","name":"Grana Padano","description":"","potentialAction":[{"@type":"SearchAction","target":{"@type":"EntryPoint","urlTemplate":"https:\/\/www.granapadano.it\/it-it\/?s={search_term_string}"},"query-input":{"@type":"PropertyValueSpecification","valueRequired":true,"valueName":"search_term_string"}}],"inLanguage":"it-it"}]}},"_links":{"self":[{"href":"https:\/\/www.granapadano.it\/it-it\/wp-json\/wp\/v2\/pages\/111227","targetHints":{"allow":["GET"]}}],"collection":[{"href":"https:\/\/www.granapadano.it\/it-it\/wp-json\/wp\/v2\/pages"}],"about":[{"href":"https:\/\/www.granapadano.it\/it-it\/wp-json\/wp\/v2\/types\/page"}],"author":[{"embeddable":true,"href":"https:\/\/www.granapadano.it\/it-it\/wp-json\/wp\/v2\/users\/19"}],"replies":[{"embeddable":true,"href":"https:\/\/www.granapadano.it\/it-it\/wp-json\/wp\/v2\/comments?post=111227"}],"version-history":[{"count":7,"href":"https:\/\/www.granapadano.it\/it-it\/wp-json\/wp\/v2\/pages\/111227\/revisions"}],"predecessor-version":[{"id":114474,"href":"https:\/\/www.granapadano.it\/it-it\/wp-json\/wp\/v2\/pages\/111227\/revisions\/114474"}],"up":[{"embeddable":true,"href":"https:\/\/www.granapadano.it\/it-it\/wp-json\/wp\/v2\/pages\/105829"}],"wp:attachment":[{"href":"https:\/\/www.granapadano.it\/it-it\/wp-json\/wp\/v2\/media?parent=111227"}],"curies":[{"name":"wp","href":"https:\/\/api.w.org\/{rel}","templated":true}]}}