{"id":8918,"date":"2023-01-16T21:46:47","date_gmt":"2023-01-16T21:46:47","guid":{"rendered":"https:\/\/www.granapadano.it\/privacy-policy\/"},"modified":"2023-04-17T10:47:57","modified_gmt":"2023-04-17T10:47:57","slug":"privacy-policy","status":"publish","type":"page","link":"https:\/\/www.granapadano.it\/fr-fr\/privacy-policy\/","title":{"rendered":"Privacy Policy"},"content":{"rendered":"<p>[et_pb_section fb_built=&#8221;1&#8243; fullwidth=&#8221;on&#8221; _builder_version=&#8221;4.19.0&#8243; _module_preset=&#8221;default&#8221; global_colors_info=&#8221;{}&#8221;][et_pb_fullwidth_image src=&#8221;https:\/\/www.granapadano.it\/wp-content\/uploads\/2022\/11\/002_img.png&#8221; title_text=&#8221;002_img&#8221; _builder_version=&#8221;4.19.0&#8243; _module_preset=&#8221;default&#8221; global_colors_info=&#8221;{}&#8221;][\/et_pb_fullwidth_image][\/et_pb_section][et_pb_section fb_built=&#8221;1&#8243; _builder_version=&#8221;4.19.3&#8243; _module_preset=&#8221;default&#8221; custom_padding=&#8221;||0px||false|false&#8221; global_colors_info=&#8221;{}&#8221;][et_pb_row _builder_version=&#8221;4.19.4&#8243; _module_preset=&#8221;default&#8221; min_height=&#8221;66.8px&#8221; custom_padding=&#8221;0px||0px||false|false&#8221; global_colors_info=&#8221;{}&#8221;][et_pb_column type=&#8221;4_4&#8243; _builder_version=&#8221;4.19.4&#8243; _module_preset=&#8221;default&#8221; global_colors_info=&#8221;{}&#8221;][et_pb_code _builder_version=&#8221;4.19.4&#8243; _module_preset=&#8221;default&#8221; global_colors_info=&#8221;{}&#8221;]<div class=\"breadcrumb\"><a href=\"https:\/\/www.granapadano.it\/fr-fr\/\">Home<\/a>  <  <\/div>[\/et_pb_code][\/et_pb_column][\/et_pb_row][\/et_pb_section][et_pb_section fb_built=&#8221;1&#8243; module_class=&#8221;privacy_page&#8221; _builder_version=&#8221;4.20.0&#8243; _module_preset=&#8221;default&#8221; custom_padding=&#8221;1px|||||&#8221; global_colors_info=&#8221;{}&#8221;][et_pb_row _builder_version=&#8221;4.19.4&#8243; _module_preset=&#8221;default&#8221; min_height=&#8221;139.4px&#8221; global_colors_info=&#8221;{}&#8221;][et_pb_column type=&#8221;4_4&#8243; _builder_version=&#8221;4.19.4&#8243; _module_preset=&#8221;default&#8221; global_colors_info=&#8221;{}&#8221;][et_pb_text _builder_version=&#8221;4.20.1&#8243; _module_preset=&#8221;default&#8221; text_font=&#8221;Merriweather|700|||||||&#8221; text_text_color=&#8221;#0f0f0f&#8221; text_font_size=&#8221;38px&#8221; text_line_height=&#8221;46px&#8221; text_orientation=&#8221;center&#8221; min_height=&#8221;25px&#8221; custom_margin=&#8221;-12px||7px|||&#8221; global_colors_info=&#8221;{}&#8221;]<\/p>\n<p style=\"text-align: center;\">Note d\u2019information pour le traitement des donn\u00e9es \u00e0 caract\u00e8re personnel<\/p>\n<p>[\/et_pb_text][\/et_pb_column][\/et_pb_row][et_pb_row _builder_version=&#8221;4.19.4&#8243; _module_preset=&#8221;default&#8221; min_height=&#8221;12.2px&#8221; custom_margin=&#8221;-54px|auto|-19px|auto||&#8221; custom_padding=&#8221;||3px|||&#8221; global_colors_info=&#8221;{}&#8221;][et_pb_column type=&#8221;4_4&#8243; _builder_version=&#8221;4.19.4&#8243; _module_preset=&#8221;default&#8221; global_colors_info=&#8221;{}&#8221;][et_pb_text _builder_version=&#8221;4.20.1&#8243; _module_preset=&#8221;default&#8221; text_font=&#8221;Merriweather|700|||||||&#8221; text_text_color=&#8221;#0f0f0f&#8221; text_font_size=&#8221;20px&#8221; text_line_height=&#8221;26px&#8221; text_orientation=&#8221;center&#8221; custom_padding=&#8221;10px||10px||false|false&#8221; global_colors_info=&#8221;{}&#8221;]<\/p>\n<p style=\"text-align: left;\">publi\u00e9e en vertu et aux fins du R\u00e8glement UE 2016\/679 ou GDPR<\/p>\n<p>[\/et_pb_text][\/et_pb_column][\/et_pb_row][et_pb_row _builder_version=&#8221;4.19.4&#8243; _module_preset=&#8221;default&#8221; min_height=&#8221;269.5px&#8221; global_colors_info=&#8221;{}&#8221;][et_pb_column type=&#8221;4_4&#8243; _builder_version=&#8221;4.19.4&#8243; _module_preset=&#8221;default&#8221; global_colors_info=&#8221;{}&#8221;][et_pb_text _builder_version=&#8221;4.20.4&#8243; _module_preset=&#8221;default&#8221; text_text_color=&#8221;#0f0f0f&#8221; text_font_size=&#8221;18px&#8221; text_line_height=&#8221;26px&#8221; min_height=&#8221;374px&#8221; custom_padding=&#8221;||86px||false|false&#8221; hover_enabled=&#8221;0&#8243; global_colors_info=&#8221;{}&#8221; sticky_enabled=&#8221;0&#8243;]<strong>OBJET DU PR\u00c9SENT DOCUMENT<\/strong><br \/>\nLes modalit\u00e9s de traitement des donn\u00e9es \u00e0 caract\u00e8re personnel des utilisateurs du site <span style=\"color: #000000;\"><a style=\"color: #000000;\" href=\"https:\/\/www.granapadano.it\/\" target=\"_blank\" rel=\"noopener\"><strong>www.granapadano.it<\/strong><\/a><\/span> \u00e9ventuellement recueillies lors de sa consultation sont communiqu\u00e9es ci-apr\u00e8s.<br \/>\nLa note d\u2019information est publi\u00e9e conform\u00e9ment \u00e0 l&#8217;art.13 du r\u00e8glement UE 2016\/679 et \u00e0 la l\u00e9gislation nationale sur la protection des donn\u00e9es personnelles \u00e0 ceux qui interagissent avec les services web accessibles par voie \u00e9lectronique \u00e0 partir de l&#8217;adresse : <strong><span style=\"color: #000000;\"><a style=\"color: #000000;\" href=\"https:\/\/www.granapadano.it\/\" target=\"_blank\" rel=\"noopener\">www.granapadano.it<\/a><\/span><\/strong>.<br \/>\nLes indications suivantes s&#8217;inspirent \u00e9galement des dispositions de la Directive 2002\/58\/CE ainsi qu\u2019\u00e0 la Disposition de l&#8217;Autorit\u00e9 de Protection des Donn\u00e9es \u00e0 caract\u00e8re personnel concernant les cookies.<br \/>\nMis \u00e0 part ce qui est sp\u00e9cifi\u00e9 pour les donn\u00e9es de navigation, l&#8217;utilisateur est libre de fournir ses donn\u00e9es personnelles. Le fait de ne pas fournir de donn\u00e9es personnelles signifie l&#8217;impossibilit\u00e9 d&#8217;utiliser certains services offerts par le Responsable du traitement.<\/p>\n<p><strong>LE RESPONSABLE DU TRAITEMENT<\/strong><br \/>\nLe Responsable du traitement est le Consorzio Tutela Grana Padano dont le si\u00e8ge social est sis Via XXIV Giugno, 8 &#8211; 25025 San Martino della Battaglia &#8211; Desenzano del Garda (BS) qui peut \u00eatre contact\u00e9 aux coordonn\u00e9es suivantes : <strong>t\u00e9l. 030 9109811, fax 030 9910487, e-mail : <span style=\"color: #000000;\"><a style=\"color: #000000;\" href=\"mailto:info@granapadano.it\" target=\"_blank\" rel=\"noopener\">info@granapadano.it<\/a><\/span>.<\/strong><\/p>\n<p><strong>CADRE<\/strong><br \/>\nLa note d\u2019information est fournie uniquement pour le site en question et non pour d&#8217;autres sites Internet externes, qui peuvent \u00eatre \u00e9ventuellement consult\u00e9s \u00e0 l\u2019aide des liens sur les pages du site renvoyant \u00e0 diff\u00e9rents domaines, dont le Responsable du traitement n&#8217;est pas responsable.<\/p>\n<p><strong>LIEU DU TRAITEMENT DES DONN\u00c9ES<\/strong><br \/>\nLes traitements li\u00e9s aux services Internet du site (r\u00e9sidant physiquement sur des serveurs connect\u00e9s au r\u00e9seau) sont effectu\u00e9s au si\u00e8ge du Responsable du traitement uniquement par des employ\u00e9s, des collaborateurs ou des personnes en charge du traitement ou des op\u00e9rations de maintenance occasionnelles.<\/p>\n<p><strong>NATURE DES DONN\u00c9ES TRAIT\u00c9ES<\/strong><br \/>\n<strong>DONN\u00c9ES DE NAVIGATION<\/strong><br \/>\nLes syst\u00e8mes informatiques et les proc\u00e9dures logicielles utilis\u00e9s pour le fonctionnement du Site acqui\u00e8rent, au cours de leur fonctionnement normal, certaines donn\u00e9es personnelles dont la transmission est implicite dans le cadre de l&#8217;utilisation des protocoles de communication Internet. Ces informations ne sont pas recueillies pour \u00eatre associ\u00e9es \u00e0 des personnes identifi\u00e9es mais elles pourraient permettre, de par leur nature, d&#8217;identifier les utilisateurs suite au traitement et \u00e0 une association avec des donn\u00e9es d\u00e9tenues par des tiers. Cette cat\u00e9gorie de donn\u00e9es comprend, \u00e0 titre d&#8217;exemple uniquement, les adresses IP ou les noms de domaine des ordinateurs utilis\u00e9s par les utilisateurs qui se connectent au Site, les adresses URI (Uniform Resource Identifier) des ressources demand\u00e9es, l&#8217;heure de la demande, la m\u00e9thode utilis\u00e9e pour soumettre la demande au serveur, la taille du fichier obtenu en r\u00e9ponse, le code num\u00e9rique indiquant l&#8217;\u00e9tat de la r\u00e9ponse donn\u00e9e par le serveur (r\u00e9ussite, erreur, etc.) et d&#8217;autres param\u00e8tres relatifs au syst\u00e8me d&#8217;exploitation et \u00e0 l&#8217;environnement informatique de l&#8217;utilisateur. Ces donn\u00e9es sont utilis\u00e9es dans le seul but d&#8217;obtenir des informations statistiques anonymes sur l&#8217;utilisation du Site et de v\u00e9rifier son bon fonctionnement. Les donn\u00e9es peuvent \u00eatre mises \u00e0 la disposition par le responsable du traitement afin de d\u00e9terminer les responsabilit\u00e9s en cas d&#8217;hypoth\u00e9tiques d\u00e9lits informatiques ou autres demandes autoris\u00e9es par les autorit\u00e9s judiciaires.<\/p>\n<p><strong>LES DONN\u00c9ES FOURNIES VOLONTAIREMENT PAR LES UTILISATEURS DU SITE<\/strong><br \/>\nL&#8217;envoi facultatif, explicite et volontaire de messages de courrier \u00e9lectronique aux adresses indiqu\u00e9es sur le Site, ou en remplissant des formulaires de demande ou d&#8217;autres proc\u00e9dures guid\u00e9es pr\u00e9sentes sur le site, implique l&#8217;acquisition ult\u00e9rieure de l&#8217;adresse de l&#8217;exp\u00e9diteur, qui est n\u00e9cessaire pour r\u00e9pondre aux demandes, ainsi que de toute autre donn\u00e9e personnelle saisie.<br \/>\nL&#8217;utilisateur est libre de fournir les donn\u00e9es personnelles report\u00e9es dans les formulaires de demande ou indiqu\u00e9es dans les contacts pour demander du mat\u00e9riel d&#8217;information ou d&#8217;autres communications. Le fait de ne pas les fournir peut entra\u00eener l&#8217;impossibilit\u00e9 d&#8217;obtenir ce qui a \u00e9t\u00e9 demand\u00e9.<br \/>\nDes informations synth\u00e9tiques sp\u00e9cifiques seront report\u00e9es ou affich\u00e9es dans les pages du site pr\u00e9par\u00e9es pour des services particuliers sur demande.<\/p>\n<p><strong>NOM D\u2019UTILISATEUR ET MOT DE PASSE<\/strong><br \/>\nSi l&#8217;utilisateur doit choisir un \u00ab nom d&#8217;utilisateur \u00bb et\/ou un \u00ab mot de passe \u00bb pour acc\u00e9der aux espaces r\u00e9serv\u00e9s du Site, il rel\u00e8vera de sa responsabilit\u00e9 de pr\u00e9server la confidentialit\u00e9 de ces donn\u00e9es confidentielles et d&#8217;informer imm\u00e9diatement le Responsable du traitement de leur utilisation par des personnes non autoris\u00e9es.<\/p>\n<p><strong>COOKIES<\/strong><br \/>\nLes cookies sont de courts fichiers textes t\u00e9l\u00e9charg\u00e9s sur votre appareil lorsque vous visitez un site Internet et qui permettent au site de reconna\u00eetre le dispositif de l\u2019utilisateur. Ils ont plusieurs objectifs comme, par exemple, de permettre de naviguer efficacement parmi les pages, de m\u00e9moriser les sites favoris et, en g\u00e9n\u00e9ral, d&#8217;am\u00e9liorer l\u2019exp\u00e9rience de navigation.<br \/>\nSelon leur fonction et leur destination d\u2019usage, les cookies peuvent \u00eatre divis\u00e9s en cookies techniques, cookies de profilage, cookies de tiers, etc.<br \/>\nPour plus d&#8217;informations sur les cookies utilis\u00e9s par le Site, voir la section correspondante.<\/p>\n<p><strong>MODALIT\u00c9S DE TRAITEMENT<\/strong><br \/>\nLes donn\u00e9es personnelles sont trait\u00e9es avec et sans outils \u00e9lectroniques, automatis\u00e9s, informatiques ou t\u00e9l\u00e9matiques. Conform\u00e9ment aux obligations de conformit\u00e9 pr\u00e9vues par la r\u00e9glementation europ\u00e9enne et italienne, des mesures de s\u00e9curit\u00e9 sp\u00e9cifiques sont observ\u00e9es pour pr\u00e9venir la perte des donn\u00e9es, les usages illicites ou incorrects et les acc\u00e8s non autoris\u00e9s.<br \/>\nAfin de fournir un service complet, le site peut contenir des liens vers d&#8217;autres sites Internet non g\u00e9r\u00e9s par ce Responsable des donn\u00e9es, qui ne peut \u00eatre tenu responsable des erreurs, des contenus, des cookies, des publications \u00e0 contenu moral illicite, des publicit\u00e9s, des banni\u00e8res ou des fichiers ne respectant pas les dispositions de la r\u00e9glementation en vigueur et la r\u00e9glementation sur la vie priv\u00e9e par les sites susmentionn\u00e9s.<\/p>\n<p><strong>OBJET DU TRAITEMENT ET BASE JURIDIQUE<\/strong><br \/>\nLes donn\u00e9es personnelles recueillies seront trait\u00e9es par <strong>CONSORZIO DEL FORMAGGIO GRANA PADANO<\/strong> dans le respect des conditions de lic\u00e9it\u00e9 conform\u00e9ment \u00e0 l\u2019art. 6 du R\u00e8glement UE 2016\/679, pour les finalit\u00e9s suivantes :<br \/>\na) les donn\u00e9es acquises lors de la navigation sont trait\u00e9es pour permettre le fonctionnement du site ;<br \/>\nb) les donn\u00e9es personnelles fournies par les utilisateurs qui transmettent des demandes ne sont utilis\u00e9es que dans le seul but d&#8217;ex\u00e9cuter la demande transmise au cas par cas ;<br \/>\nc) sous r\u00e9serve du consentement de l&#8217;int\u00e9ress\u00e9, facultatif et r\u00e9vocable \u00e0 tout moment, les donn\u00e9es personnelles fournies par les utilisateurs pour l&#8217;inscription \u00e0 des services sp\u00e9cifiques (par exemple, newsletters) sont utilis\u00e9es uniquement dans le but de fournir le service demand\u00e9.<br \/>\nd) en s&#8217;inscrivant au service, les utilisateurs expriment leur consentement au traitement de leurs donn\u00e9es personnelles tel que d\u00e9crit dans les notes d\u2019information sp\u00e9cifiques du service.<br \/>\ne) les donn\u00e9es personnelles fournies \u00e0 des fins comptables et administratives sont utilis\u00e9es pour remplir les obligations contractuelles.<\/p>\n<p><strong>DESTINATAIRES OU CAT\u00c9GORIES DE DESTINATAIRES DES DONN\u00c9ES<\/strong><br \/>\nAux fins susmentionn\u00e9es, les donn\u00e9es personnelles pr\u00e9cit\u00e9es peuvent \u00eatre communiqu\u00e9es aux destinataires suivants qui traiteront les donn\u00e9es en qualit\u00e9 de Responsables et\/ou de personnes physiques agissant sous l&#8217;autorit\u00e9 du Responsable et du D\u00e9l\u00e9gu\u00e9 :<br \/>\n\u2022 les entit\u00e9s fournissant des services pour la gestion du site Internet, du syst\u00e8me d&#8217;information et des r\u00e9seaux de communication ;<br \/>\n\u2022 les cabinets professionnels et\/ou soci\u00e9t\u00e9s dans le cadre des relations d&#8217;assistance et de conseil au Responsable.<br \/>\nEn tout \u00e9tat de cause, les donn\u00e9es peuvent \u00eatre transmises aux sujets autoris\u00e9s \u00e0 acc\u00e9der aux donn\u00e9es par des dispositions l\u00e9gislatives ou r\u00e9glementaires, nationales ou communautaires (par exemple, les autorit\u00e9s en charge du contr\u00f4le et de la surveillance de la s\u00e9curit\u00e9 publique, les autorit\u00e9s judiciaires et la police judiciaire).<\/p>\n<p><strong>TRANSFERT DE DONN\u00c9ES VERS DES PAYS TIERS ET GARANTIES<\/strong><br \/>\nAfin d&#8217;atteindre les objectifs ci-dessus, les donn\u00e9es \u00e0 caract\u00e8re personnel collect\u00e9es peuvent \u00eatre transf\u00e9r\u00e9es vers des syst\u00e8mes informatiques situ\u00e9s dans des pays appartenant \u00e0 l&#8217;Union Europ\u00e9enne ou des pays tiers conform\u00e9ment aux dispositions du R\u00e8glement, \u00e0 l&#8217;article 44 &#8211; Principe g\u00e9n\u00e9ral applicable aux transferts, \u00e0 l&#8217;article 45 &#8211; Transferts fond\u00e9s sur une d\u00e9cision d&#8217;ad\u00e9quation et \u00e0 l&#8217;article 46 &#8211; Transfert moyennant des garanties appropri\u00e9es.<\/p>\n<p><strong>P\u00c9RIODE DE CONSERVATION<\/strong><br \/>\nLes donn\u00e9es personnelles collect\u00e9es seront conserv\u00e9es sous une forme permettant l&#8217;identification des personnes concern\u00e9es pendant la p\u00e9riode strictement n\u00e9cessaire \u00e0 la r\u00e9alisation des finalit\u00e9s de traitement pour lesquelles elles ont \u00e9t\u00e9 collect\u00e9es et d&#8217;autres finalit\u00e9s autoris\u00e9es et connexes ou requises par la loi.<br \/>\n\u00c0 l&#8217;expiration des d\u00e9lais de conservation susmentionn\u00e9s, les donn\u00e9es seront d\u00e9truites ou anonymis\u00e9es de mani\u00e8re compatible avec les proc\u00e9dures techniques de suppression et de sauvegarde.<\/p>\n<p><strong>DROITS DES PERSONNES CONCERN\u00c9ES<\/strong><br \/>\nLes personnes concern\u00e9es peuvent demander au Responsable du traitement l&#8217;acc\u00e8s aux donn\u00e9es les concernant, la rectification de donn\u00e9es inexactes ou l&#8217;int\u00e9gration de donn\u00e9es incompl\u00e8tes. Le cas \u00e9ch\u00e9ant, les personnes concern\u00e9es peuvent exercer leur droit de suppression, de limitation du traitement, d&#8217;opposition au traitement et de portabilit\u00e9 des donn\u00e9es (conform\u00e9ment aux articles 15 \u00e0 22 du GDPR). Lorsque le traitement est fond\u00e9 sur le consentement, les personnes concern\u00e9es ont le droit de r\u00e9voquer leur consentement \u00e0 tout moment.<br \/>\nCes droits peuvent \u00eatre exerc\u00e9s en contactant le Responsable du traitement aux coordonn\u00e9es ci-dessus.<\/p>\n<p><strong>DROIT DE R\u00c9CLAMATION<\/strong><br \/>\nLes personnes qui estiment que le traitement des donn\u00e9es \u00e0 caract\u00e8re personnel les concernant transmises par l&#8217;interm\u00e9diaire du pr\u00e9sent site viole les dispositions du R\u00e8glement et de la r\u00e9glementation nationale ont le droit de faire une r\u00e9clamation aupr\u00e8s de l&#8217;Autorit\u00e9 de Protection des Donn\u00e9es ou d\u2019exercer un recours judiciaire.<\/p>\n<p><strong>MODIFICATION DE CETTE POLITIQUE DE CONFIDENTIALIT\u00c9<\/strong><br \/>\nLe Responsable du traitement se r\u00e9serve le droit de mettre \u00e0 jour \u00e0 tout moment la pr\u00e9sente Politique de Confidentialit\u00e9 afin de l&#8217;adapter \u00e0 la l\u00e9gislation en vigueur et de l&#8217;am\u00e9liorer en tenant compte \u00e9galement des suggestions faites par les clients, les collaborateurs et les utilisateurs.<\/p>\n<p><strong>COOKIE<\/strong><\/p>\n<p>&nbsp;[\/et_pb_text][et_pb_code _builder_version=&#8221;4.20.4&#8243; _module_preset=&#8221;default&#8221; global_colors_info=&#8221;{}&#8221;]<script id=\"CookieDeclaration\" src=\"https:\/\/consent.cookiebot.com\/2f25e4ca-b580-40fa-9afb-ac6deef4bb83\/cd.js\" type=\"text\/javascript\" async><\/script>[\/et_pb_code][\/et_pb_column][\/et_pb_row][\/et_pb_section]<\/p>\n","protected":false},"excerpt":{"rendered":"<p><div class=\"breadcrumb\"><a href=\"https:\/\/www.granapadano.it\/fr-fr\/\">Home<\/a>  <  <\/div>Note d\u2019information pour le traitement des donn\u00e9es \u00e0 caract\u00e8re personnelpubli\u00e9e en vertu et aux fins du R\u00e8glement UE 2016\/679 ou GDPROBJET DU PR\u00c9SENT DOCUMENT Les modalit\u00e9s de traitement des donn\u00e9es \u00e0 caract\u00e8re personnel des utilisateurs du site www.granapadano.it \u00e9ventuellement recueillies lors de sa consultation sont communiqu\u00e9es ci-apr\u00e8s. La note d\u2019information est publi\u00e9e conform\u00e9ment \u00e0 l&#8217;art.13 [&hellip;]<\/p>\n","protected":false},"author":6,"featured_media":0,"parent":0,"menu_order":846,"comment_status":"closed","ping_status":"closed","template":"","meta":{"_acf_changed":false,"_et_pb_use_builder":"on","_et_pb_old_content":"","_et_gb_content_width":"","footnotes":""},"class_list":["post-8918","page","type-page","status-publish","hentry"],"acf":[],"yoast_head":"<!-- This site is optimized with the Yoast SEO plugin v27.3 - https:\/\/yoast.com\/product\/yoast-seo-wordpress\/ -->\n<title>Privacy Policy - Grana Padano<\/title>\n<meta name=\"robots\" content=\"index, follow, max-snippet:-1, max-image-preview:large, max-video-preview:-1\" \/>\n<link rel=\"canonical\" href=\"https:\/\/www.granapadano.it\/fr-fr\/privacy-policy\/\" \/>\n<meta property=\"og:locale\" content=\"fr_FR\" \/>\n<meta property=\"og:type\" content=\"article\" \/>\n<meta property=\"og:title\" content=\"Privacy Policy - Grana Padano\" \/>\n<meta property=\"og:description\" content=\"Note d\u2019information pour le traitement des donn\u00e9es \u00e0 caract\u00e8re personnelpubli\u00e9e en vertu et aux fins du R\u00e8glement UE 2016\/679 ou GDPROBJET DU PR\u00c9SENT DOCUMENT Les modalit\u00e9s de traitement des donn\u00e9es \u00e0 caract\u00e8re personnel des utilisateurs du site www.granapadano.it \u00e9ventuellement recueillies lors de sa consultation sont communiqu\u00e9es ci-apr\u00e8s. La note d\u2019information est publi\u00e9e conform\u00e9ment \u00e0 l&#039;art.13 [&hellip;]\" \/>\n<meta property=\"og:url\" content=\"https:\/\/www.granapadano.it\/fr-fr\/privacy-policy\/\" \/>\n<meta property=\"og:site_name\" content=\"Grana Padano\" \/>\n<meta property=\"article:modified_time\" content=\"2023-04-17T10:47:57+00:00\" \/>\n<meta name=\"twitter:card\" content=\"summary_large_image\" \/>\n<meta name=\"twitter:label1\" content=\"Est. reading time\" \/>\n\t<meta name=\"twitter:data1\" content=\"9 minutes\" \/>\n<script type=\"application\/ld+json\" class=\"yoast-schema-graph\">{\"@context\":\"https:\\\/\\\/schema.org\",\"@graph\":[{\"@type\":\"WebPage\",\"@id\":\"https:\\\/\\\/www.granapadano.it\\\/fr-fr\\\/privacy-policy\\\/\",\"url\":\"https:\\\/\\\/www.granapadano.it\\\/fr-fr\\\/privacy-policy\\\/\",\"name\":\"Privacy Policy - Grana Padano\",\"isPartOf\":{\"@id\":\"https:\\\/\\\/www.granapadano.it\\\/fr-fr\\\/#website\"},\"datePublished\":\"2023-01-16T21:46:47+00:00\",\"dateModified\":\"2023-04-17T10:47:57+00:00\",\"breadcrumb\":{\"@id\":\"https:\\\/\\\/www.granapadano.it\\\/fr-fr\\\/privacy-policy\\\/#breadcrumb\"},\"inLanguage\":\"fr-fr\",\"potentialAction\":[{\"@type\":\"ReadAction\",\"target\":[\"https:\\\/\\\/www.granapadano.it\\\/fr-fr\\\/privacy-policy\\\/\"]}]},{\"@type\":\"BreadcrumbList\",\"@id\":\"https:\\\/\\\/www.granapadano.it\\\/fr-fr\\\/privacy-policy\\\/#breadcrumb\",\"itemListElement\":[{\"@type\":\"ListItem\",\"position\":1,\"name\":\"Home\",\"item\":\"https:\\\/\\\/www.granapadano.it\\\/fr-fr\\\/\"},{\"@type\":\"ListItem\",\"position\":2,\"name\":\"Privacy Policy\"}]},{\"@type\":\"WebSite\",\"@id\":\"https:\\\/\\\/www.granapadano.it\\\/fr-fr\\\/#website\",\"url\":\"https:\\\/\\\/www.granapadano.it\\\/fr-fr\\\/\",\"name\":\"Grana Padano\",\"description\":\"\",\"potentialAction\":[{\"@type\":\"SearchAction\",\"target\":{\"@type\":\"EntryPoint\",\"urlTemplate\":\"https:\\\/\\\/www.granapadano.it\\\/fr-fr\\\/?s={search_term_string}\"},\"query-input\":{\"@type\":\"PropertyValueSpecification\",\"valueRequired\":true,\"valueName\":\"search_term_string\"}}],\"inLanguage\":\"fr-fr\"}]}<\/script>\n<!-- \/ Yoast SEO plugin. -->","yoast_head_json":{"title":"Privacy Policy - Grana Padano","robots":{"index":"index","follow":"follow","max-snippet":"max-snippet:-1","max-image-preview":"max-image-preview:large","max-video-preview":"max-video-preview:-1"},"canonical":"https:\/\/www.granapadano.it\/fr-fr\/privacy-policy\/","og_locale":"fr_FR","og_type":"article","og_title":"Privacy Policy - Grana Padano","og_description":"Note d\u2019information pour le traitement des donn\u00e9es \u00e0 caract\u00e8re personnelpubli\u00e9e en vertu et aux fins du R\u00e8glement UE 2016\/679 ou GDPROBJET DU PR\u00c9SENT DOCUMENT Les modalit\u00e9s de traitement des donn\u00e9es \u00e0 caract\u00e8re personnel des utilisateurs du site www.granapadano.it \u00e9ventuellement recueillies lors de sa consultation sont communiqu\u00e9es ci-apr\u00e8s. La note d\u2019information est publi\u00e9e conform\u00e9ment \u00e0 l'art.13 [&hellip;]","og_url":"https:\/\/www.granapadano.it\/fr-fr\/privacy-policy\/","og_site_name":"Grana Padano","article_modified_time":"2023-04-17T10:47:57+00:00","twitter_card":"summary_large_image","twitter_misc":{"Est. reading time":"9 minutes"},"schema":{"@context":"https:\/\/schema.org","@graph":[{"@type":"WebPage","@id":"https:\/\/www.granapadano.it\/fr-fr\/privacy-policy\/","url":"https:\/\/www.granapadano.it\/fr-fr\/privacy-policy\/","name":"Privacy Policy - Grana Padano","isPartOf":{"@id":"https:\/\/www.granapadano.it\/fr-fr\/#website"},"datePublished":"2023-01-16T21:46:47+00:00","dateModified":"2023-04-17T10:47:57+00:00","breadcrumb":{"@id":"https:\/\/www.granapadano.it\/fr-fr\/privacy-policy\/#breadcrumb"},"inLanguage":"fr-fr","potentialAction":[{"@type":"ReadAction","target":["https:\/\/www.granapadano.it\/fr-fr\/privacy-policy\/"]}]},{"@type":"BreadcrumbList","@id":"https:\/\/www.granapadano.it\/fr-fr\/privacy-policy\/#breadcrumb","itemListElement":[{"@type":"ListItem","position":1,"name":"Home","item":"https:\/\/www.granapadano.it\/fr-fr\/"},{"@type":"ListItem","position":2,"name":"Privacy Policy"}]},{"@type":"WebSite","@id":"https:\/\/www.granapadano.it\/fr-fr\/#website","url":"https:\/\/www.granapadano.it\/fr-fr\/","name":"Grana Padano","description":"","potentialAction":[{"@type":"SearchAction","target":{"@type":"EntryPoint","urlTemplate":"https:\/\/www.granapadano.it\/fr-fr\/?s={search_term_string}"},"query-input":{"@type":"PropertyValueSpecification","valueRequired":true,"valueName":"search_term_string"}}],"inLanguage":"fr-fr"}]}},"_links":{"self":[{"href":"https:\/\/www.granapadano.it\/fr-fr\/wp-json\/wp\/v2\/pages\/8918","targetHints":{"allow":["GET"]}}],"collection":[{"href":"https:\/\/www.granapadano.it\/fr-fr\/wp-json\/wp\/v2\/pages"}],"about":[{"href":"https:\/\/www.granapadano.it\/fr-fr\/wp-json\/wp\/v2\/types\/page"}],"author":[{"embeddable":true,"href":"https:\/\/www.granapadano.it\/fr-fr\/wp-json\/wp\/v2\/users\/6"}],"replies":[{"embeddable":true,"href":"https:\/\/www.granapadano.it\/fr-fr\/wp-json\/wp\/v2\/comments?post=8918"}],"version-history":[{"count":2,"href":"https:\/\/www.granapadano.it\/fr-fr\/wp-json\/wp\/v2\/pages\/8918\/revisions"}],"predecessor-version":[{"id":91815,"href":"https:\/\/www.granapadano.it\/fr-fr\/wp-json\/wp\/v2\/pages\/8918\/revisions\/91815"}],"wp:attachment":[{"href":"https:\/\/www.granapadano.it\/fr-fr\/wp-json\/wp\/v2\/media?parent=8918"}],"curies":[{"name":"wp","href":"https:\/\/api.w.org\/{rel}","templated":true}]}}