{"id":69675,"date":"2023-03-10T15:37:27","date_gmt":"2023-03-10T15:37:27","guid":{"rendered":"https:\/\/www.granapadano.it\/lart-de-la-production\/un-produit-iconique\/les-proprietes-de-grana-padano\/grana-padano-naturalmente-privo-di-lattosio\/"},"modified":"2026-03-31T10:45:37","modified_gmt":"2026-03-31T10:45:37","slug":"grana-padano-naturellement-sans-lactose","status":"publish","type":"page","link":"https:\/\/www.granapadano.it\/fr-fr\/le-bien-etre\/priorite-nutritionnel\/grana-padano-naturellement-sans-lactose\/","title":{"rendered":"Grana Padano naturellement sans lactose"},"content":{"rendered":"<p>[et_pb_section fb_built=&#8221;1&#8243; fullwidth=&#8221;on&#8221; _builder_version=&#8221;4.19.0&#8243; _module_preset=&#8221;default&#8221; global_colors_info=&#8221;{}&#8221;][et_pb_fullwidth_image src=&#8221;https:\/\/www.granapadano.it\/wp-content\/uploads\/2026\/03\/GP_header-Privo-di-lattosio-NO-SCritta.jpg&#8221; title_text=&#8221;GP_header-Privo-di-lattosio-NO-SCritta&#8221; src_tablet=&#8221;https:\/\/www.granapadano.it\/wp-content\/uploads\/2023\/03\/header.jpg&#8221; src_phone=&#8221;https:\/\/www.granapadano.it\/wp-content\/uploads\/2023\/03\/mobile.jpg&#8221; src_last_edited=&#8221;on|phone&#8221; _builder_version=&#8221;4.27.6&#8243; _module_preset=&#8221;default&#8221; hover_enabled=&#8221;0&#8243; global_colors_info=&#8221;{}&#8221; sticky_enabled=&#8221;0&#8243;][\/et_pb_fullwidth_image][\/et_pb_section][et_pb_section fb_built=&#8221;1&#8243; module_class=&#8221;production_sub_hub_main_wrapper&#8221; _builder_version=&#8221;4.19.3&#8243; _module_preset=&#8221;default&#8221; custom_padding=&#8221;13px||0px|||&#8221; global_colors_info=&#8221;{}&#8221;][et_pb_row module_class=&#8221;recipe_filter_section&#8221; _builder_version=&#8221;4.19.4&#8243; _module_preset=&#8221;default&#8221; max_width=&#8221;90%&#8221; custom_padding=&#8221;||7px|||&#8221; global_colors_info=&#8221;{}&#8221;][et_pb_column type=&#8221;4_4&#8243; _builder_version=&#8221;4.19.4&#8243; _module_preset=&#8221;default&#8221; global_colors_info=&#8221;{}&#8221;][et_pb_code _builder_version=&#8221;4.19.4&#8243; _module_preset=&#8221;default&#8221; global_colors_info=&#8221;{}&#8221;]<div class=\"breadcrumb\"><a href=\"https:\/\/www.granapadano.it\/fr-fr\/\">Home<\/a>  <  <\/div>[\/et_pb_code][\/et_pb_column][\/et_pb_row][\/et_pb_section][et_pb_section fb_built=&#8221;1&#8243; _builder_version=&#8221;4.19.5&#8243; _module_preset=&#8221;default&#8221; custom_padding=&#8221;50px|||||&#8221; global_colors_info=&#8221;{}&#8221;][et_pb_row _builder_version=&#8221;4.19.4&#8243; _module_preset=&#8221;default&#8221; max_width=&#8221;90%&#8221; min_height=&#8221;55.9px&#8221; custom_padding=&#8221;7px||0px|||&#8221; global_colors_info=&#8221;{}&#8221;][et_pb_column type=&#8221;4_4&#8243; _builder_version=&#8221;4.19.4&#8243; _module_preset=&#8221;default&#8221; global_colors_info=&#8221;{}&#8221;][et_pb_text module_class=&#8221;eventi_ambascitori_top_sec_title&#8221; _builder_version=&#8221;4.20.2&#8243; _module_preset=&#8221;default&#8221; text_font=&#8221;Merriweather|700|||||||&#8221; text_text_color=&#8221;#0f0f0f&#8221; text_font_size=&#8221;44px&#8221; text_line_height=&#8221;62px&#8221; header_text_color=&#8221;gcid-8696fd7e-29dd-4028-9d4d-981b208a53a9&#8243; header_font_size=&#8221;44px&#8221; header_line_height=&#8221;52px&#8221; text_orientation=&#8221;center&#8221; custom_margin=&#8221;-12px||7px|||&#8221; global_colors_info=&#8221;{%22gcid-8696fd7e-29dd-4028-9d4d-981b208a53a9%22:%91%22header_text_color%22%93}&#8221;]<\/p>\n<h1>Grana Padano naturellement sans lactose<\/h1>\n<p>[\/et_pb_text][et_pb_text _builder_version=&#8221;4.27.6&#8243; _module_preset=&#8221;default&#8221; text_font=&#8221;|300|||||||&#8221; text_text_color=&#8221;#000000&#8243; text_font_size=&#8221;16px&#8221; text_line_height=&#8221;26px&#8221; text_orientation=&#8221;center&#8221; global_colors_info=&#8221;{}&#8221;]<\/p>\n<p style=\"text-align: left;\">Nombreux sont ceux qui pensent qu\u2019une personne intol\u00e9rante au lactose est oblig\u00e9e d&#8217;\u00e9liminer de son alimentation tous les d\u00e9riv\u00e9s du lait. Il existe cependant des fromages naturellement sans lactose, comme le Grana Padano AOP.<\/p>\n<p style=\"text-align: left;\">Une petite pr\u00e9cision avant tout : <strong>qu&#8217;entend-on par \u00ab intol\u00e9rance au lactose \u00bb ?<\/strong><\/p>\n<p style=\"text-align: left;\">L&#8217;intol\u00e9rance au lactose, le principal sucre du lait \u00e9galement pr\u00e9sent dans d&#8217;autres produits laitiers ou d\u00e9riv\u00e9s du lait, survient chez les personnes qui ne produisent que partiellement, voire pas du tout, delactase, l\u2019enzyme responsable de la scission du lactose en glucose et galactose (sucres simples m\u00e9tabolis\u00e9s par l&#8217;organisme). Le lactose n&#8217;est donc pas dig\u00e9r\u00e9 et reste dans l&#8217;intestin, est ferment\u00e9 par la flore bact\u00e9rienne, ce qui g\u00e9n\u00e8re l&#8217;apparition de sympt\u00f4mes caract\u00e9ristiques de cette intol\u00e9rance.<\/p>\n<p style=\"text-align: left;\">Si le lait est l&#8217;ingr\u00e9dient principal de tous les fromages, <strong>comment se fait-il que le Grana Padano AOP ne contienne pas de lactose ?<\/strong><\/p>\n<p style=\"text-align: left;\"><strong>Le processus de production traditionnel<\/strong> du Grana Padano AOP, rigoureusement d\u00e9fini par le cahier des charges de production, permet d&#8217;obtenir un fromage naturellement sans lactose, donc facilement consommable m\u00eame par des personnes intol\u00e9rantes.<\/p>\n<p style=\"text-align: left;\">Le processus de production du Grana Padano AOP fait en sorte que <strong>le lactose soit progressivement \u00e9limin\u00e9<\/strong> pendant le processus de fabrication naturelle du fromage. La majeure partie du lactose r\u00e9siduel dans le lactos\u00e9rum se s\u00e9pare du caill\u00e9 au moment de la fabrication du fromage. Il reste dans le caill\u00e9 r\u00e9siduel une fraction limit\u00e9e de lactos\u00e9rum et de composants solubles du lait, dont le lactose. Ensuite, d\u00e8s la phase de moulage d\u2019une dur\u00e9e de 48 heures, une fermentation lactique a lieu et les bact\u00e9ries s\u00e9parent presque tout le lactose r\u00e9siduel, en le transformant d&#8217;abord en glucose et en galactose, puis en acide lactique.<\/p>\n<p style=\"text-align: left;\"><strong>C&#8217;est au cours de la premi\u00e8re \u00e9tape d\u2019affinage que la d\u00e9gradation du lactose restant a lieu<\/strong>. Apr\u00e8s neuf mois, la p\u00e9riode minimale d\u2019affinage pr\u00e9vue dans le cahier des charges du Grana Padano AOP, le lactose r\u00e9siduel est nettement inf\u00e9rieur \u00e0 0,1 g\/100 g (valeur limite indiqu\u00e9e par la Circulaire du Minist\u00e8re de la Sant\u00e9 DGISAN du 16.06.2016).<\/p>\n<p style=\"text-align: left;\">Le Grana Padano AOP peut donc \u00e9galement \u00eatre consomm\u00e9 par les adultes et les enfants intol\u00e9rants au lactose, qui b\u00e9n\u00e9ficient ainsi des extraordinaires nutriments apport\u00e9s par le lait de vache cru et de ses propri\u00e9t\u00e9s bioactives, sans nuire \u00e0 leur sant\u00e9.<\/p>\n<p style=\"text-align: left;\">De plus, le Grana Padano AOP a une valeur r\u00e9siduelle de galactose inf\u00e9rieure \u00e0 10 mg\/100 g. Cette caract\u00e9ristique fait du Grana Padano AOP un produit \u00e9galement indiqu\u00e9 dans les r\u00e9gimes alimentaires \u00e0 faible teneur en FODMAP (Fermentable Oligo-di and Mono-saccharides, and Polyols), comme l&#8217;indiquent les recherches scientifiques effectu\u00e9es par P.R. Gibson &amp; S.J. Shepherd en (2005).<\/p>\n<p>[\/et_pb_text][\/et_pb_column][\/et_pb_row][\/et_pb_section][et_pb_section fb_built=&#8221;1&#8243; module_class=&#8221;sostenibilita_main_section&#8221; _builder_version=&#8221;4.27.6&#8243; _module_preset=&#8221;default&#8221; background_color=&#8221;#FFFFFF&#8221; min_height=&#8221;1513.9px&#8221; custom_margin=&#8221;2px|||||&#8221; custom_padding=&#8221;0px||30px|||&#8221; locked=&#8221;off&#8221; global_colors_info=&#8221;{}&#8221;][et_pb_row use_custom_gutter=&#8221;on&#8221; gutter_width=&#8221;3&#8243; module_class=&#8221;consorzio_saprate_section&#8221; _builder_version=&#8221;4.27.6&#8243; _module_preset=&#8221;default&#8221; transform_scale=&#8221;94%|94%&#8221; max_width=&#8221;90%&#8221; custom_margin=&#8221;|auto|29px|auto||&#8221; custom_padding=&#8221;0px|||||&#8221; custom_css_free_form=&#8221;.consorzio_saprate_section .et_pb_column  {||  border-radius: 0px !important;||}&#8221; global_colors_info=&#8221;{}&#8221;][et_pb_column type=&#8221;4_4&#8243; _builder_version=&#8221;4.27.6&#8243; _module_preset=&#8221;default&#8221; link_option_url=&#8221;\/it-it\/larte-della-produzione\/il-prodotto-iconico\/le-proprieta\/valori-nutrizionali-e-calorie-del-grana-padano\/&#8221; custom_css_free_form=&#8221;     .et_pb_gutters3 .et_pb_column_4_4, .et_pb_gutters3.et_pb_row .et_pb_column_4_4  {border-radius: 0px; background-color: #F9F1E4 !important}&#8221; global_colors_info=&#8221;{}&#8221;][et_pb_image title_text=&#8221;A Cow grazing in a field&#8221; url=&#8221;\/it-it\/larte-della-produzione\/il-prodotto-iconico\/le-proprieta\/valori-nutrizionali-e-calorie-del-grana-padano\/&#8221; align=&#8221;center&#8221; _builder_version=&#8221;4.20.2&#8243; _module_preset=&#8221;default&#8221; background_color=&#8221;RGBA(255,255,255,0)&#8221; background_image=&#8221;https:\/\/www.granapadano.it\/wp-content\/uploads\/2023\/03\/Valori-nutrizionali.jpg&#8221; min_height=&#8221;89px&#8221; custom_padding=&#8221;209px|0px||2px|false|false&#8221; global_colors_info=&#8221;{}&#8221;][\/et_pb_image][et_pb_text _builder_version=&#8221;4.20.0&#8243; _module_preset=&#8221;default&#8221; header_3_font=&#8221;Merriweather|700|||||||&#8221; header_3_text_color=&#8221;#0f0f0f&#8221; header_3_font_size=&#8221;23px&#8221; header_3_line_height=&#8221;27px&#8221; global_colors_info=&#8221;{}&#8221;]<\/p>\n<h3>Valeurs nutritionnelles et calories de Grana Padano<\/h3>\n<p>[\/et_pb_text][et_pb_text _builder_version=&#8221;4.27.6&#8243; _module_preset=&#8221;default&#8221; text_font=&#8221;||||||||&#8221; text_text_color=&#8221;#0f0f0f&#8221; text_font_size=&#8221;16px&#8221; text_line_height=&#8221;26px&#8221; global_colors_info=&#8221;{}&#8221;]<\/p>\n<p>Grana Padano est un aliment aux grandes qualit\u00e9s nutritionnelles&#8230;.<\/p>\n<p>[\/et_pb_text][et_pb_image src=&#8221;https:\/\/www.granapadano.it\/wp-content\/uploads\/2022\/11\/Path-20171.png&#8221; title_text=&#8221;Path 20171&#8243; url=&#8221;https:\/\/www.granapadano.it\/fr-fr\/le-bien-etre\/priorite-nutritionnel\/valeurs-nutritionnelles-et-calories-de-grana-padano\/&#8221; align=&#8221;right&#8221; _builder_version=&#8221;4.27.6&#8243; _module_preset=&#8221;default&#8221; global_colors_info=&#8221;{}&#8221;][\/et_pb_image][\/et_pb_column][\/et_pb_row][\/et_pb_section]<\/p>\n","protected":false},"excerpt":{"rendered":"<p><div class=\"breadcrumb\"><a href=\"https:\/\/www.granapadano.it\/fr-fr\/\">Home<\/a>  <  <\/div>Grana Padano naturellement sans lactoseNombreux sont ceux qui pensent qu\u2019une personne intol\u00e9rante au lactose est oblig\u00e9e d&#8217;\u00e9liminer de son alimentation tous les d\u00e9riv\u00e9s du lait. Il existe cependant des fromages naturellement sans lactose, comme le Grana Padano AOP. Une petite pr\u00e9cision avant tout : qu&#8217;entend-on par \u00ab intol\u00e9rance au lactose \u00bb ? L&#8217;intol\u00e9rance au lactose, [&hellip;]<\/p>\n","protected":false},"author":6,"featured_media":0,"parent":41534,"menu_order":871,"comment_status":"closed","ping_status":"closed","template":"","meta":{"_acf_changed":false,"_et_pb_use_builder":"on","_et_pb_old_content":"","_et_gb_content_width":"","footnotes":""},"class_list":["post-69675","page","type-page","status-publish","hentry"],"acf":[],"yoast_head":"<!-- This site is optimized with the Yoast SEO plugin v27.3 - https:\/\/yoast.com\/product\/yoast-seo-wordpress\/ -->\n<title>Grana Padano naturellement sans lactose - Grana Padano<\/title>\n<meta name=\"robots\" content=\"index, follow, max-snippet:-1, max-image-preview:large, max-video-preview:-1\" \/>\n<link rel=\"canonical\" href=\"https:\/\/www.granapadano.it\/fr-fr\/le-bien-etre\/priorite-nutritionnel\/grana-padano-naturellement-sans-lactose\/\" \/>\n<meta property=\"og:locale\" content=\"fr_FR\" \/>\n<meta property=\"og:type\" content=\"article\" \/>\n<meta property=\"og:title\" content=\"Grana Padano naturellement sans lactose - Grana Padano\" \/>\n<meta property=\"og:description\" content=\"Grana Padano naturellement sans lactoseNombreux sont ceux qui pensent qu\u2019une personne intol\u00e9rante au lactose est oblig\u00e9e d&#039;\u00e9liminer de son alimentation tous les d\u00e9riv\u00e9s du lait. Il existe cependant des fromages naturellement sans lactose, comme le Grana Padano AOP. Une petite pr\u00e9cision avant tout : qu&#039;entend-on par \u00ab intol\u00e9rance au lactose \u00bb ? L&#039;intol\u00e9rance au lactose, [&hellip;]\" \/>\n<meta property=\"og:url\" content=\"https:\/\/www.granapadano.it\/fr-fr\/le-bien-etre\/priorite-nutritionnel\/grana-padano-naturellement-sans-lactose\/\" \/>\n<meta property=\"og:site_name\" content=\"Grana Padano\" \/>\n<meta property=\"article:modified_time\" content=\"2026-03-31T10:45:37+00:00\" \/>\n<meta name=\"twitter:card\" content=\"summary_large_image\" \/>\n<meta name=\"twitter:label1\" content=\"Est. reading time\" \/>\n\t<meta name=\"twitter:data1\" content=\"3 minutes\" \/>\n<script type=\"application\/ld+json\" class=\"yoast-schema-graph\">{\"@context\":\"https:\\\/\\\/schema.org\",\"@graph\":[{\"@type\":\"WebPage\",\"@id\":\"https:\\\/\\\/www.granapadano.it\\\/fr-fr\\\/le-bien-etre\\\/priorite-nutritionnel\\\/grana-padano-naturellement-sans-lactose\\\/\",\"url\":\"https:\\\/\\\/www.granapadano.it\\\/fr-fr\\\/le-bien-etre\\\/priorite-nutritionnel\\\/grana-padano-naturellement-sans-lactose\\\/\",\"name\":\"Grana Padano naturellement sans lactose - Grana Padano\",\"isPartOf\":{\"@id\":\"https:\\\/\\\/www.granapadano.it\\\/fr-fr\\\/#website\"},\"datePublished\":\"2023-03-10T15:37:27+00:00\",\"dateModified\":\"2026-03-31T10:45:37+00:00\",\"breadcrumb\":{\"@id\":\"https:\\\/\\\/www.granapadano.it\\\/fr-fr\\\/le-bien-etre\\\/priorite-nutritionnel\\\/grana-padano-naturellement-sans-lactose\\\/#breadcrumb\"},\"inLanguage\":\"fr-fr\",\"potentialAction\":[{\"@type\":\"ReadAction\",\"target\":[\"https:\\\/\\\/www.granapadano.it\\\/fr-fr\\\/le-bien-etre\\\/priorite-nutritionnel\\\/grana-padano-naturellement-sans-lactose\\\/\"]}]},{\"@type\":\"BreadcrumbList\",\"@id\":\"https:\\\/\\\/www.granapadano.it\\\/fr-fr\\\/le-bien-etre\\\/priorite-nutritionnel\\\/grana-padano-naturellement-sans-lactose\\\/#breadcrumb\",\"itemListElement\":[{\"@type\":\"ListItem\",\"position\":1,\"name\":\"Home\",\"item\":\"https:\\\/\\\/www.granapadano.it\\\/fr-fr\\\/\"},{\"@type\":\"ListItem\",\"position\":2,\"name\":\"Le bien \u00eatre\",\"item\":\"https:\\\/\\\/www.granapadano.it\\\/fr-fr\\\/le-bien-etre\\\/\"},{\"@type\":\"ListItem\",\"position\":3,\"name\":\"Priorit\u00e9 nutritionnel\",\"item\":\"https:\\\/\\\/www.granapadano.it\\\/fr-fr\\\/le-bien-etre\\\/priorite-nutritionnel\\\/\"},{\"@type\":\"ListItem\",\"position\":4,\"name\":\"Grana Padano naturellement sans lactose\"}]},{\"@type\":\"WebSite\",\"@id\":\"https:\\\/\\\/www.granapadano.it\\\/fr-fr\\\/#website\",\"url\":\"https:\\\/\\\/www.granapadano.it\\\/fr-fr\\\/\",\"name\":\"Grana Padano\",\"description\":\"\",\"potentialAction\":[{\"@type\":\"SearchAction\",\"target\":{\"@type\":\"EntryPoint\",\"urlTemplate\":\"https:\\\/\\\/www.granapadano.it\\\/fr-fr\\\/?s={search_term_string}\"},\"query-input\":{\"@type\":\"PropertyValueSpecification\",\"valueRequired\":true,\"valueName\":\"search_term_string\"}}],\"inLanguage\":\"fr-fr\"}]}<\/script>\n<!-- \/ Yoast SEO plugin. -->","yoast_head_json":{"title":"Grana Padano naturellement sans lactose - Grana Padano","robots":{"index":"index","follow":"follow","max-snippet":"max-snippet:-1","max-image-preview":"max-image-preview:large","max-video-preview":"max-video-preview:-1"},"canonical":"https:\/\/www.granapadano.it\/fr-fr\/le-bien-etre\/priorite-nutritionnel\/grana-padano-naturellement-sans-lactose\/","og_locale":"fr_FR","og_type":"article","og_title":"Grana Padano naturellement sans lactose - Grana Padano","og_description":"Grana Padano naturellement sans lactoseNombreux sont ceux qui pensent qu\u2019une personne intol\u00e9rante au lactose est oblig\u00e9e d'\u00e9liminer de son alimentation tous les d\u00e9riv\u00e9s du lait. Il existe cependant des fromages naturellement sans lactose, comme le Grana Padano AOP. Une petite pr\u00e9cision avant tout : qu'entend-on par \u00ab intol\u00e9rance au lactose \u00bb ? L'intol\u00e9rance au lactose, [&hellip;]","og_url":"https:\/\/www.granapadano.it\/fr-fr\/le-bien-etre\/priorite-nutritionnel\/grana-padano-naturellement-sans-lactose\/","og_site_name":"Grana Padano","article_modified_time":"2026-03-31T10:45:37+00:00","twitter_card":"summary_large_image","twitter_misc":{"Est. reading time":"3 minutes"},"schema":{"@context":"https:\/\/schema.org","@graph":[{"@type":"WebPage","@id":"https:\/\/www.granapadano.it\/fr-fr\/le-bien-etre\/priorite-nutritionnel\/grana-padano-naturellement-sans-lactose\/","url":"https:\/\/www.granapadano.it\/fr-fr\/le-bien-etre\/priorite-nutritionnel\/grana-padano-naturellement-sans-lactose\/","name":"Grana Padano naturellement sans lactose - Grana Padano","isPartOf":{"@id":"https:\/\/www.granapadano.it\/fr-fr\/#website"},"datePublished":"2023-03-10T15:37:27+00:00","dateModified":"2026-03-31T10:45:37+00:00","breadcrumb":{"@id":"https:\/\/www.granapadano.it\/fr-fr\/le-bien-etre\/priorite-nutritionnel\/grana-padano-naturellement-sans-lactose\/#breadcrumb"},"inLanguage":"fr-fr","potentialAction":[{"@type":"ReadAction","target":["https:\/\/www.granapadano.it\/fr-fr\/le-bien-etre\/priorite-nutritionnel\/grana-padano-naturellement-sans-lactose\/"]}]},{"@type":"BreadcrumbList","@id":"https:\/\/www.granapadano.it\/fr-fr\/le-bien-etre\/priorite-nutritionnel\/grana-padano-naturellement-sans-lactose\/#breadcrumb","itemListElement":[{"@type":"ListItem","position":1,"name":"Home","item":"https:\/\/www.granapadano.it\/fr-fr\/"},{"@type":"ListItem","position":2,"name":"Le bien \u00eatre","item":"https:\/\/www.granapadano.it\/fr-fr\/le-bien-etre\/"},{"@type":"ListItem","position":3,"name":"Priorit\u00e9 nutritionnel","item":"https:\/\/www.granapadano.it\/fr-fr\/le-bien-etre\/priorite-nutritionnel\/"},{"@type":"ListItem","position":4,"name":"Grana Padano naturellement sans lactose"}]},{"@type":"WebSite","@id":"https:\/\/www.granapadano.it\/fr-fr\/#website","url":"https:\/\/www.granapadano.it\/fr-fr\/","name":"Grana Padano","description":"","potentialAction":[{"@type":"SearchAction","target":{"@type":"EntryPoint","urlTemplate":"https:\/\/www.granapadano.it\/fr-fr\/?s={search_term_string}"},"query-input":{"@type":"PropertyValueSpecification","valueRequired":true,"valueName":"search_term_string"}}],"inLanguage":"fr-fr"}]}},"_links":{"self":[{"href":"https:\/\/www.granapadano.it\/fr-fr\/wp-json\/wp\/v2\/pages\/69675","targetHints":{"allow":["GET"]}}],"collection":[{"href":"https:\/\/www.granapadano.it\/fr-fr\/wp-json\/wp\/v2\/pages"}],"about":[{"href":"https:\/\/www.granapadano.it\/fr-fr\/wp-json\/wp\/v2\/types\/page"}],"author":[{"embeddable":true,"href":"https:\/\/www.granapadano.it\/fr-fr\/wp-json\/wp\/v2\/users\/6"}],"replies":[{"embeddable":true,"href":"https:\/\/www.granapadano.it\/fr-fr\/wp-json\/wp\/v2\/comments?post=69675"}],"version-history":[{"count":5,"href":"https:\/\/www.granapadano.it\/fr-fr\/wp-json\/wp\/v2\/pages\/69675\/revisions"}],"predecessor-version":[{"id":153558,"href":"https:\/\/www.granapadano.it\/fr-fr\/wp-json\/wp\/v2\/pages\/69675\/revisions\/153558"}],"up":[{"embeddable":true,"href":"https:\/\/www.granapadano.it\/fr-fr\/wp-json\/wp\/v2\/pages\/41534"}],"wp:attachment":[{"href":"https:\/\/www.granapadano.it\/fr-fr\/wp-json\/wp\/v2\/media?parent=69675"}],"curies":[{"name":"wp","href":"https:\/\/api.w.org\/{rel}","templated":true}]}}