{"id":38740,"date":"2023-02-16T16:09:02","date_gmt":"2023-02-16T16:09:02","guid":{"rendered":"https:\/\/www.granapadano.it\/le-consortium-de-protection\/notre-role-protection-et-promotion\/tutela\/"},"modified":"2023-04-12T16:22:54","modified_gmt":"2023-04-12T16:22:54","slug":"protection","status":"publish","type":"page","link":"https:\/\/www.granapadano.it\/fr-fr\/le-consortium-de-protection\/notre-role-protection-et-promotion\/protection\/","title":{"rendered":"Protection"},"content":{"rendered":"<p>[et_pb_section fb_built=&#8221;1&#8243; fullwidth=&#8221;on&#8221; _builder_version=&#8221;4.19.0&#8243; _module_preset=&#8221;default&#8221; locked=&#8221;off&#8221; global_colors_info=&#8221;{}&#8221;][et_pb_fullwidth_image src=&#8221;https:\/\/www.granapadano.it\/wp-content\/uploads\/2023\/01\/Sostenibilita-ambientale-1h.jpg&#8221; title_text=&#8221;Sostenibilita-ambientale-1m&#8221; src_tablet=&#8221;https:\/\/www.granapadano.it\/wp-content\/uploads\/2023\/01\/Sostenibilita-ambientale-1h.jpg&#8221; src_phone=&#8221;https:\/\/www.granapadano.it\/wp-content\/uploads\/2023\/01\/Sostenibilita-ambientale-1m.jpg&#8221; src_last_edited=&#8221;on|phone&#8221; _builder_version=&#8221;4.19.5&#8243; _module_preset=&#8221;default&#8221; global_colors_info=&#8221;{}&#8221;][\/et_pb_fullwidth_image][\/et_pb_section][et_pb_section fb_built=&#8221;1&#8243; module_class=&#8221;production_sub_hub_main_wrapper&#8221; _builder_version=&#8221;4.19.5&#8243; _module_preset=&#8221;default&#8221; custom_padding=&#8221;13px||0px|||&#8221; locked=&#8221;off&#8221; global_colors_info=&#8221;{}&#8221;][et_pb_row module_class=&#8221;recipe_filter_section&#8221; _builder_version=&#8221;4.19.2&#8243; _module_preset=&#8221;default&#8221; max_width=&#8221;90%&#8221; custom_padding=&#8221;||7px|||&#8221; global_colors_info=&#8221;{}&#8221;][et_pb_column type=&#8221;4_4&#8243; _builder_version=&#8221;4.19.2&#8243; _module_preset=&#8221;default&#8221; global_colors_info=&#8221;{}&#8221;][et_pb_code _builder_version=&#8221;4.19.2&#8243; _module_preset=&#8221;default&#8221; custom_margin=&#8221;||16px|||&#8221; global_colors_info=&#8221;{}&#8221;]<div class=\"breadcrumb\"><a href=\"https:\/\/www.granapadano.it\/fr-fr\/\">Home<\/a>  <  <\/div>[\/et_pb_code][\/et_pb_column][\/et_pb_row][\/et_pb_section][et_pb_section fb_built=&#8221;1&#8243; module_class=&#8221;gp_production_sub_hub_main&#8221; _builder_version=&#8221;4.19.5&#8243; _module_preset=&#8221;default&#8221; custom_padding=&#8221;0px||4px||false|false&#8221; locked=&#8221;off&#8221; global_colors_info=&#8221;{}&#8221;][et_pb_row _builder_version=&#8221;4.19.4&#8243; _module_preset=&#8221;default&#8221; max_width=&#8221;90%&#8221; module_alignment=&#8221;center&#8221; custom_padding=&#8221;0px||0px|||&#8221; global_colors_info=&#8221;{}&#8221;][et_pb_column type=&#8221;4_4&#8243; _builder_version=&#8221;4.19.1&#8243; _module_preset=&#8221;default&#8221; global_colors_info=&#8221;{}&#8221;][et_pb_text _builder_version=&#8221;4.20.0&#8243; _module_preset=&#8221;default&#8221; header_font=&#8221;Merriweather||||||||&#8221; header_font_size=&#8221;44px&#8221; header_line_height=&#8221;52px&#8221; custom_margin=&#8221;0px||||false|false&#8221; custom_padding=&#8221;0px||||false|false&#8221; global_colors_info=&#8221;{}&#8221;]<\/p>\n<h1 style=\"text-align: center;\">Protection <\/h1>\n<p>[\/et_pb_text][et_pb_text _builder_version=&#8221;4.20.0&#8243; _module_preset=&#8221;default&#8221; text_text_color=&#8221;#0f0f0f&#8221; text_font_size=&#8221;18px&#8221; text_line_height=&#8221;26px&#8221; width=&#8221;99.9%&#8221; min_height=&#8221;612.9px&#8221; custom_padding=&#8221;14px|1px|46px|||&#8221; global_colors_info=&#8221;{}&#8221;]<em>\u00ab Le Consortium a une mission de protection, de contr\u00f4le et de sauvegarde du Grana Padano AOP \u00e0 chaque \u00e9tape de la cha\u00eene de production : production de la mati\u00e8re premi\u00e8re, sa transformation, son conditionnement et le commerce du fromage \u00bb<\/em><br \/>\n<strong>(Statuts du Consortium de Protection du Grana Padano)<\/strong><\/p>\n<p>La fonction de protection concerne la sauvegarde g\u00e9n\u00e9rale des int\u00e9r\u00eats du Grana Padano en tant que fromage \u00e0 Appellation d&#8217;Origine Prot\u00e9g\u00e9e.<br \/>\nElle comprend \u00e9galement la protection contre les abus, les actes de concurrence d\u00e9loyale, la contrefa\u00e7on, l\u2019utilisation abusive de l\u2019appellation ou d\u2019autres comportements illicites dans la production, la transformation et la commercialisation du Grana Padano.<\/p>\n<p><strong>PROTECTION EST SYNONYME DE :<\/strong><br \/>\n<strong><\/strong><\/p>\n<p><strong>Respect du cahier des charges de production<\/strong><br \/>\nDepuis 1996, le Grana Padano est un fromage \u00e0 Appellation d\u2019Origine Prot\u00e9g\u00e9e. En tant que tel, il doit respecter juridiquement les crit\u00e8res du cahier des charges de production \u00e9labor\u00e9 par le Consortium, qui codifie les proc\u00e9dures \u00e0 suivre tout au long du processus de transformation du lait jusqu&#8217;\u00e0 l&#8217;obtention du Grana Padano.<br \/>\n<strong><\/strong><\/p>\n<p><strong>Garantie de qualit\u00e9<\/strong><br \/>\nL&#8217;objectif premier du Consortium dans le cadre de ses fonctions de protection est de garantir au consommateur un produit de grande qualit\u00e9 certifi\u00e9, charg\u00e9 d\u2019histoire, de typicit\u00e9 et de tradition. Contr\u00f4les sp\u00e9cifiques. Afin de s&#8217;assurer que chaque producteur respecte les r\u00e8gles \u00e9tablies dans le cahier des charges et que chaque meule de Grana Padano remplisse les crit\u00e8res requis, de nombreux contr\u00f4les et inspections sont effectu\u00e9s par le Consortium en collaboration avec un organisme externe agr\u00e9\u00e9, le CSQA actuellement.<\/p>\n<p><strong>L&#8217;authenticit\u00e9 sans l&#8217;ombre d&#8217;un doute<\/strong><br \/>\nLe Consortium de Protection du Grana Padano contr\u00f4le et supervise les producteurs, les affineurs, les conditionneurs de fromage r\u00e2p\u00e9, les conditionneurs de fromage en morceau et les points de vente afin de s&#8217;assurer \u00e0 tout moment que toutes les op\u00e9rations sont effectu\u00e9es dans les r\u00e8gles de l&#8217;art et ne portent pas pr\u00e9judice \u00e0 l&#8217;authenticit\u00e9 et \u00e0 la qualit\u00e9 du produit AOP.<\/p>\n<p><strong>Lutte contre les d\u00e9lits<\/strong><br \/>\nLes contr\u00f4les \u00e0 cet effet sont effectu\u00e9s de mani\u00e8re al\u00e9atoire et l&#8217;intervention du Bureau de r\u00e9pression des fraudes et des groupes anti-sophistication peut \u00eatre sollicit\u00e9e en cas de d\u00e9lits graves.[\/et_pb_text][\/et_pb_column][\/et_pb_row][\/et_pb_section]<\/p>\n","protected":false},"excerpt":{"rendered":"<p><div class=\"breadcrumb\"><a href=\"https:\/\/www.granapadano.it\/fr-fr\/\">Home<\/a>  <  <\/div>Protection \u00ab Le Consortium a une mission de protection, de contr\u00f4le et de sauvegarde du Grana Padano AOP \u00e0 chaque \u00e9tape de la cha\u00eene de production : production de la mati\u00e8re premi\u00e8re, sa transformation, son conditionnement et le commerce du fromage \u00bb (Statuts du Consortium de Protection du Grana Padano) La fonction de protection concerne [&hellip;]<\/p>\n","protected":false},"author":3,"featured_media":0,"parent":37027,"menu_order":619,"comment_status":"closed","ping_status":"closed","template":"","meta":{"_acf_changed":false,"_et_pb_use_builder":"on","_et_pb_old_content":"","_et_gb_content_width":"","footnotes":""},"class_list":["post-38740","page","type-page","status-publish","hentry"],"acf":[],"yoast_head":"<!-- This site is optimized with the Yoast SEO plugin v27.3 - https:\/\/yoast.com\/product\/yoast-seo-wordpress\/ -->\n<title>Protection - Grana Padano<\/title>\n<meta name=\"robots\" content=\"index, follow, max-snippet:-1, max-image-preview:large, max-video-preview:-1\" \/>\n<link rel=\"canonical\" href=\"https:\/\/www.granapadano.it\/fr-fr\/le-consortium-de-protection\/notre-role-protection-et-promotion\/protection\/\" \/>\n<meta property=\"og:locale\" content=\"fr_FR\" \/>\n<meta property=\"og:type\" content=\"article\" \/>\n<meta property=\"og:title\" content=\"Protection - Grana Padano\" \/>\n<meta property=\"og:description\" content=\"Protection \u00ab Le Consortium a une mission de protection, de contr\u00f4le et de sauvegarde du Grana Padano AOP \u00e0 chaque \u00e9tape de la cha\u00eene de production : production de la mati\u00e8re premi\u00e8re, sa transformation, son conditionnement et le commerce du fromage \u00bb (Statuts du Consortium de Protection du Grana Padano) La fonction de protection concerne [&hellip;]\" \/>\n<meta property=\"og:url\" content=\"https:\/\/www.granapadano.it\/fr-fr\/le-consortium-de-protection\/notre-role-protection-et-promotion\/protection\/\" \/>\n<meta property=\"og:site_name\" content=\"Grana Padano\" \/>\n<meta property=\"article:modified_time\" content=\"2023-04-12T16:22:54+00:00\" \/>\n<meta name=\"twitter:card\" content=\"summary_large_image\" \/>\n<meta name=\"twitter:label1\" content=\"Est. reading time\" \/>\n\t<meta name=\"twitter:data1\" content=\"3 minutes\" \/>\n<script type=\"application\/ld+json\" class=\"yoast-schema-graph\">{\"@context\":\"https:\\\/\\\/schema.org\",\"@graph\":[{\"@type\":\"WebPage\",\"@id\":\"https:\\\/\\\/www.granapadano.it\\\/fr-fr\\\/le-consortium-de-protection\\\/notre-role-protection-et-promotion\\\/protection\\\/\",\"url\":\"https:\\\/\\\/www.granapadano.it\\\/fr-fr\\\/le-consortium-de-protection\\\/notre-role-protection-et-promotion\\\/protection\\\/\",\"name\":\"Protection - Grana Padano\",\"isPartOf\":{\"@id\":\"https:\\\/\\\/www.granapadano.it\\\/fr-fr\\\/#website\"},\"datePublished\":\"2023-02-16T16:09:02+00:00\",\"dateModified\":\"2023-04-12T16:22:54+00:00\",\"breadcrumb\":{\"@id\":\"https:\\\/\\\/www.granapadano.it\\\/fr-fr\\\/le-consortium-de-protection\\\/notre-role-protection-et-promotion\\\/protection\\\/#breadcrumb\"},\"inLanguage\":\"fr-fr\",\"potentialAction\":[{\"@type\":\"ReadAction\",\"target\":[\"https:\\\/\\\/www.granapadano.it\\\/fr-fr\\\/le-consortium-de-protection\\\/notre-role-protection-et-promotion\\\/protection\\\/\"]}]},{\"@type\":\"BreadcrumbList\",\"@id\":\"https:\\\/\\\/www.granapadano.it\\\/fr-fr\\\/le-consortium-de-protection\\\/notre-role-protection-et-promotion\\\/protection\\\/#breadcrumb\",\"itemListElement\":[{\"@type\":\"ListItem\",\"position\":1,\"name\":\"Home\",\"item\":\"https:\\\/\\\/www.granapadano.it\\\/fr-fr\\\/\"},{\"@type\":\"ListItem\",\"position\":2,\"name\":\"Le Consortium de D\u00e9fense\",\"item\":\"https:\\\/\\\/www.granapadano.it\\\/fr-fr\\\/le-consortium-de-defense\\\/\"},{\"@type\":\"ListItem\",\"position\":3,\"name\":\"Notre r\u00f4le: protection et promotion\",\"item\":\"https:\\\/\\\/www.granapadano.it\\\/fr-fr\\\/le-consortium-de-protection\\\/notre-role-protection-et-promotion\\\/\"},{\"@type\":\"ListItem\",\"position\":4,\"name\":\"Protection\"}]},{\"@type\":\"WebSite\",\"@id\":\"https:\\\/\\\/www.granapadano.it\\\/fr-fr\\\/#website\",\"url\":\"https:\\\/\\\/www.granapadano.it\\\/fr-fr\\\/\",\"name\":\"Grana Padano\",\"description\":\"\",\"potentialAction\":[{\"@type\":\"SearchAction\",\"target\":{\"@type\":\"EntryPoint\",\"urlTemplate\":\"https:\\\/\\\/www.granapadano.it\\\/fr-fr\\\/?s={search_term_string}\"},\"query-input\":{\"@type\":\"PropertyValueSpecification\",\"valueRequired\":true,\"valueName\":\"search_term_string\"}}],\"inLanguage\":\"fr-fr\"}]}<\/script>\n<!-- \/ Yoast SEO plugin. -->","yoast_head_json":{"title":"Protection - Grana Padano","robots":{"index":"index","follow":"follow","max-snippet":"max-snippet:-1","max-image-preview":"max-image-preview:large","max-video-preview":"max-video-preview:-1"},"canonical":"https:\/\/www.granapadano.it\/fr-fr\/le-consortium-de-protection\/notre-role-protection-et-promotion\/protection\/","og_locale":"fr_FR","og_type":"article","og_title":"Protection - Grana Padano","og_description":"Protection \u00ab Le Consortium a une mission de protection, de contr\u00f4le et de sauvegarde du Grana Padano AOP \u00e0 chaque \u00e9tape de la cha\u00eene de production : production de la mati\u00e8re premi\u00e8re, sa transformation, son conditionnement et le commerce du fromage \u00bb (Statuts du Consortium de Protection du Grana Padano) La fonction de protection concerne [&hellip;]","og_url":"https:\/\/www.granapadano.it\/fr-fr\/le-consortium-de-protection\/notre-role-protection-et-promotion\/protection\/","og_site_name":"Grana Padano","article_modified_time":"2023-04-12T16:22:54+00:00","twitter_card":"summary_large_image","twitter_misc":{"Est. reading time":"3 minutes"},"schema":{"@context":"https:\/\/schema.org","@graph":[{"@type":"WebPage","@id":"https:\/\/www.granapadano.it\/fr-fr\/le-consortium-de-protection\/notre-role-protection-et-promotion\/protection\/","url":"https:\/\/www.granapadano.it\/fr-fr\/le-consortium-de-protection\/notre-role-protection-et-promotion\/protection\/","name":"Protection - Grana Padano","isPartOf":{"@id":"https:\/\/www.granapadano.it\/fr-fr\/#website"},"datePublished":"2023-02-16T16:09:02+00:00","dateModified":"2023-04-12T16:22:54+00:00","breadcrumb":{"@id":"https:\/\/www.granapadano.it\/fr-fr\/le-consortium-de-protection\/notre-role-protection-et-promotion\/protection\/#breadcrumb"},"inLanguage":"fr-fr","potentialAction":[{"@type":"ReadAction","target":["https:\/\/www.granapadano.it\/fr-fr\/le-consortium-de-protection\/notre-role-protection-et-promotion\/protection\/"]}]},{"@type":"BreadcrumbList","@id":"https:\/\/www.granapadano.it\/fr-fr\/le-consortium-de-protection\/notre-role-protection-et-promotion\/protection\/#breadcrumb","itemListElement":[{"@type":"ListItem","position":1,"name":"Home","item":"https:\/\/www.granapadano.it\/fr-fr\/"},{"@type":"ListItem","position":2,"name":"Le Consortium de D\u00e9fense","item":"https:\/\/www.granapadano.it\/fr-fr\/le-consortium-de-defense\/"},{"@type":"ListItem","position":3,"name":"Notre r\u00f4le: protection et promotion","item":"https:\/\/www.granapadano.it\/fr-fr\/le-consortium-de-protection\/notre-role-protection-et-promotion\/"},{"@type":"ListItem","position":4,"name":"Protection"}]},{"@type":"WebSite","@id":"https:\/\/www.granapadano.it\/fr-fr\/#website","url":"https:\/\/www.granapadano.it\/fr-fr\/","name":"Grana Padano","description":"","potentialAction":[{"@type":"SearchAction","target":{"@type":"EntryPoint","urlTemplate":"https:\/\/www.granapadano.it\/fr-fr\/?s={search_term_string}"},"query-input":{"@type":"PropertyValueSpecification","valueRequired":true,"valueName":"search_term_string"}}],"inLanguage":"fr-fr"}]}},"_links":{"self":[{"href":"https:\/\/www.granapadano.it\/fr-fr\/wp-json\/wp\/v2\/pages\/38740","targetHints":{"allow":["GET"]}}],"collection":[{"href":"https:\/\/www.granapadano.it\/fr-fr\/wp-json\/wp\/v2\/pages"}],"about":[{"href":"https:\/\/www.granapadano.it\/fr-fr\/wp-json\/wp\/v2\/types\/page"}],"author":[{"embeddable":true,"href":"https:\/\/www.granapadano.it\/fr-fr\/wp-json\/wp\/v2\/users\/3"}],"replies":[{"embeddable":true,"href":"https:\/\/www.granapadano.it\/fr-fr\/wp-json\/wp\/v2\/comments?post=38740"}],"version-history":[{"count":1,"href":"https:\/\/www.granapadano.it\/fr-fr\/wp-json\/wp\/v2\/pages\/38740\/revisions"}],"predecessor-version":[{"id":90616,"href":"https:\/\/www.granapadano.it\/fr-fr\/wp-json\/wp\/v2\/pages\/38740\/revisions\/90616"}],"up":[{"embeddable":true,"href":"https:\/\/www.granapadano.it\/fr-fr\/wp-json\/wp\/v2\/pages\/37027"}],"wp:attachment":[{"href":"https:\/\/www.granapadano.it\/fr-fr\/wp-json\/wp\/v2\/media?parent=38740"}],"curies":[{"name":"wp","href":"https:\/\/api.w.org\/{rel}","templated":true}]}}