{"id":156168,"date":"2023-03-28T13:08:20","date_gmt":"2023-03-28T13:08:20","guid":{"rendered":"https:\/\/www.granapadano.it\/larte-del-saper-fare\/il-prodotto-iconico\/differenze-tra-grana-padano-e-parmigiano-reggiano\/"},"modified":"2026-05-04T09:02:51","modified_gmt":"2026-05-04T09:02:51","slug":"differences-entre-grana-padano-et-parmigiano-reggiano","status":"publish","type":"page","link":"https:\/\/www.granapadano.it\/fr-fr\/lart-du-savoir-faire\/le-produit-iconique\/differences-entre-grana-padano-et-parmigiano-reggiano\/","title":{"rendered":"Diff\u00e9rences entre Grana Padano et Parmigiano Reggiano"},"content":{"rendered":"<p>[et_pb_section fb_built=&#8221;1&#8243; fullwidth=&#8221;on&#8221; _builder_version=&#8221;4.19.0&#8243; _module_preset=&#8221;default&#8221; global_colors_info=&#8221;{}&#8221;][et_pb_fullwidth_image src=&#8221;https:\/\/www.granapadano.it\/wp-content\/uploads\/2023\/03\/Differenze-GP-PR-h.jpg&#8221; title_text=&#8221;Differenze GP-PR-m&#8221; src_tablet=&#8221;https:\/\/www.granapadano.it\/wp-content\/uploads\/2023\/03\/Differenze-GP-PR-h.jpg&#8221; src_phone=&#8221;https:\/\/www.granapadano.it\/wp-content\/uploads\/2023\/03\/Differenze-GP-PR-m.jpg&#8221; src_last_edited=&#8221;on|phone&#8221; _builder_version=&#8221;4.20.2&#8243; _module_preset=&#8221;default&#8221; global_colors_info=&#8221;{}&#8221;][\/et_pb_fullwidth_image][\/et_pb_section][et_pb_section fb_built=&#8221;1&#8243; module_class=&#8221;production_sub_hub_main_wrapper&#8221; _builder_version=&#8221;4.19.3&#8243; _module_preset=&#8221;default&#8221; custom_padding=&#8221;13px||0px|||&#8221; global_colors_info=&#8221;{}&#8221;][et_pb_row module_class=&#8221;recipe_filter_section&#8221; _builder_version=&#8221;4.19.4&#8243; _module_preset=&#8221;default&#8221; max_width=&#8221;90%&#8221; custom_padding=&#8221;||7px|||&#8221; global_colors_info=&#8221;{}&#8221;][et_pb_column type=&#8221;4_4&#8243; _builder_version=&#8221;4.19.4&#8243; _module_preset=&#8221;default&#8221; global_colors_info=&#8221;{}&#8221;][et_pb_code _builder_version=&#8221;4.19.4&#8243; _module_preset=&#8221;default&#8221; global_colors_info=&#8221;{}&#8221;]<div class=\"breadcrumb\"><a href=\"https:\/\/www.granapadano.it\/fr-fr\/\">Home<\/a>  <  <\/div>[\/et_pb_code][\/et_pb_column][\/et_pb_row][\/et_pb_section][et_pb_section fb_built=&#8221;1&#8243; _builder_version=&#8221;4.20.2&#8243; _module_preset=&#8221;default&#8221; custom_padding=&#8221;0px||||false|false&#8221; global_colors_info=&#8221;{}&#8221;][et_pb_row module_class=&#8221;gp_inner_txt&#8221; _builder_version=&#8221;4.20.2&#8243; _module_preset=&#8221;default&#8221; max_width=&#8221;90%&#8221; min_height=&#8221;55.9px&#8221; custom_padding=&#8221;7px||0px|||&#8221; global_colors_info=&#8221;{}&#8221;][et_pb_column type=&#8221;4_4&#8243; _builder_version=&#8221;4.19.4&#8243; _module_preset=&#8221;default&#8221; global_colors_info=&#8221;{}&#8221;][et_pb_text module_class=&#8221;eventi_ambascitori_top_sec_title&#8221; _builder_version=&#8221;4.27.6&#8243; _module_preset=&#8221;default&#8221; text_font=&#8221;Merriweather|700|||||||&#8221; text_text_color=&#8221;#0f0f0f&#8221; text_font_size=&#8221;44px&#8221; text_line_height=&#8221;62px&#8221; header_text_color=&#8221;gcid-8696fd7e-29dd-4028-9d4d-981b208a53a9&#8243; header_font_size=&#8221;44px&#8221; header_line_height=&#8221;52px&#8221; text_orientation=&#8221;center&#8221; custom_margin=&#8221;15px||40px||false|false&#8221; hover_enabled=&#8221;0&#8243; global_colors_info=&#8221;{%22gcid-8696fd7e-29dd-4028-9d4d-981b208a53a9%22:%91%22header_text_color%22%93}&#8221; sticky_enabled=&#8221;0&#8243;]<\/p>\n<h1>Diff\u00e9rences entre Grana Padano et Parmigiano Reggiano<\/h1>\n<p>[\/et_pb_text][et_pb_text _builder_version=&#8221;4.27.6&#8243; _module_preset=&#8221;default&#8221; text_font=&#8221;|700|||||||&#8221; text_text_color=&#8221;#000000&#8243; text_font_size=&#8221;18px&#8221; background_color=&#8221;gcid-26f0371c-74dd-4e63-bbf8-f8ec94f09a6d&#8221; text_orientation=&#8221;center&#8221; width=&#8221;26%&#8221; width_tablet=&#8221;49.9%&#8221; width_phone=&#8221;80.1%&#8221; width_last_edited=&#8221;on|phone&#8221; module_alignment=&#8221;left&#8221; custom_margin=&#8221;0px|136px|20px|0px|false|false&#8221; custom_padding=&#8221;10px|0px|10px|0px|false|false&#8221; hover_enabled=&#8221;0&#8243; border_style_all=&#8221;none&#8221; locked=&#8221;off&#8221; global_colors_info=&#8221;{%22gcid-26f0371c-74dd-4e63-bbf8-f8ec94f09a6d%22:%91%22background_color%22,%22background_color%22,%22background_color%22,%22background_color%22%93}&#8221; sticky_enabled=&#8221;0&#8243;]<\/p>\n<p>Particularit\u00e9s et sp\u00e9cifications<\/p>\n<p>[\/et_pb_text][et_pb_text _builder_version=&#8221;4.27.6&#8243; _module_preset=&#8221;default&#8221; text_font=&#8221;|300|||||||&#8221; text_text_color=&#8221;#000000&#8243; text_font_size=&#8221;16px&#8221; text_line_height=&#8221;26px&#8221; text_orientation=&#8221;center&#8221; hover_enabled=&#8221;0&#8243; global_colors_info=&#8221;{}&#8221; sticky_enabled=&#8221;0&#8243;]<\/p>\n<p style=\"text-align: left;\">La grande majorit\u00e9 des consommateurs conna\u00eet les deux fromages Grana Padano et Parmigiano Reggiano.<br \/>Beaucoup savent \u00e9galement qu\u2019il s\u2019agit de deux fromages \u00e0 Appellation d\u2019Origine Prot\u00e9g\u00e9e et ce que cela signifie en termes de caract\u00e9ristiques par rapport \u00e0 des produits g\u00e9n\u00e9riques similaires.<br \/>Le Grana Padano et le Parmigiano Reggiano pr\u00e9sentent une s\u00e9rie de caract\u00e9ristiques qui les unissent et une s\u00e9rie d\u2019\u00e9l\u00e9ments qui les diff\u00e9rencient et les distinguent clairement, \u00e0 tel point que ces deux fromages se sont impos\u00e9s sous une appellation d\u2019origine et typique, en Italie dans un premier temps, puis \u00e0 l\u2019\u00e9chelle europ\u00e9enne, avec la reconnaissance d\u2019Appellation d\u2019Origine Prot\u00e9g\u00e9e.<br \/>Il est donc l\u00e9gitime et, pour ainsi dire, naturel que l\u2019on ait la curiosit\u00e9 de comprendre exactement en quoi ces deux fromages diff\u00e8rent, apparemment si similaires mais en fait si diff\u00e9rents, \u00e0 tel point qu\u2019ils ont chacun m\u00e9rit\u00e9 leur propre AOP.<br \/>Il existe donc de nombreux contextes qui comparent les caract\u00e9ristiques fondamentales de ces deux fromages.<br \/>Toutefois, comme il n\u2019est pas rare et m\u00eame de plus en plus fr\u00e9quent de constater que circulent de fausses croyances attribuant au fromage Grana Padano AOP des caract\u00e9ristiques tout \u00e0 fait erron\u00e9es et \u00e9trang\u00e8res \u00e0 celles pr\u00e9vues dans le cahier des charges, il est utile et n\u00e9cessaire de signaler et de faire d\u00e9finitivement le point sur les r\u00e9elles diff\u00e9rences entre le Grana Padano AOP et le Parmigiano Reggiano AOP.<\/p>\n<p style=\"text-align: left;\">Les caract\u00e9ristiques communes \u00e0 ces deux fromages sont essentiellement :<\/p>\n<ul style=\"text-align: left;\">\n<li><strong>L\u2019origine historique et g\u00e9ographique\u00a0<\/strong>:\u00a0les origines des deux fromages se perdent dans le temps et remontent \u00e0 pr\u00e8s de mille ans ; la zone d\u2019origine est la plaine du P\u00f4.<br \/>En ce qui concerne le Grana Padano, son origine remonte \u00e0 1135 chez les moines b\u00e9n\u00e9dictins de l\u2019abbaye de Chiaravalle, qui ont mis au point la recette, fruit d\u2019une ruse ing\u00e9nieuse pour conserver dans le temps les exc\u00e9dents de lait.<\/li>\n<li><strong>Les caract\u00e9ristiques ext\u00e9rieures\u00a0<\/strong>:\u00a0les deux fromages sont assez similaires au niveau de la g\u00e9om\u00e9trie de leur forme, de leur taille et de leur poids.<\/li>\n<li><strong>Le nombre de traites des vaches\u00a0<\/strong>:\u00a0le cahier des charges des deux fromages pr\u00e9voit deux traites par jour.<\/li>\n<li><strong>L\u2019utilisation d\u2019un \u00e9quipement identique ou similaire\u00a0<\/strong>:\u00a0\u00e9tant donn\u00e9 l\u2019origine commune et le caract\u00e8re traditionnel du processus de production, les instruments utilis\u00e9s, du chaudron aux diff\u00e9rents instruments utilis\u00e9s, sont similaires, voire identiques.<\/li>\n<li><strong>L\u2019utilisation de pr\u00e9sure uniquement et exclusivement d\u2019origine animale, et en particulier de pr\u00e9sure de veau : \u00e0 cet \u00e9gard, il convient de souligner qu\u2019il est absolument faux que la pr\u00e9sure utilis\u00e9e pour produire le Grana Padano soit ou puisse \u00eatre d\u2019origine v\u00e9g\u00e9tale ou bact\u00e9rienne, comme on peut le lire dans certains contextes.<\/strong>\u00a0Ces d\u00e9clarations n\u2019ont aucun fondement, comme on peut facilement le constater \u00e0 la lecture du cahier des charges.<\/li>\n<li><strong>La structure de la p\u00e2te\u00a0<\/strong>:\u00a0le cahier des charges des deux fromages exige qu\u2019elle soit finement granuleuse avec une fracture en \u00e9caille.<\/li>\n<li><strong>Un affinage prolong\u00e9<\/strong>\u00a0et qui peut durer plus ou moins longtemps, m\u00eame si le Parmigiano Reggiano a g\u00e9n\u00e9ralement un affinage plus long que le Grana Padano.<\/li>\n<\/ul>\n<p style=\"text-align: left;\">Les caract\u00e9ristiques sp\u00e9cifiques ayant permis aux deux fromages d\u2019obtenir l\u2019AOP sont essentiellement les suivantes :<\/p>\n<ul style=\"text-align: left;\">\n<li><strong>La zone de production<\/strong>\u00a0:\u00a0elle comprend 32 provinces dans cinq r\u00e9gions en ce qui concerne le Grana Padano AOP : Pi\u00e9mont, Lombardie, V\u00e9n\u00e9tie, \u00c9milie-Romagne, Trentin-Haut-Adige (pour la liste compl\u00e8te, consulter le cahier des charges de production).\n<div>\u00c0 noter que le Grana Padano AOP comprend \u00e9galement le type Trentingrana, qui est essentiellement un Grana Padano produit dans la province autonome de Trente et qui se caract\u00e9rise par certaines sp\u00e9cificit\u00e9s, tant en ce qui concerne l\u2019alimentation des vaches que certains aspects de la transformation.<br \/>Pour le Parmigiano Reggiano AOP, la zone de production est limit\u00e9e \u00e0 l\u2019\u00c9milie-Romagne et \u00e0 la zone \u00e0 droite du P\u00f4 dans la province de Mantoue.<\/div>\n<\/li>\n<li><strong>Alimentation des vaches laiti\u00e8res<\/strong>\u00a0: pour le Grana Padano AOP, en plus des fourrages frais ou de foin, il est possible d\u2019utiliser des fourrages ensil\u00e9s (principalement de ma\u00efs). L\u2019utilisation de l\u2019ensilage rend n\u00e9cessaire l\u2019utilisation pendant la phase de transformation de lysozyme, une prot\u00e9ine naturelle extraite du blanc d\u2019\u0153uf de poule qui est class\u00e9e par la r\u00e9glementation comme agent de conservation dans les fromages. Le lysozyme \u2013 autoris\u00e9 \u00e0 hauteur de 2,5 grammes par 100 kilos de lait maximum \u2013 est destin\u00e9 \u00e0 emp\u00eacher une fermentation anormale par le \u00ab Clostridium tyrobutyricum \u00bb lors de la maturation du fromage qui pourrait se produire suite \u00e0 l\u2019utilisation de produits ensil\u00e9s. Le lysozyme est pr\u00e9sent en traces dans le lait de vache ainsi qu\u2019en grande quantit\u00e9 dans les larmes, la salive, le lait maternel et les \u0153ufs.<br \/>Pour le type Trentingrana, l\u2019utilisation de produits ensil\u00e9s est formellement interdite et l\u2019utilisation de lysozyme pendant la transformation est donc \u00e9galement exclue. Cela s\u2019applique \u00e9galement au Parmigiano Reggiano AOP.<br \/>Quoi qu\u2019il en soit, en ce qui concerne le Grana Padano AOP (y compris le type Trentingrana), la relation avec le territoire est garantie par l\u2019utilisation pr\u00e9dominante de denr\u00e9es alimentaires obtenues \u00e0 partir de cultures pratiqu\u00e9es dans la zone de production et pr\u00e9sentant un int\u00e9r\u00eat particulier pour les aliments produits par les exploitations locales ; dans le Grana Padano, cette relation est extr\u00eamement \u00e9troite gr\u00e2ce aux produits ensil\u00e9s provenant de l\u2019exploitation.<br \/>L\u2019affirmation selon laquelle la pr\u00e9sence de \u00abconservateurs\u00bb serait g\u00e9n\u00e9ralement autoris\u00e9e dans le Grana Padano, laissant ainsi croire \u2013 mais de mani\u00e8re totalement erron\u00e9e \u2013 qu\u2019il pourrait \u00e9galement y avoir d\u2019autres conservateurs dans le Grana Padano est totalement d\u00e9nu\u00e9e de tout fondement alors que, comme d\u00e9clar\u00e9, seul le lysozyme est autoris\u00e9, qui est une prot\u00e9ine naturelle \u00e0 activit\u00e9 enzymatique extraite des \u0153ufs et qui, notamment dans le Grana Padano AOP, n\u2019agit pas comme conservateur mais comme adjuvant technologique (note n\u00b0 19 335 du 8 mai 2018 du Minist\u00e8re de la Sant\u00e9 italien).<\/li>\n<li><strong>Traites<\/strong>\u00a0:\u00a0en ce qui concerne le Grana Padano AOP, les deux traites utilis\u00e9es \u2013 s\u00e9par\u00e9ment ou m\u00e9lang\u00e9es \u2013 sont \u00e9cr\u00e9m\u00e9es par affleurement naturel de la cr\u00e8me.<br \/>Pour le Parmigiano Reggiano AOP, une seule traite (g\u00e9n\u00e9ralement celle du soir) est soumise au processus d\u2019affleurement, tandis que celle du matin est utilis\u00e9e enti\u00e8re, m\u00e9lang\u00e9e \u00e0 celle du soir.<br \/>Cela signifie que le lait utilis\u00e9 pour produire le Grana Padano AOP a une teneur en mati\u00e8res grasses inf\u00e9rieure (environ 2,6 % pour le Grana Padano AOP, tandis qu\u2019elle est d\u2019environ 2,8 % pour le Parmigiano Reggiano AOP).<br \/>En outre, contrairement au Parmigiano Reggiano AOP et au type Trentingrana, le Grana Padano AOP pr\u00e9voit dans son cahier des charges un param\u00e8tre selon lequel le rapport graisses\/cas\u00e9ine dans le chaudron doit \u00eatre compris entre 0,80 et 1,05.<br \/>En cons\u00e9quence, le Grana Padano AOP a une teneur moyenne en mati\u00e8res grasses inf\u00e9rieure \u00e0 celle du Parmigiano Reggiano et s\u2019affine donc plus rapidement.<\/li>\n<li><strong>\u00c9valuation de la qualit\u00e9 et affinage<\/strong>\u00a0:\u00a0le Grana Padano AOP est soumis \u00e0 une inspection visant \u00e0 \u00e9valuer sa qualit\u00e9 et est ensuite marqu\u00e9 au feu avec le label AOP lorsqu\u2019il atteint son neuvi\u00e8me mois d\u2019affinage. Pour le Parmigiano Reggiano AOP, l\u2019inspection a lieu \u00e0 la fin du douzi\u00e8me mois d\u2019affinage.<br \/>Pour le Grana Padano AOP, la dur\u00e9e d\u2019affinage plus longue express\u00e9ment pr\u00e9vue par le cahier des charges est celle concernant le \u00ab\u00a0Grana Padano R\u00c9SERVE \u2013 Plus de 20 mois\u00a0\u00bb. Pour le Parmigiano Reggiano AOP, la dur\u00e9e d\u2019affinage plus longue express\u00e9ment pr\u00e9vue par le cahier des charges est celle concernant le fromage de plus de 30 mois. Il est toutefois possible de trouver des p\u00e9riodes d\u2019affinage sup\u00e9rieures pour les deux fromages.<\/li>\n<\/ul>\n<p style=\"text-align: left;\">Apr\u00e8s avoir bri\u00e8vement r\u00e9sum\u00e9 les principales caract\u00e9ristiques des fromages \u00e0 Appellation d\u2019Origine Prot\u00e9g\u00e9e Grana Padano et Parmigiano Reggiano, il convient de rappeler les principaux \u00e9l\u00e9ments qui distinguent les deux produits AOP d\u2019autres fromages \u00e0 p\u00e2te dure g\u00e9n\u00e9riques similaires.<br \/>\u00c0 cet \u00e9gard, il convient de garder \u00e0 l\u2019esprit ce qui suit pour les produits AOP, contrairement aux produits g\u00e9n\u00e9riques :<\/p>\n<ul>\n<li style=\"text-align: left;\">a) Le lait utilis\u00e9 provient exclusivement de la zone d\u2019origine codifi\u00e9e dans le cahier des charges de production ; pour les g\u00e9n\u00e9riques, il peut provenir de l\u2019\u00e9tranger.<\/li>\n<li style=\"text-align: left;\">b) Les produits AOP doivent respecter un cahier des charges de production pouvant \u00eatre librement consult\u00e9 par quiconque ; les produits g\u00e9n\u00e9riques ne sont pas tenus de rendre leur \u00ab recette \u00bb publique et la mani\u00e8re dont ils sont obtenus.<\/li>\n<li style=\"text-align: left;\">c) Les produits AOP sont certifi\u00e9s par un organisme de contr\u00f4le tiers, agr\u00e9\u00e9 par le Minist\u00e8re des politiques agricoles alimentaires et foresti\u00e8res, qui certifie et atteste la conformit\u00e9 des produits AOP au cahier des charges respectif. Les \u00e9ventuelles certifications dont devraient se pr\u00e9valoir les produits g\u00e9n\u00e9riques n\u2019offrent pas les m\u00eames garanties de tiers et d\u2019impartialit\u00e9 et la garantie que ces produits peuvent offrir ne d\u00e9rive souvent que du prestige et de la fiabilit\u00e9 acquis par la marque commerciale de leur producteur.<\/li>\n<\/ul>\n<p>[\/et_pb_text][\/et_pb_column][\/et_pb_row][\/et_pb_section]<\/p>\n","protected":false},"excerpt":{"rendered":"<p><div class=\"breadcrumb\"><a href=\"https:\/\/www.granapadano.it\/fr-fr\/\">Home<\/a>  <  <\/div>Diff\u00e9rences entre Grana Padano et Parmigiano ReggianoParticularit\u00e9s et sp\u00e9cificationsLa grande majorit\u00e9 des consommateurs conna\u00eet les deux fromages Grana Padano et Parmigiano Reggiano.Beaucoup savent \u00e9galement qu\u2019il s\u2019agit de deux fromages \u00e0 Appellation d\u2019Origine Prot\u00e9g\u00e9e et ce que cela signifie en termes de caract\u00e9ristiques par rapport \u00e0 des produits g\u00e9n\u00e9riques similaires.Le Grana Padano et le Parmigiano Reggiano [&hellip;]<\/p>\n","protected":false},"author":3,"featured_media":0,"parent":153138,"menu_order":869,"comment_status":"closed","ping_status":"closed","template":"","meta":{"_acf_changed":false,"_et_pb_use_builder":"on","_et_pb_old_content":"","_et_gb_content_width":"","footnotes":""},"class_list":["post-156168","page","type-page","status-publish","hentry"],"acf":[],"yoast_head":"<!-- This site is optimized with the Yoast SEO plugin v27.5 - https:\/\/yoast.com\/product\/yoast-seo-wordpress\/ -->\n<title>Diff\u00e9rences entre Grana Padano et Parmigiano Reggiano - Grana Padano<\/title>\n<meta name=\"robots\" content=\"index, follow, max-snippet:-1, max-image-preview:large, max-video-preview:-1\" \/>\n<link rel=\"canonical\" href=\"https:\/\/www.granapadano.it\/fr-fr\/lart-du-savoir-faire\/le-produit-iconique\/differences-entre-grana-padano-et-parmigiano-reggiano\/\" \/>\n<meta property=\"og:locale\" content=\"fr_FR\" \/>\n<meta property=\"og:type\" content=\"article\" \/>\n<meta property=\"og:title\" content=\"Diff\u00e9rences entre Grana Padano et Parmigiano Reggiano - Grana Padano\" \/>\n<meta property=\"og:description\" content=\"Diff\u00e9rences entre Grana Padano et Parmigiano ReggianoParticularit\u00e9s et sp\u00e9cificationsLa grande majorit\u00e9 des consommateurs conna\u00eet les deux fromages Grana Padano et Parmigiano Reggiano.Beaucoup savent \u00e9galement qu\u2019il s\u2019agit de deux fromages \u00e0 Appellation d\u2019Origine Prot\u00e9g\u00e9e et ce que cela signifie en termes de caract\u00e9ristiques par rapport \u00e0 des produits g\u00e9n\u00e9riques similaires.Le Grana Padano et le Parmigiano Reggiano [&hellip;]\" \/>\n<meta property=\"og:url\" content=\"https:\/\/www.granapadano.it\/fr-fr\/lart-du-savoir-faire\/le-produit-iconique\/differences-entre-grana-padano-et-parmigiano-reggiano\/\" \/>\n<meta property=\"og:site_name\" content=\"Grana Padano\" \/>\n<meta property=\"article:modified_time\" content=\"2026-05-04T09:02:51+00:00\" \/>\n<meta name=\"twitter:card\" content=\"summary_large_image\" \/>\n<meta name=\"twitter:label1\" content=\"Est. reading time\" \/>\n\t<meta name=\"twitter:data1\" content=\"8 minutes\" \/>\n<script type=\"application\/ld+json\" class=\"yoast-schema-graph\">{\"@context\":\"https:\\\/\\\/schema.org\",\"@graph\":[{\"@type\":\"WebPage\",\"@id\":\"https:\\\/\\\/www.granapadano.it\\\/fr-fr\\\/lart-du-savoir-faire\\\/le-produit-iconique\\\/differences-entre-grana-padano-et-parmigiano-reggiano\\\/\",\"url\":\"https:\\\/\\\/www.granapadano.it\\\/fr-fr\\\/lart-du-savoir-faire\\\/le-produit-iconique\\\/differences-entre-grana-padano-et-parmigiano-reggiano\\\/\",\"name\":\"Diff\u00e9rences entre Grana Padano et Parmigiano Reggiano - Grana Padano\",\"isPartOf\":{\"@id\":\"https:\\\/\\\/www.granapadano.it\\\/fr-fr\\\/#website\"},\"datePublished\":\"2023-03-28T13:08:20+00:00\",\"dateModified\":\"2026-05-04T09:02:51+00:00\",\"breadcrumb\":{\"@id\":\"https:\\\/\\\/www.granapadano.it\\\/fr-fr\\\/lart-du-savoir-faire\\\/le-produit-iconique\\\/differences-entre-grana-padano-et-parmigiano-reggiano\\\/#breadcrumb\"},\"inLanguage\":\"fr-fr\",\"potentialAction\":[{\"@type\":\"ReadAction\",\"target\":[\"https:\\\/\\\/www.granapadano.it\\\/fr-fr\\\/lart-du-savoir-faire\\\/le-produit-iconique\\\/differences-entre-grana-padano-et-parmigiano-reggiano\\\/\"]}]},{\"@type\":\"BreadcrumbList\",\"@id\":\"https:\\\/\\\/www.granapadano.it\\\/fr-fr\\\/lart-du-savoir-faire\\\/le-produit-iconique\\\/differences-entre-grana-padano-et-parmigiano-reggiano\\\/#breadcrumb\",\"itemListElement\":[{\"@type\":\"ListItem\",\"position\":1,\"name\":\"Home\",\"item\":\"https:\\\/\\\/www.granapadano.it\\\/fr-fr\\\/\"},{\"@type\":\"ListItem\",\"position\":2,\"name\":\"L&#8217;art du savoir-faire\",\"item\":\"https:\\\/\\\/www.granapadano.it\\\/fr-fr\\\/lart-du-savoir-faire\\\/\"},{\"@type\":\"ListItem\",\"position\":3,\"name\":\"Le produit iconique\",\"item\":\"https:\\\/\\\/www.granapadano.it\\\/fr-fr\\\/lart-du-savoir-faire\\\/le-produit-iconique\\\/\"},{\"@type\":\"ListItem\",\"position\":4,\"name\":\"Diff\u00e9rences entre Grana Padano et Parmigiano Reggiano\"}]},{\"@type\":\"WebSite\",\"@id\":\"https:\\\/\\\/www.granapadano.it\\\/fr-fr\\\/#website\",\"url\":\"https:\\\/\\\/www.granapadano.it\\\/fr-fr\\\/\",\"name\":\"Grana Padano\",\"description\":\"\",\"potentialAction\":[{\"@type\":\"SearchAction\",\"target\":{\"@type\":\"EntryPoint\",\"urlTemplate\":\"https:\\\/\\\/www.granapadano.it\\\/fr-fr\\\/?s={search_term_string}\"},\"query-input\":{\"@type\":\"PropertyValueSpecification\",\"valueRequired\":true,\"valueName\":\"search_term_string\"}}],\"inLanguage\":\"fr-fr\"}]}<\/script>\n<!-- \/ Yoast SEO plugin. -->","yoast_head_json":{"title":"Diff\u00e9rences entre Grana Padano et Parmigiano Reggiano - Grana Padano","robots":{"index":"index","follow":"follow","max-snippet":"max-snippet:-1","max-image-preview":"max-image-preview:large","max-video-preview":"max-video-preview:-1"},"canonical":"https:\/\/www.granapadano.it\/fr-fr\/lart-du-savoir-faire\/le-produit-iconique\/differences-entre-grana-padano-et-parmigiano-reggiano\/","og_locale":"fr_FR","og_type":"article","og_title":"Diff\u00e9rences entre Grana Padano et Parmigiano Reggiano - Grana Padano","og_description":"Diff\u00e9rences entre Grana Padano et Parmigiano ReggianoParticularit\u00e9s et sp\u00e9cificationsLa grande majorit\u00e9 des consommateurs conna\u00eet les deux fromages Grana Padano et Parmigiano Reggiano.Beaucoup savent \u00e9galement qu\u2019il s\u2019agit de deux fromages \u00e0 Appellation d\u2019Origine Prot\u00e9g\u00e9e et ce que cela signifie en termes de caract\u00e9ristiques par rapport \u00e0 des produits g\u00e9n\u00e9riques similaires.Le Grana Padano et le Parmigiano Reggiano [&hellip;]","og_url":"https:\/\/www.granapadano.it\/fr-fr\/lart-du-savoir-faire\/le-produit-iconique\/differences-entre-grana-padano-et-parmigiano-reggiano\/","og_site_name":"Grana Padano","article_modified_time":"2026-05-04T09:02:51+00:00","twitter_card":"summary_large_image","twitter_misc":{"Est. reading time":"8 minutes"},"schema":{"@context":"https:\/\/schema.org","@graph":[{"@type":"WebPage","@id":"https:\/\/www.granapadano.it\/fr-fr\/lart-du-savoir-faire\/le-produit-iconique\/differences-entre-grana-padano-et-parmigiano-reggiano\/","url":"https:\/\/www.granapadano.it\/fr-fr\/lart-du-savoir-faire\/le-produit-iconique\/differences-entre-grana-padano-et-parmigiano-reggiano\/","name":"Diff\u00e9rences entre Grana Padano et Parmigiano Reggiano - Grana Padano","isPartOf":{"@id":"https:\/\/www.granapadano.it\/fr-fr\/#website"},"datePublished":"2023-03-28T13:08:20+00:00","dateModified":"2026-05-04T09:02:51+00:00","breadcrumb":{"@id":"https:\/\/www.granapadano.it\/fr-fr\/lart-du-savoir-faire\/le-produit-iconique\/differences-entre-grana-padano-et-parmigiano-reggiano\/#breadcrumb"},"inLanguage":"fr-fr","potentialAction":[{"@type":"ReadAction","target":["https:\/\/www.granapadano.it\/fr-fr\/lart-du-savoir-faire\/le-produit-iconique\/differences-entre-grana-padano-et-parmigiano-reggiano\/"]}]},{"@type":"BreadcrumbList","@id":"https:\/\/www.granapadano.it\/fr-fr\/lart-du-savoir-faire\/le-produit-iconique\/differences-entre-grana-padano-et-parmigiano-reggiano\/#breadcrumb","itemListElement":[{"@type":"ListItem","position":1,"name":"Home","item":"https:\/\/www.granapadano.it\/fr-fr\/"},{"@type":"ListItem","position":2,"name":"L&#8217;art du savoir-faire","item":"https:\/\/www.granapadano.it\/fr-fr\/lart-du-savoir-faire\/"},{"@type":"ListItem","position":3,"name":"Le produit iconique","item":"https:\/\/www.granapadano.it\/fr-fr\/lart-du-savoir-faire\/le-produit-iconique\/"},{"@type":"ListItem","position":4,"name":"Diff\u00e9rences entre Grana Padano et Parmigiano Reggiano"}]},{"@type":"WebSite","@id":"https:\/\/www.granapadano.it\/fr-fr\/#website","url":"https:\/\/www.granapadano.it\/fr-fr\/","name":"Grana Padano","description":"","potentialAction":[{"@type":"SearchAction","target":{"@type":"EntryPoint","urlTemplate":"https:\/\/www.granapadano.it\/fr-fr\/?s={search_term_string}"},"query-input":{"@type":"PropertyValueSpecification","valueRequired":true,"valueName":"search_term_string"}}],"inLanguage":"fr-fr"}]}},"_links":{"self":[{"href":"https:\/\/www.granapadano.it\/fr-fr\/wp-json\/wp\/v2\/pages\/156168","targetHints":{"allow":["GET"]}}],"collection":[{"href":"https:\/\/www.granapadano.it\/fr-fr\/wp-json\/wp\/v2\/pages"}],"about":[{"href":"https:\/\/www.granapadano.it\/fr-fr\/wp-json\/wp\/v2\/types\/page"}],"author":[{"embeddable":true,"href":"https:\/\/www.granapadano.it\/fr-fr\/wp-json\/wp\/v2\/users\/3"}],"replies":[{"embeddable":true,"href":"https:\/\/www.granapadano.it\/fr-fr\/wp-json\/wp\/v2\/comments?post=156168"}],"version-history":[{"count":2,"href":"https:\/\/www.granapadano.it\/fr-fr\/wp-json\/wp\/v2\/pages\/156168\/revisions"}],"predecessor-version":[{"id":156179,"href":"https:\/\/www.granapadano.it\/fr-fr\/wp-json\/wp\/v2\/pages\/156168\/revisions\/156179"}],"up":[{"embeddable":true,"href":"https:\/\/www.granapadano.it\/fr-fr\/wp-json\/wp\/v2\/pages\/153138"}],"wp:attachment":[{"href":"https:\/\/www.granapadano.it\/fr-fr\/wp-json\/wp\/v2\/media?parent=156168"}],"curies":[{"name":"wp","href":"https:\/\/api.w.org\/{rel}","templated":true}]}}