{"id":149111,"date":"2026-03-16T09:54:12","date_gmt":"2026-03-16T09:54:12","guid":{"rendered":"https:\/\/www.granapadano.it\/?page_id=149111"},"modified":"2026-03-20T10:04:07","modified_gmt":"2026-03-20T10:04:07","slug":"caratteristiche-nutrizionali","status":"publish","type":"page","link":"https:\/\/www.granapadano.it\/fr-fr\/lart-du-savoir-faire\/le-produit-iconique\/les-proprietes-de-grana-padano\/","title":{"rendered":"Les propriet\u00e9s de Grana Padano"},"content":{"rendered":"<p>[et_pb_section fb_built=&#8221;1&#8243; fullwidth=&#8221;on&#8221; _builder_version=&#8221;4.19.0&#8243; _module_preset=&#8221;default&#8221; global_colors_info=&#8221;{}&#8221;][et_pb_fullwidth_image src=&#8221;https:\/\/www.granapadano.it\/wp-content\/uploads\/2023\/02\/Le-proprieta-h.jpg&#8221; title_text=&#8221;Le proprieta\u0300-m&#8221; src_tablet=&#8221;https:\/\/www.granapadano.it\/wp-content\/uploads\/2023\/02\/Le-proprieta-h.jpg&#8221; src_phone=&#8221;https:\/\/www.granapadano.it\/wp-content\/uploads\/2023\/02\/Le-proprieta-m.jpg&#8221; src_last_edited=&#8221;on|phone&#8221; _builder_version=&#8221;4.19.5&#8243; _module_preset=&#8221;default&#8221; global_colors_info=&#8221;{}&#8221;][\/et_pb_fullwidth_image][\/et_pb_section][et_pb_section fb_built=&#8221;1&#8243; module_class=&#8221;production_sub_hub_main_wrapper&#8221; _builder_version=&#8221;4.19.3&#8243; _module_preset=&#8221;default&#8221; custom_padding=&#8221;13px||0px|||&#8221; global_colors_info=&#8221;{}&#8221;][et_pb_row module_class=&#8221;recipe_filter_section&#8221; _builder_version=&#8221;4.19.4&#8243; _module_preset=&#8221;default&#8221; max_width=&#8221;90%&#8221; custom_padding=&#8221;||7px|||&#8221; global_colors_info=&#8221;{}&#8221;][et_pb_column type=&#8221;4_4&#8243; _builder_version=&#8221;4.19.4&#8243; _module_preset=&#8221;default&#8221; global_colors_info=&#8221;{}&#8221;][et_pb_code _builder_version=&#8221;4.19.4&#8243; _module_preset=&#8221;default&#8221; global_colors_info=&#8221;{}&#8221;]<div class=\"breadcrumb\"><a href=\"https:\/\/www.granapadano.it\/fr-fr\/\">Home<\/a>  <  <\/div>[\/et_pb_code][\/et_pb_column][\/et_pb_row][\/et_pb_section][et_pb_section fb_built=&#8221;1&#8243; _builder_version=&#8221;4.19.5&#8243; _module_preset=&#8221;default&#8221; custom_padding=&#8221;50px|||||&#8221; global_colors_info=&#8221;{}&#8221;][et_pb_row module_class=&#8221;eventi_ambascitori_top_sec_title&#8221; _builder_version=&#8221;4.20.0&#8243; _module_preset=&#8221;default&#8221; max_width=&#8221;90%&#8221; min_height=&#8221;55.9px&#8221; custom_padding=&#8221;7px||0px|||&#8221; global_colors_info=&#8221;{}&#8221;][et_pb_column type=&#8221;4_4&#8243; _builder_version=&#8221;4.19.4&#8243; _module_preset=&#8221;default&#8221; global_colors_info=&#8221;{}&#8221;][et_pb_text _builder_version=&#8221;4.20.0&#8243; _module_preset=&#8221;default&#8221; text_font=&#8221;Merriweather|700|||||||&#8221; text_text_color=&#8221;#0f0f0f&#8221; text_font_size=&#8221;44px&#8221; text_line_height=&#8221;62px&#8221; header_text_color=&#8221;gcid-8696fd7e-29dd-4028-9d4d-981b208a53a9&#8243; header_font_size=&#8221;44px&#8221; header_line_height=&#8221;52px&#8221; text_orientation=&#8221;center&#8221; custom_margin=&#8221;-12px||7px|||&#8221; global_colors_info=&#8221;{%22gcid-8696fd7e-29dd-4028-9d4d-981b208a53a9%22:%91%22header_text_color%22%93}&#8221;]<\/p>\n<h1>Les propriet\u00e9s de Grana Padano<\/h1>\n<p>[\/et_pb_text][et_pb_text _builder_version=&#8221;4.27.6&#8243; _module_preset=&#8221;default&#8221; text_font=&#8221;Merriweather|300|||||||&#8221; text_text_color=&#8221;#000000&#8243; text_font_size=&#8221;18px&#8221; text_line_height=&#8221;26px&#8221; text_orientation=&#8221;center&#8221; hover_enabled=&#8221;0&#8243; global_colors_info=&#8221;{}&#8221; sticky_enabled=&#8221;0&#8243;]<\/p>\n<p>Les propri\u00e9t\u00e9s qui distinguent ce fromage italien de tous les autres fromages du monde sont nombreuses, du poids de la meule jusqu\u2019au go\u00fbt et \u00e0 l\u2019ar\u00f4me incomparables. En voici quelques-unes.<\/p>\n<p>[\/et_pb_text][\/et_pb_column][\/et_pb_row][\/et_pb_section][et_pb_section fb_built=&#8221;1&#8243; _builder_version=&#8221;4.19.5&#8243; _module_preset=&#8221;default&#8221; custom_margin=&#8221;-66px|||||&#8221; custom_padding=&#8221;44px||0px|||&#8221; global_colors_info=&#8221;{}&#8221;][et_pb_row column_structure=&#8221;1_4,1_4,1_4,1_4&#8243; module_class=&#8221;dop_four_section_wrapper&#8221; _builder_version=&#8221;4.19.4&#8243; _module_preset=&#8221;default&#8221; transform_scale=&#8221;94%|94%&#8221; max_width=&#8221;90%&#8221; max_height=&#8221;733px&#8221; custom_margin=&#8221;-15px|auto||auto||&#8221; custom_padding=&#8221;0px||5px|||&#8221; global_colors_info=&#8221;{}&#8221;][et_pb_column type=&#8221;1_4&#8243; _builder_version=&#8221;4.19.4&#8243; _module_preset=&#8221;default&#8221; border_style_all=&#8221;none&#8221; box_shadow_style=&#8221;preset3&#8243; box_shadow_horizontal=&#8221;-80px&#8221; box_shadow_vertical=&#8221;-80px&#8221; box_shadow_blur=&#8221;0px&#8221; global_colors_info=&#8221;{}&#8221;][et_pb_image src=&#8221;https:\/\/www.granapadano.it\/wp-content\/uploads\/2023\/02\/sono-fatto.png&#8221; title_text=&#8221;sono-fatto&#8221; align=&#8221;center&#8221; _builder_version=&#8221;4.19.5&#8243; _module_preset=&#8221;default&#8221; transform_scale=&#8221;80%|80%&#8221; custom_margin=&#8221;||23px|||&#8221; global_colors_info=&#8221;{}&#8221; src__hover_enabled=&#8221;off|desktop&#8221; src__hover=&#8221;https:\/\/www.granapadano.it\/wp-content\/uploads\/2022\/11\/1.png&#8221;][\/et_pb_image][et_pb_text _builder_version=&#8221;4.20.2&#8243; _module_preset=&#8221;default&#8221; text_text_color=&#8221;#0f0f0f&#8221; text_font_size=&#8221;18px&#8221; text_line_height=&#8221;26px&#8221; text_orientation=&#8221;center&#8221; min_height=&#8221;279px&#8221; custom_padding=&#8221;14px|||||&#8221; global_colors_info=&#8221;{}&#8221;]<\/p>\n<p><span><strong>Grana Padano<\/strong>\u00a0est fait<\/span><span>\u00a0de\u00a0<strong>lait<\/strong>, de\u00a0<strong>sel<\/strong>\u00a0et de\u00a0<strong>pr\u00e9sure<\/strong>, auxquels on ajoute du\u00a0<strong>lysozyme<\/strong>. Le lysozyme est une enzyme \u00e0 action antibact\u00e9rienne naturellement pr\u00e9sente dans de nombreuses substances organiques, dont le blanc d\u2019\u0153uf.<\/span><\/p>\n<p>[\/et_pb_text][\/et_pb_column][et_pb_column type=&#8221;1_4&#8243; _builder_version=&#8221;4.19.1&#8243; _module_preset=&#8221;default&#8221; global_colors_info=&#8221;{}&#8221;][et_pb_image src=&#8221;https:\/\/www.granapadano.it\/wp-content\/uploads\/2023\/02\/sapore-e-aroma.png&#8221; title_text=&#8221;sapore-e-aroma&#8221; align=&#8221;center&#8221; _builder_version=&#8221;4.19.5&#8243; _module_preset=&#8221;default&#8221; transform_scale=&#8221;80%|80%&#8221; custom_margin=&#8221;||23px|||&#8221; global_colors_info=&#8221;{}&#8221; src__hover_enabled=&#8221;off|hover&#8221; src__hover=&#8221;https:\/\/www.granapadano.it\/wp-content\/uploads\/2022\/11\/2.png&#8221;][\/et_pb_image][et_pb_text _builder_version=&#8221;4.27.6&#8243; _module_preset=&#8221;default&#8221; text_text_color=&#8221;#0f0f0f&#8221; text_font_size=&#8221;18px&#8221; text_line_height=&#8221;26px&#8221; text_orientation=&#8221;center&#8221; min_height=&#8221;279px&#8221; custom_padding=&#8221;14px|||||&#8221; hover_enabled=&#8221;0&#8243; global_colors_info=&#8221;{}&#8221; sticky_enabled=&#8221;0&#8243;]<\/p>\n<p><strong>Il a un go\u00fbt et un ar\u00f4me<\/strong>\u00a0d\u00e9licats et parfum\u00e9s.<\/p>\n<p>[\/et_pb_text][\/et_pb_column][et_pb_column type=&#8221;1_4&#8243; _builder_version=&#8221;4.19.1&#8243; _module_preset=&#8221;default&#8221; global_colors_info=&#8221;{}&#8221;][et_pb_image src=&#8221;https:\/\/www.granapadano.it\/wp-content\/uploads\/2023\/02\/la-mia-forma.png&#8221; title_text=&#8221;la-mia-forma&#8221; align=&#8221;center&#8221; _builder_version=&#8221;4.19.5&#8243; _module_preset=&#8221;default&#8221; transform_scale=&#8221;80%|80%&#8221; custom_margin=&#8221;||23px|||&#8221; global_colors_info=&#8221;{}&#8221; src__hover_enabled=&#8221;off|desktop&#8221; src__hover=&#8221;https:\/\/www.granapadano.it\/wp-content\/uploads\/2022\/11\/3.png&#8221;][\/et_pb_image][et_pb_text _builder_version=&#8221;4.20.2&#8243; _module_preset=&#8221;default&#8221; text_text_color=&#8221;#0f0f0f&#8221; text_font_size=&#8221;18px&#8221; text_line_height=&#8221;26px&#8221; text_orientation=&#8221;center&#8221; min_height=&#8221;279px&#8221; custom_padding=&#8221;14px|||||&#8221; global_colors_info=&#8221;{}&#8221;]<\/p>\n<p><strong>La meule<\/strong><span>\u00a0est cylindrique \u00e0 talon l\u00e9g\u00e8rement concave ou presque droit. Les surfaces sup\u00e9rieure et inf\u00e9rieure sont plates, avec des bords l\u00e9g\u00e8rement ourl\u00e9s.<\/span><\/p>\n<p>[\/et_pb_text][\/et_pb_column][et_pb_column type=&#8221;1_4&#8243; _builder_version=&#8221;4.19.1&#8243; _module_preset=&#8221;default&#8221; global_colors_info=&#8221;{}&#8221;][et_pb_image src=&#8221;https:\/\/www.granapadano.it\/wp-content\/uploads\/2023\/02\/i-miei-colori.png&#8221; title_text=&#8221;i-miei-colori&#8221; align=&#8221;center&#8221; _builder_version=&#8221;4.19.5&#8243; _module_preset=&#8221;default&#8221; transform_scale=&#8221;80%|80%&#8221; custom_margin=&#8221;||23px|||&#8221; global_colors_info=&#8221;{}&#8221; src__hover_enabled=&#8221;off|desktop&#8221; src__hover=&#8221;https:\/\/www.granapadano.it\/wp-content\/uploads\/2022\/11\/3.png&#8221;][\/et_pb_image][et_pb_text _builder_version=&#8221;4.20.2&#8243; _module_preset=&#8221;default&#8221; text_text_color=&#8221;#0f0f0f&#8221; text_font_size=&#8221;18px&#8221; text_line_height=&#8221;26px&#8221; text_orientation=&#8221;center&#8221; min_height=&#8221;279px&#8221; custom_padding=&#8221;14px|||||&#8221; global_colors_info=&#8221;{}&#8221;]<\/p>\n<p><strong>Les couleurs<\/strong><span>\u00a0sont jaune paille ou blanc pour la p\u00e2te et dor\u00e9 naturel ou fonc\u00e9 pour la cro\u00fbte.<\/span><\/p>\n<p>[\/et_pb_text][\/et_pb_column][\/et_pb_row][et_pb_row column_structure=&#8221;1_4,1_4,1_4,1_4&#8243; module_class=&#8221;dop_four_section_wrapper&#8221; _builder_version=&#8221;4.19.4&#8243; _module_preset=&#8221;default&#8221; transform_scale=&#8221;94%|94%&#8221; max_width=&#8221;90%&#8221; max_height=&#8221;754px&#8221; custom_margin=&#8221;-21px|auto||auto||&#8221; custom_padding=&#8221;0px||5px|||&#8221; global_colors_info=&#8221;{}&#8221;][et_pb_column type=&#8221;1_4&#8243; _builder_version=&#8221;4.19.4&#8243; _module_preset=&#8221;default&#8221; border_style_all=&#8221;none&#8221; box_shadow_style=&#8221;preset3&#8243; box_shadow_horizontal=&#8221;-80px&#8221; box_shadow_vertical=&#8221;-80px&#8221; box_shadow_blur=&#8221;0px&#8221; global_colors_info=&#8221;{}&#8221;][et_pb_image src=&#8221;https:\/\/www.granapadano.it\/wp-content\/uploads\/2023\/02\/le-mie-dimensioni.png&#8221; title_text=&#8221;le-mie-dimensioni&#8221; align=&#8221;center&#8221; _builder_version=&#8221;4.19.5&#8243; _module_preset=&#8221;default&#8221; transform_scale=&#8221;80%|80%&#8221; custom_margin=&#8221;||23px|||&#8221; global_colors_info=&#8221;{}&#8221; src__hover_enabled=&#8221;off|desktop&#8221; src__hover=&#8221;https:\/\/www.granapadano.it\/wp-content\/uploads\/2022\/11\/1.png&#8221;][\/et_pb_image][et_pb_text _builder_version=&#8221;4.20.2&#8243; _module_preset=&#8221;default&#8221; text_text_color=&#8221;#0f0f0f&#8221; text_font_size=&#8221;18px&#8221; text_line_height=&#8221;26px&#8221; text_orientation=&#8221;center&#8221; min_height=&#8221;279px&#8221; custom_padding=&#8221;14px|||||&#8221; global_colors_info=&#8221;{}&#8221;]<\/p>\n<p><strong>Concernant les dimensions,<\/strong><span>\u00a0Grana Padano doit avoir un diam\u00e8tre de 35 \u00e0 45 cm, avec un talon compris entre 18 et 25 cm, selon les techniques de production utilis\u00e9es.<\/span><\/p>\n<p>[\/et_pb_text][\/et_pb_column][et_pb_column type=&#8221;1_4&#8243; _builder_version=&#8221;4.19.1&#8243; _module_preset=&#8221;default&#8221; global_colors_info=&#8221;{}&#8221;][et_pb_image src=&#8221;https:\/\/www.granapadano.it\/wp-content\/uploads\/2023\/02\/il-mio-peso.png&#8221; title_text=&#8221;il-mio-peso&#8221; align=&#8221;center&#8221; _builder_version=&#8221;4.19.5&#8243; _module_preset=&#8221;default&#8221; transform_scale=&#8221;80%|80%&#8221; custom_margin=&#8221;||23px|||&#8221; global_colors_info=&#8221;{}&#8221; src__hover_enabled=&#8221;off|hover&#8221; src__hover=&#8221;https:\/\/www.granapadano.it\/wp-content\/uploads\/2022\/11\/2.png&#8221;][\/et_pb_image][et_pb_text _builder_version=&#8221;4.20.2&#8243; _module_preset=&#8221;default&#8221; text_text_color=&#8221;#0f0f0f&#8221; text_font_size=&#8221;18px&#8221; text_line_height=&#8221;26px&#8221; text_orientation=&#8221;center&#8221; min_height=&#8221;279px&#8221; custom_padding=&#8221;14px|||||&#8221; global_colors_info=&#8221;{}&#8221;]<\/p>\n<p><strong>Le poids<\/strong><span>\u00a0ne peut jamais \u00eatre inf\u00e9rieur \u00e0 24 kg et jamais sup\u00e9rieur \u00e0 40 kg.<\/span><\/p>\n<p>[\/et_pb_text][\/et_pb_column][et_pb_column type=&#8221;1_4&#8243; _builder_version=&#8221;4.19.1&#8243; _module_preset=&#8221;default&#8221; global_colors_info=&#8221;{}&#8221;][et_pb_image src=&#8221;https:\/\/www.granapadano.it\/wp-content\/uploads\/2023\/02\/la-crosta.png&#8221; title_text=&#8221;la-crosta&#8221; align=&#8221;center&#8221; _builder_version=&#8221;4.19.5&#8243; _module_preset=&#8221;default&#8221; transform_scale=&#8221;80%|80%&#8221; custom_margin=&#8221;||23px|||&#8221; global_colors_info=&#8221;{}&#8221; src__hover_enabled=&#8221;off|desktop&#8221; src__hover=&#8221;https:\/\/www.granapadano.it\/wp-content\/uploads\/2022\/11\/3.png&#8221;][\/et_pb_image][et_pb_text _builder_version=&#8221;4.20.2&#8243; _module_preset=&#8221;default&#8221; text_text_color=&#8221;#0f0f0f&#8221; text_font_size=&#8221;18px&#8221; text_line_height=&#8221;26px&#8221; text_orientation=&#8221;center&#8221; min_height=&#8221;279px&#8221; custom_padding=&#8221;14px|||||&#8221; global_colors_info=&#8221;{}&#8221;]<\/p>\n<p><strong>La cro\u00fbte<\/strong><span>\u00a0doit avoir une \u00e9paisseur de 4 \u00e0 8 mm.<\/span><\/p>\n<p>[\/et_pb_text][\/et_pb_column][et_pb_column type=&#8221;1_4&#8243; _builder_version=&#8221;4.19.1&#8243; _module_preset=&#8221;default&#8221; global_colors_info=&#8221;{}&#8221;][et_pb_image src=&#8221;https:\/\/www.granapadano.it\/wp-content\/uploads\/2023\/02\/la-mia-pasta.png&#8221; title_text=&#8221;la-mia-pasta&#8221; align=&#8221;center&#8221; _builder_version=&#8221;4.19.5&#8243; _module_preset=&#8221;default&#8221; transform_scale=&#8221;80%|80%&#8221; custom_margin=&#8221;||23px|||&#8221; global_colors_info=&#8221;{}&#8221; src__hover_enabled=&#8221;off|desktop&#8221; src__hover=&#8221;https:\/\/www.granapadano.it\/wp-content\/uploads\/2022\/11\/3.png&#8221;][\/et_pb_image][et_pb_text _builder_version=&#8221;4.20.2&#8243; _module_preset=&#8221;default&#8221; text_text_color=&#8221;#0f0f0f&#8221; text_font_size=&#8221;18px&#8221; text_line_height=&#8221;26px&#8221; text_orientation=&#8221;center&#8221; min_height=&#8221;279px&#8221; custom_padding=&#8221;14px|||||&#8221; global_colors_info=&#8221;{}&#8221;]<\/p>\n<p><strong>La p\u00e2te<\/strong><span>\u00a0est dure, finement granuleuse, a une fracture radiale en \u00e9caille et des trous \u00e0 peine visibles.<\/span><\/p>\n<p>[\/et_pb_text][\/et_pb_column][\/et_pb_row][\/et_pb_section]<\/p>\n","protected":false},"excerpt":{"rendered":"<p><div class=\"breadcrumb\"><a href=\"https:\/\/www.granapadano.it\/fr-fr\/\">Home<\/a>  <  <\/div>Les propriet\u00e9s de Grana PadanoLes propri\u00e9t\u00e9s qui distinguent ce fromage italien de tous les autres fromages du monde sont nombreuses, du poids de la meule jusqu\u2019au go\u00fbt et \u00e0 l\u2019ar\u00f4me incomparables. En voici quelques-unes.Grana Padano\u00a0est fait\u00a0de\u00a0lait, de\u00a0sel\u00a0et de\u00a0pr\u00e9sure, auxquels on ajoute du\u00a0lysozyme. Le lysozyme est une enzyme \u00e0 action antibact\u00e9rienne naturellement pr\u00e9sente dans de nombreuses [&hellip;]<\/p>\n","protected":false},"author":34,"featured_media":0,"parent":153138,"menu_order":892,"comment_status":"closed","ping_status":"closed","template":"","meta":{"_acf_changed":false,"_et_pb_use_builder":"on","_et_pb_old_content":"","_et_gb_content_width":"","footnotes":""},"class_list":["post-149111","page","type-page","status-publish","hentry"],"acf":[],"yoast_head":"<!-- This site is optimized with the Yoast SEO plugin v27.4 - https:\/\/yoast.com\/product\/yoast-seo-wordpress\/ -->\n<title>Les propriet\u00e9s de Grana Padano - Grana Padano<\/title>\n<meta name=\"robots\" content=\"index, follow, max-snippet:-1, max-image-preview:large, max-video-preview:-1\" \/>\n<link rel=\"canonical\" href=\"https:\/\/www.granapadano.it\/fr-fr\/lart-du-savoir-faire\/le-produit-iconique\/les-proprietes-de-grana-padano\/\" \/>\n<meta property=\"og:locale\" content=\"fr_FR\" \/>\n<meta property=\"og:type\" content=\"article\" \/>\n<meta property=\"og:title\" content=\"Les propriet\u00e9s de Grana Padano - Grana Padano\" \/>\n<meta property=\"og:description\" content=\"Les propriet\u00e9s de Grana PadanoLes propri\u00e9t\u00e9s qui distinguent ce fromage italien de tous les autres fromages du monde sont nombreuses, du poids de la meule jusqu\u2019au go\u00fbt et \u00e0 l\u2019ar\u00f4me incomparables. En voici quelques-unes.Grana Padano\u00a0est fait\u00a0de\u00a0lait, de\u00a0sel\u00a0et de\u00a0pr\u00e9sure, auxquels on ajoute du\u00a0lysozyme. Le lysozyme est une enzyme \u00e0 action antibact\u00e9rienne naturellement pr\u00e9sente dans de nombreuses [&hellip;]\" \/>\n<meta property=\"og:url\" content=\"https:\/\/www.granapadano.it\/fr-fr\/lart-du-savoir-faire\/le-produit-iconique\/les-proprietes-de-grana-padano\/\" \/>\n<meta property=\"og:site_name\" content=\"Grana Padano\" \/>\n<meta property=\"article:modified_time\" content=\"2026-03-20T10:04:07+00:00\" \/>\n<meta name=\"twitter:card\" content=\"summary_large_image\" \/>\n<meta name=\"twitter:label1\" content=\"Est. reading time\" \/>\n\t<meta name=\"twitter:data1\" content=\"3 minutes\" \/>\n<script type=\"application\/ld+json\" class=\"yoast-schema-graph\">{\"@context\":\"https:\\\/\\\/schema.org\",\"@graph\":[{\"@type\":\"WebPage\",\"@id\":\"https:\\\/\\\/www.granapadano.it\\\/fr-fr\\\/lart-du-savoir-faire\\\/le-produit-iconique\\\/les-proprietes-de-grana-padano\\\/\",\"url\":\"https:\\\/\\\/www.granapadano.it\\\/fr-fr\\\/lart-du-savoir-faire\\\/le-produit-iconique\\\/les-proprietes-de-grana-padano\\\/\",\"name\":\"Les propriet\u00e9s de Grana Padano - Grana Padano\",\"isPartOf\":{\"@id\":\"https:\\\/\\\/www.granapadano.it\\\/fr-fr\\\/#website\"},\"datePublished\":\"2026-03-16T09:54:12+00:00\",\"dateModified\":\"2026-03-20T10:04:07+00:00\",\"breadcrumb\":{\"@id\":\"https:\\\/\\\/www.granapadano.it\\\/fr-fr\\\/lart-du-savoir-faire\\\/le-produit-iconique\\\/les-proprietes-de-grana-padano#breadcrumb\"},\"inLanguage\":\"fr-fr\",\"potentialAction\":[{\"@type\":\"ReadAction\",\"target\":[\"https:\\\/\\\/www.granapadano.it\\\/fr-fr\\\/lart-du-savoir-faire\\\/le-produit-iconique\\\/les-proprietes-de-grana-padano\\\/\"]}]},{\"@type\":\"BreadcrumbList\",\"@id\":\"https:\\\/\\\/www.granapadano.it\\\/fr-fr\\\/lart-du-savoir-faire\\\/le-produit-iconique\\\/les-proprietes-de-grana-padano#breadcrumb\",\"itemListElement\":[{\"@type\":\"ListItem\",\"position\":1,\"name\":\"Home\",\"item\":\"https:\\\/\\\/www.granapadano.it\\\/fr-fr\\\/\"},{\"@type\":\"ListItem\",\"position\":2,\"name\":\"L&#8217;art du savoir-faire\",\"item\":\"https:\\\/\\\/www.granapadano.it\\\/fr-fr\\\/lart-du-savoir-faire\\\/\"},{\"@type\":\"ListItem\",\"position\":3,\"name\":\"Les propriet\u00e9s de Grana Padano\"}]},{\"@type\":\"WebSite\",\"@id\":\"https:\\\/\\\/www.granapadano.it\\\/fr-fr\\\/#website\",\"url\":\"https:\\\/\\\/www.granapadano.it\\\/fr-fr\\\/\",\"name\":\"Grana Padano\",\"description\":\"\",\"potentialAction\":[{\"@type\":\"SearchAction\",\"target\":{\"@type\":\"EntryPoint\",\"urlTemplate\":\"https:\\\/\\\/www.granapadano.it\\\/fr-fr\\\/?s={search_term_string}\"},\"query-input\":{\"@type\":\"PropertyValueSpecification\",\"valueRequired\":true,\"valueName\":\"search_term_string\"}}],\"inLanguage\":\"fr-fr\"}]}<\/script>\n<!-- \/ Yoast SEO plugin. -->","yoast_head_json":{"title":"Les propriet\u00e9s de Grana Padano - Grana Padano","robots":{"index":"index","follow":"follow","max-snippet":"max-snippet:-1","max-image-preview":"max-image-preview:large","max-video-preview":"max-video-preview:-1"},"canonical":"https:\/\/www.granapadano.it\/fr-fr\/lart-du-savoir-faire\/le-produit-iconique\/les-proprietes-de-grana-padano\/","og_locale":"fr_FR","og_type":"article","og_title":"Les propriet\u00e9s de Grana Padano - Grana Padano","og_description":"Les propriet\u00e9s de Grana PadanoLes propri\u00e9t\u00e9s qui distinguent ce fromage italien de tous les autres fromages du monde sont nombreuses, du poids de la meule jusqu\u2019au go\u00fbt et \u00e0 l\u2019ar\u00f4me incomparables. En voici quelques-unes.Grana Padano\u00a0est fait\u00a0de\u00a0lait, de\u00a0sel\u00a0et de\u00a0pr\u00e9sure, auxquels on ajoute du\u00a0lysozyme. Le lysozyme est une enzyme \u00e0 action antibact\u00e9rienne naturellement pr\u00e9sente dans de nombreuses [&hellip;]","og_url":"https:\/\/www.granapadano.it\/fr-fr\/lart-du-savoir-faire\/le-produit-iconique\/les-proprietes-de-grana-padano\/","og_site_name":"Grana Padano","article_modified_time":"2026-03-20T10:04:07+00:00","twitter_card":"summary_large_image","twitter_misc":{"Est. reading time":"3 minutes"},"schema":{"@context":"https:\/\/schema.org","@graph":[{"@type":"WebPage","@id":"https:\/\/www.granapadano.it\/fr-fr\/lart-du-savoir-faire\/le-produit-iconique\/les-proprietes-de-grana-padano\/","url":"https:\/\/www.granapadano.it\/fr-fr\/lart-du-savoir-faire\/le-produit-iconique\/les-proprietes-de-grana-padano\/","name":"Les propriet\u00e9s de Grana Padano - Grana Padano","isPartOf":{"@id":"https:\/\/www.granapadano.it\/fr-fr\/#website"},"datePublished":"2026-03-16T09:54:12+00:00","dateModified":"2026-03-20T10:04:07+00:00","breadcrumb":{"@id":"https:\/\/www.granapadano.it\/fr-fr\/lart-du-savoir-faire\/le-produit-iconique\/les-proprietes-de-grana-padano#breadcrumb"},"inLanguage":"fr-fr","potentialAction":[{"@type":"ReadAction","target":["https:\/\/www.granapadano.it\/fr-fr\/lart-du-savoir-faire\/le-produit-iconique\/les-proprietes-de-grana-padano\/"]}]},{"@type":"BreadcrumbList","@id":"https:\/\/www.granapadano.it\/fr-fr\/lart-du-savoir-faire\/le-produit-iconique\/les-proprietes-de-grana-padano#breadcrumb","itemListElement":[{"@type":"ListItem","position":1,"name":"Home","item":"https:\/\/www.granapadano.it\/fr-fr\/"},{"@type":"ListItem","position":2,"name":"L&#8217;art du savoir-faire","item":"https:\/\/www.granapadano.it\/fr-fr\/lart-du-savoir-faire\/"},{"@type":"ListItem","position":3,"name":"Les propriet\u00e9s de Grana Padano"}]},{"@type":"WebSite","@id":"https:\/\/www.granapadano.it\/fr-fr\/#website","url":"https:\/\/www.granapadano.it\/fr-fr\/","name":"Grana Padano","description":"","potentialAction":[{"@type":"SearchAction","target":{"@type":"EntryPoint","urlTemplate":"https:\/\/www.granapadano.it\/fr-fr\/?s={search_term_string}"},"query-input":{"@type":"PropertyValueSpecification","valueRequired":true,"valueName":"search_term_string"}}],"inLanguage":"fr-fr"}]}},"_links":{"self":[{"href":"https:\/\/www.granapadano.it\/fr-fr\/wp-json\/wp\/v2\/pages\/149111","targetHints":{"allow":["GET"]}}],"collection":[{"href":"https:\/\/www.granapadano.it\/fr-fr\/wp-json\/wp\/v2\/pages"}],"about":[{"href":"https:\/\/www.granapadano.it\/fr-fr\/wp-json\/wp\/v2\/types\/page"}],"author":[{"embeddable":true,"href":"https:\/\/www.granapadano.it\/fr-fr\/wp-json\/wp\/v2\/users\/34"}],"replies":[{"embeddable":true,"href":"https:\/\/www.granapadano.it\/fr-fr\/wp-json\/wp\/v2\/comments?post=149111"}],"version-history":[{"count":2,"href":"https:\/\/www.granapadano.it\/fr-fr\/wp-json\/wp\/v2\/pages\/149111\/revisions"}],"predecessor-version":[{"id":149114,"href":"https:\/\/www.granapadano.it\/fr-fr\/wp-json\/wp\/v2\/pages\/149111\/revisions\/149114"}],"up":[{"embeddable":true,"href":"https:\/\/www.granapadano.it\/fr-fr\/wp-json\/wp\/v2\/pages\/153138"}],"wp:attachment":[{"href":"https:\/\/www.granapadano.it\/fr-fr\/wp-json\/wp\/v2\/media?parent=149111"}],"curies":[{"name":"wp","href":"https:\/\/api.w.org\/{rel}","templated":true}]}}