{"id":137237,"date":"2025-04-10T09:02:53","date_gmt":"2025-04-10T09:02:53","guid":{"rendered":"https:\/\/www.granapadano.it\/?page_id=137237"},"modified":"2025-04-10T10:04:34","modified_gmt":"2025-04-10T10:04:34","slug":"comment-associer-le-grana-padano-20-24-mois-riserva-et-les-fruits","status":"publish","type":"page","link":"https:\/\/www.granapadano.it\/fr-fr\/degustation\/appariements\/avec-quels-fruits-associer-le-grana-padano\/comment-associer-le-grana-padano-20-24-mois-riserva-et-les-fruits\/","title":{"rendered":"Comment associer le Grana Padano 20-24 mois \u00ab Riserva \u00bb et les fruits ?"},"content":{"rendered":"<p>[et_pb_section fb_built=&#8221;1&#8243; fullwidth=&#8221;on&#8221; _builder_version=&#8221;4.19.5&#8243; _module_preset=&#8221;default&#8221; global_colors_info=&#8221;{}&#8221;][et_pb_fullwidth_image src=&#8221;https:\/\/www.granapadano.it\/wp-content\/uploads\/2025\/04\/GP_frutta-fresca-h.jpg&#8221; title_text=&#8221;GP_Card-frutta-fresca&#8221; src_tablet=&#8221;https:\/\/www.granapadano.it\/wp-content\/uploads\/2025\/04\/GP_frutta-fresca-h.jpg&#8221; src_phone=&#8221;https:\/\/www.granapadano.it\/wp-content\/uploads\/2025\/04\/GP_Card-frutta-fresca.jpg&#8221; src_last_edited=&#8221;on|phone&#8221; _builder_version=&#8221;4.27.4&#8243; _module_preset=&#8221;default&#8221; locked=&#8221;off&#8221; global_colors_info=&#8221;{}&#8221;][\/et_pb_fullwidth_image][\/et_pb_section][et_pb_section fb_built=&#8221;1&#8243; module_class=&#8221;production_sub_hub_main_wrapper&#8221; _builder_version=&#8221;4.19.4&#8243; _module_preset=&#8221;default&#8221; custom_padding=&#8221;13px||0px|||&#8221; locked=&#8221;off&#8221; global_colors_info=&#8221;{}&#8221;][et_pb_row module_class=&#8221;recipe_filter_section&#8221; _builder_version=&#8221;4.19.2&#8243; _module_preset=&#8221;default&#8221; max_width=&#8221;90%&#8221; custom_padding=&#8221;||7px|||&#8221; global_colors_info=&#8221;{}&#8221;][et_pb_column type=&#8221;4_4&#8243; _builder_version=&#8221;4.19.2&#8243; _module_preset=&#8221;default&#8221; global_colors_info=&#8221;{}&#8221;][et_pb_code _builder_version=&#8221;4.19.2&#8243; _module_preset=&#8221;default&#8221; custom_margin=&#8221;||16px|||&#8221; global_colors_info=&#8221;{}&#8221;]<div class=\"breadcrumb\"><a href=\"https:\/\/www.granapadano.it\/fr-fr\/\">Home<\/a>  <  <\/div>[\/et_pb_code][\/et_pb_column][\/et_pb_row][\/et_pb_section][et_pb_section fb_built=&#8221;1&#8243; module_class=&#8221;giovani_sub_hub_title&#8221; _builder_version=&#8221;4.19.5&#8243; _module_preset=&#8221;default&#8221; custom_padding=&#8221;0px||35px||false|false&#8221; locked=&#8221;off&#8221; global_colors_info=&#8221;{}&#8221;][et_pb_row module_class=&#8221;gp_producion_heading_wrapper&#8221; _builder_version=&#8221;4.19.5&#8243; _module_preset=&#8221;default&#8221; max_width=&#8221;90%&#8221; module_alignment=&#8221;center&#8221; custom_padding=&#8221;||||false|false&#8221; global_colors_info=&#8221;{}&#8221;][et_pb_column type=&#8221;4_4&#8243; _builder_version=&#8221;4.19.4&#8243; _module_preset=&#8221;default&#8221; global_colors_info=&#8221;{}&#8221;][et_pb_text module_class=&#8221;giovani_sub_hub_title_text&#8221; _builder_version=&#8221;4.27.4&#8243; _module_preset=&#8221;default&#8221; text_font=&#8221;Merriweather|700|||||||&#8221; text_text_color=&#8221;#0f0f0f&#8221; text_font_size=&#8221;80px&#8221; text_line_height=&#8221;70px&#8221; header_font=&#8221;Merriweather||||||||&#8221; header_text_color=&#8221;gcid-8696fd7e-29dd-4028-9d4d-981b208a53a9&#8243; header_font_size=&#8221;44px&#8221; header_line_height=&#8221;52px&#8221; text_orientation=&#8221;center&#8221; min_height=&#8221;83px&#8221; custom_margin=&#8221;||0px||false|false&#8221; custom_padding=&#8221;||0px||false|false&#8221; global_colors_info=&#8221;{%22gcid-8696fd7e-29dd-4028-9d4d-981b208a53a9%22:%91%22header_text_color%22%93}&#8221;]<\/p>\n<h1>Grana Padano AOP \u00ab Riserva \u00bb 20-24 mois<\/h1>\n<p>[\/et_pb_text][\/et_pb_column][\/et_pb_row][et_pb_row column_structure=&#8221;1_4,3_4&#8243; module_class=&#8221;article_dates&#8221; _builder_version=&#8221;4.19.4&#8243; _module_preset=&#8221;default&#8221; max_width=&#8221;90%&#8221; custom_padding=&#8221;2px||6px||false|false&#8221; global_colors_info=&#8221;{}&#8221;][et_pb_column type=&#8221;1_4&#8243; _builder_version=&#8221;4.19.3&#8243; _module_preset=&#8221;default&#8221; global_colors_info=&#8221;{}&#8221;][et_pb_text module_class=&#8221;button_look&#8221; _builder_version=&#8221;4.27.4&#8243; _module_preset=&#8221;default&#8221; text_font=&#8221;FontPadano-Bold||||||||&#8221; text_text_color=&#8221;#000000&#8243; text_font_size=&#8221;26px&#8221; background_color=&#8221;RGBA(255,255,255,0)&#8221; locked=&#8221;off&#8221; global_colors_info=&#8221;{}&#8221;]<\/p>\n<p>Fruits<\/p>\n<p>[\/et_pb_text][\/et_pb_column][et_pb_column type=&#8221;3_4&#8243; _builder_version=&#8221;4.19.4&#8243; _module_preset=&#8221;default&#8221; global_colors_info=&#8221;{}&#8221;][\/et_pb_column][\/et_pb_row][et_pb_row column_structure=&#8221;2_5,3_5&#8243; module_class=&#8221;article_sub_img_text_content &#8221; _builder_version=&#8221;4.24.3&#8243; _module_preset=&#8221;default&#8221; max_width=&#8221;90%&#8221; module_alignment=&#8221;center&#8221; min_height=&#8221;571.9px&#8221; custom_margin=&#8221;0px|auto|0px|auto|false|false&#8221; custom_padding=&#8221;0px||0px||false|false&#8221; global_colors_info=&#8221;{}&#8221;][et_pb_column type=&#8221;2_5&#8243; module_class=&#8221;article_sub_img_wrap&#8221; _builder_version=&#8221;4.20.2&#8243; _module_preset=&#8221;default&#8221; global_colors_info=&#8221;{}&#8221;][et_pb_image src=&#8221;https:\/\/www.granapadano.it\/wp-content\/uploads\/2025\/04\/front-view-peaches-cutting-board-wooden-surface-scaled.jpg&#8221; title_text=&#8221;side view of peaches on cutting board and wooden background&#8221; align=&#8221;center&#8221; _builder_version=&#8221;4.27.4&#8243; _module_preset=&#8221;default&#8221; positioning=&#8221;relative&#8221; vertical_offset=&#8221;63px&#8221; module_alignment=&#8221;center&#8221; border_radii=&#8221;on|20px|20px|20px|20px&#8221; global_colors_info=&#8221;{}&#8221;][\/et_pb_image][\/et_pb_column][et_pb_column type=&#8221;3_5&#8243; module_class=&#8221;article_sub_text_wrap&#8221; _builder_version=&#8221;4.20.2&#8243; _module_preset=&#8221;default&#8221; global_colors_info=&#8221;{}&#8221;][et_pb_text _builder_version=&#8221;4.27.4&#8243; _module_preset=&#8221;default&#8221; text_font=&#8221;||||||||&#8221; text_text_color=&#8221;#0f0f0f&#8221; text_font_size=&#8221;18px&#8221; text_line_height=&#8221;26px&#8221; width=&#8221;100%&#8221; custom_margin=&#8221;||0px||false|false&#8221; global_colors_info=&#8221;{}&#8221;]<\/p>\n<h3>Grana Padano AOP \u00ab Riserva \u00bb 20-24 mois et poires<\/h3>\n<p>La poire est l&#8217;un des fruits les plus populaires dans les associations de fromages, et avec le Grana Padano AOP \u00ab Riserva \u00bb 20-24 mois, le r\u00e9sultat est extraordinaire. Cette maturation conf\u00e8re au fromage un go\u00fbt prononc\u00e9, avec des notes de fruits secs et une texture granuleuse qui s&#8217;harmonise parfaitement avec la douceur velout\u00e9e de la poire. Id\u00e9al pour un ap\u00e9ritif gourmand ou pour enrichir une salade avec une touche raffin\u00e9e.<br \/>\nLa poire est consid\u00e9r\u00e9e comme le fruit par excellence pour accompagner le fromage, gr\u00e2ce \u00e0 sa douceur naturelle et \u00e0 sa texture onctueuse. D\u00e8s l&#8217;Antiquit\u00e9, les Romains l&#8217;utilisaient dans des recettes de plats sal\u00e9s et sucr\u00e9s. Riche en fibres et peu calorique, la poire permet d&#8217;\u00e9quilibrer la structure granuleuse du Grana Padano AOP \u00ab Riserva \u00bb 20-24 mois, en le rendant plus enveloppant en bouche. Pour une exp\u00e9rience gustative encore plus intense, combinez les tranches de poire avec des flocons de Grana Padano et une pinc\u00e9e de poivre noir ou un filet de miel de ch\u00e2taignier.\n<\/p>\n<p><strong>Curiosit\u00e9s<\/strong><\/p>\n<ul>\n<li>Les poires sont cultiv\u00e9es depuis plus de 4 000 ans ! Les premi\u00e8res traces de leur culture remontent \u00e0 la civilisation m\u00e9sopotamienne, et les Grecs et les Romains de l&#8217;Antiquit\u00e9 les appr\u00e9ciaient \u00e9galement beaucoup. Hom\u00e8re, dans l&#8217;\u00ab Odyss\u00e9e \u00bb, les a m\u00eame qualifi\u00e9es de \u00ab don des dieux \u00bb.<\/li>\n<li>La poire est l&#8217;un des fruits les plus cultiv\u00e9s au monde, avec des milliers de vari\u00e9t\u00e9s diff\u00e9rentes. Leur chair peut \u00eatre croquante ou fondante, sucr\u00e9e ou l\u00e9g\u00e8rement acidul\u00e9e, ce qui les rend parfaites pour de nombreuses combinaisons en cuisine.<\/li>\n<\/ul>\n<p>[\/et_pb_text][\/et_pb_column][\/et_pb_row][\/et_pb_section]<\/p>\n","protected":false},"excerpt":{"rendered":"<p><div class=\"breadcrumb\"><a href=\"https:\/\/www.granapadano.it\/fr-fr\/\">Home<\/a>  <  <\/div>Grana Padano AOP \u00ab Riserva \u00bb 20-24 moisFruitsGrana Padano AOP \u00ab Riserva \u00bb 20-24 mois et poires La poire est l&#8217;un des fruits les plus populaires dans les associations de fromages, et avec le Grana Padano AOP \u00ab Riserva \u00bb 20-24 mois, le r\u00e9sultat est extraordinaire. Cette maturation conf\u00e8re au fromage un go\u00fbt prononc\u00e9, avec [&hellip;]<\/p>\n","protected":false},"author":21,"featured_media":0,"parent":137160,"menu_order":312,"comment_status":"closed","ping_status":"closed","template":"","meta":{"_acf_changed":false,"_et_pb_use_builder":"on","_et_pb_old_content":"","_et_gb_content_width":"","footnotes":""},"class_list":["post-137237","page","type-page","status-publish","hentry"],"acf":[],"yoast_head":"<!-- This site is optimized with the Yoast SEO plugin v27.2 - https:\/\/yoast.com\/product\/yoast-seo-wordpress\/ -->\n<title>Comment associer le Grana Padano 20-24 mois \u00ab Riserva \u00bb et les fruits ? - Grana Padano<\/title>\n<meta name=\"robots\" content=\"index, follow, max-snippet:-1, max-image-preview:large, max-video-preview:-1\" \/>\n<link rel=\"canonical\" href=\"https:\/\/www.granapadano.it\/fr-fr\/degustation\/appariements\/avec-quels-fruits-associer-le-grana-padano\/comment-associer-le-grana-padano-20-24-mois-riserva-et-les-fruits\/\" \/>\n<meta property=\"og:locale\" content=\"fr_FR\" \/>\n<meta property=\"og:type\" content=\"article\" \/>\n<meta property=\"og:title\" content=\"Comment associer le Grana Padano 20-24 mois \u00ab Riserva \u00bb et les fruits ? - Grana Padano\" \/>\n<meta property=\"og:description\" content=\"Grana Padano AOP \u00ab Riserva \u00bb 20-24 moisFruitsGrana Padano AOP \u00ab Riserva \u00bb 20-24 mois et poires La poire est l&#039;un des fruits les plus populaires dans les associations de fromages, et avec le Grana Padano AOP \u00ab Riserva \u00bb 20-24 mois, le r\u00e9sultat est extraordinaire. Cette maturation conf\u00e8re au fromage un go\u00fbt prononc\u00e9, avec [&hellip;]\" \/>\n<meta property=\"og:url\" content=\"https:\/\/www.granapadano.it\/fr-fr\/degustation\/appariements\/avec-quels-fruits-associer-le-grana-padano\/comment-associer-le-grana-padano-20-24-mois-riserva-et-les-fruits\/\" \/>\n<meta property=\"og:site_name\" content=\"Grana Padano\" \/>\n<meta property=\"article:modified_time\" content=\"2025-04-10T10:04:34+00:00\" \/>\n<meta name=\"twitter:card\" content=\"summary_large_image\" \/>\n<meta name=\"twitter:label1\" content=\"Est. reading time\" \/>\n\t<meta name=\"twitter:data1\" content=\"2 minutes\" \/>\n<script type=\"application\/ld+json\" class=\"yoast-schema-graph\">{\"@context\":\"https:\/\/schema.org\",\"@graph\":[{\"@type\":\"WebPage\",\"@id\":\"https:\/\/www.granapadano.it\/fr-fr\/degustation\/appariements\/avec-quels-fruits-associer-le-grana-padano\/comment-associer-le-grana-padano-20-24-mois-riserva-et-les-fruits\/\",\"url\":\"https:\/\/www.granapadano.it\/fr-fr\/degustation\/appariements\/avec-quels-fruits-associer-le-grana-padano\/comment-associer-le-grana-padano-20-24-mois-riserva-et-les-fruits\/\",\"name\":\"Comment associer le Grana Padano 20-24 mois \u00ab Riserva \u00bb et les fruits ? - Grana Padano\",\"isPartOf\":{\"@id\":\"https:\/\/www.granapadano.it\/fr-fr\/#website\"},\"datePublished\":\"2025-04-10T09:02:53+00:00\",\"dateModified\":\"2025-04-10T10:04:34+00:00\",\"breadcrumb\":{\"@id\":\"https:\/\/www.granapadano.it\/fr-fr\/degustation\/appariements\/avec-quels-fruits-associer-le-grana-padano\/comment-associer-le-grana-padano-20-24-mois-riserva-et-les-fruits\/#breadcrumb\"},\"inLanguage\":\"fr-fr\",\"potentialAction\":[{\"@type\":\"ReadAction\",\"target\":[\"https:\/\/www.granapadano.it\/fr-fr\/degustation\/appariements\/avec-quels-fruits-associer-le-grana-padano\/comment-associer-le-grana-padano-20-24-mois-riserva-et-les-fruits\/\"]}]},{\"@type\":\"BreadcrumbList\",\"@id\":\"https:\/\/www.granapadano.it\/fr-fr\/degustation\/appariements\/avec-quels-fruits-associer-le-grana-padano\/comment-associer-le-grana-padano-20-24-mois-riserva-et-les-fruits\/#breadcrumb\",\"itemListElement\":[{\"@type\":\"ListItem\",\"position\":1,\"name\":\"Home\",\"item\":\"https:\/\/www.granapadano.it\/fr-fr\/\"},{\"@type\":\"ListItem\",\"position\":2,\"name\":\"Recettes\",\"item\":\"https:\/\/www.granapadano.it\/fr-fr\/recettes\/\"},{\"@type\":\"ListItem\",\"position\":3,\"name\":\"Accords\",\"item\":\"https:\/\/www.granapadano.it\/fr-fr\/recettes\/accords\/\"},{\"@type\":\"ListItem\",\"position\":4,\"name\":\"Avec quels fruits associer le Grana Padano ?\",\"item\":\"https:\/\/www.granapadano.it\/fr-fr\/degustation\/appariements\/avec-quels-fruits-associer-le-grana-padano\/\"},{\"@type\":\"ListItem\",\"position\":5,\"name\":\"Comment associer le Grana Padano 20-24 mois \u00ab Riserva \u00bb et les fruits ?\"}]},{\"@type\":\"WebSite\",\"@id\":\"https:\/\/www.granapadano.it\/fr-fr\/#website\",\"url\":\"https:\/\/www.granapadano.it\/fr-fr\/\",\"name\":\"Grana Padano\",\"description\":\"\",\"potentialAction\":[{\"@type\":\"SearchAction\",\"target\":{\"@type\":\"EntryPoint\",\"urlTemplate\":\"https:\/\/www.granapadano.it\/fr-fr\/?s={search_term_string}\"},\"query-input\":{\"@type\":\"PropertyValueSpecification\",\"valueRequired\":true,\"valueName\":\"search_term_string\"}}],\"inLanguage\":\"fr-fr\"}]}<\/script>\n<!-- \/ Yoast SEO plugin. -->","yoast_head_json":{"title":"Comment associer le Grana Padano 20-24 mois \u00ab Riserva \u00bb et les fruits ? - Grana Padano","robots":{"index":"index","follow":"follow","max-snippet":"max-snippet:-1","max-image-preview":"max-image-preview:large","max-video-preview":"max-video-preview:-1"},"canonical":"https:\/\/www.granapadano.it\/fr-fr\/degustation\/appariements\/avec-quels-fruits-associer-le-grana-padano\/comment-associer-le-grana-padano-20-24-mois-riserva-et-les-fruits\/","og_locale":"fr_FR","og_type":"article","og_title":"Comment associer le Grana Padano 20-24 mois \u00ab Riserva \u00bb et les fruits ? - Grana Padano","og_description":"Grana Padano AOP \u00ab Riserva \u00bb 20-24 moisFruitsGrana Padano AOP \u00ab Riserva \u00bb 20-24 mois et poires La poire est l'un des fruits les plus populaires dans les associations de fromages, et avec le Grana Padano AOP \u00ab Riserva \u00bb 20-24 mois, le r\u00e9sultat est extraordinaire. Cette maturation conf\u00e8re au fromage un go\u00fbt prononc\u00e9, avec [&hellip;]","og_url":"https:\/\/www.granapadano.it\/fr-fr\/degustation\/appariements\/avec-quels-fruits-associer-le-grana-padano\/comment-associer-le-grana-padano-20-24-mois-riserva-et-les-fruits\/","og_site_name":"Grana Padano","article_modified_time":"2025-04-10T10:04:34+00:00","twitter_card":"summary_large_image","twitter_misc":{"Est. reading time":"2 minutes"},"schema":{"@context":"https:\/\/schema.org","@graph":[{"@type":"WebPage","@id":"https:\/\/www.granapadano.it\/fr-fr\/degustation\/appariements\/avec-quels-fruits-associer-le-grana-padano\/comment-associer-le-grana-padano-20-24-mois-riserva-et-les-fruits\/","url":"https:\/\/www.granapadano.it\/fr-fr\/degustation\/appariements\/avec-quels-fruits-associer-le-grana-padano\/comment-associer-le-grana-padano-20-24-mois-riserva-et-les-fruits\/","name":"Comment associer le Grana Padano 20-24 mois \u00ab Riserva \u00bb et les fruits ? - Grana Padano","isPartOf":{"@id":"https:\/\/www.granapadano.it\/fr-fr\/#website"},"datePublished":"2025-04-10T09:02:53+00:00","dateModified":"2025-04-10T10:04:34+00:00","breadcrumb":{"@id":"https:\/\/www.granapadano.it\/fr-fr\/degustation\/appariements\/avec-quels-fruits-associer-le-grana-padano\/comment-associer-le-grana-padano-20-24-mois-riserva-et-les-fruits\/#breadcrumb"},"inLanguage":"fr-fr","potentialAction":[{"@type":"ReadAction","target":["https:\/\/www.granapadano.it\/fr-fr\/degustation\/appariements\/avec-quels-fruits-associer-le-grana-padano\/comment-associer-le-grana-padano-20-24-mois-riserva-et-les-fruits\/"]}]},{"@type":"BreadcrumbList","@id":"https:\/\/www.granapadano.it\/fr-fr\/degustation\/appariements\/avec-quels-fruits-associer-le-grana-padano\/comment-associer-le-grana-padano-20-24-mois-riserva-et-les-fruits\/#breadcrumb","itemListElement":[{"@type":"ListItem","position":1,"name":"Home","item":"https:\/\/www.granapadano.it\/fr-fr\/"},{"@type":"ListItem","position":2,"name":"Recettes","item":"https:\/\/www.granapadano.it\/fr-fr\/recettes\/"},{"@type":"ListItem","position":3,"name":"Accords","item":"https:\/\/www.granapadano.it\/fr-fr\/recettes\/accords\/"},{"@type":"ListItem","position":4,"name":"Avec quels fruits associer le Grana Padano ?","item":"https:\/\/www.granapadano.it\/fr-fr\/degustation\/appariements\/avec-quels-fruits-associer-le-grana-padano\/"},{"@type":"ListItem","position":5,"name":"Comment associer le Grana Padano 20-24 mois \u00ab Riserva \u00bb et les fruits ?"}]},{"@type":"WebSite","@id":"https:\/\/www.granapadano.it\/fr-fr\/#website","url":"https:\/\/www.granapadano.it\/fr-fr\/","name":"Grana Padano","description":"","potentialAction":[{"@type":"SearchAction","target":{"@type":"EntryPoint","urlTemplate":"https:\/\/www.granapadano.it\/fr-fr\/?s={search_term_string}"},"query-input":{"@type":"PropertyValueSpecification","valueRequired":true,"valueName":"search_term_string"}}],"inLanguage":"fr-fr"}]}},"_links":{"self":[{"href":"https:\/\/www.granapadano.it\/fr-fr\/wp-json\/wp\/v2\/pages\/137237","targetHints":{"allow":["GET"]}}],"collection":[{"href":"https:\/\/www.granapadano.it\/fr-fr\/wp-json\/wp\/v2\/pages"}],"about":[{"href":"https:\/\/www.granapadano.it\/fr-fr\/wp-json\/wp\/v2\/types\/page"}],"author":[{"embeddable":true,"href":"https:\/\/www.granapadano.it\/fr-fr\/wp-json\/wp\/v2\/users\/21"}],"replies":[{"embeddable":true,"href":"https:\/\/www.granapadano.it\/fr-fr\/wp-json\/wp\/v2\/comments?post=137237"}],"version-history":[{"count":4,"href":"https:\/\/www.granapadano.it\/fr-fr\/wp-json\/wp\/v2\/pages\/137237\/revisions"}],"predecessor-version":[{"id":137327,"href":"https:\/\/www.granapadano.it\/fr-fr\/wp-json\/wp\/v2\/pages\/137237\/revisions\/137327"}],"up":[{"embeddable":true,"href":"https:\/\/www.granapadano.it\/fr-fr\/wp-json\/wp\/v2\/pages\/137160"}],"wp:attachment":[{"href":"https:\/\/www.granapadano.it\/fr-fr\/wp-json\/wp\/v2\/media?parent=137237"}],"curies":[{"name":"wp","href":"https:\/\/api.w.org\/{rel}","templated":true}]}}