{"id":119408,"date":"2024-04-17T13:01:29","date_gmt":"2024-04-17T13:01:29","guid":{"rendered":"https:\/\/www.granapadano.it\/degustation\/abbinamenti\/come-abbinare-laceto-balsamico-di-modena-igp-con-grana-padano\/come-abbinare-grana-padano-dop-riserva-oltre-24-mesi-e-aceto-balsamico-di-modena-igp\/"},"modified":"2026-03-19T15:06:34","modified_gmt":"2026-03-19T15:06:34","slug":"grana-padano-aop-reserve-plus-de-24-mois-et-vinaigre-balsamique-de-modene-igp","status":"publish","type":"page","link":"https:\/\/www.granapadano.it\/fr-fr\/recettes\/accords\/accords-du-grana-padano-aop-et-du-vinaigre-balsamique-de-modene-igp\/grana-padano-aop-reserve-plus-de-24-mois-et-vinaigre-balsamique-de-modene-igp\/","title":{"rendered":"Grana Padano AOP \u00ab R\u00e9serve \u00bb plus de 24 mois et Vinaigre Balsamique de Mod\u00e8ne IGP"},"content":{"rendered":"<p>[et_pb_section fb_built=&#8221;1&#8243; fullwidth=&#8221;on&#8221; _builder_version=&#8221;4.19.5&#8243; _module_preset=&#8221;default&#8221; global_colors_info=&#8221;{}&#8221;][et_pb_fullwidth_image src=&#8221;https:\/\/www.granapadano.it\/wp-content\/uploads\/2024\/04\/GP_Aceto-h.jpg&#8221; title_text=&#8221;GP_Aceto-m&#8221; src_tablet=&#8221;https:\/\/www.granapadano.it\/wp-content\/uploads\/2024\/04\/GP_Aceto-h.jpg&#8221; src_phone=&#8221;https:\/\/www.granapadano.it\/wp-content\/uploads\/2024\/04\/GP_Aceto-m.jpg&#8221; src_last_edited=&#8221;on|phone&#8221; _builder_version=&#8221;4.24.3&#8243; _module_preset=&#8221;default&#8221; locked=&#8221;off&#8221; global_colors_info=&#8221;{}&#8221;][\/et_pb_fullwidth_image][\/et_pb_section][et_pb_section fb_built=&#8221;1&#8243; module_class=&#8221;production_sub_hub_main_wrapper&#8221; _builder_version=&#8221;4.19.4&#8243; _module_preset=&#8221;default&#8221; custom_padding=&#8221;13px||0px|||&#8221; locked=&#8221;off&#8221; global_colors_info=&#8221;{}&#8221;][et_pb_row module_class=&#8221;recipe_filter_section&#8221; _builder_version=&#8221;4.19.2&#8243; _module_preset=&#8221;default&#8221; max_width=&#8221;90%&#8221; custom_padding=&#8221;||7px|||&#8221; global_colors_info=&#8221;{}&#8221;][et_pb_column type=&#8221;4_4&#8243; _builder_version=&#8221;4.19.2&#8243; _module_preset=&#8221;default&#8221; global_colors_info=&#8221;{}&#8221;][et_pb_code _builder_version=&#8221;4.19.2&#8243; _module_preset=&#8221;default&#8221; custom_margin=&#8221;||16px|||&#8221; global_colors_info=&#8221;{}&#8221;]<div class=\"breadcrumb\"><a href=\"https:\/\/www.granapadano.it\/fr-fr\/\">Home<\/a>  <  <\/div>[\/et_pb_code][\/et_pb_column][\/et_pb_row][\/et_pb_section][et_pb_section fb_built=&#8221;1&#8243; module_class=&#8221;giovani_sub_hub_title&#8221; _builder_version=&#8221;4.19.5&#8243; _module_preset=&#8221;default&#8221; custom_padding=&#8221;0px||35px||false|false&#8221; locked=&#8221;off&#8221; global_colors_info=&#8221;{}&#8221;][et_pb_row module_class=&#8221;gp_producion_heading_wrapper&#8221; _builder_version=&#8221;4.19.5&#8243; _module_preset=&#8221;default&#8221; max_width=&#8221;90%&#8221; module_alignment=&#8221;center&#8221; custom_padding=&#8221;||||false|false&#8221; global_colors_info=&#8221;{}&#8221;][et_pb_column type=&#8221;4_4&#8243; _builder_version=&#8221;4.19.4&#8243; _module_preset=&#8221;default&#8221; global_colors_info=&#8221;{}&#8221;][et_pb_text module_class=&#8221;giovani_sub_hub_title_text&#8221; _builder_version=&#8221;4.24.3&#8243; _module_preset=&#8221;default&#8221; text_font=&#8221;Merriweather|700|||||||&#8221; text_text_color=&#8221;#0f0f0f&#8221; text_font_size=&#8221;80px&#8221; text_line_height=&#8221;70px&#8221; header_font=&#8221;Merriweather||||||||&#8221; header_text_color=&#8221;gcid-8696fd7e-29dd-4028-9d4d-981b208a53a9&#8243; header_font_size=&#8221;44px&#8221; header_line_height=&#8221;52px&#8221; text_orientation=&#8221;center&#8221; min_height=&#8221;83px&#8221; custom_margin=&#8221;||0px||false|false&#8221; custom_padding=&#8221;||0px||false|false&#8221; hover_enabled=&#8221;0&#8243; global_colors_info=&#8221;{%22gcid-8696fd7e-29dd-4028-9d4d-981b208a53a9%22:%91%22header_text_color%22%93}&#8221; sticky_enabled=&#8221;0&#8243;]<\/p>\n<h1>Grana Padano AOP \u00ab R\u00e9serve \u00bb plus de 24 mois <\/h1>\n<p>[\/et_pb_text][\/et_pb_column][\/et_pb_row][et_pb_row column_structure=&#8221;1_4,3_4&#8243; module_class=&#8221;article_dates&#8221; _builder_version=&#8221;4.19.4&#8243; _module_preset=&#8221;default&#8221; max_width=&#8221;90%&#8221; custom_padding=&#8221;2px||6px||false|false&#8221; global_colors_info=&#8221;{}&#8221;][et_pb_column type=&#8221;1_4&#8243; _builder_version=&#8221;4.19.3&#8243; _module_preset=&#8221;default&#8221; global_colors_info=&#8221;{}&#8221;][et_pb_text module_class=&#8221;button_look&#8221; _builder_version=&#8221;4.24.3&#8243; _module_preset=&#8221;default&#8221; text_font=&#8221;FontPadano-Bold||||||||&#8221; text_text_color=&#8221;#000000&#8243; text_font_size=&#8221;26px&#8221; background_color=&#8221;RGBA(255,255,255,0)&#8221; locked=&#8221;off&#8221; global_colors_info=&#8221;{}&#8221;]<\/p>\n<p>Aceto Balsamico di Modena IGP<\/p>\n<p>[\/et_pb_text][\/et_pb_column][et_pb_column type=&#8221;3_4&#8243; _builder_version=&#8221;4.19.4&#8243; _module_preset=&#8221;default&#8221; global_colors_info=&#8221;{}&#8221;][\/et_pb_column][\/et_pb_row][et_pb_row column_structure=&#8221;2_5,3_5&#8243; module_class=&#8221;article_sub_img_text_content &#8221; _builder_version=&#8221;4.24.3&#8243; _module_preset=&#8221;default&#8221; max_width=&#8221;90%&#8221; module_alignment=&#8221;center&#8221; min_height=&#8221;680.9px&#8221; custom_margin=&#8221;0px||0px||false|false&#8221; custom_padding=&#8221;0px||0px||false|false&#8221; global_colors_info=&#8221;{}&#8221;][et_pb_column type=&#8221;2_5&#8243; module_class=&#8221;article_sub_img_wrap&#8221; _builder_version=&#8221;4.20.2&#8243; _module_preset=&#8221;default&#8221; global_colors_info=&#8221;{}&#8221;][et_pb_image src=&#8221;https:\/\/www.granapadano.it\/wp-content\/uploads\/2024\/04\/gp_aceto-e-fichi.jpg&#8221; title_text=&#8221;gp_aceto-e-fichi&#8221; align=&#8221;center&#8221; _builder_version=&#8221;4.24.3&#8243; _module_preset=&#8221;default&#8221; positioning=&#8221;relative&#8221; vertical_offset=&#8221;63px&#8221; module_alignment=&#8221;center&#8221; border_radii=&#8221;on|20px|20px|20px|20px&#8221; global_colors_info=&#8221;{}&#8221;][\/et_pb_image][\/et_pb_column][et_pb_column type=&#8221;3_5&#8243; module_class=&#8221;article_sub_text_wrap&#8221; _builder_version=&#8221;4.20.2&#8243; _module_preset=&#8221;default&#8221; global_colors_info=&#8221;{}&#8221;][et_pb_text _builder_version=&#8221;4.24.3&#8243; _module_preset=&#8221;default&#8221; text_text_color=&#8221;#0f0f0f&#8221; text_font_size=&#8221;18px&#8221; text_line_height=&#8221;26px&#8221; width=&#8221;100%&#8221; custom_margin=&#8221;||0px||false|false&#8221; hover_enabled=&#8221;0&#8243; global_colors_info=&#8221;{}&#8221; sticky_enabled=&#8221;0&#8243;]<\/p>\n<h3><strong>Grana Padano AOP \u00ab R\u00e9serve \u00bb plus de 24 mois et vinaigre balsamique de Mod\u00e8ne IGP 5 sceaux \u00ab Vieilli \u00bb<\/strong>\u00a0<\/h3>\n<p>Le Grana Padano AOP R\u00e9serve plus de 24 mois est un produit tr\u00e8s affin\u00e9 qui peut atteindre 30 \u00e0 36 mois et plus. Il n\u2019est pas aussi courant que les autres types, mais il pr\u00e9sente des caract\u00e9ristiques int\u00e9ressantes et tr\u00e8s particuli\u00e8res. En effet, les effets d\u2019une maturation prolong\u00e9e influencent consid\u00e9rablement la couleur de la p\u00e2te, sa structure et son profil gustatif et olfactif. La pr\u00e9sence de cristaux de tyrosine et de petites \u00ab sph\u00e8res \u00bb de lactate est encore plus \u00e9vidente que dans les produits moins m\u00fbrs, le taux d\u2019humidit\u00e9 est plus faible et le produit est plus dur et plus friable. Il pr\u00e9sente une granularit\u00e9 tr\u00e8s \u00e9lev\u00e9e, aussi bien lors de la division en copeaux qu\u2019en bouche o\u00f9, gr\u00e2ce \u00e9galement \u00e0 la forte salivation produite, il est n\u00e9anmoins bien soluble. D\u2019un point de vue gustatif et olfactif, l\u2019intensit\u00e9 globale est tr\u00e8s \u00e9lev\u00e9e. D\u2019un point de vue aromatique, l\u2019on appr\u00e9cie des notes de fruits secs grill\u00e9s (ch\u00e2taigne, noix), ainsi que des ar\u00f4mes \u00ab animaux \u00bb intenses rappelant le bouillon de viande. Le produit pr\u00e9sente \u00e9galement un l\u00e9ger piquant en bouche. En ce qui concerne le go\u00fbt : les notes sucr\u00e9es, si intenses dans les produits les plus jeunes, ont compl\u00e8tement disparu. La sapidit\u00e9 et l\u2019acidit\u00e9 sont moyennement \u00e9lev\u00e9es. <\/p>\n<p>Pour soutenir, \u00e9quilibrer et contrebalancer sa complexit\u00e9 et sa force, il est n\u00e9cessaire de l\u2019associer \u00e0 un vinaigre balsamique de Mod\u00e8ne atteignant lui aussi les plus hauts niveaux d\u2019intensit\u00e9 et de complexit\u00e9 gustative et olfactive. Le th\u00e8me des fruits secs et d\u00e9shydrat\u00e9s, pr\u00e9dominant dans ce Grana Padano, devrait, selon le crit\u00e8re de concordance, se retrouver \u00e9galement dans le vinaigre balsamique de Mod\u00e8ne choisi pour l\u2019accord. Ce dernier, cependant, se caract\u00e9risera \u00e9galement au niveau gustatif par sa douceur et son caract\u00e8re sucr\u00e9 pour compenser le l\u00e9ger piquant et la sapidit\u00e9 du fromage. Pour enrichir l\u2019accord, on choisira ensuite un vinaigre balsamique de Mod\u00e8ne rendu complexe par le vieillissement et pr\u00e9sentant une large gamme de senteurs olfactives perceptibles surtout dans la phase de r\u00e9tro-olfaction et apr\u00e8s d\u00e9glutition. Parmi les diff\u00e9rentes senteurs, \u00e0 noter celles des sous-bois et des \u00e9pices, des notes bois\u00e9es (c\u00e8dre et autres bois aromatiques), de la torr\u00e9faction l\u00e9g\u00e8re du cacao et du caf\u00e9, compl\u00e9t\u00e9es par des ar\u00f4mes fruit\u00e9s intenses de prunes s\u00e9ch\u00e9es, de figues, de dattes et de fruits caram\u00e9lis\u00e9s. Le produit devra \u00eatre dense et cr\u00e9meux, la structure et le corps assureront une int\u00e9gration parfaite avec la structure sensorielle de ce Grana Padano R\u00e9serve plus de 24 mois. Il nous faut donc un vinaigre balsamique de Mod\u00e8ne Vieilli apportant \u00ab richesse \u00bb et \u00ab pl\u00e9nitude de go\u00fbt \u00bb tout en pr\u00e9sentant une incroyable persistance aromatique.<br \/>\nLe vinaigre balsamique de Mod\u00e8ne que nous proposons en combinaison est bien identifi\u00e9 dans le syst\u00e8me Consortium Profile avec 5 sceaux \u00ab Vieilli \u00bb.\n<\/p>\n<p>&nbsp;<\/p>\n<p>[\/et_pb_text][\/et_pb_column][\/et_pb_row][\/et_pb_section]<\/p>\n","protected":false},"excerpt":{"rendered":"<p><div class=\"breadcrumb\"><a href=\"https:\/\/www.granapadano.it\/fr-fr\/\">Home<\/a>  <  <\/div>Grana Padano AOP \u00ab R\u00e9serve \u00bb plus de 24 mois Aceto Balsamico di Modena IGPGrana Padano AOP \u00ab R\u00e9serve \u00bb plus de 24 mois et vinaigre balsamique de Mod\u00e8ne IGP 5 sceaux \u00ab Vieilli \u00bb\u00a0 Le Grana Padano AOP R\u00e9serve plus de 24 mois est un produit tr\u00e8s affin\u00e9 qui peut atteindre 30 \u00e0 36 [&hellip;]<\/p>\n","protected":false},"author":21,"featured_media":0,"parent":119064,"menu_order":347,"comment_status":"closed","ping_status":"closed","template":"","meta":{"_acf_changed":false,"_et_pb_use_builder":"on","_et_pb_old_content":"","_et_gb_content_width":"","footnotes":""},"class_list":["post-119408","page","type-page","status-publish","hentry"],"acf":[],"yoast_head":"<!-- This site is optimized with the Yoast SEO plugin v27.3 - https:\/\/yoast.com\/product\/yoast-seo-wordpress\/ -->\n<title>Grana Padano AOP \u00ab R\u00e9serve \u00bb plus de 24 mois et Vinaigre Balsamique de Mod\u00e8ne IGP - Grana Padano<\/title>\n<meta name=\"robots\" content=\"index, follow, max-snippet:-1, max-image-preview:large, max-video-preview:-1\" \/>\n<link rel=\"canonical\" href=\"https:\/\/www.granapadano.it\/fr-fr\/recettes\/accords\/accords-du-grana-padano-aop-et-du-vinaigre-balsamique-de-modene-igp\/grana-padano-aop-reserve-plus-de-24-mois-et-vinaigre-balsamique-de-modene-igp\/\" \/>\n<meta property=\"og:locale\" content=\"fr_FR\" \/>\n<meta property=\"og:type\" content=\"article\" \/>\n<meta property=\"og:title\" content=\"Grana Padano AOP \u00ab R\u00e9serve \u00bb plus de 24 mois et Vinaigre Balsamique de Mod\u00e8ne IGP - Grana Padano\" \/>\n<meta property=\"og:description\" content=\"Grana Padano AOP \u00ab R\u00e9serve \u00bb plus de 24 mois Aceto Balsamico di Modena IGPGrana Padano AOP \u00ab R\u00e9serve \u00bb plus de 24 mois et vinaigre balsamique de Mod\u00e8ne IGP 5 sceaux \u00ab Vieilli \u00bb\u00a0 Le Grana Padano AOP R\u00e9serve plus de 24 mois est un produit tr\u00e8s affin\u00e9 qui peut atteindre 30 \u00e0 36 [&hellip;]\" \/>\n<meta property=\"og:url\" content=\"https:\/\/www.granapadano.it\/fr-fr\/recettes\/accords\/accords-du-grana-padano-aop-et-du-vinaigre-balsamique-de-modene-igp\/grana-padano-aop-reserve-plus-de-24-mois-et-vinaigre-balsamique-de-modene-igp\/\" \/>\n<meta property=\"og:site_name\" content=\"Grana Padano\" \/>\n<meta property=\"article:modified_time\" content=\"2026-03-19T15:06:34+00:00\" \/>\n<meta name=\"twitter:card\" content=\"summary_large_image\" \/>\n<meta name=\"twitter:label1\" content=\"Est. reading time\" \/>\n\t<meta name=\"twitter:data1\" content=\"3 minutes\" \/>\n<script type=\"application\/ld+json\" class=\"yoast-schema-graph\">{\"@context\":\"https:\\\/\\\/schema.org\",\"@graph\":[{\"@type\":\"WebPage\",\"@id\":\"https:\\\/\\\/www.granapadano.it\\\/fr-fr\\\/recettes\\\/accords\\\/accords-du-grana-padano-aop-et-du-vinaigre-balsamique-de-modene-igp\\\/grana-padano-aop-reserve-plus-de-24-mois-et-vinaigre-balsamique-de-modene-igp\\\/\",\"url\":\"https:\\\/\\\/www.granapadano.it\\\/fr-fr\\\/recettes\\\/accords\\\/accords-du-grana-padano-aop-et-du-vinaigre-balsamique-de-modene-igp\\\/grana-padano-aop-reserve-plus-de-24-mois-et-vinaigre-balsamique-de-modene-igp\\\/\",\"name\":\"Grana Padano AOP \u00ab R\u00e9serve \u00bb plus de 24 mois et Vinaigre Balsamique de Mod\u00e8ne IGP - Grana Padano\",\"isPartOf\":{\"@id\":\"https:\\\/\\\/www.granapadano.it\\\/fr-fr\\\/#website\"},\"datePublished\":\"2024-04-17T13:01:29+00:00\",\"dateModified\":\"2026-03-19T15:06:34+00:00\",\"breadcrumb\":{\"@id\":\"https:\\\/\\\/www.granapadano.it\\\/fr-fr\\\/recettes\\\/accords\\\/accords-du-grana-padano-aop-et-du-vinaigre-balsamique-de-modene-igp\\\/grana-padano-aop-reserve-plus-de-24-mois-et-vinaigre-balsamique-de-modene-igp\\\/#breadcrumb\"},\"inLanguage\":\"fr-fr\",\"potentialAction\":[{\"@type\":\"ReadAction\",\"target\":[\"https:\\\/\\\/www.granapadano.it\\\/fr-fr\\\/recettes\\\/accords\\\/accords-du-grana-padano-aop-et-du-vinaigre-balsamique-de-modene-igp\\\/grana-padano-aop-reserve-plus-de-24-mois-et-vinaigre-balsamique-de-modene-igp\\\/\"]}]},{\"@type\":\"BreadcrumbList\",\"@id\":\"https:\\\/\\\/www.granapadano.it\\\/fr-fr\\\/recettes\\\/accords\\\/accords-du-grana-padano-aop-et-du-vinaigre-balsamique-de-modene-igp\\\/grana-padano-aop-reserve-plus-de-24-mois-et-vinaigre-balsamique-de-modene-igp\\\/#breadcrumb\",\"itemListElement\":[{\"@type\":\"ListItem\",\"position\":1,\"name\":\"Home\",\"item\":\"https:\\\/\\\/www.granapadano.it\\\/fr-fr\\\/\"},{\"@type\":\"ListItem\",\"position\":2,\"name\":\"Accords du Grana Padano AOP et du vinaigre balsamique de Mod\u00e8ne IGP\",\"item\":\"https:\\\/\\\/www.granapadano.it\\\/fr-fr\\\/recettes\\\/accords\\\/accords-du-grana-padano-aop-et-du-vinaigre-balsamique-de-modene-igp\\\/\"},{\"@type\":\"ListItem\",\"position\":3,\"name\":\"Grana Padano AOP \u00ab R\u00e9serve \u00bb plus de 24 mois et Vinaigre Balsamique de Mod\u00e8ne IGP\"}]},{\"@type\":\"WebSite\",\"@id\":\"https:\\\/\\\/www.granapadano.it\\\/fr-fr\\\/#website\",\"url\":\"https:\\\/\\\/www.granapadano.it\\\/fr-fr\\\/\",\"name\":\"Grana Padano\",\"description\":\"\",\"potentialAction\":[{\"@type\":\"SearchAction\",\"target\":{\"@type\":\"EntryPoint\",\"urlTemplate\":\"https:\\\/\\\/www.granapadano.it\\\/fr-fr\\\/?s={search_term_string}\"},\"query-input\":{\"@type\":\"PropertyValueSpecification\",\"valueRequired\":true,\"valueName\":\"search_term_string\"}}],\"inLanguage\":\"fr-fr\"}]}<\/script>\n<!-- \/ Yoast SEO plugin. -->","yoast_head_json":{"title":"Grana Padano AOP \u00ab R\u00e9serve \u00bb plus de 24 mois et Vinaigre Balsamique de Mod\u00e8ne IGP - Grana Padano","robots":{"index":"index","follow":"follow","max-snippet":"max-snippet:-1","max-image-preview":"max-image-preview:large","max-video-preview":"max-video-preview:-1"},"canonical":"https:\/\/www.granapadano.it\/fr-fr\/recettes\/accords\/accords-du-grana-padano-aop-et-du-vinaigre-balsamique-de-modene-igp\/grana-padano-aop-reserve-plus-de-24-mois-et-vinaigre-balsamique-de-modene-igp\/","og_locale":"fr_FR","og_type":"article","og_title":"Grana Padano AOP \u00ab R\u00e9serve \u00bb plus de 24 mois et Vinaigre Balsamique de Mod\u00e8ne IGP - Grana Padano","og_description":"Grana Padano AOP \u00ab R\u00e9serve \u00bb plus de 24 mois Aceto Balsamico di Modena IGPGrana Padano AOP \u00ab R\u00e9serve \u00bb plus de 24 mois et vinaigre balsamique de Mod\u00e8ne IGP 5 sceaux \u00ab Vieilli \u00bb\u00a0 Le Grana Padano AOP R\u00e9serve plus de 24 mois est un produit tr\u00e8s affin\u00e9 qui peut atteindre 30 \u00e0 36 [&hellip;]","og_url":"https:\/\/www.granapadano.it\/fr-fr\/recettes\/accords\/accords-du-grana-padano-aop-et-du-vinaigre-balsamique-de-modene-igp\/grana-padano-aop-reserve-plus-de-24-mois-et-vinaigre-balsamique-de-modene-igp\/","og_site_name":"Grana Padano","article_modified_time":"2026-03-19T15:06:34+00:00","twitter_card":"summary_large_image","twitter_misc":{"Est. reading time":"3 minutes"},"schema":{"@context":"https:\/\/schema.org","@graph":[{"@type":"WebPage","@id":"https:\/\/www.granapadano.it\/fr-fr\/recettes\/accords\/accords-du-grana-padano-aop-et-du-vinaigre-balsamique-de-modene-igp\/grana-padano-aop-reserve-plus-de-24-mois-et-vinaigre-balsamique-de-modene-igp\/","url":"https:\/\/www.granapadano.it\/fr-fr\/recettes\/accords\/accords-du-grana-padano-aop-et-du-vinaigre-balsamique-de-modene-igp\/grana-padano-aop-reserve-plus-de-24-mois-et-vinaigre-balsamique-de-modene-igp\/","name":"Grana Padano AOP \u00ab R\u00e9serve \u00bb plus de 24 mois et Vinaigre Balsamique de Mod\u00e8ne IGP - Grana Padano","isPartOf":{"@id":"https:\/\/www.granapadano.it\/fr-fr\/#website"},"datePublished":"2024-04-17T13:01:29+00:00","dateModified":"2026-03-19T15:06:34+00:00","breadcrumb":{"@id":"https:\/\/www.granapadano.it\/fr-fr\/recettes\/accords\/accords-du-grana-padano-aop-et-du-vinaigre-balsamique-de-modene-igp\/grana-padano-aop-reserve-plus-de-24-mois-et-vinaigre-balsamique-de-modene-igp\/#breadcrumb"},"inLanguage":"fr-fr","potentialAction":[{"@type":"ReadAction","target":["https:\/\/www.granapadano.it\/fr-fr\/recettes\/accords\/accords-du-grana-padano-aop-et-du-vinaigre-balsamique-de-modene-igp\/grana-padano-aop-reserve-plus-de-24-mois-et-vinaigre-balsamique-de-modene-igp\/"]}]},{"@type":"BreadcrumbList","@id":"https:\/\/www.granapadano.it\/fr-fr\/recettes\/accords\/accords-du-grana-padano-aop-et-du-vinaigre-balsamique-de-modene-igp\/grana-padano-aop-reserve-plus-de-24-mois-et-vinaigre-balsamique-de-modene-igp\/#breadcrumb","itemListElement":[{"@type":"ListItem","position":1,"name":"Home","item":"https:\/\/www.granapadano.it\/fr-fr\/"},{"@type":"ListItem","position":2,"name":"Accords du Grana Padano AOP et du vinaigre balsamique de Mod\u00e8ne IGP","item":"https:\/\/www.granapadano.it\/fr-fr\/recettes\/accords\/accords-du-grana-padano-aop-et-du-vinaigre-balsamique-de-modene-igp\/"},{"@type":"ListItem","position":3,"name":"Grana Padano AOP \u00ab R\u00e9serve \u00bb plus de 24 mois et Vinaigre Balsamique de Mod\u00e8ne IGP"}]},{"@type":"WebSite","@id":"https:\/\/www.granapadano.it\/fr-fr\/#website","url":"https:\/\/www.granapadano.it\/fr-fr\/","name":"Grana Padano","description":"","potentialAction":[{"@type":"SearchAction","target":{"@type":"EntryPoint","urlTemplate":"https:\/\/www.granapadano.it\/fr-fr\/?s={search_term_string}"},"query-input":{"@type":"PropertyValueSpecification","valueRequired":true,"valueName":"search_term_string"}}],"inLanguage":"fr-fr"}]}},"_links":{"self":[{"href":"https:\/\/www.granapadano.it\/fr-fr\/wp-json\/wp\/v2\/pages\/119408","targetHints":{"allow":["GET"]}}],"collection":[{"href":"https:\/\/www.granapadano.it\/fr-fr\/wp-json\/wp\/v2\/pages"}],"about":[{"href":"https:\/\/www.granapadano.it\/fr-fr\/wp-json\/wp\/v2\/types\/page"}],"author":[{"embeddable":true,"href":"https:\/\/www.granapadano.it\/fr-fr\/wp-json\/wp\/v2\/users\/21"}],"replies":[{"embeddable":true,"href":"https:\/\/www.granapadano.it\/fr-fr\/wp-json\/wp\/v2\/comments?post=119408"}],"version-history":[{"count":2,"href":"https:\/\/www.granapadano.it\/fr-fr\/wp-json\/wp\/v2\/pages\/119408\/revisions"}],"predecessor-version":[{"id":120124,"href":"https:\/\/www.granapadano.it\/fr-fr\/wp-json\/wp\/v2\/pages\/119408\/revisions\/120124"}],"up":[{"embeddable":true,"href":"https:\/\/www.granapadano.it\/fr-fr\/wp-json\/wp\/v2\/pages\/119064"}],"wp:attachment":[{"href":"https:\/\/www.granapadano.it\/fr-fr\/wp-json\/wp\/v2\/media?parent=119408"}],"curies":[{"name":"wp","href":"https:\/\/api.w.org\/{rel}","templated":true}]}}