{"id":119402,"date":"2024-04-17T12:53:44","date_gmt":"2024-04-17T12:53:44","guid":{"rendered":"https:\/\/www.granapadano.it\/degustation\/abbinamenti\/come-abbinare-laceto-balsamico-di-modena-igp-con-grana-padano\/come-abbinare-grana-padano-riserva-20-24-mesi-e-aceto-balsamico-di-modena-igp\/"},"modified":"2026-03-19T15:06:54","modified_gmt":"2026-03-19T15:06:54","slug":"grana-padano-aop-riserva-20-24-mois-et-vinaigre-balsamique-de-modene-igp","status":"publish","type":"page","link":"https:\/\/www.granapadano.it\/fr-fr\/recettes\/accords\/accords-du-grana-padano-aop-et-du-vinaigre-balsamique-de-modene-igp\/grana-padano-aop-riserva-20-24-mois-et-vinaigre-balsamique-de-modene-igp\/","title":{"rendered":"Grana Padano AOP \u00ab R\u00e9serve \u00bb 20-24 mois et Vinaigre balsamique de Mod\u00e8ne IGP"},"content":{"rendered":"<p>[et_pb_section fb_built=&#8221;1&#8243; fullwidth=&#8221;on&#8221; _builder_version=&#8221;4.19.5&#8243; _module_preset=&#8221;default&#8221; global_colors_info=&#8221;{}&#8221;][et_pb_fullwidth_image src=&#8221;https:\/\/www.granapadano.it\/wp-content\/uploads\/2024\/04\/GP_Aceto-h.jpg&#8221; title_text=&#8221;GP_Aceto-m&#8221; src_tablet=&#8221;https:\/\/www.granapadano.it\/wp-content\/uploads\/2024\/04\/GP_Aceto-h.jpg&#8221; src_phone=&#8221;https:\/\/www.granapadano.it\/wp-content\/uploads\/2024\/04\/GP_Aceto-m.jpg&#8221; src_last_edited=&#8221;on|phone&#8221; _builder_version=&#8221;4.24.3&#8243; _module_preset=&#8221;default&#8221; locked=&#8221;off&#8221; global_colors_info=&#8221;{}&#8221;][\/et_pb_fullwidth_image][\/et_pb_section][et_pb_section fb_built=&#8221;1&#8243; module_class=&#8221;production_sub_hub_main_wrapper&#8221; _builder_version=&#8221;4.19.4&#8243; _module_preset=&#8221;default&#8221; custom_padding=&#8221;13px||0px|||&#8221; locked=&#8221;off&#8221; global_colors_info=&#8221;{}&#8221;][et_pb_row module_class=&#8221;recipe_filter_section&#8221; _builder_version=&#8221;4.19.2&#8243; _module_preset=&#8221;default&#8221; max_width=&#8221;90%&#8221; custom_padding=&#8221;||7px|||&#8221; global_colors_info=&#8221;{}&#8221;][et_pb_column type=&#8221;4_4&#8243; _builder_version=&#8221;4.19.2&#8243; _module_preset=&#8221;default&#8221; global_colors_info=&#8221;{}&#8221;][et_pb_code _builder_version=&#8221;4.19.2&#8243; _module_preset=&#8221;default&#8221; custom_margin=&#8221;||16px|||&#8221; global_colors_info=&#8221;{}&#8221;]<div class=\"breadcrumb\"><a href=\"https:\/\/www.granapadano.it\/fr-fr\/\">Home<\/a>  <  <\/div>[\/et_pb_code][\/et_pb_column][\/et_pb_row][\/et_pb_section][et_pb_section fb_built=&#8221;1&#8243; module_class=&#8221;giovani_sub_hub_title&#8221; _builder_version=&#8221;4.19.5&#8243; _module_preset=&#8221;default&#8221; custom_padding=&#8221;0px||35px||false|false&#8221; locked=&#8221;off&#8221; global_colors_info=&#8221;{}&#8221;][et_pb_row module_class=&#8221;gp_producion_heading_wrapper&#8221; _builder_version=&#8221;4.19.5&#8243; _module_preset=&#8221;default&#8221; max_width=&#8221;90%&#8221; module_alignment=&#8221;center&#8221; custom_padding=&#8221;||||false|false&#8221; global_colors_info=&#8221;{}&#8221;][et_pb_column type=&#8221;4_4&#8243; _builder_version=&#8221;4.19.4&#8243; _module_preset=&#8221;default&#8221; global_colors_info=&#8221;{}&#8221;][et_pb_text module_class=&#8221;giovani_sub_hub_title_text&#8221; _builder_version=&#8221;4.24.3&#8243; _module_preset=&#8221;default&#8221; text_font=&#8221;Merriweather|700|||||||&#8221; text_text_color=&#8221;#0f0f0f&#8221; text_font_size=&#8221;80px&#8221; text_line_height=&#8221;70px&#8221; header_font=&#8221;Merriweather||||||||&#8221; header_text_color=&#8221;gcid-8696fd7e-29dd-4028-9d4d-981b208a53a9&#8243; header_font_size=&#8221;44px&#8221; header_line_height=&#8221;52px&#8221; text_orientation=&#8221;center&#8221; min_height=&#8221;83px&#8221; custom_margin=&#8221;||0px||false|false&#8221; custom_padding=&#8221;||0px||false|false&#8221; hover_enabled=&#8221;0&#8243; global_colors_info=&#8221;{%22gcid-8696fd7e-29dd-4028-9d4d-981b208a53a9%22:%91%22header_text_color%22%93}&#8221; sticky_enabled=&#8221;0&#8243;]<\/p>\n<h1>Grana Padano AOP \u00ab R\u00e9serve \u00bb 20-24 mois <\/h1>\n<p>[\/et_pb_text][\/et_pb_column][\/et_pb_row][et_pb_row column_structure=&#8221;1_4,3_4&#8243; module_class=&#8221;article_dates&#8221; _builder_version=&#8221;4.19.4&#8243; _module_preset=&#8221;default&#8221; max_width=&#8221;90%&#8221; custom_padding=&#8221;2px||6px||false|false&#8221; global_colors_info=&#8221;{}&#8221;][et_pb_column type=&#8221;1_4&#8243; _builder_version=&#8221;4.19.3&#8243; _module_preset=&#8221;default&#8221; global_colors_info=&#8221;{}&#8221;][et_pb_text module_class=&#8221;button_look&#8221; _builder_version=&#8221;4.24.3&#8243; _module_preset=&#8221;default&#8221; text_font=&#8221;FontPadano-Bold||||||||&#8221; text_text_color=&#8221;#000000&#8243; text_font_size=&#8221;26px&#8221; background_color=&#8221;RGBA(255,255,255,0)&#8221; locked=&#8221;off&#8221; global_colors_info=&#8221;{}&#8221;]<\/p>\n<p>Aceto Balsamico di Modena IGP<\/p>\n<p>[\/et_pb_text][\/et_pb_column][et_pb_column type=&#8221;3_4&#8243; _builder_version=&#8221;4.19.4&#8243; _module_preset=&#8221;default&#8221; global_colors_info=&#8221;{}&#8221;][\/et_pb_column][\/et_pb_row][et_pb_row column_structure=&#8221;2_5,3_5&#8243; module_class=&#8221;article_sub_img_text_content &#8221; _builder_version=&#8221;4.24.3&#8243; _module_preset=&#8221;default&#8221; max_width=&#8221;90%&#8221; module_alignment=&#8221;center&#8221; min_height=&#8221;680.9px&#8221; custom_margin=&#8221;0px||0px||false|false&#8221; custom_padding=&#8221;0px||0px||false|false&#8221; global_colors_info=&#8221;{}&#8221;][et_pb_column type=&#8221;2_5&#8243; module_class=&#8221;article_sub_img_wrap&#8221; _builder_version=&#8221;4.20.2&#8243; _module_preset=&#8221;default&#8221; global_colors_info=&#8221;{}&#8221;][et_pb_image src=&#8221;https:\/\/www.granapadano.it\/wp-content\/uploads\/2024\/04\/GP_perle-di-aceto.jpg&#8221; title_text=&#8221;GP_perle-di-aceto&#8221; align=&#8221;center&#8221; _builder_version=&#8221;4.24.3&#8243; _module_preset=&#8221;default&#8221; positioning=&#8221;relative&#8221; vertical_offset=&#8221;63px&#8221; module_alignment=&#8221;center&#8221; border_radii=&#8221;on|20px|20px|20px|20px&#8221; global_colors_info=&#8221;{}&#8221;][\/et_pb_image][\/et_pb_column][et_pb_column type=&#8221;3_5&#8243; module_class=&#8221;article_sub_text_wrap&#8221; _builder_version=&#8221;4.20.2&#8243; _module_preset=&#8221;default&#8221; global_colors_info=&#8221;{}&#8221;][et_pb_text _builder_version=&#8221;4.24.3&#8243; _module_preset=&#8221;default&#8221; text_text_color=&#8221;#0f0f0f&#8221; text_font_size=&#8221;18px&#8221; text_line_height=&#8221;26px&#8221; width=&#8221;100%&#8221; custom_margin=&#8221;||0px||false|false&#8221; hover_enabled=&#8221;0&#8243; global_colors_info=&#8221;{}&#8221; sticky_enabled=&#8221;0&#8243;]<\/p>\n<h3><strong>Grana Padano AOP \u00ab R\u00e9serve \u00bb 20-24 mois et vinaigre balsamique de Mod\u00e8ne IGP 5 sceaux.<\/strong><\/h3>\n<p>Le Grana Padano AOP R\u00e9serve 20-24 mois est un fromage \u00e9volu\u00e9, m\u00fbr, qui a pleinement d\u00e9velopp\u00e9 ses ar\u00f4mes, complexes mais toujours tr\u00e8s \u00e9quilibr\u00e9s. D\u2019un point de vue gustatif et olfactif, le produit pr\u00e9sente une intensit\u00e9 globale moyenne \u00e0 \u00e9lev\u00e9e. Les notes lactiques &#8211; pr\u00e9sentes dans les fromages les plus frais &#8211; c\u00e8dent petit \u00e0 petit place \u00e0 des notes animales de bouillon de viande, de l\u00e9gumes cuits et \u00e0 des notes de fruits secs, notamment de noix. En bouche, la douceur et l\u2019acidit\u00e9 sont quasiment absentes, alors que se d\u00e9gage une sapidit\u00e9 de moyenne \u00e0 moyennement \u00e9lev\u00e9e. Une note \u00e9pic\u00e9e, agr\u00e9able et l\u00e9g\u00e8re, peut \u00eatre appr\u00e9ci\u00e9e sur les c\u00f4t\u00e9s de la bouche. La pr\u00e9sence de nombreux cristaux de tyrosine et de petites \u00ab sph\u00e8res \u00bb de lactate, r\u00e9parties uniform\u00e9ment dans la p\u00e2te, est synonyme de maturation de moyenne \u00e0 \u00e9lev\u00e9e. L\u2019affinage soustrait naturellement de l\u2019humidit\u00e9 au produit, qui devient plus friable et granuleux \u00e0 l\u2019\u0153il et en bouche ; il induit une salivation mod\u00e9r\u00e9e qui facilite la solubilisation. <\/p>\n<p>Nous sugg\u00e9rons l\u2019association de ce type de Grana Padano \u00e0 un vinaigre balsamique de Mod\u00e8ne caract\u00e9ris\u00e9 par une douceur g\u00e9n\u00e9reuse bien int\u00e9gr\u00e9e \u00e0 la fra\u00eecheur de la composante acide, par une texture velout\u00e9e capable de mettre en valeur la pl\u00e9nitude et la rondeur de la sensation tactile et d\u2019exalter l\u2019intensit\u00e9 gustative et olfactive.  Un produit d\u00e9s\u00e9quilibr\u00e9 sur le plan des ar\u00f4mes tertiaires qui restent dynamiques et croquants, o\u00f9 les notes \u00e9pic\u00e9es et torr\u00e9fi\u00e9es sont bien int\u00e9gr\u00e9es \u00e0 celles du mo\u00fbt cuit et des fruits d\u00e9shydrat\u00e9s et confits. Nous proposons un vinaigre balsamique de Mod\u00e8ne caract\u00e9ris\u00e9, une fois de plus, par une densit\u00e9 \u00e9lev\u00e9e, un corps plein, une texture velout\u00e9e, une persistance prolong\u00e9e et capable de transformer la bouche en un laboratoire de sensations tactiles et gustatives-olfactives en \u00e9quilibre les unes avec les autres et, en m\u00eame temps, capable de \u00ab solos \u00bb attirant l\u2019attention et suscitant l\u2019int\u00e9r\u00eat et l\u2019\u00e9merveillement du d\u00e9gustateur.<br \/>\nLe vinaigre balsamique de Mod\u00e8ne que nous proposons en combinaison est bien identifi\u00e9 dans le syst\u00e8me Consortium Profile avec 5 sceaux.<\/p>\n<p>&nbsp;<\/p>\n<p>[\/et_pb_text][\/et_pb_column][\/et_pb_row][\/et_pb_section]<\/p>\n","protected":false},"excerpt":{"rendered":"<p><div class=\"breadcrumb\"><a href=\"https:\/\/www.granapadano.it\/fr-fr\/\">Home<\/a>  <  <\/div>Grana Padano AOP \u00ab R\u00e9serve \u00bb 20-24 mois Aceto Balsamico di Modena IGPGrana Padano AOP \u00ab R\u00e9serve \u00bb 20-24 mois et vinaigre balsamique de Mod\u00e8ne IGP 5 sceaux. Le Grana Padano AOP R\u00e9serve 20-24 mois est un fromage \u00e9volu\u00e9, m\u00fbr, qui a pleinement d\u00e9velopp\u00e9 ses ar\u00f4mes, complexes mais toujours tr\u00e8s \u00e9quilibr\u00e9s. D\u2019un point de vue [&hellip;]<\/p>\n","protected":false},"author":21,"featured_media":0,"parent":119064,"menu_order":357,"comment_status":"closed","ping_status":"closed","template":"","meta":{"_acf_changed":false,"_et_pb_use_builder":"on","_et_pb_old_content":"","_et_gb_content_width":"","footnotes":""},"class_list":["post-119402","page","type-page","status-publish","hentry"],"acf":[],"yoast_head":"<!-- This site is optimized with the Yoast SEO plugin v27.3 - https:\/\/yoast.com\/product\/yoast-seo-wordpress\/ -->\n<title>Grana Padano AOP \u00ab R\u00e9serve \u00bb 20-24 mois et Vinaigre balsamique de Mod\u00e8ne IGP - Grana Padano<\/title>\n<meta name=\"robots\" content=\"index, follow, max-snippet:-1, max-image-preview:large, max-video-preview:-1\" \/>\n<link rel=\"canonical\" href=\"https:\/\/www.granapadano.it\/fr-fr\/recettes\/accords\/accords-du-grana-padano-aop-et-du-vinaigre-balsamique-de-modene-igp\/grana-padano-aop-riserva-20-24-mois-et-vinaigre-balsamique-de-modene-igp\/\" \/>\n<meta property=\"og:locale\" content=\"fr_FR\" \/>\n<meta property=\"og:type\" content=\"article\" \/>\n<meta property=\"og:title\" content=\"Grana Padano AOP \u00ab R\u00e9serve \u00bb 20-24 mois et Vinaigre balsamique de Mod\u00e8ne IGP - Grana Padano\" \/>\n<meta property=\"og:description\" content=\"Grana Padano AOP \u00ab R\u00e9serve \u00bb 20-24 mois Aceto Balsamico di Modena IGPGrana Padano AOP \u00ab R\u00e9serve \u00bb 20-24 mois et vinaigre balsamique de Mod\u00e8ne IGP 5 sceaux. Le Grana Padano AOP R\u00e9serve 20-24 mois est un fromage \u00e9volu\u00e9, m\u00fbr, qui a pleinement d\u00e9velopp\u00e9 ses ar\u00f4mes, complexes mais toujours tr\u00e8s \u00e9quilibr\u00e9s. D\u2019un point de vue [&hellip;]\" \/>\n<meta property=\"og:url\" content=\"https:\/\/www.granapadano.it\/fr-fr\/recettes\/accords\/accords-du-grana-padano-aop-et-du-vinaigre-balsamique-de-modene-igp\/grana-padano-aop-riserva-20-24-mois-et-vinaigre-balsamique-de-modene-igp\/\" \/>\n<meta property=\"og:site_name\" content=\"Grana Padano\" \/>\n<meta property=\"article:modified_time\" content=\"2026-03-19T15:06:54+00:00\" \/>\n<meta name=\"twitter:card\" content=\"summary_large_image\" \/>\n<meta name=\"twitter:label1\" content=\"Est. reading time\" \/>\n\t<meta name=\"twitter:data1\" content=\"3 minutes\" \/>\n<script type=\"application\/ld+json\" class=\"yoast-schema-graph\">{\"@context\":\"https:\\\/\\\/schema.org\",\"@graph\":[{\"@type\":\"WebPage\",\"@id\":\"https:\\\/\\\/www.granapadano.it\\\/fr-fr\\\/recettes\\\/accords\\\/accords-du-grana-padano-aop-et-du-vinaigre-balsamique-de-modene-igp\\\/grana-padano-aop-riserva-20-24-mois-et-vinaigre-balsamique-de-modene-igp\\\/\",\"url\":\"https:\\\/\\\/www.granapadano.it\\\/fr-fr\\\/recettes\\\/accords\\\/accords-du-grana-padano-aop-et-du-vinaigre-balsamique-de-modene-igp\\\/grana-padano-aop-riserva-20-24-mois-et-vinaigre-balsamique-de-modene-igp\\\/\",\"name\":\"Grana Padano AOP \u00ab R\u00e9serve \u00bb 20-24 mois et Vinaigre balsamique de Mod\u00e8ne IGP - Grana Padano\",\"isPartOf\":{\"@id\":\"https:\\\/\\\/www.granapadano.it\\\/fr-fr\\\/#website\"},\"datePublished\":\"2024-04-17T12:53:44+00:00\",\"dateModified\":\"2026-03-19T15:06:54+00:00\",\"breadcrumb\":{\"@id\":\"https:\\\/\\\/www.granapadano.it\\\/fr-fr\\\/recettes\\\/accords\\\/accords-du-grana-padano-aop-et-du-vinaigre-balsamique-de-modene-igp\\\/grana-padano-aop-riserva-20-24-mois-et-vinaigre-balsamique-de-modene-igp\\\/#breadcrumb\"},\"inLanguage\":\"fr-fr\",\"potentialAction\":[{\"@type\":\"ReadAction\",\"target\":[\"https:\\\/\\\/www.granapadano.it\\\/fr-fr\\\/recettes\\\/accords\\\/accords-du-grana-padano-aop-et-du-vinaigre-balsamique-de-modene-igp\\\/grana-padano-aop-riserva-20-24-mois-et-vinaigre-balsamique-de-modene-igp\\\/\"]}]},{\"@type\":\"BreadcrumbList\",\"@id\":\"https:\\\/\\\/www.granapadano.it\\\/fr-fr\\\/recettes\\\/accords\\\/accords-du-grana-padano-aop-et-du-vinaigre-balsamique-de-modene-igp\\\/grana-padano-aop-riserva-20-24-mois-et-vinaigre-balsamique-de-modene-igp\\\/#breadcrumb\",\"itemListElement\":[{\"@type\":\"ListItem\",\"position\":1,\"name\":\"Home\",\"item\":\"https:\\\/\\\/www.granapadano.it\\\/fr-fr\\\/\"},{\"@type\":\"ListItem\",\"position\":2,\"name\":\"Accords du Grana Padano AOP et du vinaigre balsamique de Mod\u00e8ne IGP\",\"item\":\"https:\\\/\\\/www.granapadano.it\\\/fr-fr\\\/recettes\\\/accords\\\/accords-du-grana-padano-aop-et-du-vinaigre-balsamique-de-modene-igp\\\/\"},{\"@type\":\"ListItem\",\"position\":3,\"name\":\"Grana Padano AOP \u00ab R\u00e9serve \u00bb 20-24 mois et Vinaigre balsamique de Mod\u00e8ne IGP\"}]},{\"@type\":\"WebSite\",\"@id\":\"https:\\\/\\\/www.granapadano.it\\\/fr-fr\\\/#website\",\"url\":\"https:\\\/\\\/www.granapadano.it\\\/fr-fr\\\/\",\"name\":\"Grana Padano\",\"description\":\"\",\"potentialAction\":[{\"@type\":\"SearchAction\",\"target\":{\"@type\":\"EntryPoint\",\"urlTemplate\":\"https:\\\/\\\/www.granapadano.it\\\/fr-fr\\\/?s={search_term_string}\"},\"query-input\":{\"@type\":\"PropertyValueSpecification\",\"valueRequired\":true,\"valueName\":\"search_term_string\"}}],\"inLanguage\":\"fr-fr\"}]}<\/script>\n<!-- \/ Yoast SEO plugin. -->","yoast_head_json":{"title":"Grana Padano AOP \u00ab R\u00e9serve \u00bb 20-24 mois et Vinaigre balsamique de Mod\u00e8ne IGP - Grana Padano","robots":{"index":"index","follow":"follow","max-snippet":"max-snippet:-1","max-image-preview":"max-image-preview:large","max-video-preview":"max-video-preview:-1"},"canonical":"https:\/\/www.granapadano.it\/fr-fr\/recettes\/accords\/accords-du-grana-padano-aop-et-du-vinaigre-balsamique-de-modene-igp\/grana-padano-aop-riserva-20-24-mois-et-vinaigre-balsamique-de-modene-igp\/","og_locale":"fr_FR","og_type":"article","og_title":"Grana Padano AOP \u00ab R\u00e9serve \u00bb 20-24 mois et Vinaigre balsamique de Mod\u00e8ne IGP - Grana Padano","og_description":"Grana Padano AOP \u00ab R\u00e9serve \u00bb 20-24 mois Aceto Balsamico di Modena IGPGrana Padano AOP \u00ab R\u00e9serve \u00bb 20-24 mois et vinaigre balsamique de Mod\u00e8ne IGP 5 sceaux. Le Grana Padano AOP R\u00e9serve 20-24 mois est un fromage \u00e9volu\u00e9, m\u00fbr, qui a pleinement d\u00e9velopp\u00e9 ses ar\u00f4mes, complexes mais toujours tr\u00e8s \u00e9quilibr\u00e9s. D\u2019un point de vue [&hellip;]","og_url":"https:\/\/www.granapadano.it\/fr-fr\/recettes\/accords\/accords-du-grana-padano-aop-et-du-vinaigre-balsamique-de-modene-igp\/grana-padano-aop-riserva-20-24-mois-et-vinaigre-balsamique-de-modene-igp\/","og_site_name":"Grana Padano","article_modified_time":"2026-03-19T15:06:54+00:00","twitter_card":"summary_large_image","twitter_misc":{"Est. reading time":"3 minutes"},"schema":{"@context":"https:\/\/schema.org","@graph":[{"@type":"WebPage","@id":"https:\/\/www.granapadano.it\/fr-fr\/recettes\/accords\/accords-du-grana-padano-aop-et-du-vinaigre-balsamique-de-modene-igp\/grana-padano-aop-riserva-20-24-mois-et-vinaigre-balsamique-de-modene-igp\/","url":"https:\/\/www.granapadano.it\/fr-fr\/recettes\/accords\/accords-du-grana-padano-aop-et-du-vinaigre-balsamique-de-modene-igp\/grana-padano-aop-riserva-20-24-mois-et-vinaigre-balsamique-de-modene-igp\/","name":"Grana Padano AOP \u00ab R\u00e9serve \u00bb 20-24 mois et Vinaigre balsamique de Mod\u00e8ne IGP - Grana Padano","isPartOf":{"@id":"https:\/\/www.granapadano.it\/fr-fr\/#website"},"datePublished":"2024-04-17T12:53:44+00:00","dateModified":"2026-03-19T15:06:54+00:00","breadcrumb":{"@id":"https:\/\/www.granapadano.it\/fr-fr\/recettes\/accords\/accords-du-grana-padano-aop-et-du-vinaigre-balsamique-de-modene-igp\/grana-padano-aop-riserva-20-24-mois-et-vinaigre-balsamique-de-modene-igp\/#breadcrumb"},"inLanguage":"fr-fr","potentialAction":[{"@type":"ReadAction","target":["https:\/\/www.granapadano.it\/fr-fr\/recettes\/accords\/accords-du-grana-padano-aop-et-du-vinaigre-balsamique-de-modene-igp\/grana-padano-aop-riserva-20-24-mois-et-vinaigre-balsamique-de-modene-igp\/"]}]},{"@type":"BreadcrumbList","@id":"https:\/\/www.granapadano.it\/fr-fr\/recettes\/accords\/accords-du-grana-padano-aop-et-du-vinaigre-balsamique-de-modene-igp\/grana-padano-aop-riserva-20-24-mois-et-vinaigre-balsamique-de-modene-igp\/#breadcrumb","itemListElement":[{"@type":"ListItem","position":1,"name":"Home","item":"https:\/\/www.granapadano.it\/fr-fr\/"},{"@type":"ListItem","position":2,"name":"Accords du Grana Padano AOP et du vinaigre balsamique de Mod\u00e8ne IGP","item":"https:\/\/www.granapadano.it\/fr-fr\/recettes\/accords\/accords-du-grana-padano-aop-et-du-vinaigre-balsamique-de-modene-igp\/"},{"@type":"ListItem","position":3,"name":"Grana Padano AOP \u00ab R\u00e9serve \u00bb 20-24 mois et Vinaigre balsamique de Mod\u00e8ne IGP"}]},{"@type":"WebSite","@id":"https:\/\/www.granapadano.it\/fr-fr\/#website","url":"https:\/\/www.granapadano.it\/fr-fr\/","name":"Grana Padano","description":"","potentialAction":[{"@type":"SearchAction","target":{"@type":"EntryPoint","urlTemplate":"https:\/\/www.granapadano.it\/fr-fr\/?s={search_term_string}"},"query-input":{"@type":"PropertyValueSpecification","valueRequired":true,"valueName":"search_term_string"}}],"inLanguage":"fr-fr"}]}},"_links":{"self":[{"href":"https:\/\/www.granapadano.it\/fr-fr\/wp-json\/wp\/v2\/pages\/119402","targetHints":{"allow":["GET"]}}],"collection":[{"href":"https:\/\/www.granapadano.it\/fr-fr\/wp-json\/wp\/v2\/pages"}],"about":[{"href":"https:\/\/www.granapadano.it\/fr-fr\/wp-json\/wp\/v2\/types\/page"}],"author":[{"embeddable":true,"href":"https:\/\/www.granapadano.it\/fr-fr\/wp-json\/wp\/v2\/users\/21"}],"replies":[{"embeddable":true,"href":"https:\/\/www.granapadano.it\/fr-fr\/wp-json\/wp\/v2\/comments?post=119402"}],"version-history":[{"count":3,"href":"https:\/\/www.granapadano.it\/fr-fr\/wp-json\/wp\/v2\/pages\/119402\/revisions"}],"predecessor-version":[{"id":120125,"href":"https:\/\/www.granapadano.it\/fr-fr\/wp-json\/wp\/v2\/pages\/119402\/revisions\/120125"}],"up":[{"embeddable":true,"href":"https:\/\/www.granapadano.it\/fr-fr\/wp-json\/wp\/v2\/pages\/119064"}],"wp:attachment":[{"href":"https:\/\/www.granapadano.it\/fr-fr\/wp-json\/wp\/v2\/media?parent=119402"}],"curies":[{"name":"wp","href":"https:\/\/api.w.org\/{rel}","templated":true}]}}