{"id":119391,"date":"2024-04-17T12:48:39","date_gmt":"2024-04-17T12:48:39","guid":{"rendered":"https:\/\/www.granapadano.it\/degustation\/abbinamenti\/come-abbinare-laceto-balsamico-di-modena-igp-con-grana-padano\/come-abbinare-grana-padano-16-20-mesi-e-aceto-balsamico-di-modena-igp\/"},"modified":"2026-03-19T15:06:15","modified_gmt":"2026-03-19T15:06:15","slug":"grana-padano-aop-16-20-mois-et-vinaigre-balsamique-de-modene-igp","status":"publish","type":"page","link":"https:\/\/www.granapadano.it\/fr-fr\/recettes\/accords\/accords-du-grana-padano-aop-et-du-vinaigre-balsamique-de-modene-igp\/grana-padano-aop-16-20-mois-et-vinaigre-balsamique-de-modene-igp\/","title":{"rendered":"Grana Padano AOP 16-20 mois et Vinaigre balsamique de Mod\u00e8ne IGP"},"content":{"rendered":"<p>[et_pb_section fb_built=&#8221;1&#8243; fullwidth=&#8221;on&#8221; _builder_version=&#8221;4.19.5&#8243; _module_preset=&#8221;default&#8221; global_colors_info=&#8221;{}&#8221;][et_pb_fullwidth_image src=&#8221;https:\/\/www.granapadano.it\/wp-content\/uploads\/2024\/04\/GP_Aceto-h.jpg&#8221; title_text=&#8221;GP_Aceto-m&#8221; src_tablet=&#8221;https:\/\/www.granapadano.it\/wp-content\/uploads\/2024\/04\/GP_Aceto-h.jpg&#8221; src_phone=&#8221;https:\/\/www.granapadano.it\/wp-content\/uploads\/2024\/04\/GP_Aceto-m.jpg&#8221; src_last_edited=&#8221;on|phone&#8221; _builder_version=&#8221;4.24.3&#8243; _module_preset=&#8221;default&#8221; locked=&#8221;off&#8221; global_colors_info=&#8221;{}&#8221;][\/et_pb_fullwidth_image][\/et_pb_section][et_pb_section fb_built=&#8221;1&#8243; module_class=&#8221;production_sub_hub_main_wrapper&#8221; _builder_version=&#8221;4.19.4&#8243; _module_preset=&#8221;default&#8221; custom_padding=&#8221;13px||0px|||&#8221; locked=&#8221;off&#8221; global_colors_info=&#8221;{}&#8221;][et_pb_row module_class=&#8221;recipe_filter_section&#8221; _builder_version=&#8221;4.19.2&#8243; _module_preset=&#8221;default&#8221; max_width=&#8221;90%&#8221; custom_padding=&#8221;||7px|||&#8221; global_colors_info=&#8221;{}&#8221;][et_pb_column type=&#8221;4_4&#8243; _builder_version=&#8221;4.19.2&#8243; _module_preset=&#8221;default&#8221; global_colors_info=&#8221;{}&#8221;][et_pb_code _builder_version=&#8221;4.19.2&#8243; _module_preset=&#8221;default&#8221; custom_margin=&#8221;||16px|||&#8221; global_colors_info=&#8221;{}&#8221;]<div class=\"breadcrumb\"><a href=\"https:\/\/www.granapadano.it\/fr-fr\/\">Home<\/a>  <  <\/div>[\/et_pb_code][\/et_pb_column][\/et_pb_row][\/et_pb_section][et_pb_section fb_built=&#8221;1&#8243; module_class=&#8221;giovani_sub_hub_title&#8221; _builder_version=&#8221;4.19.5&#8243; _module_preset=&#8221;default&#8221; custom_padding=&#8221;0px||35px||false|false&#8221; locked=&#8221;off&#8221; global_colors_info=&#8221;{}&#8221;][et_pb_row module_class=&#8221;gp_producion_heading_wrapper&#8221; _builder_version=&#8221;4.19.5&#8243; _module_preset=&#8221;default&#8221; max_width=&#8221;90%&#8221; module_alignment=&#8221;center&#8221; custom_padding=&#8221;||||false|false&#8221; global_colors_info=&#8221;{}&#8221;][et_pb_column type=&#8221;4_4&#8243; _builder_version=&#8221;4.19.4&#8243; _module_preset=&#8221;default&#8221; global_colors_info=&#8221;{}&#8221;][et_pb_text module_class=&#8221;giovani_sub_hub_title_text&#8221; _builder_version=&#8221;4.24.3&#8243; _module_preset=&#8221;default&#8221; text_font=&#8221;Merriweather|700|||||||&#8221; text_text_color=&#8221;#0f0f0f&#8221; text_font_size=&#8221;80px&#8221; text_line_height=&#8221;70px&#8221; header_font=&#8221;Merriweather||||||||&#8221; header_text_color=&#8221;gcid-8696fd7e-29dd-4028-9d4d-981b208a53a9&#8243; header_font_size=&#8221;44px&#8221; header_line_height=&#8221;52px&#8221; text_orientation=&#8221;center&#8221; min_height=&#8221;83px&#8221; custom_margin=&#8221;||0px||false|false&#8221; custom_padding=&#8221;||0px||false|false&#8221; hover_enabled=&#8221;0&#8243; global_colors_info=&#8221;{%22gcid-8696fd7e-29dd-4028-9d4d-981b208a53a9%22:%91%22header_text_color%22%93}&#8221; sticky_enabled=&#8221;0&#8243;]<\/p>\n<h1>Grana Padano AOP 16-20 mois <\/h1>\n<p>[\/et_pb_text][\/et_pb_column][\/et_pb_row][et_pb_row column_structure=&#8221;1_4,3_4&#8243; module_class=&#8221;article_dates&#8221; _builder_version=&#8221;4.19.4&#8243; _module_preset=&#8221;default&#8221; max_width=&#8221;90%&#8221; custom_padding=&#8221;2px||6px||false|false&#8221; global_colors_info=&#8221;{}&#8221;][et_pb_column type=&#8221;1_4&#8243; _builder_version=&#8221;4.19.3&#8243; _module_preset=&#8221;default&#8221; global_colors_info=&#8221;{}&#8221;][et_pb_text module_class=&#8221;button_look&#8221; _builder_version=&#8221;4.24.3&#8243; _module_preset=&#8221;default&#8221; text_font=&#8221;FontPadano-Bold||||||||&#8221; text_text_color=&#8221;#000000&#8243; text_font_size=&#8221;26px&#8221; background_color=&#8221;RGBA(255,255,255,0)&#8221; locked=&#8221;off&#8221; global_colors_info=&#8221;{}&#8221;]<\/p>\n<p>Aceto Balsamico di Modena IGP<\/p>\n<p>[\/et_pb_text][\/et_pb_column][et_pb_column type=&#8221;3_4&#8243; _builder_version=&#8221;4.19.4&#8243; _module_preset=&#8221;default&#8221; global_colors_info=&#8221;{}&#8221;][\/et_pb_column][\/et_pb_row][et_pb_row column_structure=&#8221;2_5,3_5&#8243; module_class=&#8221;article_sub_img_text_content &#8221; _builder_version=&#8221;4.24.3&#8243; _module_preset=&#8221;default&#8221; max_width=&#8221;90%&#8221; module_alignment=&#8221;center&#8221; min_height=&#8221;680.9px&#8221; custom_margin=&#8221;0px||0px||false|false&#8221; custom_padding=&#8221;0px||0px||false|false&#8221; global_colors_info=&#8221;{}&#8221;][et_pb_column type=&#8221;2_5&#8243; module_class=&#8221;article_sub_img_wrap&#8221; _builder_version=&#8221;4.20.2&#8243; _module_preset=&#8221;default&#8221; global_colors_info=&#8221;{}&#8221;][et_pb_image src=&#8221;https:\/\/www.granapadano.it\/wp-content\/uploads\/2024\/04\/gp-aceto.jpg&#8221; title_text=&#8221;gp-aceto&#8221; align=&#8221;center&#8221; _builder_version=&#8221;4.24.3&#8243; _module_preset=&#8221;default&#8221; positioning=&#8221;relative&#8221; vertical_offset=&#8221;63px&#8221; module_alignment=&#8221;center&#8221; border_radii=&#8221;on|20px|20px|20px|20px&#8221; global_colors_info=&#8221;{}&#8221;][\/et_pb_image][\/et_pb_column][et_pb_column type=&#8221;3_5&#8243; module_class=&#8221;article_sub_text_wrap&#8221; _builder_version=&#8221;4.20.2&#8243; _module_preset=&#8221;default&#8221; global_colors_info=&#8221;{}&#8221;][et_pb_text _builder_version=&#8221;4.24.3&#8243; _module_preset=&#8221;default&#8221; text_text_color=&#8221;#0f0f0f&#8221; text_font_size=&#8221;18px&#8221; text_line_height=&#8221;26px&#8221; width=&#8221;100%&#8221; custom_margin=&#8221;||0px||false|false&#8221; hover_enabled=&#8221;0&#8243; global_colors_info=&#8221;{}&#8221; sticky_enabled=&#8221;0&#8243;]<\/p>\n<h3><strong>Grana Padano AOP 16-20 mois et vinaigre balsamique de Mod\u00e8ne IGP 4 sceaux \u00ab Vieilli \u00bb<\/strong><\/h3>\n<p>Le Grana Padano 16-20 mois est un produit \u00e9quilibr\u00e9 que l\u2019on peut d\u00e9finir de mani\u00e8re g\u00e9n\u00e9rique comme \u00e9tant encore \u00ab d\u00e9licat \u00bb, m\u00eame si l\u2019on commence \u00e0 percevoir des sensations tactiles et aromatiques typiques des produits plus structur\u00e9s. C\u2019est un produit qui pla\u00eet \u00e0 tous les palais ; l\u2019intensit\u00e9 des ar\u00f4mes est moyennement \u00e9lev\u00e9e. Des notes lactiques claires rappelant le beurre sont encore perceptibles et s\u2019accompagnent de notes v\u00e9g\u00e9tales et l\u00e9g\u00e8rement torr\u00e9fi\u00e9es. Le produit pr\u00e9sente en bouche une saveur \u00e9quilibr\u00e9e sans pics excessifs. Il peut pr\u00e9senter une l\u00e9g\u00e8re acidit\u00e9 ainsi que des notes sapides de moyennes \u00e0 faibles ; le go\u00fbt sucr\u00e9 est per\u00e7u dans une moindre mesure par rapport au type jeune.  Ces caract\u00e9ristiques s\u2019accordent parfaitement avec un vinaigre balsamique de Mod\u00e8ne caract\u00e9ris\u00e9 par des notes aromatiques \u00e9pic\u00e9es, des notes torr\u00e9fi\u00e9es, des feuilles de tabac et du cacao amer, adoucies par des nuances de fruits m\u00fbrs, de compotes de fruits noirs et de mo\u00fbt cuit. <\/p>\n<p>Cette combinaison rappelle un vinaigre balsamique de Mod\u00e8ne \u00e9quilibr\u00e9 et complexe o\u00f9 la douceur l\u2019emporte sur l\u2019aigreur et o\u00f9 la densit\u00e9 de la texture donne de la sph\u00e9ricit\u00e9 au produit, offrant des sensations velout\u00e9es et convaincantes capables d\u2019accompagner la d\u00e9gustation du Grana Padano 16-20 mois, en se mariant avec la granularit\u00e9 de sa structure et la pr\u00e9sence de cristaux de tyrosine \u00e9pars concentr\u00e9s dans la zone p\u00e9riph\u00e9rique, la plus proche de la cro\u00fbte. La combinaison de la viscosit\u00e9 du vinaigre balsamique et de la granularit\u00e9 du Grana Padano cr\u00e9e ainsi une agr\u00e9able sensation de douceur cr\u00e9meuse.<br \/>\nLe vinaigre balsamique de Mod\u00e8ne que nous proposons en combinaison est bien identifi\u00e9 dans le syst\u00e8me Consortium Profile avec 4 sceaux \u00ab Vieilli \u00bb.\n<\/p>\n<p>&nbsp;<\/p>\n<p>[\/et_pb_text][\/et_pb_column][\/et_pb_row][\/et_pb_section]<\/p>\n","protected":false},"excerpt":{"rendered":"<p><div class=\"breadcrumb\"><a href=\"https:\/\/www.granapadano.it\/fr-fr\/\">Home<\/a>  <  <\/div>Grana Padano AOP 16-20 mois Aceto Balsamico di Modena IGPGrana Padano AOP 16-20 mois et vinaigre balsamique de Mod\u00e8ne IGP 4 sceaux \u00ab Vieilli \u00bb Le Grana Padano 16-20 mois est un produit \u00e9quilibr\u00e9 que l\u2019on peut d\u00e9finir de mani\u00e8re g\u00e9n\u00e9rique comme \u00e9tant encore \u00ab d\u00e9licat \u00bb, m\u00eame si l\u2019on commence \u00e0 percevoir des sensations [&hellip;]<\/p>\n","protected":false},"author":21,"featured_media":0,"parent":119064,"menu_order":345,"comment_status":"closed","ping_status":"closed","template":"","meta":{"_acf_changed":false,"_et_pb_use_builder":"on","_et_pb_old_content":"","_et_gb_content_width":"","footnotes":""},"class_list":["post-119391","page","type-page","status-publish","hentry"],"acf":[],"yoast_head":"<!-- This site is optimized with the Yoast SEO plugin v27.4 - https:\/\/yoast.com\/product\/yoast-seo-wordpress\/ -->\n<title>Grana Padano AOP 16-20 mois et Vinaigre balsamique de Mod\u00e8ne IGP - Grana Padano<\/title>\n<meta name=\"robots\" content=\"index, follow, max-snippet:-1, max-image-preview:large, max-video-preview:-1\" \/>\n<link rel=\"canonical\" href=\"https:\/\/www.granapadano.it\/fr-fr\/recettes\/accords\/accords-du-grana-padano-aop-et-du-vinaigre-balsamique-de-modene-igp\/grana-padano-aop-16-20-mois-et-vinaigre-balsamique-de-modene-igp\/\" \/>\n<meta property=\"og:locale\" content=\"fr_FR\" \/>\n<meta property=\"og:type\" content=\"article\" \/>\n<meta property=\"og:title\" content=\"Grana Padano AOP 16-20 mois et Vinaigre balsamique de Mod\u00e8ne IGP - Grana Padano\" \/>\n<meta property=\"og:description\" content=\"Grana Padano AOP 16-20 mois Aceto Balsamico di Modena IGPGrana Padano AOP 16-20 mois et vinaigre balsamique de Mod\u00e8ne IGP 4 sceaux \u00ab Vieilli \u00bb Le Grana Padano 16-20 mois est un produit \u00e9quilibr\u00e9 que l\u2019on peut d\u00e9finir de mani\u00e8re g\u00e9n\u00e9rique comme \u00e9tant encore \u00ab d\u00e9licat \u00bb, m\u00eame si l\u2019on commence \u00e0 percevoir des sensations [&hellip;]\" \/>\n<meta property=\"og:url\" content=\"https:\/\/www.granapadano.it\/fr-fr\/recettes\/accords\/accords-du-grana-padano-aop-et-du-vinaigre-balsamique-de-modene-igp\/grana-padano-aop-16-20-mois-et-vinaigre-balsamique-de-modene-igp\/\" \/>\n<meta property=\"og:site_name\" content=\"Grana Padano\" \/>\n<meta property=\"article:modified_time\" content=\"2026-03-19T15:06:15+00:00\" \/>\n<meta name=\"twitter:card\" content=\"summary_large_image\" \/>\n<meta name=\"twitter:label1\" content=\"Est. reading time\" \/>\n\t<meta name=\"twitter:data1\" content=\"2 minutes\" \/>\n<script type=\"application\/ld+json\" class=\"yoast-schema-graph\">{\"@context\":\"https:\\\/\\\/schema.org\",\"@graph\":[{\"@type\":\"WebPage\",\"@id\":\"https:\\\/\\\/www.granapadano.it\\\/fr-fr\\\/recettes\\\/accords\\\/accords-du-grana-padano-aop-et-du-vinaigre-balsamique-de-modene-igp\\\/grana-padano-aop-16-20-mois-et-vinaigre-balsamique-de-modene-igp\\\/\",\"url\":\"https:\\\/\\\/www.granapadano.it\\\/fr-fr\\\/recettes\\\/accords\\\/accords-du-grana-padano-aop-et-du-vinaigre-balsamique-de-modene-igp\\\/grana-padano-aop-16-20-mois-et-vinaigre-balsamique-de-modene-igp\\\/\",\"name\":\"Grana Padano AOP 16-20 mois et Vinaigre balsamique de Mod\u00e8ne IGP - Grana Padano\",\"isPartOf\":{\"@id\":\"https:\\\/\\\/www.granapadano.it\\\/fr-fr\\\/#website\"},\"datePublished\":\"2024-04-17T12:48:39+00:00\",\"dateModified\":\"2026-03-19T15:06:15+00:00\",\"breadcrumb\":{\"@id\":\"https:\\\/\\\/www.granapadano.it\\\/fr-fr\\\/recettes\\\/accords\\\/accords-du-grana-padano-aop-et-du-vinaigre-balsamique-de-modene-igp\\\/grana-padano-aop-16-20-mois-et-vinaigre-balsamique-de-modene-igp\\\/#breadcrumb\"},\"inLanguage\":\"fr-fr\",\"potentialAction\":[{\"@type\":\"ReadAction\",\"target\":[\"https:\\\/\\\/www.granapadano.it\\\/fr-fr\\\/recettes\\\/accords\\\/accords-du-grana-padano-aop-et-du-vinaigre-balsamique-de-modene-igp\\\/grana-padano-aop-16-20-mois-et-vinaigre-balsamique-de-modene-igp\\\/\"]}]},{\"@type\":\"BreadcrumbList\",\"@id\":\"https:\\\/\\\/www.granapadano.it\\\/fr-fr\\\/recettes\\\/accords\\\/accords-du-grana-padano-aop-et-du-vinaigre-balsamique-de-modene-igp\\\/grana-padano-aop-16-20-mois-et-vinaigre-balsamique-de-modene-igp\\\/#breadcrumb\",\"itemListElement\":[{\"@type\":\"ListItem\",\"position\":1,\"name\":\"Home\",\"item\":\"https:\\\/\\\/www.granapadano.it\\\/fr-fr\\\/\"},{\"@type\":\"ListItem\",\"position\":2,\"name\":\"Accords du Grana Padano AOP et du vinaigre balsamique de Mod\u00e8ne IGP\",\"item\":\"https:\\\/\\\/www.granapadano.it\\\/fr-fr\\\/recettes\\\/accords\\\/accords-du-grana-padano-aop-et-du-vinaigre-balsamique-de-modene-igp\\\/\"},{\"@type\":\"ListItem\",\"position\":3,\"name\":\"Grana Padano AOP 16-20 mois et Vinaigre balsamique de Mod\u00e8ne IGP\"}]},{\"@type\":\"WebSite\",\"@id\":\"https:\\\/\\\/www.granapadano.it\\\/fr-fr\\\/#website\",\"url\":\"https:\\\/\\\/www.granapadano.it\\\/fr-fr\\\/\",\"name\":\"Grana Padano\",\"description\":\"\",\"potentialAction\":[{\"@type\":\"SearchAction\",\"target\":{\"@type\":\"EntryPoint\",\"urlTemplate\":\"https:\\\/\\\/www.granapadano.it\\\/fr-fr\\\/?s={search_term_string}\"},\"query-input\":{\"@type\":\"PropertyValueSpecification\",\"valueRequired\":true,\"valueName\":\"search_term_string\"}}],\"inLanguage\":\"fr-fr\"}]}<\/script>\n<!-- \/ Yoast SEO plugin. -->","yoast_head_json":{"title":"Grana Padano AOP 16-20 mois et Vinaigre balsamique de Mod\u00e8ne IGP - Grana Padano","robots":{"index":"index","follow":"follow","max-snippet":"max-snippet:-1","max-image-preview":"max-image-preview:large","max-video-preview":"max-video-preview:-1"},"canonical":"https:\/\/www.granapadano.it\/fr-fr\/recettes\/accords\/accords-du-grana-padano-aop-et-du-vinaigre-balsamique-de-modene-igp\/grana-padano-aop-16-20-mois-et-vinaigre-balsamique-de-modene-igp\/","og_locale":"fr_FR","og_type":"article","og_title":"Grana Padano AOP 16-20 mois et Vinaigre balsamique de Mod\u00e8ne IGP - Grana Padano","og_description":"Grana Padano AOP 16-20 mois Aceto Balsamico di Modena IGPGrana Padano AOP 16-20 mois et vinaigre balsamique de Mod\u00e8ne IGP 4 sceaux \u00ab Vieilli \u00bb Le Grana Padano 16-20 mois est un produit \u00e9quilibr\u00e9 que l\u2019on peut d\u00e9finir de mani\u00e8re g\u00e9n\u00e9rique comme \u00e9tant encore \u00ab d\u00e9licat \u00bb, m\u00eame si l\u2019on commence \u00e0 percevoir des sensations [&hellip;]","og_url":"https:\/\/www.granapadano.it\/fr-fr\/recettes\/accords\/accords-du-grana-padano-aop-et-du-vinaigre-balsamique-de-modene-igp\/grana-padano-aop-16-20-mois-et-vinaigre-balsamique-de-modene-igp\/","og_site_name":"Grana Padano","article_modified_time":"2026-03-19T15:06:15+00:00","twitter_card":"summary_large_image","twitter_misc":{"Est. reading time":"2 minutes"},"schema":{"@context":"https:\/\/schema.org","@graph":[{"@type":"WebPage","@id":"https:\/\/www.granapadano.it\/fr-fr\/recettes\/accords\/accords-du-grana-padano-aop-et-du-vinaigre-balsamique-de-modene-igp\/grana-padano-aop-16-20-mois-et-vinaigre-balsamique-de-modene-igp\/","url":"https:\/\/www.granapadano.it\/fr-fr\/recettes\/accords\/accords-du-grana-padano-aop-et-du-vinaigre-balsamique-de-modene-igp\/grana-padano-aop-16-20-mois-et-vinaigre-balsamique-de-modene-igp\/","name":"Grana Padano AOP 16-20 mois et Vinaigre balsamique de Mod\u00e8ne IGP - Grana Padano","isPartOf":{"@id":"https:\/\/www.granapadano.it\/fr-fr\/#website"},"datePublished":"2024-04-17T12:48:39+00:00","dateModified":"2026-03-19T15:06:15+00:00","breadcrumb":{"@id":"https:\/\/www.granapadano.it\/fr-fr\/recettes\/accords\/accords-du-grana-padano-aop-et-du-vinaigre-balsamique-de-modene-igp\/grana-padano-aop-16-20-mois-et-vinaigre-balsamique-de-modene-igp\/#breadcrumb"},"inLanguage":"fr-fr","potentialAction":[{"@type":"ReadAction","target":["https:\/\/www.granapadano.it\/fr-fr\/recettes\/accords\/accords-du-grana-padano-aop-et-du-vinaigre-balsamique-de-modene-igp\/grana-padano-aop-16-20-mois-et-vinaigre-balsamique-de-modene-igp\/"]}]},{"@type":"BreadcrumbList","@id":"https:\/\/www.granapadano.it\/fr-fr\/recettes\/accords\/accords-du-grana-padano-aop-et-du-vinaigre-balsamique-de-modene-igp\/grana-padano-aop-16-20-mois-et-vinaigre-balsamique-de-modene-igp\/#breadcrumb","itemListElement":[{"@type":"ListItem","position":1,"name":"Home","item":"https:\/\/www.granapadano.it\/fr-fr\/"},{"@type":"ListItem","position":2,"name":"Accords du Grana Padano AOP et du vinaigre balsamique de Mod\u00e8ne IGP","item":"https:\/\/www.granapadano.it\/fr-fr\/recettes\/accords\/accords-du-grana-padano-aop-et-du-vinaigre-balsamique-de-modene-igp\/"},{"@type":"ListItem","position":3,"name":"Grana Padano AOP 16-20 mois et Vinaigre balsamique de Mod\u00e8ne IGP"}]},{"@type":"WebSite","@id":"https:\/\/www.granapadano.it\/fr-fr\/#website","url":"https:\/\/www.granapadano.it\/fr-fr\/","name":"Grana Padano","description":"","potentialAction":[{"@type":"SearchAction","target":{"@type":"EntryPoint","urlTemplate":"https:\/\/www.granapadano.it\/fr-fr\/?s={search_term_string}"},"query-input":{"@type":"PropertyValueSpecification","valueRequired":true,"valueName":"search_term_string"}}],"inLanguage":"fr-fr"}]}},"_links":{"self":[{"href":"https:\/\/www.granapadano.it\/fr-fr\/wp-json\/wp\/v2\/pages\/119391","targetHints":{"allow":["GET"]}}],"collection":[{"href":"https:\/\/www.granapadano.it\/fr-fr\/wp-json\/wp\/v2\/pages"}],"about":[{"href":"https:\/\/www.granapadano.it\/fr-fr\/wp-json\/wp\/v2\/types\/page"}],"author":[{"embeddable":true,"href":"https:\/\/www.granapadano.it\/fr-fr\/wp-json\/wp\/v2\/users\/21"}],"replies":[{"embeddable":true,"href":"https:\/\/www.granapadano.it\/fr-fr\/wp-json\/wp\/v2\/comments?post=119391"}],"version-history":[{"count":5,"href":"https:\/\/www.granapadano.it\/fr-fr\/wp-json\/wp\/v2\/pages\/119391\/revisions"}],"predecessor-version":[{"id":120122,"href":"https:\/\/www.granapadano.it\/fr-fr\/wp-json\/wp\/v2\/pages\/119391\/revisions\/120122"}],"up":[{"embeddable":true,"href":"https:\/\/www.granapadano.it\/fr-fr\/wp-json\/wp\/v2\/pages\/119064"}],"wp:attachment":[{"href":"https:\/\/www.granapadano.it\/fr-fr\/wp-json\/wp\/v2\/media?parent=119391"}],"curies":[{"name":"wp","href":"https:\/\/api.w.org\/{rel}","templated":true}]}}