{"id":119173,"date":"2024-04-16T13:57:53","date_gmt":"2024-04-16T13:57:53","guid":{"rendered":"https:\/\/www.granapadano.it\/degustation\/abbinamenti\/con-quale-cioccolato-abbinare-grana-padano\/come-abbinare-grana-padano-riserva-oltre-24-mesi-con-il-cioccolato\/"},"modified":"2024-07-04T16:37:32","modified_gmt":"2024-07-04T16:37:32","slug":"grana-padano-aop-reserve-plus-de-24-mois-et-chocolat","status":"publish","type":"page","link":"https:\/\/www.granapadano.it\/fr-fr\/degustation\/avec-quel-chocolat-associer-le-grana-padano-aop\/grana-padano-aop-reserve-plus-de-24-mois-et-chocolat\/","title":{"rendered":"Grana Padano AOP \u00ab R\u00e9serve \u00bb plus de 24 mois et chocolat"},"content":{"rendered":"<p>[et_pb_section fb_built=&#8221;1&#8243; fullwidth=&#8221;on&#8221; _builder_version=&#8221;4.19.5&#8243; _module_preset=&#8221;default&#8221; global_colors_info=&#8221;{}&#8221;][et_pb_fullwidth_image src=&#8221;https:\/\/www.granapadano.it\/wp-content\/uploads\/2024\/04\/Grana-Padano-e-Cioccolato-h.jpg&#8221; title_text=&#8221;Grana-Padano-e-Cioccolato-m&#8221; src_tablet=&#8221;https:\/\/www.granapadano.it\/wp-content\/uploads\/2024\/04\/Grana-Padano-e-Cioccolato-h.jpg&#8221; src_phone=&#8221;https:\/\/www.granapadano.it\/wp-content\/uploads\/2024\/04\/Grana-Padano-e-Cioccolato-m.jpg&#8221; src_last_edited=&#8221;on|phone&#8221; _builder_version=&#8221;4.24.3&#8243; _module_preset=&#8221;default&#8221; locked=&#8221;off&#8221; global_colors_info=&#8221;{}&#8221;][\/et_pb_fullwidth_image][\/et_pb_section][et_pb_section fb_built=&#8221;1&#8243; module_class=&#8221;production_sub_hub_main_wrapper&#8221; _builder_version=&#8221;4.19.4&#8243; _module_preset=&#8221;default&#8221; custom_padding=&#8221;13px||0px|||&#8221; locked=&#8221;off&#8221; global_colors_info=&#8221;{}&#8221;][et_pb_row module_class=&#8221;recipe_filter_section&#8221; _builder_version=&#8221;4.19.2&#8243; _module_preset=&#8221;default&#8221; max_width=&#8221;90%&#8221; custom_padding=&#8221;||7px|||&#8221; global_colors_info=&#8221;{}&#8221;][et_pb_column type=&#8221;4_4&#8243; _builder_version=&#8221;4.19.2&#8243; _module_preset=&#8221;default&#8221; global_colors_info=&#8221;{}&#8221;][et_pb_code _builder_version=&#8221;4.19.2&#8243; _module_preset=&#8221;default&#8221; custom_margin=&#8221;||16px|||&#8221; global_colors_info=&#8221;{}&#8221;]<div class=\"breadcrumb\"><a href=\"https:\/\/www.granapadano.it\/fr-fr\/\">Home<\/a>  <  <\/div>[\/et_pb_code][\/et_pb_column][\/et_pb_row][\/et_pb_section][et_pb_section fb_built=&#8221;1&#8243; module_class=&#8221;giovani_sub_hub_title&#8221; _builder_version=&#8221;4.19.5&#8243; _module_preset=&#8221;default&#8221; custom_padding=&#8221;0px||35px||false|false&#8221; locked=&#8221;off&#8221; global_colors_info=&#8221;{}&#8221;][et_pb_row module_class=&#8221;gp_producion_heading_wrapper&#8221; _builder_version=&#8221;4.19.5&#8243; _module_preset=&#8221;default&#8221; max_width=&#8221;90%&#8221; module_alignment=&#8221;center&#8221; custom_padding=&#8221;||||false|false&#8221; global_colors_info=&#8221;{}&#8221;][et_pb_column type=&#8221;4_4&#8243; _builder_version=&#8221;4.19.4&#8243; _module_preset=&#8221;default&#8221; global_colors_info=&#8221;{}&#8221;][et_pb_text module_class=&#8221;giovani_sub_hub_title_text&#8221; _builder_version=&#8221;4.24.3&#8243; _module_preset=&#8221;default&#8221; text_font=&#8221;Merriweather|700|||||||&#8221; text_text_color=&#8221;#0f0f0f&#8221; text_font_size=&#8221;80px&#8221; text_line_height=&#8221;70px&#8221; header_font=&#8221;Merriweather||||||||&#8221; header_text_color=&#8221;gcid-8696fd7e-29dd-4028-9d4d-981b208a53a9&#8243; header_font_size=&#8221;44px&#8221; header_line_height=&#8221;52px&#8221; text_orientation=&#8221;center&#8221; min_height=&#8221;83px&#8221; custom_margin=&#8221;||0px||false|false&#8221; custom_padding=&#8221;||0px||false|false&#8221; hover_enabled=&#8221;0&#8243; global_colors_info=&#8221;{%22gcid-8696fd7e-29dd-4028-9d4d-981b208a53a9%22:%91%22header_text_color%22%93}&#8221; sticky_enabled=&#8221;0&#8243;]<\/p>\n<h1>Grana Padano AOP \u00ab R\u00e9serve \u00bb plus de 24 mois<\/h1>\n<p>[\/et_pb_text][\/et_pb_column][\/et_pb_row][et_pb_row column_structure=&#8221;1_4,3_4&#8243; module_class=&#8221;article_dates&#8221; _builder_version=&#8221;4.19.4&#8243; _module_preset=&#8221;default&#8221; max_width=&#8221;90%&#8221; custom_padding=&#8221;2px||6px||false|false&#8221; global_colors_info=&#8221;{}&#8221;][et_pb_column type=&#8221;1_4&#8243; _builder_version=&#8221;4.19.3&#8243; _module_preset=&#8221;default&#8221; global_colors_info=&#8221;{}&#8221;][et_pb_text module_class=&#8221;button_look&#8221; _builder_version=&#8221;4.24.3&#8243; _module_preset=&#8221;default&#8221; text_font=&#8221;FontPadano-Bold||||||||&#8221; text_text_color=&#8221;#000000&#8243; text_font_size=&#8221;26px&#8221; background_color=&#8221;RGBA(255,255,255,0)&#8221; locked=&#8221;off&#8221; global_colors_info=&#8221;{}&#8221;]<\/p>\n<p>Cacao<\/p>\n<p>[\/et_pb_text][\/et_pb_column][et_pb_column type=&#8221;3_4&#8243; _builder_version=&#8221;4.19.4&#8243; _module_preset=&#8221;default&#8221; global_colors_info=&#8221;{}&#8221;][\/et_pb_column][\/et_pb_row][et_pb_row column_structure=&#8221;2_5,3_5&#8243; module_class=&#8221;article_sub_img_text_content &#8221; _builder_version=&#8221;4.24.3&#8243; _module_preset=&#8221;default&#8221; max_width=&#8221;90%&#8221; module_alignment=&#8221;center&#8221; min_height=&#8221;791.9px&#8221; custom_margin=&#8221;0px|auto|0px|auto|false|false&#8221; custom_padding=&#8221;0px||40px||false|false&#8221; global_colors_info=&#8221;{}&#8221;][et_pb_column type=&#8221;2_5&#8243; module_class=&#8221;article_sub_img_wrap&#8221; _builder_version=&#8221;4.20.2&#8243; _module_preset=&#8221;default&#8221; global_colors_info=&#8221;{}&#8221;][et_pb_image src=&#8221;https:\/\/www.granapadano.it\/wp-content\/uploads\/2024\/04\/GP-ZENZERO.jpg&#8221; title_text=&#8221;GP-ZENZERO&#8221; align=&#8221;center&#8221; _builder_version=&#8221;4.24.3&#8243; _module_preset=&#8221;default&#8221; positioning=&#8221;relative&#8221; vertical_offset=&#8221;63px&#8221; module_alignment=&#8221;center&#8221; border_radii=&#8221;on|20px|20px|20px|20px&#8221; global_colors_info=&#8221;{}&#8221;][\/et_pb_image][\/et_pb_column][et_pb_column type=&#8221;3_5&#8243; module_class=&#8221;article_sub_text_wrap&#8221; _builder_version=&#8221;4.20.2&#8243; _module_preset=&#8221;default&#8221; global_colors_info=&#8221;{}&#8221;][et_pb_text _builder_version=&#8221;4.24.3&#8243; _module_preset=&#8221;default&#8221; text_text_color=&#8221;#0f0f0f&#8221; text_font_size=&#8221;18px&#8221; text_line_height=&#8221;26px&#8221; width=&#8221;100%&#8221; custom_margin=&#8221;||0px||false|false&#8221; hover_enabled=&#8221;0&#8243; global_colors_info=&#8221;{}&#8221; sticky_enabled=&#8221;0&#8243;]<\/p>\n<h3>Grana Padano AOP \u00ab R\u00e9serve \u00bb plus de 24 mois et Bouch\u00e9es de gingembre confit enrob\u00e9es de poudre de cacao<\/h3>\n<\/p>\n<p>La confiserie de fruits et de fleurs est un processus complexe et long, mais tr\u00e8s utile car il permet de pr\u00e9server les caract\u00e9ristiques organoleptiques du produit et de les garder intactes sur de longues p\u00e9riodes.<br \/>\nPour la production de fruits confits &#8211; aujourd\u2019hui largement utilis\u00e9s en p\u00e2tisserie et en chocolaterie &#8211; on peut utiliser le fruit entier ou son \u00e9corce (par exemple, l\u2019\u00e9corce d\u2019agrumes est tr\u00e8s courante) ou, comme dans notre cas, des petits morceaux (\u00ab bouch\u00e9es \u00bb) de racine de gingembre. Il est essentiel que la transformation n\u2019alt\u00e8re pas la composante aromatique originale, que l\u2019on doit pouvoir distinguer clairement d\u2019un fruit \u00e0 l\u2019autre, et qu\u2019elle rappelle le parfum du fruit frais.<\/p>\n<p>Nous proposons d\u2019associer le Grana Padano AOP \u00ab R\u00e9serve \u00bb de 24 mois \u00e0 des bouch\u00e9es de gingembre recouvertes de poudre de cacao : elles offrent une exp\u00e9rience sensorielle int\u00e9ressante, car la structure du fruit confit est accompagn\u00e9e par le cacao qui fond et enveloppe la bouche, tandis que l\u2019ar\u00f4me typique du gingembre rencontre l\u2019amertume \u00e0 peine perceptible de la poudre de cacao.<br \/>\nNous pensons que cet ensemble peut relever le \u00ab d\u00e9fi \u00bb difficile de son association au Grana Padano AOP \u00ab R\u00e9serve \u00bb plus de 24 mois, dont les caract\u00e9ristiques organoleptiques pr\u00e9sentent une intensit\u00e9 et une complexit\u00e9 \u00e9lev\u00e9es ;  en effet, la richesse aromatique de ce type de Grana Padano AOP, qui rappelle les ar\u00f4mes de fruits secs, est parfaitement accompagn\u00e9e par les notes typiques du gingembre qui, \u00e0 leur tour, rappellent le piquant agr\u00e9able et d\u00e9licat typique du Grana Padano AOP \u00ab R\u00e9serve \u00bb plus de 24 mois.<br \/>\nEn conclusion, nous pouvons dire qu\u2019il s\u2019agit d\u2019une combinaison sp\u00e9ciale qui, gr\u00e2ce au gingembre, transmet la \u00ab fra\u00eecheur \u00bb et qui &#8211; apr\u00e8s d\u00e9glutition &#8211; permet au Grana Padano AOP \u00ab R\u00e9serve \u00bb plus de 24 mois d\u2019\u00eatre valoris\u00e9, en prolongeant ses \u00ab senteurs \u00bb et sa persistance en bouche.\n<\/p>\n<p><strong>Le saviez-vous ?<br \/>\n<\/strong><\/p>\n<ul>\n<li>L\u2019histoire des \u00ab fruits confits \u00bb commence il y a plus de mille ans. Pendant des si\u00e8cles, ils ont \u00e9t\u00e9 consid\u00e9r\u00e9s exclusivement comme des m\u00e9dicaments pr\u00e9cieux et ce n\u2019est que plus tard, en Orient, notamment en M\u00e9sopotamie et en Chine, que l\u2019on a commenc\u00e9 \u00e0 utiliser le \u00ab confisage \u00bb pour conserver les racines et les plantes. Le nom \u00ab confit \u00bb provient du terme arabe \u00ab qandi \u00bb, qui d\u00e9signait le jus de la canne \u00e0 sucre. Avec le temps, les fruits confits ont acquis deux r\u00f4les distincts : d\u2019une part, c\u2019\u00e9tait le seul moyen de conserver les fruits pendant une longue p\u00e9riode et ils sont donc devenus indispensables aux marins lors de longs voyages pour maintenir une alimentation \u00e9quilibr\u00e9e ; d\u2019autre part, ils sont devenus une friandise, un ingr\u00e9dient important de la confiserie et un caprice purement sc\u00e9nique pour les aristocrates, qui aimaient orner leurs tables de magnifiques arrangements de diverses formes de fruits confits. L\u2019introduction des fruits confits dans la p\u00e9ninsule italienne est d\u2019abord pass\u00e9e par la Sicile &#8211; alors \u00abfief arabe\u00bb &#8211; qui servait de pont entre l\u2019Orient et l\u2019Occident; <\/li>\n<li><span style=\"font-size: 18px;\">La premi\u00e8re apparition document\u00e9e de fruits confits en Italie remonte \u00e0 la p\u00e9riode baroque, lorsque des plateaux de fruits confits siciliens sont apparus sur les riches tables du Campidoglio en 1513 en l\u2019honneur de la visite des M\u00e9dicis. Malheureusement, en raison de la complexit\u00e9 du processus de confiserie, de nombreuses entreprises se sont lanc\u00e9es aujourd\u2019hui dans la production industrielle de fruits confits, ce qui a souvent eu pour effet de compromettre le go\u00fbt original, la typicit\u00e9, mais surtout la qualit\u00e9 du produit confit.<\/span><\/li>\n<\/ul>\n<p>[\/et_pb_text][\/et_pb_column][\/et_pb_row][et_pb_row column_structure=&#8221;2_5,3_5&#8243; module_class=&#8221;article_sub_img_text_content_left&#8221; _builder_version=&#8221;4.24.3&#8243; _module_preset=&#8221;default&#8221; max_width=&#8221;94%&#8221; min_height=&#8221;624.9px&#8221; custom_padding=&#8221;20px||30px||false|false&#8221; border_color_top=&#8221;RGBA(255,255,255,0)&#8221; locked=&#8221;off&#8221; global_colors_info=&#8221;{}&#8221;][et_pb_column type=&#8221;2_5&#8243; module_class=&#8221;article_sub_img_wrap_left&#8221; _builder_version=&#8221;4.20.2&#8243; _module_preset=&#8221;default&#8221; global_colors_info=&#8221;{}&#8221;][et_pb_image src=&#8221;https:\/\/www.granapadano.it\/wp-content\/uploads\/2024\/04\/gp-dark-chocolate.jpg&#8221; title_text=&#8221;gp-dark-chocolate&#8221; align=&#8221;center&#8221; show_bottom_space_tablet=&#8221;on&#8221; show_bottom_space_last_edited=&#8221;off|phone&#8221; _builder_version=&#8221;4.24.3&#8243; _module_preset=&#8221;default&#8221; custom_margin=&#8221;||0px||false|false&#8221; custom_margin_tablet=&#8221;30px||||false|false&#8221; custom_margin_phone=&#8221;30px||||false|false&#8221; custom_margin_last_edited=&#8221;on|desktop&#8221; custom_padding=&#8221;0px||0px||false|false&#8221; border_radii=&#8221;on|20px|20px|20px|20px&#8221; global_colors_info=&#8221;{}&#8221;][\/et_pb_image][\/et_pb_column][et_pb_column type=&#8221;3_5&#8243; module_class=&#8221;article_sub_text_wrap_left&#8221; _builder_version=&#8221;4.20.2&#8243; _module_preset=&#8221;default&#8221; global_colors_info=&#8221;{}&#8221;][et_pb_text _builder_version=&#8221;4.24.3&#8243; _module_preset=&#8221;default&#8221; text_font=&#8221;Merriweather|300|||||||&#8221; text_text_color=&#8221;#0f0f0f&#8221; text_font_size=&#8221;18px&#8221; text_line_height=&#8221;26px&#8221; width=&#8221;97.1%&#8221; custom_margin=&#8221;|||0px|false|false&#8221; hover_enabled=&#8221;0&#8243; global_colors_info=&#8221;{}&#8221; sticky_enabled=&#8221;0&#8243;]<\/p>\n<h3>Grana Padano AOP \u00ab R\u00e9serve \u00bb plus de 24 mois et chocolat noir 90%<\/h3>\n<\/p>\n<p>La tablette de chocolat 90 % est certainement destin\u00e9e \u00e0 ceux qui aiment les saveurs d\u00e9cisives et fortes, mais pas n\u00e9cessairement am\u00e8res ; en effet, il ne faut pas oublier que la pr\u00e9sence excessive d\u2019amertume est, en r\u00e9alit\u00e9, synonyme de mauvaise qualit\u00e9 ; le soup\u00e7on d\u2019amertume, li\u00e9 au pourcentage plus \u00e9lev\u00e9 de cacao, doit toujours \u00eatre agr\u00e9able et d\u00e9pend de la qualit\u00e9 des f\u00e8ves de cacao et surtout des phases de transformation.<\/p>\n<p>Le Grana Padano AOP \u00ab R\u00e9serve \u00bb plus de 24 mois et la tablette de chocolat 90 % sont deux produits \u00e0 forte personnalit\u00e9 : plus qu\u2019une rencontre, il s\u2019agit d\u2019un \u00ab combat sur le ring \u00bb o\u00f9 les adversaires alternent leurs qualit\u00e9s et leur caract\u00e8re, o\u00f9 ils s\u2019esquivent mais o\u00f9 aucun ne domine l\u2019autre jusqu\u2019\u00e0 ce qu\u2019ils se serrent la main dans un tourbillon final d\u2019\u00e9motions.<br \/>\nDans ce mariage, les composantes aromatiques intenses des deux produits se rejoignent de mani\u00e8re stimulante. Apr\u00e8s la d\u00e9glutition, le tanin apport\u00e9 par le cacao joue un r\u00f4le important en \u00ab nettoyant \u00bb la bouche, la pr\u00e9parant \u00e0 une nouvelle d\u00e9gustation qui offrira certainement &#8211; \u00e0 ceux qui ont la patience d\u2019\u00ab \u00e9couter \u00bb &#8211; des sensations toujours nouvelles et surprenantes.<br \/>\nL\u2019association sugg\u00e9r\u00e9e repr\u00e9sente s\u00fbrement une proposition attrayante pour ceux qui sont \u00e0 la recherche de choses nouvelles, sp\u00e9ciales et intrigantes.<br \/>\n<\/strong>.<\/p>\n<p><strong>Le saviez-vous?<br \/>\n<\/strong><\/p>\n<ul>\n<li>Il n\u2019est pas rare de trouver un pourcentage de chocolat noir parmi les ingr\u00e9dients des produits de beaut\u00e9. En effet, ses propri\u00e9t\u00e9s ont \u00e9t\u00e9 reconnues pour rendre la peau plus douce et plus \u00e9lastique, \u00e9vitant ainsi l\u2019apparition des premi\u00e8res rides.<\/li>\n<\/ul>\n<p>[\/et_pb_text][\/et_pb_column][\/et_pb_row][\/et_pb_section]<\/p>\n","protected":false},"excerpt":{"rendered":"<p><div class=\"breadcrumb\"><a href=\"https:\/\/www.granapadano.it\/fr-fr\/\">Home<\/a>  <  <\/div>Grana Padano AOP \u00ab R\u00e9serve \u00bb plus de 24 moisCacaoGrana Padano AOP \u00ab R\u00e9serve \u00bb plus de 24 mois et Bouch\u00e9es de gingembre confit enrob\u00e9es de poudre de cacao La confiserie de fruits et de fleurs est un processus complexe et long, mais tr\u00e8s utile car il permet de pr\u00e9server les caract\u00e9ristiques organoleptiques du produit [&hellip;]<\/p>\n","protected":false},"author":21,"featured_media":0,"parent":119060,"menu_order":327,"comment_status":"closed","ping_status":"closed","template":"","meta":{"_acf_changed":false,"_et_pb_use_builder":"on","_et_pb_old_content":"","_et_gb_content_width":"","footnotes":""},"class_list":["post-119173","page","type-page","status-publish","hentry"],"acf":[],"yoast_head":"<!-- This site is optimized with the Yoast SEO plugin v27.3 - https:\/\/yoast.com\/product\/yoast-seo-wordpress\/ -->\n<title>Grana Padano AOP \u00ab R\u00e9serve \u00bb plus de 24 mois et chocolat - Grana Padano<\/title>\n<meta name=\"robots\" content=\"index, follow, max-snippet:-1, max-image-preview:large, max-video-preview:-1\" \/>\n<link rel=\"canonical\" href=\"https:\/\/www.granapadano.it\/fr-fr\/degustation\/avec-quel-chocolat-associer-le-grana-padano-aop\/grana-padano-aop-reserve-plus-de-24-mois-et-chocolat\/\" \/>\n<meta property=\"og:locale\" content=\"fr_FR\" \/>\n<meta property=\"og:type\" content=\"article\" \/>\n<meta property=\"og:title\" content=\"Grana Padano AOP \u00ab R\u00e9serve \u00bb plus de 24 mois et chocolat - Grana Padano\" \/>\n<meta property=\"og:description\" content=\"Grana Padano AOP \u00ab R\u00e9serve \u00bb plus de 24 moisCacaoGrana Padano AOP \u00ab R\u00e9serve \u00bb plus de 24 mois et Bouch\u00e9es de gingembre confit enrob\u00e9es de poudre de cacao La confiserie de fruits et de fleurs est un processus complexe et long, mais tr\u00e8s utile car il permet de pr\u00e9server les caract\u00e9ristiques organoleptiques du produit [&hellip;]\" \/>\n<meta property=\"og:url\" content=\"https:\/\/www.granapadano.it\/fr-fr\/degustation\/avec-quel-chocolat-associer-le-grana-padano-aop\/grana-padano-aop-reserve-plus-de-24-mois-et-chocolat\/\" \/>\n<meta property=\"og:site_name\" content=\"Grana Padano\" \/>\n<meta property=\"article:modified_time\" content=\"2024-07-04T16:37:32+00:00\" \/>\n<meta name=\"twitter:card\" content=\"summary_large_image\" \/>\n<meta name=\"twitter:label1\" content=\"Est. reading time\" \/>\n\t<meta name=\"twitter:data1\" content=\"6 minutes\" \/>\n<script type=\"application\/ld+json\" class=\"yoast-schema-graph\">{\"@context\":\"https:\\\/\\\/schema.org\",\"@graph\":[{\"@type\":\"WebPage\",\"@id\":\"https:\\\/\\\/www.granapadano.it\\\/fr-fr\\\/degustation\\\/avec-quel-chocolat-associer-le-grana-padano-aop\\\/grana-padano-aop-reserve-plus-de-24-mois-et-chocolat\\\/\",\"url\":\"https:\\\/\\\/www.granapadano.it\\\/fr-fr\\\/degustation\\\/avec-quel-chocolat-associer-le-grana-padano-aop\\\/grana-padano-aop-reserve-plus-de-24-mois-et-chocolat\\\/\",\"name\":\"Grana Padano AOP \u00ab R\u00e9serve \u00bb plus de 24 mois et chocolat - Grana Padano\",\"isPartOf\":{\"@id\":\"https:\\\/\\\/www.granapadano.it\\\/fr-fr\\\/#website\"},\"datePublished\":\"2024-04-16T13:57:53+00:00\",\"dateModified\":\"2024-07-04T16:37:32+00:00\",\"breadcrumb\":{\"@id\":\"https:\\\/\\\/www.granapadano.it\\\/fr-fr\\\/degustation\\\/avec-quel-chocolat-associer-le-grana-padano-aop\\\/grana-padano-aop-reserve-plus-de-24-mois-et-chocolat\\\/#breadcrumb\"},\"inLanguage\":\"fr-fr\",\"potentialAction\":[{\"@type\":\"ReadAction\",\"target\":[\"https:\\\/\\\/www.granapadano.it\\\/fr-fr\\\/degustation\\\/avec-quel-chocolat-associer-le-grana-padano-aop\\\/grana-padano-aop-reserve-plus-de-24-mois-et-chocolat\\\/\"]}]},{\"@type\":\"BreadcrumbList\",\"@id\":\"https:\\\/\\\/www.granapadano.it\\\/fr-fr\\\/degustation\\\/avec-quel-chocolat-associer-le-grana-padano-aop\\\/grana-padano-aop-reserve-plus-de-24-mois-et-chocolat\\\/#breadcrumb\",\"itemListElement\":[{\"@type\":\"ListItem\",\"position\":1,\"name\":\"Home\",\"item\":\"https:\\\/\\\/www.granapadano.it\\\/fr-fr\\\/\"},{\"@type\":\"ListItem\",\"position\":2,\"name\":\"Recettes\",\"item\":\"https:\\\/\\\/www.granapadano.it\\\/fr-fr\\\/recettes\\\/\"},{\"@type\":\"ListItem\",\"position\":3,\"name\":\"Avec quel chocolat associer le Grana Padano AOP?\",\"item\":\"https:\\\/\\\/www.granapadano.it\\\/fr-fr\\\/degustation\\\/avec-quel-chocolat-associer-le-grana-padano-aop\\\/\"},{\"@type\":\"ListItem\",\"position\":4,\"name\":\"Grana Padano AOP \u00ab R\u00e9serve \u00bb plus de 24 mois et chocolat\"}]},{\"@type\":\"WebSite\",\"@id\":\"https:\\\/\\\/www.granapadano.it\\\/fr-fr\\\/#website\",\"url\":\"https:\\\/\\\/www.granapadano.it\\\/fr-fr\\\/\",\"name\":\"Grana Padano\",\"description\":\"\",\"potentialAction\":[{\"@type\":\"SearchAction\",\"target\":{\"@type\":\"EntryPoint\",\"urlTemplate\":\"https:\\\/\\\/www.granapadano.it\\\/fr-fr\\\/?s={search_term_string}\"},\"query-input\":{\"@type\":\"PropertyValueSpecification\",\"valueRequired\":true,\"valueName\":\"search_term_string\"}}],\"inLanguage\":\"fr-fr\"}]}<\/script>\n<!-- \/ Yoast SEO plugin. -->","yoast_head_json":{"title":"Grana Padano AOP \u00ab R\u00e9serve \u00bb plus de 24 mois et chocolat - Grana Padano","robots":{"index":"index","follow":"follow","max-snippet":"max-snippet:-1","max-image-preview":"max-image-preview:large","max-video-preview":"max-video-preview:-1"},"canonical":"https:\/\/www.granapadano.it\/fr-fr\/degustation\/avec-quel-chocolat-associer-le-grana-padano-aop\/grana-padano-aop-reserve-plus-de-24-mois-et-chocolat\/","og_locale":"fr_FR","og_type":"article","og_title":"Grana Padano AOP \u00ab R\u00e9serve \u00bb plus de 24 mois et chocolat - Grana Padano","og_description":"Grana Padano AOP \u00ab R\u00e9serve \u00bb plus de 24 moisCacaoGrana Padano AOP \u00ab R\u00e9serve \u00bb plus de 24 mois et Bouch\u00e9es de gingembre confit enrob\u00e9es de poudre de cacao La confiserie de fruits et de fleurs est un processus complexe et long, mais tr\u00e8s utile car il permet de pr\u00e9server les caract\u00e9ristiques organoleptiques du produit [&hellip;]","og_url":"https:\/\/www.granapadano.it\/fr-fr\/degustation\/avec-quel-chocolat-associer-le-grana-padano-aop\/grana-padano-aop-reserve-plus-de-24-mois-et-chocolat\/","og_site_name":"Grana Padano","article_modified_time":"2024-07-04T16:37:32+00:00","twitter_card":"summary_large_image","twitter_misc":{"Est. reading time":"6 minutes"},"schema":{"@context":"https:\/\/schema.org","@graph":[{"@type":"WebPage","@id":"https:\/\/www.granapadano.it\/fr-fr\/degustation\/avec-quel-chocolat-associer-le-grana-padano-aop\/grana-padano-aop-reserve-plus-de-24-mois-et-chocolat\/","url":"https:\/\/www.granapadano.it\/fr-fr\/degustation\/avec-quel-chocolat-associer-le-grana-padano-aop\/grana-padano-aop-reserve-plus-de-24-mois-et-chocolat\/","name":"Grana Padano AOP \u00ab R\u00e9serve \u00bb plus de 24 mois et chocolat - Grana Padano","isPartOf":{"@id":"https:\/\/www.granapadano.it\/fr-fr\/#website"},"datePublished":"2024-04-16T13:57:53+00:00","dateModified":"2024-07-04T16:37:32+00:00","breadcrumb":{"@id":"https:\/\/www.granapadano.it\/fr-fr\/degustation\/avec-quel-chocolat-associer-le-grana-padano-aop\/grana-padano-aop-reserve-plus-de-24-mois-et-chocolat\/#breadcrumb"},"inLanguage":"fr-fr","potentialAction":[{"@type":"ReadAction","target":["https:\/\/www.granapadano.it\/fr-fr\/degustation\/avec-quel-chocolat-associer-le-grana-padano-aop\/grana-padano-aop-reserve-plus-de-24-mois-et-chocolat\/"]}]},{"@type":"BreadcrumbList","@id":"https:\/\/www.granapadano.it\/fr-fr\/degustation\/avec-quel-chocolat-associer-le-grana-padano-aop\/grana-padano-aop-reserve-plus-de-24-mois-et-chocolat\/#breadcrumb","itemListElement":[{"@type":"ListItem","position":1,"name":"Home","item":"https:\/\/www.granapadano.it\/fr-fr\/"},{"@type":"ListItem","position":2,"name":"Recettes","item":"https:\/\/www.granapadano.it\/fr-fr\/recettes\/"},{"@type":"ListItem","position":3,"name":"Avec quel chocolat associer le Grana Padano AOP?","item":"https:\/\/www.granapadano.it\/fr-fr\/degustation\/avec-quel-chocolat-associer-le-grana-padano-aop\/"},{"@type":"ListItem","position":4,"name":"Grana Padano AOP \u00ab R\u00e9serve \u00bb plus de 24 mois et chocolat"}]},{"@type":"WebSite","@id":"https:\/\/www.granapadano.it\/fr-fr\/#website","url":"https:\/\/www.granapadano.it\/fr-fr\/","name":"Grana Padano","description":"","potentialAction":[{"@type":"SearchAction","target":{"@type":"EntryPoint","urlTemplate":"https:\/\/www.granapadano.it\/fr-fr\/?s={search_term_string}"},"query-input":{"@type":"PropertyValueSpecification","valueRequired":true,"valueName":"search_term_string"}}],"inLanguage":"fr-fr"}]}},"_links":{"self":[{"href":"https:\/\/www.granapadano.it\/fr-fr\/wp-json\/wp\/v2\/pages\/119173","targetHints":{"allow":["GET"]}}],"collection":[{"href":"https:\/\/www.granapadano.it\/fr-fr\/wp-json\/wp\/v2\/pages"}],"about":[{"href":"https:\/\/www.granapadano.it\/fr-fr\/wp-json\/wp\/v2\/types\/page"}],"author":[{"embeddable":true,"href":"https:\/\/www.granapadano.it\/fr-fr\/wp-json\/wp\/v2\/users\/21"}],"replies":[{"embeddable":true,"href":"https:\/\/www.granapadano.it\/fr-fr\/wp-json\/wp\/v2\/comments?post=119173"}],"version-history":[{"count":2,"href":"https:\/\/www.granapadano.it\/fr-fr\/wp-json\/wp\/v2\/pages\/119173\/revisions"}],"predecessor-version":[{"id":121863,"href":"https:\/\/www.granapadano.it\/fr-fr\/wp-json\/wp\/v2\/pages\/119173\/revisions\/121863"}],"up":[{"embeddable":true,"href":"https:\/\/www.granapadano.it\/fr-fr\/wp-json\/wp\/v2\/pages\/119060"}],"wp:attachment":[{"href":"https:\/\/www.granapadano.it\/fr-fr\/wp-json\/wp\/v2\/media?parent=119173"}],"curies":[{"name":"wp","href":"https:\/\/api.w.org\/{rel}","templated":true}]}}