{"id":119156,"date":"2024-04-16T12:53:43","date_gmt":"2024-04-16T12:53:43","guid":{"rendered":"https:\/\/www.granapadano.it\/degustation\/abbinamenti\/con-quale-cioccolato-abbinare-grana-padano\/come-abbinare-grana-padano-16-20-mesi-e-il-cioccolato\/"},"modified":"2024-07-04T16:22:11","modified_gmt":"2024-07-04T16:22:11","slug":"grana-padano-dop-16-20-mois-et-chocolat","status":"publish","type":"page","link":"https:\/\/www.granapadano.it\/fr-fr\/degustation\/avec-quel-chocolat-associer-le-grana-padano-aop\/grana-padano-dop-16-20-mois-et-chocolat\/","title":{"rendered":"Grana Padano DOP 16-20 mois et chocolat"},"content":{"rendered":"<p>[et_pb_section fb_built=&#8221;1&#8243; fullwidth=&#8221;on&#8221; _builder_version=&#8221;4.19.5&#8243; _module_preset=&#8221;default&#8221; global_colors_info=&#8221;{}&#8221;][et_pb_fullwidth_image src=&#8221;https:\/\/www.granapadano.it\/wp-content\/uploads\/2024\/04\/Grana-Padano-e-Cioccolato-h.jpg&#8221; title_text=&#8221;Grana-Padano-e-Cioccolato-m&#8221; src_tablet=&#8221;https:\/\/www.granapadano.it\/wp-content\/uploads\/2024\/04\/Grana-Padano-e-Cioccolato-h.jpg&#8221; src_phone=&#8221;https:\/\/www.granapadano.it\/wp-content\/uploads\/2024\/04\/Grana-Padano-e-Cioccolato-m.jpg&#8221; src_last_edited=&#8221;on|phone&#8221; _builder_version=&#8221;4.24.3&#8243; _module_preset=&#8221;default&#8221; locked=&#8221;off&#8221; global_colors_info=&#8221;{}&#8221;][\/et_pb_fullwidth_image][\/et_pb_section][et_pb_section fb_built=&#8221;1&#8243; module_class=&#8221;production_sub_hub_main_wrapper&#8221; _builder_version=&#8221;4.19.4&#8243; _module_preset=&#8221;default&#8221; custom_padding=&#8221;13px||0px|||&#8221; locked=&#8221;off&#8221; global_colors_info=&#8221;{}&#8221;][et_pb_row module_class=&#8221;recipe_filter_section&#8221; _builder_version=&#8221;4.19.2&#8243; _module_preset=&#8221;default&#8221; max_width=&#8221;90%&#8221; custom_padding=&#8221;||7px|||&#8221; global_colors_info=&#8221;{}&#8221;][et_pb_column type=&#8221;4_4&#8243; _builder_version=&#8221;4.19.2&#8243; _module_preset=&#8221;default&#8221; global_colors_info=&#8221;{}&#8221;][et_pb_code _builder_version=&#8221;4.19.2&#8243; _module_preset=&#8221;default&#8221; custom_margin=&#8221;||16px|||&#8221; global_colors_info=&#8221;{}&#8221;]<div class=\"breadcrumb\"><a href=\"https:\/\/www.granapadano.it\/fr-fr\/\">Home<\/a>  <  <\/div>[\/et_pb_code][\/et_pb_column][\/et_pb_row][\/et_pb_section][et_pb_section fb_built=&#8221;1&#8243; module_class=&#8221;giovani_sub_hub_title&#8221; _builder_version=&#8221;4.19.5&#8243; _module_preset=&#8221;default&#8221; custom_padding=&#8221;0px||35px||false|false&#8221; locked=&#8221;off&#8221; global_colors_info=&#8221;{}&#8221;][et_pb_row module_class=&#8221;gp_producion_heading_wrapper&#8221; _builder_version=&#8221;4.19.5&#8243; _module_preset=&#8221;default&#8221; max_width=&#8221;90%&#8221; module_alignment=&#8221;center&#8221; custom_padding=&#8221;||||false|false&#8221; global_colors_info=&#8221;{}&#8221;][et_pb_column type=&#8221;4_4&#8243; _builder_version=&#8221;4.19.4&#8243; _module_preset=&#8221;default&#8221; global_colors_info=&#8221;{}&#8221;][et_pb_text module_class=&#8221;giovani_sub_hub_title_text&#8221; _builder_version=&#8221;4.24.3&#8243; _module_preset=&#8221;default&#8221; text_font=&#8221;Merriweather|700|||||||&#8221; text_text_color=&#8221;#0f0f0f&#8221; text_font_size=&#8221;80px&#8221; text_line_height=&#8221;70px&#8221; header_font=&#8221;Merriweather||||||||&#8221; header_text_color=&#8221;gcid-8696fd7e-29dd-4028-9d4d-981b208a53a9&#8243; header_font_size=&#8221;44px&#8221; header_line_height=&#8221;52px&#8221; text_orientation=&#8221;center&#8221; min_height=&#8221;83px&#8221; custom_margin=&#8221;||0px||false|false&#8221; custom_padding=&#8221;||0px||false|false&#8221; hover_enabled=&#8221;0&#8243; global_colors_info=&#8221;{%22gcid-8696fd7e-29dd-4028-9d4d-981b208a53a9%22:%91%22header_text_color%22%93}&#8221; sticky_enabled=&#8221;0&#8243;]<\/p>\n<h1>Grana Padano AOP 16-20 mois<\/h1>\n<p>[\/et_pb_text][\/et_pb_column][\/et_pb_row][et_pb_row column_structure=&#8221;1_4,3_4&#8243; module_class=&#8221;article_dates&#8221; _builder_version=&#8221;4.19.4&#8243; _module_preset=&#8221;default&#8221; max_width=&#8221;90%&#8221; custom_padding=&#8221;2px||6px||false|false&#8221; global_colors_info=&#8221;{}&#8221;][et_pb_column type=&#8221;1_4&#8243; _builder_version=&#8221;4.19.3&#8243; _module_preset=&#8221;default&#8221; global_colors_info=&#8221;{}&#8221;][et_pb_text module_class=&#8221;button_look&#8221; _builder_version=&#8221;4.24.3&#8243; _module_preset=&#8221;default&#8221; text_font=&#8221;FontPadano-Bold||||||||&#8221; text_text_color=&#8221;#000000&#8243; text_font_size=&#8221;26px&#8221; background_color=&#8221;RGBA(255,255,255,0)&#8221; locked=&#8221;off&#8221; global_colors_info=&#8221;{}&#8221;]<\/p>\n<p>Cacao<\/p>\n<p>[\/et_pb_text][\/et_pb_column][et_pb_column type=&#8221;3_4&#8243; _builder_version=&#8221;4.19.4&#8243; _module_preset=&#8221;default&#8221; global_colors_info=&#8221;{}&#8221;][\/et_pb_column][\/et_pb_row][et_pb_row column_structure=&#8221;2_5,3_5&#8243; module_class=&#8221;article_sub_img_text_content &#8221; _builder_version=&#8221;4.24.3&#8243; _module_preset=&#8221;default&#8221; max_width=&#8221;90%&#8221; module_alignment=&#8221;center&#8221; min_height=&#8221;902.9px&#8221; custom_margin=&#8221;0px||0px||false|false&#8221; custom_padding=&#8221;0px||0px||false|false&#8221; global_colors_info=&#8221;{}&#8221;][et_pb_column type=&#8221;2_5&#8243; module_class=&#8221;article_sub_img_wrap&#8221; _builder_version=&#8221;4.20.2&#8243; _module_preset=&#8221;default&#8221; global_colors_info=&#8221;{}&#8221;][et_pb_image src=&#8221;https:\/\/www.granapadano.it\/wp-content\/uploads\/2024\/04\/GP-CIOCCOLATO-ARANCIA-16-20.jpg&#8221; title_text=&#8221;GP-CIOCCOLATO-ARANCIA-16-20&#8243; align=&#8221;center&#8221; _builder_version=&#8221;4.24.3&#8243; _module_preset=&#8221;default&#8221; positioning=&#8221;relative&#8221; vertical_offset=&#8221;63px&#8221; module_alignment=&#8221;center&#8221; border_radii=&#8221;on|20px|20px|20px|20px&#8221; global_colors_info=&#8221;{}&#8221;][\/et_pb_image][\/et_pb_column][et_pb_column type=&#8221;3_5&#8243; module_class=&#8221;article_sub_text_wrap&#8221; _builder_version=&#8221;4.20.2&#8243; _module_preset=&#8221;default&#8221; global_colors_info=&#8221;{}&#8221;][et_pb_text _builder_version=&#8221;4.24.3&#8243; _module_preset=&#8221;default&#8221; text_text_color=&#8221;#0f0f0f&#8221; text_font_size=&#8221;18px&#8221; text_line_height=&#8221;26px&#8221; width=&#8221;100%&#8221; custom_margin=&#8221;||0px||false|false&#8221; hover_enabled=&#8221;0&#8243; global_colors_info=&#8221;{}&#8221; sticky_enabled=&#8221;0&#8243;]<\/p>\n<h3>Grana Padano DOP 16-20 mois et chocolat de Modica IGP (50 %) aux \u00e9corces d\u2019oranges<\/h3>\n<\/p>\n<p>La production du chocolat de Modica est bas\u00e9e sur une recette sp\u00e9ciale avec des ingr\u00e9dients essentiels tels que la p\u00e2te de cacao amer et les cristaux de sucre qui lui conf\u00e8rent sa texture granuleuse typique et facilement reconnaissable.<br \/>\nGr\u00e2ce \u00e0 sa friabilit\u00e9 inattendue, le chocolat de Modica offre des sensations agr\u00e9ables lors de la mastication : sa structure \u00ab grossi\u00e8re \u00bb et non homog\u00e8ne permet d\u2019alterner en bouche les notes am\u00e8res et torr\u00e9fi\u00e9es apport\u00e9es par le cacao et les notes douces lentement lib\u00e9r\u00e9es par les cristaux de sucre.<\/p>\n<p>\u00c0 cette occasion, nous avons voulu accompagner le Grana Padano AOP 16-20 mois de chocolat de Modica aromatis\u00e9 avec de petits morceaux d\u2019\u00e9corces d\u2019oranges confites. Cet ingr\u00e9dient, caract\u00e9ris\u00e9 par des notes d\u2019agrumes frais, de fruits secs et d\u2019ar\u00f4mes exotiques, associ\u00e9 au cacao et au sucre, est non seulement en mesure de conserver les caract\u00e9ristiques du Grana Padano AOP 16-20 mois, mais aussi d\u2019exalter les ar\u00f4mes plus d\u00e9licats de beurre et de lait cuit.<br \/>\nL\u2019association est \u00e9galement tr\u00e8s pertinente d\u2019un point de vue structurel, car la granulom\u00e9trie &#8211; pas encore \u00e9lev\u00e9e &#8211; du copeau de Grana Padano AOP 16-20 mois prend vie dans un jeu d\u2019alternance avec les cristaux de sucre : dans ce cas, le fromage constitue le composant \u00ab doux \u00bb contrastant avec la structure \u00ab importante \u00bb du chocolat.<br \/>\nEn conclusion, il s\u2019agit d\u2019une combinaison o\u00f9 la fra\u00eecheur des agrumes des fruits confits accompagne et soutient les notes plus marqu\u00e9es du Grana Padano AOP ; aucun des deux produits n\u2019en sort perdant, au contraire, ils s\u2019enrichissent tous deux mutuellement.<br \/>\n<\/strong>.<\/p>\n<p><strong>Le saviez-vous ? <\/strong><\/p>\n<ul>\n<li>En fonction du pourcentage de cacao utilis\u00e9, le chocolat de Modica est ainsi d\u00e9fini:<br \/>\n&#8211;\tChocolat noir de Modica (de 50 % minimum \u00e0 75 %)<br \/>\n&#8211;\tChocolat de Modica extra noir (entre 75 % et 85 %)<br \/>\n&#8211;\tChocolat de Modica extra amer (entre 85 % et 95 %)<br \/>\n&#8211;\tChocolat de Modica pur, avec une teneur en cacao sup\u00e9rieure \u00e0 95 %\n<\/li>\n<li>La premi\u00e8re version du chocolat que l\u2019on d\u00e9nommera plus tard \u00ab de Modica \u00bb a \u00e9t\u00e9 produite en 1519 gr\u00e2ce aux Espagnols qui ont import\u00e9 les premi\u00e8res f\u00e8ves de cacao en Sicile. \u00c0 cette occasion, les Espagnols ont introduit, dans ce qui s\u2019appelait alors le \u00ab comt\u00e9 de Modica \u00bb, les anciennes coutumes azt\u00e8ques de transformation du cacao. En 1880, Francesco Bonajuto, suivant l\u2019ancienne m\u00e9thode de transformation, a ouvert la premi\u00e8re confiserie sp\u00e9cialis\u00e9e dans la production de chocolat de Modica.<\/li>\n<li>Aujourd\u2019hui encore, le chocolat de Modica est produit selon l\u2019ancienne technique azt\u00e8que de transformation \u00e0 froid sans \u00ab conchage \u00bb : la masse de cacao est travaill\u00e9e \u00e0 \u00ab basse temp\u00e9rature \u00bb (entre 35\u00b0C et 45\u00b0C) avec l\u2019ajout de sucre en poudre qui, ne pouvant pas fondre, est responsable de la \u00ab rugosit\u00e9 \u00bb caract\u00e9ristique en bouche.<\/li>\n<\/ul>\n<p>[\/et_pb_text][\/et_pb_column][\/et_pb_row][et_pb_row column_structure=&#8221;2_5,3_5&#8243; module_class=&#8221;article_sub_img_text_content_left&#8221; _builder_version=&#8221;4.24.3&#8243; _module_preset=&#8221;default&#8221; max_width=&#8221;94%&#8221; custom_padding=&#8221;20px||30px||false|false&#8221; border_color_top=&#8221;RGBA(255,255,255,0)&#8221; locked=&#8221;off&#8221; global_colors_info=&#8221;{}&#8221;][et_pb_column type=&#8221;2_5&#8243; module_class=&#8221;article_sub_img_wrap_left&#8221; _builder_version=&#8221;4.20.2&#8243; _module_preset=&#8221;default&#8221; global_colors_info=&#8221;{}&#8221;][et_pb_image src=&#8221;https:\/\/www.granapadano.it\/wp-content\/uploads\/2024\/04\/gp-dark-chocolate.jpg&#8221; title_text=&#8221;gp-dark-chocolate&#8221; align=&#8221;center&#8221; show_bottom_space_tablet=&#8221;on&#8221; show_bottom_space_last_edited=&#8221;off|phone&#8221; _builder_version=&#8221;4.24.3&#8243; _module_preset=&#8221;default&#8221; custom_margin=&#8221;||0px||false|false&#8221; custom_margin_tablet=&#8221;30px||||false|false&#8221; custom_margin_phone=&#8221;30px||||false|false&#8221; custom_margin_last_edited=&#8221;on|desktop&#8221; custom_padding=&#8221;0px||0px||false|false&#8221; border_radii=&#8221;on|20px|20px|20px|20px&#8221; global_colors_info=&#8221;{}&#8221;][\/et_pb_image][\/et_pb_column][et_pb_column type=&#8221;3_5&#8243; module_class=&#8221;article_sub_text_wrap_left&#8221; _builder_version=&#8221;4.20.2&#8243; _module_preset=&#8221;default&#8221; global_colors_info=&#8221;{}&#8221;][et_pb_text _builder_version=&#8221;4.24.3&#8243; _module_preset=&#8221;default&#8221; text_font=&#8221;Merriweather|300|||||||&#8221; text_text_color=&#8221;#0f0f0f&#8221; text_font_size=&#8221;18px&#8221; text_line_height=&#8221;26px&#8221; width=&#8221;97.1%&#8221; custom_margin=&#8221;|||0px|false|false&#8221; hover_enabled=&#8221;0&#8243; global_colors_info=&#8221;{}&#8221; sticky_enabled=&#8221;0&#8243;]<\/p>\n<h3><strong>Grana Padano AOP 16-20 mois et chocolat noir 70 %<\/strong><\/h3>\n<\/p>\n<p><span>Pour un bon compromis, mais surtout pour ceux qui aiment la tradition, nous sugg\u00e9rons d\u2019associer le Grana Padano AOP 16-20 mois \u00e0 une tablette de chocolat noir (70 % de cacao) au go\u00fbt fort mais \u00e0 l\u2019amertume non perturbante.<br \/>\nNous invitons \u00e9galement ceux qui osent exp\u00e9rimenter \u00e0 rechercher et \u00e0 acheter un chocolat monovari\u00e9tal avec du cacao de type \u00ab criollo \u00bb du Venezuela : il s\u2019agit en effet d\u2019un cacao caract\u00e9ris\u00e9 par un spectre aromatique riche, capable de lib\u00e9rer en bouche de l\u00e9g\u00e8res notes de beurre fondu et de fruits secs, accompagn\u00e9es, dans certains cas, de d\u00e9licats ar\u00f4mes de vanille l\u00e9g\u00e8rement \u00e9pic\u00e9e.<br \/>\nTout au long de cette combinaison, le chocolat et le Grana Padano AOP 16-20 mois conservent leur identit\u00e9 propre dans un agr\u00e9able jeu d\u2019alternance de notes am\u00e8res et beurr\u00e9es ; m\u00eame apr\u00e8s la d\u00e9glutition &#8211; au niveau de l\u2019arri\u00e8re-go\u00fbt &#8211; la composante am\u00e8re du cacao suit et alterne avec la composante sal\u00e9e du copeau de Grana Padano AOP d\u2019une mani\u00e8re intrigante. D\u2019un point de vue structurel, le chocolat fondant enveloppe et accompagne agr\u00e9ablement le Grana Padano AOP caract\u00e9ris\u00e9 par sa granularit\u00e9 typique. En conclusion, il s\u2019agit d\u2019une combinaison r\u00e9ussie qui met en valeur les deux produits.<br \/>\n<\/span>[\/et_pb_text][\/et_pb_column][\/et_pb_row][\/et_pb_section]<\/p>\n","protected":false},"excerpt":{"rendered":"<p><div class=\"breadcrumb\"><a href=\"https:\/\/www.granapadano.it\/fr-fr\/\">Home<\/a>  <  <\/div>Grana Padano AOP 16-20 moisCacaoGrana Padano DOP 16-20 mois et chocolat de Modica IGP (50 %) aux \u00e9corces d\u2019oranges La production du chocolat de Modica est bas\u00e9e sur une recette sp\u00e9ciale avec des ingr\u00e9dients essentiels tels que la p\u00e2te de cacao amer et les cristaux de sucre qui lui conf\u00e8rent sa texture granuleuse typique et [&hellip;]<\/p>\n","protected":false},"author":21,"featured_media":0,"parent":119060,"menu_order":339,"comment_status":"closed","ping_status":"closed","template":"","meta":{"_acf_changed":false,"_et_pb_use_builder":"on","_et_pb_old_content":"","_et_gb_content_width":"","footnotes":""},"class_list":["post-119156","page","type-page","status-publish","hentry"],"acf":[],"yoast_head":"<!-- This site is optimized with the Yoast SEO plugin v27.2 - https:\/\/yoast.com\/product\/yoast-seo-wordpress\/ -->\n<title>Grana Padano DOP 16-20 mois et chocolat - Grana Padano<\/title>\n<meta name=\"robots\" content=\"index, follow, max-snippet:-1, max-image-preview:large, max-video-preview:-1\" \/>\n<link rel=\"canonical\" href=\"https:\/\/www.granapadano.it\/fr-fr\/degustation\/avec-quel-chocolat-associer-le-grana-padano-aop\/grana-padano-dop-16-20-mois-et-chocolat\/\" \/>\n<meta property=\"og:locale\" content=\"fr_FR\" \/>\n<meta property=\"og:type\" content=\"article\" \/>\n<meta property=\"og:title\" content=\"Grana Padano DOP 16-20 mois et chocolat - Grana Padano\" \/>\n<meta property=\"og:description\" content=\"Grana Padano AOP 16-20 moisCacaoGrana Padano DOP 16-20 mois et chocolat de Modica IGP (50 %) aux \u00e9corces d\u2019oranges La production du chocolat de Modica est bas\u00e9e sur une recette sp\u00e9ciale avec des ingr\u00e9dients essentiels tels que la p\u00e2te de cacao amer et les cristaux de sucre qui lui conf\u00e8rent sa texture granuleuse typique et [&hellip;]\" \/>\n<meta property=\"og:url\" content=\"https:\/\/www.granapadano.it\/fr-fr\/degustation\/avec-quel-chocolat-associer-le-grana-padano-aop\/grana-padano-dop-16-20-mois-et-chocolat\/\" \/>\n<meta property=\"og:site_name\" content=\"Grana Padano\" \/>\n<meta property=\"article:modified_time\" content=\"2024-07-04T16:22:11+00:00\" \/>\n<meta name=\"twitter:card\" content=\"summary_large_image\" \/>\n<meta name=\"twitter:label1\" content=\"Est. reading time\" \/>\n\t<meta name=\"twitter:data1\" content=\"5 minutes\" \/>\n<script type=\"application\/ld+json\" class=\"yoast-schema-graph\">{\"@context\":\"https:\/\/schema.org\",\"@graph\":[{\"@type\":\"WebPage\",\"@id\":\"https:\/\/www.granapadano.it\/fr-fr\/degustation\/avec-quel-chocolat-associer-le-grana-padano-aop\/grana-padano-dop-16-20-mois-et-chocolat\/\",\"url\":\"https:\/\/www.granapadano.it\/fr-fr\/degustation\/avec-quel-chocolat-associer-le-grana-padano-aop\/grana-padano-dop-16-20-mois-et-chocolat\/\",\"name\":\"Grana Padano DOP 16-20 mois et chocolat - Grana Padano\",\"isPartOf\":{\"@id\":\"https:\/\/www.granapadano.it\/fr-fr\/#website\"},\"datePublished\":\"2024-04-16T12:53:43+00:00\",\"dateModified\":\"2024-07-04T16:22:11+00:00\",\"breadcrumb\":{\"@id\":\"https:\/\/www.granapadano.it\/fr-fr\/degustation\/avec-quel-chocolat-associer-le-grana-padano-aop\/grana-padano-dop-16-20-mois-et-chocolat\/#breadcrumb\"},\"inLanguage\":\"fr-fr\",\"potentialAction\":[{\"@type\":\"ReadAction\",\"target\":[\"https:\/\/www.granapadano.it\/fr-fr\/degustation\/avec-quel-chocolat-associer-le-grana-padano-aop\/grana-padano-dop-16-20-mois-et-chocolat\/\"]}]},{\"@type\":\"BreadcrumbList\",\"@id\":\"https:\/\/www.granapadano.it\/fr-fr\/degustation\/avec-quel-chocolat-associer-le-grana-padano-aop\/grana-padano-dop-16-20-mois-et-chocolat\/#breadcrumb\",\"itemListElement\":[{\"@type\":\"ListItem\",\"position\":1,\"name\":\"Home\",\"item\":\"https:\/\/www.granapadano.it\/fr-fr\/\"},{\"@type\":\"ListItem\",\"position\":2,\"name\":\"Recettes\",\"item\":\"https:\/\/www.granapadano.it\/fr-fr\/recettes\/\"},{\"@type\":\"ListItem\",\"position\":3,\"name\":\"Avec quel chocolat associer le Grana Padano AOP?\",\"item\":\"https:\/\/www.granapadano.it\/fr-fr\/degustation\/avec-quel-chocolat-associer-le-grana-padano-aop\/\"},{\"@type\":\"ListItem\",\"position\":4,\"name\":\"Grana Padano DOP 16-20 mois et chocolat\"}]},{\"@type\":\"WebSite\",\"@id\":\"https:\/\/www.granapadano.it\/fr-fr\/#website\",\"url\":\"https:\/\/www.granapadano.it\/fr-fr\/\",\"name\":\"Grana Padano\",\"description\":\"\",\"potentialAction\":[{\"@type\":\"SearchAction\",\"target\":{\"@type\":\"EntryPoint\",\"urlTemplate\":\"https:\/\/www.granapadano.it\/fr-fr\/?s={search_term_string}\"},\"query-input\":{\"@type\":\"PropertyValueSpecification\",\"valueRequired\":true,\"valueName\":\"search_term_string\"}}],\"inLanguage\":\"fr-fr\"}]}<\/script>\n<!-- \/ Yoast SEO plugin. -->","yoast_head_json":{"title":"Grana Padano DOP 16-20 mois et chocolat - Grana Padano","robots":{"index":"index","follow":"follow","max-snippet":"max-snippet:-1","max-image-preview":"max-image-preview:large","max-video-preview":"max-video-preview:-1"},"canonical":"https:\/\/www.granapadano.it\/fr-fr\/degustation\/avec-quel-chocolat-associer-le-grana-padano-aop\/grana-padano-dop-16-20-mois-et-chocolat\/","og_locale":"fr_FR","og_type":"article","og_title":"Grana Padano DOP 16-20 mois et chocolat - Grana Padano","og_description":"Grana Padano AOP 16-20 moisCacaoGrana Padano DOP 16-20 mois et chocolat de Modica IGP (50 %) aux \u00e9corces d\u2019oranges La production du chocolat de Modica est bas\u00e9e sur une recette sp\u00e9ciale avec des ingr\u00e9dients essentiels tels que la p\u00e2te de cacao amer et les cristaux de sucre qui lui conf\u00e8rent sa texture granuleuse typique et [&hellip;]","og_url":"https:\/\/www.granapadano.it\/fr-fr\/degustation\/avec-quel-chocolat-associer-le-grana-padano-aop\/grana-padano-dop-16-20-mois-et-chocolat\/","og_site_name":"Grana Padano","article_modified_time":"2024-07-04T16:22:11+00:00","twitter_card":"summary_large_image","twitter_misc":{"Est. reading time":"5 minutes"},"schema":{"@context":"https:\/\/schema.org","@graph":[{"@type":"WebPage","@id":"https:\/\/www.granapadano.it\/fr-fr\/degustation\/avec-quel-chocolat-associer-le-grana-padano-aop\/grana-padano-dop-16-20-mois-et-chocolat\/","url":"https:\/\/www.granapadano.it\/fr-fr\/degustation\/avec-quel-chocolat-associer-le-grana-padano-aop\/grana-padano-dop-16-20-mois-et-chocolat\/","name":"Grana Padano DOP 16-20 mois et chocolat - Grana Padano","isPartOf":{"@id":"https:\/\/www.granapadano.it\/fr-fr\/#website"},"datePublished":"2024-04-16T12:53:43+00:00","dateModified":"2024-07-04T16:22:11+00:00","breadcrumb":{"@id":"https:\/\/www.granapadano.it\/fr-fr\/degustation\/avec-quel-chocolat-associer-le-grana-padano-aop\/grana-padano-dop-16-20-mois-et-chocolat\/#breadcrumb"},"inLanguage":"fr-fr","potentialAction":[{"@type":"ReadAction","target":["https:\/\/www.granapadano.it\/fr-fr\/degustation\/avec-quel-chocolat-associer-le-grana-padano-aop\/grana-padano-dop-16-20-mois-et-chocolat\/"]}]},{"@type":"BreadcrumbList","@id":"https:\/\/www.granapadano.it\/fr-fr\/degustation\/avec-quel-chocolat-associer-le-grana-padano-aop\/grana-padano-dop-16-20-mois-et-chocolat\/#breadcrumb","itemListElement":[{"@type":"ListItem","position":1,"name":"Home","item":"https:\/\/www.granapadano.it\/fr-fr\/"},{"@type":"ListItem","position":2,"name":"Recettes","item":"https:\/\/www.granapadano.it\/fr-fr\/recettes\/"},{"@type":"ListItem","position":3,"name":"Avec quel chocolat associer le Grana Padano AOP?","item":"https:\/\/www.granapadano.it\/fr-fr\/degustation\/avec-quel-chocolat-associer-le-grana-padano-aop\/"},{"@type":"ListItem","position":4,"name":"Grana Padano DOP 16-20 mois et chocolat"}]},{"@type":"WebSite","@id":"https:\/\/www.granapadano.it\/fr-fr\/#website","url":"https:\/\/www.granapadano.it\/fr-fr\/","name":"Grana Padano","description":"","potentialAction":[{"@type":"SearchAction","target":{"@type":"EntryPoint","urlTemplate":"https:\/\/www.granapadano.it\/fr-fr\/?s={search_term_string}"},"query-input":{"@type":"PropertyValueSpecification","valueRequired":true,"valueName":"search_term_string"}}],"inLanguage":"fr-fr"}]}},"_links":{"self":[{"href":"https:\/\/www.granapadano.it\/fr-fr\/wp-json\/wp\/v2\/pages\/119156","targetHints":{"allow":["GET"]}}],"collection":[{"href":"https:\/\/www.granapadano.it\/fr-fr\/wp-json\/wp\/v2\/pages"}],"about":[{"href":"https:\/\/www.granapadano.it\/fr-fr\/wp-json\/wp\/v2\/types\/page"}],"author":[{"embeddable":true,"href":"https:\/\/www.granapadano.it\/fr-fr\/wp-json\/wp\/v2\/users\/21"}],"replies":[{"embeddable":true,"href":"https:\/\/www.granapadano.it\/fr-fr\/wp-json\/wp\/v2\/comments?post=119156"}],"version-history":[{"count":2,"href":"https:\/\/www.granapadano.it\/fr-fr\/wp-json\/wp\/v2\/pages\/119156\/revisions"}],"predecessor-version":[{"id":121853,"href":"https:\/\/www.granapadano.it\/fr-fr\/wp-json\/wp\/v2\/pages\/119156\/revisions\/121853"}],"up":[{"embeddable":true,"href":"https:\/\/www.granapadano.it\/fr-fr\/wp-json\/wp\/v2\/pages\/119060"}],"wp:attachment":[{"href":"https:\/\/www.granapadano.it\/fr-fr\/wp-json\/wp\/v2\/media?parent=119156"}],"curies":[{"name":"wp","href":"https:\/\/api.w.org\/{rel}","templated":true}]}}