{"id":119130,"date":"2024-04-16T10:27:28","date_gmt":"2024-04-16T10:27:28","guid":{"rendered":"https:\/\/www.granapadano.it\/degustation\/abbinamenti\/con-quale-cioccolato-abbinare-grana-padano\/come-abbinare-grana-padano-9-16-mesi-e-il-cioccolato\/"},"modified":"2024-07-04T16:14:07","modified_gmt":"2024-07-04T16:14:07","slug":"grana-padano-aop-9-16-mois-et-chocolat","status":"publish","type":"page","link":"https:\/\/www.granapadano.it\/fr-fr\/degustation\/avec-quel-chocolat-associer-le-grana-padano-aop\/grana-padano-aop-9-16-mois-et-chocolat\/","title":{"rendered":"Grana Padano AOP 9-16 mois et Chocolat"},"content":{"rendered":"<p>[et_pb_section fb_built=&#8221;1&#8243; fullwidth=&#8221;on&#8221; _builder_version=&#8221;4.19.5&#8243; _module_preset=&#8221;default&#8221; global_colors_info=&#8221;{}&#8221;][et_pb_fullwidth_image src=&#8221;https:\/\/www.granapadano.it\/wp-content\/uploads\/2024\/04\/Grana-Padano-e-Cioccolato-h.jpg&#8221; title_text=&#8221;Grana-Padano-e-Cioccolato-m&#8221; src_tablet=&#8221;https:\/\/www.granapadano.it\/wp-content\/uploads\/2024\/04\/Grana-Padano-e-Cioccolato-h.jpg&#8221; src_phone=&#8221;https:\/\/www.granapadano.it\/wp-content\/uploads\/2024\/04\/Grana-Padano-e-Cioccolato-m.jpg&#8221; src_last_edited=&#8221;on|phone&#8221; _builder_version=&#8221;4.24.3&#8243; _module_preset=&#8221;default&#8221; locked=&#8221;off&#8221; global_colors_info=&#8221;{}&#8221;][\/et_pb_fullwidth_image][\/et_pb_section][et_pb_section fb_built=&#8221;1&#8243; module_class=&#8221;production_sub_hub_main_wrapper&#8221; _builder_version=&#8221;4.19.4&#8243; _module_preset=&#8221;default&#8221; custom_padding=&#8221;13px||0px|||&#8221; locked=&#8221;off&#8221; global_colors_info=&#8221;{}&#8221;][et_pb_row module_class=&#8221;recipe_filter_section&#8221; _builder_version=&#8221;4.19.2&#8243; _module_preset=&#8221;default&#8221; max_width=&#8221;90%&#8221; custom_padding=&#8221;||7px|||&#8221; global_colors_info=&#8221;{}&#8221;][et_pb_column type=&#8221;4_4&#8243; _builder_version=&#8221;4.19.2&#8243; _module_preset=&#8221;default&#8221; global_colors_info=&#8221;{}&#8221;][et_pb_code _builder_version=&#8221;4.19.2&#8243; _module_preset=&#8221;default&#8221; custom_margin=&#8221;||16px|||&#8221; global_colors_info=&#8221;{}&#8221;]<div class=\"breadcrumb\"><a href=\"https:\/\/www.granapadano.it\/fr-fr\/\">Home<\/a>  <  <\/div>[\/et_pb_code][\/et_pb_column][\/et_pb_row][\/et_pb_section][et_pb_section fb_built=&#8221;1&#8243; module_class=&#8221;giovani_sub_hub_title&#8221; _builder_version=&#8221;4.19.5&#8243; _module_preset=&#8221;default&#8221; custom_padding=&#8221;0px||35px||false|false&#8221; locked=&#8221;off&#8221; global_colors_info=&#8221;{}&#8221;][et_pb_row module_class=&#8221;gp_producion_heading_wrapper&#8221; _builder_version=&#8221;4.19.5&#8243; _module_preset=&#8221;default&#8221; max_width=&#8221;90%&#8221; module_alignment=&#8221;center&#8221; custom_padding=&#8221;||||false|false&#8221; global_colors_info=&#8221;{}&#8221;][et_pb_column type=&#8221;4_4&#8243; _builder_version=&#8221;4.19.4&#8243; _module_preset=&#8221;default&#8221; global_colors_info=&#8221;{}&#8221;][et_pb_text module_class=&#8221;giovani_sub_hub_title_text&#8221; _builder_version=&#8221;4.24.3&#8243; _module_preset=&#8221;default&#8221; text_font=&#8221;Merriweather|700|||||||&#8221; text_text_color=&#8221;#0f0f0f&#8221; text_font_size=&#8221;80px&#8221; text_line_height=&#8221;70px&#8221; header_font=&#8221;Merriweather||||||||&#8221; header_text_color=&#8221;gcid-8696fd7e-29dd-4028-9d4d-981b208a53a9&#8243; header_font_size=&#8221;44px&#8221; header_line_height=&#8221;52px&#8221; text_orientation=&#8221;center&#8221; min_height=&#8221;83px&#8221; custom_margin=&#8221;||0px||false|false&#8221; custom_padding=&#8221;||0px||false|false&#8221; hover_enabled=&#8221;0&#8243; global_colors_info=&#8221;{%22gcid-8696fd7e-29dd-4028-9d4d-981b208a53a9%22:%91%22header_text_color%22%93}&#8221; sticky_enabled=&#8221;0&#8243;]<\/p>\n<h1>Grana Padano AOP 9-16 mois<\/h1>\n<p>[\/et_pb_text][\/et_pb_column][\/et_pb_row][et_pb_row column_structure=&#8221;1_4,3_4&#8243; module_class=&#8221;article_dates&#8221; _builder_version=&#8221;4.19.4&#8243; _module_preset=&#8221;default&#8221; max_width=&#8221;90%&#8221; custom_padding=&#8221;2px||6px||false|false&#8221; global_colors_info=&#8221;{}&#8221;][et_pb_column type=&#8221;1_4&#8243; _builder_version=&#8221;4.19.3&#8243; _module_preset=&#8221;default&#8221; global_colors_info=&#8221;{}&#8221;][et_pb_text module_class=&#8221;button_look&#8221; _builder_version=&#8221;4.24.3&#8243; _module_preset=&#8221;default&#8221; text_font=&#8221;FontPadano-Bold||||||||&#8221; text_text_color=&#8221;#000000&#8243; text_font_size=&#8221;26px&#8221; background_color=&#8221;RGBA(255,255,255,0)&#8221; locked=&#8221;off&#8221; global_colors_info=&#8221;{}&#8221;]<\/p>\n<p>Cacao<\/p>\n<p>[\/et_pb_text][\/et_pb_column][et_pb_column type=&#8221;3_4&#8243; _builder_version=&#8221;4.19.4&#8243; _module_preset=&#8221;default&#8221; global_colors_info=&#8221;{}&#8221;][\/et_pb_column][\/et_pb_row][et_pb_row column_structure=&#8221;2_5,3_5&#8243; module_class=&#8221;article_sub_img_text_content &#8221; _builder_version=&#8221;4.24.3&#8243; _module_preset=&#8221;default&#8221; max_width=&#8221;90%&#8221; module_alignment=&#8221;center&#8221; min_height=&#8221;817.9px&#8221; custom_margin=&#8221;0px||0px||false|false&#8221; custom_padding=&#8221;0px||1px||false|false&#8221; hover_enabled=&#8221;0&#8243; global_colors_info=&#8221;{}&#8221; sticky_enabled=&#8221;0&#8243;][et_pb_column type=&#8221;2_5&#8243; module_class=&#8221;article_sub_img_wrap&#8221; _builder_version=&#8221;4.20.2&#8243; _module_preset=&#8221;default&#8221; global_colors_info=&#8221;{}&#8221;][et_pb_image src=&#8221;https:\/\/www.granapadano.it\/wp-content\/uploads\/2024\/04\/GP_CIOCCOLATO-BIANCO-9-16.jpg&#8221; title_text=&#8221;GP_CIOCCOLATO-BIANCO-9-16&#8243; align=&#8221;center&#8221; _builder_version=&#8221;4.24.3&#8243; _module_preset=&#8221;default&#8221; positioning=&#8221;relative&#8221; vertical_offset=&#8221;63px&#8221; module_alignment=&#8221;center&#8221; border_radii=&#8221;on|20px|20px|20px|20px&#8221; global_colors_info=&#8221;{}&#8221;][\/et_pb_image][\/et_pb_column][et_pb_column type=&#8221;3_5&#8243; module_class=&#8221;article_sub_text_wrap&#8221; _builder_version=&#8221;4.20.2&#8243; _module_preset=&#8221;default&#8221; hover_enabled=&#8221;0&#8243; global_colors_info=&#8221;{}&#8221; sticky_enabled=&#8221;0&#8243;][et_pb_text _builder_version=&#8221;4.24.3&#8243; _module_preset=&#8221;default&#8221; text_text_color=&#8221;#0f0f0f&#8221; text_font_size=&#8221;18px&#8221; text_line_height=&#8221;26px&#8221; width=&#8221;100%&#8221; custom_margin=&#8221;||0px||false|false&#8221; hover_enabled=&#8221;0&#8243; global_colors_info=&#8221;{}&#8221; sticky_enabled=&#8221;0&#8243;]<\/p>\n<h3><strong>Grana Padano AOP 9-16 mois et Chocolat blanc aux cristaux de r\u00e9glisse (et micro cristaux de sel)<\/strong><\/h3>\n<p>Le chocolat blanc est obtenu par la combinaison de trois ingr\u00e9dients simples : beurre de cacao \u00e0 au moins 20 %, sucre et au moins 14 % de lait.<br \/>\nSon nom vient du fait que, d\u00e9pourvu de p\u00e2te de cacao, il n\u2019a pas la composante \u00ab brune \u00bb qui donne aux tablettes leur couleur typique. Il est dit \u00ab blanc \u00bb, mais sa couleur varie de p\u00e2le \u00e0 ivoire, avec \u00e9ventuellement des nuances allant du jaun\u00e2tre au sable.<br \/>\nLe chocolat sugg\u00e9r\u00e9 a une d\u00e9licate odeur de lait et de beurre avec une l\u00e9g\u00e8re note de r\u00e9glisse. Sur le plan aromatique et gustatif, on note une d\u00e9licate touche de cr\u00e8me au lait et une douceur non envahissante qui se marie parfaitement avec l\u2019ar\u00f4me presque imperceptible de la r\u00e9glisse ; cette derni\u00e8re revient au nez et en bouche sous forme de note gustative et olfactive lors de la d\u00e9glutition. <\/p>\n<p>Pour essayer cette combinaison, il est conseill\u00e9 de go\u00fbter d\u2019abord le chocolat en le faisant fondre doucement dans la bouche, lib\u00e9rant ainsi les ar\u00f4mes de cr\u00e8me de lait et de beurre, puis de m\u00e2cher un morceau de Grana Padano AOP 9-16 mois qui, gr\u00e2ce \u00e0 sa douceur typique, accompagne harmonieusement le chocolat blanc.<br \/>\nAu cours de la d\u00e9gustation, l\u2019on appr\u00e9cie le croquant et l\u2019ar\u00f4me des cristaux de r\u00e9glisse qui se d\u00e9tachent et surprennent, donnant de la vigueur \u00e0 l\u2019ensemble ; en outre, les ar\u00f4mes en bouche sont exalt\u00e9s par les minuscules cristaux de sel dont la structure rappelle celle du Grana Padano AOP 9-16 mois qui, bien qu\u2019il soit encore jeune, se caract\u00e9rise d\u00e9j\u00e0 par un certain grain.<br \/>\nLa combinaison propos\u00e9e peut sembler un d\u00e9fi impossible \u00e0 relever, mais elle r\u00e9v\u00e8le la fa\u00e7on dont ce type de Grana Padano AOP peut r\u00e9ellement entrer en symbiose avec le chocolat blanc, en cr\u00e9ant une harmonie de senteurs d\u00e9licates allant des notes de lait cuit au beurre l\u00e9g\u00e8rement fondu, en passant par le go\u00fbt de cr\u00e8me. <\/p>\n<p><strong>Le saviez-vous? <br \/><\/strong><\/p>\n<ul>\n<li>L\u2019histoire du chocolat blanc commence dans les ann\u00e9es 1930 en Suisse, juste apr\u00e8s la Premi\u00e8re Guerre mondiale. \u00c0 l\u2019\u00e9poque, le probl\u00e8me se posait d\u2019\u00e9liminer le beurre de cacao exc\u00e9dentaire provenant de la transformation du cacao. L\u2019id\u00e9e est donc venue de m\u00e9langer le beurre de cacao avec du lait en poudre et du sucre, \u00ab inventant \u00bb ainsi ce qui est aujourd\u2019hui la recette de base du chocolat blanc, dont la premi\u00e8re tablette a \u00e9t\u00e9 commercialis\u00e9e en 1967 (sous le nom de \u00ab tablette de chocolat des Alpes \u00bb).<\/li>\n<li>La \u00ab r\u00e9glisse \u00bb, un ingr\u00e9dient insolite, peut \u00eatre consid\u00e9r\u00e9e comme l\u2019\u00e2me de la c\u00f4te ionienne de la Calabre. Cette plante, originaire de la r\u00e9gion m\u00e9diterran\u00e9enne, pousse \u00e0 l\u2019\u00e9tat sauvage le long de la c\u00f4te calabraise, o\u00f9 se concentre 80 % de la production nationale et o\u00f9 elle acquiert une saveur et des caract\u00e9ristiques tr\u00e8s particuli\u00e8res. Il existe plusieurs vari\u00e9t\u00e9s de r\u00e9glisse, mais la plus appr\u00e9ci\u00e9e est la \u00ab r\u00e9glisse glabre \u00bb. La reconnaissance \u00ab R\u00e9glisse de Calabre AOP \u00bb, obtenue en 2011, est r\u00e9serv\u00e9e exclusivement \u00e0 la r\u00e9glisse fra\u00eeche et d\u00e9shydrat\u00e9e et \u00e0 son extrait.<\/li>\n<\/ul>\n<p>[\/et_pb_text][\/et_pb_column][\/et_pb_row][et_pb_row column_structure=&#8221;2_5,3_5&#8243; module_class=&#8221;article_sub_img_text_content_left&#8221; _builder_version=&#8221;4.24.3&#8243; _module_preset=&#8221;default&#8221; max_width=&#8221;94%&#8221; custom_padding=&#8221;20px||30px||false|false&#8221; border_color_top=&#8221;RGBA(255,255,255,0)&#8221; locked=&#8221;off&#8221; global_colors_info=&#8221;{}&#8221;][et_pb_column type=&#8221;2_5&#8243; module_class=&#8221;article_sub_img_wrap_left&#8221; _builder_version=&#8221;4.20.2&#8243; _module_preset=&#8221;default&#8221; global_colors_info=&#8221;{}&#8221;][et_pb_image src=&#8221;https:\/\/www.granapadano.it\/wp-content\/uploads\/2024\/04\/GP_Cioccolato-menta-9-16.jpg&#8221; title_text=&#8221;GP_Cioccolato-menta-9-16&#8243; align=&#8221;center&#8221; show_bottom_space_tablet=&#8221;on&#8221; show_bottom_space_last_edited=&#8221;off|phone&#8221; _builder_version=&#8221;4.24.3&#8243; _module_preset=&#8221;default&#8221; custom_margin=&#8221;||0px||false|false&#8221; custom_margin_tablet=&#8221;30px||||false|false&#8221; custom_margin_phone=&#8221;30px||||false|false&#8221; custom_margin_last_edited=&#8221;on|desktop&#8221; custom_padding=&#8221;0px||0px||false|false&#8221; border_radii=&#8221;on|20px|20px|20px|20px&#8221; global_colors_info=&#8221;{}&#8221;][\/et_pb_image][\/et_pb_column][et_pb_column type=&#8221;3_5&#8243; module_class=&#8221;article_sub_text_wrap_left&#8221; _builder_version=&#8221;4.20.2&#8243; _module_preset=&#8221;default&#8221; global_colors_info=&#8221;{}&#8221;][et_pb_text _builder_version=&#8221;4.24.3&#8243; _module_preset=&#8221;default&#8221; text_font=&#8221;Merriweather|300|||||||&#8221; text_text_color=&#8221;#0f0f0f&#8221; text_font_size=&#8221;18px&#8221; text_line_height=&#8221;26px&#8221; width=&#8221;97.1%&#8221; custom_margin=&#8221;|||0px|false|false&#8221; hover_enabled=&#8221;0&#8243; global_colors_info=&#8221;{}&#8221; sticky_enabled=&#8221;0&#8243;]<\/p>\n<h3><strong> Grana Padano AOP 9-16 mois et chocolat noir fourr\u00e9 \u00e0 la cr\u00e8me de menthe<\/strong><\/h3>\n<\/p>\n<p>Noir ou amer, tels sont les deux synonymes qui d\u00e9signent un chocolat contenant au moins 45 % de cacao ; si l\u2019emballage porte la mention \u00ab extra noir \u00bb ou \u00ab noir \u00bb, ce pourcentage passe certainement \u00e0 70 % et plus, jusqu\u2019\u00e0 100 %.<br \/>\nAlors, pour r\u00e9pondre aux propres besoins, quel chocolat faut-il choisir ?<br \/>\nLe consommateur doit avant tout pr\u00e9f\u00e9rer un chocolat de qualit\u00e9, mais le choix final d\u00e9pend de ses go\u00fbts personnels : si un pourcentage \u00e9lev\u00e9 de cacao peut \u00eatre un peu trop amer pour le palais, nous recommandons de commencer avec un pourcentage minimum de cacao et peut-\u00eatre d\u2019\u00e9voluer vers un chocolat avec un ingr\u00e9dient \u00ab insolite \u00bb qui adoucira la note am\u00e8re.<br \/>\nNous proposons donc un fourrage \u00e0 la menthe tr\u00e8s frais envelopp\u00e9 d\u2019une couche croquante et tr\u00e8s fine de chocolat noir, qui ne manquera pas d\u2019apporter une \u00ab bouff\u00e9e d\u2019air frais \u00bb en bouche ; la douceur de la ganache \u00e0 la menthe se lib\u00e8re sous les dents pour se m\u00ealer \u00e0 la fine couche de chocolat, qui s\u2019effrite doucement en cr\u00e9ant de tout nouveaux ar\u00f4mes et en laissant en bouche une sensation rafra\u00eechissante de menthe poivr\u00e9e.<\/p>\n<p>Pour essayer cette combinaison, il est conseill\u00e9 de go\u00fbter d\u2019abord le chocolat, en mordant dans un petit carr\u00e9 de la tablette (que certains appellent \u00e9galement \u00ab carreau \u00bb) pour faire sortir le fourrage puis de mordre un copeau de Grana Padano AOP : le r\u00e9sultat est une combinaison de sensations entre le cacao tr\u00e8s d\u00e9licat, d\u00fb \u00e0 la finesse de l\u2019enrobage, et la cr\u00e8me de menthe, qui n\u2019est jamais indiscr\u00e8te, capable de mettre en valeur les caract\u00e9ristiques du Grana Padano AOP 9-16 mois.<br \/>\nEn outre, la structure initiale du chocolat, soutenue par la douceur du fourrage, enveloppe et accompagne progressivement le fromage, dont les notes de lait et de beurre fondu \u00e9mergent lentement, accompagn\u00e9es, \u00e0 la fin, par les notes v\u00e9g\u00e9tales qui peuvent caract\u00e9riser ce type de Grana Padano AOP \u00e0 affinage minimum.<br \/>\n[\/et_pb_text][\/et_pb_column][\/et_pb_row][et_pb_row _builder_version=&#8221;4.24.3&#8243; _module_preset=&#8221;default&#8221; max_width=&#8221;90%&#8221; module_alignment=&#8221;center&#8221; custom_margin=&#8221;0px||||false|false&#8221; custom_padding=&#8221;0px||0px||false|false&#8221; border_color_bottom=&#8221;RGBA(255,255,255,0)&#8221; locked=&#8221;off&#8221; global_colors_info=&#8221;{}&#8221;][et_pb_column type=&#8221;4_4&#8243; _builder_version=&#8221;4.19.5&#8243; _module_preset=&#8221;default&#8221; global_colors_info=&#8221;{}&#8221;][et_pb_text _builder_version=&#8221;4.24.3&#8243; _module_preset=&#8221;default&#8221; text_text_color=&#8221;#0f0f0f&#8221; text_font_size=&#8221;18px&#8221; text_line_height=&#8221;26px&#8221; width=&#8221;100%&#8221; custom_padding=&#8221;|33px||||&#8221; hover_enabled=&#8221;0&#8243; global_colors_info=&#8221;{}&#8221; sticky_enabled=&#8221;0&#8243;]<strong>Le saviez-vous? <\/strong><\/p>\n<ul>\n<li>La \u00ab Mentha piperita \u00bb est une plante herbac\u00e9e tr\u00e8s r\u00e9pandue dans les r\u00e9gions temp\u00e9r\u00e9es, que l\u2019on trouve aussi bien en plaine qu\u2019en montagne, pr\u00e8s des cours d\u2019eau ou dans les zones humides. C\u2019est une plante connue depuis l\u2019Antiquit\u00e9 pour ses propri\u00e9t\u00e9s m\u00e9dicinales : on l\u2019utilisait autrefois comme relaxant musculaire.<\/li>\n<li>Le principe actif extrait est le \u00abmenthol\u00bb.<\/li>\n<\/ul>\n<p>&nbsp;<\/p>\n<p>&nbsp;[\/et_pb_text][\/et_pb_column][\/et_pb_row][\/et_pb_section]<\/p>\n","protected":false},"excerpt":{"rendered":"<p><div class=\"breadcrumb\"><a href=\"https:\/\/www.granapadano.it\/fr-fr\/\">Home<\/a>  <  <\/div>Grana Padano AOP 9-16 moisCacaoGrana Padano AOP 9-16 mois et Chocolat blanc aux cristaux de r\u00e9glisse (et micro cristaux de sel) Le chocolat blanc est obtenu par la combinaison de trois ingr\u00e9dients simples : beurre de cacao \u00e0 au moins 20 %, sucre et au moins 14 % de lait. Son nom vient du fait [&hellip;]<\/p>\n","protected":false},"author":21,"featured_media":0,"parent":119060,"menu_order":305,"comment_status":"closed","ping_status":"closed","template":"","meta":{"_acf_changed":false,"_et_pb_use_builder":"on","_et_pb_old_content":"","_et_gb_content_width":"","footnotes":""},"class_list":["post-119130","page","type-page","status-publish","hentry"],"acf":[],"yoast_head":"<!-- This site is optimized with the Yoast SEO plugin v27.4 - https:\/\/yoast.com\/product\/yoast-seo-wordpress\/ -->\n<title>Grana Padano AOP 9-16 mois et Chocolat - Grana Padano<\/title>\n<meta name=\"robots\" content=\"index, follow, max-snippet:-1, max-image-preview:large, max-video-preview:-1\" \/>\n<link rel=\"canonical\" href=\"https:\/\/www.granapadano.it\/fr-fr\/degustation\/avec-quel-chocolat-associer-le-grana-padano-aop\/grana-padano-aop-9-16-mois-et-chocolat\/\" \/>\n<meta property=\"og:locale\" content=\"fr_FR\" \/>\n<meta property=\"og:type\" content=\"article\" \/>\n<meta property=\"og:title\" content=\"Grana Padano AOP 9-16 mois et Chocolat - Grana Padano\" \/>\n<meta property=\"og:description\" content=\"Grana Padano AOP 9-16 moisCacaoGrana Padano AOP 9-16 mois et Chocolat blanc aux cristaux de r\u00e9glisse (et micro cristaux de sel) Le chocolat blanc est obtenu par la combinaison de trois ingr\u00e9dients simples : beurre de cacao \u00e0 au moins 20 %, sucre et au moins 14 % de lait. Son nom vient du fait [&hellip;]\" \/>\n<meta property=\"og:url\" content=\"https:\/\/www.granapadano.it\/fr-fr\/degustation\/avec-quel-chocolat-associer-le-grana-padano-aop\/grana-padano-aop-9-16-mois-et-chocolat\/\" \/>\n<meta property=\"og:site_name\" content=\"Grana Padano\" \/>\n<meta property=\"article:modified_time\" content=\"2024-07-04T16:14:07+00:00\" \/>\n<meta name=\"twitter:card\" content=\"summary_large_image\" \/>\n<meta name=\"twitter:label1\" content=\"Est. reading time\" \/>\n\t<meta name=\"twitter:data1\" content=\"6 minutes\" \/>\n<script type=\"application\/ld+json\" class=\"yoast-schema-graph\">{\"@context\":\"https:\\\/\\\/schema.org\",\"@graph\":[{\"@type\":\"WebPage\",\"@id\":\"https:\\\/\\\/www.granapadano.it\\\/fr-fr\\\/degustation\\\/avec-quel-chocolat-associer-le-grana-padano-aop\\\/grana-padano-aop-9-16-mois-et-chocolat\\\/\",\"url\":\"https:\\\/\\\/www.granapadano.it\\\/fr-fr\\\/degustation\\\/avec-quel-chocolat-associer-le-grana-padano-aop\\\/grana-padano-aop-9-16-mois-et-chocolat\\\/\",\"name\":\"Grana Padano AOP 9-16 mois et Chocolat - Grana Padano\",\"isPartOf\":{\"@id\":\"https:\\\/\\\/www.granapadano.it\\\/fr-fr\\\/#website\"},\"datePublished\":\"2024-04-16T10:27:28+00:00\",\"dateModified\":\"2024-07-04T16:14:07+00:00\",\"breadcrumb\":{\"@id\":\"https:\\\/\\\/www.granapadano.it\\\/fr-fr\\\/degustation\\\/avec-quel-chocolat-associer-le-grana-padano-aop\\\/grana-padano-aop-9-16-mois-et-chocolat\\\/#breadcrumb\"},\"inLanguage\":\"fr-fr\",\"potentialAction\":[{\"@type\":\"ReadAction\",\"target\":[\"https:\\\/\\\/www.granapadano.it\\\/fr-fr\\\/degustation\\\/avec-quel-chocolat-associer-le-grana-padano-aop\\\/grana-padano-aop-9-16-mois-et-chocolat\\\/\"]}]},{\"@type\":\"BreadcrumbList\",\"@id\":\"https:\\\/\\\/www.granapadano.it\\\/fr-fr\\\/degustation\\\/avec-quel-chocolat-associer-le-grana-padano-aop\\\/grana-padano-aop-9-16-mois-et-chocolat\\\/#breadcrumb\",\"itemListElement\":[{\"@type\":\"ListItem\",\"position\":1,\"name\":\"Home\",\"item\":\"https:\\\/\\\/www.granapadano.it\\\/fr-fr\\\/\"},{\"@type\":\"ListItem\",\"position\":2,\"name\":\"Recettes\",\"item\":\"https:\\\/\\\/www.granapadano.it\\\/fr-fr\\\/recettes\\\/\"},{\"@type\":\"ListItem\",\"position\":3,\"name\":\"Avec quel chocolat associer le Grana Padano AOP?\",\"item\":\"https:\\\/\\\/www.granapadano.it\\\/fr-fr\\\/degustation\\\/avec-quel-chocolat-associer-le-grana-padano-aop\\\/\"},{\"@type\":\"ListItem\",\"position\":4,\"name\":\"Grana Padano AOP 9-16 mois et Chocolat\"}]},{\"@type\":\"WebSite\",\"@id\":\"https:\\\/\\\/www.granapadano.it\\\/fr-fr\\\/#website\",\"url\":\"https:\\\/\\\/www.granapadano.it\\\/fr-fr\\\/\",\"name\":\"Grana Padano\",\"description\":\"\",\"potentialAction\":[{\"@type\":\"SearchAction\",\"target\":{\"@type\":\"EntryPoint\",\"urlTemplate\":\"https:\\\/\\\/www.granapadano.it\\\/fr-fr\\\/?s={search_term_string}\"},\"query-input\":{\"@type\":\"PropertyValueSpecification\",\"valueRequired\":true,\"valueName\":\"search_term_string\"}}],\"inLanguage\":\"fr-fr\"}]}<\/script>\n<!-- \/ Yoast SEO plugin. -->","yoast_head_json":{"title":"Grana Padano AOP 9-16 mois et Chocolat - Grana Padano","robots":{"index":"index","follow":"follow","max-snippet":"max-snippet:-1","max-image-preview":"max-image-preview:large","max-video-preview":"max-video-preview:-1"},"canonical":"https:\/\/www.granapadano.it\/fr-fr\/degustation\/avec-quel-chocolat-associer-le-grana-padano-aop\/grana-padano-aop-9-16-mois-et-chocolat\/","og_locale":"fr_FR","og_type":"article","og_title":"Grana Padano AOP 9-16 mois et Chocolat - Grana Padano","og_description":"Grana Padano AOP 9-16 moisCacaoGrana Padano AOP 9-16 mois et Chocolat blanc aux cristaux de r\u00e9glisse (et micro cristaux de sel) Le chocolat blanc est obtenu par la combinaison de trois ingr\u00e9dients simples : beurre de cacao \u00e0 au moins 20 %, sucre et au moins 14 % de lait. Son nom vient du fait [&hellip;]","og_url":"https:\/\/www.granapadano.it\/fr-fr\/degustation\/avec-quel-chocolat-associer-le-grana-padano-aop\/grana-padano-aop-9-16-mois-et-chocolat\/","og_site_name":"Grana Padano","article_modified_time":"2024-07-04T16:14:07+00:00","twitter_card":"summary_large_image","twitter_misc":{"Est. reading time":"6 minutes"},"schema":{"@context":"https:\/\/schema.org","@graph":[{"@type":"WebPage","@id":"https:\/\/www.granapadano.it\/fr-fr\/degustation\/avec-quel-chocolat-associer-le-grana-padano-aop\/grana-padano-aop-9-16-mois-et-chocolat\/","url":"https:\/\/www.granapadano.it\/fr-fr\/degustation\/avec-quel-chocolat-associer-le-grana-padano-aop\/grana-padano-aop-9-16-mois-et-chocolat\/","name":"Grana Padano AOP 9-16 mois et Chocolat - Grana Padano","isPartOf":{"@id":"https:\/\/www.granapadano.it\/fr-fr\/#website"},"datePublished":"2024-04-16T10:27:28+00:00","dateModified":"2024-07-04T16:14:07+00:00","breadcrumb":{"@id":"https:\/\/www.granapadano.it\/fr-fr\/degustation\/avec-quel-chocolat-associer-le-grana-padano-aop\/grana-padano-aop-9-16-mois-et-chocolat\/#breadcrumb"},"inLanguage":"fr-fr","potentialAction":[{"@type":"ReadAction","target":["https:\/\/www.granapadano.it\/fr-fr\/degustation\/avec-quel-chocolat-associer-le-grana-padano-aop\/grana-padano-aop-9-16-mois-et-chocolat\/"]}]},{"@type":"BreadcrumbList","@id":"https:\/\/www.granapadano.it\/fr-fr\/degustation\/avec-quel-chocolat-associer-le-grana-padano-aop\/grana-padano-aop-9-16-mois-et-chocolat\/#breadcrumb","itemListElement":[{"@type":"ListItem","position":1,"name":"Home","item":"https:\/\/www.granapadano.it\/fr-fr\/"},{"@type":"ListItem","position":2,"name":"Recettes","item":"https:\/\/www.granapadano.it\/fr-fr\/recettes\/"},{"@type":"ListItem","position":3,"name":"Avec quel chocolat associer le Grana Padano AOP?","item":"https:\/\/www.granapadano.it\/fr-fr\/degustation\/avec-quel-chocolat-associer-le-grana-padano-aop\/"},{"@type":"ListItem","position":4,"name":"Grana Padano AOP 9-16 mois et Chocolat"}]},{"@type":"WebSite","@id":"https:\/\/www.granapadano.it\/fr-fr\/#website","url":"https:\/\/www.granapadano.it\/fr-fr\/","name":"Grana Padano","description":"","potentialAction":[{"@type":"SearchAction","target":{"@type":"EntryPoint","urlTemplate":"https:\/\/www.granapadano.it\/fr-fr\/?s={search_term_string}"},"query-input":{"@type":"PropertyValueSpecification","valueRequired":true,"valueName":"search_term_string"}}],"inLanguage":"fr-fr"}]}},"_links":{"self":[{"href":"https:\/\/www.granapadano.it\/fr-fr\/wp-json\/wp\/v2\/pages\/119130","targetHints":{"allow":["GET"]}}],"collection":[{"href":"https:\/\/www.granapadano.it\/fr-fr\/wp-json\/wp\/v2\/pages"}],"about":[{"href":"https:\/\/www.granapadano.it\/fr-fr\/wp-json\/wp\/v2\/types\/page"}],"author":[{"embeddable":true,"href":"https:\/\/www.granapadano.it\/fr-fr\/wp-json\/wp\/v2\/users\/21"}],"replies":[{"embeddable":true,"href":"https:\/\/www.granapadano.it\/fr-fr\/wp-json\/wp\/v2\/comments?post=119130"}],"version-history":[{"count":7,"href":"https:\/\/www.granapadano.it\/fr-fr\/wp-json\/wp\/v2\/pages\/119130\/revisions"}],"predecessor-version":[{"id":121848,"href":"https:\/\/www.granapadano.it\/fr-fr\/wp-json\/wp\/v2\/pages\/119130\/revisions\/121848"}],"up":[{"embeddable":true,"href":"https:\/\/www.granapadano.it\/fr-fr\/wp-json\/wp\/v2\/pages\/119060"}],"wp:attachment":[{"href":"https:\/\/www.granapadano.it\/fr-fr\/wp-json\/wp\/v2\/media?parent=119130"}],"curies":[{"name":"wp","href":"https:\/\/api.w.org\/{rel}","templated":true}]}}