{"id":119113,"date":"2024-04-16T16:35:34","date_gmt":"2024-04-16T16:35:34","guid":{"rendered":"https:\/\/www.granapadano.it\/degustation\/abbinamenti\/con-quale-mostarda-abbinare-grana-padano\/come-abbinare-grana-padano-riserva-oltre-24-mesi-con-la-mostarda\/"},"modified":"2024-05-06T15:59:19","modified_gmt":"2024-05-06T15:59:19","slug":"come-abbinare-grana-padano-riserva-oltre-24-mesi-con-la-mostarda","status":"publish","type":"page","link":"https:\/\/www.granapadano.it\/fr-fr\/degustation\/mostarda-et-grana-padano\/come-abbinare-grana-padano-riserva-oltre-24-mesi-con-la-mostarda\/","title":{"rendered":"Come abbinare Grana Padano &#8220;Riserva&#8221; oltre 24 mesi con la mostarda"},"content":{"rendered":"<p>[et_pb_section fb_built=&#8221;1&#8243; fullwidth=&#8221;on&#8221; _builder_version=&#8221;4.19.5&#8243; _module_preset=&#8221;default&#8221; global_colors_info=&#8221;{}&#8221;][et_pb_fullwidth_image src=&#8221;https:\/\/www.granapadano.it\/wp-content\/uploads\/2024\/04\/GP_Mostarda-h.jpg&#8221; title_text=&#8221;GP_Mostarda-m&#8221; src_tablet=&#8221;https:\/\/www.granapadano.it\/wp-content\/uploads\/2024\/04\/GP_Mostarda-h.jpg&#8221; src_phone=&#8221;https:\/\/www.granapadano.it\/wp-content\/uploads\/2024\/04\/GP_Mostarda-m.jpg&#8221; src_last_edited=&#8221;on|phone&#8221; _builder_version=&#8221;4.24.3&#8243; _module_preset=&#8221;default&#8221; locked=&#8221;off&#8221; global_colors_info=&#8221;{}&#8221;][\/et_pb_fullwidth_image][\/et_pb_section][et_pb_section fb_built=&#8221;1&#8243; module_class=&#8221;production_sub_hub_main_wrapper&#8221; _builder_version=&#8221;4.19.4&#8243; _module_preset=&#8221;default&#8221; custom_padding=&#8221;13px||0px|||&#8221; locked=&#8221;off&#8221; global_colors_info=&#8221;{}&#8221;][et_pb_row module_class=&#8221;recipe_filter_section&#8221; _builder_version=&#8221;4.19.2&#8243; _module_preset=&#8221;default&#8221; max_width=&#8221;90%&#8221; custom_padding=&#8221;||7px|||&#8221; global_colors_info=&#8221;{}&#8221;][et_pb_column type=&#8221;4_4&#8243; _builder_version=&#8221;4.19.2&#8243; _module_preset=&#8221;default&#8221; global_colors_info=&#8221;{}&#8221;][et_pb_code _builder_version=&#8221;4.19.2&#8243; _module_preset=&#8221;default&#8221; custom_margin=&#8221;||16px|||&#8221; global_colors_info=&#8221;{}&#8221;]<div class=\"breadcrumb\"><a href=\"https:\/\/www.granapadano.it\/fr-fr\/\">Home<\/a>  <  <\/div>[\/et_pb_code][\/et_pb_column][\/et_pb_row][\/et_pb_section][et_pb_section fb_built=&#8221;1&#8243; module_class=&#8221;giovani_sub_hub_title&#8221; _builder_version=&#8221;4.19.5&#8243; _module_preset=&#8221;default&#8221; custom_padding=&#8221;0px||35px||false|false&#8221; locked=&#8221;off&#8221; global_colors_info=&#8221;{}&#8221;][et_pb_row module_class=&#8221;gp_producion_heading_wrapper&#8221; _builder_version=&#8221;4.19.5&#8243; _module_preset=&#8221;default&#8221; max_width=&#8221;90%&#8221; module_alignment=&#8221;center&#8221; custom_padding=&#8221;||||false|false&#8221; global_colors_info=&#8221;{}&#8221;][et_pb_column type=&#8221;4_4&#8243; _builder_version=&#8221;4.19.4&#8243; _module_preset=&#8221;default&#8221; global_colors_info=&#8221;{}&#8221;][et_pb_text module_class=&#8221;giovani_sub_hub_title_text&#8221; _builder_version=&#8221;4.24.3&#8243; _module_preset=&#8221;default&#8221; text_font=&#8221;Merriweather|700|||||||&#8221; text_text_color=&#8221;#0f0f0f&#8221; text_font_size=&#8221;80px&#8221; text_line_height=&#8221;70px&#8221; header_font=&#8221;Merriweather||||||||&#8221; header_text_color=&#8221;gcid-8696fd7e-29dd-4028-9d4d-981b208a53a9&#8243; header_font_size=&#8221;44px&#8221; header_line_height=&#8221;52px&#8221; text_orientation=&#8221;center&#8221; min_height=&#8221;38px&#8221; custom_margin=&#8221;||0px||false|false&#8221; custom_padding=&#8221;||0px||false|false&#8221; hover_enabled=&#8221;0&#8243; global_colors_info=&#8221;{%22gcid-8696fd7e-29dd-4028-9d4d-981b208a53a9%22:%91%22header_text_color%22%93}&#8221; sticky_enabled=&#8221;0&#8243;]<\/p>\n<h1>Grana Padano AOP \u00ab R\u00e9serve \u00bb plus de 24 mois<\/h1>\n<p>[\/et_pb_text][\/et_pb_column][\/et_pb_row][et_pb_row column_structure=&#8221;1_4,3_4&#8243; module_class=&#8221;article_dates&#8221; _builder_version=&#8221;4.19.4&#8243; _module_preset=&#8221;default&#8221; max_width=&#8221;90%&#8221; custom_padding=&#8221;2px||6px||false|false&#8221; global_colors_info=&#8221;{}&#8221;][et_pb_column type=&#8221;1_4&#8243; _builder_version=&#8221;4.19.3&#8243; _module_preset=&#8221;default&#8221; global_colors_info=&#8221;{}&#8221;][et_pb_text module_class=&#8221;button_look&#8221; _builder_version=&#8221;4.24.3&#8243; _module_preset=&#8221;default&#8221; text_font=&#8221;FontPadano-Bold||||||||&#8221; text_text_color=&#8221;#000000&#8243; text_font_size=&#8221;26px&#8221; background_color=&#8221;RGBA(255,255,255,0)&#8221; locked=&#8221;off&#8221; global_colors_info=&#8221;{}&#8221;]<\/p>\n<p>Mostarda<\/p>\n<p>[\/et_pb_text][\/et_pb_column][et_pb_column type=&#8221;3_4&#8243; _builder_version=&#8221;4.19.4&#8243; _module_preset=&#8221;default&#8221; global_colors_info=&#8221;{}&#8221;][\/et_pb_column][\/et_pb_row][et_pb_row _builder_version=&#8221;4.24.3&#8243; _module_preset=&#8221;default&#8221; global_colors_info=&#8221;{}&#8221;][et_pb_column type=&#8221;4_4&#8243; module_class=&#8221;article_sub_img_wrap&#8221; _builder_version=&#8221;4.20.2&#8243; _module_preset=&#8221;default&#8221; global_colors_info=&#8221;{}&#8221;][et_pb_text _builder_version=&#8221;4.24.3&#8243; _module_preset=&#8221;default&#8221; text_text_color=&#8221;#0f0f0f&#8221; text_font_size=&#8221;18px&#8221; text_line_height=&#8221;26px&#8221; width=&#8221;100%&#8221; custom_margin=&#8221;||0px||false|false&#8221; hover_enabled=&#8221;0&#8243; global_colors_info=&#8221;{}&#8221; sticky_enabled=&#8221;0&#8243;]<\/p>\n<h3><strong>Grana Padano AOP \u00ab R\u00e9serve \u00bb plus de 24 mois et Mostarda v\u00e9nitienne aux pommes et aux fruits confits<\/strong><\/h3>\n<p>Cette mostarda v\u00e9nitienne est une recette de tradition ancienne, \u00e0 base de coings, de pur\u00e9e de pommes, de fruits confits en proportions variables (orange et citron, sirop de glucose-fructose, anhydride sulfureux) et de moutarde, en tant qu\u2019ar\u00f4me naturel.<br \/>\nElle pr\u00e9sente au nez un parfum fruit\u00e9 de pomme cuite au four et une note importante d\u2019agrumes ; en bouche, sa structure rappelle celle d\u2019une pur\u00e9e sucr\u00e9e accompagn\u00e9e d\u2019un agr\u00e9able piquant ; ces caract\u00e9ristiques la rendent extraordinairement \u00e9quilibr\u00e9e et adapt\u00e9e \u00e0 l\u2019association avec des fromages, m\u00eame longuement affin\u00e9s, comme le Grana Padano \u00ab R\u00e9serve \u00bb plus de 24 mois.<br \/>\nLa valeur de cette combinaison r\u00e9side dans l\u2019\u00e9quilibre du piquant qui caract\u00e9rise &#8211; bien qu\u2019avec des intensit\u00e9s diff\u00e9rentes &#8211; les deux produits. D\u2019un point de vue aromatique, les notes agrum\u00e9es de l\u2019orange et du citron offrent une sensation l\u00e9g\u00e8rement rafra\u00eechissante, en donnant de l\u2019\u00e9quilibre \u00e0 un fromage aussi \u00ab important \u00bb, tandis que d\u2019un point de vue tactile, la pur\u00e9e de pommes est capable d\u2019envelopper la structure fortement granuleuse du fromage, en l\u2019accompagnant agr\u00e9ablement en bouche et en favorisant sa d\u00e9gustation.\n<\/p>\n<p>[\/et_pb_text][\/et_pb_column][\/et_pb_row][et_pb_row column_structure=&#8221;2_5,3_5&#8243; module_class=&#8221;article_sub_img_text_content_left&#8221; _builder_version=&#8221;4.24.3&#8243; _module_preset=&#8221;default&#8221; max_width=&#8221;94%&#8221; custom_padding=&#8221;20px||30px||false|false&#8221; border_color_top=&#8221;RGBA(255,255,255,0)&#8221; locked=&#8221;off&#8221; global_colors_info=&#8221;{}&#8221;][et_pb_column type=&#8221;2_5&#8243; module_class=&#8221;article_sub_img_wrap_left&#8221; _builder_version=&#8221;4.20.2&#8243; _module_preset=&#8221;default&#8221; global_colors_info=&#8221;{}&#8221;][et_pb_image src=&#8221;https:\/\/www.granapadano.it\/wp-content\/uploads\/2024\/04\/GP_MOSTARDA-DI-CIPOLLA.jpg&#8221; title_text=&#8221;GP_MOSTARDA-DI-CIPOLLA&#8221; align=&#8221;center&#8221; show_bottom_space_tablet=&#8221;on&#8221; show_bottom_space_last_edited=&#8221;off|phone&#8221; _builder_version=&#8221;4.24.3&#8243; _module_preset=&#8221;default&#8221; custom_margin=&#8221;||0px||false|false&#8221; custom_margin_tablet=&#8221;30px||||false|false&#8221; custom_margin_phone=&#8221;30px||||false|false&#8221; custom_margin_last_edited=&#8221;on|desktop&#8221; custom_padding=&#8221;0px||0px||false|false&#8221; border_radii=&#8221;on|20px|20px|20px|20px&#8221; global_colors_info=&#8221;{}&#8221;][\/et_pb_image][\/et_pb_column][et_pb_column type=&#8221;3_5&#8243; module_class=&#8221;article_sub_text_wrap_left&#8221; _builder_version=&#8221;4.20.2&#8243; _module_preset=&#8221;default&#8221; global_colors_info=&#8221;{}&#8221;][et_pb_text _builder_version=&#8221;4.24.3&#8243; _module_preset=&#8221;default&#8221; text_font=&#8221;Merriweather|300|||||||&#8221; text_text_color=&#8221;#0f0f0f&#8221; text_font_size=&#8221;18px&#8221; text_line_height=&#8221;26px&#8221; width=&#8221;97.1%&#8221; custom_margin=&#8221;|||0px|false|false&#8221; hover_enabled=&#8221;0&#8243; global_colors_info=&#8221;{}&#8221; sticky_enabled=&#8221;0&#8243;]<\/p>\n<h3><strong>Grana Padano AOP \u00ab R\u00e9serve \u00bb plus de 24 mois et Mostarda \u00e0 l\u2019oignon jaune de Mantoue<\/strong><\/h3>\n<p>Moutarder est un art raffin\u00e9 que peu savent ma\u00eetriser, surtout lorsqu\u2019il s\u2019agit de l\u00e9gumes. Cependant, dans les familles rurales et dans la culture des campagnes de Mantoue, la capacit\u00e9 de conserver les produits tout au long de l\u2019ann\u00e9e \u00e9tait une pratique essentielle et vitale, raison pour laquelle les techniques de cette transformation ont \u00e9t\u00e9 affin\u00e9es.<br \/>\nParmi ces l\u00e9gumes, les oignons se conservent longtemps, mais la nature se r\u00e9veille \u00e0 certains moments et lorsque le germe appara\u00eet, il n\u2019est pas tr\u00e8s conseill\u00e9 de les utiliser en cuisine. Par cons\u00e9quent, une fois coup\u00e9 en lamelles et apr\u00e8s cuisson, l\u2019oignon est utilis\u00e9 pour faire de la mostarda.<br \/>\nCette mostarda \u00e0 l\u2019oignon est g\u00e9n\u00e9ralement de couleur jaune dor\u00e9 (il existe une variante rouge-violet fonc\u00e9), tirant sur le cuivr\u00e9 en raison du processus de caram\u00e9lisation avec du sucre en poudre ou du sucre de canne.<br \/>\nL\u2019ar\u00f4me de ce type de mostarda rappelle clairement l\u2019oignon caram\u00e9lis\u00e9, tandis que l\u2019oignon doux est per\u00e7u en bouche ; la structure tactile et les notes aromatiques du l\u00e9gume sont encore \u00e9videntes et clairement perceptibles.<br \/>\nIl s\u2019agit d\u2019une combinaison quelque peu raffin\u00e9e pour les amateurs de saveurs fortes, caract\u00e9ris\u00e9e par une rencontre agr\u00e9able entre deux produits de grand caract\u00e8re.<br \/>\nLa douceur et l\u2019ar\u00f4me d\u2019oignon caram\u00e9lis\u00e9 soutiennent la composante savoureuse, l\u2019intensit\u00e9 et la complexit\u00e9 gustative et olfactive du Grana Padano \u00ab R\u00e9serve \u00bb plus de 24 mois.<br \/>\nD\u2019un point de vue tactile, les deux produits pr\u00e9sentent des structures importantes et clairement perceptibles qui alternent en bouche \u00e0 la mastication. M\u00eame apr\u00e8s la d\u00e9gustation, la persistance gustative et olfactive se prolonge sans qu\u2019il y ait pr\u00e9dominance de l\u2019un sur l\u2019autre.<br \/>\nIl est sugg\u00e9r\u00e9 \u00e0 chaque consommateur de bien doser les proportions afin de trouver le bon \u00e9quilibre en fonction de son propre go\u00fbt.\n<\/p>\n<p>[\/et_pb_text][\/et_pb_column][\/et_pb_row][\/et_pb_section]<\/p>\n","protected":false},"excerpt":{"rendered":"<p><div class=\"breadcrumb\"><a href=\"https:\/\/www.granapadano.it\/fr-fr\/\">Home<\/a>  <  <\/div>Grana Padano AOP \u00ab R\u00e9serve \u00bb plus de 24 moisMostardaGrana Padano AOP \u00ab R\u00e9serve \u00bb plus de 24 mois et Mostarda v\u00e9nitienne aux pommes et aux fruits confits Cette mostarda v\u00e9nitienne est une recette de tradition ancienne, \u00e0 base de coings, de pur\u00e9e de pommes, de fruits confits en proportions variables (orange et citron, sirop [&hellip;]<\/p>\n","protected":false},"author":21,"featured_media":0,"parent":119056,"menu_order":384,"comment_status":"closed","ping_status":"closed","template":"","meta":{"_acf_changed":false,"_et_pb_use_builder":"on","_et_pb_old_content":"","_et_gb_content_width":"","footnotes":""},"class_list":["post-119113","page","type-page","status-publish","hentry"],"acf":[],"yoast_head":"<!-- This site is optimized with the Yoast SEO plugin v27.3 - https:\/\/yoast.com\/product\/yoast-seo-wordpress\/ -->\n<title>Come abbinare Grana Padano &quot;Riserva&quot; oltre 24 mesi con la mostarda - Grana Padano<\/title>\n<meta name=\"robots\" content=\"index, follow, max-snippet:-1, max-image-preview:large, max-video-preview:-1\" \/>\n<link rel=\"canonical\" href=\"https:\/\/www.granapadano.it\/fr-fr\/degustation\/mostarda-et-grana-padano\/come-abbinare-grana-padano-riserva-oltre-24-mesi-con-la-mostarda\/\" \/>\n<meta property=\"og:locale\" content=\"fr_FR\" \/>\n<meta property=\"og:type\" content=\"article\" \/>\n<meta property=\"og:title\" content=\"Come abbinare Grana Padano &quot;Riserva&quot; oltre 24 mesi con la mostarda - Grana Padano\" \/>\n<meta property=\"og:description\" content=\"Grana Padano AOP \u00ab R\u00e9serve \u00bb plus de 24 moisMostardaGrana Padano AOP \u00ab R\u00e9serve \u00bb plus de 24 mois et Mostarda v\u00e9nitienne aux pommes et aux fruits confits Cette mostarda v\u00e9nitienne est une recette de tradition ancienne, \u00e0 base de coings, de pur\u00e9e de pommes, de fruits confits en proportions variables (orange et citron, sirop [&hellip;]\" \/>\n<meta property=\"og:url\" content=\"https:\/\/www.granapadano.it\/fr-fr\/degustation\/mostarda-et-grana-padano\/come-abbinare-grana-padano-riserva-oltre-24-mesi-con-la-mostarda\/\" \/>\n<meta property=\"og:site_name\" content=\"Grana Padano\" \/>\n<meta property=\"article:modified_time\" content=\"2024-05-06T15:59:19+00:00\" \/>\n<meta name=\"twitter:card\" content=\"summary_large_image\" \/>\n<meta name=\"twitter:label1\" content=\"Est. reading time\" \/>\n\t<meta name=\"twitter:data1\" content=\"4 minutes\" \/>\n<script type=\"application\/ld+json\" class=\"yoast-schema-graph\">{\"@context\":\"https:\\\/\\\/schema.org\",\"@graph\":[{\"@type\":\"WebPage\",\"@id\":\"https:\\\/\\\/www.granapadano.it\\\/fr-fr\\\/degustation\\\/mostarda-et-grana-padano\\\/come-abbinare-grana-padano-riserva-oltre-24-mesi-con-la-mostarda\\\/\",\"url\":\"https:\\\/\\\/www.granapadano.it\\\/fr-fr\\\/degustation\\\/mostarda-et-grana-padano\\\/come-abbinare-grana-padano-riserva-oltre-24-mesi-con-la-mostarda\\\/\",\"name\":\"Come abbinare Grana Padano \\\"Riserva\\\" oltre 24 mesi con la mostarda - Grana Padano\",\"isPartOf\":{\"@id\":\"https:\\\/\\\/www.granapadano.it\\\/fr-fr\\\/#website\"},\"datePublished\":\"2024-04-16T16:35:34+00:00\",\"dateModified\":\"2024-05-06T15:59:19+00:00\",\"breadcrumb\":{\"@id\":\"https:\\\/\\\/www.granapadano.it\\\/fr-fr\\\/degustation\\\/mostarda-et-grana-padano\\\/come-abbinare-grana-padano-riserva-oltre-24-mesi-con-la-mostarda\\\/#breadcrumb\"},\"inLanguage\":\"fr-fr\",\"potentialAction\":[{\"@type\":\"ReadAction\",\"target\":[\"https:\\\/\\\/www.granapadano.it\\\/fr-fr\\\/degustation\\\/mostarda-et-grana-padano\\\/come-abbinare-grana-padano-riserva-oltre-24-mesi-con-la-mostarda\\\/\"]}]},{\"@type\":\"BreadcrumbList\",\"@id\":\"https:\\\/\\\/www.granapadano.it\\\/fr-fr\\\/degustation\\\/mostarda-et-grana-padano\\\/come-abbinare-grana-padano-riserva-oltre-24-mesi-con-la-mostarda\\\/#breadcrumb\",\"itemListElement\":[{\"@type\":\"ListItem\",\"position\":1,\"name\":\"Home\",\"item\":\"https:\\\/\\\/www.granapadano.it\\\/fr-fr\\\/\"},{\"@type\":\"ListItem\",\"position\":2,\"name\":\"Recettes\",\"item\":\"https:\\\/\\\/www.granapadano.it\\\/fr-fr\\\/recettes\\\/\"},{\"@type\":\"ListItem\",\"position\":3,\"name\":\"Mostarda et Grana Padano\",\"item\":\"https:\\\/\\\/www.granapadano.it\\\/fr-fr\\\/degustation\\\/mostarda-et-grana-padano\\\/\"},{\"@type\":\"ListItem\",\"position\":4,\"name\":\"Come abbinare Grana Padano &#8220;Riserva&#8221; oltre 24 mesi con la mostarda\"}]},{\"@type\":\"WebSite\",\"@id\":\"https:\\\/\\\/www.granapadano.it\\\/fr-fr\\\/#website\",\"url\":\"https:\\\/\\\/www.granapadano.it\\\/fr-fr\\\/\",\"name\":\"Grana Padano\",\"description\":\"\",\"potentialAction\":[{\"@type\":\"SearchAction\",\"target\":{\"@type\":\"EntryPoint\",\"urlTemplate\":\"https:\\\/\\\/www.granapadano.it\\\/fr-fr\\\/?s={search_term_string}\"},\"query-input\":{\"@type\":\"PropertyValueSpecification\",\"valueRequired\":true,\"valueName\":\"search_term_string\"}}],\"inLanguage\":\"fr-fr\"}]}<\/script>\n<!-- \/ Yoast SEO plugin. -->","yoast_head_json":{"title":"Come abbinare Grana Padano \"Riserva\" oltre 24 mesi con la mostarda - Grana Padano","robots":{"index":"index","follow":"follow","max-snippet":"max-snippet:-1","max-image-preview":"max-image-preview:large","max-video-preview":"max-video-preview:-1"},"canonical":"https:\/\/www.granapadano.it\/fr-fr\/degustation\/mostarda-et-grana-padano\/come-abbinare-grana-padano-riserva-oltre-24-mesi-con-la-mostarda\/","og_locale":"fr_FR","og_type":"article","og_title":"Come abbinare Grana Padano \"Riserva\" oltre 24 mesi con la mostarda - Grana Padano","og_description":"Grana Padano AOP \u00ab R\u00e9serve \u00bb plus de 24 moisMostardaGrana Padano AOP \u00ab R\u00e9serve \u00bb plus de 24 mois et Mostarda v\u00e9nitienne aux pommes et aux fruits confits Cette mostarda v\u00e9nitienne est une recette de tradition ancienne, \u00e0 base de coings, de pur\u00e9e de pommes, de fruits confits en proportions variables (orange et citron, sirop [&hellip;]","og_url":"https:\/\/www.granapadano.it\/fr-fr\/degustation\/mostarda-et-grana-padano\/come-abbinare-grana-padano-riserva-oltre-24-mesi-con-la-mostarda\/","og_site_name":"Grana Padano","article_modified_time":"2024-05-06T15:59:19+00:00","twitter_card":"summary_large_image","twitter_misc":{"Est. reading time":"4 minutes"},"schema":{"@context":"https:\/\/schema.org","@graph":[{"@type":"WebPage","@id":"https:\/\/www.granapadano.it\/fr-fr\/degustation\/mostarda-et-grana-padano\/come-abbinare-grana-padano-riserva-oltre-24-mesi-con-la-mostarda\/","url":"https:\/\/www.granapadano.it\/fr-fr\/degustation\/mostarda-et-grana-padano\/come-abbinare-grana-padano-riserva-oltre-24-mesi-con-la-mostarda\/","name":"Come abbinare Grana Padano \"Riserva\" oltre 24 mesi con la mostarda - Grana Padano","isPartOf":{"@id":"https:\/\/www.granapadano.it\/fr-fr\/#website"},"datePublished":"2024-04-16T16:35:34+00:00","dateModified":"2024-05-06T15:59:19+00:00","breadcrumb":{"@id":"https:\/\/www.granapadano.it\/fr-fr\/degustation\/mostarda-et-grana-padano\/come-abbinare-grana-padano-riserva-oltre-24-mesi-con-la-mostarda\/#breadcrumb"},"inLanguage":"fr-fr","potentialAction":[{"@type":"ReadAction","target":["https:\/\/www.granapadano.it\/fr-fr\/degustation\/mostarda-et-grana-padano\/come-abbinare-grana-padano-riserva-oltre-24-mesi-con-la-mostarda\/"]}]},{"@type":"BreadcrumbList","@id":"https:\/\/www.granapadano.it\/fr-fr\/degustation\/mostarda-et-grana-padano\/come-abbinare-grana-padano-riserva-oltre-24-mesi-con-la-mostarda\/#breadcrumb","itemListElement":[{"@type":"ListItem","position":1,"name":"Home","item":"https:\/\/www.granapadano.it\/fr-fr\/"},{"@type":"ListItem","position":2,"name":"Recettes","item":"https:\/\/www.granapadano.it\/fr-fr\/recettes\/"},{"@type":"ListItem","position":3,"name":"Mostarda et Grana Padano","item":"https:\/\/www.granapadano.it\/fr-fr\/degustation\/mostarda-et-grana-padano\/"},{"@type":"ListItem","position":4,"name":"Come abbinare Grana Padano &#8220;Riserva&#8221; oltre 24 mesi con la mostarda"}]},{"@type":"WebSite","@id":"https:\/\/www.granapadano.it\/fr-fr\/#website","url":"https:\/\/www.granapadano.it\/fr-fr\/","name":"Grana Padano","description":"","potentialAction":[{"@type":"SearchAction","target":{"@type":"EntryPoint","urlTemplate":"https:\/\/www.granapadano.it\/fr-fr\/?s={search_term_string}"},"query-input":{"@type":"PropertyValueSpecification","valueRequired":true,"valueName":"search_term_string"}}],"inLanguage":"fr-fr"}]}},"_links":{"self":[{"href":"https:\/\/www.granapadano.it\/fr-fr\/wp-json\/wp\/v2\/pages\/119113","targetHints":{"allow":["GET"]}}],"collection":[{"href":"https:\/\/www.granapadano.it\/fr-fr\/wp-json\/wp\/v2\/pages"}],"about":[{"href":"https:\/\/www.granapadano.it\/fr-fr\/wp-json\/wp\/v2\/types\/page"}],"author":[{"embeddable":true,"href":"https:\/\/www.granapadano.it\/fr-fr\/wp-json\/wp\/v2\/users\/21"}],"replies":[{"embeddable":true,"href":"https:\/\/www.granapadano.it\/fr-fr\/wp-json\/wp\/v2\/comments?post=119113"}],"version-history":[{"count":3,"href":"https:\/\/www.granapadano.it\/fr-fr\/wp-json\/wp\/v2\/pages\/119113\/revisions"}],"predecessor-version":[{"id":119551,"href":"https:\/\/www.granapadano.it\/fr-fr\/wp-json\/wp\/v2\/pages\/119113\/revisions\/119551"}],"up":[{"embeddable":true,"href":"https:\/\/www.granapadano.it\/fr-fr\/wp-json\/wp\/v2\/pages\/119056"}],"wp:attachment":[{"href":"https:\/\/www.granapadano.it\/fr-fr\/wp-json\/wp\/v2\/media?parent=119113"}],"curies":[{"name":"wp","href":"https:\/\/api.w.org\/{rel}","templated":true}]}}