{"id":119075,"date":"2024-04-16T16:13:24","date_gmt":"2024-04-16T16:13:24","guid":{"rendered":"https:\/\/www.granapadano.it\/degustation\/abbinamenti\/con-quale-mostarda-abbinare-grana-padano\/come-abbinare-grana-padano-9-16-mesi-e-la-mostarda\/"},"modified":"2024-07-26T14:03:38","modified_gmt":"2024-07-26T14:03:38","slug":"grana-padano-aop-9-16-mois-et-mostarda","status":"publish","type":"page","link":"https:\/\/www.granapadano.it\/fr-fr\/degustation\/mostarda-et-grana-padano\/grana-padano-aop-9-16-mois-et-mostarda\/","title":{"rendered":"Grana Padano AOP 9-16 mois et Mostarda"},"content":{"rendered":"<p>[et_pb_section fb_built=&#8221;1&#8243; fullwidth=&#8221;on&#8221; _builder_version=&#8221;4.19.5&#8243; _module_preset=&#8221;default&#8221; global_colors_info=&#8221;{}&#8221;][et_pb_fullwidth_image src=&#8221;https:\/\/www.granapadano.it\/wp-content\/uploads\/2024\/04\/GP_Mostarda-h.jpg&#8221; title_text=&#8221;GP_Mostarda-m&#8221; src_tablet=&#8221;https:\/\/www.granapadano.it\/wp-content\/uploads\/2024\/04\/GP_Mostarda-h.jpg&#8221; src_phone=&#8221;https:\/\/www.granapadano.it\/wp-content\/uploads\/2024\/04\/GP_Mostarda-m.jpg&#8221; src_last_edited=&#8221;on|phone&#8221; _builder_version=&#8221;4.24.3&#8243; _module_preset=&#8221;default&#8221; locked=&#8221;off&#8221; global_colors_info=&#8221;{}&#8221;][\/et_pb_fullwidth_image][\/et_pb_section][et_pb_section fb_built=&#8221;1&#8243; module_class=&#8221;production_sub_hub_main_wrapper&#8221; _builder_version=&#8221;4.19.4&#8243; _module_preset=&#8221;default&#8221; custom_padding=&#8221;13px||0px|||&#8221; locked=&#8221;off&#8221; global_colors_info=&#8221;{}&#8221;][et_pb_row module_class=&#8221;recipe_filter_section&#8221; _builder_version=&#8221;4.19.2&#8243; _module_preset=&#8221;default&#8221; max_width=&#8221;90%&#8221; custom_padding=&#8221;||7px|||&#8221; global_colors_info=&#8221;{}&#8221;][et_pb_column type=&#8221;4_4&#8243; _builder_version=&#8221;4.19.2&#8243; _module_preset=&#8221;default&#8221; global_colors_info=&#8221;{}&#8221;][et_pb_code _builder_version=&#8221;4.19.2&#8243; _module_preset=&#8221;default&#8221; custom_margin=&#8221;||16px|||&#8221; global_colors_info=&#8221;{}&#8221;]<div class=\"breadcrumb\"><a href=\"https:\/\/www.granapadano.it\/fr-fr\/\">Home<\/a>  <  <\/div>[\/et_pb_code][\/et_pb_column][\/et_pb_row][\/et_pb_section][et_pb_section fb_built=&#8221;1&#8243; module_class=&#8221;giovani_sub_hub_title&#8221; _builder_version=&#8221;4.19.5&#8243; _module_preset=&#8221;default&#8221; custom_padding=&#8221;0px||35px||false|false&#8221; locked=&#8221;off&#8221; global_colors_info=&#8221;{}&#8221;][et_pb_row module_class=&#8221;gp_producion_heading_wrapper&#8221; _builder_version=&#8221;4.19.5&#8243; _module_preset=&#8221;default&#8221; max_width=&#8221;90%&#8221; module_alignment=&#8221;center&#8221; custom_padding=&#8221;||||false|false&#8221; global_colors_info=&#8221;{}&#8221;][et_pb_column type=&#8221;4_4&#8243; _builder_version=&#8221;4.19.4&#8243; _module_preset=&#8221;default&#8221; global_colors_info=&#8221;{}&#8221;][et_pb_text module_class=&#8221;giovani_sub_hub_title_text&#8221; _builder_version=&#8221;4.24.3&#8243; _module_preset=&#8221;default&#8221; text_font=&#8221;Merriweather|700|||||||&#8221; text_text_color=&#8221;#0f0f0f&#8221; text_font_size=&#8221;80px&#8221; text_line_height=&#8221;70px&#8221; header_font=&#8221;Merriweather||||||||&#8221; header_text_color=&#8221;gcid-8696fd7e-29dd-4028-9d4d-981b208a53a9&#8243; header_font_size=&#8221;44px&#8221; header_line_height=&#8221;52px&#8221; text_orientation=&#8221;center&#8221; min_height=&#8221;83px&#8221; custom_margin=&#8221;||0px||false|false&#8221; custom_padding=&#8221;||0px||false|false&#8221; hover_enabled=&#8221;0&#8243; global_colors_info=&#8221;{%22gcid-8696fd7e-29dd-4028-9d4d-981b208a53a9%22:%91%22header_text_color%22%93}&#8221; sticky_enabled=&#8221;0&#8243;]<\/p>\n<h1>Grana Padano AOP 9-16 mois<\/h1>\n<p>[\/et_pb_text][\/et_pb_column][\/et_pb_row][et_pb_row column_structure=&#8221;1_4,3_4&#8243; module_class=&#8221;article_dates&#8221; _builder_version=&#8221;4.19.4&#8243; _module_preset=&#8221;default&#8221; max_width=&#8221;90%&#8221; custom_padding=&#8221;2px||6px||false|false&#8221; global_colors_info=&#8221;{}&#8221;][et_pb_column type=&#8221;1_4&#8243; _builder_version=&#8221;4.19.3&#8243; _module_preset=&#8221;default&#8221; global_colors_info=&#8221;{}&#8221;][et_pb_text module_class=&#8221;button_look&#8221; _builder_version=&#8221;4.24.3&#8243; _module_preset=&#8221;default&#8221; text_font=&#8221;FontPadano-Bold||||||||&#8221; text_text_color=&#8221;#000000&#8243; text_font_size=&#8221;26px&#8221; background_color=&#8221;RGBA(255,255,255,0)&#8221; locked=&#8221;off&#8221; global_colors_info=&#8221;{}&#8221;]<\/p>\n<p>Mostarda<\/p>\n<p>[\/et_pb_text][\/et_pb_column][et_pb_column type=&#8221;3_4&#8243; _builder_version=&#8221;4.19.4&#8243; _module_preset=&#8221;default&#8221; global_colors_info=&#8221;{}&#8221;][\/et_pb_column][\/et_pb_row][et_pb_row _builder_version=&#8221;4.24.3&#8243; _module_preset=&#8221;default&#8221; global_colors_info=&#8221;{}&#8221;][et_pb_column type=&#8221;4_4&#8243; module_class=&#8221;article_sub_img_wrap&#8221; _builder_version=&#8221;4.20.2&#8243; _module_preset=&#8221;default&#8221; global_colors_info=&#8221;{}&#8221;][et_pb_text _builder_version=&#8221;4.24.3&#8243; _module_preset=&#8221;default&#8221; text_font=&#8221;||||||||&#8221; text_text_color=&#8221;#0f0f0f&#8221; text_font_size=&#8221;18px&#8221; text_line_height=&#8221;26px&#8221; width=&#8221;100%&#8221; custom_margin=&#8221;||0px||false|false&#8221; hover_enabled=&#8221;0&#8243; global_colors_info=&#8221;{}&#8221; sticky_enabled=&#8221;0&#8243;]<\/p>\n<h3><strong>Grana Padano AOP 9-16 mois et Mostarda de Mantoue \u00e0 base de Pera Abate (poire Abb\u00e9 F\u00e9tel) et autres cultivars<\/strong><\/h3>\n<p>La mostarda de poires est la mostarda la plus classique parmi celles de Mantoue ; aujourd\u2019hui, elle est produite dans quelques ateliers qui en conservent jalousement les anciennes recettes. Les poires cultiv\u00e9es, tant pour un usage alimentaire que pour la fabrication de la mostarda, sont les suivantes : Abb\u00e9 F\u00e9tel, Conf\u00e9rence, Doyenn\u00e9 du Comice, Beurr\u00e9 Bosc (Kaiser), Max Red Bartlett, Williams, Carmen et Santa Maria, ainsi que la rarissime Passe-Crassane, h\u00e9rit\u00e9e de la Maison de Gonzague. Selon le cultivar utilis\u00e9, la Mostarda de poires appara\u00eet d\u2019une couleur caramel clair ou presque ambr\u00e9e, l\u00e9g\u00e8rement croquante et parfum\u00e9e de poire cuite et de croquant aux amandes. Sa faible intensit\u00e9 et persistance permet de l\u2019associer facilement au fromage Grana Padano AOP affin\u00e9 entre 9 et 16 mois. <\/p>\n<p>Dans cet accord, nous avons appr\u00e9ci\u00e9 la d\u00e9licatesse de la mostarda, qui se marie bien avec le Grana Padano 9-16 mois qui, sous cette forme, pr\u00e9sente des notes douces, beurr\u00e9es, de lait cuit et cr\u00e9meuses. La l\u00e9g\u00e8re acidit\u00e9 et sapidit\u00e9 du fromage contrebalance le l\u00e9ger piquant et la douceur de la mostarda. La structure de la mostarda Pera Abate est croquante mais non coriace et pr\u00e9sente une certaine granularit\u00e9 que l\u2019on \u00ab sent \u00bb en bouche, ce qui cr\u00e9e un contraste structurel agr\u00e9able avec ce type de Grana Padano encore relativement jeune. En conclusion, nous pouvons affirmer que l\u2019\u00e9l\u00e9gance et la d\u00e9licatesse sont les \u00e9l\u00e9ments distinctifs de cette association.\n<\/p>\n<p><strong>Le saviez-vous ? <\/strong><\/p>\n<p><span style=\"font-size: 18px;\">La culture des poires, en particulier dans la r\u00e9gion du Viadanese et de l\u2019Oltrep\u00f2 mantovano, est le fruit d\u2019une tradition extraordinairement ancienne. En 1475, c\u2019\u00e9tait une culture r\u00e9pandue et importante, m\u00eame si elle \u00e9tait cultiv\u00e9e dans les jardins des monast\u00e8res et dans les vergers des cours nobles, o\u00f9 l\u2019on proc\u00e9dait \u00e9galement \u00e0 des croisements de diff\u00e9rentes vari\u00e9t\u00e9s afin d\u2019obtenir des fruits aux caract\u00e9ristiques de plus en plus pr\u00e9cieuses.<br \/>\nLes premiers t\u00e9moignages sur la poire de Mantoue remontent \u00e0 Pline l\u2019Ancien (le naturaliste le plus accr\u00e9dit\u00e9 jusqu\u2019au XVIe si\u00e8cle) et \u00e0 Columelle (agronome romain de la premi\u00e8re moiti\u00e9 du Ier si\u00e8cle de notre \u00e8re). Toutefois, \u00e0 cette \u00e9poque-l\u00e0, ainsi qu\u2019au Moyen \u00c2ge, il \u00e9tait d\u2019usage de manger les poires apr\u00e8s cuisson et d\u2019ajouter de la moutarde ou du verjus \u00e9pic\u00e9 avant de les servir \u00e0 table. Apr\u00e8s l\u2019unification de l\u2019Italie et au d\u00e9but de l\u2019apr\u00e8s-guerre, avec la r\u00e9organisation de la production visant \u00e0 valoriser les activit\u00e9s existantes, la culture de la poire a connu une p\u00e9riode de d\u00e9veloppement particulier, gr\u00e2ce \u00e9galement aux innovations technologiques dans le secteur de la conservation et du transport.<br \/>\n<\/span><\/p>\n<p>[\/et_pb_text][\/et_pb_column][\/et_pb_row][et_pb_row column_structure=&#8221;2_5,3_5&#8243; module_class=&#8221;article_sub_img_text_content_left&#8221; _builder_version=&#8221;4.24.3&#8243; _module_preset=&#8221;default&#8221; max_width=&#8221;94%&#8221; custom_padding=&#8221;20px||30px||false|false&#8221; border_color_top=&#8221;RGBA(255,255,255,0)&#8221; locked=&#8221;off&#8221; global_colors_info=&#8221;{}&#8221;][et_pb_column type=&#8221;2_5&#8243; module_class=&#8221;article_sub_img_wrap_left&#8221; _builder_version=&#8221;4.20.2&#8243; _module_preset=&#8221;default&#8221; global_colors_info=&#8221;{}&#8221;][et_pb_image src=&#8221;https:\/\/www.granapadano.it\/wp-content\/uploads\/2024\/04\/GP_Thumb-mostarda.jpg&#8221; title_text=&#8221;GP_Thumb-mostarda&#8221; align=&#8221;center&#8221; show_bottom_space_tablet=&#8221;on&#8221; show_bottom_space_last_edited=&#8221;off|phone&#8221; _builder_version=&#8221;4.24.3&#8243; _module_preset=&#8221;default&#8221; custom_margin=&#8221;||0px||false|false&#8221; custom_margin_tablet=&#8221;30px||||false|false&#8221; custom_margin_phone=&#8221;30px||||false|false&#8221; custom_margin_last_edited=&#8221;on|desktop&#8221; custom_padding=&#8221;0px||0px||false|false&#8221; border_radii=&#8221;on|20px|20px|20px|20px&#8221; global_colors_info=&#8221;{}&#8221;][\/et_pb_image][\/et_pb_column][et_pb_column type=&#8221;3_5&#8243; module_class=&#8221;article_sub_text_wrap_left&#8221; _builder_version=&#8221;4.20.2&#8243; _module_preset=&#8221;default&#8221; global_colors_info=&#8221;{}&#8221;][et_pb_text _builder_version=&#8221;4.24.3&#8243; _module_preset=&#8221;default&#8221; text_font=&#8221;Merriweather|300|||||||&#8221; text_text_color=&#8221;#0f0f0f&#8221; text_font_size=&#8221;18px&#8221; text_line_height=&#8221;26px&#8221; width=&#8221;97.1%&#8221; custom_margin=&#8221;|||0px|false|false&#8221; hover_enabled=&#8221;0&#8243; global_colors_info=&#8221;{}&#8221; sticky_enabled=&#8221;0&#8243;]<\/p>\n<h3><strong> Grana Padano AOP 9-16 mois et Mostarda de Cr\u00e9mone \u00e0 base de fruits m\u00e9lang\u00e9s<\/strong><\/h3>\n<p>Ce type de mostarda est pr\u00e9par\u00e9 avec des fruits entiers confits, du saccharose et du fructose.<br \/>\nOn peut la pr\u00e9parer avec diff\u00e9rents types de fruits, souvent laiss\u00e9s entiers mais aussi coup\u00e9s en morceaux, ce qui peut varier en fonction de la saison et du go\u00fbt. Elle se consomme en la coupant en petits morceaux, en \u00e9vitant de la humer en raison de la forte pr\u00e9sence de moutarde qui pourrait cr\u00e9er un fort larmoiement passager. Il ne faut jamais la d\u00e9guster seule, mais toujours l\u2019accompagner d\u2019un \u00e9l\u00e9ment du plat qui en adoucit le piquant. Sa texture est l\u00e9g\u00e8rement coriace \u00e0 la mastication, ce qui s\u2019explique \u00e9galement par la taille diff\u00e9rente des fruits utilis\u00e9s et par le processus sp\u00e9cial de confiserie. En cuisine, elle se marie bien avec le fromage Grana Padano AOP 9-16 mois. <\/p>\n<p>L\u2019accord propos\u00e9 oppose intensit\u00e9 et texture : dans ce cas, la mostarda pr\u00e9sente une texture variable mais clairement perceptible. L\u2019intensit\u00e9 est tr\u00e8s \u00e9lev\u00e9e, c\u2019est pourquoi nous sugg\u00e9rons d\u2019associer le copeau de Grana Padano \u00e0 un petit morceau de mostarda et de l\u2019essayer avec les diff\u00e9rents fruits, qui auront chacun leur propre structure. La variabilit\u00e9 est importante, y compris du point de vue du piquant\/doux : les cerises, les poires, les figues, les p\u00eaches et les c\u00e9drats seront plus doux et moins piquants, tandis que les agrumes, et typiquement les mandarines, pr\u00e9senteront une vigueur et une intensit\u00e9 capables de faire \u00ab perdre agr\u00e9ablement les sens \u00bb en raison des huiles essentielles contenues dans les agrumes qui renforcent et multiplient le piquant propre \u00e0 l\u2019huile de moutarde.<br \/>\nDans cette combinaison, il est essentiel de trouver la juste proportion entre le copeau de Grana Padano 9-16 mois, caract\u00e9ris\u00e9 par des notes douces et lactiques de beurre fondu et de lait cuit, et la mostarda, qui est intense et \u00ab importante \u00bb.\n<\/p>\n<p>[\/et_pb_text][\/et_pb_column][\/et_pb_row][\/et_pb_section]<\/p>\n","protected":false},"excerpt":{"rendered":"<p><div class=\"breadcrumb\"><a href=\"https:\/\/www.granapadano.it\/fr-fr\/\">Home<\/a>  <  <\/div>Grana Padano AOP 9-16 moisMostardaGrana Padano AOP 9-16 mois et Mostarda de Mantoue \u00e0 base de Pera Abate (poire Abb\u00e9 F\u00e9tel) et autres cultivars La mostarda de poires est la mostarda la plus classique parmi celles de Mantoue ; aujourd\u2019hui, elle est produite dans quelques ateliers qui en conservent jalousement les anciennes recettes. Les poires [&hellip;]<\/p>\n","protected":false},"author":21,"featured_media":0,"parent":119056,"menu_order":352,"comment_status":"closed","ping_status":"closed","template":"","meta":{"_acf_changed":false,"_et_pb_use_builder":"on","_et_pb_old_content":"","_et_gb_content_width":"","footnotes":""},"class_list":["post-119075","page","type-page","status-publish","hentry"],"acf":[],"yoast_head":"<!-- This site is optimized with the Yoast SEO plugin v27.3 - https:\/\/yoast.com\/product\/yoast-seo-wordpress\/ -->\n<title>Grana Padano AOP 9-16 mois et Mostarda - Grana Padano<\/title>\n<meta name=\"robots\" content=\"index, follow, max-snippet:-1, max-image-preview:large, max-video-preview:-1\" \/>\n<link rel=\"canonical\" href=\"https:\/\/www.granapadano.it\/fr-fr\/degustation\/mostarda-et-grana-padano\/grana-padano-aop-9-16-mois-et-mostarda\/\" \/>\n<meta property=\"og:locale\" content=\"fr_FR\" \/>\n<meta property=\"og:type\" content=\"article\" \/>\n<meta property=\"og:title\" content=\"Grana Padano AOP 9-16 mois et Mostarda - Grana Padano\" \/>\n<meta property=\"og:description\" content=\"Grana Padano AOP 9-16 moisMostardaGrana Padano AOP 9-16 mois et Mostarda de Mantoue \u00e0 base de Pera Abate (poire Abb\u00e9 F\u00e9tel) et autres cultivars La mostarda de poires est la mostarda la plus classique parmi celles de Mantoue ; aujourd\u2019hui, elle est produite dans quelques ateliers qui en conservent jalousement les anciennes recettes. Les poires [&hellip;]\" \/>\n<meta property=\"og:url\" content=\"https:\/\/www.granapadano.it\/fr-fr\/degustation\/mostarda-et-grana-padano\/grana-padano-aop-9-16-mois-et-mostarda\/\" \/>\n<meta property=\"og:site_name\" content=\"Grana Padano\" \/>\n<meta property=\"article:modified_time\" content=\"2024-07-26T14:03:38+00:00\" \/>\n<meta name=\"twitter:card\" content=\"summary_large_image\" \/>\n<meta name=\"twitter:label1\" content=\"Est. reading time\" \/>\n\t<meta name=\"twitter:data1\" content=\"5 minutes\" \/>\n<script type=\"application\/ld+json\" class=\"yoast-schema-graph\">{\"@context\":\"https:\\\/\\\/schema.org\",\"@graph\":[{\"@type\":\"WebPage\",\"@id\":\"https:\\\/\\\/www.granapadano.it\\\/fr-fr\\\/degustation\\\/mostarda-et-grana-padano\\\/grana-padano-aop-9-16-mois-et-mostarda\\\/\",\"url\":\"https:\\\/\\\/www.granapadano.it\\\/fr-fr\\\/degustation\\\/mostarda-et-grana-padano\\\/grana-padano-aop-9-16-mois-et-mostarda\\\/\",\"name\":\"Grana Padano AOP 9-16 mois et Mostarda - Grana Padano\",\"isPartOf\":{\"@id\":\"https:\\\/\\\/www.granapadano.it\\\/fr-fr\\\/#website\"},\"datePublished\":\"2024-04-16T16:13:24+00:00\",\"dateModified\":\"2024-07-26T14:03:38+00:00\",\"breadcrumb\":{\"@id\":\"https:\\\/\\\/www.granapadano.it\\\/fr-fr\\\/degustation\\\/mostarda-et-grana-padano\\\/grana-padano-aop-9-16-mois-et-mostarda\\\/#breadcrumb\"},\"inLanguage\":\"fr-fr\",\"potentialAction\":[{\"@type\":\"ReadAction\",\"target\":[\"https:\\\/\\\/www.granapadano.it\\\/fr-fr\\\/degustation\\\/mostarda-et-grana-padano\\\/grana-padano-aop-9-16-mois-et-mostarda\\\/\"]}]},{\"@type\":\"BreadcrumbList\",\"@id\":\"https:\\\/\\\/www.granapadano.it\\\/fr-fr\\\/degustation\\\/mostarda-et-grana-padano\\\/grana-padano-aop-9-16-mois-et-mostarda\\\/#breadcrumb\",\"itemListElement\":[{\"@type\":\"ListItem\",\"position\":1,\"name\":\"Home\",\"item\":\"https:\\\/\\\/www.granapadano.it\\\/fr-fr\\\/\"},{\"@type\":\"ListItem\",\"position\":2,\"name\":\"Recettes\",\"item\":\"https:\\\/\\\/www.granapadano.it\\\/fr-fr\\\/recettes\\\/\"},{\"@type\":\"ListItem\",\"position\":3,\"name\":\"Mostarda et Grana Padano\",\"item\":\"https:\\\/\\\/www.granapadano.it\\\/fr-fr\\\/degustation\\\/mostarda-et-grana-padano\\\/\"},{\"@type\":\"ListItem\",\"position\":4,\"name\":\"Grana Padano AOP 9-16 mois et Mostarda\"}]},{\"@type\":\"WebSite\",\"@id\":\"https:\\\/\\\/www.granapadano.it\\\/fr-fr\\\/#website\",\"url\":\"https:\\\/\\\/www.granapadano.it\\\/fr-fr\\\/\",\"name\":\"Grana Padano\",\"description\":\"\",\"potentialAction\":[{\"@type\":\"SearchAction\",\"target\":{\"@type\":\"EntryPoint\",\"urlTemplate\":\"https:\\\/\\\/www.granapadano.it\\\/fr-fr\\\/?s={search_term_string}\"},\"query-input\":{\"@type\":\"PropertyValueSpecification\",\"valueRequired\":true,\"valueName\":\"search_term_string\"}}],\"inLanguage\":\"fr-fr\"}]}<\/script>\n<!-- \/ Yoast SEO plugin. -->","yoast_head_json":{"title":"Grana Padano AOP 9-16 mois et Mostarda - Grana Padano","robots":{"index":"index","follow":"follow","max-snippet":"max-snippet:-1","max-image-preview":"max-image-preview:large","max-video-preview":"max-video-preview:-1"},"canonical":"https:\/\/www.granapadano.it\/fr-fr\/degustation\/mostarda-et-grana-padano\/grana-padano-aop-9-16-mois-et-mostarda\/","og_locale":"fr_FR","og_type":"article","og_title":"Grana Padano AOP 9-16 mois et Mostarda - Grana Padano","og_description":"Grana Padano AOP 9-16 moisMostardaGrana Padano AOP 9-16 mois et Mostarda de Mantoue \u00e0 base de Pera Abate (poire Abb\u00e9 F\u00e9tel) et autres cultivars La mostarda de poires est la mostarda la plus classique parmi celles de Mantoue ; aujourd\u2019hui, elle est produite dans quelques ateliers qui en conservent jalousement les anciennes recettes. Les poires [&hellip;]","og_url":"https:\/\/www.granapadano.it\/fr-fr\/degustation\/mostarda-et-grana-padano\/grana-padano-aop-9-16-mois-et-mostarda\/","og_site_name":"Grana Padano","article_modified_time":"2024-07-26T14:03:38+00:00","twitter_card":"summary_large_image","twitter_misc":{"Est. reading time":"5 minutes"},"schema":{"@context":"https:\/\/schema.org","@graph":[{"@type":"WebPage","@id":"https:\/\/www.granapadano.it\/fr-fr\/degustation\/mostarda-et-grana-padano\/grana-padano-aop-9-16-mois-et-mostarda\/","url":"https:\/\/www.granapadano.it\/fr-fr\/degustation\/mostarda-et-grana-padano\/grana-padano-aop-9-16-mois-et-mostarda\/","name":"Grana Padano AOP 9-16 mois et Mostarda - Grana Padano","isPartOf":{"@id":"https:\/\/www.granapadano.it\/fr-fr\/#website"},"datePublished":"2024-04-16T16:13:24+00:00","dateModified":"2024-07-26T14:03:38+00:00","breadcrumb":{"@id":"https:\/\/www.granapadano.it\/fr-fr\/degustation\/mostarda-et-grana-padano\/grana-padano-aop-9-16-mois-et-mostarda\/#breadcrumb"},"inLanguage":"fr-fr","potentialAction":[{"@type":"ReadAction","target":["https:\/\/www.granapadano.it\/fr-fr\/degustation\/mostarda-et-grana-padano\/grana-padano-aop-9-16-mois-et-mostarda\/"]}]},{"@type":"BreadcrumbList","@id":"https:\/\/www.granapadano.it\/fr-fr\/degustation\/mostarda-et-grana-padano\/grana-padano-aop-9-16-mois-et-mostarda\/#breadcrumb","itemListElement":[{"@type":"ListItem","position":1,"name":"Home","item":"https:\/\/www.granapadano.it\/fr-fr\/"},{"@type":"ListItem","position":2,"name":"Recettes","item":"https:\/\/www.granapadano.it\/fr-fr\/recettes\/"},{"@type":"ListItem","position":3,"name":"Mostarda et Grana Padano","item":"https:\/\/www.granapadano.it\/fr-fr\/degustation\/mostarda-et-grana-padano\/"},{"@type":"ListItem","position":4,"name":"Grana Padano AOP 9-16 mois et Mostarda"}]},{"@type":"WebSite","@id":"https:\/\/www.granapadano.it\/fr-fr\/#website","url":"https:\/\/www.granapadano.it\/fr-fr\/","name":"Grana Padano","description":"","potentialAction":[{"@type":"SearchAction","target":{"@type":"EntryPoint","urlTemplate":"https:\/\/www.granapadano.it\/fr-fr\/?s={search_term_string}"},"query-input":{"@type":"PropertyValueSpecification","valueRequired":true,"valueName":"search_term_string"}}],"inLanguage":"fr-fr"}]}},"_links":{"self":[{"href":"https:\/\/www.granapadano.it\/fr-fr\/wp-json\/wp\/v2\/pages\/119075","targetHints":{"allow":["GET"]}}],"collection":[{"href":"https:\/\/www.granapadano.it\/fr-fr\/wp-json\/wp\/v2\/pages"}],"about":[{"href":"https:\/\/www.granapadano.it\/fr-fr\/wp-json\/wp\/v2\/types\/page"}],"author":[{"embeddable":true,"href":"https:\/\/www.granapadano.it\/fr-fr\/wp-json\/wp\/v2\/users\/21"}],"replies":[{"embeddable":true,"href":"https:\/\/www.granapadano.it\/fr-fr\/wp-json\/wp\/v2\/comments?post=119075"}],"version-history":[{"count":2,"href":"https:\/\/www.granapadano.it\/fr-fr\/wp-json\/wp\/v2\/pages\/119075\/revisions"}],"predecessor-version":[{"id":122940,"href":"https:\/\/www.granapadano.it\/fr-fr\/wp-json\/wp\/v2\/pages\/119075\/revisions\/122940"}],"up":[{"embeddable":true,"href":"https:\/\/www.granapadano.it\/fr-fr\/wp-json\/wp\/v2\/pages\/119056"}],"wp:attachment":[{"href":"https:\/\/www.granapadano.it\/fr-fr\/wp-json\/wp\/v2\/media?parent=119075"}],"curies":[{"name":"wp","href":"https:\/\/api.w.org\/{rel}","templated":true}]}}