{"id":8920,"date":"2023-01-16T21:46:47","date_gmt":"2023-01-16T21:46:47","guid":{"rendered":"https:\/\/www.granapadano.it\/privacy-policy\/"},"modified":"2023-04-14T15:37:37","modified_gmt":"2023-04-14T15:37:37","slug":"privacy-policy","status":"publish","type":"page","link":"https:\/\/www.granapadano.it\/es\/privacy-policy\/","title":{"rendered":"Privacy Policy"},"content":{"rendered":"<p>[et_pb_section fb_built=\u00bb1&#8243; fullwidth=\u00bbon\u00bb _builder_version=\u00bb4.19.0&#8243; _module_preset=\u00bbdefault\u00bb global_colors_info=\u00bb{}\u00bb][et_pb_fullwidth_image src=\u00bbhttps:\/\/www.granapadano.it\/wp-content\/uploads\/2022\/11\/002_img.png\u00bb title_text=\u00bb002_img\u00bb _builder_version=\u00bb4.19.0&#8243; _module_preset=\u00bbdefault\u00bb global_colors_info=\u00bb{}\u00bb][\/et_pb_fullwidth_image][\/et_pb_section][et_pb_section fb_built=\u00bb1&#8243; _builder_version=\u00bb4.19.3&#8243; _module_preset=\u00bbdefault\u00bb custom_padding=\u00bb||0px||false|false\u00bb global_colors_info=\u00bb{}\u00bb][et_pb_row _builder_version=\u00bb4.19.4&#8243; _module_preset=\u00bbdefault\u00bb min_height=\u00bb66.8px\u00bb custom_padding=\u00bb0px||0px||false|false\u00bb global_colors_info=\u00bb{}\u00bb][et_pb_column type=\u00bb4_4&#8243; _builder_version=\u00bb4.19.4&#8243; _module_preset=\u00bbdefault\u00bb global_colors_info=\u00bb{}\u00bb][et_pb_code _builder_version=\u00bb4.19.4&#8243; _module_preset=\u00bbdefault\u00bb global_colors_info=\u00bb{}\u00bb]<div class=\"breadcrumb\"><a href=\"https:\/\/www.granapadano.it\/es\/\">Inicio<\/a>  <  <\/div>[\/et_pb_code][\/et_pb_column][\/et_pb_row][\/et_pb_section][et_pb_section fb_built=\u00bb1&#8243; module_class=\u00bbprivacy_page\u00bb _builder_version=\u00bb4.20.0&#8243; _module_preset=\u00bbdefault\u00bb custom_padding=\u00bb1px|||||\u00bb global_colors_info=\u00bb{}\u00bb][et_pb_row _builder_version=\u00bb4.19.4&#8243; _module_preset=\u00bbdefault\u00bb min_height=\u00bb139.4px\u00bb global_colors_info=\u00bb{}\u00bb][et_pb_column type=\u00bb4_4&#8243; _builder_version=\u00bb4.19.4&#8243; _module_preset=\u00bbdefault\u00bb global_colors_info=\u00bb{}\u00bb][et_pb_text _builder_version=\u00bb4.20.1&#8243; _module_preset=\u00bbdefault\u00bb text_font=\u00bbMerriweather|700|||||||\u00bb text_text_color=\u00bb#0f0f0f\u00bb text_font_size=\u00bb38px\u00bb text_line_height=\u00bb46px\u00bb text_orientation=\u00bbcenter\u00bb min_height=\u00bb25px\u00bb custom_margin=\u00bb-12px||7px|||\u00bb global_colors_info=\u00bb{}\u00bb]<\/p>\n<p style=\"text-align: center;\">Declaraci\u00f3n para el tratamiento de los datos personales<\/p>\n<p>[\/et_pb_text][\/et_pb_column][\/et_pb_row][et_pb_row _builder_version=\u00bb4.19.4&#8243; _module_preset=\u00bbdefault\u00bb min_height=\u00bb12.2px\u00bb custom_margin=\u00bb-54px|auto|-19px|auto||\u00bb custom_padding=\u00bb||3px|||\u00bb global_colors_info=\u00bb{}\u00bb][et_pb_column type=\u00bb4_4&#8243; _builder_version=\u00bb4.19.4&#8243; _module_preset=\u00bbdefault\u00bb global_colors_info=\u00bb{}\u00bb][et_pb_text _builder_version=\u00bb4.20.1&#8243; _module_preset=\u00bbdefault\u00bb text_font=\u00bbMerriweather|700|||||||\u00bb text_text_color=\u00bb#0f0f0f\u00bb text_font_size=\u00bb20px\u00bb text_line_height=\u00bb31px\u00bb text_orientation=\u00bbcenter\u00bb custom_padding=\u00bb10px||10px||false|false\u00bb global_colors_info=\u00bb{}\u00bb]<\/p>\n<p style=\"text-align: left;\">proporcionada de conformidad y por los efectos del Reglamento UE 2016\/679 o RGPD<\/p>\n<p>[\/et_pb_text][\/et_pb_column][\/et_pb_row][et_pb_row _builder_version=\u00bb4.19.4&#8243; _module_preset=\u00bbdefault\u00bb min_height=\u00bb269.5px\u00bb global_colors_info=\u00bb{}\u00bb][et_pb_column type=\u00bb4_4&#8243; _builder_version=\u00bb4.19.4&#8243; _module_preset=\u00bbdefault\u00bb global_colors_info=\u00bb{}\u00bb][et_pb_text _builder_version=\u00bb4.20.4&#8243; _module_preset=\u00bbdefault\u00bb text_text_color=\u00bb#0f0f0f\u00bb text_font_size=\u00bb18px\u00bb text_line_height=\u00bb26px\u00bb min_height=\u00bb374px\u00bb custom_padding=\u00bb||86px||false|false\u00bb hover_enabled=\u00bb0&#8243; global_colors_info=\u00bb{}\u00bb sticky_enabled=\u00bb0&#8243;]<\/p>\n<p><strong>FINALIDAD DE ESTE DOCUMENTO<\/strong><br \/>A continuaci\u00f3n se comunican las modalidades de tratamiento de los datos personales de los usuarios del Sitio <span style=\"color: #000000;\"><a style=\"color: #000000;\" href=\"https:\/\/www.granapadano.it\/\" target=\"_blank\" rel=\"noopener\">www.granapadano.it<\/a><\/span> que podr\u00edan ser recogidos durante la consulta del mismo.<br \/>La declaraci\u00f3n se proporciona de conformidad con el art\u00edculo 13 del Reglamento UE 2016\/679 y con la normativa nacional en materia de protecci\u00f3n de datos personales para quienes interact\u00faan con los servicios web accesibles por v\u00eda telem\u00e1tica a partir de la direcci\u00f3n: <span style=\"color: #000000;\"><a style=\"color: #000000;\" href=\"https:\/\/www.granapadano.it\/\" target=\"_blank\" rel=\"noopener\">www.granapadano.it<\/a><\/span>.<br \/>Las indicaciones proporcionadas a continuaci\u00f3n tambi\u00e9n se inspiran en las disposiciones de la Directiva 2002\/58\/CE, as\u00ed como en las disposiciones de la Medida de la Autoridad de Supervisi\u00f3n para la protecci\u00f3n de datos personales en materia de cookies.<br \/>Aparte de lo especificado para los datos de navegaci\u00f3n, el Usuario es libre de facilitar los datos personales. El hecho de no facilitar los datos personales conlleva la imposibilidad de utilizar algunos servicios ofrecidos por el Responsable del tratamiento.<\/p>\n<p><strong>EL RESPONSABLE DEL TRATAMIENTO<\/strong><br \/>El Responsable del tratamiento es el \u2018Consorzio Tutela Grana Padano\u2019 con domicilio social en Via XXIV Giugno, 8 C.P. 25025 San Martino della Battaglia &#8211; Desenzano del Garda (Brescia-BS) que puede ser contactado a los siguientes n\u00fameros y direcciones: <strong>tel. 030\/9109811, fax 030\/9910487, e-mail: <span style=\"color: #000000;\"><a style=\"color: #000000;\" href=\"mailto:info@granapadano.it\" target=\"_blank\" rel=\"noopener\">info@granapadano.it<\/a><\/span>.<\/strong><\/p>\n<p><strong>\u00c1MBITO<\/strong><br \/>La declaraci\u00f3n se proporciona solo para el Sitio en cuesti\u00f3n y no para otros sitios web externos que podr\u00edan ser consultados mediante los enlaces presentes en las p\u00e1ginas del Sitio que se conectan a dominios diferentes, que no son de incumbencia del Responsable del tratamiento.<\/p>\n<p><strong>LUGAR DE TRATAMIENTO DE LOS DATOS<\/strong><br \/>Los tratamientos relacionados con los servicios web en el Sitio (f\u00edsicamente residentes en servidores conectados a la red) se llevan a cabo en el domicilio del Responsable del tratamiento, y se ocupan de ellos solo los trabajadores, colaboradores o encargados del tratamiento o bien posibles personas encargadas de operaciones ocasionales de mantenimiento.<\/p>\n<p><strong>TIPOS DE DATOS TRATADOS<\/strong><br \/><strong>DATOS DE NAVEGACI\u00d3N<\/strong><br \/>Los sistemas inform\u00e1ticos y los procedimientos de software utilizados para el funcionamiento del Sitio, durante su ejercicio normal, adquieren algunos datos personales cuya transmisi\u00f3n est\u00e1 impl\u00edcita en el uso de protocolos de comunicaci\u00f3n de Internet. Se trata de informaci\u00f3n que no se recoge para ser asociada a los interesados identificados, pero que por su propia naturaleza, a trav\u00e9s de elaboraciones y asociaciones con datos en poder de terceros, podr\u00eda permitir identificar a los usuarios. Esta categor\u00eda de datos incluye, a modo de ejemplo, las direcciones IP o los nombres de dominio de los ordenadores utilizados por los usuarios que se conectan al Sitio, las direcciones en notaci\u00f3n URI (Uniform Resource Identifier) de los recursos solicitados, el horario de la solicitud, el m\u00e9todo utilizado para enviar la solicitud al servidor, el tama\u00f1o del archivo obtenido en respuesta, el c\u00f3digo num\u00e9rico que indica el estado de la respuesta dada por el servidor (\u00e9xito, error, etc.) y otros par\u00e1metros relativos al sistema operativo y al ambiente inform\u00e1tico del usuario. Estos datos se utilizan con el \u00fanico prop\u00f3sito de obtener informaci\u00f3n estad\u00edstica an\u00f3nima sobre el uso del Sitio y para controlar su correcto funcionamiento. El Responsable del tratamiento podr\u00eda poner los datos a disposici\u00f3n para la determinaci\u00f3n de responsabilidad en caso de hipot\u00e9ticos delitos inform\u00e1ticos u otras solicitudes autorizadas por la autoridad judicial.<\/p>\n<p><strong>DATOS APORTADOS VOLUNTARIAMENTE POR LOS USUARIOS DEL SITIO<\/strong><br \/>El env\u00edo opcional, expl\u00edcito y voluntario de mensajes de correo electr\u00f3nico a las direcciones indicadas en el Sitio, o el hecho de completar formularios de solicitud u otros procedimientos guiados en el Sitio mismo, implica la adquisici\u00f3n posterior de la direcci\u00f3n del remitente, necesaria para responder a las solicitudes, as\u00ed como de cualquier otro dato personal introducido.<br \/>El usuario es libre de facilitar los datos personales contenidos en los formularios de solicitud o indicados en los contactos para solicitar el env\u00edo de material informativo o de otras comunicaciones. El hecho de no facilitar estos datos puede conllevar la imposibilidad de obtener lo solicitado.<br \/>En las p\u00e1ginas del Sitio se incluir\u00e1n o visualizar\u00e1n otras declaraciones de s\u00edntesis espec\u00edficas, preparadas para servicios particulares a petici\u00f3n.<\/p>\n<p><strong>NOMBRE DE USUARIO Y CONTRASE\u00d1A<\/strong><br \/>En caso de que se solicite al usuario que elija un &#8216;nombre de usuario&#8217; y\/o una &#8216;contrase\u00f1a&#8217; para acceder a las secciones reservadas del Sitio, ser\u00e1 responsabilidad del usuario mantener dichos datos reservados y comunicar inmediatamente al Responsable del tratamiento su utilizaci\u00f3n por parte de personas no autorizadas.<\/p>\n<p><strong>COOKIES<\/strong><br \/>Las cookies son breves archivos de texto que se descargan en el dispositivo del Usuario cuando se visita un Sitio web y permiten que el Sitio reconozca el dispositivo del Usuario. Tienen diferentes finalidades, como por ejemplo, permitir navegar de manera eficiente entre las p\u00e1ginas, recordar los sitios favoritos y, en general, mejorar la experiencia de navegaci\u00f3n.<br \/>Seg\u00fan la funci\u00f3n y la finalidad de uso, las cookies se pueden dividir en cookies t\u00e9cnicas, cookies de an\u00e1lisis, cookies de terceros.<br \/>Para obtener m\u00e1s informaci\u00f3n sobre las Cookies utilizadas por el Sitio, consulta la secci\u00f3n espec\u00edfica.<\/p>\n<p><strong>MODALIDAD DEL TRATAMIENTO<\/strong><br \/>Los datos personales son tratados sin instrumentos electr\u00f3nicos y con ellos o, en cualquier caso, automatizados, inform\u00e1ticos o telem\u00e1ticos. En cumplimiento de las obligaciones de adaptaci\u00f3n previstas por la legislaci\u00f3n europea y nacional, se observan espec\u00edficas medidas de seguridad para prevenir la p\u00e9rdida de datos, usos il\u00edcitos o incorrectos y accesos no autorizados.<br \/>Para proporcionar un servicio completo, el Sitio puede contener enlaces a otros sitios web no administrados por el presente Responsable del tratamiento, al que no puede achacarse la responsabilidad de errores, contenidos, cookies, publicaciones de contenido moral il\u00edcito, publicidad, anuncios (banner) o archivos que no cumplan con las disposiciones normativas vigentes ni del respeto de la normativa de Privacidad por parte de dichos sitios.<\/p>\n<p><strong>FINALIDAD DEL TRATAMIENTO Y BASE JUR\u00cdDICA<\/strong><br \/>Los datos personales recogidos ser\u00e1n tratados por &#8216;<strong>CONSORZIO DEL FORMAGGIO GRANA PADANO<\/strong>\u2019 en cumplimiento de las condiciones de licitud a tenor del art. 6 Reg. UE 2016\/679, para las siguientes finalidades:<br \/>a) los datos adquiridos durante la navegaci\u00f3n son tratados para permitir el funcionamiento del sitio;<br \/>b) los datos personales facilitados por los usuarios que env\u00edan solicitudes se utilizan con el \u00fanico prop\u00f3sito de dar ejecuci\u00f3n a la solicitud enviada en cada ocasi\u00f3n;<br \/>c) con el consentimiento previo del interesado, opcional y revocable en cualquier momento, los datos personales facilitados por los usuarios para registrarse en servicios espec\u00edficos (por ej. newsletter) se utilizan con el \u00fanico prop\u00f3sito de proporcionar el servicio solicitado.<br \/>d) al registrarse en el servicio, los usuarios expresan su consentimiento al tratamiento de sus datos personales seg\u00fan lo descrito en las declaraciones espec\u00edficas del servicio.<br \/>e) los datos personales facilitados para cualquier prop\u00f3sito administrativo-contable se utilizan para cumplir con obligaciones contractuales.<\/p>\n<p><strong>DESTINATARIOS O CATEGOR\u00cdAS DE DESTINATARIOS DE LOS DATOS<\/strong><br \/>Para los fines enumerados anteriormente, los datos personales recogidos pueden ser comunicados a los siguientes destinatarios, que tratar\u00e1n los datos en calidad de Encargados y\/o en calidad de personas f\u00edsicas que act\u00faan bajo la autoridad del Responsable y del Encargado:<br \/>\u2022 sujetos que prestan servicios para la gesti\u00f3n del Sitio web, del sistema inform\u00e1tico y de las redes de comunicaci\u00f3n;<br \/>\u2022 estudios profesionales y\/o empresas en el \u00e1mbito de relaciones de asistencia y asesoramiento al Responsable.<br \/>En cualquier caso, los datos podr\u00e1n ser transmitidos a sujetos a quienes la facultad de acceder a los datos est\u00e9 reconocida por disposiciones de ley o por normativas reglamentarias, nacionales o comunitarias (por ejemplo, Autoridades encargadas del control y vigilancia de la Seguridad P\u00fablica, Autoridad Judicial y Polic\u00eda Judicial).<\/p>\n<p><strong>TRANSFERENCIA DE LOS DATOS A TERCEROS PA\u00cdSES Y GARANT\u00cdAS<\/strong><br \/>Para perseguir los fines descritos anteriormente, los datos personales recogidos podr\u00e1n ser transferidos a sistemas inform\u00e1ticos ubicados en pa\u00edses pertenecientes a la Uni\u00f3n Europea o en pa\u00edses no pertenecientes a la UE, de conformidad con las disposiciones del Reglamento, en el art\u00edculo 44 &#8211; Principio general de las transferencias, en el art\u00edculo 45 &#8211; Transferencias basadas en una decisi\u00f3n de adecuaci\u00f3n y en el art\u00edculo 46 &#8211; Transferencias mediante garant\u00edas adecuadas.<\/p>\n<p><strong>PER\u00cdODO DE CONSERVACI\u00d3N<\/strong><br \/>Los datos personales recogidos ser\u00e1n conservados en una forma que permita la identificaci\u00f3n de los interesados durante el tiempo estrictamente necesario para lograr los fines de tratamiento para los que fueron recogidos y otros objetivos permitidos y relacionados o de acuerdo con las disposiciones de la normativa.<br \/>Una vez transcurridos los plazos de conservaci\u00f3n antes mencionados, los datos ser\u00e1n destruidos o anonimizados, de forma compatible con los procedimientos t\u00e9cnicos de supresi\u00f3n y copia de seguridad.<\/p>\n<p><strong>DERECHOS DE LOS INTERESADOS<\/strong><br \/>Los interesados pueden solicitar al Responsable del tratamiento el acceso a los datos que les conciernen, la rectificaci\u00f3n de datos inexactos o la integraci\u00f3n de datos incompletos. Cuando corresponda, los interesados ??podr\u00e1n ejercer el derecho de supresi\u00f3n, limitaci\u00f3n del tratamiento, oposici\u00f3n al tratamiento y portabilidad de los datos (de conformidad con los art\u00edculos de 15 a 22 del RGPD). Si el tratamiento se basa en el consentimiento, los interesados tienen derecho a retirar el consentimiento en cualquier momento.<br \/>Estos derechos pueden ejercerse dirigi\u00e9ndose al Responsable del tratamiento mediante los datos de contacto indicados anteriormente.<\/p>\n<p><strong>DERECHO DE RECLAMACI\u00d3N<\/strong><br \/>Los interesados que consideren que el tratamiento de los datos personales referidos a ellos efectuado a trav\u00e9s de este Sitio vulnera las disposiciones del Reglamento y de la normativa nacional, tienen derecho presentar una reclamaci\u00f3n ante la Autoridad de Supervisi\u00f3n para la protecci\u00f3n de datos personales o bien tienen derecho a la tutela judicial.<\/p>\n<p><strong>CAMBIOS A ESTA POL\u00cdTICA DE PRIVACIDAD<\/strong><br \/>El Responsable del tratamiento se reserva el derecho a actualizar esta Pol\u00edtica de Privacidad en cualquier momento para adaptarla al derecho vigente y mejorarla teniendo en cuenta tambi\u00e9n las sugerencias transmitidas por clientes, colaboradores y usuarios.<\/p>\n<p><strong>COOKIE<\/strong><\/p>\n<p>[\/et_pb_text][et_pb_code _builder_version=\u00bb4.20.4&#8243; _module_preset=\u00bbdefault\u00bb hover_enabled=\u00bb0&#8243; sticky_enabled=\u00bb0&#8243;]<script id=\"CookieDeclaration\" src=\"https:\/\/consent.cookiebot.com\/2f25e4ca-b580-40fa-9afb-ac6deef4bb83\/cd.js\" type=\"text\/javascript\" async><\/script>[\/et_pb_code][\/et_pb_column][\/et_pb_row][\/et_pb_section]<\/p>\n","protected":false},"excerpt":{"rendered":"<p><div class=\"breadcrumb\"><a href=\"https:\/\/www.granapadano.it\/es\/\">Inicio<\/a>  <  <\/div>Declaraci\u00f3n para el tratamiento de los datos personalesproporcionada de conformidad y por los efectos del Reglamento UE 2016\/679 o RGPDFINALIDAD DE ESTE DOCUMENTOA continuaci\u00f3n se comunican las modalidades de tratamiento de los datos personales de los usuarios del Sitio www.granapadano.it que podr\u00edan ser recogidos durante la consulta del mismo.La declaraci\u00f3n se proporciona de conformidad con [&hellip;]<\/p>\n","protected":false},"author":6,"featured_media":0,"parent":0,"menu_order":843,"comment_status":"closed","ping_status":"closed","template":"","meta":{"_acf_changed":false,"_et_pb_use_builder":"on","_et_pb_old_content":"","_et_gb_content_width":"","footnotes":""},"class_list":["post-8920","page","type-page","status-publish","hentry"],"acf":[],"yoast_head":"<!-- This site is optimized with the Yoast SEO plugin v27.2 - https:\/\/yoast.com\/product\/yoast-seo-wordpress\/ -->\n<title>Privacy Policy - Grana Padano<\/title>\n<meta name=\"robots\" content=\"index, follow, max-snippet:-1, max-image-preview:large, max-video-preview:-1\" \/>\n<link rel=\"canonical\" href=\"https:\/\/www.granapadano.it\/es\/privacy-policy\/\" \/>\n<meta property=\"og:locale\" content=\"es_ES\" \/>\n<meta property=\"og:type\" content=\"article\" \/>\n<meta property=\"og:title\" content=\"Privacy Policy - Grana Padano\" \/>\n<meta property=\"og:description\" content=\"Declaraci\u00f3n para el tratamiento de los datos personalesproporcionada de conformidad y por los efectos del Reglamento UE 2016\/679 o RGPDFINALIDAD DE ESTE DOCUMENTOA continuaci\u00f3n se comunican las modalidades de tratamiento de los datos personales de los usuarios del Sitio www.granapadano.it que podr\u00edan ser recogidos durante la consulta del mismo.La declaraci\u00f3n se proporciona de conformidad con [&hellip;]\" \/>\n<meta property=\"og:url\" content=\"https:\/\/www.granapadano.it\/es\/privacy-policy\/\" \/>\n<meta property=\"og:site_name\" content=\"Grana Padano\" \/>\n<meta property=\"article:modified_time\" content=\"2023-04-14T15:37:37+00:00\" \/>\n<meta name=\"twitter:card\" content=\"summary_large_image\" \/>\n<meta name=\"twitter:label1\" content=\"Tiempo de lectura\" \/>\n\t<meta name=\"twitter:data1\" content=\"9 minutos\" \/>\n<script type=\"application\/ld+json\" class=\"yoast-schema-graph\">{\"@context\":\"https:\/\/schema.org\",\"@graph\":[{\"@type\":\"WebPage\",\"@id\":\"https:\/\/www.granapadano.it\/es\/privacy-policy\/\",\"url\":\"https:\/\/www.granapadano.it\/es\/privacy-policy\/\",\"name\":\"Privacy Policy - Grana Padano\",\"isPartOf\":{\"@id\":\"https:\/\/www.granapadano.it\/es\/#website\"},\"datePublished\":\"2023-01-16T21:46:47+00:00\",\"dateModified\":\"2023-04-14T15:37:37+00:00\",\"breadcrumb\":{\"@id\":\"https:\/\/www.granapadano.it\/es\/privacy-policy#breadcrumb\"},\"inLanguage\":\"es\",\"potentialAction\":[{\"@type\":\"ReadAction\",\"target\":[\"https:\/\/www.granapadano.it\/es\/privacy-policy\/\"]}]},{\"@type\":\"BreadcrumbList\",\"@id\":\"https:\/\/www.granapadano.it\/es\/privacy-policy#breadcrumb\",\"itemListElement\":[{\"@type\":\"ListItem\",\"position\":1,\"name\":\"Home\",\"item\":\"https:\/\/www.granapadano.it\/es\/\"},{\"@type\":\"ListItem\",\"position\":2,\"name\":\"Privacy Policy\"}]},{\"@type\":\"WebSite\",\"@id\":\"https:\/\/www.granapadano.it\/es\/#website\",\"url\":\"https:\/\/www.granapadano.it\/es\/\",\"name\":\"Grana Padano\",\"description\":\"\",\"potentialAction\":[{\"@type\":\"SearchAction\",\"target\":{\"@type\":\"EntryPoint\",\"urlTemplate\":\"https:\/\/www.granapadano.it\/es\/?s={search_term_string}\"},\"query-input\":{\"@type\":\"PropertyValueSpecification\",\"valueRequired\":true,\"valueName\":\"search_term_string\"}}],\"inLanguage\":\"es\"}]}<\/script>\n<!-- \/ Yoast SEO plugin. -->","yoast_head_json":{"title":"Privacy Policy - Grana Padano","robots":{"index":"index","follow":"follow","max-snippet":"max-snippet:-1","max-image-preview":"max-image-preview:large","max-video-preview":"max-video-preview:-1"},"canonical":"https:\/\/www.granapadano.it\/es\/privacy-policy\/","og_locale":"es_ES","og_type":"article","og_title":"Privacy Policy - Grana Padano","og_description":"Declaraci\u00f3n para el tratamiento de los datos personalesproporcionada de conformidad y por los efectos del Reglamento UE 2016\/679 o RGPDFINALIDAD DE ESTE DOCUMENTOA continuaci\u00f3n se comunican las modalidades de tratamiento de los datos personales de los usuarios del Sitio www.granapadano.it que podr\u00edan ser recogidos durante la consulta del mismo.La declaraci\u00f3n se proporciona de conformidad con [&hellip;]","og_url":"https:\/\/www.granapadano.it\/es\/privacy-policy\/","og_site_name":"Grana Padano","article_modified_time":"2023-04-14T15:37:37+00:00","twitter_card":"summary_large_image","twitter_misc":{"Tiempo de lectura":"9 minutos"},"schema":{"@context":"https:\/\/schema.org","@graph":[{"@type":"WebPage","@id":"https:\/\/www.granapadano.it\/es\/privacy-policy\/","url":"https:\/\/www.granapadano.it\/es\/privacy-policy\/","name":"Privacy Policy - Grana Padano","isPartOf":{"@id":"https:\/\/www.granapadano.it\/es\/#website"},"datePublished":"2023-01-16T21:46:47+00:00","dateModified":"2023-04-14T15:37:37+00:00","breadcrumb":{"@id":"https:\/\/www.granapadano.it\/es\/privacy-policy#breadcrumb"},"inLanguage":"es","potentialAction":[{"@type":"ReadAction","target":["https:\/\/www.granapadano.it\/es\/privacy-policy\/"]}]},{"@type":"BreadcrumbList","@id":"https:\/\/www.granapadano.it\/es\/privacy-policy#breadcrumb","itemListElement":[{"@type":"ListItem","position":1,"name":"Home","item":"https:\/\/www.granapadano.it\/es\/"},{"@type":"ListItem","position":2,"name":"Privacy Policy"}]},{"@type":"WebSite","@id":"https:\/\/www.granapadano.it\/es\/#website","url":"https:\/\/www.granapadano.it\/es\/","name":"Grana Padano","description":"","potentialAction":[{"@type":"SearchAction","target":{"@type":"EntryPoint","urlTemplate":"https:\/\/www.granapadano.it\/es\/?s={search_term_string}"},"query-input":{"@type":"PropertyValueSpecification","valueRequired":true,"valueName":"search_term_string"}}],"inLanguage":"es"}]}},"_links":{"self":[{"href":"https:\/\/www.granapadano.it\/es\/wp-json\/wp\/v2\/pages\/8920","targetHints":{"allow":["GET"]}}],"collection":[{"href":"https:\/\/www.granapadano.it\/es\/wp-json\/wp\/v2\/pages"}],"about":[{"href":"https:\/\/www.granapadano.it\/es\/wp-json\/wp\/v2\/types\/page"}],"author":[{"embeddable":true,"href":"https:\/\/www.granapadano.it\/es\/wp-json\/wp\/v2\/users\/6"}],"replies":[{"embeddable":true,"href":"https:\/\/www.granapadano.it\/es\/wp-json\/wp\/v2\/comments?post=8920"}],"version-history":[{"count":1,"href":"https:\/\/www.granapadano.it\/es\/wp-json\/wp\/v2\/pages\/8920\/revisions"}],"predecessor-version":[{"id":91669,"href":"https:\/\/www.granapadano.it\/es\/wp-json\/wp\/v2\/pages\/8920\/revisions\/91669"}],"wp:attachment":[{"href":"https:\/\/www.granapadano.it\/es\/wp-json\/wp\/v2\/media?parent=8920"}],"curies":[{"name":"wp","href":"https:\/\/api.w.org\/{rel}","templated":true}]}}