{"id":86448,"date":"2023-03-28T13:08:20","date_gmt":"2023-03-28T13:08:20","guid":{"rendered":"https:\/\/www.granapadano.it\/curiosidades-y-eventos\/curiosidades-sobre-el-grana-padano\/grana-padano-and-parmigiano-reggiano-particular-aspects-and-specifications\/"},"modified":"2023-04-08T11:48:02","modified_gmt":"2023-04-08T11:48:02","slug":"diferencias-entre-grana-padano-y-parmigiano-reggiano","status":"publish","type":"page","link":"https:\/\/www.granapadano.it\/es\/curiosidades-y-eventos\/curiosidades-sobre-el-grana-padano\/diferencias-entre-grana-padano-y-parmigiano-reggiano\/","title":{"rendered":"Diferencias entre Grana Padano y Parmigiano Reggiano"},"content":{"rendered":"<p>[et_pb_section fb_built=\u00bb1&#8243; fullwidth=\u00bbon\u00bb _builder_version=\u00bb4.19.0&#8243; _module_preset=\u00bbdefault\u00bb global_colors_info=\u00bb{}\u00bb][et_pb_fullwidth_image src=\u00bbhttps:\/\/www.granapadano.it\/wp-content\/uploads\/2023\/03\/Differenze-GP-PR-h.jpg\u00bb title_text=\u00bbDifferenze GP-PR-m\u00bb src_tablet=\u00bbhttps:\/\/www.granapadano.it\/wp-content\/uploads\/2023\/03\/Differenze-GP-PR-h.jpg\u00bb src_phone=\u00bbhttps:\/\/www.granapadano.it\/wp-content\/uploads\/2023\/03\/Differenze-GP-PR-m.jpg\u00bb src_last_edited=\u00bbon|phone\u00bb _builder_version=\u00bb4.20.2&#8243; _module_preset=\u00bbdefault\u00bb global_colors_info=\u00bb{}\u00bb][\/et_pb_fullwidth_image][\/et_pb_section][et_pb_section fb_built=\u00bb1&#8243; module_class=\u00bbproduction_sub_hub_main_wrapper\u00bb _builder_version=\u00bb4.19.3&#8243; _module_preset=\u00bbdefault\u00bb custom_padding=\u00bb13px||0px|||\u00bb global_colors_info=\u00bb{}\u00bb][et_pb_row module_class=\u00bbrecipe_filter_section\u00bb _builder_version=\u00bb4.19.4&#8243; _module_preset=\u00bbdefault\u00bb max_width=\u00bb90%\u00bb custom_padding=\u00bb||7px|||\u00bb global_colors_info=\u00bb{}\u00bb][et_pb_column type=\u00bb4_4&#8243; _builder_version=\u00bb4.19.4&#8243; _module_preset=\u00bbdefault\u00bb global_colors_info=\u00bb{}\u00bb][et_pb_code _builder_version=\u00bb4.19.4&#8243; _module_preset=\u00bbdefault\u00bb global_colors_info=\u00bb{}\u00bb]<div class=\"breadcrumb\"><a href=\"https:\/\/www.granapadano.it\/es\/\">Inicio<\/a>  <  <\/div>[\/et_pb_code][\/et_pb_column][\/et_pb_row][\/et_pb_section][et_pb_section fb_built=\u00bb1&#8243; _builder_version=\u00bb4.20.2&#8243; _module_preset=\u00bbdefault\u00bb custom_padding=\u00bb0px||||false|false\u00bb global_colors_info=\u00bb{}\u00bb][et_pb_row module_class=\u00bbgp_inner_txt\u00bb _builder_version=\u00bb4.20.2&#8243; _module_preset=\u00bbdefault\u00bb max_width=\u00bb90%\u00bb min_height=\u00bb55.9px\u00bb custom_padding=\u00bb7px||0px|||\u00bb global_colors_info=\u00bb{}\u00bb][et_pb_column type=\u00bb4_4&#8243; _builder_version=\u00bb4.19.4&#8243; _module_preset=\u00bbdefault\u00bb global_colors_info=\u00bb{}\u00bb][et_pb_text module_class=\u00bbeventi_ambascitori_top_sec_title\u00bb _builder_version=\u00bb4.20.4&#8243; _module_preset=\u00bbdefault\u00bb text_font=\u00bbMerriweather|700|||||||\u00bb text_text_color=\u00bb#0f0f0f\u00bb text_font_size=\u00bb44px\u00bb text_line_height=\u00bb62px\u00bb header_text_color=\u00bbgcid-8696fd7e-29dd-4028-9d4d-981b208a53a9&#8243; header_font_size=\u00bb44px\u00bb header_line_height=\u00bb52px\u00bb text_orientation=\u00bbcenter\u00bb custom_margin=\u00bb15px||40px||false|false\u00bb hover_enabled=\u00bb0&#8243; global_colors_info=\u00bb{%22gcid-8696fd7e-29dd-4028-9d4d-981b208a53a9%22:%91%22header_text_color%22%93}\u00bb sticky_enabled=\u00bb0&#8243;]<\/p>\n<h1>Diferencias entre Grana Padano y Parmigiano Reggiano<\/h1>\n<p>[\/et_pb_text][et_pb_text _builder_version=\u00bb4.20.4&#8243; _module_preset=\u00bbdefault\u00bb text_font=\u00bb|700|||||||\u00bb text_text_color=\u00bb#000000&#8243; text_font_size=\u00bb18px\u00bb background_color=\u00bbgcid-26f0371c-74dd-4e63-bbf8-f8ec94f09a6d\u00bb text_orientation=\u00bbcenter\u00bb width=\u00bb48%\u00bb width_tablet=\u00bb49.9%\u00bb width_phone=\u00bb80.1%\u00bb width_last_edited=\u00bbon|phone\u00bb module_alignment=\u00bbleft\u00bb custom_margin=\u00bb0px|136px|20px|0px|false|false\u00bb custom_padding=\u00bb10px|0px|10px|0px|false|false\u00bb hover_enabled=\u00bb0&#8243; border_radii=\u00bbon|50px|50px|50px|50px\u00bb border_style_all=\u00bbnone\u00bb locked=\u00bboff\u00bb global_colors_info=\u00bb{%22gcid-26f0371c-74dd-4e63-bbf8-f8ec94f09a6d%22:%91%22background_color%22,%22background_color%22,%22background_color%22,%22background_color%22%93}\u00bb sticky_enabled=\u00bb0&#8243;]<\/p>\n<p>Peculiaridades y especificaciones<\/p>\n<p>[\/et_pb_text][et_pb_text _builder_version=\u00bb4.20.2&#8243; _module_preset=\u00bbdefault\u00bb text_font=\u00bbMerriweather|300|||||||\u00bb text_text_color=\u00bb#000000&#8243; text_font_size=\u00bb18px\u00bb text_line_height=\u00bb26px\u00bb text_orientation=\u00bbcenter\u00bb global_colors_info=\u00bb{}\u00bb]<\/p>\n<p style=\"text-align: left;\"><span>La gran mayor\u00eda de los consumidores conoce los dos quesos Grana Padano y Parmigiano Reggiano.<\/span><br \/><span>Muchos tambi\u00e9n saben que son dos quesos con Denominaci\u00f3n de Origen Protegida y saben identificar qu\u00e9 significa esto en t\u00e9rminos de caracter\u00edsticas del producto en comparaci\u00f3n con productos gen\u00e9ricos similares.<\/span><br \/><span>Grana Padano y Parmigiano Reggiano presentan una serie de caracter\u00edsticas que los unen y una serie de elementos que, por el contrario, los diferencian y distinguen netamente. Tal\u00a0es as\u00ed que ambos quesos se han afirmado como denominaci\u00f3n de origen y t\u00edpica, primero a nivel italiano y despu\u00e9s a nivel europeo, con el reconocimiento de la Denominaci\u00f3n de Origen Protegida.<\/span><br \/><span>Por lo tanto, es leg\u00edtimo y, por as\u00ed decirlo, natural que uno tenga la curiosidad de comprender con precisi\u00f3n en qu\u00e9 se diferencian exactamente los dos quesos, en apariencia tan similares y en realidad tan diferentes que han llegado a merecer cada uno su propia DOP.<\/span><br \/><span>Hay muchos contextos que comparan las caracter\u00edsticas fundamentales de los dos quesos en cuesti\u00f3n.<\/span><br \/><span>Sin embargo, dado que cada vez m\u00e1s a menudo hemos tenido que constatar que circulan comparaciones que atribuyen al queso Grana Padano DOP caracter\u00edsticas completamente equivocadas y ajenas a lo previsto por el pliego de condiciones de producci\u00f3n, se considera \u00fatil y necesario hacer presente y aclarar definitivamente cu\u00e1les son las diferencias reales entre el queso Grana Padano DOP y el queso Parmigiano Reggiano DOP.<\/span><\/p>\n<p style=\"text-align: left;\"><span>Los elementos que unen los dos quesos en cuesti\u00f3n son b\u00e1sicamente:<\/span><\/p>\n<ul>\n<li style=\"text-align: left;\"><strong>El origen hist\u00f3rico-geogr\u00e1fico<\/strong>: los or\u00edgenes de ambos quesos se pierden en la noche de los siglos y se remontan a hace casi mil a\u00f1os; el \u00e1rea de origen es la Llanura del Po.<br \/>Por lo que respecta al Grana Padano, el origen se sit\u00faa a 1135 por obra de los monjes benedictinos de laAbad\u00eda de Chiaravalle, quienes pusieron a punto la receta como recurso genial para conservar en el tiempo la leche excedente.<\/li>\n<li style=\"text-align: left;\"><strong>Las caracter\u00edsticas exteriores<\/strong>: los dos quesos son completamente similares por lo que respecta a geometr\u00eda de la rueda, tama\u00f1o y peso.<\/li>\n<li style=\"text-align: left;\"><strong>El n\u00famero de orde\u00f1os de las vacas<\/strong>: <span>los pliegos de condiciones de ambos quesos establecen que las vacas han de ser orde\u00f1adas dos veces al d\u00eda.<\/span><\/li>\n<li style=\"text-align: left;\"><strong>El empleo de equipos iguales o similares<\/strong>: <span>teniendo en cuenta el origen com\u00fan y el car\u00e1cter tradicional del procedimiento de producci\u00f3n, los equipos empleados, desde la caldera hasta las distintas herramientas utilizadas, son similares, si no incluso las mismas.<\/span><\/li>\n<li style=\"text-align: left;\"><span>La<\/span><strong><span>\u00a0<\/span>utilizaci\u00f3n de cuajo \u00fanica y exclusivamente de origen animal <\/strong><span>y, en particular, cuajo de ternera: a este respecto, debe enfatizarse que es absolutamente falso que el cuajo empleado para producir el Grana Padano sea o pueda ser vegetal o bacteriano, como se puede leer en ciertos contextos.. Se trata de afirmaciones sin ning\u00fan fundamento, como se puede constatar f\u00e1cilmente al leer el pliego de condiciones de producci\u00f3n.<\/span><\/li>\n<li style=\"text-align: left;\"><strong>La estructura de la pasta<\/strong> <span>los pliegos de condiciones de ambos quesos prev\u00e9n que la misma sea finamente granulosa con fractura en escamas.<\/span><\/li>\n<li style=\"text-align: left;\"><strong>Una maduraci\u00f3n prolongada <\/strong>y que puede dilatarse durante un per\u00edodo m\u00e1s o menos largo, aunque normalmente el Parmigiano Reggiano madura durante per\u00edodos m\u00e1s largos respecto al Grana Padano.<\/li>\n<\/ul>\n<p style=\"text-align: left;\"><span>Las especificidades que han permitido a ambos quesos en cuesti\u00f3n obtener la DOP son b\u00e1sicamente:<\/span><\/p>\n<ul>\n<li style=\"text-align: left;\"><strong>La zona de producci\u00f3n<\/strong>: <span>por lo que respecta al\u00a0Grana Padano DOP,\u00a0abarca 32 provincias en cinco regiones: Piamonte, Lombard\u00eda, V\u00e9neto, Emilia Roma\u00f1a, Trentino Alto Adigio (para conocer la lista completa, consulta el pliego de condiciones de producci\u00f3n).<\/span>\n<div>Recordamos que forma parte de la DOP Grana Padano tambi\u00e9n el tipo espec\u00edfico Trentingrana, que b\u00e1sicamente es un Grana Padano producido en la provincia aut\u00f3noma de Trento y que se caracteriza por algunas especificaciones, tanto por lo que respecta a la alimentaci\u00f3n de las vacas como por algunos aspectos de la elaboraci\u00f3n.<br \/>Para el Parmigiano Reggiano DOP, la zona de producci\u00f3n est\u00e1 circunscrita a la regi\u00f3n de Emilia Roma\u00f1a y a la zona al este del r\u00edo Po de la provincia de Mantua.<\/div>\n<\/li>\n<li style=\"text-align: left;\"><strong>Alimentaci\u00f3n de las vacas lecheras<\/strong>: para el Grana Padano DOP, adem\u00e1s de forrajes frescos o henificados, es posible emplear forrajes ensilados (principalmente ensilado de ma\u00edz). La utilizaci\u00f3n de ensilados hace necesario el empleo durante la elaboraci\u00f3n de lisozima, una prote\u00edna natural extra\u00edda de la clara del huevo de gallina, que la normativa clasifica para los quesos como conservante. La lisozima, admitida en un m\u00e1ximo de 2.5 gramos por cada 100 kilos de leche, tiene la funci\u00f3n de prevenir fermentaciones an\u00f3malas por parte del \u00abClostridium tyrobutyricum\u00bb en la maduraci\u00f3n del queso que podr\u00edan ocurrir debido al uso de ensilados. La lisozima est\u00e1 presente en trazas en la leche de vaca, as\u00ed como en grandes cantidades en las l\u00e1grimas, en la saliva, en la leche materna, en los huevos.<br \/>Para el tipo espec\u00edfico Trentingrana, la utilizaci\u00f3n de ensilados est\u00e1 expresamente prohibida y, por lo tanto, tambi\u00e9n se excluye la utilizaci\u00f3n de lisozima en la elaboraci\u00f3n. Esto tambi\u00e9n se aplica para el Parmigiano Reggiano DOP.<br \/>En cualquier caso, por lo que respecta al Grana Padano DOP (incluido el tipo Trentingrana), la relaci\u00f3n con el territorio est\u00e1 garantizada por la utilizaci\u00f3n predominante de alimentos que proceden de cultivos efectuados dentro del respectivo territorio de producci\u00f3n, con especial relevancia para los alimentos que proceden de la explotaci\u00f3n, y en el Grana Padano esta relaci\u00f3n, precisamente gracias a los ensilados derivados de la explotaci\u00f3n es la m\u00e1s alta en absoluto.<br \/>Por lo tanto, es incorrecta y completamente infundada la afirmaci\u00f3n que se encuentra en ocasiones seg\u00fan la cual en el Grana Padano estar\u00edan gen\u00e9ricamente admitidos \u00abconservantes\u00bb, con ello dejando suponer de manera razonable &#8211; pero del todo incorrecta &#8211; que en el Grana Padano tambi\u00e9n puede haber otros conservantes, mientras que como se ha dicho solo se admite el uso de la lisozima, que es una prote\u00edna natural con actividad enzim\u00e1tica extra\u00edda del huevo y que, en particular, en el Grana Padano DOP no desempe\u00f1a la funci\u00f3n de conservante sino de coadyuvante tecnol\u00f3gico (nota n.\u00ba 19 335 de 8\/ 5\/2018 del Ministerio de Sanidad).<\/li>\n<li style=\"text-align: left;\"><strong>Orde\u00f1os<\/strong>: <span>por lo que concierne al Grana Padano DOP, los dos orde\u00f1os utilizados &#8211; ya sea que se empleen separados o mezclados &#8211; son sometidos a desnatado mediante afloramiento natural de la nata.<\/span><br \/><span>Para el Parmigiano Reggiano DOP, solo un orde\u00f1o (generalmente el de la tarde) es sometido a afloramiento, mientras que el de la ma\u00f1ana se usa entero, mezclado con el de la tarde.<\/span><br \/><span>Esto implica que la leche destinada a la producci\u00f3n del Grana Padano DOP tiene un contenido de grasa m\u00e1s bajo (aproximadamente 2.6% para el Grana Padano DOP, mientras que para el Parmigiano Reggiano DOP es aproximadamente 2.8%).<\/span><br \/><span>Adem\u00e1s, el Grana Padano DOP, a diferencia de lo previsto para el Parmigiano Reggiano DOP y para el tipo Trentingrana, tiene un par\u00e1metro en el pliego de condiciones seg\u00fan el cual la relaci\u00f3n grasa\/case\u00edna en la caldera debe estar comprendida entre 0.80 y 1.05.<\/span><br \/><span>Como resultado de lo anterior, el Grana Padano DOP tiene un contenido medio de grasa inferior respecto al Parmigiano Reggiano y, por lo tanto, madura en tiempos m\u00e1s breves.<\/span><\/li>\n<li style=\"text-align: left;\"><strong>Inspecci\u00f3n de calidad y maduraci\u00f3n<\/strong>: <span>el Grana Padano DOP es sometido a inspecci\u00f3n de calidad, para ser despu\u00e9s marcado a fuego con el distintivo de la DOP al cumplir el noveno mes de maduraci\u00f3n. Para el Parmigiano Reggiano DOP, la inspecci\u00f3n de calidad tiene lugar al cumplir el duod\u00e9cimo mes de maduraci\u00f3n.<\/span><br \/><span>Para el Grana Padano DOP, la maduraci\u00f3n m\u00e1s larga prevista expresamente por el Pliego de condiciones es la del tipo \u201cGrana Padano RESERVA &#8211; M\u00e1s de 20 meses\u201d. Para el Parmigiano Reggiano DOP, la maduraci\u00f3n m\u00e1s larga prevista expresamente por el Pliego de condiciones es la del queso de m\u00e1s de 30 meses. Sin embargo, para ambos quesos tambi\u00e9n es posible encontrar maduraciones superiores.<\/span><\/li>\n<\/ul>\n<p style=\"text-align: left;\"><span>Habiendo resumido brevemente las caracter\u00edsticas principales de los quesos con Denominaci\u00f3n de Origen Protegida Grana Padano y Parmigiano Reggiano, es conveniente recordar en s\u00edntesis los elementos principales que distinguen los dos productos DOP de los dem\u00e1s quesos duros gen\u00e9ricos similares.<\/span><br \/><span>A este respecto, es preciso tener en cuenta que, a diferencia de los productos gen\u00e9ricos, para los productos DOP:<\/span><\/p>\n<ul>\n<li style=\"text-align: left;\">a) La leche utilizada proviene exclusivamente de la zona de origen codificada en el pliego de condiciones de producci\u00f3n; sin embargo, para los gen\u00e9ricos, obviamente tambi\u00e9n puede provenir del extranjero.<\/li>\n<li style=\"text-align: left;\">b) Los productos DOP deben respetar un pliego de condiciones de producci\u00f3n que cualquiera puede consultar libremente; los productos gen\u00e9ricos no est\u00e1n obligados a hacer p\u00fablica su \u00abreceta\u00bb y las modalidades con las que se obtienen.<\/li>\n<li style=\"text-align: left;\">c) Los productos DOP est\u00e1n certificados por un Organismo de control tercero, autorizado a tal efecto por el Ministerio de Pol\u00edticas Agr\u00edcolas, Alimentarias y Forestales, que acredita y ratifica la conformidad de los productos DOP con el respectivo pliego de condiciones de producci\u00f3n. Las posibles certificaciones de las que podr\u00edan preciarse los productos gen\u00e9ricos no ofrecen las mismas garant\u00edas de objetividad e imparcialidad y, a menudo, la garant\u00eda que estos productos pueden ofrecer deriva \u00fanicamente del prestigio y la fiabilidad que la marca comercial de quien los produce ha sabido conquistar.<\/li>\n<\/ul>\n<p>[\/et_pb_text][\/et_pb_column][\/et_pb_row][\/et_pb_section]<\/p>\n","protected":false},"excerpt":{"rendered":"<p><div class=\"breadcrumb\"><a href=\"https:\/\/www.granapadano.it\/es\/\">Inicio<\/a>  <  <\/div>Diferencias entre Grana Padano y Parmigiano ReggianoPeculiaridades y especificacionesLa gran mayor\u00eda de los consumidores conoce los dos quesos Grana Padano y Parmigiano Reggiano.Muchos tambi\u00e9n saben que son dos quesos con Denominaci\u00f3n de Origen Protegida y saben identificar qu\u00e9 significa esto en t\u00e9rminos de caracter\u00edsticas del producto en comparaci\u00f3n con productos gen\u00e9ricos similares.Grana Padano y Parmigiano [&hellip;]<\/p>\n","protected":false},"author":3,"featured_media":0,"parent":37149,"menu_order":867,"comment_status":"closed","ping_status":"closed","template":"","meta":{"_acf_changed":false,"_et_pb_use_builder":"on","_et_pb_old_content":"","_et_gb_content_width":"","footnotes":""},"class_list":["post-86448","page","type-page","status-publish","hentry"],"acf":[],"yoast_head":"<!-- This site is optimized with the Yoast SEO plugin v27.3 - https:\/\/yoast.com\/product\/yoast-seo-wordpress\/ -->\n<title>Diferencias entre Grana Padano y Parmigiano Reggiano - Grana Padano<\/title>\n<meta name=\"robots\" content=\"index, follow, max-snippet:-1, max-image-preview:large, max-video-preview:-1\" \/>\n<link rel=\"canonical\" href=\"https:\/\/www.granapadano.it\/es\/curiosidades-y-eventos\/curiosidades-sobre-el-grana-padano\/diferencias-entre-grana-padano-y-parmigiano-reggiano\/\" \/>\n<meta property=\"og:locale\" content=\"es_ES\" \/>\n<meta property=\"og:type\" content=\"article\" \/>\n<meta property=\"og:title\" content=\"Diferencias entre Grana Padano y Parmigiano Reggiano - Grana Padano\" \/>\n<meta property=\"og:description\" content=\"Diferencias entre Grana Padano y Parmigiano ReggianoPeculiaridades y especificacionesLa gran mayor\u00eda de los consumidores conoce los dos quesos Grana Padano y Parmigiano Reggiano.Muchos tambi\u00e9n saben que son dos quesos con Denominaci\u00f3n de Origen Protegida y saben identificar qu\u00e9 significa esto en t\u00e9rminos de caracter\u00edsticas del producto en comparaci\u00f3n con productos gen\u00e9ricos similares.Grana Padano y Parmigiano [&hellip;]\" \/>\n<meta property=\"og:url\" content=\"https:\/\/www.granapadano.it\/es\/curiosidades-y-eventos\/curiosidades-sobre-el-grana-padano\/diferencias-entre-grana-padano-y-parmigiano-reggiano\/\" \/>\n<meta property=\"og:site_name\" content=\"Grana Padano\" \/>\n<meta property=\"article:modified_time\" content=\"2023-04-08T11:48:02+00:00\" \/>\n<meta name=\"twitter:card\" content=\"summary_large_image\" \/>\n<meta name=\"twitter:label1\" content=\"Tiempo de lectura\" \/>\n\t<meta name=\"twitter:data1\" content=\"8 minutos\" \/>\n<script type=\"application\/ld+json\" class=\"yoast-schema-graph\">{\"@context\":\"https:\\\/\\\/schema.org\",\"@graph\":[{\"@type\":\"WebPage\",\"@id\":\"https:\\\/\\\/www.granapadano.it\\\/es\\\/curiosidades-y-eventos\\\/curiosidades-sobre-el-grana-padano\\\/diferencias-entre-grana-padano-y-parmigiano-reggiano\\\/\",\"url\":\"https:\\\/\\\/www.granapadano.it\\\/es\\\/curiosidades-y-eventos\\\/curiosidades-sobre-el-grana-padano\\\/diferencias-entre-grana-padano-y-parmigiano-reggiano\\\/\",\"name\":\"Diferencias entre Grana Padano y Parmigiano Reggiano - Grana Padano\",\"isPartOf\":{\"@id\":\"https:\\\/\\\/www.granapadano.it\\\/es\\\/#website\"},\"datePublished\":\"2023-03-28T13:08:20+00:00\",\"dateModified\":\"2023-04-08T11:48:02+00:00\",\"breadcrumb\":{\"@id\":\"https:\\\/\\\/www.granapadano.it\\\/es\\\/curiosidades-y-eventos\\\/curiosidades-sobre-el-grana-padano\\\/diferencias-entre-grana-padano-y-parmigiano-reggiano\\\/#breadcrumb\"},\"inLanguage\":\"es\",\"potentialAction\":[{\"@type\":\"ReadAction\",\"target\":[\"https:\\\/\\\/www.granapadano.it\\\/es\\\/curiosidades-y-eventos\\\/curiosidades-sobre-el-grana-padano\\\/diferencias-entre-grana-padano-y-parmigiano-reggiano\\\/\"]}]},{\"@type\":\"BreadcrumbList\",\"@id\":\"https:\\\/\\\/www.granapadano.it\\\/es\\\/curiosidades-y-eventos\\\/curiosidades-sobre-el-grana-padano\\\/diferencias-entre-grana-padano-y-parmigiano-reggiano\\\/#breadcrumb\",\"itemListElement\":[{\"@type\":\"ListItem\",\"position\":1,\"name\":\"Home\",\"item\":\"https:\\\/\\\/www.granapadano.it\\\/es\\\/\"},{\"@type\":\"ListItem\",\"position\":2,\"name\":\"Curiosidades y Eventos\",\"item\":\"https:\\\/\\\/www.granapadano.it\\\/es\\\/curiosita-ed-eventi\\\/\"},{\"@type\":\"ListItem\",\"position\":3,\"name\":\"Curiosidades sobre el Grana Padano\",\"item\":\"https:\\\/\\\/www.granapadano.it\\\/es\\\/curiosita-ed-eventi\\\/curiosita-sul-prodotto\\\/\"},{\"@type\":\"ListItem\",\"position\":4,\"name\":\"Diferencias entre Grana Padano y Parmigiano Reggiano\"}]},{\"@type\":\"WebSite\",\"@id\":\"https:\\\/\\\/www.granapadano.it\\\/es\\\/#website\",\"url\":\"https:\\\/\\\/www.granapadano.it\\\/es\\\/\",\"name\":\"Grana Padano\",\"description\":\"\",\"potentialAction\":[{\"@type\":\"SearchAction\",\"target\":{\"@type\":\"EntryPoint\",\"urlTemplate\":\"https:\\\/\\\/www.granapadano.it\\\/es\\\/?s={search_term_string}\"},\"query-input\":{\"@type\":\"PropertyValueSpecification\",\"valueRequired\":true,\"valueName\":\"search_term_string\"}}],\"inLanguage\":\"es\"}]}<\/script>\n<!-- \/ Yoast SEO plugin. -->","yoast_head_json":{"title":"Diferencias entre Grana Padano y Parmigiano Reggiano - Grana Padano","robots":{"index":"index","follow":"follow","max-snippet":"max-snippet:-1","max-image-preview":"max-image-preview:large","max-video-preview":"max-video-preview:-1"},"canonical":"https:\/\/www.granapadano.it\/es\/curiosidades-y-eventos\/curiosidades-sobre-el-grana-padano\/diferencias-entre-grana-padano-y-parmigiano-reggiano\/","og_locale":"es_ES","og_type":"article","og_title":"Diferencias entre Grana Padano y Parmigiano Reggiano - Grana Padano","og_description":"Diferencias entre Grana Padano y Parmigiano ReggianoPeculiaridades y especificacionesLa gran mayor\u00eda de los consumidores conoce los dos quesos Grana Padano y Parmigiano Reggiano.Muchos tambi\u00e9n saben que son dos quesos con Denominaci\u00f3n de Origen Protegida y saben identificar qu\u00e9 significa esto en t\u00e9rminos de caracter\u00edsticas del producto en comparaci\u00f3n con productos gen\u00e9ricos similares.Grana Padano y Parmigiano [&hellip;]","og_url":"https:\/\/www.granapadano.it\/es\/curiosidades-y-eventos\/curiosidades-sobre-el-grana-padano\/diferencias-entre-grana-padano-y-parmigiano-reggiano\/","og_site_name":"Grana Padano","article_modified_time":"2023-04-08T11:48:02+00:00","twitter_card":"summary_large_image","twitter_misc":{"Tiempo de lectura":"8 minutos"},"schema":{"@context":"https:\/\/schema.org","@graph":[{"@type":"WebPage","@id":"https:\/\/www.granapadano.it\/es\/curiosidades-y-eventos\/curiosidades-sobre-el-grana-padano\/diferencias-entre-grana-padano-y-parmigiano-reggiano\/","url":"https:\/\/www.granapadano.it\/es\/curiosidades-y-eventos\/curiosidades-sobre-el-grana-padano\/diferencias-entre-grana-padano-y-parmigiano-reggiano\/","name":"Diferencias entre Grana Padano y Parmigiano Reggiano - Grana Padano","isPartOf":{"@id":"https:\/\/www.granapadano.it\/es\/#website"},"datePublished":"2023-03-28T13:08:20+00:00","dateModified":"2023-04-08T11:48:02+00:00","breadcrumb":{"@id":"https:\/\/www.granapadano.it\/es\/curiosidades-y-eventos\/curiosidades-sobre-el-grana-padano\/diferencias-entre-grana-padano-y-parmigiano-reggiano\/#breadcrumb"},"inLanguage":"es","potentialAction":[{"@type":"ReadAction","target":["https:\/\/www.granapadano.it\/es\/curiosidades-y-eventos\/curiosidades-sobre-el-grana-padano\/diferencias-entre-grana-padano-y-parmigiano-reggiano\/"]}]},{"@type":"BreadcrumbList","@id":"https:\/\/www.granapadano.it\/es\/curiosidades-y-eventos\/curiosidades-sobre-el-grana-padano\/diferencias-entre-grana-padano-y-parmigiano-reggiano\/#breadcrumb","itemListElement":[{"@type":"ListItem","position":1,"name":"Home","item":"https:\/\/www.granapadano.it\/es\/"},{"@type":"ListItem","position":2,"name":"Curiosidades y Eventos","item":"https:\/\/www.granapadano.it\/es\/curiosita-ed-eventi\/"},{"@type":"ListItem","position":3,"name":"Curiosidades sobre el Grana Padano","item":"https:\/\/www.granapadano.it\/es\/curiosita-ed-eventi\/curiosita-sul-prodotto\/"},{"@type":"ListItem","position":4,"name":"Diferencias entre Grana Padano y Parmigiano Reggiano"}]},{"@type":"WebSite","@id":"https:\/\/www.granapadano.it\/es\/#website","url":"https:\/\/www.granapadano.it\/es\/","name":"Grana Padano","description":"","potentialAction":[{"@type":"SearchAction","target":{"@type":"EntryPoint","urlTemplate":"https:\/\/www.granapadano.it\/es\/?s={search_term_string}"},"query-input":{"@type":"PropertyValueSpecification","valueRequired":true,"valueName":"search_term_string"}}],"inLanguage":"es"}]}},"_links":{"self":[{"href":"https:\/\/www.granapadano.it\/es\/wp-json\/wp\/v2\/pages\/86448","targetHints":{"allow":["GET"]}}],"collection":[{"href":"https:\/\/www.granapadano.it\/es\/wp-json\/wp\/v2\/pages"}],"about":[{"href":"https:\/\/www.granapadano.it\/es\/wp-json\/wp\/v2\/types\/page"}],"author":[{"embeddable":true,"href":"https:\/\/www.granapadano.it\/es\/wp-json\/wp\/v2\/users\/3"}],"replies":[{"embeddable":true,"href":"https:\/\/www.granapadano.it\/es\/wp-json\/wp\/v2\/comments?post=86448"}],"version-history":[{"count":2,"href":"https:\/\/www.granapadano.it\/es\/wp-json\/wp\/v2\/pages\/86448\/revisions"}],"predecessor-version":[{"id":86907,"href":"https:\/\/www.granapadano.it\/es\/wp-json\/wp\/v2\/pages\/86448\/revisions\/86907"}],"up":[{"embeddable":true,"href":"https:\/\/www.granapadano.it\/es\/wp-json\/wp\/v2\/pages\/37149"}],"wp:attachment":[{"href":"https:\/\/www.granapadano.it\/es\/wp-json\/wp\/v2\/media?parent=86448"}],"curies":[{"name":"wp","href":"https:\/\/api.w.org\/{rel}","templated":true}]}}