{"id":8138,"date":"2023-01-16T21:31:45","date_gmt":"2023-01-16T21:31:45","guid":{"rendered":"https:\/\/www.granapadano.it\/legal-disclaimer\/"},"modified":"2023-03-09T13:24:24","modified_gmt":"2023-03-09T13:24:24","slug":"descargo-de-responsabilidad-legal","status":"publish","type":"page","link":"https:\/\/www.granapadano.it\/es\/descargo-de-responsabilidad-legal\/","title":{"rendered":"DESCARGO DE RESPONSABILIDAD LEGAL"},"content":{"rendered":"<p>[et_pb_section fb_built=\u00bb1&#8243; fullwidth=\u00bbon\u00bb _builder_version=\u00bb4.19.0&#8243; _module_preset=\u00bbdefault\u00bb global_colors_info=\u00bb{}\u00bb][et_pb_fullwidth_image src=\u00bbhttps:\/\/www.granapadano.it\/wp-content\/uploads\/2022\/11\/002_img.png\u00bb title_text=\u00bb002_img\u00bb _builder_version=\u00bb4.19.0&#8243; _module_preset=\u00bbdefault\u00bb global_colors_info=\u00bb{}\u00bb][\/et_pb_fullwidth_image][\/et_pb_section][et_pb_section fb_built=\u00bb1&#8243; _builder_version=\u00bb4.19.3&#8243; _module_preset=\u00bbdefault\u00bb custom_padding=\u00bb||0px||false|false\u00bb global_colors_info=\u00bb{}\u00bb][et_pb_row _builder_version=\u00bb4.19.4&#8243; _module_preset=\u00bbdefault\u00bb min_height=\u00bb66.8px\u00bb custom_padding=\u00bb0px||0px||false|false\u00bb global_colors_info=\u00bb{}\u00bb][et_pb_column type=\u00bb4_4&#8243; _builder_version=\u00bb4.19.4&#8243; _module_preset=\u00bbdefault\u00bb global_colors_info=\u00bb{}\u00bb][et_pb_code _builder_version=\u00bb4.19.4&#8243; _module_preset=\u00bbdefault\u00bb global_colors_info=\u00bb{}\u00bb]<div class=\"breadcrumb\"><a href=\"https:\/\/www.granapadano.it\/es\/\">Inicio<\/a>  <  <\/div>[\/et_pb_code][\/et_pb_column][\/et_pb_row][\/et_pb_section][et_pb_section fb_built=\u00bb1&#8243; _builder_version=\u00bb4.19.4&#8243; _module_preset=\u00bbdefault\u00bb custom_padding=\u00bb1px||0px|||\u00bb global_colors_info=\u00bb{}\u00bb][et_pb_row _builder_version=\u00bb4.19.4&#8243; _module_preset=\u00bbdefault\u00bb min_height=\u00bb139.4px\u00bb global_colors_info=\u00bb{}\u00bb][et_pb_column type=\u00bb4_4&#8243; _builder_version=\u00bb4.19.4&#8243; _module_preset=\u00bbdefault\u00bb global_colors_info=\u00bb{}\u00bb][et_pb_text _builder_version=\u00bb4.20.1&#8243; _module_preset=\u00bbdefault\u00bb text_font=\u00bbMerriweather|700|||||||\u00bb text_text_color=\u00bb#0f0f0f\u00bb text_font_size=\u00bb38px\u00bb text_line_height=\u00bb36px\u00bb text_orientation=\u00bbcenter\u00bb background_layout=\u00bbdark\u00bb min_height=\u00bb25px\u00bb custom_margin=\u00bb-12px||7px|||\u00bb hover_enabled=\u00bb0&#8243; global_colors_info=\u00bb{}\u00bb sticky_enabled=\u00bb0&#8243;]<\/p>\n<p style=\"text-align: center;\">Descargo de Responsabilidad Legal<\/p>\n<p>[\/et_pb_text][\/et_pb_column][\/et_pb_row][et_pb_row _builder_version=\u00bb4.19.4&#8243; _module_preset=\u00bbdefault\u00bb min_height=\u00bb12.2px\u00bb custom_margin=\u00bb-54px|auto|-19px|auto||\u00bb custom_padding=\u00bb||3px|||\u00bb global_colors_info=\u00bb{}\u00bb][et_pb_column type=\u00bb4_4&#8243; _builder_version=\u00bb4.19.4&#8243; _module_preset=\u00bbdefault\u00bb global_colors_info=\u00bb{}\u00bb][et_pb_text _builder_version=\u00bb4.20.1&#8243; _module_preset=\u00bbdefault\u00bb text_font=\u00bbMerriweather|700|||||||\u00bb text_text_color=\u00bb#0f0f0f\u00bb text_font_size=\u00bb20px\u00bb text_line_height=\u00bb26px\u00bb text_orientation=\u00bbcenter\u00bb custom_padding=\u00bb10px||10px||false|false\u00bb hover_enabled=\u00bb0&#8243; global_colors_info=\u00bb{}\u00bb sticky_enabled=\u00bb0&#8243;]<\/p>\n<p>El \u2018Consorzio Tutela Grana Padano\u2019<\/p>\n<p>[\/et_pb_text][\/et_pb_column][\/et_pb_row][et_pb_row _builder_version=\u00bb4.19.4&#8243; _module_preset=\u00bbdefault\u00bb min_height=\u00bb269.5px\u00bb global_colors_info=\u00bb{}\u00bb][et_pb_column type=\u00bb4_4&#8243; _builder_version=\u00bb4.19.4&#8243; _module_preset=\u00bbdefault\u00bb global_colors_info=\u00bb{}\u00bb][et_pb_text _builder_version=\u00bb4.20.1&#8243; _module_preset=\u00bbdefault\u00bb text_font=\u00bbMerriweather||||||||\u00bb text_text_color=\u00bb#0f0f0f\u00bb text_font_size=\u00bb18px\u00bb text_line_height=\u00bb26px\u00bb min_height=\u00bb374px\u00bb custom_padding=\u00bb||86px||false|false\u00bb hover_enabled=\u00bb0&#8243; global_colors_info=\u00bb{}\u00bb sticky_enabled=\u00bb0&#8243;]<\/p>\n<p>publica en su sitio web informaci\u00f3n de car\u00e1cter general y puramente informativo. Esta informaci\u00f3n no tiene valor de asesoramiento, por lo que no se garantiza que sea correcta o completa y, al no representar ninguna oferta espec\u00edfica al p\u00fablico, no vincula por ning\u00fan motivo al \u2018Consorzio Tutela Grana Padano\u2019.<\/p>\n<p>Para obtener asesoramiento o informaci\u00f3n sobre tus necesidades especiales, el \u2018Consorzio Tutela Grana Padano\u2019 te exhorta a solicitar un dictamen espec\u00edfico. El \u2018Consorzio Tutela Grana Padano\u2019 tampoco se asume ninguna responsabilidad por la existencia y el contenido de sitios de terceros, a los que el sitio del \u2018Consorzio Tutela Grana Padano\u2019 remite, o podr\u00eda remitir a trav\u00e9s de un enlace de hipertexto.<\/p>\n<p>Las marcas comerciales, el copyright y cualquier otro derecho intangible que aparezca en sitios de terceros es de responsabilidad exclusiva de sus respectivos propietarios.<\/p>\n<p>[\/et_pb_text][\/et_pb_column][\/et_pb_row][\/et_pb_section]<\/p>\n","protected":false},"excerpt":{"rendered":"<p><div class=\"breadcrumb\"><a href=\"https:\/\/www.granapadano.it\/es\/\">Inicio<\/a>  <  <\/div>Descargo de Responsabilidad LegalEl \u2018Consorzio Tutela Grana Padano\u2019publica en su sitio web informaci\u00f3n de car\u00e1cter general y puramente informativo. Esta informaci\u00f3n no tiene valor de asesoramiento, por lo que no se garantiza que sea correcta o completa y, al no representar ninguna oferta espec\u00edfica al p\u00fablico, no vincula por ning\u00fan motivo al \u2018Consorzio Tutela Grana [&hellip;]<\/p>\n","protected":false},"author":6,"featured_media":0,"parent":0,"menu_order":831,"comment_status":"closed","ping_status":"closed","template":"","meta":{"_acf_changed":false,"_et_pb_use_builder":"on","_et_pb_old_content":"","_et_gb_content_width":"","footnotes":""},"class_list":["post-8138","page","type-page","status-publish","hentry"],"acf":[],"yoast_head":"<!-- This site is optimized with the Yoast SEO plugin v27.2 - https:\/\/yoast.com\/product\/yoast-seo-wordpress\/ -->\n<title>DESCARGO DE RESPONSABILIDAD LEGAL - Grana Padano<\/title>\n<meta name=\"robots\" content=\"index, follow, max-snippet:-1, max-image-preview:large, max-video-preview:-1\" \/>\n<link rel=\"canonical\" href=\"https:\/\/www.granapadano.it\/es\/descargo-de-responsabilidad-legal\/\" \/>\n<meta property=\"og:locale\" content=\"es_ES\" \/>\n<meta property=\"og:type\" content=\"article\" \/>\n<meta property=\"og:title\" content=\"DESCARGO DE RESPONSABILIDAD LEGAL - Grana Padano\" \/>\n<meta property=\"og:description\" content=\"Descargo de Responsabilidad LegalEl \u2018Consorzio Tutela Grana Padano\u2019publica en su sitio web informaci\u00f3n de car\u00e1cter general y puramente informativo. Esta informaci\u00f3n no tiene valor de asesoramiento, por lo que no se garantiza que sea correcta o completa y, al no representar ninguna oferta espec\u00edfica al p\u00fablico, no vincula por ning\u00fan motivo al \u2018Consorzio Tutela Grana [&hellip;]\" \/>\n<meta property=\"og:url\" content=\"https:\/\/www.granapadano.it\/es\/descargo-de-responsabilidad-legal\/\" \/>\n<meta property=\"og:site_name\" content=\"Grana Padano\" \/>\n<meta property=\"article:modified_time\" content=\"2023-03-09T13:24:24+00:00\" \/>\n<meta name=\"twitter:card\" content=\"summary_large_image\" \/>\n<meta name=\"twitter:label1\" content=\"Tiempo de lectura\" \/>\n\t<meta name=\"twitter:data1\" content=\"3 minutos\" \/>\n<script type=\"application\/ld+json\" class=\"yoast-schema-graph\">{\"@context\":\"https:\/\/schema.org\",\"@graph\":[{\"@type\":\"WebPage\",\"@id\":\"https:\/\/www.granapadano.it\/es\/descargo-de-responsabilidad-legal\/\",\"url\":\"https:\/\/www.granapadano.it\/es\/descargo-de-responsabilidad-legal\/\",\"name\":\"DESCARGO DE RESPONSABILIDAD LEGAL - Grana Padano\",\"isPartOf\":{\"@id\":\"https:\/\/www.granapadano.it\/es\/#website\"},\"datePublished\":\"2023-01-16T21:31:45+00:00\",\"dateModified\":\"2023-03-09T13:24:24+00:00\",\"breadcrumb\":{\"@id\":\"https:\/\/www.granapadano.it\/es\/descargo-de-responsabilidad-legal\/#breadcrumb\"},\"inLanguage\":\"es\",\"potentialAction\":[{\"@type\":\"ReadAction\",\"target\":[\"https:\/\/www.granapadano.it\/es\/descargo-de-responsabilidad-legal\/\"]}]},{\"@type\":\"BreadcrumbList\",\"@id\":\"https:\/\/www.granapadano.it\/es\/descargo-de-responsabilidad-legal\/#breadcrumb\",\"itemListElement\":[{\"@type\":\"ListItem\",\"position\":1,\"name\":\"Home\",\"item\":\"https:\/\/www.granapadano.it\/es\/\"},{\"@type\":\"ListItem\",\"position\":2,\"name\":\"DESCARGO DE RESPONSABILIDAD LEGAL\"}]},{\"@type\":\"WebSite\",\"@id\":\"https:\/\/www.granapadano.it\/es\/#website\",\"url\":\"https:\/\/www.granapadano.it\/es\/\",\"name\":\"Grana Padano\",\"description\":\"\",\"potentialAction\":[{\"@type\":\"SearchAction\",\"target\":{\"@type\":\"EntryPoint\",\"urlTemplate\":\"https:\/\/www.granapadano.it\/es\/?s={search_term_string}\"},\"query-input\":{\"@type\":\"PropertyValueSpecification\",\"valueRequired\":true,\"valueName\":\"search_term_string\"}}],\"inLanguage\":\"es\"}]}<\/script>\n<!-- \/ Yoast SEO plugin. -->","yoast_head_json":{"title":"DESCARGO DE RESPONSABILIDAD LEGAL - Grana Padano","robots":{"index":"index","follow":"follow","max-snippet":"max-snippet:-1","max-image-preview":"max-image-preview:large","max-video-preview":"max-video-preview:-1"},"canonical":"https:\/\/www.granapadano.it\/es\/descargo-de-responsabilidad-legal\/","og_locale":"es_ES","og_type":"article","og_title":"DESCARGO DE RESPONSABILIDAD LEGAL - Grana Padano","og_description":"Descargo de Responsabilidad LegalEl \u2018Consorzio Tutela Grana Padano\u2019publica en su sitio web informaci\u00f3n de car\u00e1cter general y puramente informativo. Esta informaci\u00f3n no tiene valor de asesoramiento, por lo que no se garantiza que sea correcta o completa y, al no representar ninguna oferta espec\u00edfica al p\u00fablico, no vincula por ning\u00fan motivo al \u2018Consorzio Tutela Grana [&hellip;]","og_url":"https:\/\/www.granapadano.it\/es\/descargo-de-responsabilidad-legal\/","og_site_name":"Grana Padano","article_modified_time":"2023-03-09T13:24:24+00:00","twitter_card":"summary_large_image","twitter_misc":{"Tiempo de lectura":"3 minutos"},"schema":{"@context":"https:\/\/schema.org","@graph":[{"@type":"WebPage","@id":"https:\/\/www.granapadano.it\/es\/descargo-de-responsabilidad-legal\/","url":"https:\/\/www.granapadano.it\/es\/descargo-de-responsabilidad-legal\/","name":"DESCARGO DE RESPONSABILIDAD LEGAL - Grana Padano","isPartOf":{"@id":"https:\/\/www.granapadano.it\/es\/#website"},"datePublished":"2023-01-16T21:31:45+00:00","dateModified":"2023-03-09T13:24:24+00:00","breadcrumb":{"@id":"https:\/\/www.granapadano.it\/es\/descargo-de-responsabilidad-legal\/#breadcrumb"},"inLanguage":"es","potentialAction":[{"@type":"ReadAction","target":["https:\/\/www.granapadano.it\/es\/descargo-de-responsabilidad-legal\/"]}]},{"@type":"BreadcrumbList","@id":"https:\/\/www.granapadano.it\/es\/descargo-de-responsabilidad-legal\/#breadcrumb","itemListElement":[{"@type":"ListItem","position":1,"name":"Home","item":"https:\/\/www.granapadano.it\/es\/"},{"@type":"ListItem","position":2,"name":"DESCARGO DE RESPONSABILIDAD LEGAL"}]},{"@type":"WebSite","@id":"https:\/\/www.granapadano.it\/es\/#website","url":"https:\/\/www.granapadano.it\/es\/","name":"Grana Padano","description":"","potentialAction":[{"@type":"SearchAction","target":{"@type":"EntryPoint","urlTemplate":"https:\/\/www.granapadano.it\/es\/?s={search_term_string}"},"query-input":{"@type":"PropertyValueSpecification","valueRequired":true,"valueName":"search_term_string"}}],"inLanguage":"es"}]}},"_links":{"self":[{"href":"https:\/\/www.granapadano.it\/es\/wp-json\/wp\/v2\/pages\/8138","targetHints":{"allow":["GET"]}}],"collection":[{"href":"https:\/\/www.granapadano.it\/es\/wp-json\/wp\/v2\/pages"}],"about":[{"href":"https:\/\/www.granapadano.it\/es\/wp-json\/wp\/v2\/types\/page"}],"author":[{"embeddable":true,"href":"https:\/\/www.granapadano.it\/es\/wp-json\/wp\/v2\/users\/6"}],"replies":[{"embeddable":true,"href":"https:\/\/www.granapadano.it\/es\/wp-json\/wp\/v2\/comments?post=8138"}],"version-history":[{"count":0,"href":"https:\/\/www.granapadano.it\/es\/wp-json\/wp\/v2\/pages\/8138\/revisions"}],"wp:attachment":[{"href":"https:\/\/www.granapadano.it\/es\/wp-json\/wp\/v2\/media?parent=8138"}],"curies":[{"name":"wp","href":"https:\/\/api.w.org\/{rel}","templated":true}]}}