{"id":75092,"date":"2023-01-31T12:53:36","date_gmt":"2023-01-31T12:53:36","guid":{"rendered":"https:\/\/www.granapadano.it\/sostenibilita-e-benessere\/"},"modified":"2023-03-23T17:18:25","modified_gmt":"2023-03-23T17:18:25","slug":"sostenibilidad-y-bienestar","status":"publish","type":"page","link":"https:\/\/www.granapadano.it\/es\/sostenibilidad-y-bienestar\/","title":{"rendered":"Sostenibilidad y bienestar"},"content":{"rendered":"<p>[et_pb_section fb_built=\u00bb1&#8243; fullwidth=\u00bbon\u00bb _builder_version=\u00bb4.19.4&#8243; _module_preset=\u00bbdefault\u00bb locked=\u00bboff\u00bb global_colors_info=\u00bb{}\u00bb][et_pb_fullwidth_image src=\u00bbhttps:\/\/www.granapadano.it\/wp-content\/uploads\/2023\/01\/Sostenibilita-ambientale-1h.jpg\u00bb title_text=\u00bbSostenibilita-ambientale-1m\u00bb src_tablet=\u00bbhttps:\/\/www.granapadano.it\/wp-content\/uploads\/2023\/01\/Sostenibilita-ambientale-1h.jpg\u00bb src_phone=\u00bbhttps:\/\/www.granapadano.it\/wp-content\/uploads\/2023\/01\/Sostenibilita-ambientale-1m.jpg\u00bb src_last_edited=\u00bbon|phone\u00bb _builder_version=\u00bb4.19.5&#8243; _module_preset=\u00bbdefault\u00bb global_colors_info=\u00bb{}\u00bb][\/et_pb_fullwidth_image][\/et_pb_section][et_pb_section fb_built=\u00bb1&#8243; _builder_version=\u00bb4.19.3&#8243; _module_preset=\u00bbdefault\u00bb custom_padding=\u00bb||||false|false\u00bb global_colors_info=\u00bb{}\u00bb][et_pb_row _builder_version=\u00bb4.19.4&#8243; _module_preset=\u00bbdefault\u00bb custom_padding=\u00bb0px||0px||false|false\u00bb global_colors_info=\u00bb{}\u00bb][et_pb_column type=\u00bb4_4&#8243; _builder_version=\u00bb4.19.4&#8243; _module_preset=\u00bbdefault\u00bb global_colors_info=\u00bb{}\u00bb][et_pb_code _builder_version=\u00bb4.19.4&#8243; _module_preset=\u00bbdefault\u00bb global_colors_info=\u00bb{}\u00bb]<div class=\"breadcrumb\"><a href=\"https:\/\/www.granapadano.it\/es\/\">Inicio<\/a>  <  <\/div>[\/et_pb_code][\/et_pb_column][\/et_pb_row][\/et_pb_section][et_pb_section fb_built=\u00bb1&#8243; module_class=\u00bbsustainability_sub_hub_wrapper\u00bb _builder_version=\u00bb4.19.4&#8243; _module_preset=\u00bbdefault\u00bb custom_padding=\u00bb10px||4px|||\u00bb locked=\u00bboff\u00bb global_colors_info=\u00bb{}\u00bb][et_pb_row column_structure=\u00bb2_5,3_5&#8243; _builder_version=\u00bb4.19.4&#8243; _module_preset=\u00bbdefault\u00bb max_width=\u00bb90%\u00bb module_alignment=\u00bbcenter\u00bb custom_padding=\u00bb1px||22px|||\u00bb global_colors_info=\u00bb{}\u00bb][et_pb_column type=\u00bb2_5&#8243; _builder_version=\u00bb4.19.1&#8243; _module_preset=\u00bbdefault\u00bb global_colors_info=\u00bb{}\u00bb][et_pb_text _builder_version=\u00bb4.19.5&#8243; _module_preset=\u00bbdefault\u00bb text_font=\u00bbMerriweather|700|||||||\u00bb text_text_color=\u00bb#0f0f0f\u00bb text_font_size=\u00bb44px\u00bb text_line_height=\u00bb52px\u00bb text_orientation=\u00bbcenter\u00bb global_colors_info=\u00bb{}\u00bb]<\/p>\n<p>Sostenibilit\u00e0<br \/>Ambientale<\/p>\n<p>[\/et_pb_text][\/et_pb_column][et_pb_column type=\u00bb3_5&#8243; _builder_version=\u00bb4.19.1&#8243; _module_preset=\u00bbdefault\u00bb global_colors_info=\u00bb{}\u00bb][et_pb_text _builder_version=\u00bb4.20.2&#8243; _module_preset=\u00bbdefault\u00bb text_text_color=\u00bb#0f0f0f\u00bb text_font_size=\u00bb18px\u00bb text_line_height=\u00bb26px\u00bb hover_enabled=\u00bb0&#8243; global_colors_info=\u00bb{}\u00bb sticky_enabled=\u00bb0&#8243; text_font=\u00bbMerriweather||||||||\u00bb]<\/p>\n<p><strong>Il Consorzio per la Tutela del Formaggio Grana Padano<\/strong>, seguendo i principi del suo statuto, \u00e8 attento al tema della sostenibilit\u00e0 ambientale attraverso approcci e metodologie finalizzati a valutare e migliorare le prestazioni ambientali dell\u2019intera filiera produttiva.<\/p>\n<p>[\/et_pb_text][\/et_pb_column][\/et_pb_row][et_pb_row module_class=\u00bbimage_row\u00bb _builder_version=\u00bb4.19.4&#8243; _module_preset=\u00bbdefault\u00bb custom_margin=\u00bb|auto|-6px|auto||\u00bb custom_padding=\u00bb1px||2px|||\u00bb global_colors_info=\u00bb{}\u00bb][et_pb_column type=\u00bb4_4&#8243; _builder_version=\u00bb4.19.4&#8243; _module_preset=\u00bbdefault\u00bb global_colors_info=\u00bb{}\u00bb][et_pb_image src=\u00bbhttps:\/\/www.granapadano.it\/wp-content\/uploads\/2023\/01\/Landscape-sketch-2.png\u00bb title_text=\u00bbLandscape-sketch\u00bb align=\u00bbcenter\u00bb _builder_version=\u00bb4.19.5&#8243; _module_preset=\u00bbdefault\u00bb global_colors_info=\u00bb{}\u00bb][\/et_pb_image][\/et_pb_column][\/et_pb_row][\/et_pb_section][et_pb_section fb_built=\u00bb1&#8243; module_class=\u00bbsostenibilita_main_section\u00bb _builder_version=\u00bb4.19.4&#8243; _module_preset=\u00bbdefault\u00bb background_color=\u00bb#f7f7f7&#8243; min_height=\u00bb1513.9px\u00bb custom_margin=\u00bb2px|||||\u00bb locked=\u00bboff\u00bb global_colors_info=\u00bb{}\u00bb][et_pb_row _builder_version=\u00bb4.19.1&#8243; _module_preset=\u00bbdefault\u00bb max_width=\u00bb90%\u00bb custom_padding=\u00bb15px||0px|||\u00bb global_colors_info=\u00bb{}\u00bb][et_pb_column type=\u00bb4_4&#8243; _builder_version=\u00bb4.19.1&#8243; _module_preset=\u00bbdefault\u00bb global_colors_info=\u00bb{}\u00bb][et_pb_text _builder_version=\u00bb4.19.5&#8243; _module_preset=\u00bbdefault\u00bb header_font=\u00bbMerriweather|700|||||||\u00bb header_text_align=\u00bbcenter\u00bb header_text_color=\u00bb#0f0f0f\u00bb header_font_size=\u00bb44px\u00bb header_line_height=\u00bb52px\u00bb global_colors_info=\u00bb{}\u00bb]<\/p>\n<h1>Le attivit\u00e0 del consorzio<\/h1>\n<p>[\/et_pb_text][\/et_pb_column][\/et_pb_row][et_pb_row _builder_version=\u00bb4.19.1&#8243; _module_preset=\u00bbdefault\u00bb max_width=\u00bb90%\u00bb custom_padding=\u00bb||0px|||\u00bb global_colors_info=\u00bb{}\u00bb][et_pb_column type=\u00bb4_4&#8243; _builder_version=\u00bb4.19.1&#8243; _module_preset=\u00bbdefault\u00bb global_colors_info=\u00bb{}\u00bb][et_pb_image src=\u00bbhttps:\/\/www.granapadano.it\/wp-content\/uploads\/2022\/11\/Line-40-1.png\u00bb title_text=\u00bbLine 40&#8243; align=\u00bbcenter\u00bb _builder_version=\u00bb4.19.1&#8243; _module_preset=\u00bbdefault\u00bb custom_margin=\u00bb-16px|||||\u00bb custom_padding=\u00bb||10px|||\u00bb global_colors_info=\u00bb{}\u00bb][\/et_pb_image][\/et_pb_column][\/et_pb_row][et_pb_row column_structure=\u00bb1_2,1_2&#8243; use_custom_gutter=\u00bbon\u00bb gutter_width=\u00bb3&#8243; module_class=\u00bbconsorzio_saprate_section\u00bb _builder_version=\u00bb4.20.2&#8243; _module_preset=\u00bbdefault\u00bb transform_scale=\u00bb94%|94%\u00bb max_width=\u00bb90%\u00bb custom_padding=\u00bb0px||||false|false\u00bb hover_enabled=\u00bb0&#8243; global_colors_info=\u00bb{}\u00bb sticky_enabled=\u00bb0&#8243;][et_pb_column type=\u00bb1_2&#8243; _builder_version=\u00bb4.20.2&#8243; _module_preset=\u00bbdefault\u00bb link_option_url=\u00bbhttps:\/\/www.granapadano.it\/sostenibilita-e-benessere\/sostenibilita-ambientale\/forme-sostenibili-innovazione-e-rispetto-dellambiente\/\u00bb hover_enabled=\u00bb0&#8243; global_colors_info=\u00bb{}\u00bb sticky_enabled=\u00bb0&#8243;][et_pb_image title_text=\u00bbForme-sostenibili\u00bb align=\u00bbcenter\u00bb _builder_version=\u00bb4.19.4&#8243; _module_preset=\u00bbdefault\u00bb background_color=\u00bbRGBA(255,255,255,0)\u00bb background_image=\u00bbhttps:\/\/www.granapadano.it\/wp-content\/uploads\/2023\/01\/Forme-sostenibili-2.jpg\u00bb min_height=\u00bb89px\u00bb custom_padding=\u00bb209px|0px||2px|false|false\u00bb global_colors_info=\u00bb{}\u00bb][\/et_pb_image][et_pb_text _builder_version=\u00bb4.19.5&#8243; _module_preset=\u00bbdefault\u00bb header_3_font=\u00bbMerriweather|700|||||||\u00bb header_3_text_color=\u00bb#0f0f0f\u00bb header_3_font_size=\u00bb23px\u00bb header_3_line_height=\u00bb31px\u00bb global_colors_info=\u00bb{}\u00bb]<\/p>\n<h3>FORME SOSTENIBILI: INNOVAZIONE E<br \/>RISPETTO DELL\u2019AMBIENTE<\/h3>\n<p>[\/et_pb_text][et_pb_text _builder_version=\u00bb4.19.5&#8243; _module_preset=\u00bbdefault\u00bb text_text_color=\u00bb#0f0f0f\u00bb text_font_size=\u00bb18px\u00bb text_line_height=\u00bb26px\u00bb global_colors_info=\u00bb{}\u00bb]<\/p>\n<p>Che cos\u2019\u00e8 la sostenibilit\u00e0 e come possiamo metterla in pratica nella vita di tutti i giorni?<\/p>\n<p>[\/et_pb_text][et_pb_image src=\u00bbhttps:\/\/www.granapadano.it\/wp-content\/uploads\/2022\/11\/Path-20171.png\u00bb title_text=\u00bbPath 20171&#8243; url=\u00bbhttps:\/\/www.granapadano.it\/sostenibilita-e-benessere\/sostenibilita-ambientale\/forme-sostenibili-innovazione-e-rispetto-dellambiente\/\u00bb align=\u00bbright\u00bb _builder_version=\u00bb4.20.2&#8243; _module_preset=\u00bbdefault\u00bb hover_enabled=\u00bb0&#8243; global_colors_info=\u00bb{}\u00bb sticky_enabled=\u00bb0&#8243;][\/et_pb_image][\/et_pb_column][et_pb_column type=\u00bb1_2&#8243; _builder_version=\u00bb4.20.2&#8243; _module_preset=\u00bbdefault\u00bb link_option_url=\u00bbhttps:\/\/www.granapadano.it\/sostenibilita-e-benessere\/sostenibilita-ambientale\/life-the-tough-get-going\/\u00bb hover_enabled=\u00bb0&#8243; global_colors_info=\u00bb{}\u00bb sticky_enabled=\u00bb0&#8243;][et_pb_image title_text=\u00bbLife\u00bb align=\u00bbcenter\u00bb _builder_version=\u00bb4.19.5&#8243; _module_preset=\u00bbdefault\u00bb background_color=\u00bbRGBA(255,255,255,0)\u00bb background_image=\u00bbhttps:\/\/www.granapadano.it\/wp-content\/uploads\/2023\/01\/Life-2.jpg\u00bb min_height=\u00bb89px\u00bb custom_padding=\u00bb209px|0px||2px|false|false\u00bb global_colors_info=\u00bb{}\u00bb][\/et_pb_image][et_pb_text _builder_version=\u00bb4.20.2&#8243; _module_preset=\u00bbdefault\u00bb header_3_font=\u00bbMerriweather|700|||||||\u00bb header_3_text_color=\u00bb#0f0f0f\u00bb header_3_font_size=\u00bb23px\u00bb header_3_line_height=\u00bb31px\u00bb hover_enabled=\u00bb0&#8243; locked=\u00bboff\u00bb global_colors_info=\u00bb{}\u00bb sticky_enabled=\u00bb0&#8243;]<\/p>\n<h3>LIFE &#8211; THE TOUGH GET GOING<\/h3>\n<p>[\/et_pb_text][et_pb_text _builder_version=\u00bb4.20.2&#8243; _module_preset=\u00bbdefault\u00bb text_text_color=\u00bb#0f0f0f\u00bb text_font_size=\u00bb18px\u00bb text_line_height=\u00bb26px\u00bb hover_enabled=\u00bb0&#8243; locked=\u00bboff\u00bb global_colors_info=\u00bb{}\u00bb sticky_enabled=\u00bb0&#8243;]Conoscersi per migliorare: da questo intento nasce il progetto LIFE TTGG \u2013 The Tough Get Going, importante sinergia tra universit\u00e0, start up, aziende produttrici, organismi di formazione e di ricerca italiani e francesi.[\/et_pb_text][et_pb_image src=\u00bbhttps:\/\/www.granapadano.it\/wp-content\/uploads\/2022\/11\/Path-20171.png\u00bb title_text=\u00bbPath 20171&#8243; url=\u00bbhttps:\/\/www.granapadano.it\/sostenibilita-e-benessere\/sostenibilita-ambientale\/life-the-tough-get-going\/\u00bb align=\u00bbright\u00bb _builder_version=\u00bb4.20.2&#8243; _module_preset=\u00bbdefault\u00bb hover_enabled=\u00bb0&#8243; locked=\u00bboff\u00bb global_colors_info=\u00bb{}\u00bb sticky_enabled=\u00bb0&#8243;][\/et_pb_image][\/et_pb_column][\/et_pb_row][\/et_pb_section][et_pb_section fb_built=\u00bb1&#8243; fullwidth=\u00bbon\u00bb _builder_version=\u00bb4.19.4&#8243; _module_preset=\u00bbdefault\u00bb global_colors_info=\u00bb{}\u00bb disabled_on=\u00bbon|on|on\u00bb disabled=\u00bbon\u00bb][et_pb_fullwidth_code module_class=\u00bbgp_news_carousel_main\u00bb _builder_version=\u00bb4.19.4&#8243; _module_preset=\u00bbdefault\u00bb global_colors_info=\u00bb{}\u00bb]<div class=\"gp_news_carousel_main dev_news_slide\"><h3>No News Found...<\/h3><\/div>[\/et_pb_fullwidth_code][\/et_pb_section]<\/p>\n","protected":false},"excerpt":{"rendered":"<p><div class=\"breadcrumb\"><a href=\"https:\/\/www.granapadano.it\/es\/\">Inicio<\/a>  <  <\/div>Sostenibilit\u00e0AmbientaleIl Consorzio per la Tutela del Formaggio Grana Padano, seguendo i principi del suo statuto, \u00e8 attento al tema della sostenibilit\u00e0 ambientale attraverso approcci e metodologie finalizzati a valutare e migliorare le prestazioni ambientali dell\u2019intera filiera produttiva.Le attivit\u00e0 del consorzioFORME SOSTENIBILI: INNOVAZIONE ERISPETTO DELL\u2019AMBIENTEChe cos\u2019\u00e8 la sostenibilit\u00e0 e come possiamo metterla in pratica nella vita [&hellip;]<\/p>\n","protected":false},"author":3,"featured_media":26549,"parent":0,"menu_order":405,"comment_status":"closed","ping_status":"closed","template":"","meta":{"_acf_changed":false,"_et_pb_use_builder":"on","_et_pb_old_content":"","_et_gb_content_width":"","footnotes":""},"class_list":["post-75092","page","type-page","status-publish","has-post-thumbnail","hentry"],"acf":[],"yoast_head":"<!-- This site is optimized with the Yoast SEO plugin v27.3 - https:\/\/yoast.com\/product\/yoast-seo-wordpress\/ -->\n<title>Sostenibilidad y bienestar - Grana Padano<\/title>\n<meta name=\"robots\" content=\"index, follow, max-snippet:-1, max-image-preview:large, max-video-preview:-1\" \/>\n<link rel=\"canonical\" href=\"https:\/\/www.granapadano.it\/es\/sostenibilidad-y-bienestar\/\" \/>\n<meta property=\"og:locale\" content=\"es_ES\" \/>\n<meta property=\"og:type\" content=\"article\" \/>\n<meta property=\"og:title\" content=\"Sostenibilidad y bienestar - Grana Padano\" \/>\n<meta property=\"og:description\" content=\"Sostenibilit\u00e0AmbientaleIl Consorzio per la Tutela del Formaggio Grana Padano, seguendo i principi del suo statuto, \u00e8 attento al tema della sostenibilit\u00e0 ambientale attraverso approcci e metodologie finalizzati a valutare e migliorare le prestazioni ambientali dell\u2019intera filiera produttiva.Le attivit\u00e0 del consorzioFORME SOSTENIBILI: INNOVAZIONE ERISPETTO DELL\u2019AMBIENTEChe cos\u2019\u00e8 la sostenibilit\u00e0 e come possiamo metterla in pratica nella vita [&hellip;]\" \/>\n<meta property=\"og:url\" content=\"https:\/\/www.granapadano.it\/es\/sostenibilidad-y-bienestar\/\" \/>\n<meta property=\"og:site_name\" content=\"Grana Padano\" \/>\n<meta property=\"article:modified_time\" content=\"2023-03-23T17:18:25+00:00\" \/>\n<meta property=\"og:image\" content=\"https:\/\/granapadano.kleecks-cdn.com\/wp-content\/uploads\/2023\/02\/Thumb-Sostenibilita-ambientale.jpg\" \/>\n\t<meta property=\"og:image:width\" content=\"395\" \/>\n\t<meta property=\"og:image:height\" content=\"395\" \/>\n\t<meta property=\"og:image:type\" content=\"image\/jpeg\" \/>\n<meta name=\"twitter:card\" content=\"summary_large_image\" \/>\n<meta name=\"twitter:label1\" content=\"Tiempo de lectura\" \/>\n\t<meta name=\"twitter:data1\" content=\"5 minutos\" \/>\n<script type=\"application\/ld+json\" class=\"yoast-schema-graph\">{\"@context\":\"https:\\\/\\\/schema.org\",\"@graph\":[{\"@type\":\"WebPage\",\"@id\":\"https:\\\/\\\/www.granapadano.it\\\/es\\\/sostenibilidad-y-bienestar\\\/\",\"url\":\"https:\\\/\\\/www.granapadano.it\\\/es\\\/sostenibilidad-y-bienestar\\\/\",\"name\":\"Sostenibilidad y bienestar - Grana Padano\",\"isPartOf\":{\"@id\":\"https:\\\/\\\/www.granapadano.it\\\/es\\\/#website\"},\"primaryImageOfPage\":{\"@id\":\"https:\\\/\\\/www.granapadano.it\\\/es\\\/sostenibilidad-y-bienestar\\\/#primaryimage\"},\"image\":{\"@id\":\"https:\\\/\\\/www.granapadano.it\\\/es\\\/sostenibilidad-y-bienestar\\\/#primaryimage\"},\"thumbnailUrl\":\"https:\\\/\\\/granapadano.kleecks-cdn.com\\\/wp-content\\\/uploads\\\/2023\\\/02\\\/Thumb-Sostenibilita-ambientale.jpg\",\"datePublished\":\"2023-01-31T12:53:36+00:00\",\"dateModified\":\"2023-03-23T17:18:25+00:00\",\"breadcrumb\":{\"@id\":\"https:\\\/\\\/www.granapadano.it\\\/es\\\/sostenibilidad-y-bienestar\\\/#breadcrumb\"},\"inLanguage\":\"es\",\"potentialAction\":[{\"@type\":\"ReadAction\",\"target\":[\"https:\\\/\\\/www.granapadano.it\\\/es\\\/sostenibilidad-y-bienestar\\\/\"]}]},{\"@type\":\"ImageObject\",\"inLanguage\":\"es\",\"@id\":\"https:\\\/\\\/www.granapadano.it\\\/es\\\/sostenibilidad-y-bienestar\\\/#primaryimage\",\"url\":\"https:\\\/\\\/granapadano.kleecks-cdn.com\\\/wp-content\\\/uploads\\\/2023\\\/02\\\/Thumb-Sostenibilita-ambientale.jpg\",\"contentUrl\":\"https:\\\/\\\/granapadano.kleecks-cdn.com\\\/wp-content\\\/uploads\\\/2023\\\/02\\\/Thumb-Sostenibilita-ambientale.jpg\",\"width\":395,\"height\":395},{\"@type\":\"BreadcrumbList\",\"@id\":\"https:\\\/\\\/www.granapadano.it\\\/es\\\/sostenibilidad-y-bienestar\\\/#breadcrumb\",\"itemListElement\":[{\"@type\":\"ListItem\",\"position\":1,\"name\":\"Home\",\"item\":\"https:\\\/\\\/www.granapadano.it\\\/es\\\/\"},{\"@type\":\"ListItem\",\"position\":2,\"name\":\"Sostenibilidad y bienestar\"}]},{\"@type\":\"WebSite\",\"@id\":\"https:\\\/\\\/www.granapadano.it\\\/es\\\/#website\",\"url\":\"https:\\\/\\\/www.granapadano.it\\\/es\\\/\",\"name\":\"Grana Padano\",\"description\":\"\",\"potentialAction\":[{\"@type\":\"SearchAction\",\"target\":{\"@type\":\"EntryPoint\",\"urlTemplate\":\"https:\\\/\\\/www.granapadano.it\\\/es\\\/?s={search_term_string}\"},\"query-input\":{\"@type\":\"PropertyValueSpecification\",\"valueRequired\":true,\"valueName\":\"search_term_string\"}}],\"inLanguage\":\"es\"}]}<\/script>\n<!-- \/ Yoast SEO plugin. -->","yoast_head_json":{"title":"Sostenibilidad y bienestar - Grana Padano","robots":{"index":"index","follow":"follow","max-snippet":"max-snippet:-1","max-image-preview":"max-image-preview:large","max-video-preview":"max-video-preview:-1"},"canonical":"https:\/\/www.granapadano.it\/es\/sostenibilidad-y-bienestar\/","og_locale":"es_ES","og_type":"article","og_title":"Sostenibilidad y bienestar - Grana Padano","og_description":"Sostenibilit\u00e0AmbientaleIl Consorzio per la Tutela del Formaggio Grana Padano, seguendo i principi del suo statuto, \u00e8 attento al tema della sostenibilit\u00e0 ambientale attraverso approcci e metodologie finalizzati a valutare e migliorare le prestazioni ambientali dell\u2019intera filiera produttiva.Le attivit\u00e0 del consorzioFORME SOSTENIBILI: INNOVAZIONE ERISPETTO DELL\u2019AMBIENTEChe cos\u2019\u00e8 la sostenibilit\u00e0 e come possiamo metterla in pratica nella vita [&hellip;]","og_url":"https:\/\/www.granapadano.it\/es\/sostenibilidad-y-bienestar\/","og_site_name":"Grana Padano","article_modified_time":"2023-03-23T17:18:25+00:00","og_image":[{"width":395,"height":395,"url":"https:\/\/granapadano.kleecks-cdn.com\/wp-content\/uploads\/2023\/02\/Thumb-Sostenibilita-ambientale.jpg","type":"image\/jpeg"}],"twitter_card":"summary_large_image","twitter_misc":{"Tiempo de lectura":"5 minutos"},"schema":{"@context":"https:\/\/schema.org","@graph":[{"@type":"WebPage","@id":"https:\/\/www.granapadano.it\/es\/sostenibilidad-y-bienestar\/","url":"https:\/\/www.granapadano.it\/es\/sostenibilidad-y-bienestar\/","name":"Sostenibilidad y bienestar - Grana Padano","isPartOf":{"@id":"https:\/\/www.granapadano.it\/es\/#website"},"primaryImageOfPage":{"@id":"https:\/\/www.granapadano.it\/es\/sostenibilidad-y-bienestar\/#primaryimage"},"image":{"@id":"https:\/\/www.granapadano.it\/es\/sostenibilidad-y-bienestar\/#primaryimage"},"thumbnailUrl":"https:\/\/granapadano.kleecks-cdn.com\/wp-content\/uploads\/2023\/02\/Thumb-Sostenibilita-ambientale.jpg","datePublished":"2023-01-31T12:53:36+00:00","dateModified":"2023-03-23T17:18:25+00:00","breadcrumb":{"@id":"https:\/\/www.granapadano.it\/es\/sostenibilidad-y-bienestar\/#breadcrumb"},"inLanguage":"es","potentialAction":[{"@type":"ReadAction","target":["https:\/\/www.granapadano.it\/es\/sostenibilidad-y-bienestar\/"]}]},{"@type":"ImageObject","inLanguage":"es","@id":"https:\/\/www.granapadano.it\/es\/sostenibilidad-y-bienestar\/#primaryimage","url":"https:\/\/granapadano.kleecks-cdn.com\/wp-content\/uploads\/2023\/02\/Thumb-Sostenibilita-ambientale.jpg","contentUrl":"https:\/\/granapadano.kleecks-cdn.com\/wp-content\/uploads\/2023\/02\/Thumb-Sostenibilita-ambientale.jpg","width":395,"height":395},{"@type":"BreadcrumbList","@id":"https:\/\/www.granapadano.it\/es\/sostenibilidad-y-bienestar\/#breadcrumb","itemListElement":[{"@type":"ListItem","position":1,"name":"Home","item":"https:\/\/www.granapadano.it\/es\/"},{"@type":"ListItem","position":2,"name":"Sostenibilidad y bienestar"}]},{"@type":"WebSite","@id":"https:\/\/www.granapadano.it\/es\/#website","url":"https:\/\/www.granapadano.it\/es\/","name":"Grana Padano","description":"","potentialAction":[{"@type":"SearchAction","target":{"@type":"EntryPoint","urlTemplate":"https:\/\/www.granapadano.it\/es\/?s={search_term_string}"},"query-input":{"@type":"PropertyValueSpecification","valueRequired":true,"valueName":"search_term_string"}}],"inLanguage":"es"}]}},"_links":{"self":[{"href":"https:\/\/www.granapadano.it\/es\/wp-json\/wp\/v2\/pages\/75092","targetHints":{"allow":["GET"]}}],"collection":[{"href":"https:\/\/www.granapadano.it\/es\/wp-json\/wp\/v2\/pages"}],"about":[{"href":"https:\/\/www.granapadano.it\/es\/wp-json\/wp\/v2\/types\/page"}],"author":[{"embeddable":true,"href":"https:\/\/www.granapadano.it\/es\/wp-json\/wp\/v2\/users\/3"}],"replies":[{"embeddable":true,"href":"https:\/\/www.granapadano.it\/es\/wp-json\/wp\/v2\/comments?post=75092"}],"version-history":[{"count":0,"href":"https:\/\/www.granapadano.it\/es\/wp-json\/wp\/v2\/pages\/75092\/revisions"}],"wp:featuredmedia":[{"embeddable":true,"href":"https:\/\/www.granapadano.it\/es\/wp-json\/wp\/v2\/media\/26549"}],"wp:attachment":[{"href":"https:\/\/www.granapadano.it\/es\/wp-json\/wp\/v2\/media?parent=75092"}],"curies":[{"name":"wp","href":"https:\/\/api.w.org\/{rel}","templated":true}]}}