{"id":75087,"date":"2023-02-02T13:12:31","date_gmt":"2023-02-02T13:12:31","guid":{"rendered":"https:\/\/www.granapadano.it\/la-fundacion\/"},"modified":"2026-03-27T14:10:36","modified_gmt":"2026-03-27T14:10:36","slug":"fundacion","status":"publish","type":"page","link":"https:\/\/www.granapadano.it\/es\/sostenibilidad\/fundacion\/","title":{"rendered":"La fundaci\u00f3n"},"content":{"rendered":"<p>[et_pb_section fb_built=\u00bb1&#8243; fullwidth=\u00bbon\u00bb _builder_version=\u00bb4.19.4&#8243; _module_preset=\u00bbdefault\u00bb global_colors_info=\u00bb{}\u00bb][et_pb_fullwidth_image src=\u00bbhttps:\/\/www.granapadano.it\/wp-content\/uploads\/2023\/03\/Abazzia-h-.jpg\u00bb title_text=\u00bbAbazzia-h-\u00bb src_tablet=\u00bbhttps:\/\/www.granapadano.it\/wp-content\/uploads\/2023\/03\/Abazzia-h-.jpg\u00bb src_phone=\u00bbhttps:\/\/www.granapadano.it\/wp-content\/uploads\/2023\/03\/abazzia-m-1.jpg\u00bb src_last_edited=\u00bbon|tablet\u00bb _builder_version=\u00bb4.20.0&#8243; _module_preset=\u00bbdefault\u00bb global_colors_info=\u00bb{}\u00bb][\/et_pb_fullwidth_image][\/et_pb_section][et_pb_section fb_built=\u00bb1&#8243; module_class=\u00bbproduction_sub_hub_main_wrapper\u00bb _builder_version=\u00bb4.19.4&#8243; _module_preset=\u00bbdefault\u00bb custom_padding=\u00bb13px||0px|||\u00bb locked=\u00bboff\u00bb global_colors_info=\u00bb{}\u00bb][et_pb_row module_class=\u00bbrecipe_filter_section\u00bb _builder_version=\u00bb4.19.2&#8243; _module_preset=\u00bbdefault\u00bb max_width=\u00bb90%\u00bb custom_padding=\u00bb||7px|||\u00bb global_colors_info=\u00bb{}\u00bb][et_pb_column type=\u00bb4_4&#8243; _builder_version=\u00bb4.19.2&#8243; _module_preset=\u00bbdefault\u00bb global_colors_info=\u00bb{}\u00bb][et_pb_code _builder_version=\u00bb4.19.2&#8243; _module_preset=\u00bbdefault\u00bb custom_margin=\u00bb||16px|||\u00bb global_colors_info=\u00bb{}\u00bb]<div class=\"breadcrumb\"><a href=\"https:\/\/www.granapadano.it\/es\/\">Inicio<\/a>  <  <\/div>[\/et_pb_code][\/et_pb_column][\/et_pb_row][\/et_pb_section][et_pb_section fb_built=\u00bb1&#8243; module_class=\u00bbgrana_padano_hp_main_section\u00bb _builder_version=\u00bb4.19.4&#8243; _module_preset=\u00bbdefault\u00bb custom_padding=\u00bb2px||1px|||\u00bb locked=\u00bboff\u00bb global_colors_info=\u00bb{}\u00bb disabled_on=\u00bbon|on|on\u00bb disabled=\u00bbon\u00bb][et_pb_row column_structure=\u00bb1_2,1_2&#8243; use_custom_gutter=\u00bbon\u00bb gutter_width=\u00bb2&#8243; _builder_version=\u00bb4.19.4&#8243; _module_preset=\u00bbdefault\u00bb max_width=\u00bb90%\u00bb module_alignment=\u00bbcenter\u00bb custom_margin=\u00bb|auto|60px|auto||\u00bb custom_padding=\u00bb11px||4px|||\u00bb global_colors_info=\u00bb{}\u00bb][et_pb_column type=\u00bb1_2&#8243; _builder_version=\u00bb4.19.4&#8243; _module_preset=\u00bbdefault\u00bb global_colors_info=\u00bb{}\u00bb][et_pb_text _builder_version=\u00bb4.19.5&#8243; _module_preset=\u00bbdefault\u00bb text_font=\u00bbMerriweather|700|||||||\u00bb text_text_color=\u00bb#0f0f0f\u00bb text_font_size=\u00bb56px\u00bb text_line_height=\u00bb62px\u00bb header_font=\u00bb|700|||||||\u00bb header_text_color=\u00bbgcid-8696fd7e-29dd-4028-9d4d-981b208a53a9&#8243; header_font_size=\u00bb44px\u00bb header_line_height=\u00bb52px\u00bb text_orientation=\u00bbcenter\u00bb custom_margin=\u00bb-12px||60px||false|false\u00bb global_colors_info=\u00bb{%22gcid-8696fd7e-29dd-4028-9d4d-981b208a53a9%22:%91%22header_text_color%22%93}\u00bb]<\/p>\n<h1>Solidaridad<\/h1>\n<p>[\/et_pb_text][\/et_pb_column][et_pb_column type=\u00bb1_2&#8243; _builder_version=\u00bb4.19.1&#8243; _module_preset=\u00bbdefault\u00bb global_colors_info=\u00bb{}\u00bb][et_pb_text _builder_version=\u00bb4.19.5&#8243; _module_preset=\u00bbdefault\u00bb text_text_color=\u00bb#0f0f0f\u00bb text_font_size=\u00bb18px\u00bb text_line_height=\u00bb26px\u00bb global_colors_info=\u00bb{}\u00bb]<\/p>\n<p><em>\u201cEl Consorzio Tutela Grana Padano ha escrito muchas p\u00e1ginas de su historia gracias a la solidaridad y al apoyo constante al mundo del voluntariado con iniciativas en todo el mundo. Se trata de un compromiso con la responsabilidad social que toda nuestra comunidad siente y que as\u00ed lo establecen estatutos del Consorcio. Producir siempre en el mejor modo posible, en inter\u00e9s del consumidor y teniendo siempre cono objetivo la mejor calidad son caracter\u00edsticas comunes a aquellos que buscan dar siempre apoyo y ayuda a aquellos que lo necesitan.\u00bb<\/em><\/p>\n<p>La bondad en Grana Padano se trasmite a trav\u00e9s de compromiso social y responsabilidad con aquellos que mas lo necesitan.<br \/>\u00a1Descubre los proyectos a los que Consorzio Tutela Grana Padano apoya!<\/p>\n<p>[\/et_pb_text][et_pb_button button_url=\u00bbhttps:\/\/fondazionegranapadano.org\/\u00bb url_new_window=\u00bbon\u00bb button_text=\u00bbDescubre la Fundaci\u00f3n\u00bb button_alignment=\u00bbleft\u00bb button_text_last_edited=\u00bboff|desktop\u00bb module_class=\u00bbsolidarity_btn\u00bb _builder_version=\u00bb4.27.6&#8243; _module_preset=\u00bbdefault\u00bb custom_button=\u00bbon\u00bb button_text_size=\u00bb22px\u00bb button_text_color=\u00bb#FFFFFF\u00bb button_bg_color=\u00bb#000000&#8243; button_border_radius=\u00bb50px\u00bb button_font=\u00bbMerriweather|700|||||||\u00bb button_icon=\u00bb&#x35;||divi||400&#8243; button_on_hover=\u00bboff\u00bb custom_margin=\u00bb30px||||false|false\u00bb custom_padding=\u00bb|50px||50px|false|false\u00bb hover_enabled=\u00bb0&#8243; locked=\u00bboff\u00bb global_colors_info=\u00bb{}\u00bb button_text__hover_enabled=\u00bboff|desktop\u00bb sticky_enabled=\u00bb0&#8243;][\/et_pb_button][\/et_pb_column][\/et_pb_row][\/et_pb_section][et_pb_section fb_built=\u00bb1&#8243; _builder_version=\u00bb4.27.6&#8243; _module_preset=\u00bbdefault\u00bb min_height=\u00bb179.2px\u00bb locked=\u00bboff\u00bb global_colors_info=\u00bb{}\u00bb][et_pb_row column_structure=\u00bb1_3,2_3&#8243; custom_padding_last_edited=\u00bbon|tablet\u00bb _builder_version=\u00bb4.27.6&#8243; _module_preset=\u00bbdefault\u00bb custom_margin=\u00bb||0px||false|false\u00bb custom_padding=\u00bb0px||0px||false|false\u00bb custom_padding_tablet=\u00bb32px|32px|32px|32px|true|true\u00bb custom_padding_phone=\u00bb32px|0px|32px|0px|true|true\u00bb locked=\u00bboff\u00bb global_colors_info=\u00bb{}\u00bb][et_pb_column type=\u00bb1_3&#8243; _builder_version=\u00bb4.27.6&#8243; _module_preset=\u00bbdefault\u00bb global_colors_info=\u00bb{}\u00bb][et_pb_heading title=\u00bbNuestra historia\u00bb admin_label=\u00bbHeading\u00bb module_class=\u00bbnew-gp-h1-heading\u00bb _builder_version=\u00bb4.27.6&#8243; _module_preset=\u00bbdefault\u00bb title_font=\u00bb&#8211;et_global_heading_font|600|||||||\u00bb title_text_color=\u00bbgcid-cdd0517b-cb7c-4f63-9e4c-4eaf7d046da3&#8243; title_font_size=\u00bb45px\u00bb title_line_height=\u00bb1.6em\u00bb max_width=\u00bb100%\u00bb module_alignment=\u00bbleft\u00bb custom_margin=\u00bb||0px|0px|false|false\u00bb custom_padding=\u00bb||0px|0px|false|false\u00bb title_font_size_tablet=\u00bb32px\u00bb title_font_size_phone=\u00bb32px\u00bb title_font_size_last_edited=\u00bbon|phone\u00bb locked=\u00bboff\u00bb global_colors_info=\u00bb{%22gcid-cdd0517b-cb7c-4f63-9e4c-4eaf7d046da3%22:%91%22title_text_color%22%93}\u00bb][\/et_pb_heading][et_pb_text _builder_version=\u00bb4.27.6&#8243; _module_preset=\u00bbdefault\u00bb text_font=\u00bb&#8211;et_global_body_font||||||||\u00bb text_text_color=\u00bb#876346&#8243; text_line_height=\u00bb1.6em\u00bb custom_margin=\u00bb0px|65px|30px||false|false\u00bb custom_padding_tablet=\u00bb\u00bb custom_padding_phone=\u00bb||||false|false\u00bb custom_padding_last_edited=\u00bbon|phone\u00bb global_colors_info=\u00bb{}\u00bb]<\/p>\n<p style=\"text-align: left;\">La bondad en Grana Padano se trasmite a trav\u00e9s de compromiso social y responsabilidad con aquellos que mas lo necesitan.<br \/>\u00a1Descubre los proyectos a los que Consorzio Tutela Grana Padano apoya!<\/p>\n<p>[\/et_pb_text][\/et_pb_column][et_pb_column type=\u00bb2_3&#8243; _builder_version=\u00bb4.27.6&#8243; _module_preset=\u00bbdefault\u00bb custom_padding=\u00bb||0px||false|false\u00bb global_colors_info=\u00bb{}\u00bb][et_pb_text _builder_version=\u00bb4.27.6&#8243; _module_preset=\u00bbdefault\u00bb text_font=\u00bb&#8211;et_global_body_font||||||||\u00bb text_text_color=\u00bb#44392b\u00bb text_font_size=\u00bb16px\u00bb text_line_height=\u00bb1.6em\u00bb custom_margin=\u00bb20px||30px||false|false\u00bb custom_padding_tablet=\u00bb\u00bb custom_padding_phone=\u00bb||||false|false\u00bb custom_padding_last_edited=\u00bbon|phone\u00bb global_colors_info=\u00bb{}\u00bb]<\/p>\n<p style=\"text-align: left;\"><em>\u201cIl Consorzio Tutela Grana Padano ha scritto molte pagine della sua storia con le parole della solidariet\u00e0 e del sostegno forte e costante verso il mondo del volontariato per iniziative in tutto il mondo. Si tratta di un impegno di Responsabilit\u00e0 Sociale che la nostra comunit\u00e0 sente e che lo Statuto del Consorzio prevede. Produrre sempre meglio nell\u2019interesse del consumatore perseguendo la qualit\u00e0 come valore \u00e8 un modo di essere e di fare che si declina anche nel sostenere chi porta assistenza e sollievo a chi soffre\u201d.<\/em><\/p>\n<p>[\/et_pb_text][et_pb_button button_url=\u00bbhttps:\/\/fondazionegranapadano.org\/\u00bb button_text=\u00bbDescubre la Fundaci\u00f3n\u00bb button_alignment=\u00bbleft\u00bb module_class=\u00bbBrown-btn\u00bb _builder_version=\u00bb4.27.6&#8243; _module_preset=\u00bbdefault\u00bb custom_button=\u00bbon\u00bb button_text_color=\u00bb#f9f1e4&#8243; button_bg_color=\u00bb#876346&#8243; button_border_width=\u00bb0px\u00bb button_border_color=\u00bbRGBA(255,255,255,0)\u00bb button_border_radius=\u00bb0px\u00bb button_font=\u00bb&#8211;et_global_heading_font||||||||\u00bb button_icon=\u00bb&#x24;||divi||400&#8243; button_on_hover=\u00bboff\u00bb custom_margin=\u00bb40px|||-2px|false|false\u00bb custom_margin_tablet=\u00bb32px|||0px|false|false\u00bb custom_margin_phone=\u00bb32px|||0px|false|false\u00bb custom_margin_last_edited=\u00bbon|tablet\u00bb custom_padding=\u00bb16px|30px|16px|16px|true|false\u00bb hover_enabled=\u00bb0&#8243; locked=\u00bboff\u00bb global_colors_info=\u00bb{}\u00bb sticky_enabled=\u00bb0&#8243;][\/et_pb_button][\/et_pb_column][\/et_pb_row][\/et_pb_section]<\/p>\n","protected":false},"excerpt":{"rendered":"<p><div class=\"breadcrumb\"><a href=\"https:\/\/www.granapadano.it\/es\/\">Inicio<\/a>  <  <\/div>Solidaridad\u201cEl Consorzio Tutela Grana Padano ha escrito muchas p\u00e1ginas de su historia gracias a la solidaridad y al apoyo constante al mundo del voluntariado con iniciativas en todo el mundo. Se trata de un compromiso con la responsabilidad social que toda nuestra comunidad siente y que as\u00ed lo establecen estatutos del Consorcio. Producir siempre en [&hellip;]<\/p>\n","protected":false},"author":3,"featured_media":0,"parent":151782,"menu_order":447,"comment_status":"closed","ping_status":"closed","template":"","meta":{"_acf_changed":false,"_et_pb_use_builder":"on","_et_pb_old_content":"","_et_gb_content_width":"","footnotes":""},"class_list":["post-75087","page","type-page","status-publish","hentry"],"acf":[],"yoast_head":"<!-- This site is optimized with the Yoast SEO plugin v27.2 - https:\/\/yoast.com\/product\/yoast-seo-wordpress\/ -->\n<title>La fundaci\u00f3n - Grana Padano<\/title>\n<meta name=\"robots\" content=\"index, follow, max-snippet:-1, max-image-preview:large, max-video-preview:-1\" \/>\n<link rel=\"canonical\" href=\"https:\/\/www.granapadano.it\/es\/sostenibilidad\/fundacion\/\" \/>\n<meta property=\"og:locale\" content=\"es_ES\" \/>\n<meta property=\"og:type\" content=\"article\" \/>\n<meta property=\"og:title\" content=\"La fundaci\u00f3n - Grana Padano\" \/>\n<meta property=\"og:description\" content=\"Solidaridad\u201cEl Consorzio Tutela Grana Padano ha escrito muchas p\u00e1ginas de su historia gracias a la solidaridad y al apoyo constante al mundo del voluntariado con iniciativas en todo el mundo. Se trata de un compromiso con la responsabilidad social que toda nuestra comunidad siente y que as\u00ed lo establecen estatutos del Consorcio. Producir siempre en [&hellip;]\" \/>\n<meta property=\"og:url\" content=\"https:\/\/www.granapadano.it\/es\/sostenibilidad\/fundacion\/\" \/>\n<meta property=\"og:site_name\" content=\"Grana Padano\" \/>\n<meta property=\"article:modified_time\" content=\"2026-03-27T14:10:36+00:00\" \/>\n<meta name=\"twitter:card\" content=\"summary_large_image\" \/>\n<meta name=\"twitter:label1\" content=\"Tiempo de lectura\" \/>\n\t<meta name=\"twitter:data1\" content=\"1 minuto\" \/>\n<script type=\"application\/ld+json\" class=\"yoast-schema-graph\">{\"@context\":\"https:\/\/schema.org\",\"@graph\":[{\"@type\":\"WebPage\",\"@id\":\"https:\/\/www.granapadano.it\/es\/sostenibilidad\/fundacion\/\",\"url\":\"https:\/\/www.granapadano.it\/es\/sostenibilidad\/fundacion\/\",\"name\":\"La fundaci\u00f3n - Grana Padano\",\"isPartOf\":{\"@id\":\"https:\/\/www.granapadano.it\/es\/#website\"},\"datePublished\":\"2023-02-02T13:12:31+00:00\",\"dateModified\":\"2026-03-27T14:10:36+00:00\",\"breadcrumb\":{\"@id\":\"https:\/\/www.granapadano.it\/es\/sostenibilidad\/fundacion\/#breadcrumb\"},\"inLanguage\":\"es\",\"potentialAction\":[{\"@type\":\"ReadAction\",\"target\":[\"https:\/\/www.granapadano.it\/es\/sostenibilidad\/fundacion\/\"]}]},{\"@type\":\"BreadcrumbList\",\"@id\":\"https:\/\/www.granapadano.it\/es\/sostenibilidad\/fundacion\/#breadcrumb\",\"itemListElement\":[{\"@type\":\"ListItem\",\"position\":1,\"name\":\"Home\",\"item\":\"https:\/\/www.granapadano.it\/es\/\"},{\"@type\":\"ListItem\",\"position\":2,\"name\":\"Sostenibilidad\",\"item\":\"https:\/\/www.granapadano.it\/es\/sostenibilidad\/\"},{\"@type\":\"ListItem\",\"position\":3,\"name\":\"La fundaci\u00f3n\"}]},{\"@type\":\"WebSite\",\"@id\":\"https:\/\/www.granapadano.it\/es\/#website\",\"url\":\"https:\/\/www.granapadano.it\/es\/\",\"name\":\"Grana Padano\",\"description\":\"\",\"potentialAction\":[{\"@type\":\"SearchAction\",\"target\":{\"@type\":\"EntryPoint\",\"urlTemplate\":\"https:\/\/www.granapadano.it\/es\/?s={search_term_string}\"},\"query-input\":{\"@type\":\"PropertyValueSpecification\",\"valueRequired\":true,\"valueName\":\"search_term_string\"}}],\"inLanguage\":\"es\"}]}<\/script>\n<!-- \/ Yoast SEO plugin. -->","yoast_head_json":{"title":"La fundaci\u00f3n - Grana Padano","robots":{"index":"index","follow":"follow","max-snippet":"max-snippet:-1","max-image-preview":"max-image-preview:large","max-video-preview":"max-video-preview:-1"},"canonical":"https:\/\/www.granapadano.it\/es\/sostenibilidad\/fundacion\/","og_locale":"es_ES","og_type":"article","og_title":"La fundaci\u00f3n - Grana Padano","og_description":"Solidaridad\u201cEl Consorzio Tutela Grana Padano ha escrito muchas p\u00e1ginas de su historia gracias a la solidaridad y al apoyo constante al mundo del voluntariado con iniciativas en todo el mundo. Se trata de un compromiso con la responsabilidad social que toda nuestra comunidad siente y que as\u00ed lo establecen estatutos del Consorcio. Producir siempre en [&hellip;]","og_url":"https:\/\/www.granapadano.it\/es\/sostenibilidad\/fundacion\/","og_site_name":"Grana Padano","article_modified_time":"2026-03-27T14:10:36+00:00","twitter_card":"summary_large_image","twitter_misc":{"Tiempo de lectura":"1 minuto"},"schema":{"@context":"https:\/\/schema.org","@graph":[{"@type":"WebPage","@id":"https:\/\/www.granapadano.it\/es\/sostenibilidad\/fundacion\/","url":"https:\/\/www.granapadano.it\/es\/sostenibilidad\/fundacion\/","name":"La fundaci\u00f3n - Grana Padano","isPartOf":{"@id":"https:\/\/www.granapadano.it\/es\/#website"},"datePublished":"2023-02-02T13:12:31+00:00","dateModified":"2026-03-27T14:10:36+00:00","breadcrumb":{"@id":"https:\/\/www.granapadano.it\/es\/sostenibilidad\/fundacion\/#breadcrumb"},"inLanguage":"es","potentialAction":[{"@type":"ReadAction","target":["https:\/\/www.granapadano.it\/es\/sostenibilidad\/fundacion\/"]}]},{"@type":"BreadcrumbList","@id":"https:\/\/www.granapadano.it\/es\/sostenibilidad\/fundacion\/#breadcrumb","itemListElement":[{"@type":"ListItem","position":1,"name":"Home","item":"https:\/\/www.granapadano.it\/es\/"},{"@type":"ListItem","position":2,"name":"Sostenibilidad","item":"https:\/\/www.granapadano.it\/es\/sostenibilidad\/"},{"@type":"ListItem","position":3,"name":"La fundaci\u00f3n"}]},{"@type":"WebSite","@id":"https:\/\/www.granapadano.it\/es\/#website","url":"https:\/\/www.granapadano.it\/es\/","name":"Grana Padano","description":"","potentialAction":[{"@type":"SearchAction","target":{"@type":"EntryPoint","urlTemplate":"https:\/\/www.granapadano.it\/es\/?s={search_term_string}"},"query-input":{"@type":"PropertyValueSpecification","valueRequired":true,"valueName":"search_term_string"}}],"inLanguage":"es"}]}},"_links":{"self":[{"href":"https:\/\/www.granapadano.it\/es\/wp-json\/wp\/v2\/pages\/75087","targetHints":{"allow":["GET"]}}],"collection":[{"href":"https:\/\/www.granapadano.it\/es\/wp-json\/wp\/v2\/pages"}],"about":[{"href":"https:\/\/www.granapadano.it\/es\/wp-json\/wp\/v2\/types\/page"}],"author":[{"embeddable":true,"href":"https:\/\/www.granapadano.it\/es\/wp-json\/wp\/v2\/users\/3"}],"replies":[{"embeddable":true,"href":"https:\/\/www.granapadano.it\/es\/wp-json\/wp\/v2\/comments?post=75087"}],"version-history":[{"count":2,"href":"https:\/\/www.granapadano.it\/es\/wp-json\/wp\/v2\/pages\/75087\/revisions"}],"predecessor-version":[{"id":153047,"href":"https:\/\/www.granapadano.it\/es\/wp-json\/wp\/v2\/pages\/75087\/revisions\/153047"}],"up":[{"embeddable":true,"href":"https:\/\/www.granapadano.it\/es\/wp-json\/wp\/v2\/pages\/151782"}],"wp:attachment":[{"href":"https:\/\/www.granapadano.it\/es\/wp-json\/wp\/v2\/media?parent=75087"}],"curies":[{"name":"wp","href":"https:\/\/api.w.org\/{rel}","templated":true}]}}