{"id":38742,"date":"2023-02-16T16:09:02","date_gmt":"2023-02-16T16:09:02","guid":{"rendered":"https:\/\/www.granapadano.it\/el-consorzio-de-proteccion\/nuestro-papel-proteccion-y-promocion\/tutela\/"},"modified":"2023-04-12T16:23:20","modified_gmt":"2023-04-12T16:23:20","slug":"proteccion","status":"publish","type":"page","link":"https:\/\/www.granapadano.it\/es\/el-consorzio-de-proteccion\/nuestro-papel-proteccion-y-promocion\/proteccion\/","title":{"rendered":"Protecci\u00f3n"},"content":{"rendered":"<p>[et_pb_section fb_built=\u00bb1&#8243; fullwidth=\u00bbon\u00bb _builder_version=\u00bb4.19.0&#8243; _module_preset=\u00bbdefault\u00bb locked=\u00bboff\u00bb global_colors_info=\u00bb{}\u00bb][et_pb_fullwidth_image src=\u00bbhttps:\/\/www.granapadano.it\/wp-content\/uploads\/2023\/01\/Sostenibilita-ambientale-1h.jpg\u00bb title_text=\u00bbSostenibilita-ambientale-1m\u00bb src_tablet=\u00bbhttps:\/\/www.granapadano.it\/wp-content\/uploads\/2023\/01\/Sostenibilita-ambientale-1h.jpg\u00bb src_phone=\u00bbhttps:\/\/www.granapadano.it\/wp-content\/uploads\/2023\/01\/Sostenibilita-ambientale-1m.jpg\u00bb src_last_edited=\u00bbon|phone\u00bb _builder_version=\u00bb4.19.5&#8243; _module_preset=\u00bbdefault\u00bb global_colors_info=\u00bb{}\u00bb][\/et_pb_fullwidth_image][\/et_pb_section][et_pb_section fb_built=\u00bb1&#8243; module_class=\u00bbproduction_sub_hub_main_wrapper\u00bb _builder_version=\u00bb4.19.5&#8243; _module_preset=\u00bbdefault\u00bb custom_padding=\u00bb13px||0px|||\u00bb locked=\u00bboff\u00bb global_colors_info=\u00bb{}\u00bb][et_pb_row module_class=\u00bbrecipe_filter_section\u00bb _builder_version=\u00bb4.19.2&#8243; _module_preset=\u00bbdefault\u00bb max_width=\u00bb90%\u00bb custom_padding=\u00bb||7px|||\u00bb global_colors_info=\u00bb{}\u00bb][et_pb_column type=\u00bb4_4&#8243; _builder_version=\u00bb4.19.2&#8243; _module_preset=\u00bbdefault\u00bb global_colors_info=\u00bb{}\u00bb][et_pb_code _builder_version=\u00bb4.19.2&#8243; _module_preset=\u00bbdefault\u00bb custom_margin=\u00bb||16px|||\u00bb global_colors_info=\u00bb{}\u00bb]<div class=\"breadcrumb\"><a href=\"https:\/\/www.granapadano.it\/es\/\">Inicio<\/a>  <  <\/div>[\/et_pb_code][\/et_pb_column][\/et_pb_row][\/et_pb_section][et_pb_section fb_built=\u00bb1&#8243; module_class=\u00bbgp_production_sub_hub_main\u00bb _builder_version=\u00bb4.19.5&#8243; _module_preset=\u00bbdefault\u00bb custom_padding=\u00bb0px||4px||false|false\u00bb locked=\u00bboff\u00bb global_colors_info=\u00bb{}\u00bb][et_pb_row _builder_version=\u00bb4.19.4&#8243; _module_preset=\u00bbdefault\u00bb max_width=\u00bb90%\u00bb module_alignment=\u00bbcenter\u00bb custom_padding=\u00bb0px||0px|||\u00bb global_colors_info=\u00bb{}\u00bb][et_pb_column type=\u00bb4_4&#8243; _builder_version=\u00bb4.19.1&#8243; _module_preset=\u00bbdefault\u00bb global_colors_info=\u00bb{}\u00bb][et_pb_text _builder_version=\u00bb4.20.0&#8243; _module_preset=\u00bbdefault\u00bb header_font=\u00bbMerriweather||||||||\u00bb header_font_size=\u00bb44px\u00bb header_line_height=\u00bb52px\u00bb custom_margin=\u00bb0px||||false|false\u00bb custom_padding=\u00bb0px||||false|false\u00bb global_colors_info=\u00bb{}\u00bb]<\/p>\n<h1 style=\"text-align: center;\">Protecci\u00f3n<\/h1>\n<p>[\/et_pb_text][et_pb_text _builder_version=\u00bb4.20.0&#8243; _module_preset=\u00bbdefault\u00bb text_text_color=\u00bb#0f0f0f\u00bb text_font_size=\u00bb18px\u00bb text_line_height=\u00bb26px\u00bb width=\u00bb99.9%\u00bb min_height=\u00bb612.9px\u00bb custom_padding=\u00bb14px|1px|46px|||\u00bb global_colors_info=\u00bb{}\u00bb]<em>\u00abEl Consorcio lleva a cabo acci\u00f3n de protecci\u00f3n, vigilancia y salvaguardia del Grana Padano DOP en cada fase de la cadena: producci\u00f3n de la materia prima, su transformaci\u00f3n, envasado y comercializaci\u00f3n del queso\u00bb<br \/>\n<\/em><strong>(Estatutos del \u2018Consorzio Tutela Grana Padano\u2019)<\/strong><\/p>\n<p>La funci\u00f3n de protecci\u00f3n se refiere a la defensa general de los intereses del Grana Padano en cuanto a queso con Denominaci\u00f3n de Origen Protegida.<br \/>\nEsta incluye tambi\u00e9n la salvaguardia ante abusos, actos de competencia desleal, falsificaciones, uso indebido de la denominaci\u00f3n u otros comportamientos il\u00edcitos en la producci\u00f3n, transformaci\u00f3n y comercializaci\u00f3n del Grana Padano.<\/p>\n<p><strong>PROTECCI\u00d3N SIGNIFICA:<\/strong><br \/>\n<strong><\/strong><\/p>\n<p><strong>Respeto del Pliego de condiciones de producci\u00f3n<\/strong><br \/>\nDesde 1996, el Grana Padano es un queso con Denominaci\u00f3n de Origen Protegida. Como tal, por ley, debe cumplir con los requisitos previstos por el Pliego de condiciones de producci\u00f3n elaborado por el Consorcio, en el que se codifican los procedimientos a seguir en el proceso de transformaci\u00f3n de la leche, hasta obtener el Grana Padano.<br \/>\n<strong><\/strong><\/p>\n<p><strong>Garant\u00eda de calidad<\/strong><br \/>\nEl objetivo principal del Consorcio, en sus funciones de Protecci\u00f3n, es garantizar al consumidor un producto de alta calidad y certificado, as\u00ed como cargado de historia, tipicidad y tradici\u00f3n. Controles espec\u00edficos. Para garantizar que cada productor respete las reglas fijadas por el Pliego de condiciones y que cada rueda de Grana Padano corresponda con el est\u00e1ndar previsto, el Consorcio lleva a cabo numerosos controles y verificaciones en colaboraci\u00f3n con un organismo externo autorizado, actualmente el CSQA.<\/p>\n<p><strong>Autenticidad sin lugar a dudas<\/strong><br \/>\nEI \u2018Consorzio Tutela Grana Padano\u2019 verifica y vigila a productores, maduradores, ralladores, envasadores y puntos de venta, para asegurar en todo momento que todas las operaciones sean correctas y no comprometan la autenticidad y genuinidad del producto DOP.<\/p>\n<p><strong>Desalentar los actos il\u00edcitos<\/strong><br \/>\nLas verificaciones destinadas a este fin se llevan a cabo por sorpresa y, ante hechos graves, puede requerirse la intervenci\u00f3n de la Oficina de Represi\u00f3n del Fraude y de los N\u00facleos contra la Adulteraci\u00f3n.[\/et_pb_text][\/et_pb_column][\/et_pb_row][\/et_pb_section]<\/p>\n","protected":false},"excerpt":{"rendered":"<p><div class=\"breadcrumb\"><a href=\"https:\/\/www.granapadano.it\/es\/\">Inicio<\/a>  <  <\/div>Protecci\u00f3n\u00bbEl Consorcio lleva a cabo acci\u00f3n de protecci\u00f3n, vigilancia y salvaguardia del Grana Padano DOP en cada fase de la cadena: producci\u00f3n de la materia prima, su transformaci\u00f3n, envasado y comercializaci\u00f3n del queso\u00bb (Estatutos del \u2018Consorzio Tutela Grana Padano\u2019) La funci\u00f3n de protecci\u00f3n se refiere a la defensa general de los intereses del Grana Padano [&hellip;]<\/p>\n","protected":false},"author":3,"featured_media":0,"parent":37029,"menu_order":621,"comment_status":"closed","ping_status":"closed","template":"","meta":{"_acf_changed":false,"_et_pb_use_builder":"on","_et_pb_old_content":"","_et_gb_content_width":"","footnotes":""},"class_list":["post-38742","page","type-page","status-publish","hentry"],"acf":[],"yoast_head":"<!-- This site is optimized with the Yoast SEO plugin v27.3 - https:\/\/yoast.com\/product\/yoast-seo-wordpress\/ -->\n<title>Protecci\u00f3n - Grana Padano<\/title>\n<meta name=\"robots\" content=\"index, follow, max-snippet:-1, max-image-preview:large, max-video-preview:-1\" \/>\n<link rel=\"canonical\" href=\"https:\/\/www.granapadano.it\/es\/el-consorzio-de-proteccion\/nuestro-papel-proteccion-y-promocion\/proteccion\/\" \/>\n<meta property=\"og:locale\" content=\"es_ES\" \/>\n<meta property=\"og:type\" content=\"article\" \/>\n<meta property=\"og:title\" content=\"Protecci\u00f3n - Grana Padano\" \/>\n<meta property=\"og:description\" content=\"Protecci\u00f3n&quot;El Consorcio lleva a cabo acci\u00f3n de protecci\u00f3n, vigilancia y salvaguardia del Grana Padano DOP en cada fase de la cadena: producci\u00f3n de la materia prima, su transformaci\u00f3n, envasado y comercializaci\u00f3n del queso&quot; (Estatutos del \u2018Consorzio Tutela Grana Padano\u2019) La funci\u00f3n de protecci\u00f3n se refiere a la defensa general de los intereses del Grana Padano [&hellip;]\" \/>\n<meta property=\"og:url\" content=\"https:\/\/www.granapadano.it\/es\/el-consorzio-de-proteccion\/nuestro-papel-proteccion-y-promocion\/proteccion\/\" \/>\n<meta property=\"og:site_name\" content=\"Grana Padano\" \/>\n<meta property=\"article:modified_time\" content=\"2023-04-12T16:23:20+00:00\" \/>\n<meta name=\"twitter:card\" content=\"summary_large_image\" \/>\n<meta name=\"twitter:label1\" content=\"Tiempo de lectura\" \/>\n\t<meta name=\"twitter:data1\" content=\"3 minutos\" \/>\n<script type=\"application\/ld+json\" class=\"yoast-schema-graph\">{\"@context\":\"https:\\\/\\\/schema.org\",\"@graph\":[{\"@type\":\"WebPage\",\"@id\":\"https:\\\/\\\/www.granapadano.it\\\/es\\\/el-consorzio-de-proteccion\\\/nuestro-papel-proteccion-y-promocion\\\/proteccion\\\/\",\"url\":\"https:\\\/\\\/www.granapadano.it\\\/es\\\/el-consorzio-de-proteccion\\\/nuestro-papel-proteccion-y-promocion\\\/proteccion\\\/\",\"name\":\"Protecci\u00f3n - Grana Padano\",\"isPartOf\":{\"@id\":\"https:\\\/\\\/www.granapadano.it\\\/es\\\/#website\"},\"datePublished\":\"2023-02-16T16:09:02+00:00\",\"dateModified\":\"2023-04-12T16:23:20+00:00\",\"breadcrumb\":{\"@id\":\"https:\\\/\\\/www.granapadano.it\\\/es\\\/el-consorzio-de-proteccion\\\/nuestro-papel-proteccion-y-promocion\\\/proteccion\\\/#breadcrumb\"},\"inLanguage\":\"es\",\"potentialAction\":[{\"@type\":\"ReadAction\",\"target\":[\"https:\\\/\\\/www.granapadano.it\\\/es\\\/el-consorzio-de-proteccion\\\/nuestro-papel-proteccion-y-promocion\\\/proteccion\\\/\"]}]},{\"@type\":\"BreadcrumbList\",\"@id\":\"https:\\\/\\\/www.granapadano.it\\\/es\\\/el-consorzio-de-proteccion\\\/nuestro-papel-proteccion-y-promocion\\\/proteccion\\\/#breadcrumb\",\"itemListElement\":[{\"@type\":\"ListItem\",\"position\":1,\"name\":\"Home\",\"item\":\"https:\\\/\\\/www.granapadano.it\\\/es\\\/\"},{\"@type\":\"ListItem\",\"position\":2,\"name\":\"El Consorcio Responsable\",\"item\":\"https:\\\/\\\/www.granapadano.it\\\/es\\\/el-consorcio-responsable\\\/\"},{\"@type\":\"ListItem\",\"position\":3,\"name\":\"Nuestro papel: protecci\u00f3n y promoci\u00f3n\",\"item\":\"https:\\\/\\\/www.granapadano.it\\\/es\\\/el-consorzio-de-proteccion\\\/nuestro-papel-proteccion-y-promocion\\\/\"},{\"@type\":\"ListItem\",\"position\":4,\"name\":\"Protecci\u00f3n\"}]},{\"@type\":\"WebSite\",\"@id\":\"https:\\\/\\\/www.granapadano.it\\\/es\\\/#website\",\"url\":\"https:\\\/\\\/www.granapadano.it\\\/es\\\/\",\"name\":\"Grana Padano\",\"description\":\"\",\"potentialAction\":[{\"@type\":\"SearchAction\",\"target\":{\"@type\":\"EntryPoint\",\"urlTemplate\":\"https:\\\/\\\/www.granapadano.it\\\/es\\\/?s={search_term_string}\"},\"query-input\":{\"@type\":\"PropertyValueSpecification\",\"valueRequired\":true,\"valueName\":\"search_term_string\"}}],\"inLanguage\":\"es\"}]}<\/script>\n<!-- \/ Yoast SEO plugin. -->","yoast_head_json":{"title":"Protecci\u00f3n - Grana Padano","robots":{"index":"index","follow":"follow","max-snippet":"max-snippet:-1","max-image-preview":"max-image-preview:large","max-video-preview":"max-video-preview:-1"},"canonical":"https:\/\/www.granapadano.it\/es\/el-consorzio-de-proteccion\/nuestro-papel-proteccion-y-promocion\/proteccion\/","og_locale":"es_ES","og_type":"article","og_title":"Protecci\u00f3n - Grana Padano","og_description":"Protecci\u00f3n\"El Consorcio lleva a cabo acci\u00f3n de protecci\u00f3n, vigilancia y salvaguardia del Grana Padano DOP en cada fase de la cadena: producci\u00f3n de la materia prima, su transformaci\u00f3n, envasado y comercializaci\u00f3n del queso\" (Estatutos del \u2018Consorzio Tutela Grana Padano\u2019) La funci\u00f3n de protecci\u00f3n se refiere a la defensa general de los intereses del Grana Padano [&hellip;]","og_url":"https:\/\/www.granapadano.it\/es\/el-consorzio-de-proteccion\/nuestro-papel-proteccion-y-promocion\/proteccion\/","og_site_name":"Grana Padano","article_modified_time":"2023-04-12T16:23:20+00:00","twitter_card":"summary_large_image","twitter_misc":{"Tiempo de lectura":"3 minutos"},"schema":{"@context":"https:\/\/schema.org","@graph":[{"@type":"WebPage","@id":"https:\/\/www.granapadano.it\/es\/el-consorzio-de-proteccion\/nuestro-papel-proteccion-y-promocion\/proteccion\/","url":"https:\/\/www.granapadano.it\/es\/el-consorzio-de-proteccion\/nuestro-papel-proteccion-y-promocion\/proteccion\/","name":"Protecci\u00f3n - Grana Padano","isPartOf":{"@id":"https:\/\/www.granapadano.it\/es\/#website"},"datePublished":"2023-02-16T16:09:02+00:00","dateModified":"2023-04-12T16:23:20+00:00","breadcrumb":{"@id":"https:\/\/www.granapadano.it\/es\/el-consorzio-de-proteccion\/nuestro-papel-proteccion-y-promocion\/proteccion\/#breadcrumb"},"inLanguage":"es","potentialAction":[{"@type":"ReadAction","target":["https:\/\/www.granapadano.it\/es\/el-consorzio-de-proteccion\/nuestro-papel-proteccion-y-promocion\/proteccion\/"]}]},{"@type":"BreadcrumbList","@id":"https:\/\/www.granapadano.it\/es\/el-consorzio-de-proteccion\/nuestro-papel-proteccion-y-promocion\/proteccion\/#breadcrumb","itemListElement":[{"@type":"ListItem","position":1,"name":"Home","item":"https:\/\/www.granapadano.it\/es\/"},{"@type":"ListItem","position":2,"name":"El Consorcio Responsable","item":"https:\/\/www.granapadano.it\/es\/el-consorcio-responsable\/"},{"@type":"ListItem","position":3,"name":"Nuestro papel: protecci\u00f3n y promoci\u00f3n","item":"https:\/\/www.granapadano.it\/es\/el-consorzio-de-proteccion\/nuestro-papel-proteccion-y-promocion\/"},{"@type":"ListItem","position":4,"name":"Protecci\u00f3n"}]},{"@type":"WebSite","@id":"https:\/\/www.granapadano.it\/es\/#website","url":"https:\/\/www.granapadano.it\/es\/","name":"Grana Padano","description":"","potentialAction":[{"@type":"SearchAction","target":{"@type":"EntryPoint","urlTemplate":"https:\/\/www.granapadano.it\/es\/?s={search_term_string}"},"query-input":{"@type":"PropertyValueSpecification","valueRequired":true,"valueName":"search_term_string"}}],"inLanguage":"es"}]}},"_links":{"self":[{"href":"https:\/\/www.granapadano.it\/es\/wp-json\/wp\/v2\/pages\/38742","targetHints":{"allow":["GET"]}}],"collection":[{"href":"https:\/\/www.granapadano.it\/es\/wp-json\/wp\/v2\/pages"}],"about":[{"href":"https:\/\/www.granapadano.it\/es\/wp-json\/wp\/v2\/types\/page"}],"author":[{"embeddable":true,"href":"https:\/\/www.granapadano.it\/es\/wp-json\/wp\/v2\/users\/3"}],"replies":[{"embeddable":true,"href":"https:\/\/www.granapadano.it\/es\/wp-json\/wp\/v2\/comments?post=38742"}],"version-history":[{"count":1,"href":"https:\/\/www.granapadano.it\/es\/wp-json\/wp\/v2\/pages\/38742\/revisions"}],"predecessor-version":[{"id":90618,"href":"https:\/\/www.granapadano.it\/es\/wp-json\/wp\/v2\/pages\/38742\/revisions\/90618"}],"up":[{"embeddable":true,"href":"https:\/\/www.granapadano.it\/es\/wp-json\/wp\/v2\/pages\/37029"}],"wp:attachment":[{"href":"https:\/\/www.granapadano.it\/es\/wp-json\/wp\/v2\/media?parent=38742"}],"curies":[{"name":"wp","href":"https:\/\/api.w.org\/{rel}","templated":true}]}}