{"id":37029,"date":"2023-02-02T13:22:22","date_gmt":"2023-02-02T13:22:22","guid":{"rendered":"https:\/\/www.granapadano.it\/el-consorzio-de-proteccion\/il-ruolo-tutela-e-promozione\/"},"modified":"2026-03-26T17:14:20","modified_gmt":"2026-03-26T17:14:20","slug":"nuestro-papel-proteccion-y-promocion","status":"publish","type":"page","link":"https:\/\/www.granapadano.it\/es\/el-consorzio-de-proteccion\/nuestro-papel-proteccion-y-promocion\/","title":{"rendered":"Nuestro papel: protecci\u00f3n y promoci\u00f3n"},"content":{"rendered":"<p>[et_pb_section fb_built=\u00bb1&#8243; fullwidth=\u00bbon\u00bb _builder_version=\u00bb4.19.4&#8243; _module_preset=\u00bbdefault\u00bb locked=\u00bboff\u00bb global_colors_info=\u00bb{}\u00bb][et_pb_fullwidth_image src=\u00bbhttps:\/\/www.granapadano.it\/wp-content\/uploads\/2023\/03\/Grana-Padano-h.jpg\u00bb title_text=\u00bbGrana-Padano-m\u00bb src_tablet=\u00bbhttps:\/\/www.granapadano.it\/wp-content\/uploads\/2023\/03\/Grana-Padano-h.jpg\u00bb src_phone=\u00bbhttps:\/\/www.granapadano.it\/wp-content\/uploads\/2023\/03\/Grana-Padano-m-1.jpg\u00bb src_last_edited=\u00bbon|phone\u00bb _builder_version=\u00bb4.20.0&#8243; _module_preset=\u00bbdefault\u00bb global_colors_info=\u00bb{}\u00bb][\/et_pb_fullwidth_image][\/et_pb_section][et_pb_section fb_built=\u00bb1&#8243; module_class=\u00bbproduction_sub_hub_main_wrapper\u00bb _builder_version=\u00bb4.19.3&#8243; _module_preset=\u00bbdefault\u00bb custom_padding=\u00bb13px||0px|||\u00bb global_colors_info=\u00bb{}\u00bb][et_pb_row module_class=\u00bbrecipe_filter_section\u00bb _builder_version=\u00bb4.19.4&#8243; _module_preset=\u00bbdefault\u00bb max_width=\u00bb90%\u00bb custom_padding=\u00bb||7px|||\u00bb global_colors_info=\u00bb{}\u00bb][et_pb_column type=\u00bb4_4&#8243; _builder_version=\u00bb4.19.4&#8243; _module_preset=\u00bbdefault\u00bb global_colors_info=\u00bb{}\u00bb][et_pb_code _builder_version=\u00bb4.19.4&#8243; _module_preset=\u00bbdefault\u00bb global_colors_info=\u00bb{}\u00bb]<div class=\"breadcrumb\"><a href=\"https:\/\/www.granapadano.it\/es\/\">Inicio<\/a>  <  <\/div>[\/et_pb_code][\/et_pb_column][\/et_pb_row][\/et_pb_section][et_pb_section fb_built=\u00bb1&#8243; module_class=\u00bbsustainability_sub_hub_wrapper\u00bb _builder_version=\u00bb4.19.4&#8243; _module_preset=\u00bbdefault\u00bb custom_padding=\u00bb10px||4px|||\u00bb locked=\u00bboff\u00bb global_colors_info=\u00bb{}\u00bb][et_pb_row column_structure=\u00bb2_5,3_5&#8243; _builder_version=\u00bb4.19.4&#8243; _module_preset=\u00bbdefault\u00bb max_width=\u00bb90%\u00bb module_alignment=\u00bbcenter\u00bb custom_margin=\u00bb17px|auto||auto||\u00bb custom_padding=\u00bb1px||50px|||\u00bb global_colors_info=\u00bb{}\u00bb][et_pb_column type=\u00bb2_5&#8243; _builder_version=\u00bb4.19.1&#8243; _module_preset=\u00bbdefault\u00bb global_colors_info=\u00bb{}\u00bb][et_pb_text _builder_version=\u00bb4.20.0&#8243; _module_preset=\u00bbdefault\u00bb text_font=\u00bbMerriweather|700|||||||\u00bb text_text_color=\u00bb#0f0f0f\u00bb text_font_size=\u00bb44px\u00bb text_line_height=\u00bb52px\u00bb header_text_color=\u00bbgcid-8696fd7e-29dd-4028-9d4d-981b208a53a9&#8243; header_font_size=\u00bb44px\u00bb header_line_height=\u00bb52px\u00bb text_orientation=\u00bbcenter\u00bb global_colors_info=\u00bb{%22gcid-8696fd7e-29dd-4028-9d4d-981b208a53a9%22:%91%22header_text_color%22%93}\u00bb]<\/p>\n<h1>Actividades,<br \/>\nProtecci\u00f3n y<br \/>\nPromoci\u00f3n<\/h1>\n<p>[\/et_pb_text][\/et_pb_column][et_pb_column type=\u00bb3_5&#8243; _builder_version=\u00bb4.19.1&#8243; _module_preset=\u00bbdefault\u00bb global_colors_info=\u00bb{}\u00bb][et_pb_text _builder_version=\u00bb4.19.5&#8243; _module_preset=\u00bbdefault\u00bb text_text_color=\u00bb#0f0f0f\u00bb text_font_size=\u00bb18px\u00bb text_line_height=\u00bb26px\u00bb global_colors_info=\u00bb{}\u00bb]El \u2018Consorzio Tutela Grana Padano\u2019 tiene el objetivo de garantizar que se respete la receta tradicional del queso Grana Padano DOP y su alta calidad, reconocible y localizable en todas y cada una de las ruedas producidas.<br \/>\nPor este motivo, lleva a cabo actividades de protecci\u00f3n, por un lado, y promoci\u00f3n, por otro, de todo lo relacionado con el Grana Padano DOP en el territorio nacional y extranjero, tambi\u00e9n a trav\u00e9s de algunos servicios espec\u00edficos ofrecidos en respaldo de las actividades de los consorciados.<br \/>\nComo parte de sus funciones, el Consorcio tambi\u00e9n se ocupa de valorizar el Grana Padano DOP a trav\u00e9s de numerosas iniciativas y eventos, difundiendo informaci\u00f3n correcta y creando ocasiones para conocer sus caracter\u00edsticas.[\/et_pb_text][\/et_pb_column][\/et_pb_row][et_pb_row module_class=\u00bbimage_row\u00bb _builder_version=\u00bb4.19.4&#8243; _module_preset=\u00bbdefault\u00bb custom_margin=\u00bb|auto|-6px|auto||\u00bb custom_padding=\u00bb1px||2px|||\u00bb global_colors_info=\u00bb{}\u00bb][et_pb_column type=\u00bb4_4&#8243; _builder_version=\u00bb4.19.4&#8243; _module_preset=\u00bbdefault\u00bb global_colors_info=\u00bb{}\u00bb][et_pb_image src=\u00bbhttps:\/\/www.granapadano.it\/wp-content\/uploads\/2023\/01\/Landscape-sketch-2.png\u00bb title_text=\u00bbLandscape-sketch\u00bb align=\u00bbcenter\u00bb disabled_on=\u00bbon|on|on\u00bb _builder_version=\u00bb4.19.5&#8243; _module_preset=\u00bbdefault\u00bb disabled=\u00bbon\u00bb global_colors_info=\u00bb{}\u00bb][\/et_pb_image][\/et_pb_column][\/et_pb_row][\/et_pb_section][et_pb_section fb_built=\u00bb1&#8243; module_class=\u00bbsostenibilita_main_section\u00bb _builder_version=\u00bb4.27.6&#8243; _module_preset=\u00bbdefault\u00bb background_color=\u00bb#fffcf8&#8243; min_height=\u00bb1513.9px\u00bb custom_margin=\u00bb2px|||||\u00bb locked=\u00bboff\u00bb global_colors_info=\u00bb{}\u00bb][et_pb_row _builder_version=\u00bb4.19.1&#8243; _module_preset=\u00bbdefault\u00bb max_width=\u00bb90%\u00bb custom_padding=\u00bb15px||0px|||\u00bb locked=\u00bboff\u00bb global_colors_info=\u00bb{}\u00bb][et_pb_column type=\u00bb4_4&#8243; _builder_version=\u00bb4.19.1&#8243; _module_preset=\u00bbdefault\u00bb global_colors_info=\u00bb{}\u00bb][et_pb_text _builder_version=\u00bb4.27.6&#8243; _module_preset=\u00bbdefault\u00bb header_font=\u00bbMerriweather|700|||||||\u00bb header_text_align=\u00bbcenter\u00bb header_text_color=\u00bb#0f0f0f\u00bb header_font_size=\u00bb44px\u00bb header_line_height=\u00bb52px\u00bb hover_enabled=\u00bb0&#8243; global_colors_info=\u00bb{}\u00bb sticky_enabled=\u00bb0&#8243;]<\/p>\n<h2 style=\"text-align: center;\">Las actividades del Consorcio<\/h2>\n<p>[\/et_pb_text][\/et_pb_column][\/et_pb_row][et_pb_row _builder_version=\u00bb4.19.1&#8243; _module_preset=\u00bbdefault\u00bb max_width=\u00bb90%\u00bb custom_padding=\u00bb||0px|||\u00bb global_colors_info=\u00bb{}\u00bb][et_pb_column type=\u00bb4_4&#8243; _builder_version=\u00bb4.19.1&#8243; _module_preset=\u00bbdefault\u00bb global_colors_info=\u00bb{}\u00bb][et_pb_image src=\u00bbhttps:\/\/www.granapadano.it\/wp-content\/uploads\/2022\/11\/Line-40-1.png\u00bb title_text=\u00bbLine 40&#8243; align=\u00bbcenter\u00bb _builder_version=\u00bb4.19.1&#8243; _module_preset=\u00bbdefault\u00bb custom_margin=\u00bb-16px|||||\u00bb custom_padding=\u00bb||10px|||\u00bb global_colors_info=\u00bb{}\u00bb][\/et_pb_image][\/et_pb_column][\/et_pb_row][et_pb_row column_structure=\u00bb1_3,1_3,1_3&#8243; use_custom_gutter=\u00bbon\u00bb gutter_width=\u00bb3&#8243; module_class=\u00bbconsorzio_saprate_section\u00bb _builder_version=\u00bb4.27.6&#8243; _module_preset=\u00bbdefault\u00bb transform_scale=\u00bb94%|94%\u00bb max_width=\u00bb90%\u00bb custom_padding=\u00bb0px||||false|false\u00bb locked=\u00bboff\u00bb global_colors_info=\u00bb{}\u00bb][et_pb_column type=\u00bb1_3&#8243; _builder_version=\u00bb4.27.6&#8243; _module_preset=\u00bbdefault\u00bb link_option_url=\u00bb\/it-it\/il-consorzio-di-tutela\/il-ruolo-tutela-e-promozione\/tutela\/\u00bb custom_css_free_form=\u00bb.et_pb_gutters3 .et_pb_column_1_3, .et_pb_gutters3.et_pb_row .et_pb_column_1_3 { background-color: #F9F1E4!important;}\u00bb global_colors_info=\u00bb{}\u00bb][et_pb_image title_text=\u00bbEspertizzazione_7Q4C3790 (1)\u00bb url=\u00bb\/it-it\/il-consorzio-di-tutela\/il-ruolo-tutela-e-promozione\/tutela\/\u00bb align=\u00bbcenter\u00bb _builder_version=\u00bb4.27.6&#8243; _module_preset=\u00bbdefault\u00bb background_color=\u00bbRGBA(255,255,255,0)\u00bb background_image=\u00bbhttps:\/\/www.granapadano.it\/wp-content\/uploads\/2026\/03\/Espertizzazione_7Q4C3790-1-1-scaled.jpg\u00bb min_height=\u00bb89px\u00bb custom_padding=\u00bb209px|0px||2px|false|false\u00bb global_colors_info=\u00bb{}\u00bb][\/et_pb_image][et_pb_text disabled_on=\u00bboff|off|off\u00bb _builder_version=\u00bb4.27.6&#8243; _module_preset=\u00bbdefault\u00bb header_3_font=\u00bbMerriweather|700|||||||\u00bb header_3_text_color=\u00bb#0f0f0f\u00bb header_3_font_size=\u00bb23px\u00bb header_3_line_height=\u00bb27px\u00bb custom_margin=\u00bb0px||-5px||false|false\u00bb custom_padding=\u00bb0px||0px||false|false\u00bb global_colors_info=\u00bb{}\u00bb]<\/p>\n<h3>PROTECCI\u00d3N<\/h3>\n<p>[\/et_pb_text][et_pb_text _builder_version=\u00bb4.27.6&#8243; _module_preset=\u00bbdefault\u00bb text_text_color=\u00bb#0f0f0f\u00bb text_font_size=\u00bb18px\u00bb text_line_height=\u00bb24px\u00bb global_colors_info=\u00bb{}\u00bb]<\/p>\n<p>La funci\u00f3n de protecci\u00f3n se refiere a la defensa general de los intereses del Grana Padano en cuanto queso con Denominaci\u00f3n de Origen Protegida. Esta incluye tambi\u00e9n la salvaguardia ante abusos, actos de competencia desleal, falsificaciones, uso indebido de la denominaci\u00f3n u otros comportamientos il\u00edcitos en la producci\u00f3n, transformaci\u00f3n y comercializaci\u00f3n del Grana Padano.<\/p>\n<p>[\/et_pb_text][et_pb_image src=\u00bbhttps:\/\/www.granapadano.it\/wp-content\/uploads\/2022\/11\/Path-20171.png\u00bb title_text=\u00bbPath 20171&#8243; url=\u00bb\/es\/el-consorzio-de-proteccion\/nuestro-papel-proteccion-y-promocion\/proteccion\/\u00bb align=\u00bbright\u00bb _builder_version=\u00bb4.27.6&#8243; _module_preset=\u00bbdefault\u00bb hover_enabled=\u00bb0&#8243; global_colors_info=\u00bb{}\u00bb sticky_enabled=\u00bb0&#8243;][\/et_pb_image][\/et_pb_column][et_pb_column type=\u00bb1_3&#8243; _builder_version=\u00bb4.20.0&#8243; _module_preset=\u00bbdefault\u00bb link_option_url=\u00bb\/it-it\/il-consorzio-di-tutela\/il-ruolo-tutela-e-promozione\/promozione\/\u00bb global_colors_info=\u00bb{}\u00bb][et_pb_image title_text=\u00bbPromozione\u00bb url=\u00bb\/it-it\/il-consorzio-di-tutela\/il-ruolo-tutela-e-promozione\/promozione\/\u00bb align=\u00bbcenter\u00bb _builder_version=\u00bb4.20.0&#8243; _module_preset=\u00bbdefault\u00bb background_color=\u00bbRGBA(255,255,255,0)\u00bb background_image=\u00bbhttps:\/\/www.granapadano.it\/wp-content\/uploads\/2023\/02\/Promozione-2.jpg\u00bb min_height=\u00bb89px\u00bb custom_padding=\u00bb209px|0px||2px|false|false\u00bb global_colors_info=\u00bb{}\u00bb][\/et_pb_image][et_pb_text disabled_on=\u00bboff|off|off\u00bb _builder_version=\u00bb4.27.6&#8243; _module_preset=\u00bbdefault\u00bb header_3_font=\u00bbMerriweather|700|||||||\u00bb header_3_text_color=\u00bb#0f0f0f\u00bb header_3_font_size=\u00bb23px\u00bb header_3_line_height=\u00bb31px\u00bb custom_margin=\u00bb0px|0px|-5px|0px|false|false\u00bb custom_padding=\u00bb0px|0px|0px|0px|false|false\u00bb locked=\u00bboff\u00bb global_colors_info=\u00bb{}\u00bb]<\/p>\n<h3>PROMOCI\u00d3N<\/h3>\n<p>[\/et_pb_text][et_pb_text _builder_version=\u00bb4.20.0&#8243; _module_preset=\u00bbdefault\u00bb text_text_color=\u00bb#0f0f0f\u00bb text_font_size=\u00bb18px\u00bb text_line_height=\u00bb24px\u00bb locked=\u00bboff\u00bb global_colors_info=\u00bb{}\u00bb]<\/p>\n<p>La funci\u00f3n de promoci\u00f3n e informaci\u00f3n correcta y exhaustiva acerca de Grana Padano y su car\u00e1cter de producto DOP incluye la valorizaci\u00f3n de su imagen, tambi\u00e9n con el fin de favorecer y ampliar su consumo.<\/p>\n<p>[\/et_pb_text][et_pb_image src=\u00bbhttps:\/\/www.granapadano.it\/wp-content\/uploads\/2022\/11\/Path-20171.png\u00bb title_text=\u00bbPath 20171&#8243; url=\u00bb\/es\/el-consorzio-de-proteccion\/nuestro-papel-proteccion-y-promocion\/promocion\/\u00bb align=\u00bbright\u00bb _builder_version=\u00bb4.27.6&#8243; _module_preset=\u00bbdefault\u00bb hover_enabled=\u00bb0&#8243; locked=\u00bboff\u00bb global_colors_info=\u00bb{}\u00bb sticky_enabled=\u00bb0&#8243;][\/et_pb_image][\/et_pb_column][et_pb_column type=\u00bb1_3&#8243; _builder_version=\u00bb4.20.0&#8243; _module_preset=\u00bbdefault\u00bb link_option_url=\u00bb\/it-it\/il-consorzio-di-tutela\/il-ruolo-tutela-e-promozione\/servizi\/\u00bb global_colors_info=\u00bb{}\u00bb][et_pb_image title_text=\u00bbServizi\u00bb url=\u00bb\/it-it\/il-consorzio-di-tutela\/il-ruolo-tutela-e-promozione\/servizi\/\u00bb align=\u00bbcenter\u00bb _builder_version=\u00bb4.20.0&#8243; _module_preset=\u00bbdefault\u00bb background_color=\u00bbRGBA(255,255,255,0)\u00bb background_image=\u00bbhttps:\/\/www.granapadano.it\/wp-content\/uploads\/2023\/02\/Servizi.jpg\u00bb min_height=\u00bb89px\u00bb custom_padding=\u00bb209px|0px||2px|false|false\u00bb global_colors_info=\u00bb{}\u00bb][\/et_pb_image][et_pb_text disabled_on=\u00bboff|off|off\u00bb _builder_version=\u00bb4.27.6&#8243; _module_preset=\u00bbdefault\u00bb header_3_font=\u00bbMerriweather|700|||||||\u00bb header_3_text_color=\u00bb#0f0f0f\u00bb header_3_font_size=\u00bb23px\u00bb header_3_line_height=\u00bb31px\u00bb custom_margin=\u00bb0px||-5px||false|false\u00bb custom_padding=\u00bb0px||0px||false|false\u00bb global_colors_info=\u00bb{}\u00bb]<\/p>\n<h3>SERVICIOS<\/h3>\n<p>[\/et_pb_text][et_pb_text _builder_version=\u00bb4.20.0&#8243; _module_preset=\u00bbdefault\u00bb text_text_color=\u00bb#0f0f0f\u00bb text_font_size=\u00bb18px\u00bb text_line_height=\u00bb24px\u00bb global_colors_info=\u00bb{}\u00bb]<\/p>\n<p>En el \u00e1mbito de sus finalidades y para satisfacerlas mejor, el Consorcio brinda una serie de servicios destinados a mejorar la calidad del Grana Padano, para salvaguardar su tipicidad y sus caracter\u00edsticas peculiares. Por esto brinda a los Consorciados indicaciones espec\u00edficas y colaboraci\u00f3n concreta para que el queso alcance siempre el mejor nivel cualitativo.<\/p>\n<p>[\/et_pb_text][et_pb_image src=\u00bbhttps:\/\/www.granapadano.it\/wp-content\/uploads\/2022\/11\/Path-20171.png\u00bb title_text=\u00bbPath 20171&#8243; url=\u00bb\/es\/el-consorzio-de-proteccion\/nuestro-papel-proteccion-y-promocion\/servicios\/\u00bb align=\u00bbright\u00bb _builder_version=\u00bb4.27.6&#8243; _module_preset=\u00bbdefault\u00bb hover_enabled=\u00bb0&#8243; global_colors_info=\u00bb{}\u00bb sticky_enabled=\u00bb0&#8243;][\/et_pb_image][\/et_pb_column][\/et_pb_row][\/et_pb_section][et_pb_section fb_built=\u00bb1&#8243; module_class=\u00bbabbinarlo_banner_section\u00bb _builder_version=\u00bb4.19.5&#8243; _module_preset=\u00bbdefault\u00bb background_image=\u00bbhttps:\/\/www.granapadano.it\/wp-content\/uploads\/2023\/02\/Il-disciplinare-2.jpg\u00bb custom_padding=\u00bb50px||50px||false|false\u00bb locked=\u00bboff\u00bb global_colors_info=\u00bb{}\u00bb][et_pb_row custom_padding_last_edited=\u00bbon|tablet\u00bb _builder_version=\u00bb4.27.6&#8243; _module_preset=\u00bbdefault\u00bb custom_padding=\u00bb20px||||false|false\u00bb custom_padding_tablet=\u00bb32px|32px|32px|32px|true|true\u00bb custom_padding_phone=\u00bb32px|0px|32px|0px|true|true\u00bb locked=\u00bboff\u00bb global_colors_info=\u00bb{}\u00bb][et_pb_column type=\u00bb4_4&#8243; _builder_version=\u00bb4.27.6&#8243; _module_preset=\u00bbdefault\u00bb global_colors_info=\u00bb{}\u00bb][et_pb_heading title=\u00bbPliego de Condiciones Grana Padano DOP.\u00bb _builder_version=\u00bb4.27.6&#8243; _module_preset=\u00bbdefault\u00bb title_level=\u00bbh2&#8243; title_font=\u00bb&#8211;et_global_heading_font||||||||\u00bb title_text_align=\u00bbleft\u00bb title_text_color=\u00bb#fffcf8&#8243; title_font_size=\u00bb32px\u00bb title_line_height=\u00bb1.6em\u00bb width=\u00bb400px\u00bb width_tablet=\u00bb400px\u00bb width_phone=\u00bb400px\u00bb width_last_edited=\u00bbon|desktop\u00bb custom_margin=\u00bb|349px||||\u00bb custom_margin_tablet=\u00bb0px||0px||false|false\u00bb custom_margin_phone=\u00bb0px||0px||false|false\u00bb custom_margin_last_edited=\u00bbon|tablet\u00bb hover_enabled=\u00bb0&#8243; title_font_size_tablet=\u00bb24px\u00bb title_font_size_phone=\u00bb24px\u00bb title_font_size_last_edited=\u00bbon|tablet\u00bb title_line_height_tablet=\u00bb0em\u00bb title_line_height_phone=\u00bb1.6em\u00bb title_line_height_last_edited=\u00bbon|tablet\u00bb global_colors_info=\u00bb{}\u00bb sticky_enabled=\u00bb0&#8243;][\/et_pb_heading][et_pb_text _builder_version=\u00bb4.27.6&#8243; _module_preset=\u00bbdefault\u00bb text_font=\u00bb&#8211;et_global_heading_font||||||||\u00bb text_text_color=\u00bb#fffcf8&#8243; text_font_size=\u00bb16px\u00bb text_line_height=\u00bb1.6em\u00bb header_4_font=\u00bb&#8211;et_global_heading_font||||||||\u00bb header_4_text_align=\u00bbleft\u00bb width=\u00bb400px\u00bb width_tablet=\u00bb400px\u00bb width_phone=\u00bb400px\u00bb width_last_edited=\u00bbon|desktop\u00bb custom_margin=\u00bb24px||24px||false|false\u00bb custom_margin_tablet=\u00bb24px||||false|false\u00bb custom_margin_phone=\u00bb24px||||false|false\u00bb custom_margin_last_edited=\u00bbon|desktop\u00bb global_colors_info=\u00bb{}\u00bb]<\/p>\n<p>Un procedimiento preciso y \u00fanico conduce a la producci\u00f3n de cada una de mis ruedas.<br \/>Y ha de ser seguido y respetado, paso tras paso, siempre.<\/p>\n<p>[\/et_pb_text][et_pb_button button_url=\u00bb\/wp-content\/uploads\/2023\/02\/SpecificationsGBOct2022-50254.pdf\u00bb button_text=\u00bbPliego de condiciones de producci\u00f3n Grana Padano DOP\u00bb button_alignment=\u00bbleft\u00bb module_class=\u00bbyellow-btn\u00bb _builder_version=\u00bb4.27.6&#8243; _module_preset=\u00bbdefault\u00bb custom_button=\u00bbon\u00bb button_text_color=\u00bbgcid-46a7fd9b-e7e5-4c0a-b621-f5f3bcee3ed6&#8243; button_bg_color=\u00bb#ffdc00&#8243; button_border_width=\u00bb0px\u00bb button_border_radius=\u00bb0px\u00bb button_font=\u00bb&#8211;et_global_heading_font||||||||\u00bb button_icon=\u00bb&#x24;||divi||400&#8243; button_on_hover=\u00bboff\u00bb custom_padding=\u00bb16px|30px|16px|16px|true|false\u00bb hover_enabled=\u00bb0&#8243; locked=\u00bboff\u00bb global_colors_info=\u00bb{%22gcid-46a7fd9b-e7e5-4c0a-b621-f5f3bcee3ed6%22:%91%22button_text_color%22%93}\u00bb sticky_enabled=\u00bb0&#8243;][\/et_pb_button][\/et_pb_column][\/et_pb_row][\/et_pb_section]<\/p>\n","protected":false},"excerpt":{"rendered":"<p><div class=\"breadcrumb\"><a href=\"https:\/\/www.granapadano.it\/es\/\">Inicio<\/a>  <  <\/div>Actividades, Protecci\u00f3n y Promoci\u00f3nEl \u2018Consorzio Tutela Grana Padano\u2019 tiene el objetivo de garantizar que se respete la receta tradicional del queso Grana Padano DOP y su alta calidad, reconocible y localizable en todas y cada una de las ruedas producidas. Por este motivo, lleva a cabo actividades de protecci\u00f3n, por un lado, y promoci\u00f3n, por [&hellip;]<\/p>\n","protected":false},"author":3,"featured_media":0,"parent":151586,"menu_order":606,"comment_status":"closed","ping_status":"closed","template":"","meta":{"_acf_changed":false,"_et_pb_use_builder":"on","_et_pb_old_content":"","_et_gb_content_width":"","footnotes":""},"class_list":["post-37029","page","type-page","status-publish","hentry"],"acf":[],"yoast_head":"<!-- This site is optimized with the Yoast SEO plugin v27.3 - https:\/\/yoast.com\/product\/yoast-seo-wordpress\/ -->\n<title>Nuestro papel: protecci\u00f3n y promoci\u00f3n - Grana Padano<\/title>\n<meta name=\"robots\" content=\"index, follow, max-snippet:-1, max-image-preview:large, max-video-preview:-1\" \/>\n<link rel=\"canonical\" href=\"https:\/\/www.granapadano.it\/es\/el-consorzio-de-proteccion\/nuestro-papel-proteccion-y-promocion\/\" \/>\n<meta property=\"og:locale\" content=\"es_ES\" \/>\n<meta property=\"og:type\" content=\"article\" \/>\n<meta property=\"og:title\" content=\"Nuestro papel: protecci\u00f3n y promoci\u00f3n - Grana Padano\" \/>\n<meta property=\"og:description\" content=\"Actividades, Protecci\u00f3n y Promoci\u00f3nEl \u2018Consorzio Tutela Grana Padano\u2019 tiene el objetivo de garantizar que se respete la receta tradicional del queso Grana Padano DOP y su alta calidad, reconocible y localizable en todas y cada una de las ruedas producidas. Por este motivo, lleva a cabo actividades de protecci\u00f3n, por un lado, y promoci\u00f3n, por [&hellip;]\" \/>\n<meta property=\"og:url\" content=\"https:\/\/www.granapadano.it\/es\/el-consorzio-de-proteccion\/nuestro-papel-proteccion-y-promocion\/\" \/>\n<meta property=\"og:site_name\" content=\"Grana Padano\" \/>\n<meta property=\"article:modified_time\" content=\"2026-03-26T17:14:20+00:00\" \/>\n<meta name=\"twitter:card\" content=\"summary_large_image\" \/>\n<meta name=\"twitter:label1\" content=\"Tiempo de lectura\" \/>\n\t<meta name=\"twitter:data1\" content=\"3 minutos\" \/>\n<script type=\"application\/ld+json\" class=\"yoast-schema-graph\">{\"@context\":\"https:\\\/\\\/schema.org\",\"@graph\":[{\"@type\":\"WebPage\",\"@id\":\"https:\\\/\\\/www.granapadano.it\\\/es\\\/el-consorzio-de-proteccion\\\/nuestro-papel-proteccion-y-promocion\\\/\",\"url\":\"https:\\\/\\\/www.granapadano.it\\\/es\\\/el-consorzio-de-proteccion\\\/nuestro-papel-proteccion-y-promocion\\\/\",\"name\":\"Nuestro papel: protecci\u00f3n y promoci\u00f3n - Grana Padano\",\"isPartOf\":{\"@id\":\"https:\\\/\\\/www.granapadano.it\\\/es\\\/#website\"},\"datePublished\":\"2023-02-02T13:22:22+00:00\",\"dateModified\":\"2026-03-26T17:14:20+00:00\",\"breadcrumb\":{\"@id\":\"https:\\\/\\\/www.granapadano.it\\\/es\\\/el-consorzio-de-proteccion\\\/nuestro-papel-proteccion-y-promocion\\\/#breadcrumb\"},\"inLanguage\":\"es\",\"potentialAction\":[{\"@type\":\"ReadAction\",\"target\":[\"https:\\\/\\\/www.granapadano.it\\\/es\\\/el-consorzio-de-proteccion\\\/nuestro-papel-proteccion-y-promocion\\\/\"]}]},{\"@type\":\"BreadcrumbList\",\"@id\":\"https:\\\/\\\/www.granapadano.it\\\/es\\\/el-consorzio-de-proteccion\\\/nuestro-papel-proteccion-y-promocion\\\/#breadcrumb\",\"itemListElement\":[{\"@type\":\"ListItem\",\"position\":1,\"name\":\"Home\",\"item\":\"https:\\\/\\\/www.granapadano.it\\\/es\\\/\"},{\"@type\":\"ListItem\",\"position\":2,\"name\":\"El Consorcio Responsable\",\"item\":\"https:\\\/\\\/www.granapadano.it\\\/es\\\/el-consorcio-responsable\\\/\"},{\"@type\":\"ListItem\",\"position\":3,\"name\":\"Nuestro papel: protecci\u00f3n y promoci\u00f3n\"}]},{\"@type\":\"WebSite\",\"@id\":\"https:\\\/\\\/www.granapadano.it\\\/es\\\/#website\",\"url\":\"https:\\\/\\\/www.granapadano.it\\\/es\\\/\",\"name\":\"Grana Padano\",\"description\":\"\",\"potentialAction\":[{\"@type\":\"SearchAction\",\"target\":{\"@type\":\"EntryPoint\",\"urlTemplate\":\"https:\\\/\\\/www.granapadano.it\\\/es\\\/?s={search_term_string}\"},\"query-input\":{\"@type\":\"PropertyValueSpecification\",\"valueRequired\":true,\"valueName\":\"search_term_string\"}}],\"inLanguage\":\"es\"}]}<\/script>\n<!-- \/ Yoast SEO plugin. -->","yoast_head_json":{"title":"Nuestro papel: protecci\u00f3n y promoci\u00f3n - Grana Padano","robots":{"index":"index","follow":"follow","max-snippet":"max-snippet:-1","max-image-preview":"max-image-preview:large","max-video-preview":"max-video-preview:-1"},"canonical":"https:\/\/www.granapadano.it\/es\/el-consorzio-de-proteccion\/nuestro-papel-proteccion-y-promocion\/","og_locale":"es_ES","og_type":"article","og_title":"Nuestro papel: protecci\u00f3n y promoci\u00f3n - Grana Padano","og_description":"Actividades, Protecci\u00f3n y Promoci\u00f3nEl \u2018Consorzio Tutela Grana Padano\u2019 tiene el objetivo de garantizar que se respete la receta tradicional del queso Grana Padano DOP y su alta calidad, reconocible y localizable en todas y cada una de las ruedas producidas. Por este motivo, lleva a cabo actividades de protecci\u00f3n, por un lado, y promoci\u00f3n, por [&hellip;]","og_url":"https:\/\/www.granapadano.it\/es\/el-consorzio-de-proteccion\/nuestro-papel-proteccion-y-promocion\/","og_site_name":"Grana Padano","article_modified_time":"2026-03-26T17:14:20+00:00","twitter_card":"summary_large_image","twitter_misc":{"Tiempo de lectura":"3 minutos"},"schema":{"@context":"https:\/\/schema.org","@graph":[{"@type":"WebPage","@id":"https:\/\/www.granapadano.it\/es\/el-consorzio-de-proteccion\/nuestro-papel-proteccion-y-promocion\/","url":"https:\/\/www.granapadano.it\/es\/el-consorzio-de-proteccion\/nuestro-papel-proteccion-y-promocion\/","name":"Nuestro papel: protecci\u00f3n y promoci\u00f3n - Grana Padano","isPartOf":{"@id":"https:\/\/www.granapadano.it\/es\/#website"},"datePublished":"2023-02-02T13:22:22+00:00","dateModified":"2026-03-26T17:14:20+00:00","breadcrumb":{"@id":"https:\/\/www.granapadano.it\/es\/el-consorzio-de-proteccion\/nuestro-papel-proteccion-y-promocion\/#breadcrumb"},"inLanguage":"es","potentialAction":[{"@type":"ReadAction","target":["https:\/\/www.granapadano.it\/es\/el-consorzio-de-proteccion\/nuestro-papel-proteccion-y-promocion\/"]}]},{"@type":"BreadcrumbList","@id":"https:\/\/www.granapadano.it\/es\/el-consorzio-de-proteccion\/nuestro-papel-proteccion-y-promocion\/#breadcrumb","itemListElement":[{"@type":"ListItem","position":1,"name":"Home","item":"https:\/\/www.granapadano.it\/es\/"},{"@type":"ListItem","position":2,"name":"El Consorcio Responsable","item":"https:\/\/www.granapadano.it\/es\/el-consorcio-responsable\/"},{"@type":"ListItem","position":3,"name":"Nuestro papel: protecci\u00f3n y promoci\u00f3n"}]},{"@type":"WebSite","@id":"https:\/\/www.granapadano.it\/es\/#website","url":"https:\/\/www.granapadano.it\/es\/","name":"Grana Padano","description":"","potentialAction":[{"@type":"SearchAction","target":{"@type":"EntryPoint","urlTemplate":"https:\/\/www.granapadano.it\/es\/?s={search_term_string}"},"query-input":{"@type":"PropertyValueSpecification","valueRequired":true,"valueName":"search_term_string"}}],"inLanguage":"es"}]}},"_links":{"self":[{"href":"https:\/\/www.granapadano.it\/es\/wp-json\/wp\/v2\/pages\/37029","targetHints":{"allow":["GET"]}}],"collection":[{"href":"https:\/\/www.granapadano.it\/es\/wp-json\/wp\/v2\/pages"}],"about":[{"href":"https:\/\/www.granapadano.it\/es\/wp-json\/wp\/v2\/types\/page"}],"author":[{"embeddable":true,"href":"https:\/\/www.granapadano.it\/es\/wp-json\/wp\/v2\/users\/3"}],"replies":[{"embeddable":true,"href":"https:\/\/www.granapadano.it\/es\/wp-json\/wp\/v2\/comments?post=37029"}],"version-history":[{"count":2,"href":"https:\/\/www.granapadano.it\/es\/wp-json\/wp\/v2\/pages\/37029\/revisions"}],"predecessor-version":[{"id":152600,"href":"https:\/\/www.granapadano.it\/es\/wp-json\/wp\/v2\/pages\/37029\/revisions\/152600"}],"up":[{"embeddable":true,"href":"https:\/\/www.granapadano.it\/es\/wp-json\/wp\/v2\/pages\/151586"}],"wp:attachment":[{"href":"https:\/\/www.granapadano.it\/es\/wp-json\/wp\/v2\/media?parent=37029"}],"curies":[{"name":"wp","href":"https:\/\/api.w.org\/{rel}","templated":true}]}}