{"id":126979,"date":"2024-10-17T17:16:25","date_gmt":"2024-10-17T17:16:25","guid":{"rendered":"https:\/\/www.granapadano.it\/las-estaciones-de-giovani-della-filiera\/giovani-della-filiera-tercera-temporada\/francesco\/"},"modified":"2026-03-20T17:13:34","modified_gmt":"2026-03-20T17:13:34","slug":"francesco","status":"publish","type":"page","link":"https:\/\/www.granapadano.it\/es\/sostenibilidad\/sostenibilidad-social\/giovani-della-filiera-tercera-temporada\/francesco\/","title":{"rendered":"Francesco"},"content":{"rendered":"<p>[et_pb_section fb_built=\u00bb1&#8243; fullwidth=\u00bbon\u00bb _builder_version=\u00bb4.19.0&#8243; _module_preset=\u00bbdefault\u00bb locked=\u00bboff\u00bb global_colors_info=\u00bb{}\u00bb][et_pb_fullwidth_image src=\u00bbhttps:\/\/www.granapadano.it\/wp-content\/uploads\/2024\/10\/GdF3-Francesco-h.jpg\u00bb title_text=\u00bbGdF3-Francesco-m\u00bb src_tablet=\u00bbhttps:\/\/www.granapadano.it\/wp-content\/uploads\/2024\/10\/GdF3-Francesco-h.jpg\u00bb src_phone=\u00bbhttps:\/\/www.granapadano.it\/wp-content\/uploads\/2024\/10\/GdF3-Francesco-m.jpg\u00bb src_last_edited=\u00bbon|phone\u00bb _builder_version=\u00bb4.24.3&#8243; _module_preset=\u00bbdefault\u00bb locked=\u00bboff\u00bb global_colors_info=\u00bb{}\u00bb][\/et_pb_fullwidth_image][\/et_pb_section][et_pb_section fb_built=\u00bb1&#8243; module_class=\u00bbproduction_sub_hub_main_wrapper\u00bb _builder_version=\u00bb4.19.4&#8243; _module_preset=\u00bbdefault\u00bb custom_padding=\u00bb13px||0px|||\u00bb locked=\u00bboff\u00bb global_colors_info=\u00bb{}\u00bb][et_pb_row module_class=\u00bbrecipe_filter_section\u00bb _builder_version=\u00bb4.19.2&#8243; _module_preset=\u00bbdefault\u00bb max_width=\u00bb90%\u00bb custom_padding=\u00bb||7px|||\u00bb global_colors_info=\u00bb{}\u00bb][et_pb_column type=\u00bb4_4&#8243; _builder_version=\u00bb4.19.2&#8243; _module_preset=\u00bbdefault\u00bb global_colors_info=\u00bb{}\u00bb][et_pb_code _builder_version=\u00bb4.19.2&#8243; _module_preset=\u00bbdefault\u00bb custom_margin=\u00bb||16px|||\u00bb global_colors_info=\u00bb{}\u00bb]<div class=\"breadcrumb\"><a href=\"https:\/\/www.granapadano.it\/es\/\">Inicio<\/a>  <  <\/div>[\/et_pb_code][\/et_pb_column][\/et_pb_row][\/et_pb_section][et_pb_section fb_built=\u00bb1&#8243; module_class=\u00bbgiovani_sub_hub_title\u00bb _builder_version=\u00bb4.19.4&#8243; _module_preset=\u00bbdefault\u00bb custom_padding=\u00bb0px||33px||false|false\u00bb locked=\u00bboff\u00bb global_colors_info=\u00bb{}\u00bb][et_pb_row _builder_version=\u00bb4.19.5&#8243; _module_preset=\u00bbdefault\u00bb custom_margin=\u00bb-60px|auto||auto||\u00bb custom_padding=\u00bb4px||3px|||\u00bb locked=\u00bboff\u00bb global_colors_info=\u00bb{}\u00bb][et_pb_column type=\u00bb4_4&#8243; _builder_version=\u00bb4.19.4&#8243; _module_preset=\u00bbdefault\u00bb global_colors_info=\u00bb{}\u00bb][et_pb_text _builder_version=\u00bb4.24.3&#8243; _module_preset=\u00bbdefault\u00bb text_font=\u00bbMerriweather|700|||||||\u00bb text_text_color=\u00bb#000000&#8243; text_font_size=\u00bb38px\u00bb text_line_height=\u00bb46px\u00bb header_font=\u00bbMerriweather||||||||\u00bb header_text_color=\u00bb#000000&#8243; header_font_size=\u00bb44px\u00bb header_line_height=\u00bb52px\u00bb header_3_font=\u00bbMerriweather||||||||\u00bb header_3_text_color=\u00bb#000000&#8243; header_3_font_size=\u00bb56px\u00bb header_3_line_height=\u00bb62px\u00bb text_orientation=\u00bbcenter\u00bb custom_padding=\u00bb||0px|||\u00bb global_colors_info=\u00bb{}\u00bb]<\/p>\n<h1>Giovani della Filiera &#8211; Francesco<\/h1>\n<p>[\/et_pb_text][et_pb_text _builder_version=\u00bb4.24.3&#8243; _module_preset=\u00bbdefault\u00bb text_font=\u00bbMerriweather|300|||||||\u00bb text_text_color=\u00bb#0f0f0f\u00bb text_font_size=\u00bb18px\u00bb text_line_height=\u00bb26px\u00bb text_orientation=\u00bbcenter\u00bb custom_padding=\u00bb10px||0px||false|false\u00bb global_colors_info=\u00bb{}\u00bb]<\/p>\n<p>Del campo a la leche, Francesco es un agricultor polifac\u00e9tico. Su empresa familiar, que con \u00e9l va por la tercera generaci\u00f3n, se dedica a la producci\u00f3n de leche para Grana Padano. Un legado que contin\u00faa con orgullo y un gran deseo de crecer, d\u00eda tras d\u00eda.\n<\/p>\n<p>[\/et_pb_text][\/et_pb_column][\/et_pb_row][et_pb_row module_class=\u00bbgiovani_sub_hub_video_wrapper\u00bb _builder_version=\u00bb4.19.4&#8243; _module_preset=\u00bbdefault\u00bb global_colors_info=\u00bb{}\u00bb][et_pb_column type=\u00bb4_4&#8243; _builder_version=\u00bb4.19.4&#8243; _module_preset=\u00bbdefault\u00bb global_colors_info=\u00bb{}\u00bb][et_pb_video src=\u00bbhttps:\/\/youtu.be\/3smykLDfBUM\u00bb font_icon=\u00bb&#xf144;||fa||900&#8243; thumbnail_overlay_color=\u00bb#000000&#8243; _builder_version=\u00bb4.24.3&#8243; _module_preset=\u00bbdefault\u00bb module_alignment=\u00bbright\u00bb hover_enabled=\u00bb0&#8243; border_radii=\u00bbon|30px|30px|30px|30px\u00bb global_colors_info=\u00bb{}\u00bb sticky_enabled=\u00bb0&#8243;][\/et_pb_video][\/et_pb_column][\/et_pb_row][\/et_pb_section][et_pb_section fb_built=\u00bb1&#8243; module_class=\u00bbconsortium_msin_slider\u00bb _builder_version=\u00bb4.20.2&#8243; _module_preset=\u00bbdefault\u00bb background_color=\u00bb#FFFFFF\u00bb custom_margin=\u00bb-10px|||||\u00bb custom_padding=\u00bb48px||62px||false|false\u00bb locked=\u00bboff\u00bb global_colors_info=\u00bb{}\u00bb][et_pb_row _builder_version=\u00bb4.19.5&#8243; _module_preset=\u00bbdefault\u00bb global_colors_info=\u00bb{}\u00bb][et_pb_column type=\u00bb4_4&#8243; _builder_version=\u00bb4.19.5&#8243; _module_preset=\u00bbdefault\u00bb global_colors_info=\u00bb{}\u00bb][et_pb_text _builder_version=\u00bb4.20.2&#8243; _module_preset=\u00bbdefault\u00bb text_font_size=\u00bb23px\u00bb header_2_font=\u00bbMerriweather|700|||||||\u00bb header_2_font_size=\u00bb23px\u00bb header_2_line_height=\u00bb26px\u00bb custom_margin=\u00bb||||false|false\u00bb global_colors_info=\u00bb{}\u00bb]<\/p>\n<h2 style=\"text-align: center\">Vea la galer\u00eda<\/h2>\n<p>[\/et_pb_text][\/et_pb_column][\/et_pb_row][et_pb_row _builder_version=\u00bb4.19.4&#8243; _module_preset=\u00bbdefault\u00bb global_colors_info=\u00bb{}\u00bb][et_pb_column type=\u00bb4_4&#8243; _builder_version=\u00bb4.19.4&#8243; _module_preset=\u00bbdefault\u00bb global_colors_info=\u00bb{}\u00bb][\/et_pb_column][\/et_pb_row][\/et_pb_section][et_pb_section fb_built=\u00bb1&#8243; disabled_on=\u00bboff|off|off\u00bb admin_label=\u00bbImage Carousel\u00bb _builder_version=\u00bb4.24.3&#8243; _module_preset=\u00bbdefault\u00bb background_color=\u00bb#f7f7f7&#8243; custom_padding=\u00bb15px||5px||false|false\u00bb locked=\u00bboff\u00bb global_colors_info=\u00bb%91%93&#8243;][et_pb_row use_custom_gutter=\u00bbon\u00bb gutter_width=\u00bb2&#8243; make_equal=\u00bbon\u00bb module_class=\u00bbimg_carousel_main\u00bb _builder_version=\u00bb4.24.2&#8243; _module_preset=\u00bbdefault\u00bb max_width=\u00bb90%\u00bb custom_margin=\u00bb0px||0px||false|false\u00bb custom_padding=\u00bb0px||0px||false|false\u00bb global_colors_info=\u00bb{}\u00bb][et_pb_column type=\u00bb4_4&#8243; module_class=\u00bbimage-magnify\u00bb _builder_version=\u00bb4.18.0&#8243; _module_preset=\u00bbdefault\u00bb global_colors_info=\u00bb{}\u00bb][et_pb_image src=\u00bbhttps:\/\/www.granapadano.it\/wp-content\/uploads\/2024\/10\/004.png\u00bb title_text=\u00bb004&#8243; show_in_lightbox=\u00bbon\u00bb show_bottom_space=\u00bboff\u00bb align=\u00bbcenter\u00bb force_fullwidth=\u00bbon\u00bb module_class=\u00bbpop-hover-1&#8243; _builder_version=\u00bb4.24.3&#8243; _module_preset=\u00bbdefault\u00bb global_colors_info=\u00bb{}\u00bb][\/et_pb_image][et_pb_image src=\u00bbhttps:\/\/www.granapadano.it\/wp-content\/uploads\/2024\/10\/002-2.png\u00bb title_text=\u00bb002 2&#8243; show_in_lightbox=\u00bbon\u00bb show_bottom_space=\u00bboff\u00bb align=\u00bbcenter\u00bb force_fullwidth=\u00bbon\u00bb module_class=\u00bbpop-hover-1&#8243; _builder_version=\u00bb4.24.3&#8243; _module_preset=\u00bbdefault\u00bb global_colors_info=\u00bb{}\u00bb][\/et_pb_image][et_pb_image src=\u00bbhttps:\/\/www.granapadano.it\/wp-content\/uploads\/2024\/10\/005.png\u00bb title_text=\u00bb005&#8243; show_in_lightbox=\u00bbon\u00bb show_bottom_space=\u00bboff\u00bb align=\u00bbcenter\u00bb force_fullwidth=\u00bbon\u00bb module_class=\u00bbpop-hover-1&#8243; _builder_version=\u00bb4.24.3&#8243; _module_preset=\u00bbdefault\u00bb global_colors_info=\u00bb{}\u00bb][\/et_pb_image][et_pb_image src=\u00bbhttps:\/\/www.granapadano.it\/wp-content\/uploads\/2024\/10\/003.png\u00bb title_text=\u00bb003&#8243; show_in_lightbox=\u00bbon\u00bb show_bottom_space=\u00bboff\u00bb align=\u00bbcenter\u00bb force_fullwidth=\u00bbon\u00bb module_class=\u00bbpop-hover-1&#8243; _builder_version=\u00bb4.24.3&#8243; _module_preset=\u00bbdefault\u00bb global_colors_info=\u00bb{}\u00bb][\/et_pb_image][et_pb_image src=\u00bbhttps:\/\/www.granapadano.it\/wp-content\/uploads\/2024\/10\/020.png\u00bb title_text=\u00bb020&#8243; show_in_lightbox=\u00bbon\u00bb show_bottom_space=\u00bboff\u00bb align=\u00bbcenter\u00bb force_fullwidth=\u00bbon\u00bb module_class=\u00bbpop-hover-1&#8243; _builder_version=\u00bb4.24.3&#8243; _module_preset=\u00bbdefault\u00bb global_colors_info=\u00bb{}\u00bb][\/et_pb_image][et_pb_image src=\u00bbhttps:\/\/www.granapadano.it\/wp-content\/uploads\/2024\/10\/011-2.png\u00bb title_text=\u00bb011&#8243; show_in_lightbox=\u00bbon\u00bb show_bottom_space=\u00bboff\u00bb align=\u00bbcenter\u00bb force_fullwidth=\u00bbon\u00bb module_class=\u00bbpop-hover-1&#8243; _builder_version=\u00bb4.24.3&#8243; _module_preset=\u00bbdefault\u00bb global_colors_info=\u00bb{}\u00bb][\/et_pb_image][et_pb_image src=\u00bbhttps:\/\/www.granapadano.it\/wp-content\/uploads\/2024\/10\/010.png\u00bb title_text=\u00bb010&#8243; show_in_lightbox=\u00bbon\u00bb show_bottom_space=\u00bboff\u00bb align=\u00bbcenter\u00bb force_fullwidth=\u00bbon\u00bb module_class=\u00bbpop-hover-1&#8243; _builder_version=\u00bb4.24.3&#8243; _module_preset=\u00bbdefault\u00bb global_colors_info=\u00bb{}\u00bb][\/et_pb_image][\/et_pb_column][\/et_pb_row][et_pb_row admin_label=\u00bbCSS &#038; JS CODE IMAGE POPUP CAROUSEL   : 01&#8243; _builder_version=\u00bb4.18.0&#8243; _module_preset=\u00bbdefault\u00bb custom_margin=\u00bb0px||0px||true|false\u00bb custom_padding=\u00bb0px||0px||true|false\u00bb locked=\u00bboff\u00bb global_colors_info=\u00bb{}\u00bb][et_pb_column type=\u00bb4_4&#8243; _builder_version=\u00bb4.16&#8243; _module_preset=\u00bbdefault\u00bb global_colors_info=\u00bb{}\u00bb][et_pb_code admin_label=\u00bb JS CODE\u00bb _builder_version=\u00bb4.21.0&#8243; _module_preset=\u00bbdefault\u00bb custom_margin=\u00bb0px||0px||true|false\u00bb custom_padding=\u00bb0px||0px||true|false\u00bb global_colors_info=\u00bb{}\u00bb]<script src=\"https:\/\/cdnjs.cloudflare.com\/ajax\/libs\/slick-carousel\/1.6.0\/slick.js\"><\/script><!-- [et_pb_line_break_holder] --><script>jQuery(function(s){s(\".image-magnify\").slick({slidesToShow:4,slidesToScroll:1,autoplaySpeed:700,arrows:!0,dots:false,responsive:[{breakpoint:981,settings:{slidesToShow:2,slidesToScroll:1}},{breakpoint:766,settings:{slidesToShow:1,slidesToScroll:1}}]})});<\/script><!-- [et_pb_line_break_holder] -->[\/et_pb_code][et_pb_code admin_label=\u00bbCSS CODE\u00bb _builder_version=\u00bb4.24.3&#8243; _module_preset=\u00bbdefault\u00bb custom_margin=\u00bb0px||0px||true|false\u00bb custom_padding=\u00bb0px||0px||true|false\u00bb global_colors_info=\u00bb{}\u00bb]<\/p>\n<style><!-- [et_pb_line_break_holder] --> .pop-hover-1 {<!-- [et_pb_line_break_holder] -->  overflow: hidden;<!-- [et_pb_line_break_holder] -->  padding: 5px;<!-- [et_pb_line_break_holder] -->  position: relative;<!-- [et_pb_line_break_holder] -->  transform: scale(0.9) !important;<!-- [et_pb_line_break_holder] --> transition: all 0.3s;<!-- [et_pb_line_break_holder] -->}<!-- [et_pb_line_break_holder] -->.pop-hover-1:hover .et_pb_lightbox_image:before,<!-- [et_pb_line_break_holder] -->.pop-hover-1:hover .et_pb_lightbox_image:after {<!-- [et_pb_line_break_holder] -->  opacity: 1;<!-- [et_pb_line_break_holder] -->  transform: scale(1);<!-- [et_pb_line_break_holder] -->}<!-- [et_pb_line_break_holder] -->.pop-hover-1 .et_pb_lightbox_image .et_pb_image_wrap {<!-- [et_pb_line_break_holder] -->  overflow: hidden;<!-- [et_pb_line_break_holder] -->  border-radius: 20px;<!-- [et_pb_line_break_holder] -->}<!-- [et_pb_line_break_holder] -->.pop-hover-1:hover{<!-- [et_pb_line_break_holder] -->   transform: scale(1) !important;<!-- [et_pb_line_break_holder] -->  transition: all 0.3s;<!-- [et_pb_line_break_holder] -->}<!-- [et_pb_line_break_holder] --><!-- [et_pb_line_break_holder] -->.pop-hover-1 .et_pb_lightbox_image .et_pb_image_wrap img {<!-- [et_pb_line_break_holder] -->  width: 100%;<!-- [et_pb_line_break_holder] -->  height: auto;<!-- [et_pb_line_break_holder] -->  transition: all 0.3s ease-in-out;<!-- [et_pb_line_break_holder] -->}<!-- [et_pb_line_break_holder] --><!-- [et_pb_line_break_holder] -->.pop-hover-1:hover .et_pb_lightbox_image .et_pb_image_wrap .et_overlay {<!-- [et_pb_line_break_holder] -->  opacity: 1;<!-- [et_pb_line_break_holder] -->}<!-- [et_pb_line_break_holder] -->.pop-hover-1 .et_pb_lightbox_image .et_pb_image_wrap .et_overlay:before {<!-- [et_pb_line_break_holder] -->  display: inline-block;<!-- [et_pb_line_break_holder] -->  width: 65px;<!-- [et_pb_line_break_holder] -->  height: 65px;<!-- [et_pb_line_break_holder] -->  line-height: 65px;<!-- [et_pb_line_break_holder] -->  border-radius: 50%;<!-- [et_pb_line_break_holder] -->  background: #fff;<!-- [et_pb_line_break_holder] -->  color: #333;<!-- [et_pb_line_break_holder] -->  top: 60%;<!-- [et_pb_line_break_holder] -->  font-size: 30px;<!-- [et_pb_line_break_holder] -->  transition: all 0.6s ease 0s;<!-- [et_pb_line_break_holder] -->}<!-- [et_pb_line_break_holder] --><!-- [et_pb_line_break_holder] -->  .img_carousel_main button.slick-prev,.img_carousel_main button.slick-next{<!-- [et_pb_line_break_holder] -->     top: 43% !important;<!-- [et_pb_line_break_holder] -->  }<!-- [et_pb_line_break_holder] -->  .img_carousel_main button.slick-prev.slick-arrow:before {<!-- [et_pb_line_break_holder] -->    \/*content: \"34\";*\/<!-- [et_pb_line_break_holder] -->    position: relative;<!-- [et_pb_line_break_holder] -->  }<!-- [et_pb_line_break_holder] -->  .img_carousel_main .slick-prev {<!-- [et_pb_line_break_holder] -->      left: -45px;<!-- [et_pb_line_break_holder] -->  }<!-- [et_pb_line_break_holder] -->  .img_carousel_main button.slick-arrow:before{<!-- [et_pb_line_break_holder] -->   color: #000000;<!-- [et_pb_line_break_holder] -->    font-size: 51px;<!-- [et_pb_line_break_holder] -->    text-shadow: 0 0;<!-- [et_pb_line_break_holder] -->    font-family: ETmodules !important;<!-- [et_pb_line_break_holder] -->    font-weight: 400;<!-- [et_pb_line_break_holder] -->    font-style: normal;<!-- [et_pb_line_break_holder] -->    font-variant: normal;<!-- [et_pb_line_break_holder] -->  }<!-- [et_pb_line_break_holder] -->  .img_carousel_main button.slick-next.slick-arrow:before {<!-- [et_pb_line_break_holder] -->    \/*content: \"35\";*\/<!-- [et_pb_line_break_holder] -->    }<!-- [et_pb_line_break_holder] --><!-- [et_pb_line_break_holder] -->  .img_carousel_main img{<!-- [et_pb_line_break_holder] -->    height: 284px !important;<!-- [et_pb_line_break_holder] -->    object-fit: cover !important;<!-- [et_pb_line_break_holder] -->  }<!-- [et_pb_line_break_holder] --><\/style>\n<p>[\/et_pb_code][\/et_pb_column][\/et_pb_row][\/et_pb_section][et_pb_section fb_built=\u00bb1&#8243; _builder_version=\u00bb4.16&#8243; global_colors_info=\u00bb{}\u00bb][et_pb_row _builder_version=\u00bb4.16&#8243; background_size=\u00bbinitial\u00bb background_position=\u00bbtop_left\u00bb background_repeat=\u00bbrepeat\u00bb global_colors_info=\u00bb{}\u00bb][et_pb_column type=\u00bb4_4&#8243; _builder_version=\u00bb4.16&#8243; custom_padding=\u00bb|||\u00bb global_colors_info=\u00bb{}\u00bb custom_padding__hover=\u00bb|||\u00bb][\/et_pb_column][\/et_pb_row][\/et_pb_section]<\/p>\n","protected":false},"excerpt":{"rendered":"<p><div class=\"breadcrumb\"><a href=\"https:\/\/www.granapadano.it\/es\/\">Inicio<\/a>  <  <\/div>Giovani della Filiera &#8211; FrancescoDel campo a la leche, Francesco es un agricultor polifac\u00e9tico. Su empresa familiar, que con \u00e9l va por la tercera generaci\u00f3n, se dedica a la producci\u00f3n de leche para Grana Padano. Un legado que contin\u00faa con orgullo y un gran deseo de crecer, d\u00eda tras d\u00eda. Vea la galer\u00eda<\/p>\n","protected":false},"author":21,"featured_media":0,"parent":124663,"menu_order":777,"comment_status":"closed","ping_status":"closed","template":"","meta":{"_acf_changed":false,"_et_pb_use_builder":"on","_et_pb_old_content":"","_et_gb_content_width":"","footnotes":""},"class_list":["post-126979","page","type-page","status-publish","hentry"],"acf":[],"yoast_head":"<!-- This site is optimized with the Yoast SEO plugin v27.2 - https:\/\/yoast.com\/product\/yoast-seo-wordpress\/ -->\n<title>Francesco - Grana Padano<\/title>\n<meta name=\"robots\" content=\"index, follow, max-snippet:-1, max-image-preview:large, max-video-preview:-1\" \/>\n<link rel=\"canonical\" href=\"https:\/\/www.granapadano.it\/es\/sostenibilidad\/sostenibilidad-social\/giovani-della-filiera-tercera-temporada\/francesco\/\" \/>\n<meta property=\"og:locale\" content=\"es_ES\" \/>\n<meta property=\"og:type\" content=\"article\" \/>\n<meta property=\"og:title\" content=\"Francesco - Grana Padano\" \/>\n<meta property=\"og:description\" content=\"Giovani della Filiera - FrancescoDel campo a la leche, Francesco es un agricultor polifac\u00e9tico. Su empresa familiar, que con \u00e9l va por la tercera generaci\u00f3n, se dedica a la producci\u00f3n de leche para Grana Padano. Un legado que contin\u00faa con orgullo y un gran deseo de crecer, d\u00eda tras d\u00eda. Vea la galer\u00eda\" \/>\n<meta property=\"og:url\" content=\"https:\/\/www.granapadano.it\/es\/sostenibilidad\/sostenibilidad-social\/giovani-della-filiera-tercera-temporada\/francesco\/\" \/>\n<meta property=\"og:site_name\" content=\"Grana Padano\" \/>\n<meta property=\"article:modified_time\" content=\"2026-03-20T17:13:34+00:00\" \/>\n<meta name=\"twitter:card\" content=\"summary_large_image\" \/>\n<meta name=\"twitter:label1\" content=\"Tiempo de lectura\" \/>\n\t<meta name=\"twitter:data1\" content=\"2 minutos\" \/>\n<script type=\"application\/ld+json\" class=\"yoast-schema-graph\">{\"@context\":\"https:\/\/schema.org\",\"@graph\":[{\"@type\":\"WebPage\",\"@id\":\"https:\/\/www.granapadano.it\/es\/sostenibilidad\/sostenibilidad-social\/giovani-della-filiera-tercera-temporada\/francesco\/\",\"url\":\"https:\/\/www.granapadano.it\/es\/sostenibilidad\/sostenibilidad-social\/giovani-della-filiera-tercera-temporada\/francesco\/\",\"name\":\"Francesco - Grana Padano\",\"isPartOf\":{\"@id\":\"https:\/\/www.granapadano.it\/es\/#website\"},\"datePublished\":\"2024-10-17T17:16:25+00:00\",\"dateModified\":\"2026-03-20T17:13:34+00:00\",\"breadcrumb\":{\"@id\":\"https:\/\/www.granapadano.it\/es\/sostenibilidad\/sostenibilidad-social\/giovani-della-filiera-tercera-temporada\/francesco#breadcrumb\"},\"inLanguage\":\"es\",\"potentialAction\":[{\"@type\":\"ReadAction\",\"target\":[\"https:\/\/www.granapadano.it\/es\/sostenibilidad\/sostenibilidad-social\/giovani-della-filiera-tercera-temporada\/francesco\/\"]}]},{\"@type\":\"BreadcrumbList\",\"@id\":\"https:\/\/www.granapadano.it\/es\/sostenibilidad\/sostenibilidad-social\/giovani-della-filiera-tercera-temporada\/francesco#breadcrumb\",\"itemListElement\":[{\"@type\":\"ListItem\",\"position\":1,\"name\":\"Home\",\"item\":\"https:\/\/www.granapadano.it\/es\/\"},{\"@type\":\"ListItem\",\"position\":2,\"name\":\"Sostenibilidad\",\"item\":\"https:\/\/www.granapadano.it\/es\/sostenibilidad\/\"},{\"@type\":\"ListItem\",\"position\":3,\"name\":\"Sostenibillidad social\",\"item\":\"https:\/\/www.granapadano.it\/es\/sostenibilidad\/sostenibilidad-social\/\"},{\"@type\":\"ListItem\",\"position\":4,\"name\":\"Las estaciones de Giovani della Filiera\",\"item\":\"https:\/\/www.granapadano.it\/es\/las-estaciones-de-giovani-della-filiera\/\"},{\"@type\":\"ListItem\",\"position\":5,\"name\":\"Giovani della Filiera &#8211; Tercera Temporada\",\"item\":\"https:\/\/www.granapadano.it\/es\/sostenibilidad\/sostenibilidad-social\/giovani-della-filiera-tercera-temporada\/\"},{\"@type\":\"ListItem\",\"position\":6,\"name\":\"Francesco\"}]},{\"@type\":\"WebSite\",\"@id\":\"https:\/\/www.granapadano.it\/es\/#website\",\"url\":\"https:\/\/www.granapadano.it\/es\/\",\"name\":\"Grana Padano\",\"description\":\"\",\"potentialAction\":[{\"@type\":\"SearchAction\",\"target\":{\"@type\":\"EntryPoint\",\"urlTemplate\":\"https:\/\/www.granapadano.it\/es\/?s={search_term_string}\"},\"query-input\":{\"@type\":\"PropertyValueSpecification\",\"valueRequired\":true,\"valueName\":\"search_term_string\"}}],\"inLanguage\":\"es\"}]}<\/script>\n<!-- \/ Yoast SEO plugin. -->","yoast_head_json":{"title":"Francesco - Grana Padano","robots":{"index":"index","follow":"follow","max-snippet":"max-snippet:-1","max-image-preview":"max-image-preview:large","max-video-preview":"max-video-preview:-1"},"canonical":"https:\/\/www.granapadano.it\/es\/sostenibilidad\/sostenibilidad-social\/giovani-della-filiera-tercera-temporada\/francesco\/","og_locale":"es_ES","og_type":"article","og_title":"Francesco - Grana Padano","og_description":"Giovani della Filiera - FrancescoDel campo a la leche, Francesco es un agricultor polifac\u00e9tico. Su empresa familiar, que con \u00e9l va por la tercera generaci\u00f3n, se dedica a la producci\u00f3n de leche para Grana Padano. Un legado que contin\u00faa con orgullo y un gran deseo de crecer, d\u00eda tras d\u00eda. Vea la galer\u00eda","og_url":"https:\/\/www.granapadano.it\/es\/sostenibilidad\/sostenibilidad-social\/giovani-della-filiera-tercera-temporada\/francesco\/","og_site_name":"Grana Padano","article_modified_time":"2026-03-20T17:13:34+00:00","twitter_card":"summary_large_image","twitter_misc":{"Tiempo de lectura":"2 minutos"},"schema":{"@context":"https:\/\/schema.org","@graph":[{"@type":"WebPage","@id":"https:\/\/www.granapadano.it\/es\/sostenibilidad\/sostenibilidad-social\/giovani-della-filiera-tercera-temporada\/francesco\/","url":"https:\/\/www.granapadano.it\/es\/sostenibilidad\/sostenibilidad-social\/giovani-della-filiera-tercera-temporada\/francesco\/","name":"Francesco - Grana Padano","isPartOf":{"@id":"https:\/\/www.granapadano.it\/es\/#website"},"datePublished":"2024-10-17T17:16:25+00:00","dateModified":"2026-03-20T17:13:34+00:00","breadcrumb":{"@id":"https:\/\/www.granapadano.it\/es\/sostenibilidad\/sostenibilidad-social\/giovani-della-filiera-tercera-temporada\/francesco#breadcrumb"},"inLanguage":"es","potentialAction":[{"@type":"ReadAction","target":["https:\/\/www.granapadano.it\/es\/sostenibilidad\/sostenibilidad-social\/giovani-della-filiera-tercera-temporada\/francesco\/"]}]},{"@type":"BreadcrumbList","@id":"https:\/\/www.granapadano.it\/es\/sostenibilidad\/sostenibilidad-social\/giovani-della-filiera-tercera-temporada\/francesco#breadcrumb","itemListElement":[{"@type":"ListItem","position":1,"name":"Home","item":"https:\/\/www.granapadano.it\/es\/"},{"@type":"ListItem","position":2,"name":"Sostenibilidad","item":"https:\/\/www.granapadano.it\/es\/sostenibilidad\/"},{"@type":"ListItem","position":3,"name":"Sostenibillidad social","item":"https:\/\/www.granapadano.it\/es\/sostenibilidad\/sostenibilidad-social\/"},{"@type":"ListItem","position":4,"name":"Las estaciones de Giovani della Filiera","item":"https:\/\/www.granapadano.it\/es\/las-estaciones-de-giovani-della-filiera\/"},{"@type":"ListItem","position":5,"name":"Giovani della Filiera &#8211; Tercera Temporada","item":"https:\/\/www.granapadano.it\/es\/sostenibilidad\/sostenibilidad-social\/giovani-della-filiera-tercera-temporada\/"},{"@type":"ListItem","position":6,"name":"Francesco"}]},{"@type":"WebSite","@id":"https:\/\/www.granapadano.it\/es\/#website","url":"https:\/\/www.granapadano.it\/es\/","name":"Grana Padano","description":"","potentialAction":[{"@type":"SearchAction","target":{"@type":"EntryPoint","urlTemplate":"https:\/\/www.granapadano.it\/es\/?s={search_term_string}"},"query-input":{"@type":"PropertyValueSpecification","valueRequired":true,"valueName":"search_term_string"}}],"inLanguage":"es"}]}},"_links":{"self":[{"href":"https:\/\/www.granapadano.it\/es\/wp-json\/wp\/v2\/pages\/126979","targetHints":{"allow":["GET"]}}],"collection":[{"href":"https:\/\/www.granapadano.it\/es\/wp-json\/wp\/v2\/pages"}],"about":[{"href":"https:\/\/www.granapadano.it\/es\/wp-json\/wp\/v2\/types\/page"}],"author":[{"embeddable":true,"href":"https:\/\/www.granapadano.it\/es\/wp-json\/wp\/v2\/users\/21"}],"replies":[{"embeddable":true,"href":"https:\/\/www.granapadano.it\/es\/wp-json\/wp\/v2\/comments?post=126979"}],"version-history":[{"count":5,"href":"https:\/\/www.granapadano.it\/es\/wp-json\/wp\/v2\/pages\/126979\/revisions"}],"predecessor-version":[{"id":127268,"href":"https:\/\/www.granapadano.it\/es\/wp-json\/wp\/v2\/pages\/126979\/revisions\/127268"}],"up":[{"embeddable":true,"href":"https:\/\/www.granapadano.it\/es\/wp-json\/wp\/v2\/pages\/124663"}],"wp:attachment":[{"href":"https:\/\/www.granapadano.it\/es\/wp-json\/wp\/v2\/media?parent=126979"}],"curies":[{"name":"wp","href":"https:\/\/api.w.org\/{rel}","templated":true}]}}