{"id":124780,"date":"2024-09-12T15:37:26","date_gmt":"2024-09-12T15:37:26","guid":{"rendered":"https:\/\/www.granapadano.it\/le-stagioni-dei-giovani-della-filiera\/"},"modified":"2024-10-14T16:23:02","modified_gmt":"2024-10-14T16:23:02","slug":"las-estaciones-de-giovani-della-filiera","status":"publish","type":"page","link":"https:\/\/www.granapadano.it\/es\/las-estaciones-de-giovani-della-filiera\/","title":{"rendered":"Las estaciones de Giovani della Filiera"},"content":{"rendered":"<p>[et_pb_section fb_built=\u00bb1&#8243; fullwidth=\u00bbon\u00bb _builder_version=\u00bb4.19.0&#8243; _module_preset=\u00bbdefault\u00bb locked=\u00bboff\u00bb global_colors_info=\u00bb{}\u00bb][et_pb_fullwidth_image src=\u00bbhttps:\/\/www.granapadano.it\/wp-content\/uploads\/2024\/09\/GdF_1-3_HP-H-2.png\u00bb title_text=\u00bbGdF_1-3_HP-H 2&#8243; src_tablet=\u00bbhttps:\/\/www.granapadano.it\/wp-content\/uploads\/2024\/09\/GdF_1-3_HP-H-2.png\u00bb src_phone=\u00bbhttps:\/\/www.granapadano.it\/wp-content\/uploads\/2024\/09\/GdF_1-3_HP-H-2.png\u00bb src_last_edited=\u00bbon|phone\u00bb _builder_version=\u00bb4.24.3&#8243; _module_preset=\u00bbdefault\u00bb global_colors_info=\u00bb{}\u00bb][\/et_pb_fullwidth_image][\/et_pb_section][et_pb_section fb_built=\u00bb1&#8243; module_class=\u00bbproduction_sub_hub_main_wrapper\u00bb _builder_version=\u00bb4.19.4&#8243; _module_preset=\u00bbdefault\u00bb custom_padding=\u00bb13px||0px|||\u00bb locked=\u00bboff\u00bb global_colors_info=\u00bb{}\u00bb][et_pb_row module_class=\u00bbrecipe_filter_section\u00bb _builder_version=\u00bb4.19.2&#8243; _module_preset=\u00bbdefault\u00bb max_width=\u00bb90%\u00bb custom_padding=\u00bb||7px|||\u00bb global_colors_info=\u00bb{}\u00bb][et_pb_column type=\u00bb4_4&#8243; _builder_version=\u00bb4.19.2&#8243; _module_preset=\u00bbdefault\u00bb global_colors_info=\u00bb{}\u00bb][et_pb_code _builder_version=\u00bb4.19.2&#8243; _module_preset=\u00bbdefault\u00bb custom_margin=\u00bb||16px|||\u00bb global_colors_info=\u00bb{}\u00bb]<div class=\"breadcrumb\"><a href=\"https:\/\/www.granapadano.it\/es\/\">Inicio<\/a>  <  <\/div>[\/et_pb_code][\/et_pb_column][\/et_pb_row][\/et_pb_section][et_pb_section fb_built=\u00bb1&#8243; module_class=\u00bbgiovani_filiera_title\u00bb _builder_version=\u00bb4.19.4&#8243; _module_preset=\u00bbdefault\u00bb custom_padding=\u00bb0px||0px||false|false\u00bb locked=\u00bboff\u00bb global_colors_info=\u00bb{}\u00bb][et_pb_row module_class=\u00bbgp_producion_heading_wrapper\u00bb _builder_version=\u00bb4.19.4&#8243; _module_preset=\u00bbdefault\u00bb max_width=\u00bb90%\u00bb module_alignment=\u00bbcenter\u00bb custom_padding=\u00bb13px||||false|false\u00bb global_colors_info=\u00bb{}\u00bb][et_pb_column type=\u00bb4_4&#8243; _builder_version=\u00bb4.19.4&#8243; _module_preset=\u00bbdefault\u00bb global_colors_info=\u00bb{}\u00bb][et_pb_text _builder_version=\u00bb4.20.2&#8243; _module_preset=\u00bbdefault\u00bb text_font=\u00bbMerriweather|700|||||||\u00bb text_text_color=\u00bb#0f0f0f\u00bb text_font_size=\u00bb80px\u00bb text_line_height=\u00bb70px\u00bb header_font=\u00bbMerriweather|700|||||||\u00bb header_text_color=\u00bb#0f0f0f\u00bb header_font_size=\u00bb38px\u00bb header_line_height=\u00bb46px\u00bb text_orientation=\u00bbcenter\u00bb custom_margin=\u00bb-12px||0px||false|false\u00bb global_colors_info=\u00bb{}\u00bb]<\/p>\n<h1>Giovani della Filiera<\/h1>\n<p>[\/et_pb_text][\/et_pb_column][\/et_pb_row][et_pb_row module_class=\u00bbgiovani_top_sec_wrapper giovani_filiera_top_wrapper\u00bb _builder_version=\u00bb4.19.4&#8243; _module_preset=\u00bbdefault\u00bb custom_padding=\u00bb||50px|||\u00bb global_colors_info=\u00bb{}\u00bb][et_pb_column type=\u00bb4_4&#8243; _builder_version=\u00bb4.19.4&#8243; _module_preset=\u00bbdefault\u00bb global_colors_info=\u00bb{}\u00bb][et_pb_text module_class=\u00bbdella_filiera_top_heading\u00bb _builder_version=\u00bb4.24.3&#8243; _module_preset=\u00bbdefault\u00bb text_text_color=\u00bb#0f0f0f\u00bb text_font_size=\u00bb25px\u00bb text_line_height=\u00bb31px\u00bb header_font=\u00bbMerriweather|700|||||||\u00bb header_text_color=\u00bb#0f0f0f\u00bb header_font_size=\u00bb56px\u00bb header_line_height=\u00bb62px\u00bb header_3_font=\u00bbMerriweather|700|||||||\u00bb header_3_text_color=\u00bb#0f0f0f\u00bb header_3_font_size=\u00bb40px\u00bb header_3_line_height=\u00bb48px\u00bb header_4_font=\u00bbMerriweather||||||||\u00bb header_4_text_color=\u00bbgcid-8696fd7e-29dd-4028-9d4d-981b208a53a9&#8243; header_4_font_size=\u00bb20px\u00bb header_4_line_height=\u00bb26px\u00bb custom_padding=\u00bb20px||20px||false|false\u00bb global_colors_info=\u00bb{%22gcid-8696fd7e-29dd-4028-9d4d-981b208a53a9%22:%91%22header_4_text_color%22%93}\u00bb]<\/p>\n<h4 style=\"text-align: center;\">Progetto Giovani della Filiera<\/h4>\n<p>[\/et_pb_text][et_pb_text module_class=\u00bbdella_filiera_top_heading_para\u00bb _builder_version=\u00bb4.24.3&#8243; _module_preset=\u00bbdefault\u00bb text_text_color=\u00bb#0f0f0f\u00bb text_font_size=\u00bb18px\u00bb text_line_height=\u00bb26px\u00bb global_colors_info=\u00bb{}\u00bb]<\/p>\n<p style=\"text-align: center;\">Viaje entre las nuevas generaciones de productores en una serie de v\u00eddeos. El Consorzio di Tutela del Grana Padano ha decidido presentar a los j\u00f3venes ganaderos, queseros y empresarios que representan un potente motor de crecimiento e innovaci\u00f3n.<br \/>S\u00edganos, ser\u00e1 un continuo y emocionante descubrimiento de pasi\u00f3n, compromiso y esperanza en el futuro.<\/p>\n<p>[\/et_pb_text][\/et_pb_column][\/et_pb_row][\/et_pb_section][et_pb_section fb_built=\u00bb1&#8243; module_class=\u00bbgp_custom_component\u00bb _builder_version=\u00bb4.20.2&#8243; _module_preset=\u00bbdefault\u00bb background_color=\u00bb#f7f7f7&#8243; custom_padding=\u00bb42px|||||\u00bb global_colors_info=\u00bb{}\u00bb][et_pb_row module_class=\u00bbgp_producion_heading_wrapper\u00bb _builder_version=\u00bb4.19.4&#8243; _module_preset=\u00bbdefault\u00bb max_width=\u00bb90%\u00bb module_alignment=\u00bbcenter\u00bb custom_padding=\u00bb8px|||||\u00bb global_colors_info=\u00bb{}\u00bb][et_pb_column type=\u00bb4_4&#8243; _builder_version=\u00bb4.19.4&#8243; _module_preset=\u00bbdefault\u00bb global_colors_info=\u00bb{}\u00bb][et_pb_text _builder_version=\u00bb4.24.3&#8243; _module_preset=\u00bbdefault\u00bb text_text_color=\u00bb#0f0f0f\u00bb text_font_size=\u00bb80px\u00bb text_line_height=\u00bb70px\u00bb header_font=\u00bbMerriweather|700|||||||\u00bb header_text_color=\u00bb#0f0f0f\u00bb header_font_size=\u00bb56px\u00bb header_line_height=\u00bb62px\u00bb header_2_font=\u00bbMerriweather|700|||||||\u00bb header_2_font_size=\u00bb23px\u00bb header_2_line_height=\u00bb26px\u00bb header_3_font=\u00bbMerriweather|700|||||||\u00bb header_3_text_color=\u00bb#0f0f0f\u00bb header_3_font_size=\u00bb20px\u00bb header_3_line_height=\u00bb26px\u00bb text_orientation=\u00bbcenter\u00bb custom_margin=\u00bb-12px||7px|||\u00bb global_colors_info=\u00bb{}\u00bb]<\/p>\n<h2>Descubre todas las estaciones<\/h2>\n<p>[\/et_pb_text][\/et_pb_column][\/et_pb_row][et_pb_row column_structure=\u00bb1_2,1_2&#8243; disabled_on=\u00bboff|off|off\u00bb _builder_version=\u00bb4.24.3&#8243; _module_preset=\u00bbdefault\u00bb custom_padding=\u00bb||||false|false\u00bb hover_enabled=\u00bb0&#8243; global_colors_info=\u00bb{}\u00bb sticky_enabled=\u00bb0&#8243;][et_pb_column type=\u00bb1_2&#8243; module_class=\u00bbgp_custom_module_inner\u00bb _builder_version=\u00bb4.24.3&#8243; _module_preset=\u00bbdefault\u00bb link_option_url=\u00bbhttps:\/\/www.granapadano.it\/curiosita-ed-eventi\/progetti-distintivi\/le-stagioni-dei-giovani-della-filiera\/giovani-della-filiera-stagione-1\/\u00bb global_colors_info=\u00bb{}\u00bb][et_pb_image src=\u00bbhttps:\/\/www.granapadano.it\/wp-content\/uploads\/2024\/09\/GDF-2_Thumb_750x500.jpg\u00bb title_text=\u00bbGDF-2_Thumb_750x500&#8243; url=\u00bbhttps:\/\/www.granapadano.it\/curiosita-ed-eventi\/progetti-distintivi\/le-stagioni-dei-giovani-della-filiera\/giovani-della-filiera-stagione-2\/\u00bb _builder_version=\u00bb4.24.3&#8243; _module_preset=\u00bbdefault\u00bb border_radii=\u00bboff|20px|20px|20px|20px\u00bb global_colors_info=\u00bb{}\u00bb][\/et_pb_image][et_pb_text _builder_version=\u00bb4.20.0&#8243; _module_preset=\u00bbdefault\u00bb header_font=\u00bb||||||||\u00bb header_3_text_color=\u00bbgcid-8696fd7e-29dd-4028-9d4d-981b208a53a9&#8243; custom_padding=\u00bb20px||0px||false|false\u00bb global_colors_info=\u00bb{%22gcid-8696fd7e-29dd-4028-9d4d-981b208a53a9%22:%91%22header_3_text_color%22,%22header_3_text_color%22%93}\u00bb]<\/p>\n<h3>Temporada 2<\/h3>\n<p>[\/et_pb_text][et_pb_text _builder_version=\u00bb4.24.3&#8243; _module_preset=\u00bbdefault\u00bb text_text_color=\u00bbgcid-8696fd7e-29dd-4028-9d4d-981b208a53a9&#8243; text_font_size=\u00bb18px\u00bb text_line_height=\u00bb26px\u00bb custom_padding=\u00bb||15px||false|false\u00bb global_colors_info=\u00bb{%22gcid-8696fd7e-29dd-4028-9d4d-981b208a53a9%22:%91%22text_text_color%22,%22text_text_color%22%93}\u00bb]<\/p>\n<p>El viaje a quienes trabajan en la cadena de suministro del Grana Parado DOP contin\u00faa, 6 j\u00f3venes nos han contado sus historias para que las descubramos en una segunda temporada.<\/p>\n<p>[\/et_pb_text][et_pb_button button_url=\u00bbhttps:\/\/www.granapadano.it\/curiosita-ed-eventi\/progetti-distintivi\/le-stagioni-dei-giovani-della-filiera\/giovani-della-filiera-stagione-2\/\u00bb button_text=\u00bbSEGUNDA TEMPORADA\u00bb button_alignment=\u00bbleft\u00bb button_text_last_edited=\u00bboff|desktop\u00bb _builder_version=\u00bb4.24.3&#8243; _module_preset=\u00bbdefault\u00bb custom_button=\u00bbon\u00bb button_text_size=\u00bb18px\u00bb button_text_color=\u00bb#FFFFFF\u00bb button_bg_color=\u00bb#000000&#8243; button_border_radius=\u00bb50px\u00bb button_font=\u00bbMerriweather|700|||||||\u00bb button_icon=\u00bb&#x35;||divi||400&#8243; button_on_hover=\u00bboff\u00bb custom_padding=\u00bb|100px||100px|false|false\u00bb global_colors_info=\u00bb{}\u00bb button_text__hover_enabled=\u00bboff|desktop\u00bb][\/et_pb_button][\/et_pb_column][et_pb_column type=\u00bb1_2&#8243; module_class=\u00bbgp_custom_module_inner\u00bb _builder_version=\u00bb4.24.3&#8243; _module_preset=\u00bbdefault\u00bb link_option_url=\u00bbhttps:\/\/www.granapadano.it\/es\/giovani-della-filiera-tercera-temporada\/\u00bb hover_enabled=\u00bb0&#8243; global_colors_info=\u00bb{}\u00bb sticky_enabled=\u00bb0&#8243;][et_pb_image src=\u00bbhttps:\/\/www.granapadano.it\/wp-content\/uploads\/2024\/09\/GDF-3_Thumb_750x500-2.jpg\u00bb title_text=\u00bbGDF-3_Thumb_750x500 2&#8243; url=\u00bbhttps:\/\/www.granapadano.it\/es\/giovani-della-filiera-tercera-temporada\/\u00bb _builder_version=\u00bb4.24.3&#8243; _module_preset=\u00bbdefault\u00bb hover_enabled=\u00bb0&#8243; border_radii=\u00bbon|20px|20px|20px|20px\u00bb global_colors_info=\u00bb{}\u00bb sticky_enabled=\u00bb0&#8243;][\/et_pb_image][et_pb_text _builder_version=\u00bb4.20.0&#8243; _module_preset=\u00bbdefault\u00bb header_font=\u00bb||||||||\u00bb header_3_text_color=\u00bbgcid-8696fd7e-29dd-4028-9d4d-981b208a53a9&#8243; min_height=\u00bb55px\u00bb custom_padding=\u00bb20px||0px||false|false\u00bb global_colors_info=\u00bb{%22gcid-8696fd7e-29dd-4028-9d4d-981b208a53a9%22:%91%22header_3_text_color%22,%22header_3_text_color%22,%22header_3_text_color%22%93}\u00bb]<\/p>\n<h3>Temporada 3<\/h3>\n<p>[\/et_pb_text][et_pb_text _builder_version=\u00bb4.24.3&#8243; _module_preset=\u00bbdefault\u00bb text_text_color=\u00bbgcid-8696fd7e-29dd-4028-9d4d-981b208a53a9&#8243; text_font_size=\u00bb18px\u00bb text_line_height=\u00bb26px\u00bb custom_padding=\u00bb||15px||false|false\u00bb global_colors_info=\u00bb{%22gcid-8696fd7e-29dd-4028-9d4d-981b208a53a9%22:%91%22text_text_color%22,%22text_text_color%22%93}\u00bb]<\/p>\n<p>Junto con Matt the Farmer, conocimos a 6 j\u00f3venes que han convertido su pasi\u00f3n en un trabajo, aportando su contribuci\u00f3n a la cadena de suministro.<\/p>\n<p>[\/et_pb_text][et_pb_button button_url=\u00bbhttps:\/\/www.granapadano.it\/es\/giovani-della-filiera-tercera-temporada\/\u00bb button_text=\u00bbTERCERA TEMPORADA\u00bb button_alignment=\u00bbleft\u00bb button_text_last_edited=\u00bboff|desktop\u00bb _builder_version=\u00bb4.24.3&#8243; _module_preset=\u00bbdefault\u00bb custom_button=\u00bbon\u00bb button_text_size=\u00bb18px\u00bb button_text_color=\u00bb#FFFFFF\u00bb button_bg_color=\u00bb#000000&#8243; button_border_radius=\u00bb50px\u00bb button_font=\u00bbMerriweather|700|||||||\u00bb button_icon=\u00bb&#x35;||divi||400&#8243; button_on_hover=\u00bboff\u00bb custom_padding=\u00bb|100px||100px|false|false\u00bb hover_enabled=\u00bb0&#8243; global_colors_info=\u00bb{}\u00bb button_text__hover_enabled=\u00bboff|desktop\u00bb sticky_enabled=\u00bb0&#8243;][\/et_pb_button][\/et_pb_column][\/et_pb_row][\/et_pb_section]<\/p>\n","protected":false},"excerpt":{"rendered":"<p><div class=\"breadcrumb\"><a href=\"https:\/\/www.granapadano.it\/es\/\">Inicio<\/a>  <  <\/div>Giovani della FilieraProgetto Giovani della FilieraViaje entre las nuevas generaciones de productores en una serie de v\u00eddeos. El Consorzio di Tutela del Grana Padano ha decidido presentar a los j\u00f3venes ganaderos, queseros y empresarios que representan un potente motor de crecimiento e innovaci\u00f3n.S\u00edganos, ser\u00e1 un continuo y emocionante descubrimiento de pasi\u00f3n, compromiso y esperanza en [&hellip;]<\/p>\n","protected":false},"author":21,"featured_media":0,"parent":149413,"menu_order":721,"comment_status":"closed","ping_status":"closed","template":"","meta":{"_acf_changed":false,"_et_pb_use_builder":"on","_et_pb_old_content":"","_et_gb_content_width":"","footnotes":""},"class_list":["post-124780","page","type-page","status-publish","hentry"],"acf":[],"yoast_head":"<!-- This site is optimized with the Yoast SEO plugin v27.3 - https:\/\/yoast.com\/product\/yoast-seo-wordpress\/ -->\n<title>Las estaciones de Giovani della Filiera - Grana Padano<\/title>\n<meta name=\"robots\" content=\"index, follow, max-snippet:-1, max-image-preview:large, max-video-preview:-1\" \/>\n<link rel=\"canonical\" href=\"https:\/\/www.granapadano.it\/es\/las-estaciones-de-giovani-della-filiera\/\" \/>\n<meta property=\"og:locale\" content=\"es_ES\" \/>\n<meta property=\"og:type\" content=\"article\" \/>\n<meta property=\"og:title\" content=\"Las estaciones de Giovani della Filiera - Grana Padano\" \/>\n<meta property=\"og:description\" content=\"Giovani della FilieraProgetto Giovani della FilieraViaje entre las nuevas generaciones de productores en una serie de v\u00eddeos. El Consorzio di Tutela del Grana Padano ha decidido presentar a los j\u00f3venes ganaderos, queseros y empresarios que representan un potente motor de crecimiento e innovaci\u00f3n.S\u00edganos, ser\u00e1 un continuo y emocionante descubrimiento de pasi\u00f3n, compromiso y esperanza en [&hellip;]\" \/>\n<meta property=\"og:url\" content=\"https:\/\/www.granapadano.it\/es\/las-estaciones-de-giovani-della-filiera\/\" \/>\n<meta property=\"og:site_name\" content=\"Grana Padano\" \/>\n<meta property=\"article:modified_time\" content=\"2024-10-14T16:23:02+00:00\" \/>\n<meta name=\"twitter:card\" content=\"summary_large_image\" \/>\n<meta name=\"twitter:label1\" content=\"Tiempo de lectura\" \/>\n\t<meta name=\"twitter:data1\" content=\"2 minutos\" \/>\n<script type=\"application\/ld+json\" class=\"yoast-schema-graph\">{\"@context\":\"https:\\\/\\\/schema.org\",\"@graph\":[{\"@type\":\"WebPage\",\"@id\":\"https:\\\/\\\/www.granapadano.it\\\/es\\\/las-estaciones-de-giovani-della-filiera\\\/\",\"url\":\"https:\\\/\\\/www.granapadano.it\\\/es\\\/las-estaciones-de-giovani-della-filiera\\\/\",\"name\":\"Las estaciones de Giovani della Filiera - Grana Padano\",\"isPartOf\":{\"@id\":\"https:\\\/\\\/www.granapadano.it\\\/es\\\/#website\"},\"datePublished\":\"2024-09-12T15:37:26+00:00\",\"dateModified\":\"2024-10-14T16:23:02+00:00\",\"breadcrumb\":{\"@id\":\"https:\\\/\\\/www.granapadano.it\\\/es\\\/las-estaciones-de-giovani-della-filiera\\\/#breadcrumb\"},\"inLanguage\":\"es\",\"potentialAction\":[{\"@type\":\"ReadAction\",\"target\":[\"https:\\\/\\\/www.granapadano.it\\\/es\\\/las-estaciones-de-giovani-della-filiera\\\/\"]}]},{\"@type\":\"BreadcrumbList\",\"@id\":\"https:\\\/\\\/www.granapadano.it\\\/es\\\/las-estaciones-de-giovani-della-filiera\\\/#breadcrumb\",\"itemListElement\":[{\"@type\":\"ListItem\",\"position\":1,\"name\":\"Home\",\"item\":\"https:\\\/\\\/www.granapadano.it\\\/es\\\/\"},{\"@type\":\"ListItem\",\"position\":2,\"name\":\"Sostenibilidad\",\"item\":\"https:\\\/\\\/www.granapadano.it\\\/es\\\/sostenibilidad\\\/\"},{\"@type\":\"ListItem\",\"position\":3,\"name\":\"Sostenibillidad social\",\"item\":\"https:\\\/\\\/www.granapadano.it\\\/es\\\/sostenibilidad\\\/sostenibilidad-social\\\/\"},{\"@type\":\"ListItem\",\"position\":4,\"name\":\"Las estaciones de Giovani della Filiera\"}]},{\"@type\":\"WebSite\",\"@id\":\"https:\\\/\\\/www.granapadano.it\\\/es\\\/#website\",\"url\":\"https:\\\/\\\/www.granapadano.it\\\/es\\\/\",\"name\":\"Grana Padano\",\"description\":\"\",\"potentialAction\":[{\"@type\":\"SearchAction\",\"target\":{\"@type\":\"EntryPoint\",\"urlTemplate\":\"https:\\\/\\\/www.granapadano.it\\\/es\\\/?s={search_term_string}\"},\"query-input\":{\"@type\":\"PropertyValueSpecification\",\"valueRequired\":true,\"valueName\":\"search_term_string\"}}],\"inLanguage\":\"es\"}]}<\/script>\n<!-- \/ Yoast SEO plugin. -->","yoast_head_json":{"title":"Las estaciones de Giovani della Filiera - Grana Padano","robots":{"index":"index","follow":"follow","max-snippet":"max-snippet:-1","max-image-preview":"max-image-preview:large","max-video-preview":"max-video-preview:-1"},"canonical":"https:\/\/www.granapadano.it\/es\/las-estaciones-de-giovani-della-filiera\/","og_locale":"es_ES","og_type":"article","og_title":"Las estaciones de Giovani della Filiera - Grana Padano","og_description":"Giovani della FilieraProgetto Giovani della FilieraViaje entre las nuevas generaciones de productores en una serie de v\u00eddeos. El Consorzio di Tutela del Grana Padano ha decidido presentar a los j\u00f3venes ganaderos, queseros y empresarios que representan un potente motor de crecimiento e innovaci\u00f3n.S\u00edganos, ser\u00e1 un continuo y emocionante descubrimiento de pasi\u00f3n, compromiso y esperanza en [&hellip;]","og_url":"https:\/\/www.granapadano.it\/es\/las-estaciones-de-giovani-della-filiera\/","og_site_name":"Grana Padano","article_modified_time":"2024-10-14T16:23:02+00:00","twitter_card":"summary_large_image","twitter_misc":{"Tiempo de lectura":"2 minutos"},"schema":{"@context":"https:\/\/schema.org","@graph":[{"@type":"WebPage","@id":"https:\/\/www.granapadano.it\/es\/las-estaciones-de-giovani-della-filiera\/","url":"https:\/\/www.granapadano.it\/es\/las-estaciones-de-giovani-della-filiera\/","name":"Las estaciones de Giovani della Filiera - Grana Padano","isPartOf":{"@id":"https:\/\/www.granapadano.it\/es\/#website"},"datePublished":"2024-09-12T15:37:26+00:00","dateModified":"2024-10-14T16:23:02+00:00","breadcrumb":{"@id":"https:\/\/www.granapadano.it\/es\/las-estaciones-de-giovani-della-filiera\/#breadcrumb"},"inLanguage":"es","potentialAction":[{"@type":"ReadAction","target":["https:\/\/www.granapadano.it\/es\/las-estaciones-de-giovani-della-filiera\/"]}]},{"@type":"BreadcrumbList","@id":"https:\/\/www.granapadano.it\/es\/las-estaciones-de-giovani-della-filiera\/#breadcrumb","itemListElement":[{"@type":"ListItem","position":1,"name":"Home","item":"https:\/\/www.granapadano.it\/es\/"},{"@type":"ListItem","position":2,"name":"Sostenibilidad","item":"https:\/\/www.granapadano.it\/es\/sostenibilidad\/"},{"@type":"ListItem","position":3,"name":"Sostenibillidad social","item":"https:\/\/www.granapadano.it\/es\/sostenibilidad\/sostenibilidad-social\/"},{"@type":"ListItem","position":4,"name":"Las estaciones de Giovani della Filiera"}]},{"@type":"WebSite","@id":"https:\/\/www.granapadano.it\/es\/#website","url":"https:\/\/www.granapadano.it\/es\/","name":"Grana Padano","description":"","potentialAction":[{"@type":"SearchAction","target":{"@type":"EntryPoint","urlTemplate":"https:\/\/www.granapadano.it\/es\/?s={search_term_string}"},"query-input":{"@type":"PropertyValueSpecification","valueRequired":true,"valueName":"search_term_string"}}],"inLanguage":"es"}]}},"_links":{"self":[{"href":"https:\/\/www.granapadano.it\/es\/wp-json\/wp\/v2\/pages\/124780","targetHints":{"allow":["GET"]}}],"collection":[{"href":"https:\/\/www.granapadano.it\/es\/wp-json\/wp\/v2\/pages"}],"about":[{"href":"https:\/\/www.granapadano.it\/es\/wp-json\/wp\/v2\/types\/page"}],"author":[{"embeddable":true,"href":"https:\/\/www.granapadano.it\/es\/wp-json\/wp\/v2\/users\/21"}],"replies":[{"embeddable":true,"href":"https:\/\/www.granapadano.it\/es\/wp-json\/wp\/v2\/comments?post=124780"}],"version-history":[{"count":6,"href":"https:\/\/www.granapadano.it\/es\/wp-json\/wp\/v2\/pages\/124780\/revisions"}],"predecessor-version":[{"id":125712,"href":"https:\/\/www.granapadano.it\/es\/wp-json\/wp\/v2\/pages\/124780\/revisions\/125712"}],"up":[{"embeddable":true,"href":"https:\/\/www.granapadano.it\/es\/wp-json\/wp\/v2\/pages\/149413"}],"wp:attachment":[{"href":"https:\/\/www.granapadano.it\/es\/wp-json\/wp\/v2\/media?parent=124780"}],"curies":[{"name":"wp","href":"https:\/\/api.w.org\/{rel}","templated":true}]}}