{"id":119410,"date":"2024-04-17T13:01:29","date_gmt":"2024-04-17T13:01:29","guid":{"rendered":"https:\/\/www.granapadano.it\/momentos-de-consumo\/abbinamenti\/come-abbinare-laceto-balsamico-di-modena-igp-con-grana-padano\/come-abbinare-grana-padano-dop-riserva-oltre-24-mesi-e-aceto-balsamico-di-modena-igp\/"},"modified":"2024-05-17T17:03:40","modified_gmt":"2024-05-17T17:03:40","slug":"grana-padano-dop-reserva-mas-de-24-meses-y-vinagre-balsamico-de-modena-igp-5-sellos-envejecido","status":"publish","type":"page","link":"https:\/\/www.granapadano.it\/es\/vinagre-balsamico-de-modena-igp-y-grana-padano-dop\/grana-padano-dop-reserva-mas-de-24-meses-y-vinagre-balsamico-de-modena-igp-5-sellos-envejecido\/","title":{"rendered":"Grana Padano DOP \u00abReserva\u00bb m\u00e1s de 24 meses y Vinagre Bals\u00e1mico de M\u00f3dena IGP 5 sellos \u00abEnvejecido\u00bb"},"content":{"rendered":"<p>[et_pb_section fb_built=\u00bb1&#8243; fullwidth=\u00bbon\u00bb _builder_version=\u00bb4.19.5&#8243; _module_preset=\u00bbdefault\u00bb global_colors_info=\u00bb{}\u00bb][et_pb_fullwidth_image src=\u00bbhttps:\/\/www.granapadano.it\/wp-content\/uploads\/2024\/04\/GP_Aceto-h.jpg\u00bb title_text=\u00bbGP_Aceto-m\u00bb src_tablet=\u00bbhttps:\/\/www.granapadano.it\/wp-content\/uploads\/2024\/04\/GP_Aceto-h.jpg\u00bb src_phone=\u00bbhttps:\/\/www.granapadano.it\/wp-content\/uploads\/2024\/04\/GP_Aceto-m.jpg\u00bb src_last_edited=\u00bbon|phone\u00bb _builder_version=\u00bb4.24.3&#8243; _module_preset=\u00bbdefault\u00bb locked=\u00bboff\u00bb global_colors_info=\u00bb{}\u00bb][\/et_pb_fullwidth_image][\/et_pb_section][et_pb_section fb_built=\u00bb1&#8243; module_class=\u00bbproduction_sub_hub_main_wrapper\u00bb _builder_version=\u00bb4.19.4&#8243; _module_preset=\u00bbdefault\u00bb custom_padding=\u00bb13px||0px|||\u00bb locked=\u00bboff\u00bb global_colors_info=\u00bb{}\u00bb][et_pb_row module_class=\u00bbrecipe_filter_section\u00bb _builder_version=\u00bb4.19.2&#8243; _module_preset=\u00bbdefault\u00bb max_width=\u00bb90%\u00bb custom_padding=\u00bb||7px|||\u00bb global_colors_info=\u00bb{}\u00bb][et_pb_column type=\u00bb4_4&#8243; _builder_version=\u00bb4.19.2&#8243; _module_preset=\u00bbdefault\u00bb global_colors_info=\u00bb{}\u00bb][et_pb_code _builder_version=\u00bb4.19.2&#8243; _module_preset=\u00bbdefault\u00bb custom_margin=\u00bb||16px|||\u00bb global_colors_info=\u00bb{}\u00bb]<div class=\"breadcrumb\"><a href=\"https:\/\/www.granapadano.it\/es\/\">Inicio<\/a>  <  <\/div>[\/et_pb_code][\/et_pb_column][\/et_pb_row][\/et_pb_section][et_pb_section fb_built=\u00bb1&#8243; module_class=\u00bbgiovani_sub_hub_title\u00bb _builder_version=\u00bb4.19.5&#8243; _module_preset=\u00bbdefault\u00bb custom_padding=\u00bb0px||35px||false|false\u00bb locked=\u00bboff\u00bb global_colors_info=\u00bb{}\u00bb][et_pb_row module_class=\u00bbgp_producion_heading_wrapper\u00bb _builder_version=\u00bb4.19.5&#8243; _module_preset=\u00bbdefault\u00bb max_width=\u00bb90%\u00bb module_alignment=\u00bbcenter\u00bb custom_padding=\u00bb||||false|false\u00bb global_colors_info=\u00bb{}\u00bb][et_pb_column type=\u00bb4_4&#8243; _builder_version=\u00bb4.19.4&#8243; _module_preset=\u00bbdefault\u00bb global_colors_info=\u00bb{}\u00bb][et_pb_text module_class=\u00bbgiovani_sub_hub_title_text\u00bb _builder_version=\u00bb4.24.3&#8243; _module_preset=\u00bbdefault\u00bb text_font=\u00bbMerriweather|700|||||||\u00bb text_text_color=\u00bb#0f0f0f\u00bb text_font_size=\u00bb80px\u00bb text_line_height=\u00bb70px\u00bb header_font=\u00bbMerriweather||||||||\u00bb header_text_color=\u00bbgcid-8696fd7e-29dd-4028-9d4d-981b208a53a9&#8243; header_font_size=\u00bb44px\u00bb header_line_height=\u00bb52px\u00bb text_orientation=\u00bbcenter\u00bb min_height=\u00bb83px\u00bb custom_margin=\u00bb||0px||false|false\u00bb custom_padding=\u00bb||0px||false|false\u00bb global_colors_info=\u00bb{%22gcid-8696fd7e-29dd-4028-9d4d-981b208a53a9%22:%91%22header_text_color%22%93}\u00bb]<\/p>\n<h1>Grana Padano DOP \u00abReserva\u00bb m\u00e1s de 24 meses <\/h1>\n<p>[\/et_pb_text][\/et_pb_column][\/et_pb_row][et_pb_row column_structure=\u00bb1_4,3_4&#8243; module_class=\u00bbarticle_dates\u00bb _builder_version=\u00bb4.19.4&#8243; _module_preset=\u00bbdefault\u00bb max_width=\u00bb90%\u00bb custom_padding=\u00bb2px||6px||false|false\u00bb global_colors_info=\u00bb{}\u00bb][et_pb_column type=\u00bb1_4&#8243; _builder_version=\u00bb4.19.3&#8243; _module_preset=\u00bbdefault\u00bb global_colors_info=\u00bb{}\u00bb][et_pb_text module_class=\u00bbbutton_look\u00bb _builder_version=\u00bb4.24.3&#8243; _module_preset=\u00bbdefault\u00bb text_font=\u00bbFontPadano-Bold||||||||\u00bb text_text_color=\u00bb#000000&#8243; text_font_size=\u00bb26px\u00bb background_color=\u00bbRGBA(255,255,255,0)\u00bb locked=\u00bboff\u00bb global_colors_info=\u00bb{}\u00bb]<\/p>\n<p>Aceto Balsamico di Modena IGP<\/p>\n<p>[\/et_pb_text][\/et_pb_column][et_pb_column type=\u00bb3_4&#8243; _builder_version=\u00bb4.19.4&#8243; _module_preset=\u00bbdefault\u00bb global_colors_info=\u00bb{}\u00bb][\/et_pb_column][\/et_pb_row][et_pb_row column_structure=\u00bb2_5,3_5&#8243; module_class=\u00bbarticle_sub_img_text_content \u00bb _builder_version=\u00bb4.24.3&#8243; _module_preset=\u00bbdefault\u00bb max_width=\u00bb90%\u00bb module_alignment=\u00bbcenter\u00bb min_height=\u00bb680.9px\u00bb custom_margin=\u00bb0px||0px||false|false\u00bb custom_padding=\u00bb0px||0px||false|false\u00bb global_colors_info=\u00bb{}\u00bb][et_pb_column type=\u00bb2_5&#8243; module_class=\u00bbarticle_sub_img_wrap\u00bb _builder_version=\u00bb4.20.2&#8243; _module_preset=\u00bbdefault\u00bb global_colors_info=\u00bb{}\u00bb][et_pb_image src=\u00bbhttps:\/\/www.granapadano.it\/wp-content\/uploads\/2024\/04\/gp_aceto-e-fichi.jpg\u00bb title_text=\u00bbgp_aceto-e-fichi\u00bb align=\u00bbcenter\u00bb _builder_version=\u00bb4.24.3&#8243; _module_preset=\u00bbdefault\u00bb positioning=\u00bbrelative\u00bb vertical_offset=\u00bb63px\u00bb module_alignment=\u00bbcenter\u00bb border_radii=\u00bbon|20px|20px|20px|20px\u00bb global_colors_info=\u00bb{}\u00bb][\/et_pb_image][\/et_pb_column][et_pb_column type=\u00bb3_5&#8243; module_class=\u00bbarticle_sub_text_wrap\u00bb _builder_version=\u00bb4.20.2&#8243; _module_preset=\u00bbdefault\u00bb global_colors_info=\u00bb{}\u00bb][et_pb_text _builder_version=\u00bb4.24.3&#8243; _module_preset=\u00bbdefault\u00bb text_text_color=\u00bb#0f0f0f\u00bb text_font_size=\u00bb18px\u00bb text_line_height=\u00bb26px\u00bb width=\u00bb100%\u00bb custom_margin=\u00bb||0px||false|false\u00bb hover_enabled=\u00bb0&#8243; global_colors_info=\u00bb{}\u00bb sticky_enabled=\u00bb0&#8243;]<\/p>\n<h3><strong>Grana Padano DOP \u00abReserva\u00bb m\u00e1s de 24 meses y Vinagre Bals\u00e1mico de M\u00f3dena IGP 5 sellos \u00abEnvejecido\u00bb<\/strong>\u00a0<\/h3>\n<p>El Grana Padano DOP \u2018Reserva m\u00e1s de 24 meses\u2019 es un producto de elevada maduraci\u00f3n que incluso puede alcanzar los 30-36 meses y m\u00e1s. No son tan comunes como los otros tipos, pero tienen caracter\u00edsticas interesantes y muy distintivas. De hecho, los efectos de la maduraci\u00f3n prolongada influyen notablemente en el color de la pasta, su estructura y su perfil gustativo-olfativo. La presencia de cristales de tirosina y peque\u00f1as \u00abesferas\u00bb de lactato es a\u00fan m\u00e1s evidente que en los productos menos madurados, el contenido de humedad es menor y el producto resulta m\u00e1s duro y friable. Presenta una granulosidad muy elevada tanto en la fase de fractura en lascas como en la boca, donde, gracias tambi\u00e9n a la elevada salivaci\u00f3n producida, resulta en todo caso bien soluble.   Desde el punto de vista gustativo-olfativo, la intensidad global es muy elevada. Desde el punto de vista arom\u00e1tico, se aprecian notas de frutos secos tostados (casta\u00f1a, nuez), as\u00ed como intensos aromas \u00abanimales\u00bb que recuerdan al caldo de carne. El producto tambi\u00e9n se presenta ligeramente picante en la boca. En cuanto al gusto: las notas dulces, tan intensas en los productos m\u00e1s j\u00f3venes, han desaparecido por completo. La sapidez y la acidez son medias-elevadas.  <\/p>\n<p>Para apoyar, equilibrar y contrarrestar su complejidad y fuerza, es necesario maridarlo con un Vinagre Bals\u00e1mico de M\u00f3dena que tambi\u00e9n est\u00e9 en el \u00e1pice de la intensidad y complejidad gustativa-olfativa. El tema de los frutos secos y deshidratados, predominantes en este Grana Padano, seg\u00fan el criterio de concordancia, deber\u00eda encontrarse tambi\u00e9n en el Vinagre Bals\u00e1mico de M\u00f3dena elegido para el maridaje. Este \u00faltimo, sin embargo, tambi\u00e9n se caracterizar\u00e1 a nivel gustativo por su suavidad y dulzura para compensar la ligera picantez y sapidez del queso. Para enriquecer el maridaje, se elegir\u00e1 entonces un Vinagre Bals\u00e1mico de M\u00f3dena que se haya vuelto complejo por el envejecimiento y que presente una amplia gama de efluvios olfativos perceptibles sobre todo en la fase retro-olfativa y de retorno tras la degluci\u00f3n. Los distintos efluvios incluir\u00e1n los de sotobosque y especias, notas amaderadas (cedro y otras maderas arom\u00e1ticas) y tuestes dulces de cacao y caf\u00e9 redondeados por intensos aromas afrutados de ciruelas desecadas, higos, d\u00e1tiles y fruta caramelizada. El producto tendr\u00e1 que ser denso y cremoso, la estructura y el cuerpo garantizar\u00e1n una integraci\u00f3n perfecta con la talla sensorial de este Grana Padano Reserva m\u00e1s de 24 meses.  Por tanto, buscamos un Vinagre Bals\u00e1mico de M\u00f3dena Envejecido que aporte \u00abriqueza\u00bb y \u00abplenitud gustativa\u00bb y que tenga una incre\u00edble persistencia arom\u00e1tica.<br \/>\nEl Vinagre Bals\u00e1mico de M\u00f3dena que sugerimos en maridaje est\u00e1 bien identificado en el sistema Consortium Profile como 5 sellos \u00abEnvejecido\u00bb.<br \/>\n<\/strong><\/p>\n<p>&nbsp;<\/p>\n<p>[\/et_pb_text][\/et_pb_column][\/et_pb_row][\/et_pb_section]<\/p>\n","protected":false},"excerpt":{"rendered":"<p><div class=\"breadcrumb\"><a href=\"https:\/\/www.granapadano.it\/es\/\">Inicio<\/a>  <  <\/div>Grana Padano DOP \u00abReserva\u00bb m\u00e1s de 24 meses Aceto Balsamico di Modena IGPGrana Padano DOP \u00abReserva\u00bb m\u00e1s de 24 meses y Vinagre Bals\u00e1mico de M\u00f3dena IGP 5 sellos \u00abEnvejecido\u00bb\u00a0 El Grana Padano DOP \u2018Reserva m\u00e1s de 24 meses\u2019 es un producto de elevada maduraci\u00f3n que incluso puede alcanzar los 30-36 meses y m\u00e1s. No son [&hellip;]<\/p>\n","protected":false},"author":21,"featured_media":0,"parent":119066,"menu_order":352,"comment_status":"closed","ping_status":"closed","template":"","meta":{"_acf_changed":false,"_et_pb_use_builder":"on","_et_pb_old_content":"","_et_gb_content_width":"","footnotes":""},"class_list":["post-119410","page","type-page","status-publish","hentry"],"acf":[],"yoast_head":"<!-- This site is optimized with the Yoast SEO plugin v27.3 - https:\/\/yoast.com\/product\/yoast-seo-wordpress\/ -->\n<title>Grana Padano DOP \u00abReserva\u00bb m\u00e1s de 24 meses y Vinagre Bals\u00e1mico de M\u00f3dena IGP 5 sellos \u00abEnvejecido\u00bb - Grana Padano<\/title>\n<meta name=\"robots\" content=\"index, follow, max-snippet:-1, max-image-preview:large, max-video-preview:-1\" \/>\n<link rel=\"canonical\" href=\"https:\/\/www.granapadano.it\/es\/vinagre-balsamico-de-modena-igp-y-grana-padano-dop\/grana-padano-dop-reserva-mas-de-24-meses-y-vinagre-balsamico-de-modena-igp-5-sellos-envejecido\/\" \/>\n<meta property=\"og:locale\" content=\"es_ES\" \/>\n<meta property=\"og:type\" content=\"article\" \/>\n<meta property=\"og:title\" content=\"Grana Padano DOP \u00abReserva\u00bb m\u00e1s de 24 meses y Vinagre Bals\u00e1mico de M\u00f3dena IGP 5 sellos \u00abEnvejecido\u00bb - Grana Padano\" \/>\n<meta property=\"og:description\" content=\"Grana Padano DOP \u00abReserva\u00bb m\u00e1s de 24 meses Aceto Balsamico di Modena IGPGrana Padano DOP \u00abReserva\u00bb m\u00e1s de 24 meses y Vinagre Bals\u00e1mico de M\u00f3dena IGP 5 sellos \u00abEnvejecido\u00bb\u00a0 El Grana Padano DOP \u2018Reserva m\u00e1s de 24 meses\u2019 es un producto de elevada maduraci\u00f3n que incluso puede alcanzar los 30-36 meses y m\u00e1s. No son [&hellip;]\" \/>\n<meta property=\"og:url\" content=\"https:\/\/www.granapadano.it\/es\/vinagre-balsamico-de-modena-igp-y-grana-padano-dop\/grana-padano-dop-reserva-mas-de-24-meses-y-vinagre-balsamico-de-modena-igp-5-sellos-envejecido\/\" \/>\n<meta property=\"og:site_name\" content=\"Grana Padano\" \/>\n<meta property=\"article:modified_time\" content=\"2024-05-17T17:03:40+00:00\" \/>\n<meta name=\"twitter:card\" content=\"summary_large_image\" \/>\n<meta name=\"twitter:label1\" content=\"Tiempo de lectura\" \/>\n\t<meta name=\"twitter:data1\" content=\"3 minutos\" \/>\n<script type=\"application\/ld+json\" class=\"yoast-schema-graph\">{\"@context\":\"https:\\\/\\\/schema.org\",\"@graph\":[{\"@type\":\"WebPage\",\"@id\":\"https:\\\/\\\/www.granapadano.it\\\/es\\\/vinagre-balsamico-de-modena-igp-y-grana-padano-dop\\\/grana-padano-dop-reserva-mas-de-24-meses-y-vinagre-balsamico-de-modena-igp-5-sellos-envejecido\\\/\",\"url\":\"https:\\\/\\\/www.granapadano.it\\\/es\\\/vinagre-balsamico-de-modena-igp-y-grana-padano-dop\\\/grana-padano-dop-reserva-mas-de-24-meses-y-vinagre-balsamico-de-modena-igp-5-sellos-envejecido\\\/\",\"name\":\"Grana Padano DOP \u00abReserva\u00bb m\u00e1s de 24 meses y Vinagre Bals\u00e1mico de M\u00f3dena IGP 5 sellos \u00abEnvejecido\u00bb - Grana Padano\",\"isPartOf\":{\"@id\":\"https:\\\/\\\/www.granapadano.it\\\/es\\\/#website\"},\"datePublished\":\"2024-04-17T13:01:29+00:00\",\"dateModified\":\"2024-05-17T17:03:40+00:00\",\"breadcrumb\":{\"@id\":\"https:\\\/\\\/www.granapadano.it\\\/es\\\/vinagre-balsamico-de-modena-igp-y-grana-padano-dop\\\/grana-padano-dop-reserva-mas-de-24-meses-y-vinagre-balsamico-de-modena-igp-5-sellos-envejecido\\\/#breadcrumb\"},\"inLanguage\":\"es\",\"potentialAction\":[{\"@type\":\"ReadAction\",\"target\":[\"https:\\\/\\\/www.granapadano.it\\\/es\\\/vinagre-balsamico-de-modena-igp-y-grana-padano-dop\\\/grana-padano-dop-reserva-mas-de-24-meses-y-vinagre-balsamico-de-modena-igp-5-sellos-envejecido\\\/\"]}]},{\"@type\":\"BreadcrumbList\",\"@id\":\"https:\\\/\\\/www.granapadano.it\\\/es\\\/vinagre-balsamico-de-modena-igp-y-grana-padano-dop\\\/grana-padano-dop-reserva-mas-de-24-meses-y-vinagre-balsamico-de-modena-igp-5-sellos-envejecido\\\/#breadcrumb\",\"itemListElement\":[{\"@type\":\"ListItem\",\"position\":1,\"name\":\"Home\",\"item\":\"https:\\\/\\\/www.granapadano.it\\\/es\\\/\"},{\"@type\":\"ListItem\",\"position\":2,\"name\":\"Vinagre Bals\u00e1mico de M\u00f3dena IGP y Grana Padano DOP\",\"item\":\"https:\\\/\\\/www.granapadano.it\\\/es\\\/vinagre-balsamico-de-modena-igp-y-grana-padano-dop\\\/\"},{\"@type\":\"ListItem\",\"position\":3,\"name\":\"Grana Padano DOP \u00abReserva\u00bb m\u00e1s de 24 meses y Vinagre Bals\u00e1mico de M\u00f3dena IGP 5 sellos \u00abEnvejecido\u00bb\"}]},{\"@type\":\"WebSite\",\"@id\":\"https:\\\/\\\/www.granapadano.it\\\/es\\\/#website\",\"url\":\"https:\\\/\\\/www.granapadano.it\\\/es\\\/\",\"name\":\"Grana Padano\",\"description\":\"\",\"potentialAction\":[{\"@type\":\"SearchAction\",\"target\":{\"@type\":\"EntryPoint\",\"urlTemplate\":\"https:\\\/\\\/www.granapadano.it\\\/es\\\/?s={search_term_string}\"},\"query-input\":{\"@type\":\"PropertyValueSpecification\",\"valueRequired\":true,\"valueName\":\"search_term_string\"}}],\"inLanguage\":\"es\"}]}<\/script>\n<!-- \/ Yoast SEO plugin. -->","yoast_head_json":{"title":"Grana Padano DOP \u00abReserva\u00bb m\u00e1s de 24 meses y Vinagre Bals\u00e1mico de M\u00f3dena IGP 5 sellos \u00abEnvejecido\u00bb - Grana Padano","robots":{"index":"index","follow":"follow","max-snippet":"max-snippet:-1","max-image-preview":"max-image-preview:large","max-video-preview":"max-video-preview:-1"},"canonical":"https:\/\/www.granapadano.it\/es\/vinagre-balsamico-de-modena-igp-y-grana-padano-dop\/grana-padano-dop-reserva-mas-de-24-meses-y-vinagre-balsamico-de-modena-igp-5-sellos-envejecido\/","og_locale":"es_ES","og_type":"article","og_title":"Grana Padano DOP \u00abReserva\u00bb m\u00e1s de 24 meses y Vinagre Bals\u00e1mico de M\u00f3dena IGP 5 sellos \u00abEnvejecido\u00bb - Grana Padano","og_description":"Grana Padano DOP \u00abReserva\u00bb m\u00e1s de 24 meses Aceto Balsamico di Modena IGPGrana Padano DOP \u00abReserva\u00bb m\u00e1s de 24 meses y Vinagre Bals\u00e1mico de M\u00f3dena IGP 5 sellos \u00abEnvejecido\u00bb\u00a0 El Grana Padano DOP \u2018Reserva m\u00e1s de 24 meses\u2019 es un producto de elevada maduraci\u00f3n que incluso puede alcanzar los 30-36 meses y m\u00e1s. No son [&hellip;]","og_url":"https:\/\/www.granapadano.it\/es\/vinagre-balsamico-de-modena-igp-y-grana-padano-dop\/grana-padano-dop-reserva-mas-de-24-meses-y-vinagre-balsamico-de-modena-igp-5-sellos-envejecido\/","og_site_name":"Grana Padano","article_modified_time":"2024-05-17T17:03:40+00:00","twitter_card":"summary_large_image","twitter_misc":{"Tiempo de lectura":"3 minutos"},"schema":{"@context":"https:\/\/schema.org","@graph":[{"@type":"WebPage","@id":"https:\/\/www.granapadano.it\/es\/vinagre-balsamico-de-modena-igp-y-grana-padano-dop\/grana-padano-dop-reserva-mas-de-24-meses-y-vinagre-balsamico-de-modena-igp-5-sellos-envejecido\/","url":"https:\/\/www.granapadano.it\/es\/vinagre-balsamico-de-modena-igp-y-grana-padano-dop\/grana-padano-dop-reserva-mas-de-24-meses-y-vinagre-balsamico-de-modena-igp-5-sellos-envejecido\/","name":"Grana Padano DOP \u00abReserva\u00bb m\u00e1s de 24 meses y Vinagre Bals\u00e1mico de M\u00f3dena IGP 5 sellos \u00abEnvejecido\u00bb - Grana Padano","isPartOf":{"@id":"https:\/\/www.granapadano.it\/es\/#website"},"datePublished":"2024-04-17T13:01:29+00:00","dateModified":"2024-05-17T17:03:40+00:00","breadcrumb":{"@id":"https:\/\/www.granapadano.it\/es\/vinagre-balsamico-de-modena-igp-y-grana-padano-dop\/grana-padano-dop-reserva-mas-de-24-meses-y-vinagre-balsamico-de-modena-igp-5-sellos-envejecido\/#breadcrumb"},"inLanguage":"es","potentialAction":[{"@type":"ReadAction","target":["https:\/\/www.granapadano.it\/es\/vinagre-balsamico-de-modena-igp-y-grana-padano-dop\/grana-padano-dop-reserva-mas-de-24-meses-y-vinagre-balsamico-de-modena-igp-5-sellos-envejecido\/"]}]},{"@type":"BreadcrumbList","@id":"https:\/\/www.granapadano.it\/es\/vinagre-balsamico-de-modena-igp-y-grana-padano-dop\/grana-padano-dop-reserva-mas-de-24-meses-y-vinagre-balsamico-de-modena-igp-5-sellos-envejecido\/#breadcrumb","itemListElement":[{"@type":"ListItem","position":1,"name":"Home","item":"https:\/\/www.granapadano.it\/es\/"},{"@type":"ListItem","position":2,"name":"Vinagre Bals\u00e1mico de M\u00f3dena IGP y Grana Padano DOP","item":"https:\/\/www.granapadano.it\/es\/vinagre-balsamico-de-modena-igp-y-grana-padano-dop\/"},{"@type":"ListItem","position":3,"name":"Grana Padano DOP \u00abReserva\u00bb m\u00e1s de 24 meses y Vinagre Bals\u00e1mico de M\u00f3dena IGP 5 sellos \u00abEnvejecido\u00bb"}]},{"@type":"WebSite","@id":"https:\/\/www.granapadano.it\/es\/#website","url":"https:\/\/www.granapadano.it\/es\/","name":"Grana Padano","description":"","potentialAction":[{"@type":"SearchAction","target":{"@type":"EntryPoint","urlTemplate":"https:\/\/www.granapadano.it\/es\/?s={search_term_string}"},"query-input":{"@type":"PropertyValueSpecification","valueRequired":true,"valueName":"search_term_string"}}],"inLanguage":"es"}]}},"_links":{"self":[{"href":"https:\/\/www.granapadano.it\/es\/wp-json\/wp\/v2\/pages\/119410","targetHints":{"allow":["GET"]}}],"collection":[{"href":"https:\/\/www.granapadano.it\/es\/wp-json\/wp\/v2\/pages"}],"about":[{"href":"https:\/\/www.granapadano.it\/es\/wp-json\/wp\/v2\/types\/page"}],"author":[{"embeddable":true,"href":"https:\/\/www.granapadano.it\/es\/wp-json\/wp\/v2\/users\/21"}],"replies":[{"embeddable":true,"href":"https:\/\/www.granapadano.it\/es\/wp-json\/wp\/v2\/comments?post=119410"}],"version-history":[{"count":3,"href":"https:\/\/www.granapadano.it\/es\/wp-json\/wp\/v2\/pages\/119410\/revisions"}],"predecessor-version":[{"id":120145,"href":"https:\/\/www.granapadano.it\/es\/wp-json\/wp\/v2\/pages\/119410\/revisions\/120145"}],"up":[{"embeddable":true,"href":"https:\/\/www.granapadano.it\/es\/wp-json\/wp\/v2\/pages\/119066"}],"wp:attachment":[{"href":"https:\/\/www.granapadano.it\/es\/wp-json\/wp\/v2\/media?parent=119410"}],"curies":[{"name":"wp","href":"https:\/\/api.w.org\/{rel}","templated":true}]}}