{"id":119393,"date":"2024-04-17T12:48:39","date_gmt":"2024-04-17T12:48:39","guid":{"rendered":"https:\/\/www.granapadano.it\/momentos-de-consumo\/abbinamenti\/come-abbinare-laceto-balsamico-di-modena-igp-con-grana-padano\/come-abbinare-grana-padano-16-20-mesi-e-aceto-balsamico-di-modena-igp\/"},"modified":"2024-05-17T17:00:50","modified_gmt":"2024-05-17T17:00:50","slug":"grana-padano-dop-16-20-meses-y-vinagre-balsamico-de-modena-igp-4-sellos-envejecido","status":"publish","type":"page","link":"https:\/\/www.granapadano.it\/es\/vinagre-balsamico-de-modena-igp-y-grana-padano-dop\/grana-padano-dop-16-20-meses-y-vinagre-balsamico-de-modena-igp-4-sellos-envejecido\/","title":{"rendered":"Grana Padano DOP 16-20 meses y Vinagre Bals\u00e1mico de M\u00f3dena IGP 4 sellos \u00abEnvejecido\u00bb"},"content":{"rendered":"<p>[et_pb_section fb_built=\u00bb1&#8243; fullwidth=\u00bbon\u00bb _builder_version=\u00bb4.19.5&#8243; _module_preset=\u00bbdefault\u00bb global_colors_info=\u00bb{}\u00bb][et_pb_fullwidth_image src=\u00bbhttps:\/\/www.granapadano.it\/wp-content\/uploads\/2024\/04\/GP_Aceto-h.jpg\u00bb title_text=\u00bbGP_Aceto-m\u00bb src_tablet=\u00bbhttps:\/\/www.granapadano.it\/wp-content\/uploads\/2024\/04\/GP_Aceto-h.jpg\u00bb src_phone=\u00bbhttps:\/\/www.granapadano.it\/wp-content\/uploads\/2024\/04\/GP_Aceto-m.jpg\u00bb src_last_edited=\u00bbon|phone\u00bb _builder_version=\u00bb4.24.3&#8243; _module_preset=\u00bbdefault\u00bb locked=\u00bboff\u00bb global_colors_info=\u00bb{}\u00bb][\/et_pb_fullwidth_image][\/et_pb_section][et_pb_section fb_built=\u00bb1&#8243; module_class=\u00bbproduction_sub_hub_main_wrapper\u00bb _builder_version=\u00bb4.19.4&#8243; _module_preset=\u00bbdefault\u00bb custom_padding=\u00bb13px||0px|||\u00bb locked=\u00bboff\u00bb global_colors_info=\u00bb{}\u00bb][et_pb_row module_class=\u00bbrecipe_filter_section\u00bb _builder_version=\u00bb4.19.2&#8243; _module_preset=\u00bbdefault\u00bb max_width=\u00bb90%\u00bb custom_padding=\u00bb||7px|||\u00bb global_colors_info=\u00bb{}\u00bb][et_pb_column type=\u00bb4_4&#8243; _builder_version=\u00bb4.19.2&#8243; _module_preset=\u00bbdefault\u00bb global_colors_info=\u00bb{}\u00bb][et_pb_code _builder_version=\u00bb4.19.2&#8243; _module_preset=\u00bbdefault\u00bb custom_margin=\u00bb||16px|||\u00bb global_colors_info=\u00bb{}\u00bb]<div class=\"breadcrumb\"><a href=\"https:\/\/www.granapadano.it\/es\/\">Inicio<\/a>  <  <\/div>[\/et_pb_code][\/et_pb_column][\/et_pb_row][\/et_pb_section][et_pb_section fb_built=\u00bb1&#8243; module_class=\u00bbgiovani_sub_hub_title\u00bb _builder_version=\u00bb4.19.5&#8243; _module_preset=\u00bbdefault\u00bb custom_padding=\u00bb0px||35px||false|false\u00bb locked=\u00bboff\u00bb global_colors_info=\u00bb{}\u00bb][et_pb_row module_class=\u00bbgp_producion_heading_wrapper\u00bb _builder_version=\u00bb4.19.5&#8243; _module_preset=\u00bbdefault\u00bb max_width=\u00bb90%\u00bb module_alignment=\u00bbcenter\u00bb custom_padding=\u00bb||||false|false\u00bb global_colors_info=\u00bb{}\u00bb][et_pb_column type=\u00bb4_4&#8243; _builder_version=\u00bb4.19.4&#8243; _module_preset=\u00bbdefault\u00bb global_colors_info=\u00bb{}\u00bb][et_pb_text module_class=\u00bbgiovani_sub_hub_title_text\u00bb _builder_version=\u00bb4.24.3&#8243; _module_preset=\u00bbdefault\u00bb text_font=\u00bbMerriweather|700|||||||\u00bb text_text_color=\u00bb#0f0f0f\u00bb text_font_size=\u00bb80px\u00bb text_line_height=\u00bb70px\u00bb header_font=\u00bbMerriweather||||||||\u00bb header_text_color=\u00bbgcid-8696fd7e-29dd-4028-9d4d-981b208a53a9&#8243; header_font_size=\u00bb44px\u00bb header_line_height=\u00bb52px\u00bb text_orientation=\u00bbcenter\u00bb min_height=\u00bb83px\u00bb custom_margin=\u00bb||0px||false|false\u00bb custom_padding=\u00bb||0px||false|false\u00bb global_colors_info=\u00bb{%22gcid-8696fd7e-29dd-4028-9d4d-981b208a53a9%22:%91%22header_text_color%22%93}\u00bb]<\/p>\n<h1>Grana Padano DOP 16-20 meses <\/h1>\n<p>[\/et_pb_text][\/et_pb_column][\/et_pb_row][et_pb_row column_structure=\u00bb1_4,3_4&#8243; module_class=\u00bbarticle_dates\u00bb _builder_version=\u00bb4.19.4&#8243; _module_preset=\u00bbdefault\u00bb max_width=\u00bb90%\u00bb custom_padding=\u00bb2px||6px||false|false\u00bb global_colors_info=\u00bb{}\u00bb][et_pb_column type=\u00bb1_4&#8243; _builder_version=\u00bb4.19.3&#8243; _module_preset=\u00bbdefault\u00bb global_colors_info=\u00bb{}\u00bb][et_pb_text module_class=\u00bbbutton_look\u00bb _builder_version=\u00bb4.24.3&#8243; _module_preset=\u00bbdefault\u00bb text_font=\u00bbFontPadano-Bold||||||||\u00bb text_text_color=\u00bb#000000&#8243; text_font_size=\u00bb26px\u00bb background_color=\u00bbRGBA(255,255,255,0)\u00bb locked=\u00bboff\u00bb global_colors_info=\u00bb{}\u00bb]<\/p>\n<p>Aceto Balsamico di Modena IGP<\/p>\n<p>[\/et_pb_text][\/et_pb_column][et_pb_column type=\u00bb3_4&#8243; _builder_version=\u00bb4.19.4&#8243; _module_preset=\u00bbdefault\u00bb global_colors_info=\u00bb{}\u00bb][\/et_pb_column][\/et_pb_row][et_pb_row column_structure=\u00bb2_5,3_5&#8243; module_class=\u00bbarticle_sub_img_text_content \u00bb _builder_version=\u00bb4.24.3&#8243; _module_preset=\u00bbdefault\u00bb max_width=\u00bb90%\u00bb module_alignment=\u00bbcenter\u00bb min_height=\u00bb680.9px\u00bb custom_margin=\u00bb0px||0px||false|false\u00bb custom_padding=\u00bb0px||0px||false|false\u00bb global_colors_info=\u00bb{}\u00bb][et_pb_column type=\u00bb2_5&#8243; module_class=\u00bbarticle_sub_img_wrap\u00bb _builder_version=\u00bb4.20.2&#8243; _module_preset=\u00bbdefault\u00bb global_colors_info=\u00bb{}\u00bb][et_pb_image src=\u00bbhttps:\/\/www.granapadano.it\/wp-content\/uploads\/2024\/04\/gp-aceto.jpg\u00bb title_text=\u00bbgp-aceto\u00bb align=\u00bbcenter\u00bb _builder_version=\u00bb4.24.3&#8243; _module_preset=\u00bbdefault\u00bb positioning=\u00bbrelative\u00bb vertical_offset=\u00bb63px\u00bb module_alignment=\u00bbcenter\u00bb border_radii=\u00bbon|20px|20px|20px|20px\u00bb global_colors_info=\u00bb{}\u00bb][\/et_pb_image][\/et_pb_column][et_pb_column type=\u00bb3_5&#8243; module_class=\u00bbarticle_sub_text_wrap\u00bb _builder_version=\u00bb4.20.2&#8243; _module_preset=\u00bbdefault\u00bb global_colors_info=\u00bb{}\u00bb][et_pb_text _builder_version=\u00bb4.24.3&#8243; _module_preset=\u00bbdefault\u00bb text_text_color=\u00bb#0f0f0f\u00bb text_font_size=\u00bb18px\u00bb text_line_height=\u00bb26px\u00bb width=\u00bb100%\u00bb custom_margin=\u00bb||0px||false|false\u00bb hover_enabled=\u00bb0&#8243; global_colors_info=\u00bb{}\u00bb sticky_enabled=\u00bb0&#8243;]<\/p>\n<h3><strong>Grana Padano DOP 16-20 meses y Vinagre Bals\u00e1mico de M\u00f3dena IGP 4 sellos \u00abEnvejecido\u00bb<\/strong><\/h3>\n<p>El Grana Padano de 16-20 meses es un producto equilibrado que gen\u00e9ricamente puede definirse a\u00fan \u00abdelicado\u00bb, si bien empiezan a percibirse sensaciones t\u00e1ctiles y arom\u00e1ticas t\u00edpicas de productos m\u00e1s estructurados. Es un producto que agrada a todos los paladares; la intensidad de los aromas en promedio es elevada. Todav\u00eda pueden percibirse evidentes notas l\u00e1cticas que recuerdan los efluvios de la mantequilla, y tambi\u00e9n emergen notas vegetales y ligeramente tostadas. Al gusto, el producto tiene un sabor equilibrado, sin picos excesivos. Puede presentar una ligera acidez y notas s\u00e1pidas medias-bajas; el dulce se percibe en menor medida que en el tipo m\u00e1s joven. Estas caracter\u00edsticas casan electivamente con un Vinagre Bals\u00e1mico de M\u00f3dena caracterizado por notas arom\u00e1ticas especiadas, efluvios tostados, hojas de tabaco y cacao amargo, suavizadas por matices de fruta madura, compota de frutos negros y mosto cocido. <\/p>\n<p>Este maridaje recuerda a un Vinagre Bals\u00e1mico de M\u00f3dena equilibrado y complejo, donde el dulzor prevalece sobre lo agrio y la densidad de la textura confiere esfericidad al producto, ofreciendo sensaciones aterciopeladas y sugestivas capaces de acompa\u00f1ar la cata del Grana Padano 16-20 meses, combin\u00e1ndose con la granulosidad de su estructura y la presencia de escasos cristales de tirosina concentrados en la zona perif\u00e9rica, m\u00e1s pr\u00f3xima a la corteza. La combinaci\u00f3n de la viscosidad del Bals\u00e1mico con la granulosidad del Grana Padano crea as\u00ed una agradable sensaci\u00f3n de cremosa dulzura.<br \/>\nEl Vinagre Bals\u00e1mico de M\u00f3dena que sugerimos en maridaje est\u00e1 bien identificado en el sistema Consortium Profile como 4 sellos \u00abEnvejecido\u00bb.<br \/>\n<\/strong>.<\/p>\n<p>&nbsp;<\/p>\n<p>[\/et_pb_text][\/et_pb_column][\/et_pb_row][\/et_pb_section]<\/p>\n","protected":false},"excerpt":{"rendered":"<p><div class=\"breadcrumb\"><a href=\"https:\/\/www.granapadano.it\/es\/\">Inicio<\/a>  <  <\/div>Grana Padano DOP 16-20 meses Aceto Balsamico di Modena IGPGrana Padano DOP 16-20 meses y Vinagre Bals\u00e1mico de M\u00f3dena IGP 4 sellos \u00abEnvejecido\u00bb El Grana Padano de 16-20 meses es un producto equilibrado que gen\u00e9ricamente puede definirse a\u00fan \u00abdelicado\u00bb, si bien empiezan a percibirse sensaciones t\u00e1ctiles y arom\u00e1ticas t\u00edpicas de productos m\u00e1s estructurados. Es un [&hellip;]<\/p>\n","protected":false},"author":21,"featured_media":0,"parent":119066,"menu_order":347,"comment_status":"closed","ping_status":"closed","template":"","meta":{"_acf_changed":false,"_et_pb_use_builder":"on","_et_pb_old_content":"","_et_gb_content_width":"","footnotes":""},"class_list":["post-119393","page","type-page","status-publish","hentry"],"acf":[],"yoast_head":"<!-- This site is optimized with the Yoast SEO plugin v27.4 - https:\/\/yoast.com\/product\/yoast-seo-wordpress\/ -->\n<title>Grana Padano DOP 16-20 meses y Vinagre Bals\u00e1mico de M\u00f3dena IGP 4 sellos \u00abEnvejecido\u00bb - Grana Padano<\/title>\n<meta name=\"robots\" content=\"index, follow, max-snippet:-1, max-image-preview:large, max-video-preview:-1\" \/>\n<link rel=\"canonical\" href=\"https:\/\/www.granapadano.it\/es\/vinagre-balsamico-de-modena-igp-y-grana-padano-dop\/grana-padano-dop-16-20-meses-y-vinagre-balsamico-de-modena-igp-4-sellos-envejecido\/\" \/>\n<meta property=\"og:locale\" content=\"es_ES\" \/>\n<meta property=\"og:type\" content=\"article\" \/>\n<meta property=\"og:title\" content=\"Grana Padano DOP 16-20 meses y Vinagre Bals\u00e1mico de M\u00f3dena IGP 4 sellos \u00abEnvejecido\u00bb - Grana Padano\" \/>\n<meta property=\"og:description\" content=\"Grana Padano DOP 16-20 meses Aceto Balsamico di Modena IGPGrana Padano DOP 16-20 meses y Vinagre Bals\u00e1mico de M\u00f3dena IGP 4 sellos \u00abEnvejecido\u00bb El Grana Padano de 16-20 meses es un producto equilibrado que gen\u00e9ricamente puede definirse a\u00fan \u00abdelicado\u00bb, si bien empiezan a percibirse sensaciones t\u00e1ctiles y arom\u00e1ticas t\u00edpicas de productos m\u00e1s estructurados. Es un [&hellip;]\" \/>\n<meta property=\"og:url\" content=\"https:\/\/www.granapadano.it\/es\/vinagre-balsamico-de-modena-igp-y-grana-padano-dop\/grana-padano-dop-16-20-meses-y-vinagre-balsamico-de-modena-igp-4-sellos-envejecido\/\" \/>\n<meta property=\"og:site_name\" content=\"Grana Padano\" \/>\n<meta property=\"article:modified_time\" content=\"2024-05-17T17:00:50+00:00\" \/>\n<meta name=\"twitter:card\" content=\"summary_large_image\" \/>\n<meta name=\"twitter:label1\" content=\"Tiempo de lectura\" \/>\n\t<meta name=\"twitter:data1\" content=\"2 minutos\" \/>\n<script type=\"application\/ld+json\" class=\"yoast-schema-graph\">{\"@context\":\"https:\\\/\\\/schema.org\",\"@graph\":[{\"@type\":\"WebPage\",\"@id\":\"https:\\\/\\\/www.granapadano.it\\\/es\\\/vinagre-balsamico-de-modena-igp-y-grana-padano-dop\\\/grana-padano-dop-16-20-meses-y-vinagre-balsamico-de-modena-igp-4-sellos-envejecido\\\/\",\"url\":\"https:\\\/\\\/www.granapadano.it\\\/es\\\/vinagre-balsamico-de-modena-igp-y-grana-padano-dop\\\/grana-padano-dop-16-20-meses-y-vinagre-balsamico-de-modena-igp-4-sellos-envejecido\\\/\",\"name\":\"Grana Padano DOP 16-20 meses y Vinagre Bals\u00e1mico de M\u00f3dena IGP 4 sellos \u00abEnvejecido\u00bb - Grana Padano\",\"isPartOf\":{\"@id\":\"https:\\\/\\\/www.granapadano.it\\\/es\\\/#website\"},\"datePublished\":\"2024-04-17T12:48:39+00:00\",\"dateModified\":\"2024-05-17T17:00:50+00:00\",\"breadcrumb\":{\"@id\":\"https:\\\/\\\/www.granapadano.it\\\/es\\\/vinagre-balsamico-de-modena-igp-y-grana-padano-dop\\\/grana-padano-dop-16-20-meses-y-vinagre-balsamico-de-modena-igp-4-sellos-envejecido\\\/#breadcrumb\"},\"inLanguage\":\"es\",\"potentialAction\":[{\"@type\":\"ReadAction\",\"target\":[\"https:\\\/\\\/www.granapadano.it\\\/es\\\/vinagre-balsamico-de-modena-igp-y-grana-padano-dop\\\/grana-padano-dop-16-20-meses-y-vinagre-balsamico-de-modena-igp-4-sellos-envejecido\\\/\"]}]},{\"@type\":\"BreadcrumbList\",\"@id\":\"https:\\\/\\\/www.granapadano.it\\\/es\\\/vinagre-balsamico-de-modena-igp-y-grana-padano-dop\\\/grana-padano-dop-16-20-meses-y-vinagre-balsamico-de-modena-igp-4-sellos-envejecido\\\/#breadcrumb\",\"itemListElement\":[{\"@type\":\"ListItem\",\"position\":1,\"name\":\"Home\",\"item\":\"https:\\\/\\\/www.granapadano.it\\\/es\\\/\"},{\"@type\":\"ListItem\",\"position\":2,\"name\":\"Vinagre Bals\u00e1mico de M\u00f3dena IGP y Grana Padano DOP\",\"item\":\"https:\\\/\\\/www.granapadano.it\\\/es\\\/vinagre-balsamico-de-modena-igp-y-grana-padano-dop\\\/\"},{\"@type\":\"ListItem\",\"position\":3,\"name\":\"Grana Padano DOP 16-20 meses y Vinagre Bals\u00e1mico de M\u00f3dena IGP 4 sellos \u00abEnvejecido\u00bb\"}]},{\"@type\":\"WebSite\",\"@id\":\"https:\\\/\\\/www.granapadano.it\\\/es\\\/#website\",\"url\":\"https:\\\/\\\/www.granapadano.it\\\/es\\\/\",\"name\":\"Grana Padano\",\"description\":\"\",\"potentialAction\":[{\"@type\":\"SearchAction\",\"target\":{\"@type\":\"EntryPoint\",\"urlTemplate\":\"https:\\\/\\\/www.granapadano.it\\\/es\\\/?s={search_term_string}\"},\"query-input\":{\"@type\":\"PropertyValueSpecification\",\"valueRequired\":true,\"valueName\":\"search_term_string\"}}],\"inLanguage\":\"es\"}]}<\/script>\n<!-- \/ Yoast SEO plugin. -->","yoast_head_json":{"title":"Grana Padano DOP 16-20 meses y Vinagre Bals\u00e1mico de M\u00f3dena IGP 4 sellos \u00abEnvejecido\u00bb - Grana Padano","robots":{"index":"index","follow":"follow","max-snippet":"max-snippet:-1","max-image-preview":"max-image-preview:large","max-video-preview":"max-video-preview:-1"},"canonical":"https:\/\/www.granapadano.it\/es\/vinagre-balsamico-de-modena-igp-y-grana-padano-dop\/grana-padano-dop-16-20-meses-y-vinagre-balsamico-de-modena-igp-4-sellos-envejecido\/","og_locale":"es_ES","og_type":"article","og_title":"Grana Padano DOP 16-20 meses y Vinagre Bals\u00e1mico de M\u00f3dena IGP 4 sellos \u00abEnvejecido\u00bb - Grana Padano","og_description":"Grana Padano DOP 16-20 meses Aceto Balsamico di Modena IGPGrana Padano DOP 16-20 meses y Vinagre Bals\u00e1mico de M\u00f3dena IGP 4 sellos \u00abEnvejecido\u00bb El Grana Padano de 16-20 meses es un producto equilibrado que gen\u00e9ricamente puede definirse a\u00fan \u00abdelicado\u00bb, si bien empiezan a percibirse sensaciones t\u00e1ctiles y arom\u00e1ticas t\u00edpicas de productos m\u00e1s estructurados. Es un [&hellip;]","og_url":"https:\/\/www.granapadano.it\/es\/vinagre-balsamico-de-modena-igp-y-grana-padano-dop\/grana-padano-dop-16-20-meses-y-vinagre-balsamico-de-modena-igp-4-sellos-envejecido\/","og_site_name":"Grana Padano","article_modified_time":"2024-05-17T17:00:50+00:00","twitter_card":"summary_large_image","twitter_misc":{"Tiempo de lectura":"2 minutos"},"schema":{"@context":"https:\/\/schema.org","@graph":[{"@type":"WebPage","@id":"https:\/\/www.granapadano.it\/es\/vinagre-balsamico-de-modena-igp-y-grana-padano-dop\/grana-padano-dop-16-20-meses-y-vinagre-balsamico-de-modena-igp-4-sellos-envejecido\/","url":"https:\/\/www.granapadano.it\/es\/vinagre-balsamico-de-modena-igp-y-grana-padano-dop\/grana-padano-dop-16-20-meses-y-vinagre-balsamico-de-modena-igp-4-sellos-envejecido\/","name":"Grana Padano DOP 16-20 meses y Vinagre Bals\u00e1mico de M\u00f3dena IGP 4 sellos \u00abEnvejecido\u00bb - Grana Padano","isPartOf":{"@id":"https:\/\/www.granapadano.it\/es\/#website"},"datePublished":"2024-04-17T12:48:39+00:00","dateModified":"2024-05-17T17:00:50+00:00","breadcrumb":{"@id":"https:\/\/www.granapadano.it\/es\/vinagre-balsamico-de-modena-igp-y-grana-padano-dop\/grana-padano-dop-16-20-meses-y-vinagre-balsamico-de-modena-igp-4-sellos-envejecido\/#breadcrumb"},"inLanguage":"es","potentialAction":[{"@type":"ReadAction","target":["https:\/\/www.granapadano.it\/es\/vinagre-balsamico-de-modena-igp-y-grana-padano-dop\/grana-padano-dop-16-20-meses-y-vinagre-balsamico-de-modena-igp-4-sellos-envejecido\/"]}]},{"@type":"BreadcrumbList","@id":"https:\/\/www.granapadano.it\/es\/vinagre-balsamico-de-modena-igp-y-grana-padano-dop\/grana-padano-dop-16-20-meses-y-vinagre-balsamico-de-modena-igp-4-sellos-envejecido\/#breadcrumb","itemListElement":[{"@type":"ListItem","position":1,"name":"Home","item":"https:\/\/www.granapadano.it\/es\/"},{"@type":"ListItem","position":2,"name":"Vinagre Bals\u00e1mico de M\u00f3dena IGP y Grana Padano DOP","item":"https:\/\/www.granapadano.it\/es\/vinagre-balsamico-de-modena-igp-y-grana-padano-dop\/"},{"@type":"ListItem","position":3,"name":"Grana Padano DOP 16-20 meses y Vinagre Bals\u00e1mico de M\u00f3dena IGP 4 sellos \u00abEnvejecido\u00bb"}]},{"@type":"WebSite","@id":"https:\/\/www.granapadano.it\/es\/#website","url":"https:\/\/www.granapadano.it\/es\/","name":"Grana Padano","description":"","potentialAction":[{"@type":"SearchAction","target":{"@type":"EntryPoint","urlTemplate":"https:\/\/www.granapadano.it\/es\/?s={search_term_string}"},"query-input":{"@type":"PropertyValueSpecification","valueRequired":true,"valueName":"search_term_string"}}],"inLanguage":"es"}]}},"_links":{"self":[{"href":"https:\/\/www.granapadano.it\/es\/wp-json\/wp\/v2\/pages\/119393","targetHints":{"allow":["GET"]}}],"collection":[{"href":"https:\/\/www.granapadano.it\/es\/wp-json\/wp\/v2\/pages"}],"about":[{"href":"https:\/\/www.granapadano.it\/es\/wp-json\/wp\/v2\/types\/page"}],"author":[{"embeddable":true,"href":"https:\/\/www.granapadano.it\/es\/wp-json\/wp\/v2\/users\/21"}],"replies":[{"embeddable":true,"href":"https:\/\/www.granapadano.it\/es\/wp-json\/wp\/v2\/comments?post=119393"}],"version-history":[{"count":6,"href":"https:\/\/www.granapadano.it\/es\/wp-json\/wp\/v2\/pages\/119393\/revisions"}],"predecessor-version":[{"id":120140,"href":"https:\/\/www.granapadano.it\/es\/wp-json\/wp\/v2\/pages\/119393\/revisions\/120140"}],"up":[{"embeddable":true,"href":"https:\/\/www.granapadano.it\/es\/wp-json\/wp\/v2\/pages\/119066"}],"wp:attachment":[{"href":"https:\/\/www.granapadano.it\/es\/wp-json\/wp\/v2\/media?parent=119393"}],"curies":[{"name":"wp","href":"https:\/\/api.w.org\/{rel}","templated":true}]}}