{"id":119387,"date":"2024-04-17T12:35:10","date_gmt":"2024-04-17T12:35:10","guid":{"rendered":"https:\/\/www.granapadano.it\/momentos-de-consumo\/abbinamenti\/come-abbinare-laceto-balsamico-di-modena-igp-con-grana-padano\/come-abbinare-grana-padano-9-16-mesi-e-aceto-balsamico-di-modena-igp\/"},"modified":"2024-05-17T16:55:23","modified_gmt":"2024-05-17T16:55:23","slug":"grana-padano-dop-9-16-meses-y-vinagre-balsamico-de-modena-igp-4-sellos","status":"publish","type":"page","link":"https:\/\/www.granapadano.it\/es\/vinagre-balsamico-de-modena-igp-y-grana-padano-dop\/grana-padano-dop-9-16-meses-y-vinagre-balsamico-de-modena-igp-4-sellos\/","title":{"rendered":"Grana Padano DOP 9-16 meses y Vinagre Bals\u00e1mico de M\u00f3dena IGP 4 sellos"},"content":{"rendered":"<p>[et_pb_section fb_built=\u00bb1&#8243; fullwidth=\u00bbon\u00bb _builder_version=\u00bb4.19.5&#8243; _module_preset=\u00bbdefault\u00bb global_colors_info=\u00bb{}\u00bb][et_pb_fullwidth_image src=\u00bbhttps:\/\/www.granapadano.it\/wp-content\/uploads\/2024\/04\/GP_Aceto-h.jpg\u00bb title_text=\u00bbGP_Aceto-m\u00bb src_tablet=\u00bbhttps:\/\/www.granapadano.it\/wp-content\/uploads\/2024\/04\/GP_Aceto-h.jpg\u00bb src_phone=\u00bbhttps:\/\/www.granapadano.it\/wp-content\/uploads\/2024\/04\/GP_Aceto-m.jpg\u00bb src_last_edited=\u00bbon|phone\u00bb _builder_version=\u00bb4.24.3&#8243; _module_preset=\u00bbdefault\u00bb locked=\u00bboff\u00bb global_colors_info=\u00bb{}\u00bb][\/et_pb_fullwidth_image][\/et_pb_section][et_pb_section fb_built=\u00bb1&#8243; module_class=\u00bbproduction_sub_hub_main_wrapper\u00bb _builder_version=\u00bb4.19.4&#8243; _module_preset=\u00bbdefault\u00bb custom_padding=\u00bb13px||0px|||\u00bb locked=\u00bboff\u00bb global_colors_info=\u00bb{}\u00bb][et_pb_row module_class=\u00bbrecipe_filter_section\u00bb _builder_version=\u00bb4.19.2&#8243; _module_preset=\u00bbdefault\u00bb max_width=\u00bb90%\u00bb custom_padding=\u00bb||7px|||\u00bb global_colors_info=\u00bb{}\u00bb][et_pb_column type=\u00bb4_4&#8243; _builder_version=\u00bb4.19.2&#8243; _module_preset=\u00bbdefault\u00bb global_colors_info=\u00bb{}\u00bb][et_pb_code _builder_version=\u00bb4.19.2&#8243; _module_preset=\u00bbdefault\u00bb custom_margin=\u00bb||16px|||\u00bb global_colors_info=\u00bb{}\u00bb]<div class=\"breadcrumb\"><a href=\"https:\/\/www.granapadano.it\/es\/\">Inicio<\/a>  <  <\/div>[\/et_pb_code][\/et_pb_column][\/et_pb_row][\/et_pb_section][et_pb_section fb_built=\u00bb1&#8243; module_class=\u00bbgiovani_sub_hub_title\u00bb _builder_version=\u00bb4.19.5&#8243; _module_preset=\u00bbdefault\u00bb custom_padding=\u00bb0px||35px||false|false\u00bb locked=\u00bboff\u00bb global_colors_info=\u00bb{}\u00bb][et_pb_row module_class=\u00bbgp_producion_heading_wrapper\u00bb _builder_version=\u00bb4.19.5&#8243; _module_preset=\u00bbdefault\u00bb max_width=\u00bb90%\u00bb module_alignment=\u00bbcenter\u00bb custom_padding=\u00bb||||false|false\u00bb global_colors_info=\u00bb{}\u00bb][et_pb_column type=\u00bb4_4&#8243; _builder_version=\u00bb4.19.4&#8243; _module_preset=\u00bbdefault\u00bb global_colors_info=\u00bb{}\u00bb][et_pb_text module_class=\u00bbgiovani_sub_hub_title_text\u00bb _builder_version=\u00bb4.24.3&#8243; _module_preset=\u00bbdefault\u00bb text_font=\u00bbMerriweather|700|||||||\u00bb text_text_color=\u00bb#0f0f0f\u00bb text_font_size=\u00bb80px\u00bb text_line_height=\u00bb70px\u00bb header_font=\u00bbMerriweather||||||||\u00bb header_text_color=\u00bbgcid-8696fd7e-29dd-4028-9d4d-981b208a53a9&#8243; header_font_size=\u00bb44px\u00bb header_line_height=\u00bb52px\u00bb text_orientation=\u00bbcenter\u00bb min_height=\u00bb83px\u00bb custom_margin=\u00bb||0px||false|false\u00bb custom_padding=\u00bb||0px||false|false\u00bb global_colors_info=\u00bb{%22gcid-8696fd7e-29dd-4028-9d4d-981b208a53a9%22:%91%22header_text_color%22%93}\u00bb]<\/p>\n<h1>Grana Padano DOP 9-16 meses<\/h1>\n<p>[\/et_pb_text][\/et_pb_column][\/et_pb_row][et_pb_row column_structure=\u00bb1_4,3_4&#8243; module_class=\u00bbarticle_dates\u00bb _builder_version=\u00bb4.19.4&#8243; _module_preset=\u00bbdefault\u00bb max_width=\u00bb90%\u00bb custom_padding=\u00bb2px||6px||false|false\u00bb global_colors_info=\u00bb{}\u00bb][et_pb_column type=\u00bb1_4&#8243; _builder_version=\u00bb4.19.3&#8243; _module_preset=\u00bbdefault\u00bb global_colors_info=\u00bb{}\u00bb][et_pb_text module_class=\u00bbbutton_look\u00bb _builder_version=\u00bb4.24.3&#8243; _module_preset=\u00bbdefault\u00bb text_font=\u00bbFontPadano-Bold||||||||\u00bb text_text_color=\u00bb#000000&#8243; text_font_size=\u00bb26px\u00bb background_color=\u00bbRGBA(255,255,255,0)\u00bb locked=\u00bboff\u00bb global_colors_info=\u00bb{}\u00bb]<\/p>\n<p>Aceto Balsamico di Modena IGP<\/p>\n<p>[\/et_pb_text][\/et_pb_column][et_pb_column type=\u00bb3_4&#8243; _builder_version=\u00bb4.19.4&#8243; _module_preset=\u00bbdefault\u00bb global_colors_info=\u00bb{}\u00bb][\/et_pb_column][\/et_pb_row][et_pb_row column_structure=\u00bb2_5,3_5&#8243; module_class=\u00bbarticle_sub_img_text_content \u00bb _builder_version=\u00bb4.24.3&#8243; _module_preset=\u00bbdefault\u00bb max_width=\u00bb90%\u00bb module_alignment=\u00bbcenter\u00bb min_height=\u00bb591.9px\u00bb custom_margin=\u00bb0px||0px||false|false\u00bb custom_padding=\u00bb0px||0px||false|false\u00bb global_colors_info=\u00bb{}\u00bb][et_pb_column type=\u00bb2_5&#8243; module_class=\u00bbarticle_sub_img_wrap\u00bb _builder_version=\u00bb4.20.2&#8243; _module_preset=\u00bbdefault\u00bb global_colors_info=\u00bb{}\u00bb][et_pb_image src=\u00bbhttps:\/\/www.granapadano.it\/wp-content\/uploads\/2024\/04\/grana-e-aceto-thumb.png\u00bb title_text=\u00bbgrana-e-aceto-thumb\u00bb align=\u00bbcenter\u00bb _builder_version=\u00bb4.24.3&#8243; _module_preset=\u00bbdefault\u00bb positioning=\u00bbrelative\u00bb vertical_offset=\u00bb63px\u00bb module_alignment=\u00bbcenter\u00bb border_radii=\u00bbon|20px|20px|20px|20px\u00bb global_colors_info=\u00bb{}\u00bb][\/et_pb_image][\/et_pb_column][et_pb_column type=\u00bb3_5&#8243; module_class=\u00bbarticle_sub_text_wrap\u00bb _builder_version=\u00bb4.20.2&#8243; _module_preset=\u00bbdefault\u00bb global_colors_info=\u00bb{}\u00bb][et_pb_text _builder_version=\u00bb4.24.3&#8243; _module_preset=\u00bbdefault\u00bb text_text_color=\u00bb#0f0f0f\u00bb text_font_size=\u00bb18px\u00bb text_line_height=\u00bb26px\u00bb width=\u00bb100%\u00bb custom_margin=\u00bb||0px||false|false\u00bb hover_enabled=\u00bb0&#8243; global_colors_info=\u00bb{}\u00bb sticky_enabled=\u00bb0&#8243;]<\/p>\n<h3><strong>Grana Padano DOP 9-16 meses y Vinagre Bals\u00e1mico de M\u00f3dena IGP 4 sellos<\/strong><\/h3>\n<p>El Grana Padano de 9-16 meses es todav\u00eda un producto relativamente joven, en el que a la cata se encuentran notas de leche cocida, mantequilla cocida, nata cocida, acompa\u00f1adas de ligeras notas vegetales de heno. Al gusto se presenta siempre equilibrado: en general predominan las notas l\u00e1cticas dulces, que hallan un deleitoso equilibrio al maridarlo con este Vinagre Bals\u00e1mico de M\u00f3dena, que tiene una agradable esfericidad en boca, un cuerpo medio y una estructura no excesivamente compleja; las notas de mosto cocido resaltan la dulzura y suavidad del producto, que se adapta muy bien a la estructura de este Grana Padano, regalando una deliciosa uni\u00f3n gustativa. <\/p>\n<p>El maridaje resulta especialmente interesante en la evaluaci\u00f3n t\u00e1ctil y retro-olfativa tras la degluci\u00f3n de los productos. Los efluvios olfativos que emergen son persistentes, las notas de especias dulces prevalecen sobre las afrutadas, mientras que agradables efluvios de tueste y madera arom\u00e1tica acompa\u00f1an el cierre.<br \/>\nEn conjunto, el maridaje resulta eficaz y agradable, joven y vivaz como las excelencias que lo hacen posible, ideal para un aperitivo con los amigos o un tentempi\u00e9 repleto de sabor.<br \/>\nEl Vinagre Bals\u00e1mico de M\u00f3dena que sugerimos en maridaje est\u00e1 bien representado en el sistema Consortium Profile con 4 sellos.<br \/>\n<\/strong><\/p>\n<p>&nbsp;<\/p>\n<p>[\/et_pb_text][\/et_pb_column][\/et_pb_row][\/et_pb_section]<\/p>\n","protected":false},"excerpt":{"rendered":"<p><div class=\"breadcrumb\"><a href=\"https:\/\/www.granapadano.it\/es\/\">Inicio<\/a>  <  <\/div>Grana Padano DOP 9-16 mesesAceto Balsamico di Modena IGPGrana Padano DOP 9-16 meses y Vinagre Bals\u00e1mico de M\u00f3dena IGP 4 sellos El Grana Padano de 9-16 meses es todav\u00eda un producto relativamente joven, en el que a la cata se encuentran notas de leche cocida, mantequilla cocida, nata cocida, acompa\u00f1adas de ligeras notas vegetales de [&hellip;]<\/p>\n","protected":false},"author":21,"featured_media":0,"parent":119066,"menu_order":312,"comment_status":"closed","ping_status":"closed","template":"","meta":{"_acf_changed":false,"_et_pb_use_builder":"on","_et_pb_old_content":"","_et_gb_content_width":"","footnotes":""},"class_list":["post-119387","page","type-page","status-publish","hentry"],"acf":[],"yoast_head":"<!-- This site is optimized with the Yoast SEO plugin v27.4 - https:\/\/yoast.com\/product\/yoast-seo-wordpress\/ -->\n<title>Grana Padano DOP 9-16 meses y Vinagre Bals\u00e1mico de M\u00f3dena IGP 4 sellos - Grana Padano<\/title>\n<meta name=\"robots\" content=\"index, follow, max-snippet:-1, max-image-preview:large, max-video-preview:-1\" \/>\n<link rel=\"canonical\" href=\"https:\/\/www.granapadano.it\/es\/vinagre-balsamico-de-modena-igp-y-grana-padano-dop\/grana-padano-dop-9-16-meses-y-vinagre-balsamico-de-modena-igp-4-sellos\/\" \/>\n<meta property=\"og:locale\" content=\"es_ES\" \/>\n<meta property=\"og:type\" content=\"article\" \/>\n<meta property=\"og:title\" content=\"Grana Padano DOP 9-16 meses y Vinagre Bals\u00e1mico de M\u00f3dena IGP 4 sellos - Grana Padano\" \/>\n<meta property=\"og:description\" content=\"Grana Padano DOP 9-16 mesesAceto Balsamico di Modena IGPGrana Padano DOP 9-16 meses y Vinagre Bals\u00e1mico de M\u00f3dena IGP 4 sellos El Grana Padano de 9-16 meses es todav\u00eda un producto relativamente joven, en el que a la cata se encuentran notas de leche cocida, mantequilla cocida, nata cocida, acompa\u00f1adas de ligeras notas vegetales de [&hellip;]\" \/>\n<meta property=\"og:url\" content=\"https:\/\/www.granapadano.it\/es\/vinagre-balsamico-de-modena-igp-y-grana-padano-dop\/grana-padano-dop-9-16-meses-y-vinagre-balsamico-de-modena-igp-4-sellos\/\" \/>\n<meta property=\"og:site_name\" content=\"Grana Padano\" \/>\n<meta property=\"article:modified_time\" content=\"2024-05-17T16:55:23+00:00\" \/>\n<meta name=\"twitter:card\" content=\"summary_large_image\" \/>\n<meta name=\"twitter:label1\" content=\"Tiempo de lectura\" \/>\n\t<meta name=\"twitter:data1\" content=\"2 minutos\" \/>\n<script type=\"application\/ld+json\" class=\"yoast-schema-graph\">{\"@context\":\"https:\\\/\\\/schema.org\",\"@graph\":[{\"@type\":\"WebPage\",\"@id\":\"https:\\\/\\\/www.granapadano.it\\\/es\\\/vinagre-balsamico-de-modena-igp-y-grana-padano-dop\\\/grana-padano-dop-9-16-meses-y-vinagre-balsamico-de-modena-igp-4-sellos\\\/\",\"url\":\"https:\\\/\\\/www.granapadano.it\\\/es\\\/vinagre-balsamico-de-modena-igp-y-grana-padano-dop\\\/grana-padano-dop-9-16-meses-y-vinagre-balsamico-de-modena-igp-4-sellos\\\/\",\"name\":\"Grana Padano DOP 9-16 meses y Vinagre Bals\u00e1mico de M\u00f3dena IGP 4 sellos - Grana Padano\",\"isPartOf\":{\"@id\":\"https:\\\/\\\/www.granapadano.it\\\/es\\\/#website\"},\"datePublished\":\"2024-04-17T12:35:10+00:00\",\"dateModified\":\"2024-05-17T16:55:23+00:00\",\"breadcrumb\":{\"@id\":\"https:\\\/\\\/www.granapadano.it\\\/es\\\/vinagre-balsamico-de-modena-igp-y-grana-padano-dop\\\/grana-padano-dop-9-16-meses-y-vinagre-balsamico-de-modena-igp-4-sellos\\\/#breadcrumb\"},\"inLanguage\":\"es\",\"potentialAction\":[{\"@type\":\"ReadAction\",\"target\":[\"https:\\\/\\\/www.granapadano.it\\\/es\\\/vinagre-balsamico-de-modena-igp-y-grana-padano-dop\\\/grana-padano-dop-9-16-meses-y-vinagre-balsamico-de-modena-igp-4-sellos\\\/\"]}]},{\"@type\":\"BreadcrumbList\",\"@id\":\"https:\\\/\\\/www.granapadano.it\\\/es\\\/vinagre-balsamico-de-modena-igp-y-grana-padano-dop\\\/grana-padano-dop-9-16-meses-y-vinagre-balsamico-de-modena-igp-4-sellos\\\/#breadcrumb\",\"itemListElement\":[{\"@type\":\"ListItem\",\"position\":1,\"name\":\"Home\",\"item\":\"https:\\\/\\\/www.granapadano.it\\\/es\\\/\"},{\"@type\":\"ListItem\",\"position\":2,\"name\":\"Vinagre Bals\u00e1mico de M\u00f3dena IGP y Grana Padano DOP\",\"item\":\"https:\\\/\\\/www.granapadano.it\\\/es\\\/vinagre-balsamico-de-modena-igp-y-grana-padano-dop\\\/\"},{\"@type\":\"ListItem\",\"position\":3,\"name\":\"Grana Padano DOP 9-16 meses y Vinagre Bals\u00e1mico de M\u00f3dena IGP 4 sellos\"}]},{\"@type\":\"WebSite\",\"@id\":\"https:\\\/\\\/www.granapadano.it\\\/es\\\/#website\",\"url\":\"https:\\\/\\\/www.granapadano.it\\\/es\\\/\",\"name\":\"Grana Padano\",\"description\":\"\",\"potentialAction\":[{\"@type\":\"SearchAction\",\"target\":{\"@type\":\"EntryPoint\",\"urlTemplate\":\"https:\\\/\\\/www.granapadano.it\\\/es\\\/?s={search_term_string}\"},\"query-input\":{\"@type\":\"PropertyValueSpecification\",\"valueRequired\":true,\"valueName\":\"search_term_string\"}}],\"inLanguage\":\"es\"}]}<\/script>\n<!-- \/ Yoast SEO plugin. -->","yoast_head_json":{"title":"Grana Padano DOP 9-16 meses y Vinagre Bals\u00e1mico de M\u00f3dena IGP 4 sellos - Grana Padano","robots":{"index":"index","follow":"follow","max-snippet":"max-snippet:-1","max-image-preview":"max-image-preview:large","max-video-preview":"max-video-preview:-1"},"canonical":"https:\/\/www.granapadano.it\/es\/vinagre-balsamico-de-modena-igp-y-grana-padano-dop\/grana-padano-dop-9-16-meses-y-vinagre-balsamico-de-modena-igp-4-sellos\/","og_locale":"es_ES","og_type":"article","og_title":"Grana Padano DOP 9-16 meses y Vinagre Bals\u00e1mico de M\u00f3dena IGP 4 sellos - Grana Padano","og_description":"Grana Padano DOP 9-16 mesesAceto Balsamico di Modena IGPGrana Padano DOP 9-16 meses y Vinagre Bals\u00e1mico de M\u00f3dena IGP 4 sellos El Grana Padano de 9-16 meses es todav\u00eda un producto relativamente joven, en el que a la cata se encuentran notas de leche cocida, mantequilla cocida, nata cocida, acompa\u00f1adas de ligeras notas vegetales de [&hellip;]","og_url":"https:\/\/www.granapadano.it\/es\/vinagre-balsamico-de-modena-igp-y-grana-padano-dop\/grana-padano-dop-9-16-meses-y-vinagre-balsamico-de-modena-igp-4-sellos\/","og_site_name":"Grana Padano","article_modified_time":"2024-05-17T16:55:23+00:00","twitter_card":"summary_large_image","twitter_misc":{"Tiempo de lectura":"2 minutos"},"schema":{"@context":"https:\/\/schema.org","@graph":[{"@type":"WebPage","@id":"https:\/\/www.granapadano.it\/es\/vinagre-balsamico-de-modena-igp-y-grana-padano-dop\/grana-padano-dop-9-16-meses-y-vinagre-balsamico-de-modena-igp-4-sellos\/","url":"https:\/\/www.granapadano.it\/es\/vinagre-balsamico-de-modena-igp-y-grana-padano-dop\/grana-padano-dop-9-16-meses-y-vinagre-balsamico-de-modena-igp-4-sellos\/","name":"Grana Padano DOP 9-16 meses y Vinagre Bals\u00e1mico de M\u00f3dena IGP 4 sellos - Grana Padano","isPartOf":{"@id":"https:\/\/www.granapadano.it\/es\/#website"},"datePublished":"2024-04-17T12:35:10+00:00","dateModified":"2024-05-17T16:55:23+00:00","breadcrumb":{"@id":"https:\/\/www.granapadano.it\/es\/vinagre-balsamico-de-modena-igp-y-grana-padano-dop\/grana-padano-dop-9-16-meses-y-vinagre-balsamico-de-modena-igp-4-sellos\/#breadcrumb"},"inLanguage":"es","potentialAction":[{"@type":"ReadAction","target":["https:\/\/www.granapadano.it\/es\/vinagre-balsamico-de-modena-igp-y-grana-padano-dop\/grana-padano-dop-9-16-meses-y-vinagre-balsamico-de-modena-igp-4-sellos\/"]}]},{"@type":"BreadcrumbList","@id":"https:\/\/www.granapadano.it\/es\/vinagre-balsamico-de-modena-igp-y-grana-padano-dop\/grana-padano-dop-9-16-meses-y-vinagre-balsamico-de-modena-igp-4-sellos\/#breadcrumb","itemListElement":[{"@type":"ListItem","position":1,"name":"Home","item":"https:\/\/www.granapadano.it\/es\/"},{"@type":"ListItem","position":2,"name":"Vinagre Bals\u00e1mico de M\u00f3dena IGP y Grana Padano DOP","item":"https:\/\/www.granapadano.it\/es\/vinagre-balsamico-de-modena-igp-y-grana-padano-dop\/"},{"@type":"ListItem","position":3,"name":"Grana Padano DOP 9-16 meses y Vinagre Bals\u00e1mico de M\u00f3dena IGP 4 sellos"}]},{"@type":"WebSite","@id":"https:\/\/www.granapadano.it\/es\/#website","url":"https:\/\/www.granapadano.it\/es\/","name":"Grana Padano","description":"","potentialAction":[{"@type":"SearchAction","target":{"@type":"EntryPoint","urlTemplate":"https:\/\/www.granapadano.it\/es\/?s={search_term_string}"},"query-input":{"@type":"PropertyValueSpecification","valueRequired":true,"valueName":"search_term_string"}}],"inLanguage":"es"}]}},"_links":{"self":[{"href":"https:\/\/www.granapadano.it\/es\/wp-json\/wp\/v2\/pages\/119387","targetHints":{"allow":["GET"]}}],"collection":[{"href":"https:\/\/www.granapadano.it\/es\/wp-json\/wp\/v2\/pages"}],"about":[{"href":"https:\/\/www.granapadano.it\/es\/wp-json\/wp\/v2\/types\/page"}],"author":[{"embeddable":true,"href":"https:\/\/www.granapadano.it\/es\/wp-json\/wp\/v2\/users\/21"}],"replies":[{"embeddable":true,"href":"https:\/\/www.granapadano.it\/es\/wp-json\/wp\/v2\/comments?post=119387"}],"version-history":[{"count":3,"href":"https:\/\/www.granapadano.it\/es\/wp-json\/wp\/v2\/pages\/119387\/revisions"}],"predecessor-version":[{"id":120135,"href":"https:\/\/www.granapadano.it\/es\/wp-json\/wp\/v2\/pages\/119387\/revisions\/120135"}],"up":[{"embeddable":true,"href":"https:\/\/www.granapadano.it\/es\/wp-json\/wp\/v2\/pages\/119066"}],"wp:attachment":[{"href":"https:\/\/www.granapadano.it\/es\/wp-json\/wp\/v2\/media?parent=119387"}],"curies":[{"name":"wp","href":"https:\/\/api.w.org\/{rel}","templated":true}]}}