{"id":119158,"date":"2024-04-16T12:53:43","date_gmt":"2024-04-16T12:53:43","guid":{"rendered":"https:\/\/www.granapadano.it\/momentos-de-consumo\/abbinamenti\/con-quale-cioccolato-abbinare-grana-padano\/come-abbinare-grana-padano-16-20-mesi-e-il-cioccolato\/"},"modified":"2024-07-04T16:19:31","modified_gmt":"2024-07-04T16:19:31","slug":"grana-padano-dop-16-20-meses-y-chocolate","status":"publish","type":"page","link":"https:\/\/www.granapadano.it\/es\/momentos-de-consumo\/con-que-chocolate-maridar-grana-padano\/grana-padano-dop-16-20-meses-y-chocolate\/","title":{"rendered":"Grana Padano DOP 16-20 meses y chocolate"},"content":{"rendered":"<p>[et_pb_section fb_built=\u00bb1&#8243; fullwidth=\u00bbon\u00bb _builder_version=\u00bb4.19.5&#8243; _module_preset=\u00bbdefault\u00bb global_colors_info=\u00bb{}\u00bb][et_pb_fullwidth_image src=\u00bbhttps:\/\/www.granapadano.it\/wp-content\/uploads\/2024\/04\/Grana-Padano-e-Cioccolato-h.jpg\u00bb title_text=\u00bbGrana-Padano-e-Cioccolato-m\u00bb src_tablet=\u00bbhttps:\/\/www.granapadano.it\/wp-content\/uploads\/2024\/04\/Grana-Padano-e-Cioccolato-h.jpg\u00bb src_phone=\u00bbhttps:\/\/www.granapadano.it\/wp-content\/uploads\/2024\/04\/Grana-Padano-e-Cioccolato-m.jpg\u00bb src_last_edited=\u00bbon|phone\u00bb _builder_version=\u00bb4.24.3&#8243; _module_preset=\u00bbdefault\u00bb locked=\u00bboff\u00bb global_colors_info=\u00bb{}\u00bb][\/et_pb_fullwidth_image][\/et_pb_section][et_pb_section fb_built=\u00bb1&#8243; module_class=\u00bbproduction_sub_hub_main_wrapper\u00bb _builder_version=\u00bb4.19.4&#8243; _module_preset=\u00bbdefault\u00bb custom_padding=\u00bb13px||0px|||\u00bb locked=\u00bboff\u00bb global_colors_info=\u00bb{}\u00bb][et_pb_row module_class=\u00bbrecipe_filter_section\u00bb _builder_version=\u00bb4.19.2&#8243; _module_preset=\u00bbdefault\u00bb max_width=\u00bb90%\u00bb custom_padding=\u00bb||7px|||\u00bb global_colors_info=\u00bb{}\u00bb][et_pb_column type=\u00bb4_4&#8243; _builder_version=\u00bb4.19.2&#8243; _module_preset=\u00bbdefault\u00bb global_colors_info=\u00bb{}\u00bb][et_pb_code _builder_version=\u00bb4.19.2&#8243; _module_preset=\u00bbdefault\u00bb custom_margin=\u00bb||16px|||\u00bb global_colors_info=\u00bb{}\u00bb]<div class=\"breadcrumb\"><a href=\"https:\/\/www.granapadano.it\/es\/\">Inicio<\/a>  <  <\/div>[\/et_pb_code][\/et_pb_column][\/et_pb_row][\/et_pb_section][et_pb_section fb_built=\u00bb1&#8243; module_class=\u00bbgiovani_sub_hub_title\u00bb _builder_version=\u00bb4.19.5&#8243; _module_preset=\u00bbdefault\u00bb custom_padding=\u00bb0px||35px||false|false\u00bb locked=\u00bboff\u00bb global_colors_info=\u00bb{}\u00bb][et_pb_row module_class=\u00bbgp_producion_heading_wrapper\u00bb _builder_version=\u00bb4.19.5&#8243; _module_preset=\u00bbdefault\u00bb max_width=\u00bb90%\u00bb module_alignment=\u00bbcenter\u00bb custom_padding=\u00bb||||false|false\u00bb global_colors_info=\u00bb{}\u00bb][et_pb_column type=\u00bb4_4&#8243; _builder_version=\u00bb4.19.4&#8243; _module_preset=\u00bbdefault\u00bb global_colors_info=\u00bb{}\u00bb][et_pb_text module_class=\u00bbgiovani_sub_hub_title_text\u00bb _builder_version=\u00bb4.24.3&#8243; _module_preset=\u00bbdefault\u00bb text_font=\u00bbMerriweather|700|||||||\u00bb text_text_color=\u00bb#0f0f0f\u00bb text_font_size=\u00bb80px\u00bb text_line_height=\u00bb70px\u00bb header_font=\u00bbMerriweather||||||||\u00bb header_text_color=\u00bbgcid-8696fd7e-29dd-4028-9d4d-981b208a53a9&#8243; header_font_size=\u00bb44px\u00bb header_line_height=\u00bb52px\u00bb text_orientation=\u00bbcenter\u00bb min_height=\u00bb83px\u00bb custom_margin=\u00bb||0px||false|false\u00bb custom_padding=\u00bb||0px||false|false\u00bb hover_enabled=\u00bb0&#8243; global_colors_info=\u00bb{%22gcid-8696fd7e-29dd-4028-9d4d-981b208a53a9%22:%91%22header_text_color%22%93}\u00bb sticky_enabled=\u00bb0&#8243;]<\/p>\n<h1>Grana Padano DOP 16-20 meses<\/h1>\n<p>[\/et_pb_text][\/et_pb_column][\/et_pb_row][et_pb_row column_structure=\u00bb1_4,3_4&#8243; module_class=\u00bbarticle_dates\u00bb _builder_version=\u00bb4.19.4&#8243; _module_preset=\u00bbdefault\u00bb max_width=\u00bb90%\u00bb custom_padding=\u00bb2px||6px||false|false\u00bb global_colors_info=\u00bb{}\u00bb][et_pb_column type=\u00bb1_4&#8243; _builder_version=\u00bb4.19.3&#8243; _module_preset=\u00bbdefault\u00bb global_colors_info=\u00bb{}\u00bb][et_pb_text module_class=\u00bbbutton_look\u00bb _builder_version=\u00bb4.24.3&#8243; _module_preset=\u00bbdefault\u00bb text_font=\u00bbFontPadano-Bold||||||||\u00bb text_text_color=\u00bb#000000&#8243; text_font_size=\u00bb26px\u00bb background_color=\u00bbRGBA(255,255,255,0)\u00bb locked=\u00bboff\u00bb global_colors_info=\u00bb{}\u00bb]<\/p>\n<p>Cacao<\/p>\n<p>[\/et_pb_text][\/et_pb_column][et_pb_column type=\u00bb3_4&#8243; _builder_version=\u00bb4.19.4&#8243; _module_preset=\u00bbdefault\u00bb global_colors_info=\u00bb{}\u00bb][\/et_pb_column][\/et_pb_row][et_pb_row column_structure=\u00bb2_5,3_5&#8243; module_class=\u00bbarticle_sub_img_text_content \u00bb _builder_version=\u00bb4.24.3&#8243; _module_preset=\u00bbdefault\u00bb max_width=\u00bb90%\u00bb module_alignment=\u00bbcenter\u00bb min_height=\u00bb902.9px\u00bb custom_margin=\u00bb0px||0px||false|false\u00bb custom_padding=\u00bb0px||0px||false|false\u00bb global_colors_info=\u00bb{}\u00bb][et_pb_column type=\u00bb2_5&#8243; module_class=\u00bbarticle_sub_img_wrap\u00bb _builder_version=\u00bb4.20.2&#8243; _module_preset=\u00bbdefault\u00bb global_colors_info=\u00bb{}\u00bb][et_pb_image src=\u00bbhttps:\/\/www.granapadano.it\/wp-content\/uploads\/2024\/04\/GP-CIOCCOLATO-ARANCIA-16-20.jpg\u00bb title_text=\u00bbGP-CIOCCOLATO-ARANCIA-16-20&#8243; align=\u00bbcenter\u00bb _builder_version=\u00bb4.24.3&#8243; _module_preset=\u00bbdefault\u00bb positioning=\u00bbrelative\u00bb vertical_offset=\u00bb63px\u00bb module_alignment=\u00bbcenter\u00bb border_radii=\u00bbon|20px|20px|20px|20px\u00bb global_colors_info=\u00bb{}\u00bb][\/et_pb_image][\/et_pb_column][et_pb_column type=\u00bb3_5&#8243; module_class=\u00bbarticle_sub_text_wrap\u00bb _builder_version=\u00bb4.20.2&#8243; _module_preset=\u00bbdefault\u00bb global_colors_info=\u00bb{}\u00bb][et_pb_text _builder_version=\u00bb4.24.3&#8243; _module_preset=\u00bbdefault\u00bb text_text_color=\u00bb#0f0f0f\u00bb text_font_size=\u00bb18px\u00bb text_line_height=\u00bb26px\u00bb width=\u00bb100%\u00bb custom_margin=\u00bb||0px||false|false\u00bb hover_enabled=\u00bb0&#8243; global_colors_info=\u00bb{}\u00bb sticky_enabled=\u00bb0&#8243;]<\/p>\n<h3>Grana Padano DOP 16-20 meses y Chocolate de Modica IGP (50 %) con c\u00e1scara de naranja<\/h3>\n<\/p>\n<p>La producci\u00f3n del chocolate de Modica se basa en una receta singular con ingredientes b\u00e1sicos como la pasta de cacao amargo y los cristales de az\u00facar que le dan su t\u00edpica y f\u00e1cilmente reconocible consistencia granulada.<br \/>\nGracias a su inesperada friabilidad, el chocolate de Modica ofrece agradables sensaciones al masticarlo: su estructura \u00abtosca\u00bb y no homog\u00e9nea hace que las notas ligeramente amargas y tostadas que aporta el cacao se alternen en la boca con las notas dulces que desprenden lentamente de los cristales de az\u00facar.<\/p>\n<p>En esta ocasi\u00f3n, hemos querido acompa\u00f1ar el Grana Padano DOP 16-20 meses con chocolate de Modica aromatizado con trocitos de c\u00e1scara de naranja confitada. Este ingrediente, caracterizado por notas arom\u00e1ticas frescas c\u00edtricas, frutos secos y ex\u00f3ticos, junto con el cacao y el az\u00facar, no s\u00f3lo es capaz de mantener las caracter\u00edsticas del Grana Padano DOP 16-20 meses, sino que realza los aromas m\u00e1s delicados de mantequilla y leche cocida.<br \/>\nEl maridaje tambi\u00e9n es muy acertado desde el punto de vista estructural, de hecho la granulosidad \u2013a\u00fan no elevada\u2013 de la lasca de Grana Padano DOP de 16-20 meses cobra vida en un juego alternante con los cristales de az\u00facar: en este caso, el queso constituye el componente \u00abblando\u00bb, que contrasta con la estructura \u00abimportante\u00bb del chocolate.<br \/>\nEn conclusi\u00f3n, se trata de un maridaje en el que la frescura c\u00edtrica de la fruta confitada acompa\u00f1a y respalda las notas m\u00e1s decididas del Grana Padano DOP; ninguno de los dos productos sale perdiendo, al contrario, m\u00e1s bien se potencian mutuamente.<\/p>\n<p><strong>Curiosidades:<\/strong><\/p>\n<ul>\n<li>Seg\u00fan el porcentaje de cacao utilizado, el chocolate de Modica se define:<br \/>\n&#8211;\tChocolate de Modica negro (desde un m\u00ednimo del 50% hasta el 75%)<br \/>\n&#8211;\tChocolate de Modica extra negro (entre el 75% y el 85%)<br \/>\n&#8211;\tChocolate de Modica extra amargo (entre el 85% y el 95%)<br \/>\n&#8211;\tChocolate de Modica puro con porcentaje de cacao superior al 95%<\/li>\n<li>La primera versi\u00f3n del chocolate que m\u00e1s tarde se llamar\u00eda chocolate \u00abde Modica\u00bb se realiz\u00f3 en 1519 gracias a los espa\u00f1oles que importaron las primeras habas de cacao a Sicilia. En aquella ocasi\u00f3n, los espa\u00f1oles introdujeron en el que entonces se llamaba \u00abCondado de Modica\u00bb las antiguas costumbres aztecas de elaboraci\u00f3n del cacao. En 1880, Francesco Bonajuto, siguiendo el antiguo m\u00e9todo de elaboraci\u00f3n, abri\u00f3 la primera confiter\u00eda especializada en la producci\u00f3n del chocolate de Modica.<\/li>\n<li>El chocolate de Modica se sigue elaborando hoy en d\u00eda con la antigua t\u00e9cnica azteca, mediante un proceso en fr\u00edo sin la fase de \u00abconchado\u00bb: la masa de cacao se procesa a \u00abbaja temperatura\u00bb (entre 35 \u00b0C y 45 \u00b0C) con la adici\u00f3n de az\u00facar granulado que, al no poder derretirse, es responsable de la caracter\u00edstica \u00abaspereza\u00bb en la boca.<\/li>\n<\/ul>\n<p>[\/et_pb_text][\/et_pb_column][\/et_pb_row][et_pb_row column_structure=\u00bb2_5,3_5&#8243; module_class=\u00bbarticle_sub_img_text_content_left\u00bb _builder_version=\u00bb4.24.3&#8243; _module_preset=\u00bbdefault\u00bb max_width=\u00bb94%\u00bb custom_padding=\u00bb20px||30px||false|false\u00bb border_color_top=\u00bbRGBA(255,255,255,0)\u00bb locked=\u00bboff\u00bb global_colors_info=\u00bb{}\u00bb][et_pb_column type=\u00bb2_5&#8243; module_class=\u00bbarticle_sub_img_wrap_left\u00bb _builder_version=\u00bb4.20.2&#8243; _module_preset=\u00bbdefault\u00bb global_colors_info=\u00bb{}\u00bb][et_pb_image src=\u00bbhttps:\/\/www.granapadano.it\/wp-content\/uploads\/2024\/04\/gp-dark-chocolate.jpg\u00bb title_text=\u00bbgp-dark-chocolate\u00bb align=\u00bbcenter\u00bb show_bottom_space_tablet=\u00bbon\u00bb show_bottom_space_last_edited=\u00bboff|phone\u00bb _builder_version=\u00bb4.24.3&#8243; _module_preset=\u00bbdefault\u00bb custom_margin=\u00bb||0px||false|false\u00bb custom_margin_tablet=\u00bb30px||||false|false\u00bb custom_margin_phone=\u00bb30px||||false|false\u00bb custom_margin_last_edited=\u00bbon|desktop\u00bb custom_padding=\u00bb0px||0px||false|false\u00bb border_radii=\u00bbon|20px|20px|20px|20px\u00bb global_colors_info=\u00bb{}\u00bb][\/et_pb_image][\/et_pb_column][et_pb_column type=\u00bb3_5&#8243; module_class=\u00bbarticle_sub_text_wrap_left\u00bb _builder_version=\u00bb4.20.2&#8243; _module_preset=\u00bbdefault\u00bb global_colors_info=\u00bb{}\u00bb][et_pb_text _builder_version=\u00bb4.24.3&#8243; _module_preset=\u00bbdefault\u00bb text_font=\u00bbMerriweather|300|||||||\u00bb text_text_color=\u00bb#0f0f0f\u00bb text_font_size=\u00bb18px\u00bb text_line_height=\u00bb26px\u00bb width=\u00bb97.1%\u00bb custom_margin=\u00bb|||0px|false|false\u00bb hover_enabled=\u00bb0&#8243; global_colors_info=\u00bb{}\u00bb sticky_enabled=\u00bb0&#8243;]<\/p>\n<h3><strong>Grana Padano DOP 16-20 meses y Chocolate negro 70%<\/strong><\/h3>\n<\/p>\n<p><span>Para un buen compromiso, pero sobre todo para los amantes de la tradici\u00f3n, proponemos maridar el Grana Padano DOP 16-20 meses con una tableta de chocolate negro (70 % de cacao) de sabor marcado pero con una nota amarga no demasiado impetuosa.<br \/>\nPara quienes se atrevan a experimentar, tambi\u00e9n invitamos a buscar y comprar un chocolate monovarietal con cacao del tipo \u00abcriollo\u00bb proveniente de Venezuela: este cacao se caracteriza por un rico espectro arom\u00e1tico capaz de liberar en boca ligeras notas de mantequilla derretida y frutos secos, acompa\u00f1adas, en algunos casos, tambi\u00e9n de delicados aromas de vainilla ligeramente especiada.<br \/>\nA lo largo de todo el maridaje, este chocolate y el Grana Padano DOP 16-20 meses mantienen su propia identidad en un agradable juego de alternancia de notas amargas y mantecosas; incluso despu\u00e9s de la degluci\u00f3n \u2013a nivel de regusto\u2013 el componente amargo del cacao sigue y se alterna con el componente salado de la lasca de Grana Padano DOP de forma intrigante. Desde el punto de vista estructural, el chocolate, al derretirse, envuelve y acompa\u00f1a agradablemente al Grana Padano DOP caracterizado por su t\u00edpica granulosidad. En conclusi\u00f3n, se trata de un maridaje acertado capaz de valorizar ambos productos.<br \/>\n[\/et_pb_text][\/et_pb_column][\/et_pb_row][\/et_pb_section]<\/p>\n","protected":false},"excerpt":{"rendered":"<p><div class=\"breadcrumb\"><a href=\"https:\/\/www.granapadano.it\/es\/\">Inicio<\/a>  <  <\/div>Grana Padano DOP 16-20 mesesCacaoGrana Padano DOP 16-20 meses y Chocolate de Modica IGP (50 %) con c\u00e1scara de naranja La producci\u00f3n del chocolate de Modica se basa en una receta singular con ingredientes b\u00e1sicos como la pasta de cacao amargo y los cristales de az\u00facar que le dan su t\u00edpica y f\u00e1cilmente reconocible consistencia [&hellip;]<\/p>\n","protected":false},"author":21,"featured_media":0,"parent":119062,"menu_order":338,"comment_status":"closed","ping_status":"closed","template":"","meta":{"_acf_changed":false,"_et_pb_use_builder":"on","_et_pb_old_content":"","_et_gb_content_width":"","footnotes":""},"class_list":["post-119158","page","type-page","status-publish","hentry"],"acf":[],"yoast_head":"<!-- This site is optimized with the Yoast SEO plugin v27.2 - https:\/\/yoast.com\/product\/yoast-seo-wordpress\/ -->\n<title>Grana Padano DOP 16-20 meses y chocolate - Grana Padano<\/title>\n<meta name=\"robots\" content=\"index, follow, max-snippet:-1, max-image-preview:large, max-video-preview:-1\" \/>\n<link rel=\"canonical\" href=\"https:\/\/www.granapadano.it\/es\/momentos-de-consumo\/con-que-chocolate-maridar-grana-padano\/grana-padano-dop-16-20-meses-y-chocolate\/\" \/>\n<meta property=\"og:locale\" content=\"es_ES\" \/>\n<meta property=\"og:type\" content=\"article\" \/>\n<meta property=\"og:title\" content=\"Grana Padano DOP 16-20 meses y chocolate - Grana Padano\" \/>\n<meta property=\"og:description\" content=\"Grana Padano DOP 16-20 mesesCacaoGrana Padano DOP 16-20 meses y Chocolate de Modica IGP (50 %) con c\u00e1scara de naranja La producci\u00f3n del chocolate de Modica se basa en una receta singular con ingredientes b\u00e1sicos como la pasta de cacao amargo y los cristales de az\u00facar que le dan su t\u00edpica y f\u00e1cilmente reconocible consistencia [&hellip;]\" \/>\n<meta property=\"og:url\" content=\"https:\/\/www.granapadano.it\/es\/momentos-de-consumo\/con-que-chocolate-maridar-grana-padano\/grana-padano-dop-16-20-meses-y-chocolate\/\" \/>\n<meta property=\"og:site_name\" content=\"Grana Padano\" \/>\n<meta property=\"article:modified_time\" content=\"2024-07-04T16:19:31+00:00\" \/>\n<meta name=\"twitter:card\" content=\"summary_large_image\" \/>\n<meta name=\"twitter:label1\" content=\"Tiempo de lectura\" \/>\n\t<meta name=\"twitter:data1\" content=\"5 minutos\" \/>\n<script type=\"application\/ld+json\" class=\"yoast-schema-graph\">{\"@context\":\"https:\/\/schema.org\",\"@graph\":[{\"@type\":\"WebPage\",\"@id\":\"https:\/\/www.granapadano.it\/es\/momentos-de-consumo\/con-que-chocolate-maridar-grana-padano\/grana-padano-dop-16-20-meses-y-chocolate\/\",\"url\":\"https:\/\/www.granapadano.it\/es\/momentos-de-consumo\/con-que-chocolate-maridar-grana-padano\/grana-padano-dop-16-20-meses-y-chocolate\/\",\"name\":\"Grana Padano DOP 16-20 meses y chocolate - Grana Padano\",\"isPartOf\":{\"@id\":\"https:\/\/www.granapadano.it\/es\/#website\"},\"datePublished\":\"2024-04-16T12:53:43+00:00\",\"dateModified\":\"2024-07-04T16:19:31+00:00\",\"breadcrumb\":{\"@id\":\"https:\/\/www.granapadano.it\/es\/momentos-de-consumo\/con-que-chocolate-maridar-grana-padano\/grana-padano-dop-16-20-meses-y-chocolate\/#breadcrumb\"},\"inLanguage\":\"es\",\"potentialAction\":[{\"@type\":\"ReadAction\",\"target\":[\"https:\/\/www.granapadano.it\/es\/momentos-de-consumo\/con-que-chocolate-maridar-grana-padano\/grana-padano-dop-16-20-meses-y-chocolate\/\"]}]},{\"@type\":\"BreadcrumbList\",\"@id\":\"https:\/\/www.granapadano.it\/es\/momentos-de-consumo\/con-que-chocolate-maridar-grana-padano\/grana-padano-dop-16-20-meses-y-chocolate\/#breadcrumb\",\"itemListElement\":[{\"@type\":\"ListItem\",\"position\":1,\"name\":\"Home\",\"item\":\"https:\/\/www.granapadano.it\/es\/\"},{\"@type\":\"ListItem\",\"position\":2,\"name\":\"Recetas\",\"item\":\"https:\/\/www.granapadano.it\/es\/recetas\/\"},{\"@type\":\"ListItem\",\"position\":3,\"name\":\"\u00bfCon qu\u00e9 chocolate maridar el Grana Padano DOP?\",\"item\":\"https:\/\/www.granapadano.it\/es\/momentos-de-consumo\/con-que-chocolate-maridar-grana-padano\/\"},{\"@type\":\"ListItem\",\"position\":4,\"name\":\"Grana Padano DOP 16-20 meses y chocolate\"}]},{\"@type\":\"WebSite\",\"@id\":\"https:\/\/www.granapadano.it\/es\/#website\",\"url\":\"https:\/\/www.granapadano.it\/es\/\",\"name\":\"Grana Padano\",\"description\":\"\",\"potentialAction\":[{\"@type\":\"SearchAction\",\"target\":{\"@type\":\"EntryPoint\",\"urlTemplate\":\"https:\/\/www.granapadano.it\/es\/?s={search_term_string}\"},\"query-input\":{\"@type\":\"PropertyValueSpecification\",\"valueRequired\":true,\"valueName\":\"search_term_string\"}}],\"inLanguage\":\"es\"}]}<\/script>\n<!-- \/ Yoast SEO plugin. -->","yoast_head_json":{"title":"Grana Padano DOP 16-20 meses y chocolate - Grana Padano","robots":{"index":"index","follow":"follow","max-snippet":"max-snippet:-1","max-image-preview":"max-image-preview:large","max-video-preview":"max-video-preview:-1"},"canonical":"https:\/\/www.granapadano.it\/es\/momentos-de-consumo\/con-que-chocolate-maridar-grana-padano\/grana-padano-dop-16-20-meses-y-chocolate\/","og_locale":"es_ES","og_type":"article","og_title":"Grana Padano DOP 16-20 meses y chocolate - Grana Padano","og_description":"Grana Padano DOP 16-20 mesesCacaoGrana Padano DOP 16-20 meses y Chocolate de Modica IGP (50 %) con c\u00e1scara de naranja La producci\u00f3n del chocolate de Modica se basa en una receta singular con ingredientes b\u00e1sicos como la pasta de cacao amargo y los cristales de az\u00facar que le dan su t\u00edpica y f\u00e1cilmente reconocible consistencia [&hellip;]","og_url":"https:\/\/www.granapadano.it\/es\/momentos-de-consumo\/con-que-chocolate-maridar-grana-padano\/grana-padano-dop-16-20-meses-y-chocolate\/","og_site_name":"Grana Padano","article_modified_time":"2024-07-04T16:19:31+00:00","twitter_card":"summary_large_image","twitter_misc":{"Tiempo de lectura":"5 minutos"},"schema":{"@context":"https:\/\/schema.org","@graph":[{"@type":"WebPage","@id":"https:\/\/www.granapadano.it\/es\/momentos-de-consumo\/con-que-chocolate-maridar-grana-padano\/grana-padano-dop-16-20-meses-y-chocolate\/","url":"https:\/\/www.granapadano.it\/es\/momentos-de-consumo\/con-que-chocolate-maridar-grana-padano\/grana-padano-dop-16-20-meses-y-chocolate\/","name":"Grana Padano DOP 16-20 meses y chocolate - Grana Padano","isPartOf":{"@id":"https:\/\/www.granapadano.it\/es\/#website"},"datePublished":"2024-04-16T12:53:43+00:00","dateModified":"2024-07-04T16:19:31+00:00","breadcrumb":{"@id":"https:\/\/www.granapadano.it\/es\/momentos-de-consumo\/con-que-chocolate-maridar-grana-padano\/grana-padano-dop-16-20-meses-y-chocolate\/#breadcrumb"},"inLanguage":"es","potentialAction":[{"@type":"ReadAction","target":["https:\/\/www.granapadano.it\/es\/momentos-de-consumo\/con-que-chocolate-maridar-grana-padano\/grana-padano-dop-16-20-meses-y-chocolate\/"]}]},{"@type":"BreadcrumbList","@id":"https:\/\/www.granapadano.it\/es\/momentos-de-consumo\/con-que-chocolate-maridar-grana-padano\/grana-padano-dop-16-20-meses-y-chocolate\/#breadcrumb","itemListElement":[{"@type":"ListItem","position":1,"name":"Home","item":"https:\/\/www.granapadano.it\/es\/"},{"@type":"ListItem","position":2,"name":"Recetas","item":"https:\/\/www.granapadano.it\/es\/recetas\/"},{"@type":"ListItem","position":3,"name":"\u00bfCon qu\u00e9 chocolate maridar el Grana Padano DOP?","item":"https:\/\/www.granapadano.it\/es\/momentos-de-consumo\/con-que-chocolate-maridar-grana-padano\/"},{"@type":"ListItem","position":4,"name":"Grana Padano DOP 16-20 meses y chocolate"}]},{"@type":"WebSite","@id":"https:\/\/www.granapadano.it\/es\/#website","url":"https:\/\/www.granapadano.it\/es\/","name":"Grana Padano","description":"","potentialAction":[{"@type":"SearchAction","target":{"@type":"EntryPoint","urlTemplate":"https:\/\/www.granapadano.it\/es\/?s={search_term_string}"},"query-input":{"@type":"PropertyValueSpecification","valueRequired":true,"valueName":"search_term_string"}}],"inLanguage":"es"}]}},"_links":{"self":[{"href":"https:\/\/www.granapadano.it\/es\/wp-json\/wp\/v2\/pages\/119158","targetHints":{"allow":["GET"]}}],"collection":[{"href":"https:\/\/www.granapadano.it\/es\/wp-json\/wp\/v2\/pages"}],"about":[{"href":"https:\/\/www.granapadano.it\/es\/wp-json\/wp\/v2\/types\/page"}],"author":[{"embeddable":true,"href":"https:\/\/www.granapadano.it\/es\/wp-json\/wp\/v2\/users\/21"}],"replies":[{"embeddable":true,"href":"https:\/\/www.granapadano.it\/es\/wp-json\/wp\/v2\/comments?post=119158"}],"version-history":[{"count":2,"href":"https:\/\/www.granapadano.it\/es\/wp-json\/wp\/v2\/pages\/119158\/revisions"}],"predecessor-version":[{"id":121851,"href":"https:\/\/www.granapadano.it\/es\/wp-json\/wp\/v2\/pages\/119158\/revisions\/121851"}],"up":[{"embeddable":true,"href":"https:\/\/www.granapadano.it\/es\/wp-json\/wp\/v2\/pages\/119062"}],"wp:attachment":[{"href":"https:\/\/www.granapadano.it\/es\/wp-json\/wp\/v2\/media?parent=119158"}],"curies":[{"name":"wp","href":"https:\/\/api.w.org\/{rel}","templated":true}]}}