{"id":119132,"date":"2024-04-16T10:27:28","date_gmt":"2024-04-16T10:27:28","guid":{"rendered":"https:\/\/www.granapadano.it\/momentos-de-consumo\/abbinamenti\/con-quale-cioccolato-abbinare-grana-padano\/come-abbinare-grana-padano-9-16-mesi-e-il-cioccolato\/"},"modified":"2024-07-04T16:14:56","modified_gmt":"2024-07-04T16:14:56","slug":"grana-padano-dop-9-16-meses-y-chocolate","status":"publish","type":"page","link":"https:\/\/www.granapadano.it\/es\/momentos-de-consumo\/con-que-chocolate-maridar-grana-padano\/grana-padano-dop-9-16-meses-y-chocolate\/","title":{"rendered":"Grana Padano DOP 9-16 meses y chocolate"},"content":{"rendered":"<p>[et_pb_section fb_built=\u00bb1&#8243; fullwidth=\u00bbon\u00bb _builder_version=\u00bb4.19.5&#8243; _module_preset=\u00bbdefault\u00bb global_colors_info=\u00bb{}\u00bb][et_pb_fullwidth_image src=\u00bbhttps:\/\/www.granapadano.it\/wp-content\/uploads\/2024\/04\/Grana-Padano-e-Cioccolato-h.jpg\u00bb title_text=\u00bbGrana-Padano-e-Cioccolato-m\u00bb src_tablet=\u00bbhttps:\/\/www.granapadano.it\/wp-content\/uploads\/2024\/04\/Grana-Padano-e-Cioccolato-h.jpg\u00bb src_phone=\u00bbhttps:\/\/www.granapadano.it\/wp-content\/uploads\/2024\/04\/Grana-Padano-e-Cioccolato-m.jpg\u00bb src_last_edited=\u00bbon|phone\u00bb _builder_version=\u00bb4.24.3&#8243; _module_preset=\u00bbdefault\u00bb locked=\u00bboff\u00bb global_colors_info=\u00bb{}\u00bb][\/et_pb_fullwidth_image][\/et_pb_section][et_pb_section fb_built=\u00bb1&#8243; module_class=\u00bbproduction_sub_hub_main_wrapper\u00bb _builder_version=\u00bb4.19.4&#8243; _module_preset=\u00bbdefault\u00bb custom_padding=\u00bb13px||0px|||\u00bb locked=\u00bboff\u00bb global_colors_info=\u00bb{}\u00bb][et_pb_row module_class=\u00bbrecipe_filter_section\u00bb _builder_version=\u00bb4.19.2&#8243; _module_preset=\u00bbdefault\u00bb max_width=\u00bb90%\u00bb custom_padding=\u00bb||7px|||\u00bb global_colors_info=\u00bb{}\u00bb][et_pb_column type=\u00bb4_4&#8243; _builder_version=\u00bb4.19.2&#8243; _module_preset=\u00bbdefault\u00bb global_colors_info=\u00bb{}\u00bb][et_pb_code _builder_version=\u00bb4.19.2&#8243; _module_preset=\u00bbdefault\u00bb custom_margin=\u00bb||16px|||\u00bb global_colors_info=\u00bb{}\u00bb]<div class=\"breadcrumb\"><a href=\"https:\/\/www.granapadano.it\/es\/\">Inicio<\/a>  <  <\/div>[\/et_pb_code][\/et_pb_column][\/et_pb_row][\/et_pb_section][et_pb_section fb_built=\u00bb1&#8243; module_class=\u00bbgiovani_sub_hub_title\u00bb _builder_version=\u00bb4.19.5&#8243; _module_preset=\u00bbdefault\u00bb custom_padding=\u00bb0px||35px||false|false\u00bb locked=\u00bboff\u00bb global_colors_info=\u00bb{}\u00bb][et_pb_row module_class=\u00bbgp_producion_heading_wrapper\u00bb _builder_version=\u00bb4.19.5&#8243; _module_preset=\u00bbdefault\u00bb max_width=\u00bb90%\u00bb module_alignment=\u00bbcenter\u00bb custom_padding=\u00bb||||false|false\u00bb global_colors_info=\u00bb{}\u00bb][et_pb_column type=\u00bb4_4&#8243; _builder_version=\u00bb4.19.4&#8243; _module_preset=\u00bbdefault\u00bb global_colors_info=\u00bb{}\u00bb][et_pb_text module_class=\u00bbgiovani_sub_hub_title_text\u00bb _builder_version=\u00bb4.24.3&#8243; _module_preset=\u00bbdefault\u00bb text_font=\u00bbMerriweather|700|||||||\u00bb text_text_color=\u00bb#0f0f0f\u00bb text_font_size=\u00bb80px\u00bb text_line_height=\u00bb70px\u00bb header_font=\u00bbMerriweather||||||||\u00bb header_text_color=\u00bbgcid-8696fd7e-29dd-4028-9d4d-981b208a53a9&#8243; header_font_size=\u00bb44px\u00bb header_line_height=\u00bb52px\u00bb text_orientation=\u00bbcenter\u00bb min_height=\u00bb83px\u00bb custom_margin=\u00bb||0px||false|false\u00bb custom_padding=\u00bb||0px||false|false\u00bb global_colors_info=\u00bb{%22gcid-8696fd7e-29dd-4028-9d4d-981b208a53a9%22:%91%22header_text_color%22%93}\u00bb]<\/p>\n<h1>Grana Padano DOP 9-16 meses<\/h1>\n<p>[\/et_pb_text][\/et_pb_column][\/et_pb_row][et_pb_row column_structure=\u00bb1_4,3_4&#8243; module_class=\u00bbarticle_dates\u00bb _builder_version=\u00bb4.19.4&#8243; _module_preset=\u00bbdefault\u00bb max_width=\u00bb90%\u00bb custom_padding=\u00bb2px||6px||false|false\u00bb global_colors_info=\u00bb{}\u00bb][et_pb_column type=\u00bb1_4&#8243; _builder_version=\u00bb4.19.3&#8243; _module_preset=\u00bbdefault\u00bb global_colors_info=\u00bb{}\u00bb][et_pb_text module_class=\u00bbbutton_look\u00bb _builder_version=\u00bb4.24.3&#8243; _module_preset=\u00bbdefault\u00bb text_font=\u00bbFontPadano-Bold||||||||\u00bb text_text_color=\u00bb#000000&#8243; text_font_size=\u00bb26px\u00bb background_color=\u00bbRGBA(255,255,255,0)\u00bb locked=\u00bboff\u00bb global_colors_info=\u00bb{}\u00bb]<\/p>\n<p>Cacao<\/p>\n<p>[\/et_pb_text][\/et_pb_column][et_pb_column type=\u00bb3_4&#8243; _builder_version=\u00bb4.19.4&#8243; _module_preset=\u00bbdefault\u00bb global_colors_info=\u00bb{}\u00bb][\/et_pb_column][\/et_pb_row][et_pb_row column_structure=\u00bb2_5,3_5&#8243; module_class=\u00bbarticle_sub_img_text_content \u00bb _builder_version=\u00bb4.24.3&#8243; _module_preset=\u00bbdefault\u00bb max_width=\u00bb90%\u00bb module_alignment=\u00bbcenter\u00bb min_height=\u00bb817.9px\u00bb custom_margin=\u00bb0px||0px||false|false\u00bb custom_padding=\u00bb0px||1px||false|false\u00bb global_colors_info=\u00bb{}\u00bb][et_pb_column type=\u00bb2_5&#8243; module_class=\u00bbarticle_sub_img_wrap\u00bb _builder_version=\u00bb4.20.2&#8243; _module_preset=\u00bbdefault\u00bb global_colors_info=\u00bb{}\u00bb][et_pb_image src=\u00bbhttps:\/\/www.granapadano.it\/wp-content\/uploads\/2024\/04\/GP_CIOCCOLATO-BIANCO-9-16.jpg\u00bb title_text=\u00bbGP_CIOCCOLATO-BIANCO-9-16&#8243; align=\u00bbcenter\u00bb _builder_version=\u00bb4.24.3&#8243; _module_preset=\u00bbdefault\u00bb positioning=\u00bbrelative\u00bb vertical_offset=\u00bb63px\u00bb module_alignment=\u00bbcenter\u00bb border_radii=\u00bbon|20px|20px|20px|20px\u00bb global_colors_info=\u00bb{}\u00bb][\/et_pb_image][\/et_pb_column][et_pb_column type=\u00bb3_5&#8243; module_class=\u00bbarticle_sub_text_wrap\u00bb _builder_version=\u00bb4.20.2&#8243; _module_preset=\u00bbdefault\u00bb global_colors_info=\u00bb{}\u00bb][et_pb_text _builder_version=\u00bb4.24.3&#8243; _module_preset=\u00bbdefault\u00bb text_text_color=\u00bb#0f0f0f\u00bb text_font_size=\u00bb18px\u00bb text_line_height=\u00bb26px\u00bb width=\u00bb100%\u00bb custom_margin=\u00bb||0px||false|false\u00bb global_colors_info=\u00bb{}\u00bb]<\/p>\n<h3><strong>Grana Padano DOP 9-16 meses y Chocolate blanco con cristales de regaliz (y microcristales de sal)<\/strong><\/h3>\n<p>El chocolate blanco se obtiene de la uni\u00f3n de tres sencillos ingredientes: manteca de cacao no inferior al 20 %, az\u00facar y leche en al menos un 14 %.<br \/>\nSu nombre se debe a que, al carecer de pasta de cacao, el compuesto no tiene el componente \u00abmarr\u00f3n\u00bb que confiere el color t\u00edpico a las tabletas. Se le llama \u00abblanco\u00bb pero, atenci\u00f3n, el color que lo caracteriza var\u00eda del p\u00e1lido al marfil, con matices que pueden ir del amarillento al arenoso.<br \/>\nEl chocolate sugerido tiene un delicado olor a leche y mantequilla con un ligero matiz de regaliz. Desde el punto de vista arom\u00e1tico y gustativo, se percibe un delicado efluvio de crema de leche y un dulzor no invasivo que combina perfectamente con el aroma casi imperceptible del regaliz; este \u00faltimo vuelve a la nariz y a la boca como una nota gustativa-olfativa o al deglutir.  <\/p>\n<p>A la hora de probar este maridaje, se recomienda degustar primero el chocolate derriti\u00e9ndolo delicadamente en la boca, para liberar as\u00ed los aromas de la nata y la mantequilla, y luego masticar una lasca de Grana Padano DOP 9-16 meses, que, gracias al t\u00edpico dulzor que todav\u00eda lo caracteriza, es un acompa\u00f1amiento armonioso del chocolate blanco.<br \/>\nDurante la degustaci\u00f3n, se puede apreciar el car\u00e1cter crujiente y el aroma de los cristales de regaliz que sobresalen y sorprenden, dando \u00abbr\u00edo\u00bb al conjunto; adem\u00e1s, los aromas en boca se ven realzados por los peque\u00f1\u00edsimos cristales de sal, cuya estructura recuerda a la del Grana Padano DOP 9-16 meses que, aunque todav\u00eda es un tipo joven, ya se caracteriza por una cierta granulosidad.<br \/>\nEl maridaje sugerido puede parecer un reto imposible, pero revela c\u00f3mo el Grana Padano DOP de este tipo puede realmente entrar en simbiosis con el chocolate blanco, creando una armon\u00eda de efluvios delicados que van desde notas de leche cocida a nata, pasando por mantequilla ligeramente derretida. <\/p>\n<p><strong>Curiosidades:<br \/><\/strong><\/p>\n<ul>\n<li>La historia del chocolate blanco comenz\u00f3 en la d\u00e9cada de 1930 en Suiza, justo despu\u00e9s de la Primera Guerra Mundial. En aquella \u00e9poca se present\u00f3 el problema de deshacerse del exceso de manteca de cacao procedente del procesamiento del cacao.  Surgi\u00f3 entonces la idea de mezclar manteca de cacao con leche en polvo y az\u00facar, \u00abinventando\u00bb as\u00ed lo que hoy es la receta b\u00e1sica del chocolate blanco, cuya primera tableta se comercializ\u00f3 en 1967 (con el nombre de \u00abAlpin chocolate bar\u00bb, tableta de chocolate alpino). <\/li>\n<li>El \u00abregaliz\u00bb es un ingrediente ins\u00f3lito, que puede considerarse el alma de la costa j\u00f3nica calabresa.  La planta, originaria del \u00e1rea mediterr\u00e1nea, crece silvestre a lo largo de la costa calabresa, donde se concentra el 80 % de la producci\u00f3n nacional y donde adquiere su sabor y caracter\u00edsticas tan singulares. existen diferentes variedades de regaliz, pero la m\u00e1s apreciada es la \u00abglabra\u00bb. El reconocimiento \u00abRegaliz de Calabria DOP\u00bb lleg\u00f3 en 2011 y est\u00e1 reservado exclusivamente al regaliz fresco, deshidratado y a su extracto.<\/li>\n<\/ul>\n<p>[\/et_pb_text][\/et_pb_column][\/et_pb_row][et_pb_row column_structure=\u00bb2_5,3_5&#8243; module_class=\u00bbarticle_sub_img_text_content_left\u00bb _builder_version=\u00bb4.24.3&#8243; _module_preset=\u00bbdefault\u00bb max_width=\u00bb94%\u00bb custom_padding=\u00bb20px||30px||false|false\u00bb border_color_top=\u00bbRGBA(255,255,255,0)\u00bb locked=\u00bboff\u00bb global_colors_info=\u00bb{}\u00bb][et_pb_column type=\u00bb2_5&#8243; module_class=\u00bbarticle_sub_img_wrap_left\u00bb _builder_version=\u00bb4.20.2&#8243; _module_preset=\u00bbdefault\u00bb global_colors_info=\u00bb{}\u00bb][et_pb_image src=\u00bbhttps:\/\/www.granapadano.it\/wp-content\/uploads\/2024\/04\/GP_Cioccolato-menta-9-16.jpg\u00bb title_text=\u00bbGP_Cioccolato-menta-9-16&#8243; align=\u00bbcenter\u00bb show_bottom_space_tablet=\u00bbon\u00bb show_bottom_space_last_edited=\u00bboff|phone\u00bb _builder_version=\u00bb4.24.3&#8243; _module_preset=\u00bbdefault\u00bb custom_margin=\u00bb||0px||false|false\u00bb custom_margin_tablet=\u00bb30px||||false|false\u00bb custom_margin_phone=\u00bb30px||||false|false\u00bb custom_margin_last_edited=\u00bbon|desktop\u00bb custom_padding=\u00bb0px||0px||false|false\u00bb border_radii=\u00bbon|20px|20px|20px|20px\u00bb global_colors_info=\u00bb{}\u00bb][\/et_pb_image][\/et_pb_column][et_pb_column type=\u00bb3_5&#8243; module_class=\u00bbarticle_sub_text_wrap_left\u00bb _builder_version=\u00bb4.20.2&#8243; _module_preset=\u00bbdefault\u00bb global_colors_info=\u00bb{}\u00bb][et_pb_text _builder_version=\u00bb4.24.3&#8243; _module_preset=\u00bbdefault\u00bb text_font=\u00bbMerriweather|300|||||||\u00bb text_text_color=\u00bb#0f0f0f\u00bb text_font_size=\u00bb18px\u00bb text_line_height=\u00bb26px\u00bb width=\u00bb97.1%\u00bb custom_margin=\u00bb|||0px|false|false\u00bb global_colors_info=\u00bb{}\u00bb]<\/p>\n<h3><strong> Grana Padano DOP 9-16 meses y Chocolate negro relleno de crema de menta<\/strong><\/h3>\n<\/p>\n<p>Grana Padano DOP 9-16 meses y Chocolate negro relleno de crema de menta<br \/>\nNegro, amargo o fondant, son sin\u00f3nimos para indicar un chocolate que contiene al menos un 45 % de cacao; si el envase lleva la menci\u00f3n \u00abextra negro\u00bb o \u00abdark\u00bb, el porcentaje aumenta sin duda al 70 % y m\u00e1s, hasta llegar al 100 %.<br \/>\nEntonces, para satisfacer las propias necesidades, \u00bfqu\u00e9 chocolate elegir?<br \/>\nObviamente, en primer lugar, el consumidor debe preferir un chocolate de calidad, pero la elecci\u00f3n final depende del gusto personal: si un elevado porcentaje de cacao puede resultar un poco demasiado amargo para el paladar, recomendamos empezar con un porcentaje m\u00ednimo de cacao y quiz\u00e1s orientarse hacia un chocolate con un ingrediente \u00abins\u00f3lito\u00bb que pueda suavizar la nota amarga.<br \/>\nProponemos entonces un fresqu\u00edsimo relleno de menta envuelto en una crujiente y fin\u00edsima capa de chocolate negro que seguramente trae una \u00abr\u00e1faga\u00bb de br\u00edo a la boca;  al morder se libera la suavidad de la ganache de menta capaz de amalgamarse con la fina cobertura de chocolate que, desmenuz\u00e1ndose delicadamente, crea una fusi\u00f3n de aromas nuevos dejando en la boca una refrescante sensaci\u00f3n de menta piperita.<\/p>\n<p>A la hora de probar este maridaje, se recomienda degustar primero el chocolate, mordiendo un cuadradito de la tableta (llamado \u00abonza\u00bb) para dejar salir el relleno y luego la lasca de Grana Padano DOP: de este modo, se crea un binomio de sensaciones entre el cacao, muy delicado, debido a la finura de la cobertura, y la crema de menta, que nunca es demasiado impetuosa y es capaz de realzar las caracter\u00edsticas del Grana Padano DOP 9-16 meses.<br \/>\nAdem\u00e1s, la estructura inicial del chocolate, respaldada por la suavidad del relleno, envuelve y acompa\u00f1a gradualmente al queso, cuyos efluvios de leche y mantequilla fundida emergen lentamente, acompa\u00f1ados al final por las notas vegetales que pueden caracterizar a este tipo de Grana Padano DOP de maduraci\u00f3n breve.[\/et_pb_text][\/et_pb_column][\/et_pb_row][et_pb_row _builder_version=\u00bb4.24.3&#8243; _module_preset=\u00bbdefault\u00bb max_width=\u00bb90%\u00bb module_alignment=\u00bbcenter\u00bb custom_margin=\u00bb0px||||false|false\u00bb custom_padding=\u00bb0px||0px||false|false\u00bb border_color_bottom=\u00bbRGBA(255,255,255,0)\u00bb locked=\u00bboff\u00bb global_colors_info=\u00bb{}\u00bb][et_pb_column type=\u00bb4_4&#8243; _builder_version=\u00bb4.19.5&#8243; _module_preset=\u00bbdefault\u00bb global_colors_info=\u00bb{}\u00bb][et_pb_text _builder_version=\u00bb4.24.3&#8243; _module_preset=\u00bbdefault\u00bb text_text_color=\u00bb#0f0f0f\u00bb text_font_size=\u00bb18px\u00bb text_line_height=\u00bb26px\u00bb width=\u00bb100%\u00bb custom_padding=\u00bb|33px||||\u00bb hover_enabled=\u00bb0&#8243; global_colors_info=\u00bb{}\u00bb sticky_enabled=\u00bb0&#8243;]<\/p>\n<p><strong>Curiosidades:<\/strong><\/p>\n<ul>\n<li>La \u00abMentha piperita\u00bb es una planta herb\u00e1cea muy extendida en las regiones templadas. Puede encontrarse tanto en llanuras como en monta\u00f1as, cerca de los cursos de los r\u00edos o en zonas h\u00famedas. Es una planta conocida desde la antig\u00fcedad por sus propiedades medicinales: de hecho, en el pasado se utilizaba como relajante muscular.<\/li>\n<li>El principio activo extra\u00eddo se denomina \u00abmentol\u00bb.<\/li>\n<\/ul>\n<p>&nbsp;<\/p>\n<p>&nbsp;<\/p>\n<p>[\/et_pb_text][\/et_pb_column][\/et_pb_row][\/et_pb_section]<\/p>\n","protected":false},"excerpt":{"rendered":"<p><div class=\"breadcrumb\"><a href=\"https:\/\/www.granapadano.it\/es\/\">Inicio<\/a>  <  <\/div>Grana Padano DOP 9-16 mesesCacaoGrana Padano DOP 9-16 meses y Chocolate blanco con cristales de regaliz (y microcristales de sal) El chocolate blanco se obtiene de la uni\u00f3n de tres sencillos ingredientes: manteca de cacao no inferior al 20 %, az\u00facar y leche en al menos un 14 %. Su nombre se debe a que, [&hellip;]<\/p>\n","protected":false},"author":21,"featured_media":0,"parent":119062,"menu_order":307,"comment_status":"closed","ping_status":"closed","template":"","meta":{"_acf_changed":false,"_et_pb_use_builder":"on","_et_pb_old_content":"","_et_gb_content_width":"","footnotes":""},"class_list":["post-119132","page","type-page","status-publish","hentry"],"acf":[],"yoast_head":"<!-- This site is optimized with the Yoast SEO plugin v27.4 - https:\/\/yoast.com\/product\/yoast-seo-wordpress\/ -->\n<title>Grana Padano DOP 9-16 meses y chocolate - Grana Padano<\/title>\n<meta name=\"robots\" content=\"index, follow, max-snippet:-1, max-image-preview:large, max-video-preview:-1\" \/>\n<link rel=\"canonical\" href=\"https:\/\/www.granapadano.it\/es\/momentos-de-consumo\/con-que-chocolate-maridar-grana-padano\/grana-padano-dop-9-16-meses-y-chocolate\/\" \/>\n<meta property=\"og:locale\" content=\"es_ES\" \/>\n<meta property=\"og:type\" content=\"article\" \/>\n<meta property=\"og:title\" content=\"Grana Padano DOP 9-16 meses y chocolate - Grana Padano\" \/>\n<meta property=\"og:description\" content=\"Grana Padano DOP 9-16 mesesCacaoGrana Padano DOP 9-16 meses y Chocolate blanco con cristales de regaliz (y microcristales de sal) El chocolate blanco se obtiene de la uni\u00f3n de tres sencillos ingredientes: manteca de cacao no inferior al 20 %, az\u00facar y leche en al menos un 14 %. Su nombre se debe a que, [&hellip;]\" \/>\n<meta property=\"og:url\" content=\"https:\/\/www.granapadano.it\/es\/momentos-de-consumo\/con-que-chocolate-maridar-grana-padano\/grana-padano-dop-9-16-meses-y-chocolate\/\" \/>\n<meta property=\"og:site_name\" content=\"Grana Padano\" \/>\n<meta property=\"article:modified_time\" content=\"2024-07-04T16:14:56+00:00\" \/>\n<meta name=\"twitter:card\" content=\"summary_large_image\" \/>\n<meta name=\"twitter:label1\" content=\"Tiempo de lectura\" \/>\n\t<meta name=\"twitter:data1\" content=\"6 minutos\" \/>\n<script type=\"application\/ld+json\" class=\"yoast-schema-graph\">{\"@context\":\"https:\\\/\\\/schema.org\",\"@graph\":[{\"@type\":\"WebPage\",\"@id\":\"https:\\\/\\\/www.granapadano.it\\\/es\\\/momentos-de-consumo\\\/con-que-chocolate-maridar-grana-padano\\\/grana-padano-dop-9-16-meses-y-chocolate\\\/\",\"url\":\"https:\\\/\\\/www.granapadano.it\\\/es\\\/momentos-de-consumo\\\/con-que-chocolate-maridar-grana-padano\\\/grana-padano-dop-9-16-meses-y-chocolate\\\/\",\"name\":\"Grana Padano DOP 9-16 meses y chocolate - Grana Padano\",\"isPartOf\":{\"@id\":\"https:\\\/\\\/www.granapadano.it\\\/es\\\/#website\"},\"datePublished\":\"2024-04-16T10:27:28+00:00\",\"dateModified\":\"2024-07-04T16:14:56+00:00\",\"breadcrumb\":{\"@id\":\"https:\\\/\\\/www.granapadano.it\\\/es\\\/momentos-de-consumo\\\/con-que-chocolate-maridar-grana-padano\\\/grana-padano-dop-9-16-meses-y-chocolate\\\/#breadcrumb\"},\"inLanguage\":\"es\",\"potentialAction\":[{\"@type\":\"ReadAction\",\"target\":[\"https:\\\/\\\/www.granapadano.it\\\/es\\\/momentos-de-consumo\\\/con-que-chocolate-maridar-grana-padano\\\/grana-padano-dop-9-16-meses-y-chocolate\\\/\"]}]},{\"@type\":\"BreadcrumbList\",\"@id\":\"https:\\\/\\\/www.granapadano.it\\\/es\\\/momentos-de-consumo\\\/con-que-chocolate-maridar-grana-padano\\\/grana-padano-dop-9-16-meses-y-chocolate\\\/#breadcrumb\",\"itemListElement\":[{\"@type\":\"ListItem\",\"position\":1,\"name\":\"Home\",\"item\":\"https:\\\/\\\/www.granapadano.it\\\/es\\\/\"},{\"@type\":\"ListItem\",\"position\":2,\"name\":\"Recetas\",\"item\":\"https:\\\/\\\/www.granapadano.it\\\/es\\\/recetas\\\/\"},{\"@type\":\"ListItem\",\"position\":3,\"name\":\"\u00bfCon qu\u00e9 chocolate maridar el Grana Padano DOP?\",\"item\":\"https:\\\/\\\/www.granapadano.it\\\/es\\\/momentos-de-consumo\\\/con-que-chocolate-maridar-grana-padano\\\/\"},{\"@type\":\"ListItem\",\"position\":4,\"name\":\"Grana Padano DOP 9-16 meses y chocolate\"}]},{\"@type\":\"WebSite\",\"@id\":\"https:\\\/\\\/www.granapadano.it\\\/es\\\/#website\",\"url\":\"https:\\\/\\\/www.granapadano.it\\\/es\\\/\",\"name\":\"Grana Padano\",\"description\":\"\",\"potentialAction\":[{\"@type\":\"SearchAction\",\"target\":{\"@type\":\"EntryPoint\",\"urlTemplate\":\"https:\\\/\\\/www.granapadano.it\\\/es\\\/?s={search_term_string}\"},\"query-input\":{\"@type\":\"PropertyValueSpecification\",\"valueRequired\":true,\"valueName\":\"search_term_string\"}}],\"inLanguage\":\"es\"}]}<\/script>\n<!-- \/ Yoast SEO plugin. -->","yoast_head_json":{"title":"Grana Padano DOP 9-16 meses y chocolate - Grana Padano","robots":{"index":"index","follow":"follow","max-snippet":"max-snippet:-1","max-image-preview":"max-image-preview:large","max-video-preview":"max-video-preview:-1"},"canonical":"https:\/\/www.granapadano.it\/es\/momentos-de-consumo\/con-que-chocolate-maridar-grana-padano\/grana-padano-dop-9-16-meses-y-chocolate\/","og_locale":"es_ES","og_type":"article","og_title":"Grana Padano DOP 9-16 meses y chocolate - Grana Padano","og_description":"Grana Padano DOP 9-16 mesesCacaoGrana Padano DOP 9-16 meses y Chocolate blanco con cristales de regaliz (y microcristales de sal) El chocolate blanco se obtiene de la uni\u00f3n de tres sencillos ingredientes: manteca de cacao no inferior al 20 %, az\u00facar y leche en al menos un 14 %. Su nombre se debe a que, [&hellip;]","og_url":"https:\/\/www.granapadano.it\/es\/momentos-de-consumo\/con-que-chocolate-maridar-grana-padano\/grana-padano-dop-9-16-meses-y-chocolate\/","og_site_name":"Grana Padano","article_modified_time":"2024-07-04T16:14:56+00:00","twitter_card":"summary_large_image","twitter_misc":{"Tiempo de lectura":"6 minutos"},"schema":{"@context":"https:\/\/schema.org","@graph":[{"@type":"WebPage","@id":"https:\/\/www.granapadano.it\/es\/momentos-de-consumo\/con-que-chocolate-maridar-grana-padano\/grana-padano-dop-9-16-meses-y-chocolate\/","url":"https:\/\/www.granapadano.it\/es\/momentos-de-consumo\/con-que-chocolate-maridar-grana-padano\/grana-padano-dop-9-16-meses-y-chocolate\/","name":"Grana Padano DOP 9-16 meses y chocolate - Grana Padano","isPartOf":{"@id":"https:\/\/www.granapadano.it\/es\/#website"},"datePublished":"2024-04-16T10:27:28+00:00","dateModified":"2024-07-04T16:14:56+00:00","breadcrumb":{"@id":"https:\/\/www.granapadano.it\/es\/momentos-de-consumo\/con-que-chocolate-maridar-grana-padano\/grana-padano-dop-9-16-meses-y-chocolate\/#breadcrumb"},"inLanguage":"es","potentialAction":[{"@type":"ReadAction","target":["https:\/\/www.granapadano.it\/es\/momentos-de-consumo\/con-que-chocolate-maridar-grana-padano\/grana-padano-dop-9-16-meses-y-chocolate\/"]}]},{"@type":"BreadcrumbList","@id":"https:\/\/www.granapadano.it\/es\/momentos-de-consumo\/con-que-chocolate-maridar-grana-padano\/grana-padano-dop-9-16-meses-y-chocolate\/#breadcrumb","itemListElement":[{"@type":"ListItem","position":1,"name":"Home","item":"https:\/\/www.granapadano.it\/es\/"},{"@type":"ListItem","position":2,"name":"Recetas","item":"https:\/\/www.granapadano.it\/es\/recetas\/"},{"@type":"ListItem","position":3,"name":"\u00bfCon qu\u00e9 chocolate maridar el Grana Padano DOP?","item":"https:\/\/www.granapadano.it\/es\/momentos-de-consumo\/con-que-chocolate-maridar-grana-padano\/"},{"@type":"ListItem","position":4,"name":"Grana Padano DOP 9-16 meses y chocolate"}]},{"@type":"WebSite","@id":"https:\/\/www.granapadano.it\/es\/#website","url":"https:\/\/www.granapadano.it\/es\/","name":"Grana Padano","description":"","potentialAction":[{"@type":"SearchAction","target":{"@type":"EntryPoint","urlTemplate":"https:\/\/www.granapadano.it\/es\/?s={search_term_string}"},"query-input":{"@type":"PropertyValueSpecification","valueRequired":true,"valueName":"search_term_string"}}],"inLanguage":"es"}]}},"_links":{"self":[{"href":"https:\/\/www.granapadano.it\/es\/wp-json\/wp\/v2\/pages\/119132","targetHints":{"allow":["GET"]}}],"collection":[{"href":"https:\/\/www.granapadano.it\/es\/wp-json\/wp\/v2\/pages"}],"about":[{"href":"https:\/\/www.granapadano.it\/es\/wp-json\/wp\/v2\/types\/page"}],"author":[{"embeddable":true,"href":"https:\/\/www.granapadano.it\/es\/wp-json\/wp\/v2\/users\/21"}],"replies":[{"embeddable":true,"href":"https:\/\/www.granapadano.it\/es\/wp-json\/wp\/v2\/comments?post=119132"}],"version-history":[{"count":6,"href":"https:\/\/www.granapadano.it\/es\/wp-json\/wp\/v2\/pages\/119132\/revisions"}],"predecessor-version":[{"id":121850,"href":"https:\/\/www.granapadano.it\/es\/wp-json\/wp\/v2\/pages\/119132\/revisions\/121850"}],"up":[{"embeddable":true,"href":"https:\/\/www.granapadano.it\/es\/wp-json\/wp\/v2\/pages\/119062"}],"wp:attachment":[{"href":"https:\/\/www.granapadano.it\/es\/wp-json\/wp\/v2\/media?parent=119132"}],"curies":[{"name":"wp","href":"https:\/\/api.w.org\/{rel}","templated":true}]}}