{"id":119115,"date":"2024-04-16T16:35:34","date_gmt":"2024-04-16T16:35:34","guid":{"rendered":"https:\/\/www.granapadano.it\/momentos-de-consumo\/abbinamenti\/con-quale-mostarda-abbinare-grana-padano\/come-abbinare-grana-padano-riserva-oltre-24-mesi-con-la-mostarda\/"},"modified":"2024-05-06T16:33:41","modified_gmt":"2024-05-06T16:33:41","slug":"come-abbinare-grana-padano-riserva-oltre-24-mesi-con-la-mostarda","status":"publish","type":"page","link":"https:\/\/www.granapadano.it\/es\/momentos-de-consumo\/con-quale-mostarda-abbinare-grana-padano\/come-abbinare-grana-padano-riserva-oltre-24-mesi-con-la-mostarda\/","title":{"rendered":"Come abbinare Grana Padano \u00abRiserva\u00bb oltre 24 mesi con la mostarda"},"content":{"rendered":"<p>[et_pb_section fb_built=\u00bb1&#8243; fullwidth=\u00bbon\u00bb _builder_version=\u00bb4.19.5&#8243; _module_preset=\u00bbdefault\u00bb global_colors_info=\u00bb{}\u00bb][et_pb_fullwidth_image src=\u00bbhttps:\/\/www.granapadano.it\/wp-content\/uploads\/2024\/04\/GP_Mostarda-h.jpg\u00bb title_text=\u00bbGP_Mostarda-m\u00bb src_tablet=\u00bbhttps:\/\/www.granapadano.it\/wp-content\/uploads\/2024\/04\/GP_Mostarda-h.jpg\u00bb src_phone=\u00bbhttps:\/\/www.granapadano.it\/wp-content\/uploads\/2024\/04\/GP_Mostarda-m.jpg\u00bb src_last_edited=\u00bbon|phone\u00bb _builder_version=\u00bb4.24.3&#8243; _module_preset=\u00bbdefault\u00bb locked=\u00bboff\u00bb global_colors_info=\u00bb{}\u00bb][\/et_pb_fullwidth_image][\/et_pb_section][et_pb_section fb_built=\u00bb1&#8243; module_class=\u00bbproduction_sub_hub_main_wrapper\u00bb _builder_version=\u00bb4.19.4&#8243; _module_preset=\u00bbdefault\u00bb custom_padding=\u00bb13px||0px|||\u00bb locked=\u00bboff\u00bb global_colors_info=\u00bb{}\u00bb][et_pb_row module_class=\u00bbrecipe_filter_section\u00bb _builder_version=\u00bb4.19.2&#8243; _module_preset=\u00bbdefault\u00bb max_width=\u00bb90%\u00bb custom_padding=\u00bb||7px|||\u00bb global_colors_info=\u00bb{}\u00bb][et_pb_column type=\u00bb4_4&#8243; _builder_version=\u00bb4.19.2&#8243; _module_preset=\u00bbdefault\u00bb global_colors_info=\u00bb{}\u00bb][et_pb_code _builder_version=\u00bb4.19.2&#8243; _module_preset=\u00bbdefault\u00bb custom_margin=\u00bb||16px|||\u00bb global_colors_info=\u00bb{}\u00bb]<div class=\"breadcrumb\"><a href=\"https:\/\/www.granapadano.it\/es\/\">Inicio<\/a>  <  <\/div>[\/et_pb_code][\/et_pb_column][\/et_pb_row][\/et_pb_section][et_pb_section fb_built=\u00bb1&#8243; module_class=\u00bbgiovani_sub_hub_title\u00bb _builder_version=\u00bb4.19.5&#8243; _module_preset=\u00bbdefault\u00bb custom_padding=\u00bb0px||35px||false|false\u00bb locked=\u00bboff\u00bb global_colors_info=\u00bb{}\u00bb][et_pb_row module_class=\u00bbgp_producion_heading_wrapper\u00bb _builder_version=\u00bb4.19.5&#8243; _module_preset=\u00bbdefault\u00bb max_width=\u00bb90%\u00bb module_alignment=\u00bbcenter\u00bb custom_padding=\u00bb||||false|false\u00bb global_colors_info=\u00bb{}\u00bb][et_pb_column type=\u00bb4_4&#8243; _builder_version=\u00bb4.19.4&#8243; _module_preset=\u00bbdefault\u00bb global_colors_info=\u00bb{}\u00bb][et_pb_text module_class=\u00bbgiovani_sub_hub_title_text\u00bb _builder_version=\u00bb4.24.3&#8243; _module_preset=\u00bbdefault\u00bb text_font=\u00bbMerriweather|700|||||||\u00bb text_text_color=\u00bb#0f0f0f\u00bb text_font_size=\u00bb80px\u00bb text_line_height=\u00bb70px\u00bb header_font=\u00bbMerriweather||||||||\u00bb header_text_color=\u00bbgcid-8696fd7e-29dd-4028-9d4d-981b208a53a9&#8243; header_font_size=\u00bb44px\u00bb header_line_height=\u00bb52px\u00bb text_orientation=\u00bbcenter\u00bb min_height=\u00bb38px\u00bb custom_margin=\u00bb||0px||false|false\u00bb custom_padding=\u00bb||0px||false|false\u00bb hover_enabled=\u00bb0&#8243; global_colors_info=\u00bb{%22gcid-8696fd7e-29dd-4028-9d4d-981b208a53a9%22:%91%22header_text_color%22%93}\u00bb sticky_enabled=\u00bb0&#8243;]<\/p>\n<h1> Grana Padano DOP \u00abReserva\u00bb m\u00e1s de 24 meses<\/h1>\n<p>[\/et_pb_text][\/et_pb_column][\/et_pb_row][et_pb_row column_structure=\u00bb1_4,3_4&#8243; module_class=\u00bbarticle_dates\u00bb _builder_version=\u00bb4.19.4&#8243; _module_preset=\u00bbdefault\u00bb max_width=\u00bb90%\u00bb custom_padding=\u00bb2px||6px||false|false\u00bb global_colors_info=\u00bb{}\u00bb][et_pb_column type=\u00bb1_4&#8243; _builder_version=\u00bb4.19.3&#8243; _module_preset=\u00bbdefault\u00bb global_colors_info=\u00bb{}\u00bb][et_pb_text module_class=\u00bbbutton_look\u00bb _builder_version=\u00bb4.24.3&#8243; _module_preset=\u00bbdefault\u00bb text_font=\u00bbFontPadano-Bold||||||||\u00bb text_text_color=\u00bb#000000&#8243; text_font_size=\u00bb26px\u00bb background_color=\u00bbRGBA(255,255,255,0)\u00bb locked=\u00bboff\u00bb global_colors_info=\u00bb{}\u00bb]<\/p>\n<p>Mostarda<\/p>\n<p>[\/et_pb_text][\/et_pb_column][et_pb_column type=\u00bb3_4&#8243; _builder_version=\u00bb4.19.4&#8243; _module_preset=\u00bbdefault\u00bb global_colors_info=\u00bb{}\u00bb][\/et_pb_column][\/et_pb_row][et_pb_row _builder_version=\u00bb4.24.3&#8243; _module_preset=\u00bbdefault\u00bb global_colors_info=\u00bb{}\u00bb][et_pb_column type=\u00bb4_4&#8243; module_class=\u00bbarticle_sub_img_wrap\u00bb _builder_version=\u00bb4.20.2&#8243; _module_preset=\u00bbdefault\u00bb global_colors_info=\u00bb{}\u00bb][et_pb_text _builder_version=\u00bb4.24.3&#8243; _module_preset=\u00bbdefault\u00bb text_text_color=\u00bb#0f0f0f\u00bb text_font_size=\u00bb18px\u00bb text_line_height=\u00bb26px\u00bb width=\u00bb100%\u00bb custom_margin=\u00bb||0px||false|false\u00bb hover_enabled=\u00bb0&#8243; global_colors_info=\u00bb{}\u00bb sticky_enabled=\u00bb0&#8243;]<\/p>\n<h3><strong>Grana Padano DOP \u00abReserva\u00bb m\u00e1s de 24 meses y Mostarda veneta de manzana y fruta confitada<\/strong><\/h3>\n<p>Este tipo de \u2018mostarda veneta\u2019 es una receta de antigua tradici\u00f3n, que utiliza membrillo, pur\u00e9 de manzana, fruta confitada en proporciones variables (naranja y lim\u00f3n, jarabe de glucosa-fructosa, anh\u00eddrido sulfuroso) y, como aroma natural, mostaza.<br \/>\nEn la nariz, se presenta con un aroma afrutado de manzana asada y una importante nota c\u00edtrica; en el paladar, su estructura recuerda a un pur\u00e9 dulce acompa\u00f1ado de un agradable picor; estas caracter\u00edsticas la hacen extraordinariamente equilibrada y adecuada para el maridaje con quesos, incluso de larga maduraci\u00f3n, como el Grana Padano \u00abReserva\u00bb de m\u00e1s de 24 meses.<br \/>\nEl valor de esta combinaci\u00f3n reside en el equilibrio de picores que caracteriza \u2013aunque con distinta intensidad\u2013 a los dos productos. Desde el punto de vista arom\u00e1tico, las notas c\u00edtricas de la naranja y el lim\u00f3n ofrecen una sensaci\u00f3n ligeramente refrescante, dando equilibrio a un queso tan \u00abimportante\u00bb, mientras que desde el punto de vista t\u00e1ctil, el pur\u00e9 de manzana es capaz de envolver la estructura fuertemente granulosa del queso, acompa\u00f1\u00e1ndolo en boca de forma agradable y favoreciendo su degustaci\u00f3n.\n<\/p>\n<p>[\/et_pb_text][\/et_pb_column][\/et_pb_row][et_pb_row column_structure=\u00bb2_5,3_5&#8243; module_class=\u00bbarticle_sub_img_text_content_left\u00bb _builder_version=\u00bb4.24.3&#8243; _module_preset=\u00bbdefault\u00bb max_width=\u00bb94%\u00bb custom_padding=\u00bb20px||30px||false|false\u00bb border_color_top=\u00bbRGBA(255,255,255,0)\u00bb locked=\u00bboff\u00bb global_colors_info=\u00bb{}\u00bb][et_pb_column type=\u00bb2_5&#8243; module_class=\u00bbarticle_sub_img_wrap_left\u00bb _builder_version=\u00bb4.20.2&#8243; _module_preset=\u00bbdefault\u00bb global_colors_info=\u00bb{}\u00bb][et_pb_image src=\u00bbhttps:\/\/www.granapadano.it\/wp-content\/uploads\/2024\/04\/GP_MOSTARDA-DI-CIPOLLA.jpg\u00bb title_text=\u00bbGP_MOSTARDA-DI-CIPOLLA\u00bb align=\u00bbcenter\u00bb show_bottom_space_tablet=\u00bbon\u00bb show_bottom_space_last_edited=\u00bboff|phone\u00bb _builder_version=\u00bb4.24.3&#8243; _module_preset=\u00bbdefault\u00bb custom_margin=\u00bb||0px||false|false\u00bb custom_margin_tablet=\u00bb30px||||false|false\u00bb custom_margin_phone=\u00bb30px||||false|false\u00bb custom_margin_last_edited=\u00bbon|desktop\u00bb custom_padding=\u00bb0px||0px||false|false\u00bb border_radii=\u00bbon|20px|20px|20px|20px\u00bb global_colors_info=\u00bb{}\u00bb][\/et_pb_image][\/et_pb_column][et_pb_column type=\u00bb3_5&#8243; module_class=\u00bbarticle_sub_text_wrap_left\u00bb _builder_version=\u00bb4.20.2&#8243; _module_preset=\u00bbdefault\u00bb global_colors_info=\u00bb{}\u00bb][et_pb_text _builder_version=\u00bb4.24.3&#8243; _module_preset=\u00bbdefault\u00bb text_font=\u00bbMerriweather|300|||||||\u00bb text_text_color=\u00bb#0f0f0f\u00bb text_font_size=\u00bb18px\u00bb text_line_height=\u00bb26px\u00bb width=\u00bb97.1%\u00bb custom_margin=\u00bb|||0px|false|false\u00bb hover_enabled=\u00bb0&#8243; global_colors_info=\u00bb{}\u00bb sticky_enabled=\u00bb0&#8243;]<\/p>\n<h3><strong>Grana Padano DOP \u00abReserva\u00bb m\u00e1s de 24 meses y Mostarda mantovana de cebolla amarilla.<\/strong><\/h3>\n<p>El \u00abmostardar\u00bb es un arte superlativo que muy pocos dominan, sobre todo cuando se trata de verduras; sin embargo, en el seno de las familias rurales y en la cultura del condado mantuano, la capacidad de conservar los productos durante todo el a\u00f1o era una pr\u00e1ctica esencial y vital, por lo que se perfeccionaron las t\u00e9cnicas de esta elaboraci\u00f3n.<br \/>\nEntre estas verduras, la cebolla puede conservarse mucho tiempo, pero la naturaleza despierta en determinados momentos y cuando aparece el brote, no es muy recomendable utilizarla para cocinar. Por eso, una vez cortada en rodajas finas y despu\u00e9s de cocerla, la cebolla se utiliza para hacer mostarda.<br \/>\nEsta mostarda de cebolla suele ser de color amarillo dorado (existe una variante de color rojo p\u00farpura oscuro), con tendencia al cobrizo debido al proceso de caramelizaci\u00f3n mediante az\u00facar granulado o de ca\u00f1a.<br \/>\nEl aroma de este tipo de mostarda recuerda claramente a la cebolla caramelizada, mientras que al gusto se percibe la cebolla dulce; la estructura t\u00e1ctil y las notas arom\u00e1ticas de la hortaliza siguen siendo evidentes y claramente distinguibles.<br \/>\nSe trata de un maridaje algo sofisticado, para los amantes de los sabores fuertes, caracterizado por una agradable confrontaci\u00f3n entre dos productos de gran car\u00e1cter.<br \/>\nEl dulzor y el aroma a cebolla caramelizada resisten ante el componente s\u00e1pido y la intensidad y complejidad gustativa y olfativa del Grana Padano \u00abReserva\u00bb de m\u00e1s de 24 meses.<br \/>\nDesde el punto de vista t\u00e1ctil, ambos productos presentan estructuras importantes, claramente perceptibles, que se alternan en la boca durante la masticaci\u00f3n. Incluso despu\u00e9s de la cata, la persistencia gustativa-olfativa se prolonga sin que haya una preponderancia de uno sobre el otro.<br \/>\nLa sugerencia es que cada consumidor dosifique cuidadosamente las proporciones para encontrar el equilibrio adecuado a su gusto.\n<\/p>\n<p>[\/et_pb_text][\/et_pb_column][\/et_pb_row][\/et_pb_section]<\/p>\n","protected":false},"excerpt":{"rendered":"<p><div class=\"breadcrumb\"><a href=\"https:\/\/www.granapadano.it\/es\/\">Inicio<\/a>  <  <\/div> Grana Padano DOP \u00abReserva\u00bb m\u00e1s de 24 mesesMostardaGrana Padano DOP \u00abReserva\u00bb m\u00e1s de 24 meses y Mostarda veneta de manzana y fruta confitada Este tipo de \u2018mostarda veneta\u2019 es una receta de antigua tradici\u00f3n, que utiliza membrillo, pur\u00e9 de manzana, fruta confitada en proporciones variables (naranja y lim\u00f3n, jarabe de glucosa-fructosa, anh\u00eddrido sulfuroso) y, [&hellip;]<\/p>\n","protected":false},"author":21,"featured_media":0,"parent":119058,"menu_order":386,"comment_status":"closed","ping_status":"closed","template":"","meta":{"_acf_changed":false,"_et_pb_use_builder":"on","_et_pb_old_content":"","_et_gb_content_width":"","footnotes":""},"class_list":["post-119115","page","type-page","status-publish","hentry"],"acf":[],"yoast_head":"<!-- This site is optimized with the Yoast SEO plugin v27.3 - https:\/\/yoast.com\/product\/yoast-seo-wordpress\/ -->\n<title>Come abbinare Grana Padano &quot;Riserva&quot; oltre 24 mesi con la mostarda - Grana Padano<\/title>\n<meta name=\"robots\" content=\"index, follow, max-snippet:-1, max-image-preview:large, max-video-preview:-1\" \/>\n<link rel=\"canonical\" href=\"https:\/\/www.granapadano.it\/es\/momentos-de-consumo\/con-quale-mostarda-abbinare-grana-padano\/come-abbinare-grana-padano-riserva-oltre-24-mesi-con-la-mostarda\/\" \/>\n<meta property=\"og:locale\" content=\"es_ES\" \/>\n<meta property=\"og:type\" content=\"article\" \/>\n<meta property=\"og:title\" content=\"Come abbinare Grana Padano &quot;Riserva&quot; oltre 24 mesi con la mostarda - Grana Padano\" \/>\n<meta property=\"og:description\" content=\"Grana Padano DOP \u00abReserva\u00bb m\u00e1s de 24 mesesMostardaGrana Padano DOP \u00abReserva\u00bb m\u00e1s de 24 meses y Mostarda veneta de manzana y fruta confitada Este tipo de \u2018mostarda veneta\u2019 es una receta de antigua tradici\u00f3n, que utiliza membrillo, pur\u00e9 de manzana, fruta confitada en proporciones variables (naranja y lim\u00f3n, jarabe de glucosa-fructosa, anh\u00eddrido sulfuroso) y, [&hellip;]\" \/>\n<meta property=\"og:url\" content=\"https:\/\/www.granapadano.it\/es\/momentos-de-consumo\/con-quale-mostarda-abbinare-grana-padano\/come-abbinare-grana-padano-riserva-oltre-24-mesi-con-la-mostarda\/\" \/>\n<meta property=\"og:site_name\" content=\"Grana Padano\" \/>\n<meta property=\"article:modified_time\" content=\"2024-05-06T16:33:41+00:00\" \/>\n<meta name=\"twitter:card\" content=\"summary_large_image\" \/>\n<meta name=\"twitter:label1\" content=\"Tiempo de lectura\" \/>\n\t<meta name=\"twitter:data1\" content=\"4 minutos\" \/>\n<script type=\"application\/ld+json\" class=\"yoast-schema-graph\">{\"@context\":\"https:\\\/\\\/schema.org\",\"@graph\":[{\"@type\":\"WebPage\",\"@id\":\"https:\\\/\\\/www.granapadano.it\\\/es\\\/momentos-de-consumo\\\/con-quale-mostarda-abbinare-grana-padano\\\/come-abbinare-grana-padano-riserva-oltre-24-mesi-con-la-mostarda\\\/\",\"url\":\"https:\\\/\\\/www.granapadano.it\\\/es\\\/momentos-de-consumo\\\/con-quale-mostarda-abbinare-grana-padano\\\/come-abbinare-grana-padano-riserva-oltre-24-mesi-con-la-mostarda\\\/\",\"name\":\"Come abbinare Grana Padano \\\"Riserva\\\" oltre 24 mesi con la mostarda - Grana Padano\",\"isPartOf\":{\"@id\":\"https:\\\/\\\/www.granapadano.it\\\/es\\\/#website\"},\"datePublished\":\"2024-04-16T16:35:34+00:00\",\"dateModified\":\"2024-05-06T16:33:41+00:00\",\"breadcrumb\":{\"@id\":\"https:\\\/\\\/www.granapadano.it\\\/es\\\/momentos-de-consumo\\\/con-quale-mostarda-abbinare-grana-padano\\\/come-abbinare-grana-padano-riserva-oltre-24-mesi-con-la-mostarda\\\/#breadcrumb\"},\"inLanguage\":\"es\",\"potentialAction\":[{\"@type\":\"ReadAction\",\"target\":[\"https:\\\/\\\/www.granapadano.it\\\/es\\\/momentos-de-consumo\\\/con-quale-mostarda-abbinare-grana-padano\\\/come-abbinare-grana-padano-riserva-oltre-24-mesi-con-la-mostarda\\\/\"]}]},{\"@type\":\"BreadcrumbList\",\"@id\":\"https:\\\/\\\/www.granapadano.it\\\/es\\\/momentos-de-consumo\\\/con-quale-mostarda-abbinare-grana-padano\\\/come-abbinare-grana-padano-riserva-oltre-24-mesi-con-la-mostarda\\\/#breadcrumb\",\"itemListElement\":[{\"@type\":\"ListItem\",\"position\":1,\"name\":\"Home\",\"item\":\"https:\\\/\\\/www.granapadano.it\\\/es\\\/\"},{\"@type\":\"ListItem\",\"position\":2,\"name\":\"Recetas\",\"item\":\"https:\\\/\\\/www.granapadano.it\\\/es\\\/recetas\\\/\"},{\"@type\":\"ListItem\",\"position\":3,\"name\":\"Con quale mostarda abbinare Grana Padano\",\"item\":\"https:\\\/\\\/www.granapadano.it\\\/es\\\/momentos-de-consumo\\\/con-quale-mostarda-abbinare-grana-padano\\\/\"},{\"@type\":\"ListItem\",\"position\":4,\"name\":\"Come abbinare Grana Padano \u00abRiserva\u00bb oltre 24 mesi con la mostarda\"}]},{\"@type\":\"WebSite\",\"@id\":\"https:\\\/\\\/www.granapadano.it\\\/es\\\/#website\",\"url\":\"https:\\\/\\\/www.granapadano.it\\\/es\\\/\",\"name\":\"Grana Padano\",\"description\":\"\",\"potentialAction\":[{\"@type\":\"SearchAction\",\"target\":{\"@type\":\"EntryPoint\",\"urlTemplate\":\"https:\\\/\\\/www.granapadano.it\\\/es\\\/?s={search_term_string}\"},\"query-input\":{\"@type\":\"PropertyValueSpecification\",\"valueRequired\":true,\"valueName\":\"search_term_string\"}}],\"inLanguage\":\"es\"}]}<\/script>\n<!-- \/ Yoast SEO plugin. -->","yoast_head_json":{"title":"Come abbinare Grana Padano \"Riserva\" oltre 24 mesi con la mostarda - Grana Padano","robots":{"index":"index","follow":"follow","max-snippet":"max-snippet:-1","max-image-preview":"max-image-preview:large","max-video-preview":"max-video-preview:-1"},"canonical":"https:\/\/www.granapadano.it\/es\/momentos-de-consumo\/con-quale-mostarda-abbinare-grana-padano\/come-abbinare-grana-padano-riserva-oltre-24-mesi-con-la-mostarda\/","og_locale":"es_ES","og_type":"article","og_title":"Come abbinare Grana Padano \"Riserva\" oltre 24 mesi con la mostarda - Grana Padano","og_description":"Grana Padano DOP \u00abReserva\u00bb m\u00e1s de 24 mesesMostardaGrana Padano DOP \u00abReserva\u00bb m\u00e1s de 24 meses y Mostarda veneta de manzana y fruta confitada Este tipo de \u2018mostarda veneta\u2019 es una receta de antigua tradici\u00f3n, que utiliza membrillo, pur\u00e9 de manzana, fruta confitada en proporciones variables (naranja y lim\u00f3n, jarabe de glucosa-fructosa, anh\u00eddrido sulfuroso) y, [&hellip;]","og_url":"https:\/\/www.granapadano.it\/es\/momentos-de-consumo\/con-quale-mostarda-abbinare-grana-padano\/come-abbinare-grana-padano-riserva-oltre-24-mesi-con-la-mostarda\/","og_site_name":"Grana Padano","article_modified_time":"2024-05-06T16:33:41+00:00","twitter_card":"summary_large_image","twitter_misc":{"Tiempo de lectura":"4 minutos"},"schema":{"@context":"https:\/\/schema.org","@graph":[{"@type":"WebPage","@id":"https:\/\/www.granapadano.it\/es\/momentos-de-consumo\/con-quale-mostarda-abbinare-grana-padano\/come-abbinare-grana-padano-riserva-oltre-24-mesi-con-la-mostarda\/","url":"https:\/\/www.granapadano.it\/es\/momentos-de-consumo\/con-quale-mostarda-abbinare-grana-padano\/come-abbinare-grana-padano-riserva-oltre-24-mesi-con-la-mostarda\/","name":"Come abbinare Grana Padano \"Riserva\" oltre 24 mesi con la mostarda - Grana Padano","isPartOf":{"@id":"https:\/\/www.granapadano.it\/es\/#website"},"datePublished":"2024-04-16T16:35:34+00:00","dateModified":"2024-05-06T16:33:41+00:00","breadcrumb":{"@id":"https:\/\/www.granapadano.it\/es\/momentos-de-consumo\/con-quale-mostarda-abbinare-grana-padano\/come-abbinare-grana-padano-riserva-oltre-24-mesi-con-la-mostarda\/#breadcrumb"},"inLanguage":"es","potentialAction":[{"@type":"ReadAction","target":["https:\/\/www.granapadano.it\/es\/momentos-de-consumo\/con-quale-mostarda-abbinare-grana-padano\/come-abbinare-grana-padano-riserva-oltre-24-mesi-con-la-mostarda\/"]}]},{"@type":"BreadcrumbList","@id":"https:\/\/www.granapadano.it\/es\/momentos-de-consumo\/con-quale-mostarda-abbinare-grana-padano\/come-abbinare-grana-padano-riserva-oltre-24-mesi-con-la-mostarda\/#breadcrumb","itemListElement":[{"@type":"ListItem","position":1,"name":"Home","item":"https:\/\/www.granapadano.it\/es\/"},{"@type":"ListItem","position":2,"name":"Recetas","item":"https:\/\/www.granapadano.it\/es\/recetas\/"},{"@type":"ListItem","position":3,"name":"Con quale mostarda abbinare Grana Padano","item":"https:\/\/www.granapadano.it\/es\/momentos-de-consumo\/con-quale-mostarda-abbinare-grana-padano\/"},{"@type":"ListItem","position":4,"name":"Come abbinare Grana Padano \u00abRiserva\u00bb oltre 24 mesi con la mostarda"}]},{"@type":"WebSite","@id":"https:\/\/www.granapadano.it\/es\/#website","url":"https:\/\/www.granapadano.it\/es\/","name":"Grana Padano","description":"","potentialAction":[{"@type":"SearchAction","target":{"@type":"EntryPoint","urlTemplate":"https:\/\/www.granapadano.it\/es\/?s={search_term_string}"},"query-input":{"@type":"PropertyValueSpecification","valueRequired":true,"valueName":"search_term_string"}}],"inLanguage":"es"}]}},"_links":{"self":[{"href":"https:\/\/www.granapadano.it\/es\/wp-json\/wp\/v2\/pages\/119115","targetHints":{"allow":["GET"]}}],"collection":[{"href":"https:\/\/www.granapadano.it\/es\/wp-json\/wp\/v2\/pages"}],"about":[{"href":"https:\/\/www.granapadano.it\/es\/wp-json\/wp\/v2\/types\/page"}],"author":[{"embeddable":true,"href":"https:\/\/www.granapadano.it\/es\/wp-json\/wp\/v2\/users\/21"}],"replies":[{"embeddable":true,"href":"https:\/\/www.granapadano.it\/es\/wp-json\/wp\/v2\/comments?post=119115"}],"version-history":[{"count":3,"href":"https:\/\/www.granapadano.it\/es\/wp-json\/wp\/v2\/pages\/119115\/revisions"}],"predecessor-version":[{"id":119569,"href":"https:\/\/www.granapadano.it\/es\/wp-json\/wp\/v2\/pages\/119115\/revisions\/119569"}],"up":[{"embeddable":true,"href":"https:\/\/www.granapadano.it\/es\/wp-json\/wp\/v2\/pages\/119058"}],"wp:attachment":[{"href":"https:\/\/www.granapadano.it\/es\/wp-json\/wp\/v2\/media?parent=119115"}],"curies":[{"name":"wp","href":"https:\/\/api.w.org\/{rel}","templated":true}]}}