{"id":119085,"date":"2024-04-16T16:05:39","date_gmt":"2024-04-16T16:05:39","guid":{"rendered":"https:\/\/www.granapadano.it\/momentos-de-consumo\/abbinamenti\/con-quale-mostarda-abbinare-grana-padano\/come-abbinare-grana-padano-16-20-mesi-e-la-mostarda\/"},"modified":"2024-05-06T16:28:56","modified_gmt":"2024-05-06T16:28:56","slug":"come-abbinare-grana-padano-16-20-mesi-e-la-mostarda","status":"publish","type":"page","link":"https:\/\/www.granapadano.it\/es\/momentos-de-consumo\/con-quale-mostarda-abbinare-grana-padano\/come-abbinare-grana-padano-16-20-mesi-e-la-mostarda\/","title":{"rendered":"Come abbinare Grana Padano 16-20 mesi e la mostarda"},"content":{"rendered":"<p>[et_pb_section fb_built=\u00bb1&#8243; fullwidth=\u00bbon\u00bb _builder_version=\u00bb4.19.5&#8243; _module_preset=\u00bbdefault\u00bb global_colors_info=\u00bb{}\u00bb][et_pb_fullwidth_image src=\u00bbhttps:\/\/www.granapadano.it\/wp-content\/uploads\/2024\/04\/GP_Mostarda-h.jpg\u00bb title_text=\u00bbGP_Mostarda-m\u00bb src_tablet=\u00bbhttps:\/\/www.granapadano.it\/wp-content\/uploads\/2024\/04\/GP_Mostarda-h.jpg\u00bb src_phone=\u00bbhttps:\/\/www.granapadano.it\/wp-content\/uploads\/2024\/04\/GP_Mostarda-m.jpg\u00bb src_last_edited=\u00bbon|phone\u00bb _builder_version=\u00bb4.24.3&#8243; _module_preset=\u00bbdefault\u00bb locked=\u00bboff\u00bb global_colors_info=\u00bb{}\u00bb][\/et_pb_fullwidth_image][\/et_pb_section][et_pb_section fb_built=\u00bb1&#8243; module_class=\u00bbproduction_sub_hub_main_wrapper\u00bb _builder_version=\u00bb4.19.4&#8243; _module_preset=\u00bbdefault\u00bb custom_padding=\u00bb13px||0px|||\u00bb locked=\u00bboff\u00bb global_colors_info=\u00bb{}\u00bb][et_pb_row module_class=\u00bbrecipe_filter_section\u00bb _builder_version=\u00bb4.19.2&#8243; _module_preset=\u00bbdefault\u00bb max_width=\u00bb90%\u00bb custom_padding=\u00bb||7px|||\u00bb global_colors_info=\u00bb{}\u00bb][et_pb_column type=\u00bb4_4&#8243; _builder_version=\u00bb4.19.2&#8243; _module_preset=\u00bbdefault\u00bb global_colors_info=\u00bb{}\u00bb][et_pb_code _builder_version=\u00bb4.19.2&#8243; _module_preset=\u00bbdefault\u00bb custom_margin=\u00bb||16px|||\u00bb global_colors_info=\u00bb{}\u00bb]<div class=\"breadcrumb\"><a href=\"https:\/\/www.granapadano.it\/es\/\">Inicio<\/a>  <  <\/div>[\/et_pb_code][\/et_pb_column][\/et_pb_row][\/et_pb_section][et_pb_section fb_built=\u00bb1&#8243; module_class=\u00bbgiovani_sub_hub_title\u00bb _builder_version=\u00bb4.19.5&#8243; _module_preset=\u00bbdefault\u00bb custom_padding=\u00bb0px||35px||false|false\u00bb locked=\u00bboff\u00bb global_colors_info=\u00bb{}\u00bb][et_pb_row module_class=\u00bbgp_producion_heading_wrapper\u00bb _builder_version=\u00bb4.19.5&#8243; _module_preset=\u00bbdefault\u00bb max_width=\u00bb90%\u00bb module_alignment=\u00bbcenter\u00bb custom_padding=\u00bb||||false|false\u00bb global_colors_info=\u00bb{}\u00bb][et_pb_column type=\u00bb4_4&#8243; _builder_version=\u00bb4.19.4&#8243; _module_preset=\u00bbdefault\u00bb global_colors_info=\u00bb{}\u00bb][et_pb_text module_class=\u00bbgiovani_sub_hub_title_text\u00bb _builder_version=\u00bb4.24.3&#8243; _module_preset=\u00bbdefault\u00bb text_font=\u00bbMerriweather|700|||||||\u00bb text_text_color=\u00bb#0f0f0f\u00bb text_font_size=\u00bb80px\u00bb text_line_height=\u00bb70px\u00bb header_font=\u00bbMerriweather||||||||\u00bb header_text_color=\u00bbgcid-8696fd7e-29dd-4028-9d4d-981b208a53a9&#8243; header_font_size=\u00bb44px\u00bb header_line_height=\u00bb52px\u00bb text_orientation=\u00bbcenter\u00bb min_height=\u00bb83px\u00bb custom_margin=\u00bb||0px||false|false\u00bb custom_padding=\u00bb||0px||false|false\u00bb hover_enabled=\u00bb0&#8243; global_colors_info=\u00bb{%22gcid-8696fd7e-29dd-4028-9d4d-981b208a53a9%22:%91%22header_text_color%22%93}\u00bb sticky_enabled=\u00bb0&#8243;]<\/p>\n<h1>Grana Padano DOP 16-20 meses<\/h1>\n<p>[\/et_pb_text][\/et_pb_column][\/et_pb_row][et_pb_row column_structure=\u00bb1_4,3_4&#8243; module_class=\u00bbarticle_dates\u00bb _builder_version=\u00bb4.19.4&#8243; _module_preset=\u00bbdefault\u00bb max_width=\u00bb90%\u00bb custom_padding=\u00bb2px||6px||false|false\u00bb global_colors_info=\u00bb{}\u00bb][et_pb_column type=\u00bb1_4&#8243; _builder_version=\u00bb4.19.3&#8243; _module_preset=\u00bbdefault\u00bb global_colors_info=\u00bb{}\u00bb][et_pb_text module_class=\u00bbbutton_look\u00bb _builder_version=\u00bb4.24.3&#8243; _module_preset=\u00bbdefault\u00bb text_font=\u00bbFontPadano-Bold||||||||\u00bb text_text_color=\u00bb#000000&#8243; text_font_size=\u00bb26px\u00bb background_color=\u00bbRGBA(255,255,255,0)\u00bb global_colors_info=\u00bb{}\u00bb]<\/p>\n<p>Mostarda<\/p>\n<p>[\/et_pb_text][\/et_pb_column][et_pb_column type=\u00bb3_4&#8243; _builder_version=\u00bb4.19.4&#8243; _module_preset=\u00bbdefault\u00bb global_colors_info=\u00bb{}\u00bb][\/et_pb_column][\/et_pb_row][et_pb_row _builder_version=\u00bb4.24.3&#8243; _module_preset=\u00bbdefault\u00bb global_colors_info=\u00bb{}\u00bb][et_pb_column type=\u00bb4_4&#8243; module_class=\u00bbarticle_sub_img_wrap\u00bb _builder_version=\u00bb4.20.2&#8243; _module_preset=\u00bbdefault\u00bb global_colors_info=\u00bb{}\u00bb][et_pb_text _builder_version=\u00bb4.24.3&#8243; _module_preset=\u00bbdefault\u00bb text_text_color=\u00bb#0f0f0f\u00bb text_font_size=\u00bb18px\u00bb text_line_height=\u00bb26px\u00bb width=\u00bb100%\u00bb custom_margin=\u00bb||0px||false|false\u00bb hover_enabled=\u00bb0&#8243; global_colors_info=\u00bb{}\u00bb sticky_enabled=\u00bb0&#8243;]<\/p>\n<h3><strong>Grana Padano DOP 16-20 meses y Mostarda de membrillo<\/strong><\/h3>\n<p>Puede considerarse la madre de todas las mostardas, y siempre se ha producido en los hogares mantuanos.<br \/>\nTiene una textura bastante crujiente y un sabor intenso; es capaz de absorber mucho los aceites esenciales de mostaza, por lo que conviene abrir el envase unos diez minutos antes de servirla para que respire y se reduzca la intensidad en la nariz.<br \/>\nSugerimos maridarla con Grana Padano de 16-20 meses, pero tambi\u00e9n va bien con maduraciones m\u00e1s avanzadas, incluso m\u00e1s all\u00e1 de los 24 meses.<br \/>\nDe este maridaje se aprecia la estructura crujiente del membrillo que se adapta y sostiene la estructura m\u00e1s dura y granulosa de este tipo de queso; el picor del preparado es muy importante pero, sin embargo, los dos productos se suceden agradablemente y la intensidad gustativa de este Grana Padano se alterna con la de la mostarda, permitiendo apreciar ambas.\n<\/p>\n<p><strong>Curiosidades:<\/strong><\/p>\n<ul>\n<li>El membrillo (Cydonia oblonga) no forma parte ni del manzano ni del peral, sino que es una especie aparte. En realidad, son especies muy pr\u00f3ximas: todas pertenecen a la familia Rosaceae y a la subfamilia Pomoideae, cuyo fruto (pomo) se origina en el recept\u00e1culo (la parte terminal engrosada del ped\u00fanculo floral).  Se trata, por tanto, de un \u00abfalso fruto\u00bb, es decir, una estructura que no deriva del pistilo (parte femenina de la flor). En el interior de la pulpa hay cinco l\u00f3culos cartilaginosos que contienen las semillas.<br \/>\nLa forma de los frutos de las distintas variedades de membrillo suele causar confusi\u00f3n, ya que puede parecerse a la del manzano o el peral.  El membrillo pertenece sin duda a la categor\u00eda de los \u00abfrutos olvidados\u00bb. Cultivado desde la antig\u00fcedad \u2013no es casualidad que el nombre bot\u00e1nico del g\u00e9nero derive del de una ciudad de la antigua Grecia\u2013, no ha tenido una difusi\u00f3n comparable a otras especies frutales. De hecho, hoy en d\u00eda es poco conocido, hasta el punto de que a menudo se confunde con una variedad de manzano o peral cuando, en realidad, pertenece a una especie distinta y est\u00e1 clasificado en un g\u00e9nero diferente.\n<\/li>\n<\/ul>\n<p>[\/et_pb_text][\/et_pb_column][\/et_pb_row][et_pb_row column_structure=\u00bb2_5,3_5&#8243; module_class=\u00bbarticle_sub_img_text_content_left\u00bb _builder_version=\u00bb4.24.3&#8243; _module_preset=\u00bbdefault\u00bb max_width=\u00bb94%\u00bb custom_padding=\u00bb20px||30px||false|false\u00bb border_color_top=\u00bbRGBA(255,255,255,0)\u00bb locked=\u00bboff\u00bb global_colors_info=\u00bb{}\u00bb][et_pb_column type=\u00bb2_5&#8243; module_class=\u00bbarticle_sub_img_wrap_left\u00bb _builder_version=\u00bb4.20.2&#8243; _module_preset=\u00bbdefault\u00bb global_colors_info=\u00bb{}\u00bb][et_pb_image src=\u00bbhttps:\/\/www.granapadano.it\/wp-content\/uploads\/2024\/04\/GP_Mostarda-di-zucca.jpg\u00bb title_text=\u00bbGP_Mostarda-di-zucca\u00bb align=\u00bbcenter\u00bb show_bottom_space_tablet=\u00bbon\u00bb show_bottom_space_last_edited=\u00bboff|phone\u00bb _builder_version=\u00bb4.24.3&#8243; _module_preset=\u00bbdefault\u00bb custom_margin=\u00bb||0px||false|false\u00bb custom_margin_tablet=\u00bb30px||||false|false\u00bb custom_margin_phone=\u00bb30px||||false|false\u00bb custom_margin_last_edited=\u00bbon|desktop\u00bb custom_padding=\u00bb0px||0px||false|false\u00bb border_radii=\u00bbon|20px|20px|20px|20px\u00bb global_colors_info=\u00bb{}\u00bb][\/et_pb_image][\/et_pb_column][et_pb_column type=\u00bb3_5&#8243; module_class=\u00bbarticle_sub_text_wrap_left\u00bb _builder_version=\u00bb4.20.2&#8243; _module_preset=\u00bbdefault\u00bb global_colors_info=\u00bb{}\u00bb][et_pb_text _builder_version=\u00bb4.24.3&#8243; _module_preset=\u00bbdefault\u00bb text_font=\u00bbMerriweather|300|||||||\u00bb text_text_color=\u00bb#0f0f0f\u00bb text_font_size=\u00bb18px\u00bb text_line_height=\u00bb26px\u00bb width=\u00bb97.1%\u00bb custom_margin=\u00bb|||0px|false|false\u00bb hover_enabled=\u00bb0&#8243; global_colors_info=\u00bb{}\u00bb sticky_enabled=\u00bb0&#8243;]<\/p>\n<h3><strong>Grana Padano DOP 16-20 meses y Mostarda de calabaza<\/strong><\/h3>\n<p>La calabaza es uno de los s\u00edmbolos de Mantua. Se cultiva en grandes cantidades en el \u00e1rea mantuana y se considera el \u00abcerdo del huerto\u00bb porque de ella no se tira nada.  Los cultivares m\u00e1s frecuentes son Violina, Marina di Chioggia o la calabaza americana en la versi\u00f3n local, dedicadas al comercio fuera de la provincia. La m\u00e1s utilizada actualmente en la zona de Mantua es la versi\u00f3n antigua conocida como \u00abCappello del prete\u00bb (sombrero del cura) o la nueva (del cultivar \u00abDelica\u00bb), que se utiliza en la cocina para hacer cremas, o bien frita o como ingrediente de los famosos \u00abTortelli di zucca alla mantovana\u00bb (tortelli de calabaza a la mantuana), as\u00ed como para la preparaci\u00f3n de la mostarda de calabaza macerada en mostaza.<br \/>\nEl arte de \u00abmostardar\u00bb las verduras requiere una destreza particular y algunas familias mantuanas, todav\u00eda custodias de esta t\u00e9cnica, saben manipular las calabazas con gran habilidad y excelencia: se trata de un ejemplo \u00fanico que desde hace d\u00e9cadas se realiza en el mundo de la mostarda s\u00f3lo en Mantua.<br \/>\nLa calabaza, una vez transformada en mostarda, es de color naranja intenso, cortada en rodajas finas o en cubitos, ligeramente crujiente y con el coraz\u00f3n tierno; en algunos casos tambi\u00e9n se utiliza ensamblada con la de manzana, pero es m\u00e1s frecuente encontrarla sola. Combina muy bien con Grana Padano DOP de maduraci\u00f3n intermedia, de 16 a 20 meses. En este caso, el maridaje se juega en el contraste entre la sapidez del queso y el dulzor de la calabaza; adem\u00e1s, la estructura de la calabaza, que var\u00eda seg\u00fan el tipo de corte, siempre tiene un exterior m\u00e1s crujiente acompa\u00f1ado de otro m\u00e1s blando; esta caracter\u00edstica da lugar a una intrigante interacci\u00f3n en boca con la estructura de la lasca de Grana Padano de 16-20 meses.<\/p>\n<p>[\/et_pb_text][\/et_pb_column][\/et_pb_row][\/et_pb_section]<\/p>\n","protected":false},"excerpt":{"rendered":"<p><div class=\"breadcrumb\"><a href=\"https:\/\/www.granapadano.it\/es\/\">Inicio<\/a>  <  <\/div>Grana Padano DOP 16-20 mesesMostardaGrana Padano DOP 16-20 meses y Mostarda de membrillo Puede considerarse la madre de todas las mostardas, y siempre se ha producido en los hogares mantuanos. Tiene una textura bastante crujiente y un sabor intenso; es capaz de absorber mucho los aceites esenciales de mostaza, por lo que conviene abrir el [&hellip;]<\/p>\n","protected":false},"author":21,"featured_media":0,"parent":119058,"menu_order":429,"comment_status":"closed","ping_status":"closed","template":"","meta":{"_acf_changed":false,"_et_pb_use_builder":"on","_et_pb_old_content":"","_et_gb_content_width":"","footnotes":""},"class_list":["post-119085","page","type-page","status-publish","hentry"],"acf":[],"yoast_head":"<!-- This site is optimized with the Yoast SEO plugin v27.3 - https:\/\/yoast.com\/product\/yoast-seo-wordpress\/ -->\n<title>Come abbinare Grana Padano 16-20 mesi e la mostarda - Grana Padano<\/title>\n<meta name=\"robots\" content=\"index, follow, max-snippet:-1, max-image-preview:large, max-video-preview:-1\" \/>\n<link rel=\"canonical\" href=\"https:\/\/www.granapadano.it\/es\/momentos-de-consumo\/con-quale-mostarda-abbinare-grana-padano\/come-abbinare-grana-padano-16-20-mesi-e-la-mostarda\/\" \/>\n<meta property=\"og:locale\" content=\"es_ES\" \/>\n<meta property=\"og:type\" content=\"article\" \/>\n<meta property=\"og:title\" content=\"Come abbinare Grana Padano 16-20 mesi e la mostarda - Grana Padano\" \/>\n<meta property=\"og:description\" content=\"Grana Padano DOP 16-20 mesesMostardaGrana Padano DOP 16-20 meses y Mostarda de membrillo Puede considerarse la madre de todas las mostardas, y siempre se ha producido en los hogares mantuanos. Tiene una textura bastante crujiente y un sabor intenso; es capaz de absorber mucho los aceites esenciales de mostaza, por lo que conviene abrir el [&hellip;]\" \/>\n<meta property=\"og:url\" content=\"https:\/\/www.granapadano.it\/es\/momentos-de-consumo\/con-quale-mostarda-abbinare-grana-padano\/come-abbinare-grana-padano-16-20-mesi-e-la-mostarda\/\" \/>\n<meta property=\"og:site_name\" content=\"Grana Padano\" \/>\n<meta property=\"article:modified_time\" content=\"2024-05-06T16:28:56+00:00\" \/>\n<meta name=\"twitter:card\" content=\"summary_large_image\" \/>\n<meta name=\"twitter:label1\" content=\"Tiempo de lectura\" \/>\n\t<meta name=\"twitter:data1\" content=\"4 minutos\" \/>\n<script type=\"application\/ld+json\" class=\"yoast-schema-graph\">{\"@context\":\"https:\\\/\\\/schema.org\",\"@graph\":[{\"@type\":\"WebPage\",\"@id\":\"https:\\\/\\\/www.granapadano.it\\\/es\\\/momentos-de-consumo\\\/con-quale-mostarda-abbinare-grana-padano\\\/come-abbinare-grana-padano-16-20-mesi-e-la-mostarda\\\/\",\"url\":\"https:\\\/\\\/www.granapadano.it\\\/es\\\/momentos-de-consumo\\\/con-quale-mostarda-abbinare-grana-padano\\\/come-abbinare-grana-padano-16-20-mesi-e-la-mostarda\\\/\",\"name\":\"Come abbinare Grana Padano 16-20 mesi e la mostarda - Grana Padano\",\"isPartOf\":{\"@id\":\"https:\\\/\\\/www.granapadano.it\\\/es\\\/#website\"},\"datePublished\":\"2024-04-16T16:05:39+00:00\",\"dateModified\":\"2024-05-06T16:28:56+00:00\",\"breadcrumb\":{\"@id\":\"https:\\\/\\\/www.granapadano.it\\\/es\\\/momentos-de-consumo\\\/con-quale-mostarda-abbinare-grana-padano\\\/come-abbinare-grana-padano-16-20-mesi-e-la-mostarda\\\/#breadcrumb\"},\"inLanguage\":\"es\",\"potentialAction\":[{\"@type\":\"ReadAction\",\"target\":[\"https:\\\/\\\/www.granapadano.it\\\/es\\\/momentos-de-consumo\\\/con-quale-mostarda-abbinare-grana-padano\\\/come-abbinare-grana-padano-16-20-mesi-e-la-mostarda\\\/\"]}]},{\"@type\":\"BreadcrumbList\",\"@id\":\"https:\\\/\\\/www.granapadano.it\\\/es\\\/momentos-de-consumo\\\/con-quale-mostarda-abbinare-grana-padano\\\/come-abbinare-grana-padano-16-20-mesi-e-la-mostarda\\\/#breadcrumb\",\"itemListElement\":[{\"@type\":\"ListItem\",\"position\":1,\"name\":\"Home\",\"item\":\"https:\\\/\\\/www.granapadano.it\\\/es\\\/\"},{\"@type\":\"ListItem\",\"position\":2,\"name\":\"Recetas\",\"item\":\"https:\\\/\\\/www.granapadano.it\\\/es\\\/recetas\\\/\"},{\"@type\":\"ListItem\",\"position\":3,\"name\":\"Con quale mostarda abbinare Grana Padano\",\"item\":\"https:\\\/\\\/www.granapadano.it\\\/es\\\/momentos-de-consumo\\\/con-quale-mostarda-abbinare-grana-padano\\\/\"},{\"@type\":\"ListItem\",\"position\":4,\"name\":\"Come abbinare Grana Padano 16-20 mesi e la mostarda\"}]},{\"@type\":\"WebSite\",\"@id\":\"https:\\\/\\\/www.granapadano.it\\\/es\\\/#website\",\"url\":\"https:\\\/\\\/www.granapadano.it\\\/es\\\/\",\"name\":\"Grana Padano\",\"description\":\"\",\"potentialAction\":[{\"@type\":\"SearchAction\",\"target\":{\"@type\":\"EntryPoint\",\"urlTemplate\":\"https:\\\/\\\/www.granapadano.it\\\/es\\\/?s={search_term_string}\"},\"query-input\":{\"@type\":\"PropertyValueSpecification\",\"valueRequired\":true,\"valueName\":\"search_term_string\"}}],\"inLanguage\":\"es\"}]}<\/script>\n<!-- \/ Yoast SEO plugin. -->","yoast_head_json":{"title":"Come abbinare Grana Padano 16-20 mesi e la mostarda - Grana Padano","robots":{"index":"index","follow":"follow","max-snippet":"max-snippet:-1","max-image-preview":"max-image-preview:large","max-video-preview":"max-video-preview:-1"},"canonical":"https:\/\/www.granapadano.it\/es\/momentos-de-consumo\/con-quale-mostarda-abbinare-grana-padano\/come-abbinare-grana-padano-16-20-mesi-e-la-mostarda\/","og_locale":"es_ES","og_type":"article","og_title":"Come abbinare Grana Padano 16-20 mesi e la mostarda - Grana Padano","og_description":"Grana Padano DOP 16-20 mesesMostardaGrana Padano DOP 16-20 meses y Mostarda de membrillo Puede considerarse la madre de todas las mostardas, y siempre se ha producido en los hogares mantuanos. Tiene una textura bastante crujiente y un sabor intenso; es capaz de absorber mucho los aceites esenciales de mostaza, por lo que conviene abrir el [&hellip;]","og_url":"https:\/\/www.granapadano.it\/es\/momentos-de-consumo\/con-quale-mostarda-abbinare-grana-padano\/come-abbinare-grana-padano-16-20-mesi-e-la-mostarda\/","og_site_name":"Grana Padano","article_modified_time":"2024-05-06T16:28:56+00:00","twitter_card":"summary_large_image","twitter_misc":{"Tiempo de lectura":"4 minutos"},"schema":{"@context":"https:\/\/schema.org","@graph":[{"@type":"WebPage","@id":"https:\/\/www.granapadano.it\/es\/momentos-de-consumo\/con-quale-mostarda-abbinare-grana-padano\/come-abbinare-grana-padano-16-20-mesi-e-la-mostarda\/","url":"https:\/\/www.granapadano.it\/es\/momentos-de-consumo\/con-quale-mostarda-abbinare-grana-padano\/come-abbinare-grana-padano-16-20-mesi-e-la-mostarda\/","name":"Come abbinare Grana Padano 16-20 mesi e la mostarda - Grana Padano","isPartOf":{"@id":"https:\/\/www.granapadano.it\/es\/#website"},"datePublished":"2024-04-16T16:05:39+00:00","dateModified":"2024-05-06T16:28:56+00:00","breadcrumb":{"@id":"https:\/\/www.granapadano.it\/es\/momentos-de-consumo\/con-quale-mostarda-abbinare-grana-padano\/come-abbinare-grana-padano-16-20-mesi-e-la-mostarda\/#breadcrumb"},"inLanguage":"es","potentialAction":[{"@type":"ReadAction","target":["https:\/\/www.granapadano.it\/es\/momentos-de-consumo\/con-quale-mostarda-abbinare-grana-padano\/come-abbinare-grana-padano-16-20-mesi-e-la-mostarda\/"]}]},{"@type":"BreadcrumbList","@id":"https:\/\/www.granapadano.it\/es\/momentos-de-consumo\/con-quale-mostarda-abbinare-grana-padano\/come-abbinare-grana-padano-16-20-mesi-e-la-mostarda\/#breadcrumb","itemListElement":[{"@type":"ListItem","position":1,"name":"Home","item":"https:\/\/www.granapadano.it\/es\/"},{"@type":"ListItem","position":2,"name":"Recetas","item":"https:\/\/www.granapadano.it\/es\/recetas\/"},{"@type":"ListItem","position":3,"name":"Con quale mostarda abbinare Grana Padano","item":"https:\/\/www.granapadano.it\/es\/momentos-de-consumo\/con-quale-mostarda-abbinare-grana-padano\/"},{"@type":"ListItem","position":4,"name":"Come abbinare Grana Padano 16-20 mesi e la mostarda"}]},{"@type":"WebSite","@id":"https:\/\/www.granapadano.it\/es\/#website","url":"https:\/\/www.granapadano.it\/es\/","name":"Grana Padano","description":"","potentialAction":[{"@type":"SearchAction","target":{"@type":"EntryPoint","urlTemplate":"https:\/\/www.granapadano.it\/es\/?s={search_term_string}"},"query-input":{"@type":"PropertyValueSpecification","valueRequired":true,"valueName":"search_term_string"}}],"inLanguage":"es"}]}},"_links":{"self":[{"href":"https:\/\/www.granapadano.it\/es\/wp-json\/wp\/v2\/pages\/119085","targetHints":{"allow":["GET"]}}],"collection":[{"href":"https:\/\/www.granapadano.it\/es\/wp-json\/wp\/v2\/pages"}],"about":[{"href":"https:\/\/www.granapadano.it\/es\/wp-json\/wp\/v2\/types\/page"}],"author":[{"embeddable":true,"href":"https:\/\/www.granapadano.it\/es\/wp-json\/wp\/v2\/users\/21"}],"replies":[{"embeddable":true,"href":"https:\/\/www.granapadano.it\/es\/wp-json\/wp\/v2\/comments?post=119085"}],"version-history":[{"count":4,"href":"https:\/\/www.granapadano.it\/es\/wp-json\/wp\/v2\/pages\/119085\/revisions"}],"predecessor-version":[{"id":119565,"href":"https:\/\/www.granapadano.it\/es\/wp-json\/wp\/v2\/pages\/119085\/revisions\/119565"}],"up":[{"embeddable":true,"href":"https:\/\/www.granapadano.it\/es\/wp-json\/wp\/v2\/pages\/119058"}],"wp:attachment":[{"href":"https:\/\/www.granapadano.it\/es\/wp-json\/wp\/v2\/media?parent=119085"}],"curies":[{"name":"wp","href":"https:\/\/api.w.org\/{rel}","templated":true}]}}