{"id":119077,"date":"2024-04-16T16:13:24","date_gmt":"2024-04-16T16:13:24","guid":{"rendered":"https:\/\/www.granapadano.it\/momentos-de-consumo\/abbinamenti\/con-quale-mostarda-abbinare-grana-padano\/come-abbinare-grana-padano-9-16-mesi-e-la-mostarda\/"},"modified":"2024-05-06T16:21:07","modified_gmt":"2024-05-06T16:21:07","slug":"come-abbinare-grana-padano-9-16-mesi-e-la-mostarda","status":"publish","type":"page","link":"https:\/\/www.granapadano.it\/es\/momentos-de-consumo\/con-quale-mostarda-abbinare-grana-padano\/come-abbinare-grana-padano-9-16-mesi-e-la-mostarda\/","title":{"rendered":"Come abbinare Grana Padano 9-16 mesi e la mostarda"},"content":{"rendered":"<p>[et_pb_section fb_built=\u00bb1&#8243; fullwidth=\u00bbon\u00bb _builder_version=\u00bb4.19.5&#8243; _module_preset=\u00bbdefault\u00bb global_colors_info=\u00bb{}\u00bb][et_pb_fullwidth_image src=\u00bbhttps:\/\/www.granapadano.it\/wp-content\/uploads\/2024\/04\/GP_Mostarda-h.jpg\u00bb title_text=\u00bbGP_Mostarda-m\u00bb src_tablet=\u00bbhttps:\/\/www.granapadano.it\/wp-content\/uploads\/2024\/04\/GP_Mostarda-h.jpg\u00bb src_phone=\u00bbhttps:\/\/www.granapadano.it\/wp-content\/uploads\/2024\/04\/GP_Mostarda-m.jpg\u00bb src_last_edited=\u00bbon|phone\u00bb _builder_version=\u00bb4.24.3&#8243; _module_preset=\u00bbdefault\u00bb locked=\u00bboff\u00bb global_colors_info=\u00bb{}\u00bb][\/et_pb_fullwidth_image][\/et_pb_section][et_pb_section fb_built=\u00bb1&#8243; module_class=\u00bbproduction_sub_hub_main_wrapper\u00bb _builder_version=\u00bb4.19.4&#8243; _module_preset=\u00bbdefault\u00bb custom_padding=\u00bb13px||0px|||\u00bb locked=\u00bboff\u00bb global_colors_info=\u00bb{}\u00bb][et_pb_row module_class=\u00bbrecipe_filter_section\u00bb _builder_version=\u00bb4.19.2&#8243; _module_preset=\u00bbdefault\u00bb max_width=\u00bb90%\u00bb custom_padding=\u00bb||7px|||\u00bb global_colors_info=\u00bb{}\u00bb][et_pb_column type=\u00bb4_4&#8243; _builder_version=\u00bb4.19.2&#8243; _module_preset=\u00bbdefault\u00bb global_colors_info=\u00bb{}\u00bb][et_pb_code _builder_version=\u00bb4.19.2&#8243; _module_preset=\u00bbdefault\u00bb custom_margin=\u00bb||16px|||\u00bb global_colors_info=\u00bb{}\u00bb]<div class=\"breadcrumb\"><a href=\"https:\/\/www.granapadano.it\/es\/\">Inicio<\/a>  <  <\/div>[\/et_pb_code][\/et_pb_column][\/et_pb_row][\/et_pb_section][et_pb_section fb_built=\u00bb1&#8243; module_class=\u00bbgiovani_sub_hub_title\u00bb _builder_version=\u00bb4.19.5&#8243; _module_preset=\u00bbdefault\u00bb custom_padding=\u00bb0px||35px||false|false\u00bb locked=\u00bboff\u00bb global_colors_info=\u00bb{}\u00bb][et_pb_row module_class=\u00bbgp_producion_heading_wrapper\u00bb _builder_version=\u00bb4.19.5&#8243; _module_preset=\u00bbdefault\u00bb max_width=\u00bb90%\u00bb module_alignment=\u00bbcenter\u00bb custom_padding=\u00bb||||false|false\u00bb global_colors_info=\u00bb{}\u00bb][et_pb_column type=\u00bb4_4&#8243; _builder_version=\u00bb4.19.4&#8243; _module_preset=\u00bbdefault\u00bb global_colors_info=\u00bb{}\u00bb][et_pb_text module_class=\u00bbgiovani_sub_hub_title_text\u00bb _builder_version=\u00bb4.24.3&#8243; _module_preset=\u00bbdefault\u00bb text_font=\u00bbMerriweather|700|||||||\u00bb text_text_color=\u00bb#0f0f0f\u00bb text_font_size=\u00bb80px\u00bb text_line_height=\u00bb70px\u00bb header_font=\u00bbMerriweather||||||||\u00bb header_text_color=\u00bbgcid-8696fd7e-29dd-4028-9d4d-981b208a53a9&#8243; header_font_size=\u00bb44px\u00bb header_line_height=\u00bb52px\u00bb text_orientation=\u00bbcenter\u00bb min_height=\u00bb83px\u00bb custom_margin=\u00bb||0px||false|false\u00bb custom_padding=\u00bb||0px||false|false\u00bb hover_enabled=\u00bb0&#8243; global_colors_info=\u00bb{%22gcid-8696fd7e-29dd-4028-9d4d-981b208a53a9%22:%91%22header_text_color%22%93}\u00bb sticky_enabled=\u00bb0&#8243;]<\/p>\n<h1>Grana Padano DOP 9-16 meses<\/h1>\n<p>[\/et_pb_text][\/et_pb_column][\/et_pb_row][et_pb_row column_structure=\u00bb1_4,3_4&#8243; module_class=\u00bbarticle_dates\u00bb _builder_version=\u00bb4.19.4&#8243; _module_preset=\u00bbdefault\u00bb max_width=\u00bb90%\u00bb custom_padding=\u00bb2px||6px||false|false\u00bb global_colors_info=\u00bb{}\u00bb][et_pb_column type=\u00bb1_4&#8243; _builder_version=\u00bb4.19.3&#8243; _module_preset=\u00bbdefault\u00bb global_colors_info=\u00bb{}\u00bb][et_pb_text module_class=\u00bbbutton_look\u00bb _builder_version=\u00bb4.24.3&#8243; _module_preset=\u00bbdefault\u00bb text_font=\u00bbFontPadano-Bold||||||||\u00bb text_text_color=\u00bb#000000&#8243; text_font_size=\u00bb26px\u00bb background_color=\u00bbRGBA(255,255,255,0)\u00bb locked=\u00bboff\u00bb global_colors_info=\u00bb{}\u00bb]<\/p>\n<p>Mostarda<\/p>\n<p>[\/et_pb_text][\/et_pb_column][et_pb_column type=\u00bb3_4&#8243; _builder_version=\u00bb4.19.4&#8243; _module_preset=\u00bbdefault\u00bb global_colors_info=\u00bb{}\u00bb][\/et_pb_column][\/et_pb_row][et_pb_row _builder_version=\u00bb4.24.3&#8243; _module_preset=\u00bbdefault\u00bb global_colors_info=\u00bb{}\u00bb][et_pb_column type=\u00bb4_4&#8243; module_class=\u00bbarticle_sub_img_wrap\u00bb _builder_version=\u00bb4.20.2&#8243; _module_preset=\u00bbdefault\u00bb global_colors_info=\u00bb{}\u00bb][et_pb_text _builder_version=\u00bb4.24.3&#8243; _module_preset=\u00bbdefault\u00bb text_font=\u00bb||||||||\u00bb text_text_color=\u00bb#0f0f0f\u00bb text_font_size=\u00bb18px\u00bb text_line_height=\u00bb26px\u00bb width=\u00bb100%\u00bb custom_margin=\u00bb||0px||false|false\u00bb hover_enabled=\u00bb0&#8243; global_colors_info=\u00bb{}\u00bb sticky_enabled=\u00bb0&#8243;]<\/p>\n<h3><strong>Grana Padano DOP 9-16 meses y Mostarda mantovana de Pera Abate y otros cultivares<\/strong><\/h3>\n<p>La mostarda de pera es la m\u00e1s cl\u00e1sica de las mostardas mantuanas; hoy se produce en unos pocos obradores que conservan celosamente las antiguas recetas. Las peras cultivadas, tanto para uso alimentario como para mostarda, son Abate Fetel, Conference, Decana del Comizio, Kaiser, Max Red Bartlett, William, Carmen y Santa Mar\u00eda y la rar\u00edsima Passacrassana heredada del se\u00f1or\u00edo de Gonzaga. La Mostarda de Pera, seg\u00fan el cultivar utilizado, es de color caramelo claro o casi ambarino, ligeramente crujiente y perfumada de pera cocida y crocanti de almendra, no muy intensa y persistente, por lo que es f\u00e1cil de maridar con el queso Grana Padano DOP de maduraci\u00f3n comprendida entre 9 y 16 meses. <\/p>\n<p>De este maridaje, apreciamos la relativa delicadeza de la mostarda, que combina bien con el Grana Padano de 9-16 meses, el cual, con esta curaci\u00f3n, presenta notas dulces, de mantequilla, leche cocida y nata. La ligera acidez y sapidez del queso sirven de contrapunto al ligero picor y dulzor de la mostarda. Desde el punto de vista estructural, la mostarda de Pera Abate es crujiente, pero no correosa, y tiene una cierta granulosidad que se \u00absiente\u00bb en la boca, dando lugar a un agradable contraste de estructura con este tipo de Grana Padano a\u00fan relativamente joven. Para concluir, podemos decir que la elegancia y la delicadeza son los elementos peculiares de este maridaje.\n<\/p>\n<p><strong>Curiosidades: <\/strong><\/p>\n<p><span style=\"font-size: 18px;\">El cultivo de la pera, especialmente en la zona de Viadana y del \u2018Oltrep\u00f2 mantovano\u2019, territorio de Mantua que se extiende m\u00e1s all\u00e1 del r\u00edo Po, cuenta con una tradici\u00f3n extraordinariamente antigua.  En 1475 era un cultivo muy extendido e importante, aunque se realizaba en los jardines de los monasterios y en los huertos de las cortes se\u00f1oriales, donde tambi\u00e9n se efectuaban cruces de variedades distintas para obtener frutos con caracter\u00edsticas cada vez m\u00e1s preciadas.<\/span><\/p>\n<p><span style=\"font-size: 18px;\">Los primeros testimonios sobre la Pera de Mantua se remontan nada menos que a Plinio el Viejo (el naturalista m\u00e1s acreditado hasta el siglo XVI) y Columela (agr\u00f3nomo de la antigua Roma). En aquella \u00e9poca, sin embargo, y tambi\u00e9n durante la Edad Media, era costumbre comer las peras despu\u00e9s de cocidas y a\u00f1adirles mostaza o agraz picante antes de servirlas a la mesa. Tras la Unificaci\u00f3n de Italia y en la primera posguerra, con la consiguiente reorganizaci\u00f3n de la producci\u00f3n destinada a valorizar las actividades existentes, el cultivo del peral conoci\u00f3 un per\u00edodo de especial desarrollo, gracias tambi\u00e9n a las innovaciones tecnol\u00f3gicas en los sectores de la conservaci\u00f3n y los transportes.  <\/span><\/p>\n<p>[\/et_pb_text][\/et_pb_column][\/et_pb_row][et_pb_row column_structure=\u00bb2_5,3_5&#8243; module_class=\u00bbarticle_sub_img_text_content_left\u00bb _builder_version=\u00bb4.24.3&#8243; _module_preset=\u00bbdefault\u00bb max_width=\u00bb94%\u00bb custom_padding=\u00bb20px||30px||false|false\u00bb border_color_top=\u00bbRGBA(255,255,255,0)\u00bb locked=\u00bboff\u00bb global_colors_info=\u00bb{}\u00bb][et_pb_column type=\u00bb2_5&#8243; module_class=\u00bbarticle_sub_img_wrap_left\u00bb _builder_version=\u00bb4.20.2&#8243; _module_preset=\u00bbdefault\u00bb global_colors_info=\u00bb{}\u00bb][et_pb_image src=\u00bbhttps:\/\/www.granapadano.it\/wp-content\/uploads\/2024\/04\/GP_Thumb-mostarda.jpg\u00bb title_text=\u00bbGP_Thumb-mostarda\u00bb align=\u00bbcenter\u00bb show_bottom_space_tablet=\u00bbon\u00bb show_bottom_space_last_edited=\u00bboff|phone\u00bb _builder_version=\u00bb4.24.3&#8243; _module_preset=\u00bbdefault\u00bb custom_margin=\u00bb||0px||false|false\u00bb custom_margin_tablet=\u00bb30px||||false|false\u00bb custom_margin_phone=\u00bb30px||||false|false\u00bb custom_margin_last_edited=\u00bbon|desktop\u00bb custom_padding=\u00bb0px||0px||false|false\u00bb border_radii=\u00bbon|20px|20px|20px|20px\u00bb global_colors_info=\u00bb{}\u00bb][\/et_pb_image][\/et_pb_column][et_pb_column type=\u00bb3_5&#8243; module_class=\u00bbarticle_sub_text_wrap_left\u00bb _builder_version=\u00bb4.20.2&#8243; _module_preset=\u00bbdefault\u00bb global_colors_info=\u00bb{}\u00bb][et_pb_text _builder_version=\u00bb4.24.3&#8243; _module_preset=\u00bbdefault\u00bb text_font=\u00bbMerriweather|300|||||||\u00bb text_text_color=\u00bb#0f0f0f\u00bb text_font_size=\u00bb18px\u00bb text_line_height=\u00bb26px\u00bb width=\u00bb97.1%\u00bb custom_margin=\u00bb|||0px|false|false\u00bb hover_enabled=\u00bb0&#8243; global_colors_info=\u00bb{}\u00bb sticky_enabled=\u00bb0&#8243;]<\/p>\n<h3><strong> Grana Padano DOP 9-16 meses y Mostarda cremonese de fruta mixta<\/strong><\/h3>\n<p>Este tipo de mostarda se prepara con fruta entera confitada, sacarosa y fructosa.<br \/>\nPuede prepararse con distintos tipos de fruta, a menudo dejada entera pero tambi\u00e9n troceada, que puede variar seg\u00fan la estaci\u00f3n y el gusto. Se consume cort\u00e1ndola en trocitos peque\u00f1os, evitando olerla por la fuerte presencia de mostaza, que podr\u00eda crear un fuerte lagrimeo pasajero.  Nunca debe degustarse sola, sino siempre acompa\u00f1ada de un plato para atenuar su sabor picante. Durante la masticaci\u00f3n, su estructura resulta ligeramente correosa, debido tambi\u00e9n al diferente tama\u00f1o de la fruta utilizada y al especial proceso de confitado. En cocina, combina bien con queso Grana Padano DOP de 9 a 16 meses.  <\/p>\n<p>El maridaje sugerido contrasta intensidad y estructuras: en este caso, la mostarda presenta una estructura variable pero claramente perceptible. Tiene una intensidad muy elevada, por lo que sugerimos combinar la lasca de Grana Padano con un trocito de mostarda y probarla con las distintas frutas, cada una de las cuales presentar\u00e1 una estructura peculiar. Desde el punto de vista de picor\/dulzor, se podr\u00e1 experimentar una gran variabilidad: guindas, peras, higos, melocotones y cidras ser\u00e1n m\u00e1s dulces y menos picantes, mientras que los c\u00edtricos, y t\u00edpicamente las mandarinas, tendr\u00e1n un \u00abbr\u00edo\u00bb y una intensidad que har\u00e1n \u00abperder agradablemente los sentidos\u00bb; esto se debe a que los aceites esenciales que contienen los c\u00edtricos potencian y multiplican el picor \u00ednsito al aceite esencial de mostaza.<br \/>\nEn este maridaje, es esencial encontrar la proporci\u00f3n adecuada entre la lasca de Grana Padano de 9-16 meses, caracterizada por notas dulces y l\u00e1cticas de mantequilla fundida y leche cocida, y la mostarda, que es intensa e \u00abimportante\u00bb.\n<\/p>\n<p>[\/et_pb_text][\/et_pb_column][\/et_pb_row][\/et_pb_section]<\/p>\n","protected":false},"excerpt":{"rendered":"<p><div class=\"breadcrumb\"><a href=\"https:\/\/www.granapadano.it\/es\/\">Inicio<\/a>  <  <\/div>Grana Padano DOP 9-16 mesesMostardaGrana Padano DOP 9-16 meses y Mostarda mantovana de Pera Abate y otros cultivares La mostarda de pera es la m\u00e1s cl\u00e1sica de las mostardas mantuanas; hoy se produce en unos pocos obradores que conservan celosamente las antiguas recetas. Las peras cultivadas, tanto para uso alimentario como para mostarda, son Abate [&hellip;]<\/p>\n","protected":false},"author":21,"featured_media":0,"parent":119058,"menu_order":354,"comment_status":"closed","ping_status":"closed","template":"","meta":{"_acf_changed":false,"_et_pb_use_builder":"on","_et_pb_old_content":"","_et_gb_content_width":"","footnotes":""},"class_list":["post-119077","page","type-page","status-publish","hentry"],"acf":[],"yoast_head":"<!-- This site is optimized with the Yoast SEO plugin v27.3 - https:\/\/yoast.com\/product\/yoast-seo-wordpress\/ -->\n<title>Come abbinare Grana Padano 9-16 mesi e la mostarda - Grana Padano<\/title>\n<meta name=\"robots\" content=\"index, follow, max-snippet:-1, max-image-preview:large, max-video-preview:-1\" \/>\n<link rel=\"canonical\" href=\"https:\/\/www.granapadano.it\/es\/momentos-de-consumo\/con-quale-mostarda-abbinare-grana-padano\/come-abbinare-grana-padano-9-16-mesi-e-la-mostarda\/\" \/>\n<meta property=\"og:locale\" content=\"es_ES\" \/>\n<meta property=\"og:type\" content=\"article\" \/>\n<meta property=\"og:title\" content=\"Come abbinare Grana Padano 9-16 mesi e la mostarda - Grana Padano\" \/>\n<meta property=\"og:description\" content=\"Grana Padano DOP 9-16 mesesMostardaGrana Padano DOP 9-16 meses y Mostarda mantovana de Pera Abate y otros cultivares La mostarda de pera es la m\u00e1s cl\u00e1sica de las mostardas mantuanas; hoy se produce en unos pocos obradores que conservan celosamente las antiguas recetas. Las peras cultivadas, tanto para uso alimentario como para mostarda, son Abate [&hellip;]\" \/>\n<meta property=\"og:url\" content=\"https:\/\/www.granapadano.it\/es\/momentos-de-consumo\/con-quale-mostarda-abbinare-grana-padano\/come-abbinare-grana-padano-9-16-mesi-e-la-mostarda\/\" \/>\n<meta property=\"og:site_name\" content=\"Grana Padano\" \/>\n<meta property=\"article:modified_time\" content=\"2024-05-06T16:21:07+00:00\" \/>\n<meta name=\"twitter:card\" content=\"summary_large_image\" \/>\n<meta name=\"twitter:label1\" content=\"Tiempo de lectura\" \/>\n\t<meta name=\"twitter:data1\" content=\"5 minutos\" \/>\n<script type=\"application\/ld+json\" class=\"yoast-schema-graph\">{\"@context\":\"https:\\\/\\\/schema.org\",\"@graph\":[{\"@type\":\"WebPage\",\"@id\":\"https:\\\/\\\/www.granapadano.it\\\/es\\\/momentos-de-consumo\\\/con-quale-mostarda-abbinare-grana-padano\\\/come-abbinare-grana-padano-9-16-mesi-e-la-mostarda\\\/\",\"url\":\"https:\\\/\\\/www.granapadano.it\\\/es\\\/momentos-de-consumo\\\/con-quale-mostarda-abbinare-grana-padano\\\/come-abbinare-grana-padano-9-16-mesi-e-la-mostarda\\\/\",\"name\":\"Come abbinare Grana Padano 9-16 mesi e la mostarda - Grana Padano\",\"isPartOf\":{\"@id\":\"https:\\\/\\\/www.granapadano.it\\\/es\\\/#website\"},\"datePublished\":\"2024-04-16T16:13:24+00:00\",\"dateModified\":\"2024-05-06T16:21:07+00:00\",\"breadcrumb\":{\"@id\":\"https:\\\/\\\/www.granapadano.it\\\/es\\\/momentos-de-consumo\\\/con-quale-mostarda-abbinare-grana-padano\\\/come-abbinare-grana-padano-9-16-mesi-e-la-mostarda\\\/#breadcrumb\"},\"inLanguage\":\"es\",\"potentialAction\":[{\"@type\":\"ReadAction\",\"target\":[\"https:\\\/\\\/www.granapadano.it\\\/es\\\/momentos-de-consumo\\\/con-quale-mostarda-abbinare-grana-padano\\\/come-abbinare-grana-padano-9-16-mesi-e-la-mostarda\\\/\"]}]},{\"@type\":\"BreadcrumbList\",\"@id\":\"https:\\\/\\\/www.granapadano.it\\\/es\\\/momentos-de-consumo\\\/con-quale-mostarda-abbinare-grana-padano\\\/come-abbinare-grana-padano-9-16-mesi-e-la-mostarda\\\/#breadcrumb\",\"itemListElement\":[{\"@type\":\"ListItem\",\"position\":1,\"name\":\"Home\",\"item\":\"https:\\\/\\\/www.granapadano.it\\\/es\\\/\"},{\"@type\":\"ListItem\",\"position\":2,\"name\":\"Recetas\",\"item\":\"https:\\\/\\\/www.granapadano.it\\\/es\\\/recetas\\\/\"},{\"@type\":\"ListItem\",\"position\":3,\"name\":\"Con quale mostarda abbinare Grana Padano\",\"item\":\"https:\\\/\\\/www.granapadano.it\\\/es\\\/momentos-de-consumo\\\/con-quale-mostarda-abbinare-grana-padano\\\/\"},{\"@type\":\"ListItem\",\"position\":4,\"name\":\"Come abbinare Grana Padano 9-16 mesi e la mostarda\"}]},{\"@type\":\"WebSite\",\"@id\":\"https:\\\/\\\/www.granapadano.it\\\/es\\\/#website\",\"url\":\"https:\\\/\\\/www.granapadano.it\\\/es\\\/\",\"name\":\"Grana Padano\",\"description\":\"\",\"potentialAction\":[{\"@type\":\"SearchAction\",\"target\":{\"@type\":\"EntryPoint\",\"urlTemplate\":\"https:\\\/\\\/www.granapadano.it\\\/es\\\/?s={search_term_string}\"},\"query-input\":{\"@type\":\"PropertyValueSpecification\",\"valueRequired\":true,\"valueName\":\"search_term_string\"}}],\"inLanguage\":\"es\"}]}<\/script>\n<!-- \/ Yoast SEO plugin. -->","yoast_head_json":{"title":"Come abbinare Grana Padano 9-16 mesi e la mostarda - Grana Padano","robots":{"index":"index","follow":"follow","max-snippet":"max-snippet:-1","max-image-preview":"max-image-preview:large","max-video-preview":"max-video-preview:-1"},"canonical":"https:\/\/www.granapadano.it\/es\/momentos-de-consumo\/con-quale-mostarda-abbinare-grana-padano\/come-abbinare-grana-padano-9-16-mesi-e-la-mostarda\/","og_locale":"es_ES","og_type":"article","og_title":"Come abbinare Grana Padano 9-16 mesi e la mostarda - Grana Padano","og_description":"Grana Padano DOP 9-16 mesesMostardaGrana Padano DOP 9-16 meses y Mostarda mantovana de Pera Abate y otros cultivares La mostarda de pera es la m\u00e1s cl\u00e1sica de las mostardas mantuanas; hoy se produce en unos pocos obradores que conservan celosamente las antiguas recetas. Las peras cultivadas, tanto para uso alimentario como para mostarda, son Abate [&hellip;]","og_url":"https:\/\/www.granapadano.it\/es\/momentos-de-consumo\/con-quale-mostarda-abbinare-grana-padano\/come-abbinare-grana-padano-9-16-mesi-e-la-mostarda\/","og_site_name":"Grana Padano","article_modified_time":"2024-05-06T16:21:07+00:00","twitter_card":"summary_large_image","twitter_misc":{"Tiempo de lectura":"5 minutos"},"schema":{"@context":"https:\/\/schema.org","@graph":[{"@type":"WebPage","@id":"https:\/\/www.granapadano.it\/es\/momentos-de-consumo\/con-quale-mostarda-abbinare-grana-padano\/come-abbinare-grana-padano-9-16-mesi-e-la-mostarda\/","url":"https:\/\/www.granapadano.it\/es\/momentos-de-consumo\/con-quale-mostarda-abbinare-grana-padano\/come-abbinare-grana-padano-9-16-mesi-e-la-mostarda\/","name":"Come abbinare Grana Padano 9-16 mesi e la mostarda - Grana Padano","isPartOf":{"@id":"https:\/\/www.granapadano.it\/es\/#website"},"datePublished":"2024-04-16T16:13:24+00:00","dateModified":"2024-05-06T16:21:07+00:00","breadcrumb":{"@id":"https:\/\/www.granapadano.it\/es\/momentos-de-consumo\/con-quale-mostarda-abbinare-grana-padano\/come-abbinare-grana-padano-9-16-mesi-e-la-mostarda\/#breadcrumb"},"inLanguage":"es","potentialAction":[{"@type":"ReadAction","target":["https:\/\/www.granapadano.it\/es\/momentos-de-consumo\/con-quale-mostarda-abbinare-grana-padano\/come-abbinare-grana-padano-9-16-mesi-e-la-mostarda\/"]}]},{"@type":"BreadcrumbList","@id":"https:\/\/www.granapadano.it\/es\/momentos-de-consumo\/con-quale-mostarda-abbinare-grana-padano\/come-abbinare-grana-padano-9-16-mesi-e-la-mostarda\/#breadcrumb","itemListElement":[{"@type":"ListItem","position":1,"name":"Home","item":"https:\/\/www.granapadano.it\/es\/"},{"@type":"ListItem","position":2,"name":"Recetas","item":"https:\/\/www.granapadano.it\/es\/recetas\/"},{"@type":"ListItem","position":3,"name":"Con quale mostarda abbinare Grana Padano","item":"https:\/\/www.granapadano.it\/es\/momentos-de-consumo\/con-quale-mostarda-abbinare-grana-padano\/"},{"@type":"ListItem","position":4,"name":"Come abbinare Grana Padano 9-16 mesi e la mostarda"}]},{"@type":"WebSite","@id":"https:\/\/www.granapadano.it\/es\/#website","url":"https:\/\/www.granapadano.it\/es\/","name":"Grana Padano","description":"","potentialAction":[{"@type":"SearchAction","target":{"@type":"EntryPoint","urlTemplate":"https:\/\/www.granapadano.it\/es\/?s={search_term_string}"},"query-input":{"@type":"PropertyValueSpecification","valueRequired":true,"valueName":"search_term_string"}}],"inLanguage":"es"}]}},"_links":{"self":[{"href":"https:\/\/www.granapadano.it\/es\/wp-json\/wp\/v2\/pages\/119077","targetHints":{"allow":["GET"]}}],"collection":[{"href":"https:\/\/www.granapadano.it\/es\/wp-json\/wp\/v2\/pages"}],"about":[{"href":"https:\/\/www.granapadano.it\/es\/wp-json\/wp\/v2\/types\/page"}],"author":[{"embeddable":true,"href":"https:\/\/www.granapadano.it\/es\/wp-json\/wp\/v2\/users\/21"}],"replies":[{"embeddable":true,"href":"https:\/\/www.granapadano.it\/es\/wp-json\/wp\/v2\/comments?post=119077"}],"version-history":[{"count":1,"href":"https:\/\/www.granapadano.it\/es\/wp-json\/wp\/v2\/pages\/119077\/revisions"}],"predecessor-version":[{"id":119561,"href":"https:\/\/www.granapadano.it\/es\/wp-json\/wp\/v2\/pages\/119077\/revisions\/119561"}],"up":[{"embeddable":true,"href":"https:\/\/www.granapadano.it\/es\/wp-json\/wp\/v2\/pages\/119058"}],"wp:attachment":[{"href":"https:\/\/www.granapadano.it\/es\/wp-json\/wp\/v2\/media?parent=119077"}],"curies":[{"name":"wp","href":"https:\/\/api.w.org\/{rel}","templated":true}]}}